{"id":45396,"date":"2026-02-14T14:41:32","date_gmt":"2026-02-14T14:41:32","guid":{"rendered":"https:\/\/anadolupet.com.tr\/urun\/hills-pd-on-care-tavuklu-kopek-mamasi-4kg\/"},"modified":"2026-02-23T12:48:49","modified_gmt":"2026-02-23T12:48:49","slug":"hills-pd-on-care-tavuklu-kopek-mamasi-4kg","status":"publish","type":"product","link":"https:\/\/anadolupet.com.tr\/en\/urun\/hills-pd-on-care-tavuklu-kopek-mamasi-4kg\/","title":{"rendered":"Hill&#8217;s PD ON-CARE Tavuklu K\u00f6pek Mamas\u0131 4KG"},"content":{"rendered":"","protected":false},"excerpt":{"rendered":"<p>K\u00f6peklere ciddi bir hastal\u0131k te\u015fhisi kondu\u011funda ve yeme i\u00e7meden kesildiklerinde, besin ihtiya\u00e7lar\u0131n\u0131n kar\u015f\u0131land\u0131\u011f\u0131ndan emin olmak \u00e7ok \u00f6nemlidir. Hill&#8217;s Prescription Diet ON-Care K\u00f6pek mamas\u0131 g\u00fcc\u00fc ve enerjiyi korumaya yard\u0131mc\u0131 olman\u0131n yan\u0131 s\u0131ra mamay\u0131 tatt\u0131klar\u0131 ilk andan itibaren onlar\u0131 yemeye te\u015fvik etmek i\u00e7in tasarlanm\u0131\u015f birinci s\u0131n\u0131f bir besindir &#8211; \u00e7\u00fcnk\u00fc k\u00f6pe\u011finizle ge\u00e7irdi\u011finiz her dakika \u00f6nemlidir. Hill&#8217;s Prescription Diet ON-Care beslenme uzmanlar\u0131m\u0131z ve veterinerlerimiz taraf\u0131ndan ciddi hastal\u0131klarla m\u00fccadele eden k\u00f6pekleri beslemeye ve desteklemeye yard\u0131mc\u0131 olmak i\u00e7in \u00f6zel olarak geli\u015ftirilmi\u015ftir. Bu lezzetli K\u00f6pek Mamas\u0131, k\u00f6pe\u011finize harika bir mama deneyimi sunmak i\u00e7in tavuk, aromal\u0131 ya\u011flar ve y\u00fcksek oranda sindirilebilir protein ile \u00fcretilmektedir. Prescription Diet ON-Care&#8217;deki y\u00fcksek oranda sindirilebilir besinler evcil hayvanlar taraf\u0131ndan kolayca emilir ve form\u00fcl ayr\u0131ca sa\u011fl\u0131kl\u0131 bir G\u0130 mikrobiyomunu destekleyen ve tutarl\u0131 d\u0131\u015fk\u0131 kalitesini destekledi\u011fi kan\u0131tlanm\u0131\u015f prebiyotik liflerin patentli bir kar\u0131\u015f\u0131m\u0131 olan ActivBiome+ i\u00e7erir. Bunun k\u00f6pe\u011finiz i\u00e7in do\u011fru mama olup olmad\u0131\u011f\u0131n\u0131 \u00f6\u011frenmek i\u00e7in l\u00fctfen veteriner hekiminizle ileti\u015fime ge\u00e7in.<br \/>\n\u0130\u00c7\u0130NDEK\u0130LER: Tah\u0131llar, et ve hayvansal t\u00fcrevler (tavuk %15), s\u0131v\u0131 ve kat\u0131 ya\u011flar, bitkisel protein ekstraktlar\u0131, bitkisel k\u00f6kenli t\u00fcrevler, mineraller, meyve, tohumlar. ActivBiome+ prebiyotik kar\u0131\u015f\u0131m (%4): \u00d6\u011f\u00fct\u00fclm\u00fc\u015f ceviz kabu\u011fu, kurutulmu\u015f pancar k\u00fcspesi, keten tohumu, kurutulmu\u015f narenciye posas\u0131, kurutulmu\u015f k\u0131z\u0131lc\u0131k. Sindirilebilirli\u011fi y\u00fcksek bile\u015fenler: Tavuk ve hindi unu, bu\u011fday, hayvansal ya\u011f, m\u0131s\u0131r, m\u0131s\u0131r gl\u00fcteni unu, dijest, bal\u0131k ya\u011f\u0131, bitkisel ya\u011f.<br \/>\nKG BA\u015eINA KATKI MADDELER\u0130: Besin katk\u0131 maddeleri: 3b103 (Demir) 78,5mg, 3b202 (\u0130yot) 1,9mg, 3b405 (Bak\u0131r) 7,7mg, 3b502 (Manganez) 8,1mg, 3b603 (\u00c7inko) 138mg, 3b801 (Selenyum) 0,2mg, do\u011fal anti-oksidan i\u00e7erir. Metabolize olabilir enerji: 4.061 kcal\/kg.<br \/>\nANAL\u0130T\u0130K B\u0130LE\u015eENLER: Protein %29,5, Ya\u011f i\u00e7eri\u011fi %21,7, Ham sel\u00fcloz %2,3, Ham k\u00fcl %4,7, Kalsiyum %0,79, Fosfor %0,63, Sodyum %0,16, Potasyum %0,69, Magnezyum %0,09; kg ba\u015f\u0131na: Vitamin A 8.656IU, Vitamin D3 716IU, Vitamin E 550mg, Vitamin C 110mg, Beta-karoten 1,5mg.<br \/>\nHill&#8217;s PRESCRIPTION DIET ON-CARE Tavuklu K\u00f6pek Mamas\u0131, yeti\u015fkin k\u00f6peklerde nekahet d\u00f6neminde beslenme yoluyla iyile\u015fme a\u00e7\u0131s\u0131ndan eksiksiz bir diyetetik evcil hayvan mamas\u0131d\u0131r. Bu mama, y\u00fcksek enerji yo\u011funlu\u011funa, y\u00fcksek konsantrasyonda temel besin maddelerine ve y\u00fcksek oranda sindirilebilir bile\u015fenlere sahiptir.<br \/>\nBESLEME TAL\u0130MATI: Yaln\u0131zca \u00f6nerilen PRESCRIPTION DIET mamalarla besleyin. Kullan\u0131m \u00f6ncesinde veterinerinizden evcil hayvan\u0131n\u0131z i\u00e7in \u00f6zel beslenme talimatlar\u0131 isteyin. Komple besleme talimatlar\u0131 i\u00e7in l\u00fctfen ambalaja bak\u0131n. G\u00fcnl\u00fck Beslenme \u00d6nerileri sadece k\u0131lavuz niteli\u011findedir ve ba\u015flang\u0131\u00e7 noktas\u0131n\u0131 ifade eder. Emin olmak i\u00e7in veteriner hekiminize sorun. Temiz su daima mevcut olmal\u0131d\u0131r.<br \/>\nBu mama yeni mi? Eski mama miktar\u0131n\u0131 bir kar\u0131\u015f\u0131m i\u00e7erisinde 7 g\u00fcn veya daha uzun bir s\u00fcre boyunca kademeli olarak azalt\u0131p yeni mamay\u0131 bu s\u00fcrede kademeli olarak art\u0131r\u0131n. Temiz ve taze suyu daima haz\u0131r bulundurun! Evcil hayvan\u0131n\u0131z\u0131n beslenme ihtiya\u00e7lar\u0131 ya\u015fland\u0131k\u00e7a de\u011fi\u015febilir. Her muayenede veteriner hekiminize sorun.<\/p>","protected":false},"featured_media":44397,"comment_status":"open","ping_status":"closed","template":"","meta":{"_acf_changed":false},"product_brand":[],"product_cat":[2434],"product_tag":[],"class_list":{"0":"post-45396","1":"product","2":"type-product","3":"status-publish","4":"has-post-thumbnail","6":"product_cat-receteli-diyet-kedi-mamalari","8":"first","9":"instock","10":"shipping-taxable","11":"product-type-simple"},"acf":[],"yoast_head":"<!-- This site is optimized with the Yoast SEO plugin v27.4 - https:\/\/yoast.com\/product\/yoast-seo-wordpress\/ -->\n<title>Hill&#039;s PD ON-CARE Tavuklu K\u00f6pek Mamas\u0131 4KG - Anadolu Pet Grup<\/title>\n<meta name=\"robots\" content=\"index, follow, max-snippet:-1, max-image-preview:large, max-video-preview:-1\" \/>\n<link rel=\"canonical\" href=\"https:\/\/anadolupet.com.tr\/en\/product\/hills-pd-on-care-tavuklu-kopek-mamasi-4kg\/\" \/>\n<meta property=\"og:locale\" content=\"en_US\" \/>\n<meta property=\"og:type\" content=\"article\" \/>\n<meta property=\"og:title\" content=\"Hill&#039;s PD ON-CARE Tavuklu K\u00f6pek Mamas\u0131 4KG - Anadolu Pet Grup\" \/>\n<meta property=\"og:description\" content=\"K\u00f6peklere ciddi bir hastal\u0131k te\u015fhisi kondu\u011funda ve yeme i\u00e7meden kesildiklerinde, besin ihtiya\u00e7lar\u0131n\u0131n kar\u015f\u0131land\u0131\u011f\u0131ndan emin olmak \u00e7ok \u00f6nemlidir. Hill&#039;s Prescription Diet ON-Care K\u00f6pek mamas\u0131 g\u00fcc\u00fc ve enerjiyi korumaya yard\u0131mc\u0131 olman\u0131n yan\u0131 s\u0131ra mamay\u0131 tatt\u0131klar\u0131 ilk andan itibaren onlar\u0131 yemeye te\u015fvik etmek i\u00e7in tasarlanm\u0131\u015f birinci s\u0131n\u0131f bir besindir - \u00e7\u00fcnk\u00fc k\u00f6pe\u011finizle ge\u00e7irdi\u011finiz her dakika \u00f6nemlidir. Hill&#039;s Prescription Diet ON-Care beslenme uzmanlar\u0131m\u0131z ve veterinerlerimiz taraf\u0131ndan ciddi hastal\u0131klarla m\u00fccadele eden k\u00f6pekleri beslemeye ve desteklemeye yard\u0131mc\u0131 olmak i\u00e7in \u00f6zel olarak geli\u015ftirilmi\u015ftir. Bu lezzetli K\u00f6pek Mamas\u0131, k\u00f6pe\u011finize harika bir mama deneyimi sunmak i\u00e7in tavuk, aromal\u0131 ya\u011flar ve y\u00fcksek oranda sindirilebilir protein ile \u00fcretilmektedir. Prescription Diet ON-Care&#039;deki y\u00fcksek oranda sindirilebilir besinler evcil hayvanlar taraf\u0131ndan kolayca emilir ve form\u00fcl ayr\u0131ca sa\u011fl\u0131kl\u0131 bir G\u0130 mikrobiyomunu destekleyen ve tutarl\u0131 d\u0131\u015fk\u0131 kalitesini destekledi\u011fi kan\u0131tlanm\u0131\u015f prebiyotik liflerin patentli bir kar\u0131\u015f\u0131m\u0131 olan ActivBiome+ i\u00e7erir. Bunun k\u00f6pe\u011finiz i\u00e7in do\u011fru mama olup olmad\u0131\u011f\u0131n\u0131 \u00f6\u011frenmek i\u00e7in l\u00fctfen veteriner hekiminizle ileti\u015fime ge\u00e7in. \u0130\u00c7\u0130NDEK\u0130LER: Tah\u0131llar, et ve hayvansal t\u00fcrevler (tavuk %15), s\u0131v\u0131 ve kat\u0131 ya\u011flar, bitkisel protein ekstraktlar\u0131, bitkisel k\u00f6kenli t\u00fcrevler, mineraller, meyve, tohumlar. ActivBiome+ prebiyotik kar\u0131\u015f\u0131m (%4): \u00d6\u011f\u00fct\u00fclm\u00fc\u015f ceviz kabu\u011fu, kurutulmu\u015f pancar k\u00fcspesi, keten tohumu, kurutulmu\u015f narenciye posas\u0131, kurutulmu\u015f k\u0131z\u0131lc\u0131k. Sindirilebilirli\u011fi y\u00fcksek bile\u015fenler: Tavuk ve hindi unu, bu\u011fday, hayvansal ya\u011f, m\u0131s\u0131r, m\u0131s\u0131r gl\u00fcteni unu, dijest, bal\u0131k ya\u011f\u0131, bitkisel ya\u011f. KG BA\u015eINA KATKI MADDELER\u0130: Besin katk\u0131 maddeleri: 3b103 (Demir) 78,5mg, 3b202 (\u0130yot) 1,9mg, 3b405 (Bak\u0131r) 7,7mg, 3b502 (Manganez) 8,1mg, 3b603 (\u00c7inko) 138mg, 3b801 (Selenyum) 0,2mg, do\u011fal anti-oksidan i\u00e7erir. Metabolize olabilir enerji: 4.061 kcal\/kg. ANAL\u0130T\u0130K B\u0130LE\u015eENLER: Protein %29,5, Ya\u011f i\u00e7eri\u011fi %21,7, Ham sel\u00fcloz %2,3, Ham k\u00fcl %4,7, Kalsiyum %0,79, Fosfor %0,63, Sodyum %0,16, Potasyum %0,69, Magnezyum %0,09; kg ba\u015f\u0131na: Vitamin A 8.656IU, Vitamin D3 716IU, Vitamin E 550mg, Vitamin C 110mg, Beta-karoten 1,5mg. Hill&#039;s PRESCRIPTION DIET ON-CARE Tavuklu K\u00f6pek Mamas\u0131, yeti\u015fkin k\u00f6peklerde nekahet d\u00f6neminde beslenme yoluyla iyile\u015fme a\u00e7\u0131s\u0131ndan eksiksiz bir diyetetik evcil hayvan mamas\u0131d\u0131r. Bu mama, y\u00fcksek enerji yo\u011funlu\u011funa, y\u00fcksek konsantrasyonda temel besin maddelerine ve y\u00fcksek oranda sindirilebilir bile\u015fenlere sahiptir. BESLEME TAL\u0130MATI: Yaln\u0131zca \u00f6nerilen PRESCRIPTION DIET mamalarla besleyin. Kullan\u0131m \u00f6ncesinde veterinerinizden evcil hayvan\u0131n\u0131z i\u00e7in \u00f6zel beslenme talimatlar\u0131 isteyin. Komple besleme talimatlar\u0131 i\u00e7in l\u00fctfen ambalaja bak\u0131n. G\u00fcnl\u00fck Beslenme \u00d6nerileri sadece k\u0131lavuz niteli\u011findedir ve ba\u015flang\u0131\u00e7 noktas\u0131n\u0131 ifade eder. Emin olmak i\u00e7in veteriner hekiminize sorun. Temiz su daima mevcut olmal\u0131d\u0131r. Bu mama yeni mi? Eski mama miktar\u0131n\u0131 bir kar\u0131\u015f\u0131m i\u00e7erisinde 7 g\u00fcn veya daha uzun bir s\u00fcre boyunca kademeli olarak azalt\u0131p yeni mamay\u0131 bu s\u00fcrede kademeli olarak art\u0131r\u0131n. Temiz ve taze suyu daima haz\u0131r bulundurun! Evcil hayvan\u0131n\u0131z\u0131n beslenme ihtiya\u00e7lar\u0131 ya\u015fland\u0131k\u00e7a de\u011fi\u015febilir. Her muayenede veteriner hekiminize sorun.\" \/>\n<meta property=\"og:url\" content=\"https:\/\/anadolupet.com.tr\/en\/product\/hills-pd-on-care-tavuklu-kopek-mamasi-4kg\/\" \/>\n<meta property=\"og:site_name\" content=\"Anadolu Pet Grup\" \/>\n<meta property=\"article:modified_time\" content=\"2026-02-23T12:48:49+00:00\" \/>\n<meta property=\"og:image\" content=\"https:\/\/anadolupet.com.tr\/wp-content\/uploads\/2026\/02\/640-607564.jpg\" \/>\n\t<meta property=\"og:image:width\" content=\"750\" \/>\n\t<meta property=\"og:image:height\" content=\"750\" \/>\n\t<meta property=\"og:image:type\" content=\"image\/jpeg\" \/>\n<meta name=\"twitter:card\" content=\"summary_large_image\" \/>\n<script type=\"application\/ld+json\" class=\"yoast-schema-graph\">{\"@context\":\"https:\\\/\\\/schema.org\",\"@graph\":[{\"@type\":\"WebPage\",\"@id\":\"https:\\\/\\\/anadolupet.com.tr\\\/urun\\\/hills-pd-on-care-tavuklu-kopek-mamasi-4kg\\\/\",\"url\":\"https:\\\/\\\/anadolupet.com.tr\\\/urun\\\/hills-pd-on-care-tavuklu-kopek-mamasi-4kg\\\/\",\"name\":\"Hill's PD ON-CARE Tavuklu K\u00f6pek Mamas\u0131 4KG - Anadolu Pet Grup\",\"isPartOf\":{\"@id\":\"https:\\\/\\\/anadolupet.com.tr\\\/#website\"},\"primaryImageOfPage\":{\"@id\":\"https:\\\/\\\/anadolupet.com.tr\\\/urun\\\/hills-pd-on-care-tavuklu-kopek-mamasi-4kg\\\/#primaryimage\"},\"image\":{\"@id\":\"https:\\\/\\\/anadolupet.com.tr\\\/urun\\\/hills-pd-on-care-tavuklu-kopek-mamasi-4kg\\\/#primaryimage\"},\"thumbnailUrl\":\"https:\\\/\\\/anadolupet.com.tr\\\/wp-content\\\/uploads\\\/2026\\\/02\\\/640-607564.jpg\",\"datePublished\":\"2026-02-14T14:41:32+00:00\",\"dateModified\":\"2026-02-23T12:48:49+00:00\",\"breadcrumb\":{\"@id\":\"https:\\\/\\\/anadolupet.com.tr\\\/urun\\\/hills-pd-on-care-tavuklu-kopek-mamasi-4kg\\\/#breadcrumb\"},\"inLanguage\":\"en-US\",\"potentialAction\":[{\"@type\":\"ReadAction\",\"target\":[\"https:\\\/\\\/anadolupet.com.tr\\\/urun\\\/hills-pd-on-care-tavuklu-kopek-mamasi-4kg\\\/\"]}]},{\"@type\":\"ImageObject\",\"inLanguage\":\"en-US\",\"@id\":\"https:\\\/\\\/anadolupet.com.tr\\\/urun\\\/hills-pd-on-care-tavuklu-kopek-mamasi-4kg\\\/#primaryimage\",\"url\":\"https:\\\/\\\/anadolupet.com.tr\\\/wp-content\\\/uploads\\\/2026\\\/02\\\/640-607564.jpg\",\"contentUrl\":\"https:\\\/\\\/anadolupet.com.tr\\\/wp-content\\\/uploads\\\/2026\\\/02\\\/640-607564.jpg\",\"width\":750,\"height\":750},{\"@type\":\"BreadcrumbList\",\"@id\":\"https:\\\/\\\/anadolupet.com.tr\\\/urun\\\/hills-pd-on-care-tavuklu-kopek-mamasi-4kg\\\/#breadcrumb\",\"itemListElement\":[{\"@type\":\"ListItem\",\"position\":1,\"name\":\"Anasayfa\",\"item\":\"https:\\\/\\\/anadolupet.com.tr\\\/\"},{\"@type\":\"ListItem\",\"position\":2,\"name\":\"\u00dcr\u00fcnler\",\"item\":\"https:\\\/\\\/anadolupet.com.tr\\\/urunler\\\/\"},{\"@type\":\"ListItem\",\"position\":3,\"name\":\"Hill&#8217;s PD ON-CARE Tavuklu K\u00f6pek Mamas\u0131 4KG\"}]},{\"@type\":\"WebSite\",\"@id\":\"https:\\\/\\\/anadolupet.com.tr\\\/#website\",\"url\":\"https:\\\/\\\/anadolupet.com.tr\\\/\",\"name\":\"Anadolu Pet Grup\",\"description\":\"Her Can\u0131n \u0130yi Ya\u015fam\u0131 \u0130\u00e7in Biraraday\u0131z\",\"publisher\":{\"@id\":\"https:\\\/\\\/anadolupet.com.tr\\\/#organization\"},\"potentialAction\":[{\"@type\":\"SearchAction\",\"target\":{\"@type\":\"EntryPoint\",\"urlTemplate\":\"https:\\\/\\\/anadolupet.com.tr\\\/?s={search_term_string}\"},\"query-input\":{\"@type\":\"PropertyValueSpecification\",\"valueRequired\":true,\"valueName\":\"search_term_string\"}}],\"inLanguage\":\"en-US\"},{\"@type\":\"Organization\",\"@id\":\"https:\\\/\\\/anadolupet.com.tr\\\/#organization\",\"name\":\"Anadolu Pet Grup\",\"alternateName\":\"Anadolu Pet\",\"url\":\"https:\\\/\\\/anadolupet.com.tr\\\/\",\"logo\":{\"@type\":\"ImageObject\",\"inLanguage\":\"en-US\",\"@id\":\"https:\\\/\\\/anadolupet.com.tr\\\/#\\\/schema\\\/logo\\\/image\\\/\",\"url\":\"https:\\\/\\\/anadolupet.com.tr\\\/wp-content\\\/uploads\\\/2026\\\/03\\\/1614666743370.jpg\",\"contentUrl\":\"https:\\\/\\\/anadolupet.com.tr\\\/wp-content\\\/uploads\\\/2026\\\/03\\\/1614666743370.jpg\",\"width\":800,\"height\":571,\"caption\":\"Anadolu Pet Grup\"},\"image\":{\"@id\":\"https:\\\/\\\/anadolupet.com.tr\\\/#\\\/schema\\\/logo\\\/image\\\/\"}}]}<\/script>\n<!-- \/ Yoast SEO plugin. -->","yoast_head_json":{"title":"Hill's PD ON-CARE Tavuklu K\u00f6pek Mamas\u0131 4KG - Anadolu Pet Grup","robots":{"index":"index","follow":"follow","max-snippet":"max-snippet:-1","max-image-preview":"max-image-preview:large","max-video-preview":"max-video-preview:-1"},"canonical":"https:\/\/anadolupet.com.tr\/en\/product\/hills-pd-on-care-tavuklu-kopek-mamasi-4kg\/","og_locale":"en_US","og_type":"article","og_title":"Hill's PD ON-CARE Tavuklu K\u00f6pek Mamas\u0131 4KG - Anadolu Pet Grup","og_description":"K\u00f6peklere ciddi bir hastal\u0131k te\u015fhisi kondu\u011funda ve yeme i\u00e7meden kesildiklerinde, besin ihtiya\u00e7lar\u0131n\u0131n kar\u015f\u0131land\u0131\u011f\u0131ndan emin olmak \u00e7ok \u00f6nemlidir. Hill's Prescription Diet ON-Care K\u00f6pek mamas\u0131 g\u00fcc\u00fc ve enerjiyi korumaya yard\u0131mc\u0131 olman\u0131n yan\u0131 s\u0131ra mamay\u0131 tatt\u0131klar\u0131 ilk andan itibaren onlar\u0131 yemeye te\u015fvik etmek i\u00e7in tasarlanm\u0131\u015f birinci s\u0131n\u0131f bir besindir - \u00e7\u00fcnk\u00fc k\u00f6pe\u011finizle ge\u00e7irdi\u011finiz her dakika \u00f6nemlidir. Hill's Prescription Diet ON-Care beslenme uzmanlar\u0131m\u0131z ve veterinerlerimiz taraf\u0131ndan ciddi hastal\u0131klarla m\u00fccadele eden k\u00f6pekleri beslemeye ve desteklemeye yard\u0131mc\u0131 olmak i\u00e7in \u00f6zel olarak geli\u015ftirilmi\u015ftir. Bu lezzetli K\u00f6pek Mamas\u0131, k\u00f6pe\u011finize harika bir mama deneyimi sunmak i\u00e7in tavuk, aromal\u0131 ya\u011flar ve y\u00fcksek oranda sindirilebilir protein ile \u00fcretilmektedir. Prescription Diet ON-Care'deki y\u00fcksek oranda sindirilebilir besinler evcil hayvanlar taraf\u0131ndan kolayca emilir ve form\u00fcl ayr\u0131ca sa\u011fl\u0131kl\u0131 bir G\u0130 mikrobiyomunu destekleyen ve tutarl\u0131 d\u0131\u015fk\u0131 kalitesini destekledi\u011fi kan\u0131tlanm\u0131\u015f prebiyotik liflerin patentli bir kar\u0131\u015f\u0131m\u0131 olan ActivBiome+ i\u00e7erir. Bunun k\u00f6pe\u011finiz i\u00e7in do\u011fru mama olup olmad\u0131\u011f\u0131n\u0131 \u00f6\u011frenmek i\u00e7in l\u00fctfen veteriner hekiminizle ileti\u015fime ge\u00e7in. \u0130\u00c7\u0130NDEK\u0130LER: Tah\u0131llar, et ve hayvansal t\u00fcrevler (tavuk %15), s\u0131v\u0131 ve kat\u0131 ya\u011flar, bitkisel protein ekstraktlar\u0131, bitkisel k\u00f6kenli t\u00fcrevler, mineraller, meyve, tohumlar. ActivBiome+ prebiyotik kar\u0131\u015f\u0131m (%4): \u00d6\u011f\u00fct\u00fclm\u00fc\u015f ceviz kabu\u011fu, kurutulmu\u015f pancar k\u00fcspesi, keten tohumu, kurutulmu\u015f narenciye posas\u0131, kurutulmu\u015f k\u0131z\u0131lc\u0131k. Sindirilebilirli\u011fi y\u00fcksek bile\u015fenler: Tavuk ve hindi unu, bu\u011fday, hayvansal ya\u011f, m\u0131s\u0131r, m\u0131s\u0131r gl\u00fcteni unu, dijest, bal\u0131k ya\u011f\u0131, bitkisel ya\u011f. KG BA\u015eINA KATKI MADDELER\u0130: Besin katk\u0131 maddeleri: 3b103 (Demir) 78,5mg, 3b202 (\u0130yot) 1,9mg, 3b405 (Bak\u0131r) 7,7mg, 3b502 (Manganez) 8,1mg, 3b603 (\u00c7inko) 138mg, 3b801 (Selenyum) 0,2mg, do\u011fal anti-oksidan i\u00e7erir. Metabolize olabilir enerji: 4.061 kcal\/kg. ANAL\u0130T\u0130K B\u0130LE\u015eENLER: Protein %29,5, Ya\u011f i\u00e7eri\u011fi %21,7, Ham sel\u00fcloz %2,3, Ham k\u00fcl %4,7, Kalsiyum %0,79, Fosfor %0,63, Sodyum %0,16, Potasyum %0,69, Magnezyum %0,09; kg ba\u015f\u0131na: Vitamin A 8.656IU, Vitamin D3 716IU, Vitamin E 550mg, Vitamin C 110mg, Beta-karoten 1,5mg. Hill's PRESCRIPTION DIET ON-CARE Tavuklu K\u00f6pek Mamas\u0131, yeti\u015fkin k\u00f6peklerde nekahet d\u00f6neminde beslenme yoluyla iyile\u015fme a\u00e7\u0131s\u0131ndan eksiksiz bir diyetetik evcil hayvan mamas\u0131d\u0131r. Bu mama, y\u00fcksek enerji yo\u011funlu\u011funa, y\u00fcksek konsantrasyonda temel besin maddelerine ve y\u00fcksek oranda sindirilebilir bile\u015fenlere sahiptir. BESLEME TAL\u0130MATI: Yaln\u0131zca \u00f6nerilen PRESCRIPTION DIET mamalarla besleyin. Kullan\u0131m \u00f6ncesinde veterinerinizden evcil hayvan\u0131n\u0131z i\u00e7in \u00f6zel beslenme talimatlar\u0131 isteyin. Komple besleme talimatlar\u0131 i\u00e7in l\u00fctfen ambalaja bak\u0131n. G\u00fcnl\u00fck Beslenme \u00d6nerileri sadece k\u0131lavuz niteli\u011findedir ve ba\u015flang\u0131\u00e7 noktas\u0131n\u0131 ifade eder. Emin olmak i\u00e7in veteriner hekiminize sorun. Temiz su daima mevcut olmal\u0131d\u0131r. Bu mama yeni mi? Eski mama miktar\u0131n\u0131 bir kar\u0131\u015f\u0131m i\u00e7erisinde 7 g\u00fcn veya daha uzun bir s\u00fcre boyunca kademeli olarak azalt\u0131p yeni mamay\u0131 bu s\u00fcrede kademeli olarak art\u0131r\u0131n. Temiz ve taze suyu daima haz\u0131r bulundurun! Evcil hayvan\u0131n\u0131z\u0131n beslenme ihtiya\u00e7lar\u0131 ya\u015fland\u0131k\u00e7a de\u011fi\u015febilir. Her muayenede veteriner hekiminize sorun.","og_url":"https:\/\/anadolupet.com.tr\/en\/product\/hills-pd-on-care-tavuklu-kopek-mamasi-4kg\/","og_site_name":"Anadolu Pet Grup","article_modified_time":"2026-02-23T12:48:49+00:00","og_image":[{"width":750,"height":750,"url":"https:\/\/anadolupet.com.tr\/wp-content\/uploads\/2026\/02\/640-607564.jpg","type":"image\/jpeg"}],"twitter_card":"summary_large_image","schema":{"@context":"https:\/\/schema.org","@graph":[{"@type":"WebPage","@id":"https:\/\/anadolupet.com.tr\/urun\/hills-pd-on-care-tavuklu-kopek-mamasi-4kg\/","url":"https:\/\/anadolupet.com.tr\/urun\/hills-pd-on-care-tavuklu-kopek-mamasi-4kg\/","name":"Hill's PD ON-CARE Tavuklu K\u00f6pek Mamas\u0131 4KG - Anadolu Pet Grup","isPartOf":{"@id":"https:\/\/anadolupet.com.tr\/#website"},"primaryImageOfPage":{"@id":"https:\/\/anadolupet.com.tr\/urun\/hills-pd-on-care-tavuklu-kopek-mamasi-4kg\/#primaryimage"},"image":{"@id":"https:\/\/anadolupet.com.tr\/urun\/hills-pd-on-care-tavuklu-kopek-mamasi-4kg\/#primaryimage"},"thumbnailUrl":"https:\/\/anadolupet.com.tr\/wp-content\/uploads\/2026\/02\/640-607564.jpg","datePublished":"2026-02-14T14:41:32+00:00","dateModified":"2026-02-23T12:48:49+00:00","breadcrumb":{"@id":"https:\/\/anadolupet.com.tr\/urun\/hills-pd-on-care-tavuklu-kopek-mamasi-4kg\/#breadcrumb"},"inLanguage":"en-US","potentialAction":[{"@type":"ReadAction","target":["https:\/\/anadolupet.com.tr\/urun\/hills-pd-on-care-tavuklu-kopek-mamasi-4kg\/"]}]},{"@type":"ImageObject","inLanguage":"en-US","@id":"https:\/\/anadolupet.com.tr\/urun\/hills-pd-on-care-tavuklu-kopek-mamasi-4kg\/#primaryimage","url":"https:\/\/anadolupet.com.tr\/wp-content\/uploads\/2026\/02\/640-607564.jpg","contentUrl":"https:\/\/anadolupet.com.tr\/wp-content\/uploads\/2026\/02\/640-607564.jpg","width":750,"height":750},{"@type":"BreadcrumbList","@id":"https:\/\/anadolupet.com.tr\/urun\/hills-pd-on-care-tavuklu-kopek-mamasi-4kg\/#breadcrumb","itemListElement":[{"@type":"ListItem","position":1,"name":"Anasayfa","item":"https:\/\/anadolupet.com.tr\/"},{"@type":"ListItem","position":2,"name":"\u00dcr\u00fcnler","item":"https:\/\/anadolupet.com.tr\/urunler\/"},{"@type":"ListItem","position":3,"name":"Hill&#8217;s PD ON-CARE Tavuklu K\u00f6pek Mamas\u0131 4KG"}]},{"@type":"WebSite","@id":"https:\/\/anadolupet.com.tr\/#website","url":"https:\/\/anadolupet.com.tr\/","name":"Anadolu Pet Group","description":"We Stand Together for the Well-Being of Every Life","publisher":{"@id":"https:\/\/anadolupet.com.tr\/#organization"},"potentialAction":[{"@type":"SearchAction","target":{"@type":"EntryPoint","urlTemplate":"https:\/\/anadolupet.com.tr\/?s={search_term_string}"},"query-input":{"@type":"PropertyValueSpecification","valueRequired":true,"valueName":"search_term_string"}}],"inLanguage":"en-US"},{"@type":"Organization","@id":"https:\/\/anadolupet.com.tr\/#organization","name":"Anadolu Pet Group","alternateName":"Anadolu Pet","url":"https:\/\/anadolupet.com.tr\/","logo":{"@type":"ImageObject","inLanguage":"en-US","@id":"https:\/\/anadolupet.com.tr\/#\/schema\/logo\/image\/","url":"https:\/\/anadolupet.com.tr\/wp-content\/uploads\/2026\/03\/1614666743370.jpg","contentUrl":"https:\/\/anadolupet.com.tr\/wp-content\/uploads\/2026\/03\/1614666743370.jpg","width":800,"height":571,"caption":"Anadolu Pet Grup"},"image":{"@id":"https:\/\/anadolupet.com.tr\/#\/schema\/logo\/image\/"}}]}},"_links":{"self":[{"href":"https:\/\/anadolupet.com.tr\/en\/wp-json\/wp\/v2\/product\/45396","targetHints":{"allow":["GET"]}}],"collection":[{"href":"https:\/\/anadolupet.com.tr\/en\/wp-json\/wp\/v2\/product"}],"about":[{"href":"https:\/\/anadolupet.com.tr\/en\/wp-json\/wp\/v2\/types\/product"}],"replies":[{"embeddable":true,"href":"https:\/\/anadolupet.com.tr\/en\/wp-json\/wp\/v2\/comments?post=45396"}],"wp:featuredmedia":[{"embeddable":true,"href":"https:\/\/anadolupet.com.tr\/en\/wp-json\/wp\/v2\/media\/44397"}],"wp:attachment":[{"href":"https:\/\/anadolupet.com.tr\/en\/wp-json\/wp\/v2\/media?parent=45396"}],"wp:term":[{"taxonomy":"product_brand","embeddable":true,"href":"https:\/\/anadolupet.com.tr\/en\/wp-json\/wp\/v2\/product_brand?post=45396"},{"taxonomy":"product_cat","embeddable":true,"href":"https:\/\/anadolupet.com.tr\/en\/wp-json\/wp\/v2\/product_cat?post=45396"},{"taxonomy":"product_tag","embeddable":true,"href":"https:\/\/anadolupet.com.tr\/en\/wp-json\/wp\/v2\/product_tag?post=45396"}],"curies":[{"name":"wp","href":"https:\/\/api.w.org\/{rel}","templated":true}]}}