{"id":45400,"date":"2026-02-14T14:41:32","date_gmt":"2026-02-14T14:41:32","guid":{"rendered":"https:\/\/anadolupet.com.tr\/urun\/hills-pd-t-d-kedi-mamasi-15kg\/"},"modified":"2026-02-23T12:48:50","modified_gmt":"2026-02-23T12:48:50","slug":"hills-pd-t-d-kedi-mamasi-15kg","status":"publish","type":"product","link":"https:\/\/anadolupet.com.tr\/en\/urun\/hills-pd-t-d-kedi-mamasi-15kg\/","title":{"rendered":"Hill&#8217;s PD T\/D Kedi Mamas\u0131 1,5KG"},"content":{"rendered":"","protected":false},"excerpt":{"rendered":"<p>Hill&#8217;s PRESCRIPTION DIET t\/d Dental Care kedi mamas\u0131, sa\u011fl\u0131kl\u0131 di\u015f ve di\u015f etlerini te\u015fvik etmeyi ve kedinizin genel sa\u011fl\u0131\u011f\u0131n\u0131 desteklemeyi ama\u00e7layan klinik beslenmedir. Bu tartar kontrol\u00fc hedefli kedi mamas\u0131n\u0131n plak, leke ve tartar olu\u015fumunu azaltt\u0131\u011f\u0131 ve di\u015f eti s\u0131n\u0131r\u0131na kadar temizledi\u011fi klinik olarak kan\u0131tlanm\u0131\u015ft\u0131r. Hill&#8217;s PRESCRIPTION DIET t\/d Veteriner A\u011f\u0131z Sa\u011fl\u0131\u011f\u0131 Konseyi (VOHC) taraf\u0131ndan plak ve tartar olu\u015fumunu azaltt\u0131\u011f\u0131 kabul edilen bir kedi mamas\u0131d\u0131r*. Bu kuru mama tavuk etinden yap\u0131l\u0131r ve kedinizin sevece\u011fi ve kar\u015f\u0131 koyamayaca\u011f\u0131, harika bir lezzete sahiptir.<br \/>\nMama, bakterileri yok etmek i\u00e7in di\u015fleri ovalayan bir di\u015f f\u0131r\u00e7as\u0131 gibi i\u015flev sergileyen \u00f6zel bir lif matrisi i\u00e7erir. B\u00fcy\u00fck mama tanesi boyutu, \u015fekli ve dokusu, sa\u011fl\u0131kl\u0131 di\u015f etlerini ve di\u015fleri desteklemek i\u00e7in t\u00fcm di\u015fleri di\u015f eti s\u0131n\u0131r\u0131na kadar temizler. Sadece Hill&#8217;s Prescription Diet t\/d Kuru Kedi Mama ile beslemek, az kedi sahibinin kedilerinin di\u015flerini d\u00fczenli olarak f\u0131r\u00e7alamas\u0131 ger\u00e7e\u011finden yola \u00e7\u0131karak,di\u015f f\u0131r\u00e7alamaya g\u00f6re daha etkili oldu\u011fu ortaya koyulmu\u015ftur.<br \/>\nDi\u015fleriyle ilgili semptomlar\u0131 d\u00fczeldikten sonra bile kedinizin di\u015f sa\u011fl\u0131\u011f\u0131n\u0131 korumaya yard\u0131mc\u0131 olmak i\u00e7in PRESCRIPTION DIET t\/d Dental Care Kedi Mamas\u0131 ile beslemeye devam etmeniz \u00f6nemlidir. PRESCRIPTION DIET mamalar\u0131m\u0131z\u0131n, onlar\u0131n mutlu ve aktif bir ya\u015fam s\u00fcrmeye devam etmesine nas\u0131l yard\u0131mc\u0131 olabilece\u011fi hakk\u0131nda daha fazla bilgi i\u00e7in veteriner hekiminize dan\u0131\u015f\u0131n.<br \/>\nEvcil hayvan\u0131n\u0131z\u0131n ya\u015fam\u0131n\u0131 d\u00f6n\u00fc\u015ft\u00fcrmeye yard\u0131mc\u0131 olan harika lezzetli mama. Onlar\u0131n size ihtiyac\u0131 var, bu nedenle onlara m\u00fcmk\u00fcn olan en iyi ve sa\u011fl\u0131kl\u0131 mamay\u0131 sa\u011flamaya \u00e7al\u0131\u015f\u0131yoruz. Kedinizin benzersiz sa\u011fl\u0131k ihtiya\u00e7lar\u0131n\u0131 kar\u015f\u0131layan bilimsel form\u00fcllerin temel al\u0131nd\u0131\u011f\u0131 PRESCRIPTION DIET kedi mamas\u0131, kedilerin uzun ve mutlu bir ya\u015fam s\u00fcrmeleri i\u00e7in ihtiya\u00e7 duyduklar\u0131 her \u015feyi sunan bir besindir.<br \/>\nEvcil hayvan mamalar\u0131m\u0131z\u0131 en y\u00fcksek kaliteli malzemelerle \u00fcretiyoruz. Bu malzemeler, safl\u0131k ve besin i\u00e7eri\u011fi konusundaki kat\u0131 kriterlerimizi kar\u015f\u0131lamal\u0131d\u0131r.<br \/>\nBar\u0131naklarda ya\u015fayan evcil hayvanlar\u0131n hayat\u0131nda bir fark yaratabilirsiniz. Sat\u0131n ald\u0131\u011f\u0131n\u0131z her Hill&#8217;s PRESCRIPTION DIET evcil hayvan mamas\u0131yla, her g\u00fcn yani y\u0131l\u0131n 365 g\u00fcn\u00fc 100.000&#8217;den fazla evsiz hayvan\u0131 beslemeye yard\u0131mc\u0131 olabilirsiniz. Daha fazlas\u0131n\u0131 hillsfoodshelterlove.com adresinden \u00f6\u011frenebilirsiniz.<br \/>\nHill\u2019s PRESCRIPTION DIET kedi mamas\u0131, kedinizin benzersiz ihtiya\u00e7lar\u0131n\u0131 kar\u015f\u0131lamak i\u00e7in haz\u0131rlanan ve kedinizin sevece\u011fi lezzetler i\u00e7eren \u00e7e\u015fitli kuru veya \u0131slak konserve mamalar sunmaktad\u0131r.<br \/>\n\u0130\u00c7\u0130NDEK\u0130LER: Tah\u0131llar, et ve hayvansal t\u00fcrevler, bitkisel protein ekstraktlar\u0131, bitkisel orjinli t\u00fcrevler, s\u0131v\u0131 ve kat\u0131 ya\u011flar, mineraller. KG BA\u015eINA KATKI MADDELER\u0130: Besinsel katk\u0131 maddeleri: E1 (Demir) 57,9mg, 3b202 (\u0130yot) 0,9mg, E4 (Bak\u0131r) 5,7mg, 3b502 (Manganez) 6,0mg, 3b603 (\u00c7inko) 120mg, E8 (Selenyum) 0,1mg; do\u011fal antioksidan i\u00e7erir. ANAL\u0130T\u0130K B\u0130LE\u015eENLER: Protein %31,8, Ya\u011f i\u00e7eri\u011fi %14,9, Ham sel\u00fcloz %7,3, Ham k\u00fcl %5,5, Kalsiyum %0,87, Fosfor %0,71, Sodyum %0,35, Potasyum %0,72, Magnezyum %0,07; kg ba\u015f\u0131na: A Vitamini 4.720IU, Vitamin D3 446IU, Vitamin E 550mg, Vitamin C 70mg, Beta-karoten 1,5mg, Toplam bak\u0131r 14mg. Hill&#8217;s PRESCRIPTION DIET t\/d Tavuklu Kedi Mamas\u0131, ya\u015fl\u0131 kediler i\u00e7in klinik olarak kan\u0131tlanm\u0131\u015f di\u015f teknolojisine sahip, tam ve dengeli diyetetik bir evcil hayvan mamas\u0131d\u0131r.<br \/>\nBESLEME TAL\u0130MATI: Kullan\u0131m \u00f6ncesinde veteriner hekiminizden evcil hayvan\u0131n\u0131z i\u00e7in \u00f6zel beslenme talimatlar\u0131 isteyin. Komple besleme talimatlar\u0131 i\u00e7in l\u00fctfen ambalaja bak\u0131n. G\u00fcnl\u00fck Beslenme \u00d6nerileri sadece k\u0131lavuz niteli\u011findedir ve ba\u015flang\u0131\u00e7 noktas\u0131n\u0131 ifade eder. Emin olmak i\u00e7in veteriner hekiminize sorun. Temiz su daima mevcut olmal\u0131d\u0131r.<br \/>\nBu mama yeni mi? Eski mama miktar\u0131n\u0131 bir kar\u0131\u015f\u0131m i\u00e7erisinde 7 g\u00fcn veya daha uzun bir s\u00fcre boyunca kademeli olarak azalt\u0131p yeni mamay\u0131 bu s\u00fcrede kademeli olarak art\u0131r\u0131n. Temiz ve taze suyu daima haz\u0131r bulundurun! Evcil hayvan\u0131n\u0131z\u0131n beslenme ihtiya\u00e7lar\u0131 ya\u015fland\u0131k\u00e7a de\u011fi\u015febilir. Her muayenede veteriner hekiminize sorun.<\/p>","protected":false},"featured_media":44315,"comment_status":"open","ping_status":"closed","template":"","meta":{"_acf_changed":false},"product_brand":[],"product_cat":[2434],"product_tag":[],"class_list":{"0":"post-45400","1":"product","2":"type-product","3":"status-publish","4":"has-post-thumbnail","6":"product_cat-receteli-diyet-kedi-mamalari","8":"first","9":"instock","10":"shipping-taxable","11":"product-type-simple"},"acf":[],"yoast_head":"<!-- This site is optimized with the Yoast SEO plugin v27.5 - https:\/\/yoast.com\/product\/yoast-seo-wordpress\/ -->\n<title>Hill&#039;s PD T\/D Kedi Mamas\u0131 1,5KG - Anadolu Pet Grup<\/title>\n<meta name=\"robots\" content=\"index, follow, max-snippet:-1, max-image-preview:large, max-video-preview:-1\" \/>\n<link rel=\"canonical\" href=\"https:\/\/anadolupet.com.tr\/en\/product\/hills-pd-t-d-kedi-mamasi-15kg\/\" \/>\n<meta property=\"og:locale\" content=\"en_US\" \/>\n<meta property=\"og:type\" content=\"article\" \/>\n<meta property=\"og:title\" content=\"Hill&#039;s PD T\/D Kedi Mamas\u0131 1,5KG - Anadolu Pet Grup\" \/>\n<meta property=\"og:description\" content=\"Hill&#039;s PRESCRIPTION DIET t\/d Dental Care kedi mamas\u0131, sa\u011fl\u0131kl\u0131 di\u015f ve di\u015f etlerini te\u015fvik etmeyi ve kedinizin genel sa\u011fl\u0131\u011f\u0131n\u0131 desteklemeyi ama\u00e7layan klinik beslenmedir. Bu tartar kontrol\u00fc hedefli kedi mamas\u0131n\u0131n plak, leke ve tartar olu\u015fumunu azaltt\u0131\u011f\u0131 ve di\u015f eti s\u0131n\u0131r\u0131na kadar temizledi\u011fi klinik olarak kan\u0131tlanm\u0131\u015ft\u0131r. Hill&#039;s PRESCRIPTION DIET t\/d Veteriner A\u011f\u0131z Sa\u011fl\u0131\u011f\u0131 Konseyi (VOHC) taraf\u0131ndan plak ve tartar olu\u015fumunu azaltt\u0131\u011f\u0131 kabul edilen bir kedi mamas\u0131d\u0131r*. Bu kuru mama tavuk etinden yap\u0131l\u0131r ve kedinizin sevece\u011fi ve kar\u015f\u0131 koyamayaca\u011f\u0131, harika bir lezzete sahiptir. Mama, bakterileri yok etmek i\u00e7in di\u015fleri ovalayan bir di\u015f f\u0131r\u00e7as\u0131 gibi i\u015flev sergileyen \u00f6zel bir lif matrisi i\u00e7erir. B\u00fcy\u00fck mama tanesi boyutu, \u015fekli ve dokusu, sa\u011fl\u0131kl\u0131 di\u015f etlerini ve di\u015fleri desteklemek i\u00e7in t\u00fcm di\u015fleri di\u015f eti s\u0131n\u0131r\u0131na kadar temizler. Sadece Hill&#039;s Prescription Diet t\/d Kuru Kedi Mama ile beslemek, az kedi sahibinin kedilerinin di\u015flerini d\u00fczenli olarak f\u0131r\u00e7alamas\u0131 ger\u00e7e\u011finden yola \u00e7\u0131karak,di\u015f f\u0131r\u00e7alamaya g\u00f6re daha etkili oldu\u011fu ortaya koyulmu\u015ftur. Di\u015fleriyle ilgili semptomlar\u0131 d\u00fczeldikten sonra bile kedinizin di\u015f sa\u011fl\u0131\u011f\u0131n\u0131 korumaya yard\u0131mc\u0131 olmak i\u00e7in PRESCRIPTION DIET t\/d Dental Care Kedi Mamas\u0131 ile beslemeye devam etmeniz \u00f6nemlidir. PRESCRIPTION DIET mamalar\u0131m\u0131z\u0131n, onlar\u0131n mutlu ve aktif bir ya\u015fam s\u00fcrmeye devam etmesine nas\u0131l yard\u0131mc\u0131 olabilece\u011fi hakk\u0131nda daha fazla bilgi i\u00e7in veteriner hekiminize dan\u0131\u015f\u0131n. Evcil hayvan\u0131n\u0131z\u0131n ya\u015fam\u0131n\u0131 d\u00f6n\u00fc\u015ft\u00fcrmeye yard\u0131mc\u0131 olan harika lezzetli mama. Onlar\u0131n size ihtiyac\u0131 var, bu nedenle onlara m\u00fcmk\u00fcn olan en iyi ve sa\u011fl\u0131kl\u0131 mamay\u0131 sa\u011flamaya \u00e7al\u0131\u015f\u0131yoruz. Kedinizin benzersiz sa\u011fl\u0131k ihtiya\u00e7lar\u0131n\u0131 kar\u015f\u0131layan bilimsel form\u00fcllerin temel al\u0131nd\u0131\u011f\u0131 PRESCRIPTION DIET kedi mamas\u0131, kedilerin uzun ve mutlu bir ya\u015fam s\u00fcrmeleri i\u00e7in ihtiya\u00e7 duyduklar\u0131 her \u015feyi sunan bir besindir. Evcil hayvan mamalar\u0131m\u0131z\u0131 en y\u00fcksek kaliteli malzemelerle \u00fcretiyoruz. Bu malzemeler, safl\u0131k ve besin i\u00e7eri\u011fi konusundaki kat\u0131 kriterlerimizi kar\u015f\u0131lamal\u0131d\u0131r. Bar\u0131naklarda ya\u015fayan evcil hayvanlar\u0131n hayat\u0131nda bir fark yaratabilirsiniz. Sat\u0131n ald\u0131\u011f\u0131n\u0131z her Hill&#039;s PRESCRIPTION DIET evcil hayvan mamas\u0131yla, her g\u00fcn yani y\u0131l\u0131n 365 g\u00fcn\u00fc 100.000&#039;den fazla evsiz hayvan\u0131 beslemeye yard\u0131mc\u0131 olabilirsiniz. Daha fazlas\u0131n\u0131 hillsfoodshelterlove.com adresinden \u00f6\u011frenebilirsiniz. Hill\u2019s PRESCRIPTION DIET kedi mamas\u0131, kedinizin benzersiz ihtiya\u00e7lar\u0131n\u0131 kar\u015f\u0131lamak i\u00e7in haz\u0131rlanan ve kedinizin sevece\u011fi lezzetler i\u00e7eren \u00e7e\u015fitli kuru veya \u0131slak konserve mamalar sunmaktad\u0131r. \u0130\u00c7\u0130NDEK\u0130LER: Tah\u0131llar, et ve hayvansal t\u00fcrevler, bitkisel protein ekstraktlar\u0131, bitkisel orjinli t\u00fcrevler, s\u0131v\u0131 ve kat\u0131 ya\u011flar, mineraller. KG BA\u015eINA KATKI MADDELER\u0130: Besinsel katk\u0131 maddeleri: E1 (Demir) 57,9mg, 3b202 (\u0130yot) 0,9mg, E4 (Bak\u0131r) 5,7mg, 3b502 (Manganez) 6,0mg, 3b603 (\u00c7inko) 120mg, E8 (Selenyum) 0,1mg; do\u011fal antioksidan i\u00e7erir. ANAL\u0130T\u0130K B\u0130LE\u015eENLER: Protein %31,8, Ya\u011f i\u00e7eri\u011fi %14,9, Ham sel\u00fcloz %7,3, Ham k\u00fcl %5,5, Kalsiyum %0,87, Fosfor %0,71, Sodyum %0,35, Potasyum %0,72, Magnezyum %0,07; kg ba\u015f\u0131na: A Vitamini 4.720IU, Vitamin D3 446IU, Vitamin E 550mg, Vitamin C 70mg, Beta-karoten 1,5mg, Toplam bak\u0131r 14mg. Hill&#039;s PRESCRIPTION DIET t\/d Tavuklu Kedi Mamas\u0131, ya\u015fl\u0131 kediler i\u00e7in klinik olarak kan\u0131tlanm\u0131\u015f di\u015f teknolojisine sahip, tam ve dengeli diyetetik bir evcil hayvan mamas\u0131d\u0131r. BESLEME TAL\u0130MATI: Kullan\u0131m \u00f6ncesinde veteriner hekiminizden evcil hayvan\u0131n\u0131z i\u00e7in \u00f6zel beslenme talimatlar\u0131 isteyin. Komple besleme talimatlar\u0131 i\u00e7in l\u00fctfen ambalaja bak\u0131n. G\u00fcnl\u00fck Beslenme \u00d6nerileri sadece k\u0131lavuz niteli\u011findedir ve ba\u015flang\u0131\u00e7 noktas\u0131n\u0131 ifade eder. Emin olmak i\u00e7in veteriner hekiminize sorun. Temiz su daima mevcut olmal\u0131d\u0131r. Bu mama yeni mi? Eski mama miktar\u0131n\u0131 bir kar\u0131\u015f\u0131m i\u00e7erisinde 7 g\u00fcn veya daha uzun bir s\u00fcre boyunca kademeli olarak azalt\u0131p yeni mamay\u0131 bu s\u00fcrede kademeli olarak art\u0131r\u0131n. Temiz ve taze suyu daima haz\u0131r bulundurun! Evcil hayvan\u0131n\u0131z\u0131n beslenme ihtiya\u00e7lar\u0131 ya\u015fland\u0131k\u00e7a de\u011fi\u015febilir. Her muayenede veteriner hekiminize sorun.\" \/>\n<meta property=\"og:url\" content=\"https:\/\/anadolupet.com.tr\/en\/product\/hills-pd-t-d-kedi-mamasi-15kg\/\" \/>\n<meta property=\"og:site_name\" content=\"Anadolu Pet Grup\" \/>\n<meta property=\"article:modified_time\" content=\"2026-02-23T12:48:50+00:00\" \/>\n<meta property=\"og:image\" content=\"https:\/\/anadolupet.com.tr\/wp-content\/uploads\/2026\/02\/630-606273.jpg\" \/>\n\t<meta property=\"og:image:width\" content=\"750\" \/>\n\t<meta property=\"og:image:height\" content=\"750\" \/>\n\t<meta property=\"og:image:type\" content=\"image\/jpeg\" \/>\n<meta name=\"twitter:card\" content=\"summary_large_image\" \/>\n<script type=\"application\/ld+json\" class=\"yoast-schema-graph\">{\"@context\":\"https:\\\/\\\/schema.org\",\"@graph\":[{\"@type\":\"WebPage\",\"@id\":\"https:\\\/\\\/anadolupet.com.tr\\\/urun\\\/hills-pd-t-d-kedi-mamasi-15kg\\\/\",\"url\":\"https:\\\/\\\/anadolupet.com.tr\\\/urun\\\/hills-pd-t-d-kedi-mamasi-15kg\\\/\",\"name\":\"Hill's PD T\\\/D Kedi Mamas\u0131 1,5KG - Anadolu Pet Grup\",\"isPartOf\":{\"@id\":\"https:\\\/\\\/anadolupet.com.tr\\\/#website\"},\"primaryImageOfPage\":{\"@id\":\"https:\\\/\\\/anadolupet.com.tr\\\/urun\\\/hills-pd-t-d-kedi-mamasi-15kg\\\/#primaryimage\"},\"image\":{\"@id\":\"https:\\\/\\\/anadolupet.com.tr\\\/urun\\\/hills-pd-t-d-kedi-mamasi-15kg\\\/#primaryimage\"},\"thumbnailUrl\":\"https:\\\/\\\/anadolupet.com.tr\\\/wp-content\\\/uploads\\\/2026\\\/02\\\/630-606273.jpg\",\"datePublished\":\"2026-02-14T14:41:32+00:00\",\"dateModified\":\"2026-02-23T12:48:50+00:00\",\"breadcrumb\":{\"@id\":\"https:\\\/\\\/anadolupet.com.tr\\\/urun\\\/hills-pd-t-d-kedi-mamasi-15kg\\\/#breadcrumb\"},\"inLanguage\":\"en-US\",\"potentialAction\":[{\"@type\":\"ReadAction\",\"target\":[\"https:\\\/\\\/anadolupet.com.tr\\\/urun\\\/hills-pd-t-d-kedi-mamasi-15kg\\\/\"]}]},{\"@type\":\"ImageObject\",\"inLanguage\":\"en-US\",\"@id\":\"https:\\\/\\\/anadolupet.com.tr\\\/urun\\\/hills-pd-t-d-kedi-mamasi-15kg\\\/#primaryimage\",\"url\":\"https:\\\/\\\/anadolupet.com.tr\\\/wp-content\\\/uploads\\\/2026\\\/02\\\/630-606273.jpg\",\"contentUrl\":\"https:\\\/\\\/anadolupet.com.tr\\\/wp-content\\\/uploads\\\/2026\\\/02\\\/630-606273.jpg\",\"width\":750,\"height\":750},{\"@type\":\"BreadcrumbList\",\"@id\":\"https:\\\/\\\/anadolupet.com.tr\\\/urun\\\/hills-pd-t-d-kedi-mamasi-15kg\\\/#breadcrumb\",\"itemListElement\":[{\"@type\":\"ListItem\",\"position\":1,\"name\":\"Anasayfa\",\"item\":\"https:\\\/\\\/anadolupet.com.tr\\\/\"},{\"@type\":\"ListItem\",\"position\":2,\"name\":\"\u00dcr\u00fcnler\",\"item\":\"https:\\\/\\\/anadolupet.com.tr\\\/urunler\\\/\"},{\"@type\":\"ListItem\",\"position\":3,\"name\":\"Hill&#8217;s PD T\\\/D Kedi Mamas\u0131 1,5KG\"}]},{\"@type\":\"WebSite\",\"@id\":\"https:\\\/\\\/anadolupet.com.tr\\\/#website\",\"url\":\"https:\\\/\\\/anadolupet.com.tr\\\/\",\"name\":\"Anadolu Pet Grup\",\"description\":\"Her Can\u0131n \u0130yi Ya\u015fam\u0131 \u0130\u00e7in Biraraday\u0131z\",\"publisher\":{\"@id\":\"https:\\\/\\\/anadolupet.com.tr\\\/#organization\"},\"potentialAction\":[{\"@type\":\"SearchAction\",\"target\":{\"@type\":\"EntryPoint\",\"urlTemplate\":\"https:\\\/\\\/anadolupet.com.tr\\\/?s={search_term_string}\"},\"query-input\":{\"@type\":\"PropertyValueSpecification\",\"valueRequired\":true,\"valueName\":\"search_term_string\"}}],\"inLanguage\":\"en-US\"},{\"@type\":\"Organization\",\"@id\":\"https:\\\/\\\/anadolupet.com.tr\\\/#organization\",\"name\":\"Anadolu Pet Grup\",\"alternateName\":\"Anadolu Pet\",\"url\":\"https:\\\/\\\/anadolupet.com.tr\\\/\",\"logo\":{\"@type\":\"ImageObject\",\"inLanguage\":\"en-US\",\"@id\":\"https:\\\/\\\/anadolupet.com.tr\\\/#\\\/schema\\\/logo\\\/image\\\/\",\"url\":\"https:\\\/\\\/anadolupet.com.tr\\\/wp-content\\\/uploads\\\/2026\\\/03\\\/1614666743370.jpg\",\"contentUrl\":\"https:\\\/\\\/anadolupet.com.tr\\\/wp-content\\\/uploads\\\/2026\\\/03\\\/1614666743370.jpg\",\"width\":800,\"height\":571,\"caption\":\"Anadolu Pet Grup\"},\"image\":{\"@id\":\"https:\\\/\\\/anadolupet.com.tr\\\/#\\\/schema\\\/logo\\\/image\\\/\"}}]}<\/script>\n<!-- \/ Yoast SEO plugin. -->","yoast_head_json":{"title":"Hill's PD T\/D Kedi Mamas\u0131 1,5KG - Anadolu Pet Grup","robots":{"index":"index","follow":"follow","max-snippet":"max-snippet:-1","max-image-preview":"max-image-preview:large","max-video-preview":"max-video-preview:-1"},"canonical":"https:\/\/anadolupet.com.tr\/en\/product\/hills-pd-t-d-kedi-mamasi-15kg\/","og_locale":"en_US","og_type":"article","og_title":"Hill's PD T\/D Kedi Mamas\u0131 1,5KG - Anadolu Pet Grup","og_description":"Hill's PRESCRIPTION DIET t\/d Dental Care kedi mamas\u0131, sa\u011fl\u0131kl\u0131 di\u015f ve di\u015f etlerini te\u015fvik etmeyi ve kedinizin genel sa\u011fl\u0131\u011f\u0131n\u0131 desteklemeyi ama\u00e7layan klinik beslenmedir. Bu tartar kontrol\u00fc hedefli kedi mamas\u0131n\u0131n plak, leke ve tartar olu\u015fumunu azaltt\u0131\u011f\u0131 ve di\u015f eti s\u0131n\u0131r\u0131na kadar temizledi\u011fi klinik olarak kan\u0131tlanm\u0131\u015ft\u0131r. Hill's PRESCRIPTION DIET t\/d Veteriner A\u011f\u0131z Sa\u011fl\u0131\u011f\u0131 Konseyi (VOHC) taraf\u0131ndan plak ve tartar olu\u015fumunu azaltt\u0131\u011f\u0131 kabul edilen bir kedi mamas\u0131d\u0131r*. Bu kuru mama tavuk etinden yap\u0131l\u0131r ve kedinizin sevece\u011fi ve kar\u015f\u0131 koyamayaca\u011f\u0131, harika bir lezzete sahiptir. Mama, bakterileri yok etmek i\u00e7in di\u015fleri ovalayan bir di\u015f f\u0131r\u00e7as\u0131 gibi i\u015flev sergileyen \u00f6zel bir lif matrisi i\u00e7erir. B\u00fcy\u00fck mama tanesi boyutu, \u015fekli ve dokusu, sa\u011fl\u0131kl\u0131 di\u015f etlerini ve di\u015fleri desteklemek i\u00e7in t\u00fcm di\u015fleri di\u015f eti s\u0131n\u0131r\u0131na kadar temizler. Sadece Hill's Prescription Diet t\/d Kuru Kedi Mama ile beslemek, az kedi sahibinin kedilerinin di\u015flerini d\u00fczenli olarak f\u0131r\u00e7alamas\u0131 ger\u00e7e\u011finden yola \u00e7\u0131karak,di\u015f f\u0131r\u00e7alamaya g\u00f6re daha etkili oldu\u011fu ortaya koyulmu\u015ftur. Di\u015fleriyle ilgili semptomlar\u0131 d\u00fczeldikten sonra bile kedinizin di\u015f sa\u011fl\u0131\u011f\u0131n\u0131 korumaya yard\u0131mc\u0131 olmak i\u00e7in PRESCRIPTION DIET t\/d Dental Care Kedi Mamas\u0131 ile beslemeye devam etmeniz \u00f6nemlidir. PRESCRIPTION DIET mamalar\u0131m\u0131z\u0131n, onlar\u0131n mutlu ve aktif bir ya\u015fam s\u00fcrmeye devam etmesine nas\u0131l yard\u0131mc\u0131 olabilece\u011fi hakk\u0131nda daha fazla bilgi i\u00e7in veteriner hekiminize dan\u0131\u015f\u0131n. Evcil hayvan\u0131n\u0131z\u0131n ya\u015fam\u0131n\u0131 d\u00f6n\u00fc\u015ft\u00fcrmeye yard\u0131mc\u0131 olan harika lezzetli mama. Onlar\u0131n size ihtiyac\u0131 var, bu nedenle onlara m\u00fcmk\u00fcn olan en iyi ve sa\u011fl\u0131kl\u0131 mamay\u0131 sa\u011flamaya \u00e7al\u0131\u015f\u0131yoruz. Kedinizin benzersiz sa\u011fl\u0131k ihtiya\u00e7lar\u0131n\u0131 kar\u015f\u0131layan bilimsel form\u00fcllerin temel al\u0131nd\u0131\u011f\u0131 PRESCRIPTION DIET kedi mamas\u0131, kedilerin uzun ve mutlu bir ya\u015fam s\u00fcrmeleri i\u00e7in ihtiya\u00e7 duyduklar\u0131 her \u015feyi sunan bir besindir. Evcil hayvan mamalar\u0131m\u0131z\u0131 en y\u00fcksek kaliteli malzemelerle \u00fcretiyoruz. Bu malzemeler, safl\u0131k ve besin i\u00e7eri\u011fi konusundaki kat\u0131 kriterlerimizi kar\u015f\u0131lamal\u0131d\u0131r. Bar\u0131naklarda ya\u015fayan evcil hayvanlar\u0131n hayat\u0131nda bir fark yaratabilirsiniz. Sat\u0131n ald\u0131\u011f\u0131n\u0131z her Hill's PRESCRIPTION DIET evcil hayvan mamas\u0131yla, her g\u00fcn yani y\u0131l\u0131n 365 g\u00fcn\u00fc 100.000'den fazla evsiz hayvan\u0131 beslemeye yard\u0131mc\u0131 olabilirsiniz. Daha fazlas\u0131n\u0131 hillsfoodshelterlove.com adresinden \u00f6\u011frenebilirsiniz. Hill\u2019s PRESCRIPTION DIET kedi mamas\u0131, kedinizin benzersiz ihtiya\u00e7lar\u0131n\u0131 kar\u015f\u0131lamak i\u00e7in haz\u0131rlanan ve kedinizin sevece\u011fi lezzetler i\u00e7eren \u00e7e\u015fitli kuru veya \u0131slak konserve mamalar sunmaktad\u0131r. \u0130\u00c7\u0130NDEK\u0130LER: Tah\u0131llar, et ve hayvansal t\u00fcrevler, bitkisel protein ekstraktlar\u0131, bitkisel orjinli t\u00fcrevler, s\u0131v\u0131 ve kat\u0131 ya\u011flar, mineraller. KG BA\u015eINA KATKI MADDELER\u0130: Besinsel katk\u0131 maddeleri: E1 (Demir) 57,9mg, 3b202 (\u0130yot) 0,9mg, E4 (Bak\u0131r) 5,7mg, 3b502 (Manganez) 6,0mg, 3b603 (\u00c7inko) 120mg, E8 (Selenyum) 0,1mg; do\u011fal antioksidan i\u00e7erir. ANAL\u0130T\u0130K B\u0130LE\u015eENLER: Protein %31,8, Ya\u011f i\u00e7eri\u011fi %14,9, Ham sel\u00fcloz %7,3, Ham k\u00fcl %5,5, Kalsiyum %0,87, Fosfor %0,71, Sodyum %0,35, Potasyum %0,72, Magnezyum %0,07; kg ba\u015f\u0131na: A Vitamini 4.720IU, Vitamin D3 446IU, Vitamin E 550mg, Vitamin C 70mg, Beta-karoten 1,5mg, Toplam bak\u0131r 14mg. Hill's PRESCRIPTION DIET t\/d Tavuklu Kedi Mamas\u0131, ya\u015fl\u0131 kediler i\u00e7in klinik olarak kan\u0131tlanm\u0131\u015f di\u015f teknolojisine sahip, tam ve dengeli diyetetik bir evcil hayvan mamas\u0131d\u0131r. BESLEME TAL\u0130MATI: Kullan\u0131m \u00f6ncesinde veteriner hekiminizden evcil hayvan\u0131n\u0131z i\u00e7in \u00f6zel beslenme talimatlar\u0131 isteyin. Komple besleme talimatlar\u0131 i\u00e7in l\u00fctfen ambalaja bak\u0131n. G\u00fcnl\u00fck Beslenme \u00d6nerileri sadece k\u0131lavuz niteli\u011findedir ve ba\u015flang\u0131\u00e7 noktas\u0131n\u0131 ifade eder. Emin olmak i\u00e7in veteriner hekiminize sorun. Temiz su daima mevcut olmal\u0131d\u0131r. Bu mama yeni mi? Eski mama miktar\u0131n\u0131 bir kar\u0131\u015f\u0131m i\u00e7erisinde 7 g\u00fcn veya daha uzun bir s\u00fcre boyunca kademeli olarak azalt\u0131p yeni mamay\u0131 bu s\u00fcrede kademeli olarak art\u0131r\u0131n. Temiz ve taze suyu daima haz\u0131r bulundurun! Evcil hayvan\u0131n\u0131z\u0131n beslenme ihtiya\u00e7lar\u0131 ya\u015fland\u0131k\u00e7a de\u011fi\u015febilir. Her muayenede veteriner hekiminize sorun.","og_url":"https:\/\/anadolupet.com.tr\/en\/product\/hills-pd-t-d-kedi-mamasi-15kg\/","og_site_name":"Anadolu Pet Grup","article_modified_time":"2026-02-23T12:48:50+00:00","og_image":[{"width":750,"height":750,"url":"https:\/\/anadolupet.com.tr\/wp-content\/uploads\/2026\/02\/630-606273.jpg","type":"image\/jpeg"}],"twitter_card":"summary_large_image","schema":{"@context":"https:\/\/schema.org","@graph":[{"@type":"WebPage","@id":"https:\/\/anadolupet.com.tr\/urun\/hills-pd-t-d-kedi-mamasi-15kg\/","url":"https:\/\/anadolupet.com.tr\/urun\/hills-pd-t-d-kedi-mamasi-15kg\/","name":"Hill's PD T\/D Kedi Mamas\u0131 1,5KG - Anadolu Pet Grup","isPartOf":{"@id":"https:\/\/anadolupet.com.tr\/#website"},"primaryImageOfPage":{"@id":"https:\/\/anadolupet.com.tr\/urun\/hills-pd-t-d-kedi-mamasi-15kg\/#primaryimage"},"image":{"@id":"https:\/\/anadolupet.com.tr\/urun\/hills-pd-t-d-kedi-mamasi-15kg\/#primaryimage"},"thumbnailUrl":"https:\/\/anadolupet.com.tr\/wp-content\/uploads\/2026\/02\/630-606273.jpg","datePublished":"2026-02-14T14:41:32+00:00","dateModified":"2026-02-23T12:48:50+00:00","breadcrumb":{"@id":"https:\/\/anadolupet.com.tr\/urun\/hills-pd-t-d-kedi-mamasi-15kg\/#breadcrumb"},"inLanguage":"en-US","potentialAction":[{"@type":"ReadAction","target":["https:\/\/anadolupet.com.tr\/urun\/hills-pd-t-d-kedi-mamasi-15kg\/"]}]},{"@type":"ImageObject","inLanguage":"en-US","@id":"https:\/\/anadolupet.com.tr\/urun\/hills-pd-t-d-kedi-mamasi-15kg\/#primaryimage","url":"https:\/\/anadolupet.com.tr\/wp-content\/uploads\/2026\/02\/630-606273.jpg","contentUrl":"https:\/\/anadolupet.com.tr\/wp-content\/uploads\/2026\/02\/630-606273.jpg","width":750,"height":750},{"@type":"BreadcrumbList","@id":"https:\/\/anadolupet.com.tr\/urun\/hills-pd-t-d-kedi-mamasi-15kg\/#breadcrumb","itemListElement":[{"@type":"ListItem","position":1,"name":"Anasayfa","item":"https:\/\/anadolupet.com.tr\/"},{"@type":"ListItem","position":2,"name":"\u00dcr\u00fcnler","item":"https:\/\/anadolupet.com.tr\/urunler\/"},{"@type":"ListItem","position":3,"name":"Hill&#8217;s PD T\/D Kedi Mamas\u0131 1,5KG"}]},{"@type":"WebSite","@id":"https:\/\/anadolupet.com.tr\/#website","url":"https:\/\/anadolupet.com.tr\/","name":"Anadolu Pet Group","description":"We Stand Together for the Well-Being of Every Life","publisher":{"@id":"https:\/\/anadolupet.com.tr\/#organization"},"potentialAction":[{"@type":"SearchAction","target":{"@type":"EntryPoint","urlTemplate":"https:\/\/anadolupet.com.tr\/?s={search_term_string}"},"query-input":{"@type":"PropertyValueSpecification","valueRequired":true,"valueName":"search_term_string"}}],"inLanguage":"en-US"},{"@type":"Organization","@id":"https:\/\/anadolupet.com.tr\/#organization","name":"Anadolu Pet Group","alternateName":"Anadolu Pet","url":"https:\/\/anadolupet.com.tr\/","logo":{"@type":"ImageObject","inLanguage":"en-US","@id":"https:\/\/anadolupet.com.tr\/#\/schema\/logo\/image\/","url":"https:\/\/anadolupet.com.tr\/wp-content\/uploads\/2026\/03\/1614666743370.jpg","contentUrl":"https:\/\/anadolupet.com.tr\/wp-content\/uploads\/2026\/03\/1614666743370.jpg","width":800,"height":571,"caption":"Anadolu Pet Grup"},"image":{"@id":"https:\/\/anadolupet.com.tr\/#\/schema\/logo\/image\/"}}]}},"_links":{"self":[{"href":"https:\/\/anadolupet.com.tr\/en\/wp-json\/wp\/v2\/product\/45400","targetHints":{"allow":["GET"]}}],"collection":[{"href":"https:\/\/anadolupet.com.tr\/en\/wp-json\/wp\/v2\/product"}],"about":[{"href":"https:\/\/anadolupet.com.tr\/en\/wp-json\/wp\/v2\/types\/product"}],"replies":[{"embeddable":true,"href":"https:\/\/anadolupet.com.tr\/en\/wp-json\/wp\/v2\/comments?post=45400"}],"wp:featuredmedia":[{"embeddable":true,"href":"https:\/\/anadolupet.com.tr\/en\/wp-json\/wp\/v2\/media\/44315"}],"wp:attachment":[{"href":"https:\/\/anadolupet.com.tr\/en\/wp-json\/wp\/v2\/media?parent=45400"}],"wp:term":[{"taxonomy":"product_brand","embeddable":true,"href":"https:\/\/anadolupet.com.tr\/en\/wp-json\/wp\/v2\/product_brand?post=45400"},{"taxonomy":"product_cat","embeddable":true,"href":"https:\/\/anadolupet.com.tr\/en\/wp-json\/wp\/v2\/product_cat?post=45400"},{"taxonomy":"product_tag","embeddable":true,"href":"https:\/\/anadolupet.com.tr\/en\/wp-json\/wp\/v2\/product_tag?post=45400"}],"curies":[{"name":"wp","href":"https:\/\/api.w.org\/{rel}","templated":true}]}}