{"id":45405,"date":"2026-02-14T14:41:33","date_gmt":"2026-02-14T14:41:33","guid":{"rendered":"https:\/\/anadolupet.com.tr\/urun\/hills-pd-z-d-kopek-konservesi-12x370g\/"},"modified":"2026-02-23T12:48:50","modified_gmt":"2026-02-23T12:48:50","slug":"hills-pd-z-d-kopek-konservesi-12x370g","status":"publish","type":"product","link":"https:\/\/anadolupet.com.tr\/en\/urun\/hills-pd-z-d-kopek-konservesi-12x370g\/","title":{"rendered":"Hill&#8217;s PD Z\/D K\u00f6pek Konservesi 12X370G"},"content":{"rendered":"","protected":false},"excerpt":{"rendered":"<p>Sindirim sistemi rahats\u0131zl\u0131klar\u0131 ve intolerans potansiyel olarak ciddi sorunlard\u0131r ve bu sorunlar ciltte tahri\u015fe, t\u00fcylerde ve kulakta iltihaplara veya gastrointestinal bozulmaya yol a\u00e7ar. Bir g\u0131da alerjisi (tipik olarak g\u0131dalardaki bir proteine) veya intolerans\u0131na ba\u011fl\u0131 advers mama reaksiyonlar\u0131 olan k\u00f6pekler, g\u0131da duyarl\u0131l\u0131klar\u0131 i\u00e7in tasarlanm\u0131\u015f bir mamadan yararlan\u0131r. Hill\u2019s beslenme uzmanlar\u0131 ve veterinerler, k\u00f6pe\u011finizin sindirim sistemi rahats\u0131zl\u0131klar\u0131n\u0131n \u00e7\u00f6z\u00fcm\u00fcn\u00fc desteklemek i\u00e7in Prescription Diet z\/d klinik mamas\u0131n\u0131 geli\u015ftirmi\u015flerdir. Asl\u0131na bakarsan\u0131z, z\/d\u2019nin g\u0131da intoleranslar\u0131n\u0131n neden oldu\u011fu deri &amp; sindirim problemlerini azaltmaya yard\u0131mc\u0131 oldu\u011fu klinik olarak kan\u0131tlanm\u0131\u015ft\u0131r.<br \/>\nSindirim sistemi rahats\u0131zl\u0131klar\u0131, proteinlerin deriden girip, sindirim sisteminden v\u00fccuda ge\u00e7mesi ve ba\u011f\u0131\u015f\u0131kl\u0131k sisteminin tepki vermesine neden oldu\u011fu i\u00e7in meydana gelir. z\/d, k\u00f6pe\u011finizin daha iyi beslenmesine yard\u0131mc\u0131 olmak i\u00e7in ba\u011f\u0131\u015f\u0131kl\u0131k sistemi taraf\u0131ndan tespit edilmeyi \u00f6nlemek i\u00e7in yumu\u015fak ve k\u00fc\u00e7\u00fck par\u00e7alara b\u00f6l\u00fcnm\u00fc\u015f proteinler, sa\u011fl\u0131kl\u0131 ba\u011f\u0131rsak mikrobiyom dengesi olu\u015fturmak i\u00e7in prebiyotikler ve sa\u011fl\u0131kl\u0131 bir deri olu\u015fturmak i\u00e7in \u00e7e\u015fitli ya\u011f asitleri i\u00e7eren \u00f6zel bir mamad\u0131r.<br \/>\nz\/d, d\u0131\u015ftan g\u00f6rd\u00fc\u011f\u00fcn\u00fcz ve g\u0131da intoleranslar\u0131ndan kaynaklanan deri &amp; sindirim sistemi rahats\u0131zl\u0131klar\u0131n\u0131 azaltt\u0131\u011f\u0131 klinik olarak kan\u0131tlanm\u0131\u015f bir besindir. Bu \u00fcr\u00fcn\u00fcn, belirli mamalara a\u015f\u0131r\u0131 aktif ba\u011f\u0131\u015f\u0131kl\u0131k reaksiyonundan kaynaklanan temel sorunu \u00f6nlemek i\u00e7in evcil hayvan\u0131n sindirim sistemi i\u00e7inde \u00e7al\u0131\u015ft\u0131\u011f\u0131ndan emin olun. Bu mama \u00f6nceden sindirilmi\u015f hayvansal proteinler, antioksidanlar, prebiyotik lifler ve deriyi besleyen besinler i\u00e7erir.<br \/>\nBu konserve mama, kedinizin kolayca sevece\u011fi dayan\u0131lmaz bir tada ve p\u00fcr\u00fczs\u00fcz bir dokuya sahiptir.<br \/>\n\u0130\u00c7\u0130NDEK\u0130LER: Et ve hayvansal yan \u00fcr\u00fcnler, bitkisel k\u00f6kenli yan \u00fcr\u00fcnler, mineraller, s\u0131v\u0131 ve kat\u0131 ya\u011flar, meyve, tohumlar. Protein kayna\u011f\u0131: Tavuk ci\u011feri hidrolizat\u0131. Karbonhidrat kayna\u011f\u0131: M\u0131s\u0131r ni\u015fastas\u0131.<br \/>\nKG BA\u015eINA D\u00dc\u015eEN KATKI MADDELER\u0130: Besleyici katk\u0131 maddeleri: 3b103 (Demir) 32.6mg, 3b202 (\u0130yot) 1,2mg, 3b405 (Bak\u0131r) 4,9mg, 3b503 (Manganez) 3,6mg, 3b603 (\u00c7inko) 41,5mg.<br \/>\nANAL\u0130T\u0130K B\u0130LE\u015eENLER: Protein %5,2, Ya\u011f i\u00e7eri\u011fi %3,9, Ham lif %1,2, Faydal\u0131 ya\u011f asitleri %1,3, Ham k\u00fcl %1,4, Nem %75,5, Kalsiyum %0,20, Fosfor %0,14,<br \/>\nSodyum %0,08, Potasyum %0,21, Magnezyum %0,02%; kg ba\u015f\u0131na: Vitamin A 14.954IU, Vitamin D3 423IU.<br \/>\nHill&#8217;s PRESCRIPTION DIET z\/d K\u00f6pek Mamas\u0131, yeti\u015fkin k\u00f6peklerde i\u00e7erik maddesi ve besleyici madde intoleranslar\u0131n\u0131 azaltmaya y\u00f6nelik tam diyetetik bir evcil hayvan mamas\u0131d\u0131r. Bu diyetetik evcil hayvan mamas\u0131 se\u00e7ili bir karbonhidrat<br \/>\nkayna\u011f\u0131 ve hidrolize protein kayna\u011f\u0131 i\u00e7erir.<\/p>","protected":false},"featured_media":44413,"comment_status":"open","ping_status":"closed","template":"","meta":{"_acf_changed":false},"product_brand":[],"product_cat":[2456],"product_tag":[],"class_list":{"0":"post-45405","1":"product","2":"type-product","3":"status-publish","4":"has-post-thumbnail","6":"product_cat-receteli-diyet-kopek-mamalari","8":"first","9":"instock","10":"shipping-taxable","11":"product-type-simple"},"acf":[],"yoast_head":"<!-- This site is optimized with the Yoast SEO plugin v27.4 - https:\/\/yoast.com\/product\/yoast-seo-wordpress\/ -->\n<title>Hill&#039;s PD Z\/D K\u00f6pek Konservesi 12X370G - Anadolu Pet Grup<\/title>\n<meta name=\"robots\" content=\"index, follow, max-snippet:-1, max-image-preview:large, max-video-preview:-1\" \/>\n<link rel=\"canonical\" href=\"https:\/\/anadolupet.com.tr\/en\/product\/hills-pd-z-d-kopek-konservesi-12x370g\/\" \/>\n<meta property=\"og:locale\" content=\"en_US\" \/>\n<meta property=\"og:type\" content=\"article\" \/>\n<meta property=\"og:title\" content=\"Hill&#039;s PD Z\/D K\u00f6pek Konservesi 12X370G - Anadolu Pet Grup\" \/>\n<meta property=\"og:description\" content=\"Sindirim sistemi rahats\u0131zl\u0131klar\u0131 ve intolerans potansiyel olarak ciddi sorunlard\u0131r ve bu sorunlar ciltte tahri\u015fe, t\u00fcylerde ve kulakta iltihaplara veya gastrointestinal bozulmaya yol a\u00e7ar. Bir g\u0131da alerjisi (tipik olarak g\u0131dalardaki bir proteine) veya intolerans\u0131na ba\u011fl\u0131 advers mama reaksiyonlar\u0131 olan k\u00f6pekler, g\u0131da duyarl\u0131l\u0131klar\u0131 i\u00e7in tasarlanm\u0131\u015f bir mamadan yararlan\u0131r. Hill\u2019s beslenme uzmanlar\u0131 ve veterinerler, k\u00f6pe\u011finizin sindirim sistemi rahats\u0131zl\u0131klar\u0131n\u0131n \u00e7\u00f6z\u00fcm\u00fcn\u00fc desteklemek i\u00e7in Prescription Diet z\/d klinik mamas\u0131n\u0131 geli\u015ftirmi\u015flerdir. Asl\u0131na bakarsan\u0131z, z\/d\u2019nin g\u0131da intoleranslar\u0131n\u0131n neden oldu\u011fu deri &amp; sindirim problemlerini azaltmaya yard\u0131mc\u0131 oldu\u011fu klinik olarak kan\u0131tlanm\u0131\u015ft\u0131r. Sindirim sistemi rahats\u0131zl\u0131klar\u0131, proteinlerin deriden girip, sindirim sisteminden v\u00fccuda ge\u00e7mesi ve ba\u011f\u0131\u015f\u0131kl\u0131k sisteminin tepki vermesine neden oldu\u011fu i\u00e7in meydana gelir. z\/d, k\u00f6pe\u011finizin daha iyi beslenmesine yard\u0131mc\u0131 olmak i\u00e7in ba\u011f\u0131\u015f\u0131kl\u0131k sistemi taraf\u0131ndan tespit edilmeyi \u00f6nlemek i\u00e7in yumu\u015fak ve k\u00fc\u00e7\u00fck par\u00e7alara b\u00f6l\u00fcnm\u00fc\u015f proteinler, sa\u011fl\u0131kl\u0131 ba\u011f\u0131rsak mikrobiyom dengesi olu\u015fturmak i\u00e7in prebiyotikler ve sa\u011fl\u0131kl\u0131 bir deri olu\u015fturmak i\u00e7in \u00e7e\u015fitli ya\u011f asitleri i\u00e7eren \u00f6zel bir mamad\u0131r. z\/d, d\u0131\u015ftan g\u00f6rd\u00fc\u011f\u00fcn\u00fcz ve g\u0131da intoleranslar\u0131ndan kaynaklanan deri &amp; sindirim sistemi rahats\u0131zl\u0131klar\u0131n\u0131 azaltt\u0131\u011f\u0131 klinik olarak kan\u0131tlanm\u0131\u015f bir besindir. Bu \u00fcr\u00fcn\u00fcn, belirli mamalara a\u015f\u0131r\u0131 aktif ba\u011f\u0131\u015f\u0131kl\u0131k reaksiyonundan kaynaklanan temel sorunu \u00f6nlemek i\u00e7in evcil hayvan\u0131n sindirim sistemi i\u00e7inde \u00e7al\u0131\u015ft\u0131\u011f\u0131ndan emin olun. Bu mama \u00f6nceden sindirilmi\u015f hayvansal proteinler, antioksidanlar, prebiyotik lifler ve deriyi besleyen besinler i\u00e7erir. Bu konserve mama, kedinizin kolayca sevece\u011fi dayan\u0131lmaz bir tada ve p\u00fcr\u00fczs\u00fcz bir dokuya sahiptir. \u0130\u00c7\u0130NDEK\u0130LER: Et ve hayvansal yan \u00fcr\u00fcnler, bitkisel k\u00f6kenli yan \u00fcr\u00fcnler, mineraller, s\u0131v\u0131 ve kat\u0131 ya\u011flar, meyve, tohumlar. Protein kayna\u011f\u0131: Tavuk ci\u011feri hidrolizat\u0131. Karbonhidrat kayna\u011f\u0131: M\u0131s\u0131r ni\u015fastas\u0131. KG BA\u015eINA D\u00dc\u015eEN KATKI MADDELER\u0130: Besleyici katk\u0131 maddeleri: 3b103 (Demir) 32.6mg, 3b202 (\u0130yot) 1,2mg, 3b405 (Bak\u0131r) 4,9mg, 3b503 (Manganez) 3,6mg, 3b603 (\u00c7inko) 41,5mg. ANAL\u0130T\u0130K B\u0130LE\u015eENLER: Protein %5,2, Ya\u011f i\u00e7eri\u011fi %3,9, Ham lif %1,2, Faydal\u0131 ya\u011f asitleri %1,3, Ham k\u00fcl %1,4, Nem %75,5, Kalsiyum %0,20, Fosfor %0,14, Sodyum %0,08, Potasyum %0,21, Magnezyum %0,02%; kg ba\u015f\u0131na: Vitamin A 14.954IU, Vitamin D3 423IU. Hill&#039;s PRESCRIPTION DIET z\/d K\u00f6pek Mamas\u0131, yeti\u015fkin k\u00f6peklerde i\u00e7erik maddesi ve besleyici madde intoleranslar\u0131n\u0131 azaltmaya y\u00f6nelik tam diyetetik bir evcil hayvan mamas\u0131d\u0131r. Bu diyetetik evcil hayvan mamas\u0131 se\u00e7ili bir karbonhidrat kayna\u011f\u0131 ve hidrolize protein kayna\u011f\u0131 i\u00e7erir.\" \/>\n<meta property=\"og:url\" content=\"https:\/\/anadolupet.com.tr\/en\/product\/hills-pd-z-d-kopek-konservesi-12x370g\/\" \/>\n<meta property=\"og:site_name\" content=\"Anadolu Pet Grup\" \/>\n<meta property=\"article:modified_time\" content=\"2026-02-23T12:48:50+00:00\" \/>\n<meta property=\"og:image\" content=\"https:\/\/anadolupet.com.tr\/wp-content\/uploads\/2026\/02\/645-606375.jpg\" \/>\n\t<meta property=\"og:image:width\" content=\"750\" \/>\n\t<meta property=\"og:image:height\" content=\"750\" \/>\n\t<meta property=\"og:image:type\" content=\"image\/jpeg\" \/>\n<meta name=\"twitter:card\" content=\"summary_large_image\" \/>\n<script type=\"application\/ld+json\" class=\"yoast-schema-graph\">{\"@context\":\"https:\\\/\\\/schema.org\",\"@graph\":[{\"@type\":\"WebPage\",\"@id\":\"https:\\\/\\\/anadolupet.com.tr\\\/urun\\\/hills-pd-z-d-kopek-konservesi-12x370g\\\/\",\"url\":\"https:\\\/\\\/anadolupet.com.tr\\\/urun\\\/hills-pd-z-d-kopek-konservesi-12x370g\\\/\",\"name\":\"Hill's PD Z\\\/D K\u00f6pek Konservesi 12X370G - Anadolu Pet Grup\",\"isPartOf\":{\"@id\":\"https:\\\/\\\/anadolupet.com.tr\\\/#website\"},\"primaryImageOfPage\":{\"@id\":\"https:\\\/\\\/anadolupet.com.tr\\\/urun\\\/hills-pd-z-d-kopek-konservesi-12x370g\\\/#primaryimage\"},\"image\":{\"@id\":\"https:\\\/\\\/anadolupet.com.tr\\\/urun\\\/hills-pd-z-d-kopek-konservesi-12x370g\\\/#primaryimage\"},\"thumbnailUrl\":\"https:\\\/\\\/anadolupet.com.tr\\\/wp-content\\\/uploads\\\/2026\\\/02\\\/645-606375.jpg\",\"datePublished\":\"2026-02-14T14:41:33+00:00\",\"dateModified\":\"2026-02-23T12:48:50+00:00\",\"breadcrumb\":{\"@id\":\"https:\\\/\\\/anadolupet.com.tr\\\/urun\\\/hills-pd-z-d-kopek-konservesi-12x370g\\\/#breadcrumb\"},\"inLanguage\":\"en-US\",\"potentialAction\":[{\"@type\":\"ReadAction\",\"target\":[\"https:\\\/\\\/anadolupet.com.tr\\\/urun\\\/hills-pd-z-d-kopek-konservesi-12x370g\\\/\"]}]},{\"@type\":\"ImageObject\",\"inLanguage\":\"en-US\",\"@id\":\"https:\\\/\\\/anadolupet.com.tr\\\/urun\\\/hills-pd-z-d-kopek-konservesi-12x370g\\\/#primaryimage\",\"url\":\"https:\\\/\\\/anadolupet.com.tr\\\/wp-content\\\/uploads\\\/2026\\\/02\\\/645-606375.jpg\",\"contentUrl\":\"https:\\\/\\\/anadolupet.com.tr\\\/wp-content\\\/uploads\\\/2026\\\/02\\\/645-606375.jpg\",\"width\":750,\"height\":750},{\"@type\":\"BreadcrumbList\",\"@id\":\"https:\\\/\\\/anadolupet.com.tr\\\/urun\\\/hills-pd-z-d-kopek-konservesi-12x370g\\\/#breadcrumb\",\"itemListElement\":[{\"@type\":\"ListItem\",\"position\":1,\"name\":\"Anasayfa\",\"item\":\"https:\\\/\\\/anadolupet.com.tr\\\/\"},{\"@type\":\"ListItem\",\"position\":2,\"name\":\"\u00dcr\u00fcnler\",\"item\":\"https:\\\/\\\/anadolupet.com.tr\\\/urunler\\\/\"},{\"@type\":\"ListItem\",\"position\":3,\"name\":\"Hill&#8217;s PD Z\\\/D K\u00f6pek Konservesi 12X370G\"}]},{\"@type\":\"WebSite\",\"@id\":\"https:\\\/\\\/anadolupet.com.tr\\\/#website\",\"url\":\"https:\\\/\\\/anadolupet.com.tr\\\/\",\"name\":\"Anadolu Pet Grup\",\"description\":\"Her Can\u0131n \u0130yi Ya\u015fam\u0131 \u0130\u00e7in Biraraday\u0131z\",\"publisher\":{\"@id\":\"https:\\\/\\\/anadolupet.com.tr\\\/#organization\"},\"potentialAction\":[{\"@type\":\"SearchAction\",\"target\":{\"@type\":\"EntryPoint\",\"urlTemplate\":\"https:\\\/\\\/anadolupet.com.tr\\\/?s={search_term_string}\"},\"query-input\":{\"@type\":\"PropertyValueSpecification\",\"valueRequired\":true,\"valueName\":\"search_term_string\"}}],\"inLanguage\":\"en-US\"},{\"@type\":\"Organization\",\"@id\":\"https:\\\/\\\/anadolupet.com.tr\\\/#organization\",\"name\":\"Anadolu Pet Grup\",\"alternateName\":\"Anadolu Pet\",\"url\":\"https:\\\/\\\/anadolupet.com.tr\\\/\",\"logo\":{\"@type\":\"ImageObject\",\"inLanguage\":\"en-US\",\"@id\":\"https:\\\/\\\/anadolupet.com.tr\\\/#\\\/schema\\\/logo\\\/image\\\/\",\"url\":\"https:\\\/\\\/anadolupet.com.tr\\\/wp-content\\\/uploads\\\/2026\\\/03\\\/1614666743370.jpg\",\"contentUrl\":\"https:\\\/\\\/anadolupet.com.tr\\\/wp-content\\\/uploads\\\/2026\\\/03\\\/1614666743370.jpg\",\"width\":800,\"height\":571,\"caption\":\"Anadolu Pet Grup\"},\"image\":{\"@id\":\"https:\\\/\\\/anadolupet.com.tr\\\/#\\\/schema\\\/logo\\\/image\\\/\"}}]}<\/script>\n<!-- \/ Yoast SEO plugin. -->","yoast_head_json":{"title":"Hill's PD Z\/D K\u00f6pek Konservesi 12X370G - Anadolu Pet Grup","robots":{"index":"index","follow":"follow","max-snippet":"max-snippet:-1","max-image-preview":"max-image-preview:large","max-video-preview":"max-video-preview:-1"},"canonical":"https:\/\/anadolupet.com.tr\/en\/product\/hills-pd-z-d-kopek-konservesi-12x370g\/","og_locale":"en_US","og_type":"article","og_title":"Hill's PD Z\/D K\u00f6pek Konservesi 12X370G - Anadolu Pet Grup","og_description":"Sindirim sistemi rahats\u0131zl\u0131klar\u0131 ve intolerans potansiyel olarak ciddi sorunlard\u0131r ve bu sorunlar ciltte tahri\u015fe, t\u00fcylerde ve kulakta iltihaplara veya gastrointestinal bozulmaya yol a\u00e7ar. Bir g\u0131da alerjisi (tipik olarak g\u0131dalardaki bir proteine) veya intolerans\u0131na ba\u011fl\u0131 advers mama reaksiyonlar\u0131 olan k\u00f6pekler, g\u0131da duyarl\u0131l\u0131klar\u0131 i\u00e7in tasarlanm\u0131\u015f bir mamadan yararlan\u0131r. Hill\u2019s beslenme uzmanlar\u0131 ve veterinerler, k\u00f6pe\u011finizin sindirim sistemi rahats\u0131zl\u0131klar\u0131n\u0131n \u00e7\u00f6z\u00fcm\u00fcn\u00fc desteklemek i\u00e7in Prescription Diet z\/d klinik mamas\u0131n\u0131 geli\u015ftirmi\u015flerdir. Asl\u0131na bakarsan\u0131z, z\/d\u2019nin g\u0131da intoleranslar\u0131n\u0131n neden oldu\u011fu deri &amp; sindirim problemlerini azaltmaya yard\u0131mc\u0131 oldu\u011fu klinik olarak kan\u0131tlanm\u0131\u015ft\u0131r. Sindirim sistemi rahats\u0131zl\u0131klar\u0131, proteinlerin deriden girip, sindirim sisteminden v\u00fccuda ge\u00e7mesi ve ba\u011f\u0131\u015f\u0131kl\u0131k sisteminin tepki vermesine neden oldu\u011fu i\u00e7in meydana gelir. z\/d, k\u00f6pe\u011finizin daha iyi beslenmesine yard\u0131mc\u0131 olmak i\u00e7in ba\u011f\u0131\u015f\u0131kl\u0131k sistemi taraf\u0131ndan tespit edilmeyi \u00f6nlemek i\u00e7in yumu\u015fak ve k\u00fc\u00e7\u00fck par\u00e7alara b\u00f6l\u00fcnm\u00fc\u015f proteinler, sa\u011fl\u0131kl\u0131 ba\u011f\u0131rsak mikrobiyom dengesi olu\u015fturmak i\u00e7in prebiyotikler ve sa\u011fl\u0131kl\u0131 bir deri olu\u015fturmak i\u00e7in \u00e7e\u015fitli ya\u011f asitleri i\u00e7eren \u00f6zel bir mamad\u0131r. z\/d, d\u0131\u015ftan g\u00f6rd\u00fc\u011f\u00fcn\u00fcz ve g\u0131da intoleranslar\u0131ndan kaynaklanan deri &amp; sindirim sistemi rahats\u0131zl\u0131klar\u0131n\u0131 azaltt\u0131\u011f\u0131 klinik olarak kan\u0131tlanm\u0131\u015f bir besindir. Bu \u00fcr\u00fcn\u00fcn, belirli mamalara a\u015f\u0131r\u0131 aktif ba\u011f\u0131\u015f\u0131kl\u0131k reaksiyonundan kaynaklanan temel sorunu \u00f6nlemek i\u00e7in evcil hayvan\u0131n sindirim sistemi i\u00e7inde \u00e7al\u0131\u015ft\u0131\u011f\u0131ndan emin olun. Bu mama \u00f6nceden sindirilmi\u015f hayvansal proteinler, antioksidanlar, prebiyotik lifler ve deriyi besleyen besinler i\u00e7erir. Bu konserve mama, kedinizin kolayca sevece\u011fi dayan\u0131lmaz bir tada ve p\u00fcr\u00fczs\u00fcz bir dokuya sahiptir. \u0130\u00c7\u0130NDEK\u0130LER: Et ve hayvansal yan \u00fcr\u00fcnler, bitkisel k\u00f6kenli yan \u00fcr\u00fcnler, mineraller, s\u0131v\u0131 ve kat\u0131 ya\u011flar, meyve, tohumlar. Protein kayna\u011f\u0131: Tavuk ci\u011feri hidrolizat\u0131. Karbonhidrat kayna\u011f\u0131: M\u0131s\u0131r ni\u015fastas\u0131. KG BA\u015eINA D\u00dc\u015eEN KATKI MADDELER\u0130: Besleyici katk\u0131 maddeleri: 3b103 (Demir) 32.6mg, 3b202 (\u0130yot) 1,2mg, 3b405 (Bak\u0131r) 4,9mg, 3b503 (Manganez) 3,6mg, 3b603 (\u00c7inko) 41,5mg. ANAL\u0130T\u0130K B\u0130LE\u015eENLER: Protein %5,2, Ya\u011f i\u00e7eri\u011fi %3,9, Ham lif %1,2, Faydal\u0131 ya\u011f asitleri %1,3, Ham k\u00fcl %1,4, Nem %75,5, Kalsiyum %0,20, Fosfor %0,14, Sodyum %0,08, Potasyum %0,21, Magnezyum %0,02%; kg ba\u015f\u0131na: Vitamin A 14.954IU, Vitamin D3 423IU. Hill's PRESCRIPTION DIET z\/d K\u00f6pek Mamas\u0131, yeti\u015fkin k\u00f6peklerde i\u00e7erik maddesi ve besleyici madde intoleranslar\u0131n\u0131 azaltmaya y\u00f6nelik tam diyetetik bir evcil hayvan mamas\u0131d\u0131r. Bu diyetetik evcil hayvan mamas\u0131 se\u00e7ili bir karbonhidrat kayna\u011f\u0131 ve hidrolize protein kayna\u011f\u0131 i\u00e7erir.","og_url":"https:\/\/anadolupet.com.tr\/en\/product\/hills-pd-z-d-kopek-konservesi-12x370g\/","og_site_name":"Anadolu Pet Grup","article_modified_time":"2026-02-23T12:48:50+00:00","og_image":[{"width":750,"height":750,"url":"https:\/\/anadolupet.com.tr\/wp-content\/uploads\/2026\/02\/645-606375.jpg","type":"image\/jpeg"}],"twitter_card":"summary_large_image","schema":{"@context":"https:\/\/schema.org","@graph":[{"@type":"WebPage","@id":"https:\/\/anadolupet.com.tr\/urun\/hills-pd-z-d-kopek-konservesi-12x370g\/","url":"https:\/\/anadolupet.com.tr\/urun\/hills-pd-z-d-kopek-konservesi-12x370g\/","name":"Hill's PD Z\/D K\u00f6pek Konservesi 12X370G - Anadolu Pet Grup","isPartOf":{"@id":"https:\/\/anadolupet.com.tr\/#website"},"primaryImageOfPage":{"@id":"https:\/\/anadolupet.com.tr\/urun\/hills-pd-z-d-kopek-konservesi-12x370g\/#primaryimage"},"image":{"@id":"https:\/\/anadolupet.com.tr\/urun\/hills-pd-z-d-kopek-konservesi-12x370g\/#primaryimage"},"thumbnailUrl":"https:\/\/anadolupet.com.tr\/wp-content\/uploads\/2026\/02\/645-606375.jpg","datePublished":"2026-02-14T14:41:33+00:00","dateModified":"2026-02-23T12:48:50+00:00","breadcrumb":{"@id":"https:\/\/anadolupet.com.tr\/urun\/hills-pd-z-d-kopek-konservesi-12x370g\/#breadcrumb"},"inLanguage":"en-US","potentialAction":[{"@type":"ReadAction","target":["https:\/\/anadolupet.com.tr\/urun\/hills-pd-z-d-kopek-konservesi-12x370g\/"]}]},{"@type":"ImageObject","inLanguage":"en-US","@id":"https:\/\/anadolupet.com.tr\/urun\/hills-pd-z-d-kopek-konservesi-12x370g\/#primaryimage","url":"https:\/\/anadolupet.com.tr\/wp-content\/uploads\/2026\/02\/645-606375.jpg","contentUrl":"https:\/\/anadolupet.com.tr\/wp-content\/uploads\/2026\/02\/645-606375.jpg","width":750,"height":750},{"@type":"BreadcrumbList","@id":"https:\/\/anadolupet.com.tr\/urun\/hills-pd-z-d-kopek-konservesi-12x370g\/#breadcrumb","itemListElement":[{"@type":"ListItem","position":1,"name":"Anasayfa","item":"https:\/\/anadolupet.com.tr\/"},{"@type":"ListItem","position":2,"name":"\u00dcr\u00fcnler","item":"https:\/\/anadolupet.com.tr\/urunler\/"},{"@type":"ListItem","position":3,"name":"Hill&#8217;s PD Z\/D K\u00f6pek Konservesi 12X370G"}]},{"@type":"WebSite","@id":"https:\/\/anadolupet.com.tr\/#website","url":"https:\/\/anadolupet.com.tr\/","name":"Anadolu Pet Group","description":"We Stand Together for the Well-Being of Every Life","publisher":{"@id":"https:\/\/anadolupet.com.tr\/#organization"},"potentialAction":[{"@type":"SearchAction","target":{"@type":"EntryPoint","urlTemplate":"https:\/\/anadolupet.com.tr\/?s={search_term_string}"},"query-input":{"@type":"PropertyValueSpecification","valueRequired":true,"valueName":"search_term_string"}}],"inLanguage":"en-US"},{"@type":"Organization","@id":"https:\/\/anadolupet.com.tr\/#organization","name":"Anadolu Pet Group","alternateName":"Anadolu Pet","url":"https:\/\/anadolupet.com.tr\/","logo":{"@type":"ImageObject","inLanguage":"en-US","@id":"https:\/\/anadolupet.com.tr\/#\/schema\/logo\/image\/","url":"https:\/\/anadolupet.com.tr\/wp-content\/uploads\/2026\/03\/1614666743370.jpg","contentUrl":"https:\/\/anadolupet.com.tr\/wp-content\/uploads\/2026\/03\/1614666743370.jpg","width":800,"height":571,"caption":"Anadolu Pet Grup"},"image":{"@id":"https:\/\/anadolupet.com.tr\/#\/schema\/logo\/image\/"}}]}},"_links":{"self":[{"href":"https:\/\/anadolupet.com.tr\/en\/wp-json\/wp\/v2\/product\/45405","targetHints":{"allow":["GET"]}}],"collection":[{"href":"https:\/\/anadolupet.com.tr\/en\/wp-json\/wp\/v2\/product"}],"about":[{"href":"https:\/\/anadolupet.com.tr\/en\/wp-json\/wp\/v2\/types\/product"}],"replies":[{"embeddable":true,"href":"https:\/\/anadolupet.com.tr\/en\/wp-json\/wp\/v2\/comments?post=45405"}],"wp:featuredmedia":[{"embeddable":true,"href":"https:\/\/anadolupet.com.tr\/en\/wp-json\/wp\/v2\/media\/44413"}],"wp:attachment":[{"href":"https:\/\/anadolupet.com.tr\/en\/wp-json\/wp\/v2\/media?parent=45405"}],"wp:term":[{"taxonomy":"product_brand","embeddable":true,"href":"https:\/\/anadolupet.com.tr\/en\/wp-json\/wp\/v2\/product_brand?post=45405"},{"taxonomy":"product_cat","embeddable":true,"href":"https:\/\/anadolupet.com.tr\/en\/wp-json\/wp\/v2\/product_cat?post=45405"},{"taxonomy":"product_tag","embeddable":true,"href":"https:\/\/anadolupet.com.tr\/en\/wp-json\/wp\/v2\/product_tag?post=45405"}],"curies":[{"name":"wp","href":"https:\/\/api.w.org\/{rel}","templated":true}]}}