{"id":45412,"date":"2026-02-14T14:41:34","date_gmt":"2026-02-14T14:41:34","guid":{"rendered":"https:\/\/anadolupet.com.tr\/urun\/hills-pd-z-d-ultra-allergen-kopek-mamasi-82kg\/"},"modified":"2026-02-23T12:48:50","modified_gmt":"2026-02-23T12:48:50","slug":"hills-pd-z-d-ultra-allergen-kopek-mamasi-82kg","status":"publish","type":"product","link":"https:\/\/anadolupet.com.tr\/en\/urun\/hills-pd-z-d-ultra-allergen-kopek-mamasi-82kg\/","title":{"rendered":"Hill&#8217;s PD Z\/D ULTRA ALLERGEN K\u00f6pek Mamas\u0131 8+2KG"},"content":{"rendered":"","protected":false},"excerpt":{"rendered":"<p>L\u00fctfen unutmay\u0131n &#8211; ActivBiome+ teknolojisinin eklenmesinden \u00f6nce bu diyeti daha \u00f6nce beslemi\u015f olan m\u00fc\u015fteriler i\u00e7in evcil hayvan\u0131n\u0131z\u0131 7 g\u00fcnl\u00fck bir s\u00fcre i\u00e7inde y\u00fckseltilmi\u015f form\u00fcle ge\u00e7irmeniz \u00f6nerilir. Herhangi bir ek bilgi i\u00e7in l\u00fctfen veterinerinize dan\u0131\u015f\u0131n Hill&#8217;s PRESCRIPTION DIET z\/d k\u00f6pek mamas\u0131, k\u00f6pe\u011finizin mama hassasiyetlerini desteklemek i\u00e7in \u00f6zel olarak form\u00fcle edilmi\u015f klinik beslenmedir. Bu hassas mide k\u00f6pek mamas\u0131n\u0131n g\u0131da intoleranslar\u0131ndan kaynaklanan cilt ve sindirim sistemi sorunlar\u0131n\u0131n belirtilerini azaltt\u0131\u011f\u0131 klinik olarak kan\u0131tlanm\u0131\u015ft\u0131r. \u0130stenmeyen reaksiyonlar\u0131 ve sindirim sistemi i\u00e7in yeni ActivBiome+ Teknolojisini \u00f6nlemeye yard\u0131mc\u0131 olan hidrolize proteinli bir k\u00f6pek mamas\u0131d\u0131r. Bu kuru k\u00f6pek mamas\u0131, k\u00f6pe\u011finizin sevece\u011fi lezzetli bir tada sahiptir.<br \/>\nG\u0131da hassasiyetleri ve intolerans\u0131, tahri\u015f olmu\u015f cilt, t\u00fcy ve kulak rahats\u0131zl\u0131klar\u0131 ve hatta mide-ba\u011f\u0131rsak rahats\u0131zl\u0131\u011f\u0131 ile sonu\u00e7lanabilecek potansiyel olarak ciddi problemlerdir. G\u0131da alerjisi (tipik olarak g\u0131dadaki bir proteine) veya intolerans\u0131 nedeniyle olumsuz g\u0131da reaksiyonlar\u0131 olan k\u00f6pekler, g\u0131da hassasiyetleri i\u00e7in tasarlanm\u0131\u015f bir mamadan yararlan\u0131r.<br \/>\nSemptomlar\u0131 d\u00fczeldikten sonra bile k\u00f6pe\u011finizin g\u0131da intoleranslar\u0131n\u0131 azaltmaya yard\u0131mc\u0131 olmak i\u00e7in PRESCRIPTION DIET z\/d Mama Hassasiyeti K\u00f6pek Mamas\u0131 ile beslemeye devam etmek \u00f6nemlidir. PRESCRIPTION DIET mamalar\u0131n\u0131n k\u00f6pe\u011finizin mutlu ve aktif bir ya\u015fam s\u00fcrmeye devam etmesine nas\u0131l yard\u0131mc\u0131 olabilece\u011fi hakk\u0131nda daha fazla bilgi i\u00e7in veteriner hekiminize dan\u0131\u015f\u0131n.<br \/>\nEvcil hayvan\u0131n\u0131z\u0131n hayat\u0131n\u0131 de\u011fi\u015ftirmeye yard\u0131mc\u0131 olan harika tada sahip beslenme. Size sorumluluklar\u0131n\u0131zda olduklar\u0131 i\u00e7in, insanca, m\u00fcmk\u00fcn olan en iyi mamay\u0131 sa\u011flamaya \u00e7al\u0131\u015f\u0131yoruz. K\u00f6pe\u011finizin benzersiz sa\u011fl\u0131k ihtiya\u00e7lar\u0131n\u0131 kar\u015f\u0131lamak i\u00e7in bilime \u00f6ncelik veren form\u00fcllerle, PRESCRIPTION DIET k\u00f6pek mamas\u0131, uzun ve mutlu bir ya\u015fam s\u00fcrmeleri i\u00e7in ihtiya\u00e7 duyduklar\u0131 hedeflenen beslenmedir.<br \/>\nEvcil hayvan mamalar\u0131m\u0131z\u0131 en y\u00fcksek kaliteli malzemelerle \u00fcretiyoruz. Bu malzemeler, safl\u0131k ve besin i\u00e7eri\u011fi konusundaki kat\u0131 kriterlerimizi kar\u015f\u0131lar.<br \/>\nHill&#8217;s PRESCRIPTION DIET evcil hayvan mamalar\u0131 ve \u00f6d\u00fcl mamalar\u0131, k\u00f6pe\u011finizin benzersiz ihtiya\u00e7lar\u0131n\u0131 kar\u015f\u0131lamak i\u00e7in haz\u0131rlanan ve k\u00f6pe\u011finizin bay\u0131laca\u011f\u0131 lezzetler i\u00e7eren, \u00e7e\u015fitli kuru ve ya\u015f konserve mamalar sunmaktad\u0131r.<br \/>\n\u0130\u00c7\u0130NDEK\u0130LER: Bitkisel orjinli t\u00fcrevler, et ve hayvan t\u00fcrevleri, s\u0131v\u0131 ve kat\u0131 ya\u011flar (bal\u0131k ya\u011f\u0131 0,9%), meyve, mineraller, tohumlar. Karbonhidrat kayna\u011f\u0131: M\u0131s\u0131r ni\u015fastas\u0131. Protein kayna\u011f\u0131: Tavuk ci\u011fer hidrolizi (26%).<br \/>\nKG BA\u015eINA KATKILAR: Besinsel katk\u0131lar: 3b103 (Demir) 94,7mg, 3b202 (\u0130yodin) 4,1mg, 3b405 (Bak\u0131r) 11,1mg, 3b502 (Manganez) 9,8mg, 3b603 (\u00c7inko) 147mg, do\u011fal antioksidan ile.<br \/>\nANAL\u0130T\u0130K B\u0130LE\u015eENLER: Protein 17,6%, Ya\u011f i\u00e7eri\u011fi 14,4%, Ham sel\u00fcloz 6,5%, Esansiyel ya\u011f asitleri 4,2%, Ham k\u00fcl 5,5%, Kalsiyum 0,85%, Fosfor 0,51%, Sodyum 0,24%, Potasyum 0,69%, Magnezyum 0,07%; kg ba\u015f\u0131na: A Vitamini 11.421IU, D3 Vitamini 786IU, E Vitamini 826mg, C Vitamini 115mg, Beta-karoten 1,4mg.<br \/>\nHill&#8217;s PRESCRIPTION DIET z\/d Dog Food, yeti\u015fkin k\u00f6peklerde malzeme ve besin intoleranslar\u0131n\u0131n azalt\u0131lmas\u0131 i\u00e7in haz\u0131rlanm\u0131\u015f tam ve dengeli diyetetik evcil hayvan mamas\u0131d\u0131r. Bu mama se\u00e7ilmi\u015f karbonhidrat kayna\u011f\u0131 ve hidrolize protein kayna\u011f\u0131 i\u00e7erir.<br \/>\nBESLEME TAL\u0130MATI: B\u00fct\u00fcn besleme talimatlar\u0131 i\u00e7in l\u00fctfen ambalaja bak\u0131n. Mama miktar\u0131n\u0131 ideal kiloyu koruyacak \u015fekilde ayarlay\u0131n. Emin de\u011filseniz veteriner hekiminize sorun. Bu mamay\u0131 ilk defa m\u0131 kullan\u0131yorsunuz? 7 g\u00fcnl\u00fck bir s\u00fcre boyunca eski mama miktar\u0131n\u0131 bir kar\u0131\u015f\u0131m i\u00e7erisinde kademeli olarak azalt\u0131p yeni mamay\u0131 kademeli olarak art\u0131r\u0131n. Temiz ve taze suyu daima haz\u0131r bulundurun! Evcil hayvan\u0131n\u0131z\u0131n beslenme ihtiya\u00e7lar\u0131 ya\u015fland\u0131k\u00e7a de\u011fi\u015febilir. Her muayenede veteriner hekiminize sorun.<\/p>","protected":false},"featured_media":44400,"comment_status":"open","ping_status":"closed","template":"","meta":{"_acf_changed":false},"product_brand":[],"product_cat":[2456],"product_tag":[],"class_list":{"0":"post-45412","1":"product","2":"type-product","3":"status-publish","4":"has-post-thumbnail","6":"product_cat-receteli-diyet-kopek-mamalari","8":"first","9":"instock","10":"shipping-taxable","11":"product-type-simple"},"acf":[],"yoast_head":"<!-- This site is optimized with the Yoast SEO plugin v27.5 - https:\/\/yoast.com\/product\/yoast-seo-wordpress\/ -->\n<title>Hill&#039;s PD Z\/D ULTRA ALLERGEN K\u00f6pek Mamas\u0131 8+2KG - Anadolu Pet Grup<\/title>\n<meta name=\"robots\" content=\"index, follow, max-snippet:-1, max-image-preview:large, max-video-preview:-1\" \/>\n<link rel=\"canonical\" href=\"https:\/\/anadolupet.com.tr\/en\/product\/hills-pd-z-d-ultra-allergen-kopek-mamasi-82kg\/\" \/>\n<meta property=\"og:locale\" content=\"en_US\" \/>\n<meta property=\"og:type\" content=\"article\" \/>\n<meta property=\"og:title\" content=\"Hill&#039;s PD Z\/D ULTRA ALLERGEN K\u00f6pek Mamas\u0131 8+2KG - Anadolu Pet Grup\" \/>\n<meta property=\"og:description\" content=\"L\u00fctfen unutmay\u0131n - ActivBiome+ teknolojisinin eklenmesinden \u00f6nce bu diyeti daha \u00f6nce beslemi\u015f olan m\u00fc\u015fteriler i\u00e7in evcil hayvan\u0131n\u0131z\u0131 7 g\u00fcnl\u00fck bir s\u00fcre i\u00e7inde y\u00fckseltilmi\u015f form\u00fcle ge\u00e7irmeniz \u00f6nerilir. Herhangi bir ek bilgi i\u00e7in l\u00fctfen veterinerinize dan\u0131\u015f\u0131n Hill&#039;s PRESCRIPTION DIET z\/d k\u00f6pek mamas\u0131, k\u00f6pe\u011finizin mama hassasiyetlerini desteklemek i\u00e7in \u00f6zel olarak form\u00fcle edilmi\u015f klinik beslenmedir. Bu hassas mide k\u00f6pek mamas\u0131n\u0131n g\u0131da intoleranslar\u0131ndan kaynaklanan cilt ve sindirim sistemi sorunlar\u0131n\u0131n belirtilerini azaltt\u0131\u011f\u0131 klinik olarak kan\u0131tlanm\u0131\u015ft\u0131r. \u0130stenmeyen reaksiyonlar\u0131 ve sindirim sistemi i\u00e7in yeni ActivBiome+ Teknolojisini \u00f6nlemeye yard\u0131mc\u0131 olan hidrolize proteinli bir k\u00f6pek mamas\u0131d\u0131r. Bu kuru k\u00f6pek mamas\u0131, k\u00f6pe\u011finizin sevece\u011fi lezzetli bir tada sahiptir. G\u0131da hassasiyetleri ve intolerans\u0131, tahri\u015f olmu\u015f cilt, t\u00fcy ve kulak rahats\u0131zl\u0131klar\u0131 ve hatta mide-ba\u011f\u0131rsak rahats\u0131zl\u0131\u011f\u0131 ile sonu\u00e7lanabilecek potansiyel olarak ciddi problemlerdir. G\u0131da alerjisi (tipik olarak g\u0131dadaki bir proteine) veya intolerans\u0131 nedeniyle olumsuz g\u0131da reaksiyonlar\u0131 olan k\u00f6pekler, g\u0131da hassasiyetleri i\u00e7in tasarlanm\u0131\u015f bir mamadan yararlan\u0131r. Semptomlar\u0131 d\u00fczeldikten sonra bile k\u00f6pe\u011finizin g\u0131da intoleranslar\u0131n\u0131 azaltmaya yard\u0131mc\u0131 olmak i\u00e7in PRESCRIPTION DIET z\/d Mama Hassasiyeti K\u00f6pek Mamas\u0131 ile beslemeye devam etmek \u00f6nemlidir. PRESCRIPTION DIET mamalar\u0131n\u0131n k\u00f6pe\u011finizin mutlu ve aktif bir ya\u015fam s\u00fcrmeye devam etmesine nas\u0131l yard\u0131mc\u0131 olabilece\u011fi hakk\u0131nda daha fazla bilgi i\u00e7in veteriner hekiminize dan\u0131\u015f\u0131n. Evcil hayvan\u0131n\u0131z\u0131n hayat\u0131n\u0131 de\u011fi\u015ftirmeye yard\u0131mc\u0131 olan harika tada sahip beslenme. Size sorumluluklar\u0131n\u0131zda olduklar\u0131 i\u00e7in, insanca, m\u00fcmk\u00fcn olan en iyi mamay\u0131 sa\u011flamaya \u00e7al\u0131\u015f\u0131yoruz. K\u00f6pe\u011finizin benzersiz sa\u011fl\u0131k ihtiya\u00e7lar\u0131n\u0131 kar\u015f\u0131lamak i\u00e7in bilime \u00f6ncelik veren form\u00fcllerle, PRESCRIPTION DIET k\u00f6pek mamas\u0131, uzun ve mutlu bir ya\u015fam s\u00fcrmeleri i\u00e7in ihtiya\u00e7 duyduklar\u0131 hedeflenen beslenmedir. Evcil hayvan mamalar\u0131m\u0131z\u0131 en y\u00fcksek kaliteli malzemelerle \u00fcretiyoruz. Bu malzemeler, safl\u0131k ve besin i\u00e7eri\u011fi konusundaki kat\u0131 kriterlerimizi kar\u015f\u0131lar. Hill&#039;s PRESCRIPTION DIET evcil hayvan mamalar\u0131 ve \u00f6d\u00fcl mamalar\u0131, k\u00f6pe\u011finizin benzersiz ihtiya\u00e7lar\u0131n\u0131 kar\u015f\u0131lamak i\u00e7in haz\u0131rlanan ve k\u00f6pe\u011finizin bay\u0131laca\u011f\u0131 lezzetler i\u00e7eren, \u00e7e\u015fitli kuru ve ya\u015f konserve mamalar sunmaktad\u0131r. \u0130\u00c7\u0130NDEK\u0130LER: Bitkisel orjinli t\u00fcrevler, et ve hayvan t\u00fcrevleri, s\u0131v\u0131 ve kat\u0131 ya\u011flar (bal\u0131k ya\u011f\u0131 0,9%), meyve, mineraller, tohumlar. Karbonhidrat kayna\u011f\u0131: M\u0131s\u0131r ni\u015fastas\u0131. Protein kayna\u011f\u0131: Tavuk ci\u011fer hidrolizi (26%). KG BA\u015eINA KATKILAR: Besinsel katk\u0131lar: 3b103 (Demir) 94,7mg, 3b202 (\u0130yodin) 4,1mg, 3b405 (Bak\u0131r) 11,1mg, 3b502 (Manganez) 9,8mg, 3b603 (\u00c7inko) 147mg, do\u011fal antioksidan ile. ANAL\u0130T\u0130K B\u0130LE\u015eENLER: Protein 17,6%, Ya\u011f i\u00e7eri\u011fi 14,4%, Ham sel\u00fcloz 6,5%, Esansiyel ya\u011f asitleri 4,2%, Ham k\u00fcl 5,5%, Kalsiyum 0,85%, Fosfor 0,51%, Sodyum 0,24%, Potasyum 0,69%, Magnezyum 0,07%; kg ba\u015f\u0131na: A Vitamini 11.421IU, D3 Vitamini 786IU, E Vitamini 826mg, C Vitamini 115mg, Beta-karoten 1,4mg. Hill&#039;s PRESCRIPTION DIET z\/d Dog Food, yeti\u015fkin k\u00f6peklerde malzeme ve besin intoleranslar\u0131n\u0131n azalt\u0131lmas\u0131 i\u00e7in haz\u0131rlanm\u0131\u015f tam ve dengeli diyetetik evcil hayvan mamas\u0131d\u0131r. Bu mama se\u00e7ilmi\u015f karbonhidrat kayna\u011f\u0131 ve hidrolize protein kayna\u011f\u0131 i\u00e7erir. BESLEME TAL\u0130MATI: B\u00fct\u00fcn besleme talimatlar\u0131 i\u00e7in l\u00fctfen ambalaja bak\u0131n. Mama miktar\u0131n\u0131 ideal kiloyu koruyacak \u015fekilde ayarlay\u0131n. Emin de\u011filseniz veteriner hekiminize sorun. Bu mamay\u0131 ilk defa m\u0131 kullan\u0131yorsunuz? 7 g\u00fcnl\u00fck bir s\u00fcre boyunca eski mama miktar\u0131n\u0131 bir kar\u0131\u015f\u0131m i\u00e7erisinde kademeli olarak azalt\u0131p yeni mamay\u0131 kademeli olarak art\u0131r\u0131n. Temiz ve taze suyu daima haz\u0131r bulundurun! Evcil hayvan\u0131n\u0131z\u0131n beslenme ihtiya\u00e7lar\u0131 ya\u015fland\u0131k\u00e7a de\u011fi\u015febilir. Her muayenede veteriner hekiminize sorun.\" \/>\n<meta property=\"og:url\" content=\"https:\/\/anadolupet.com.tr\/en\/product\/hills-pd-z-d-ultra-allergen-kopek-mamasi-82kg\/\" \/>\n<meta property=\"og:site_name\" content=\"Anadolu Pet Grup\" \/>\n<meta property=\"article:modified_time\" content=\"2026-02-23T12:48:50+00:00\" \/>\n<meta property=\"og:image\" content=\"https:\/\/anadolupet.com.tr\/wp-content\/uploads\/2026\/02\/640-607639-P.jpg\" \/>\n\t<meta property=\"og:image:width\" content=\"750\" \/>\n\t<meta property=\"og:image:height\" content=\"750\" \/>\n\t<meta property=\"og:image:type\" content=\"image\/jpeg\" \/>\n<meta name=\"twitter:card\" content=\"summary_large_image\" \/>\n<script type=\"application\/ld+json\" class=\"yoast-schema-graph\">{\"@context\":\"https:\\\/\\\/schema.org\",\"@graph\":[{\"@type\":\"WebPage\",\"@id\":\"https:\\\/\\\/anadolupet.com.tr\\\/urun\\\/hills-pd-z-d-ultra-allergen-kopek-mamasi-82kg\\\/\",\"url\":\"https:\\\/\\\/anadolupet.com.tr\\\/urun\\\/hills-pd-z-d-ultra-allergen-kopek-mamasi-82kg\\\/\",\"name\":\"Hill's PD Z\\\/D ULTRA ALLERGEN K\u00f6pek Mamas\u0131 8+2KG - Anadolu Pet Grup\",\"isPartOf\":{\"@id\":\"https:\\\/\\\/anadolupet.com.tr\\\/#website\"},\"primaryImageOfPage\":{\"@id\":\"https:\\\/\\\/anadolupet.com.tr\\\/urun\\\/hills-pd-z-d-ultra-allergen-kopek-mamasi-82kg\\\/#primaryimage\"},\"image\":{\"@id\":\"https:\\\/\\\/anadolupet.com.tr\\\/urun\\\/hills-pd-z-d-ultra-allergen-kopek-mamasi-82kg\\\/#primaryimage\"},\"thumbnailUrl\":\"https:\\\/\\\/anadolupet.com.tr\\\/wp-content\\\/uploads\\\/2026\\\/02\\\/640-607639-P.jpg\",\"datePublished\":\"2026-02-14T14:41:34+00:00\",\"dateModified\":\"2026-02-23T12:48:50+00:00\",\"breadcrumb\":{\"@id\":\"https:\\\/\\\/anadolupet.com.tr\\\/urun\\\/hills-pd-z-d-ultra-allergen-kopek-mamasi-82kg\\\/#breadcrumb\"},\"inLanguage\":\"en-US\",\"potentialAction\":[{\"@type\":\"ReadAction\",\"target\":[\"https:\\\/\\\/anadolupet.com.tr\\\/urun\\\/hills-pd-z-d-ultra-allergen-kopek-mamasi-82kg\\\/\"]}]},{\"@type\":\"ImageObject\",\"inLanguage\":\"en-US\",\"@id\":\"https:\\\/\\\/anadolupet.com.tr\\\/urun\\\/hills-pd-z-d-ultra-allergen-kopek-mamasi-82kg\\\/#primaryimage\",\"url\":\"https:\\\/\\\/anadolupet.com.tr\\\/wp-content\\\/uploads\\\/2026\\\/02\\\/640-607639-P.jpg\",\"contentUrl\":\"https:\\\/\\\/anadolupet.com.tr\\\/wp-content\\\/uploads\\\/2026\\\/02\\\/640-607639-P.jpg\",\"width\":750,\"height\":750},{\"@type\":\"BreadcrumbList\",\"@id\":\"https:\\\/\\\/anadolupet.com.tr\\\/urun\\\/hills-pd-z-d-ultra-allergen-kopek-mamasi-82kg\\\/#breadcrumb\",\"itemListElement\":[{\"@type\":\"ListItem\",\"position\":1,\"name\":\"Anasayfa\",\"item\":\"https:\\\/\\\/anadolupet.com.tr\\\/\"},{\"@type\":\"ListItem\",\"position\":2,\"name\":\"\u00dcr\u00fcnler\",\"item\":\"https:\\\/\\\/anadolupet.com.tr\\\/urunler\\\/\"},{\"@type\":\"ListItem\",\"position\":3,\"name\":\"Hill&#8217;s PD Z\\\/D ULTRA ALLERGEN K\u00f6pek Mamas\u0131 8+2KG\"}]},{\"@type\":\"WebSite\",\"@id\":\"https:\\\/\\\/anadolupet.com.tr\\\/#website\",\"url\":\"https:\\\/\\\/anadolupet.com.tr\\\/\",\"name\":\"Anadolu Pet Grup\",\"description\":\"Her Can\u0131n \u0130yi Ya\u015fam\u0131 \u0130\u00e7in Biraraday\u0131z\",\"publisher\":{\"@id\":\"https:\\\/\\\/anadolupet.com.tr\\\/#organization\"},\"potentialAction\":[{\"@type\":\"SearchAction\",\"target\":{\"@type\":\"EntryPoint\",\"urlTemplate\":\"https:\\\/\\\/anadolupet.com.tr\\\/?s={search_term_string}\"},\"query-input\":{\"@type\":\"PropertyValueSpecification\",\"valueRequired\":true,\"valueName\":\"search_term_string\"}}],\"inLanguage\":\"en-US\"},{\"@type\":\"Organization\",\"@id\":\"https:\\\/\\\/anadolupet.com.tr\\\/#organization\",\"name\":\"Anadolu Pet Grup\",\"alternateName\":\"Anadolu Pet\",\"url\":\"https:\\\/\\\/anadolupet.com.tr\\\/\",\"logo\":{\"@type\":\"ImageObject\",\"inLanguage\":\"en-US\",\"@id\":\"https:\\\/\\\/anadolupet.com.tr\\\/#\\\/schema\\\/logo\\\/image\\\/\",\"url\":\"https:\\\/\\\/anadolupet.com.tr\\\/wp-content\\\/uploads\\\/2026\\\/03\\\/1614666743370.jpg\",\"contentUrl\":\"https:\\\/\\\/anadolupet.com.tr\\\/wp-content\\\/uploads\\\/2026\\\/03\\\/1614666743370.jpg\",\"width\":800,\"height\":571,\"caption\":\"Anadolu Pet Grup\"},\"image\":{\"@id\":\"https:\\\/\\\/anadolupet.com.tr\\\/#\\\/schema\\\/logo\\\/image\\\/\"}}]}<\/script>\n<!-- \/ Yoast SEO plugin. -->","yoast_head_json":{"title":"Hill's PD Z\/D ULTRA ALLERGEN K\u00f6pek Mamas\u0131 8+2KG - Anadolu Pet Grup","robots":{"index":"index","follow":"follow","max-snippet":"max-snippet:-1","max-image-preview":"max-image-preview:large","max-video-preview":"max-video-preview:-1"},"canonical":"https:\/\/anadolupet.com.tr\/en\/product\/hills-pd-z-d-ultra-allergen-kopek-mamasi-82kg\/","og_locale":"en_US","og_type":"article","og_title":"Hill's PD Z\/D ULTRA ALLERGEN K\u00f6pek Mamas\u0131 8+2KG - Anadolu Pet Grup","og_description":"L\u00fctfen unutmay\u0131n - ActivBiome+ teknolojisinin eklenmesinden \u00f6nce bu diyeti daha \u00f6nce beslemi\u015f olan m\u00fc\u015fteriler i\u00e7in evcil hayvan\u0131n\u0131z\u0131 7 g\u00fcnl\u00fck bir s\u00fcre i\u00e7inde y\u00fckseltilmi\u015f form\u00fcle ge\u00e7irmeniz \u00f6nerilir. Herhangi bir ek bilgi i\u00e7in l\u00fctfen veterinerinize dan\u0131\u015f\u0131n Hill's PRESCRIPTION DIET z\/d k\u00f6pek mamas\u0131, k\u00f6pe\u011finizin mama hassasiyetlerini desteklemek i\u00e7in \u00f6zel olarak form\u00fcle edilmi\u015f klinik beslenmedir. Bu hassas mide k\u00f6pek mamas\u0131n\u0131n g\u0131da intoleranslar\u0131ndan kaynaklanan cilt ve sindirim sistemi sorunlar\u0131n\u0131n belirtilerini azaltt\u0131\u011f\u0131 klinik olarak kan\u0131tlanm\u0131\u015ft\u0131r. \u0130stenmeyen reaksiyonlar\u0131 ve sindirim sistemi i\u00e7in yeni ActivBiome+ Teknolojisini \u00f6nlemeye yard\u0131mc\u0131 olan hidrolize proteinli bir k\u00f6pek mamas\u0131d\u0131r. Bu kuru k\u00f6pek mamas\u0131, k\u00f6pe\u011finizin sevece\u011fi lezzetli bir tada sahiptir. G\u0131da hassasiyetleri ve intolerans\u0131, tahri\u015f olmu\u015f cilt, t\u00fcy ve kulak rahats\u0131zl\u0131klar\u0131 ve hatta mide-ba\u011f\u0131rsak rahats\u0131zl\u0131\u011f\u0131 ile sonu\u00e7lanabilecek potansiyel olarak ciddi problemlerdir. G\u0131da alerjisi (tipik olarak g\u0131dadaki bir proteine) veya intolerans\u0131 nedeniyle olumsuz g\u0131da reaksiyonlar\u0131 olan k\u00f6pekler, g\u0131da hassasiyetleri i\u00e7in tasarlanm\u0131\u015f bir mamadan yararlan\u0131r. Semptomlar\u0131 d\u00fczeldikten sonra bile k\u00f6pe\u011finizin g\u0131da intoleranslar\u0131n\u0131 azaltmaya yard\u0131mc\u0131 olmak i\u00e7in PRESCRIPTION DIET z\/d Mama Hassasiyeti K\u00f6pek Mamas\u0131 ile beslemeye devam etmek \u00f6nemlidir. PRESCRIPTION DIET mamalar\u0131n\u0131n k\u00f6pe\u011finizin mutlu ve aktif bir ya\u015fam s\u00fcrmeye devam etmesine nas\u0131l yard\u0131mc\u0131 olabilece\u011fi hakk\u0131nda daha fazla bilgi i\u00e7in veteriner hekiminize dan\u0131\u015f\u0131n. Evcil hayvan\u0131n\u0131z\u0131n hayat\u0131n\u0131 de\u011fi\u015ftirmeye yard\u0131mc\u0131 olan harika tada sahip beslenme. Size sorumluluklar\u0131n\u0131zda olduklar\u0131 i\u00e7in, insanca, m\u00fcmk\u00fcn olan en iyi mamay\u0131 sa\u011flamaya \u00e7al\u0131\u015f\u0131yoruz. K\u00f6pe\u011finizin benzersiz sa\u011fl\u0131k ihtiya\u00e7lar\u0131n\u0131 kar\u015f\u0131lamak i\u00e7in bilime \u00f6ncelik veren form\u00fcllerle, PRESCRIPTION DIET k\u00f6pek mamas\u0131, uzun ve mutlu bir ya\u015fam s\u00fcrmeleri i\u00e7in ihtiya\u00e7 duyduklar\u0131 hedeflenen beslenmedir. Evcil hayvan mamalar\u0131m\u0131z\u0131 en y\u00fcksek kaliteli malzemelerle \u00fcretiyoruz. Bu malzemeler, safl\u0131k ve besin i\u00e7eri\u011fi konusundaki kat\u0131 kriterlerimizi kar\u015f\u0131lar. Hill's PRESCRIPTION DIET evcil hayvan mamalar\u0131 ve \u00f6d\u00fcl mamalar\u0131, k\u00f6pe\u011finizin benzersiz ihtiya\u00e7lar\u0131n\u0131 kar\u015f\u0131lamak i\u00e7in haz\u0131rlanan ve k\u00f6pe\u011finizin bay\u0131laca\u011f\u0131 lezzetler i\u00e7eren, \u00e7e\u015fitli kuru ve ya\u015f konserve mamalar sunmaktad\u0131r. \u0130\u00c7\u0130NDEK\u0130LER: Bitkisel orjinli t\u00fcrevler, et ve hayvan t\u00fcrevleri, s\u0131v\u0131 ve kat\u0131 ya\u011flar (bal\u0131k ya\u011f\u0131 0,9%), meyve, mineraller, tohumlar. Karbonhidrat kayna\u011f\u0131: M\u0131s\u0131r ni\u015fastas\u0131. Protein kayna\u011f\u0131: Tavuk ci\u011fer hidrolizi (26%). KG BA\u015eINA KATKILAR: Besinsel katk\u0131lar: 3b103 (Demir) 94,7mg, 3b202 (\u0130yodin) 4,1mg, 3b405 (Bak\u0131r) 11,1mg, 3b502 (Manganez) 9,8mg, 3b603 (\u00c7inko) 147mg, do\u011fal antioksidan ile. ANAL\u0130T\u0130K B\u0130LE\u015eENLER: Protein 17,6%, Ya\u011f i\u00e7eri\u011fi 14,4%, Ham sel\u00fcloz 6,5%, Esansiyel ya\u011f asitleri 4,2%, Ham k\u00fcl 5,5%, Kalsiyum 0,85%, Fosfor 0,51%, Sodyum 0,24%, Potasyum 0,69%, Magnezyum 0,07%; kg ba\u015f\u0131na: A Vitamini 11.421IU, D3 Vitamini 786IU, E Vitamini 826mg, C Vitamini 115mg, Beta-karoten 1,4mg. Hill's PRESCRIPTION DIET z\/d Dog Food, yeti\u015fkin k\u00f6peklerde malzeme ve besin intoleranslar\u0131n\u0131n azalt\u0131lmas\u0131 i\u00e7in haz\u0131rlanm\u0131\u015f tam ve dengeli diyetetik evcil hayvan mamas\u0131d\u0131r. Bu mama se\u00e7ilmi\u015f karbonhidrat kayna\u011f\u0131 ve hidrolize protein kayna\u011f\u0131 i\u00e7erir. BESLEME TAL\u0130MATI: B\u00fct\u00fcn besleme talimatlar\u0131 i\u00e7in l\u00fctfen ambalaja bak\u0131n. Mama miktar\u0131n\u0131 ideal kiloyu koruyacak \u015fekilde ayarlay\u0131n. Emin de\u011filseniz veteriner hekiminize sorun. Bu mamay\u0131 ilk defa m\u0131 kullan\u0131yorsunuz? 7 g\u00fcnl\u00fck bir s\u00fcre boyunca eski mama miktar\u0131n\u0131 bir kar\u0131\u015f\u0131m i\u00e7erisinde kademeli olarak azalt\u0131p yeni mamay\u0131 kademeli olarak art\u0131r\u0131n. Temiz ve taze suyu daima haz\u0131r bulundurun! Evcil hayvan\u0131n\u0131z\u0131n beslenme ihtiya\u00e7lar\u0131 ya\u015fland\u0131k\u00e7a de\u011fi\u015febilir. Her muayenede veteriner hekiminize sorun.","og_url":"https:\/\/anadolupet.com.tr\/en\/product\/hills-pd-z-d-ultra-allergen-kopek-mamasi-82kg\/","og_site_name":"Anadolu Pet Grup","article_modified_time":"2026-02-23T12:48:50+00:00","og_image":[{"width":750,"height":750,"url":"https:\/\/anadolupet.com.tr\/wp-content\/uploads\/2026\/02\/640-607639-P.jpg","type":"image\/jpeg"}],"twitter_card":"summary_large_image","schema":{"@context":"https:\/\/schema.org","@graph":[{"@type":"WebPage","@id":"https:\/\/anadolupet.com.tr\/urun\/hills-pd-z-d-ultra-allergen-kopek-mamasi-82kg\/","url":"https:\/\/anadolupet.com.tr\/urun\/hills-pd-z-d-ultra-allergen-kopek-mamasi-82kg\/","name":"Hill's PD Z\/D ULTRA ALLERGEN K\u00f6pek Mamas\u0131 8+2KG - Anadolu Pet Grup","isPartOf":{"@id":"https:\/\/anadolupet.com.tr\/#website"},"primaryImageOfPage":{"@id":"https:\/\/anadolupet.com.tr\/urun\/hills-pd-z-d-ultra-allergen-kopek-mamasi-82kg\/#primaryimage"},"image":{"@id":"https:\/\/anadolupet.com.tr\/urun\/hills-pd-z-d-ultra-allergen-kopek-mamasi-82kg\/#primaryimage"},"thumbnailUrl":"https:\/\/anadolupet.com.tr\/wp-content\/uploads\/2026\/02\/640-607639-P.jpg","datePublished":"2026-02-14T14:41:34+00:00","dateModified":"2026-02-23T12:48:50+00:00","breadcrumb":{"@id":"https:\/\/anadolupet.com.tr\/urun\/hills-pd-z-d-ultra-allergen-kopek-mamasi-82kg\/#breadcrumb"},"inLanguage":"en-US","potentialAction":[{"@type":"ReadAction","target":["https:\/\/anadolupet.com.tr\/urun\/hills-pd-z-d-ultra-allergen-kopek-mamasi-82kg\/"]}]},{"@type":"ImageObject","inLanguage":"en-US","@id":"https:\/\/anadolupet.com.tr\/urun\/hills-pd-z-d-ultra-allergen-kopek-mamasi-82kg\/#primaryimage","url":"https:\/\/anadolupet.com.tr\/wp-content\/uploads\/2026\/02\/640-607639-P.jpg","contentUrl":"https:\/\/anadolupet.com.tr\/wp-content\/uploads\/2026\/02\/640-607639-P.jpg","width":750,"height":750},{"@type":"BreadcrumbList","@id":"https:\/\/anadolupet.com.tr\/urun\/hills-pd-z-d-ultra-allergen-kopek-mamasi-82kg\/#breadcrumb","itemListElement":[{"@type":"ListItem","position":1,"name":"Anasayfa","item":"https:\/\/anadolupet.com.tr\/"},{"@type":"ListItem","position":2,"name":"\u00dcr\u00fcnler","item":"https:\/\/anadolupet.com.tr\/urunler\/"},{"@type":"ListItem","position":3,"name":"Hill&#8217;s PD Z\/D ULTRA ALLERGEN K\u00f6pek Mamas\u0131 8+2KG"}]},{"@type":"WebSite","@id":"https:\/\/anadolupet.com.tr\/#website","url":"https:\/\/anadolupet.com.tr\/","name":"Anadolu Pet Group","description":"We Stand Together for the Well-Being of Every Life","publisher":{"@id":"https:\/\/anadolupet.com.tr\/#organization"},"potentialAction":[{"@type":"SearchAction","target":{"@type":"EntryPoint","urlTemplate":"https:\/\/anadolupet.com.tr\/?s={search_term_string}"},"query-input":{"@type":"PropertyValueSpecification","valueRequired":true,"valueName":"search_term_string"}}],"inLanguage":"en-US"},{"@type":"Organization","@id":"https:\/\/anadolupet.com.tr\/#organization","name":"Anadolu Pet Group","alternateName":"Anadolu Pet","url":"https:\/\/anadolupet.com.tr\/","logo":{"@type":"ImageObject","inLanguage":"en-US","@id":"https:\/\/anadolupet.com.tr\/#\/schema\/logo\/image\/","url":"https:\/\/anadolupet.com.tr\/wp-content\/uploads\/2026\/03\/1614666743370.jpg","contentUrl":"https:\/\/anadolupet.com.tr\/wp-content\/uploads\/2026\/03\/1614666743370.jpg","width":800,"height":571,"caption":"Anadolu Pet Grup"},"image":{"@id":"https:\/\/anadolupet.com.tr\/#\/schema\/logo\/image\/"}}]}},"_links":{"self":[{"href":"https:\/\/anadolupet.com.tr\/en\/wp-json\/wp\/v2\/product\/45412","targetHints":{"allow":["GET"]}}],"collection":[{"href":"https:\/\/anadolupet.com.tr\/en\/wp-json\/wp\/v2\/product"}],"about":[{"href":"https:\/\/anadolupet.com.tr\/en\/wp-json\/wp\/v2\/types\/product"}],"replies":[{"embeddable":true,"href":"https:\/\/anadolupet.com.tr\/en\/wp-json\/wp\/v2\/comments?post=45412"}],"wp:featuredmedia":[{"embeddable":true,"href":"https:\/\/anadolupet.com.tr\/en\/wp-json\/wp\/v2\/media\/44400"}],"wp:attachment":[{"href":"https:\/\/anadolupet.com.tr\/en\/wp-json\/wp\/v2\/media?parent=45412"}],"wp:term":[{"taxonomy":"product_brand","embeddable":true,"href":"https:\/\/anadolupet.com.tr\/en\/wp-json\/wp\/v2\/product_brand?post=45412"},{"taxonomy":"product_cat","embeddable":true,"href":"https:\/\/anadolupet.com.tr\/en\/wp-json\/wp\/v2\/product_cat?post=45412"},{"taxonomy":"product_tag","embeddable":true,"href":"https:\/\/anadolupet.com.tr\/en\/wp-json\/wp\/v2\/product_tag?post=45412"}],"curies":[{"name":"wp","href":"https:\/\/api.w.org\/{rel}","templated":true}]}}