{"id":45414,"date":"2026-02-14T14:41:35","date_gmt":"2026-02-14T14:41:35","guid":{"rendered":"https:\/\/anadolupet.com.tr\/?post_type=product&#038;p=45414"},"modified":"2026-02-23T12:48:51","modified_gmt":"2026-02-23T12:48:51","slug":"hills-sp-eklem-sagligi-tavuklu-kucuk-ve-mini-irk-kopek-mamasi-1-5kg","status":"publish","type":"product","link":"https:\/\/anadolupet.com.tr\/en\/urun\/hills-sp-eklem-sagligi-tavuklu-kucuk-ve-mini-irk-kopek-mamasi-1-5kg\/","title":{"rendered":"Hill&#8217;s SP Eklem Sa\u011fl\u0131\u011f\u0131 Tavuklu K\u00fc\u00e7\u00fck ve Mini Irk K\u00f6pek Mamas\u0131 1.5KG"},"content":{"rendered":"","protected":false},"excerpt":{"rendered":"<p>HILL&#8217;S SCIENCE PLAN Healthy Mobility Yeti\u015fkin K\u00fc\u00e7\u00fck ve Mini Tavuklu k\u00f6pek mamas\u0131, mini yeti\u015fkin k\u00f6pe\u011finize, eklem sa\u011fl\u0131\u011f\u0131n\u0131 desteklemek ve k\u00fc\u00e7\u00fck k\u00f6peklerde hareketlili\u011fi geli\u015ftirmek i\u00e7in geli\u015fmi\u015f beslenme sa\u011flar. Tam olarak dengelenmi\u015f form\u00fcl, bal\u0131k ya\u011f\u0131ndan elde edilen EPA i\u00e7erir ve eklem k\u0131k\u0131rda\u011f\u0131n\u0131n sa\u011fl\u0131kl\u0131 kalmas\u0131na yard\u0131mc\u0131 olur. Bu lezzetli k\u00f6pek mamas\u0131 sa\u011fl\u0131kl\u0131 k\u0131k\u0131rdak, glukozamin ve kondroitin yap\u0131 ta\u015flar\u0131 i\u00e7erir. Bu k\u00f6pek mamas\u0131, mini yeti\u015fkin bir k\u00f6pe\u011fin ger\u00e7ekten tad\u0131n\u0131 \u00e7\u0131karabilece\u011fi harika bir tada sahip bir yemek olmas\u0131 i\u00e7in onlarca y\u0131ll\u0131k en son ara\u015ft\u0131rmalarla form\u00fcle edilmi\u015ftir. SCIENCE PLAN&#8217;\u0131n yeni g\u00f6r\u00fcn\u00fcm\u00fcyle sevilecek daha \u00e7ok \u015fey var. Baz\u0131 \u00fcr\u00fcnlerimizde ayr\u0131ca yeni isimler, yeni mama \u015fekilleri ve yeni form\u00fcller bulunmaktad\u0131r.<br \/>\n\u0130\u00c7\u0130NDEK\u0130LER: M\u0131s\u0131r, bu\u011fday, tavuk ve hindi unu, hidrolize protein, hayvansal ya\u011f, m\u0131s\u0131r gluteni unu, keten tohumu, bal\u0131k ya\u011f\u0131, bitkisel ya\u011f, mineraller, bezelye kepe\u011fi unu.<br \/>\nKG BA\u015eINA KATKILAR: Besinsel katk\u0131lar: 3b103 (Demir) 78,2mg, 3b202 (\u0130yodin) 1,2mg, 3b405 (Bak\u0131r) 7,7mg, 3b502 (Manganez) 8,1mg, 3b603 (\u00c7inko) 162mg, 3b801 (Selenyum) 0,2mg.<br \/>\nANAL\u0130T\u0130K B\u0130LE\u015eENLER: Protein 18,6%, Ya\u011f i\u00e7eri\u011fi 13,7%, Ham sel\u00fcloz 2,2%, Omega-3 ya\u011f asitleri 1,4%, Ham k\u00fcl 4,3%, EPA 0,29%, Kalsiyum 0,61%, Fosfor 0,54%, Sodyum 0,22%, Potasyum 0,72%, Magnezyum 0,10%; kg ba\u015f\u0131na: A Vitamini 9.741IU, D3 Vitamini 753IU, E Vitamini 750mg, C Vitamini 105mg, Beta-karoten 1,5mg, Glikozamin 377mg, Kondroitin s\u00fclfat 444mg.<br \/>\nHill&#8217;s SCIENCE PLAN Healthy Mobility Yeti\u015fkin K\u00fc\u00e7\u00fck &#038; M\u0130ni Irtk Tavuklu K\u00f6pek Mamas\u0131, (tavuk %7; toplam k\u00fcmes hayvanlar\u0131 %11) 1 ya\u015f\u0131ndan itibaren yeti\u015fkin k\u00fc\u00e7\u00fck \u0131rk k\u00f6pekler i\u00e7in tam dengeli evcil hayvan mamas\u0131d\u0131r.<br \/>\nBESLEME TAL\u0130MATI: Tam besleme talimatlar\u0131 i\u00e7in l\u00fctfen pakete bak\u0131n. Optimal a\u011f\u0131rl\u0131\u011f\u0131 korumak i\u00e7in besleme miktarlar\u0131n\u0131 gerekti\u011fi gibi ayarlay\u0131n. Emin de\u011filseniz, veteriner hekiminize sorun. Bu mamada yeni misiniz? 7 g\u00fcnl\u00fck bir s\u00fcre boyunca evcil hayvan\u0131n\u0131z\u0131n yeni mamas\u0131ndan artan miktarlarda eski mamas\u0131na azalan miktarlarda kar\u0131\u015ft\u0131r\u0131n. Her zaman temiz su bulundurun! Evcil hayvan\u0131n\u0131z\u0131n beslenme ihtiya\u00e7lar\u0131 ya\u015fland\u0131k\u00e7a de\u011fi\u015febilir. Her kontrolde veteriner hekiminize sorun.<\/p>","protected":false},"featured_media":44241,"comment_status":"open","ping_status":"closed","template":"","meta":{"_acf_changed":false},"product_brand":[],"product_cat":[2464],"product_tag":[],"class_list":{"0":"post-45414","1":"product","2":"type-product","3":"status-publish","4":"has-post-thumbnail","6":"product_cat-yetiskin-kopek-mamalari","8":"first","9":"instock","10":"shipping-taxable","11":"product-type-simple"},"acf":[],"yoast_head":"<!-- This site is optimized with the Yoast SEO plugin v27.5 - https:\/\/yoast.com\/product\/yoast-seo-wordpress\/ -->\n<title>Hill&#039;s SP Eklem Sa\u011fl\u0131\u011f\u0131 Tavuklu K\u00fc\u00e7\u00fck ve Mini Irk K\u00f6pek Mamas\u0131 1.5KG - Anadolu Pet Grup<\/title>\n<meta name=\"robots\" content=\"index, follow, max-snippet:-1, max-image-preview:large, max-video-preview:-1\" \/>\n<link rel=\"canonical\" href=\"https:\/\/anadolupet.com.tr\/en\/product\/hills-sp-eklem-sagligi-tavuklu-kucuk-ve-mini-irk-kopek-mamasi-1-5kg\/\" \/>\n<meta property=\"og:locale\" content=\"en_US\" \/>\n<meta property=\"og:type\" content=\"article\" \/>\n<meta property=\"og:title\" content=\"Hill&#039;s SP Eklem Sa\u011fl\u0131\u011f\u0131 Tavuklu K\u00fc\u00e7\u00fck ve Mini Irk K\u00f6pek Mamas\u0131 1.5KG - Anadolu Pet Grup\" \/>\n<meta property=\"og:description\" content=\"HILL&#039;S SCIENCE PLAN Healthy Mobility Yeti\u015fkin K\u00fc\u00e7\u00fck ve Mini Tavuklu k\u00f6pek mamas\u0131, mini yeti\u015fkin k\u00f6pe\u011finize, eklem sa\u011fl\u0131\u011f\u0131n\u0131 desteklemek ve k\u00fc\u00e7\u00fck k\u00f6peklerde hareketlili\u011fi geli\u015ftirmek i\u00e7in geli\u015fmi\u015f beslenme sa\u011flar. Tam olarak dengelenmi\u015f form\u00fcl, bal\u0131k ya\u011f\u0131ndan elde edilen EPA i\u00e7erir ve eklem k\u0131k\u0131rda\u011f\u0131n\u0131n sa\u011fl\u0131kl\u0131 kalmas\u0131na yard\u0131mc\u0131 olur. Bu lezzetli k\u00f6pek mamas\u0131 sa\u011fl\u0131kl\u0131 k\u0131k\u0131rdak, glukozamin ve kondroitin yap\u0131 ta\u015flar\u0131 i\u00e7erir. Bu k\u00f6pek mamas\u0131, mini yeti\u015fkin bir k\u00f6pe\u011fin ger\u00e7ekten tad\u0131n\u0131 \u00e7\u0131karabilece\u011fi harika bir tada sahip bir yemek olmas\u0131 i\u00e7in onlarca y\u0131ll\u0131k en son ara\u015ft\u0131rmalarla form\u00fcle edilmi\u015ftir. SCIENCE PLAN&#039;\u0131n yeni g\u00f6r\u00fcn\u00fcm\u00fcyle sevilecek daha \u00e7ok \u015fey var. Baz\u0131 \u00fcr\u00fcnlerimizde ayr\u0131ca yeni isimler, yeni mama \u015fekilleri ve yeni form\u00fcller bulunmaktad\u0131r. \u0130\u00c7\u0130NDEK\u0130LER: M\u0131s\u0131r, bu\u011fday, tavuk ve hindi unu, hidrolize protein, hayvansal ya\u011f, m\u0131s\u0131r gluteni unu, keten tohumu, bal\u0131k ya\u011f\u0131, bitkisel ya\u011f, mineraller, bezelye kepe\u011fi unu. KG BA\u015eINA KATKILAR: Besinsel katk\u0131lar: 3b103 (Demir) 78,2mg, 3b202 (\u0130yodin) 1,2mg, 3b405 (Bak\u0131r) 7,7mg, 3b502 (Manganez) 8,1mg, 3b603 (\u00c7inko) 162mg, 3b801 (Selenyum) 0,2mg. ANAL\u0130T\u0130K B\u0130LE\u015eENLER: Protein 18,6%, Ya\u011f i\u00e7eri\u011fi 13,7%, Ham sel\u00fcloz 2,2%, Omega-3 ya\u011f asitleri 1,4%, Ham k\u00fcl 4,3%, EPA 0,29%, Kalsiyum 0,61%, Fosfor 0,54%, Sodyum 0,22%, Potasyum 0,72%, Magnezyum 0,10%; kg ba\u015f\u0131na: A Vitamini 9.741IU, D3 Vitamini 753IU, E Vitamini 750mg, C Vitamini 105mg, Beta-karoten 1,5mg, Glikozamin 377mg, Kondroitin s\u00fclfat 444mg. Hill&#039;s SCIENCE PLAN Healthy Mobility Yeti\u015fkin K\u00fc\u00e7\u00fck &amp; M\u0130ni Irtk Tavuklu K\u00f6pek Mamas\u0131, (tavuk %7; toplam k\u00fcmes hayvanlar\u0131 %11) 1 ya\u015f\u0131ndan itibaren yeti\u015fkin k\u00fc\u00e7\u00fck \u0131rk k\u00f6pekler i\u00e7in tam dengeli evcil hayvan mamas\u0131d\u0131r. BESLEME TAL\u0130MATI: Tam besleme talimatlar\u0131 i\u00e7in l\u00fctfen pakete bak\u0131n. Optimal a\u011f\u0131rl\u0131\u011f\u0131 korumak i\u00e7in besleme miktarlar\u0131n\u0131 gerekti\u011fi gibi ayarlay\u0131n. Emin de\u011filseniz, veteriner hekiminize sorun. Bu mamada yeni misiniz? 7 g\u00fcnl\u00fck bir s\u00fcre boyunca evcil hayvan\u0131n\u0131z\u0131n yeni mamas\u0131ndan artan miktarlarda eski mamas\u0131na azalan miktarlarda kar\u0131\u015ft\u0131r\u0131n. Her zaman temiz su bulundurun! Evcil hayvan\u0131n\u0131z\u0131n beslenme ihtiya\u00e7lar\u0131 ya\u015fland\u0131k\u00e7a de\u011fi\u015febilir. Her kontrolde veteriner hekiminize sorun.\" \/>\n<meta property=\"og:url\" content=\"https:\/\/anadolupet.com.tr\/en\/product\/hills-sp-eklem-sagligi-tavuklu-kucuk-ve-mini-irk-kopek-mamasi-1-5kg\/\" \/>\n<meta property=\"og:site_name\" content=\"Anadolu Pet Grup\" \/>\n<meta property=\"article:modified_time\" content=\"2026-02-23T12:48:51+00:00\" \/>\n<meta property=\"og:image\" content=\"https:\/\/anadolupet.com.tr\/wp-content\/uploads\/2026\/02\/620-604252.jpg\" \/>\n\t<meta property=\"og:image:width\" content=\"750\" \/>\n\t<meta property=\"og:image:height\" content=\"750\" \/>\n\t<meta property=\"og:image:type\" content=\"image\/jpeg\" \/>\n<meta name=\"twitter:card\" content=\"summary_large_image\" \/>\n<script type=\"application\/ld+json\" class=\"yoast-schema-graph\">{\"@context\":\"https:\\\/\\\/schema.org\",\"@graph\":[{\"@type\":\"WebPage\",\"@id\":\"https:\\\/\\\/anadolupet.com.tr\\\/urun\\\/hills-sp-eklem-sagligi-tavuklu-kucuk-ve-mini-irk-kopek-mamasi-1-5kg\\\/\",\"url\":\"https:\\\/\\\/anadolupet.com.tr\\\/urun\\\/hills-sp-eklem-sagligi-tavuklu-kucuk-ve-mini-irk-kopek-mamasi-1-5kg\\\/\",\"name\":\"Hill's SP Eklem Sa\u011fl\u0131\u011f\u0131 Tavuklu K\u00fc\u00e7\u00fck ve Mini Irk K\u00f6pek Mamas\u0131 1.5KG - Anadolu Pet Grup\",\"isPartOf\":{\"@id\":\"https:\\\/\\\/anadolupet.com.tr\\\/#website\"},\"primaryImageOfPage\":{\"@id\":\"https:\\\/\\\/anadolupet.com.tr\\\/urun\\\/hills-sp-eklem-sagligi-tavuklu-kucuk-ve-mini-irk-kopek-mamasi-1-5kg\\\/#primaryimage\"},\"image\":{\"@id\":\"https:\\\/\\\/anadolupet.com.tr\\\/urun\\\/hills-sp-eklem-sagligi-tavuklu-kucuk-ve-mini-irk-kopek-mamasi-1-5kg\\\/#primaryimage\"},\"thumbnailUrl\":\"https:\\\/\\\/anadolupet.com.tr\\\/wp-content\\\/uploads\\\/2026\\\/02\\\/620-604252.jpg\",\"datePublished\":\"2026-02-14T14:41:35+00:00\",\"dateModified\":\"2026-02-23T12:48:51+00:00\",\"breadcrumb\":{\"@id\":\"https:\\\/\\\/anadolupet.com.tr\\\/urun\\\/hills-sp-eklem-sagligi-tavuklu-kucuk-ve-mini-irk-kopek-mamasi-1-5kg\\\/#breadcrumb\"},\"inLanguage\":\"en-US\",\"potentialAction\":[{\"@type\":\"ReadAction\",\"target\":[\"https:\\\/\\\/anadolupet.com.tr\\\/urun\\\/hills-sp-eklem-sagligi-tavuklu-kucuk-ve-mini-irk-kopek-mamasi-1-5kg\\\/\"]}]},{\"@type\":\"ImageObject\",\"inLanguage\":\"en-US\",\"@id\":\"https:\\\/\\\/anadolupet.com.tr\\\/urun\\\/hills-sp-eklem-sagligi-tavuklu-kucuk-ve-mini-irk-kopek-mamasi-1-5kg\\\/#primaryimage\",\"url\":\"https:\\\/\\\/anadolupet.com.tr\\\/wp-content\\\/uploads\\\/2026\\\/02\\\/620-604252.jpg\",\"contentUrl\":\"https:\\\/\\\/anadolupet.com.tr\\\/wp-content\\\/uploads\\\/2026\\\/02\\\/620-604252.jpg\",\"width\":750,\"height\":750},{\"@type\":\"BreadcrumbList\",\"@id\":\"https:\\\/\\\/anadolupet.com.tr\\\/urun\\\/hills-sp-eklem-sagligi-tavuklu-kucuk-ve-mini-irk-kopek-mamasi-1-5kg\\\/#breadcrumb\",\"itemListElement\":[{\"@type\":\"ListItem\",\"position\":1,\"name\":\"Anasayfa\",\"item\":\"https:\\\/\\\/anadolupet.com.tr\\\/\"},{\"@type\":\"ListItem\",\"position\":2,\"name\":\"\u00dcr\u00fcnler\",\"item\":\"https:\\\/\\\/anadolupet.com.tr\\\/urunler\\\/\"},{\"@type\":\"ListItem\",\"position\":3,\"name\":\"Hill&#8217;s SP Eklem Sa\u011fl\u0131\u011f\u0131 Tavuklu K\u00fc\u00e7\u00fck ve Mini Irk K\u00f6pek Mamas\u0131 1.5KG\"}]},{\"@type\":\"WebSite\",\"@id\":\"https:\\\/\\\/anadolupet.com.tr\\\/#website\",\"url\":\"https:\\\/\\\/anadolupet.com.tr\\\/\",\"name\":\"Anadolu Pet Grup\",\"description\":\"Her Can\u0131n \u0130yi Ya\u015fam\u0131 \u0130\u00e7in Biraraday\u0131z\",\"publisher\":{\"@id\":\"https:\\\/\\\/anadolupet.com.tr\\\/#organization\"},\"potentialAction\":[{\"@type\":\"SearchAction\",\"target\":{\"@type\":\"EntryPoint\",\"urlTemplate\":\"https:\\\/\\\/anadolupet.com.tr\\\/?s={search_term_string}\"},\"query-input\":{\"@type\":\"PropertyValueSpecification\",\"valueRequired\":true,\"valueName\":\"search_term_string\"}}],\"inLanguage\":\"en-US\"},{\"@type\":\"Organization\",\"@id\":\"https:\\\/\\\/anadolupet.com.tr\\\/#organization\",\"name\":\"Anadolu Pet Grup\",\"alternateName\":\"Anadolu Pet\",\"url\":\"https:\\\/\\\/anadolupet.com.tr\\\/\",\"logo\":{\"@type\":\"ImageObject\",\"inLanguage\":\"en-US\",\"@id\":\"https:\\\/\\\/anadolupet.com.tr\\\/#\\\/schema\\\/logo\\\/image\\\/\",\"url\":\"https:\\\/\\\/anadolupet.com.tr\\\/wp-content\\\/uploads\\\/2026\\\/03\\\/1614666743370.jpg\",\"contentUrl\":\"https:\\\/\\\/anadolupet.com.tr\\\/wp-content\\\/uploads\\\/2026\\\/03\\\/1614666743370.jpg\",\"width\":800,\"height\":571,\"caption\":\"Anadolu Pet Grup\"},\"image\":{\"@id\":\"https:\\\/\\\/anadolupet.com.tr\\\/#\\\/schema\\\/logo\\\/image\\\/\"}}]}<\/script>\n<!-- \/ Yoast SEO plugin. -->","yoast_head_json":{"title":"Hill's SP Eklem Sa\u011fl\u0131\u011f\u0131 Tavuklu K\u00fc\u00e7\u00fck ve Mini Irk K\u00f6pek Mamas\u0131 1.5KG - Anadolu Pet Grup","robots":{"index":"index","follow":"follow","max-snippet":"max-snippet:-1","max-image-preview":"max-image-preview:large","max-video-preview":"max-video-preview:-1"},"canonical":"https:\/\/anadolupet.com.tr\/en\/product\/hills-sp-eklem-sagligi-tavuklu-kucuk-ve-mini-irk-kopek-mamasi-1-5kg\/","og_locale":"en_US","og_type":"article","og_title":"Hill's SP Eklem Sa\u011fl\u0131\u011f\u0131 Tavuklu K\u00fc\u00e7\u00fck ve Mini Irk K\u00f6pek Mamas\u0131 1.5KG - Anadolu Pet Grup","og_description":"HILL'S SCIENCE PLAN Healthy Mobility Yeti\u015fkin K\u00fc\u00e7\u00fck ve Mini Tavuklu k\u00f6pek mamas\u0131, mini yeti\u015fkin k\u00f6pe\u011finize, eklem sa\u011fl\u0131\u011f\u0131n\u0131 desteklemek ve k\u00fc\u00e7\u00fck k\u00f6peklerde hareketlili\u011fi geli\u015ftirmek i\u00e7in geli\u015fmi\u015f beslenme sa\u011flar. Tam olarak dengelenmi\u015f form\u00fcl, bal\u0131k ya\u011f\u0131ndan elde edilen EPA i\u00e7erir ve eklem k\u0131k\u0131rda\u011f\u0131n\u0131n sa\u011fl\u0131kl\u0131 kalmas\u0131na yard\u0131mc\u0131 olur. Bu lezzetli k\u00f6pek mamas\u0131 sa\u011fl\u0131kl\u0131 k\u0131k\u0131rdak, glukozamin ve kondroitin yap\u0131 ta\u015flar\u0131 i\u00e7erir. Bu k\u00f6pek mamas\u0131, mini yeti\u015fkin bir k\u00f6pe\u011fin ger\u00e7ekten tad\u0131n\u0131 \u00e7\u0131karabilece\u011fi harika bir tada sahip bir yemek olmas\u0131 i\u00e7in onlarca y\u0131ll\u0131k en son ara\u015ft\u0131rmalarla form\u00fcle edilmi\u015ftir. SCIENCE PLAN'\u0131n yeni g\u00f6r\u00fcn\u00fcm\u00fcyle sevilecek daha \u00e7ok \u015fey var. Baz\u0131 \u00fcr\u00fcnlerimizde ayr\u0131ca yeni isimler, yeni mama \u015fekilleri ve yeni form\u00fcller bulunmaktad\u0131r. \u0130\u00c7\u0130NDEK\u0130LER: M\u0131s\u0131r, bu\u011fday, tavuk ve hindi unu, hidrolize protein, hayvansal ya\u011f, m\u0131s\u0131r gluteni unu, keten tohumu, bal\u0131k ya\u011f\u0131, bitkisel ya\u011f, mineraller, bezelye kepe\u011fi unu. KG BA\u015eINA KATKILAR: Besinsel katk\u0131lar: 3b103 (Demir) 78,2mg, 3b202 (\u0130yodin) 1,2mg, 3b405 (Bak\u0131r) 7,7mg, 3b502 (Manganez) 8,1mg, 3b603 (\u00c7inko) 162mg, 3b801 (Selenyum) 0,2mg. ANAL\u0130T\u0130K B\u0130LE\u015eENLER: Protein 18,6%, Ya\u011f i\u00e7eri\u011fi 13,7%, Ham sel\u00fcloz 2,2%, Omega-3 ya\u011f asitleri 1,4%, Ham k\u00fcl 4,3%, EPA 0,29%, Kalsiyum 0,61%, Fosfor 0,54%, Sodyum 0,22%, Potasyum 0,72%, Magnezyum 0,10%; kg ba\u015f\u0131na: A Vitamini 9.741IU, D3 Vitamini 753IU, E Vitamini 750mg, C Vitamini 105mg, Beta-karoten 1,5mg, Glikozamin 377mg, Kondroitin s\u00fclfat 444mg. Hill's SCIENCE PLAN Healthy Mobility Yeti\u015fkin K\u00fc\u00e7\u00fck & M\u0130ni Irtk Tavuklu K\u00f6pek Mamas\u0131, (tavuk %7; toplam k\u00fcmes hayvanlar\u0131 %11) 1 ya\u015f\u0131ndan itibaren yeti\u015fkin k\u00fc\u00e7\u00fck \u0131rk k\u00f6pekler i\u00e7in tam dengeli evcil hayvan mamas\u0131d\u0131r. BESLEME TAL\u0130MATI: Tam besleme talimatlar\u0131 i\u00e7in l\u00fctfen pakete bak\u0131n. Optimal a\u011f\u0131rl\u0131\u011f\u0131 korumak i\u00e7in besleme miktarlar\u0131n\u0131 gerekti\u011fi gibi ayarlay\u0131n. Emin de\u011filseniz, veteriner hekiminize sorun. Bu mamada yeni misiniz? 7 g\u00fcnl\u00fck bir s\u00fcre boyunca evcil hayvan\u0131n\u0131z\u0131n yeni mamas\u0131ndan artan miktarlarda eski mamas\u0131na azalan miktarlarda kar\u0131\u015ft\u0131r\u0131n. Her zaman temiz su bulundurun! Evcil hayvan\u0131n\u0131z\u0131n beslenme ihtiya\u00e7lar\u0131 ya\u015fland\u0131k\u00e7a de\u011fi\u015febilir. Her kontrolde veteriner hekiminize sorun.","og_url":"https:\/\/anadolupet.com.tr\/en\/product\/hills-sp-eklem-sagligi-tavuklu-kucuk-ve-mini-irk-kopek-mamasi-1-5kg\/","og_site_name":"Anadolu Pet Grup","article_modified_time":"2026-02-23T12:48:51+00:00","og_image":[{"width":750,"height":750,"url":"https:\/\/anadolupet.com.tr\/wp-content\/uploads\/2026\/02\/620-604252.jpg","type":"image\/jpeg"}],"twitter_card":"summary_large_image","schema":{"@context":"https:\/\/schema.org","@graph":[{"@type":"WebPage","@id":"https:\/\/anadolupet.com.tr\/urun\/hills-sp-eklem-sagligi-tavuklu-kucuk-ve-mini-irk-kopek-mamasi-1-5kg\/","url":"https:\/\/anadolupet.com.tr\/urun\/hills-sp-eklem-sagligi-tavuklu-kucuk-ve-mini-irk-kopek-mamasi-1-5kg\/","name":"Hill's SP Eklem Sa\u011fl\u0131\u011f\u0131 Tavuklu K\u00fc\u00e7\u00fck ve Mini Irk K\u00f6pek Mamas\u0131 1.5KG - Anadolu Pet Grup","isPartOf":{"@id":"https:\/\/anadolupet.com.tr\/#website"},"primaryImageOfPage":{"@id":"https:\/\/anadolupet.com.tr\/urun\/hills-sp-eklem-sagligi-tavuklu-kucuk-ve-mini-irk-kopek-mamasi-1-5kg\/#primaryimage"},"image":{"@id":"https:\/\/anadolupet.com.tr\/urun\/hills-sp-eklem-sagligi-tavuklu-kucuk-ve-mini-irk-kopek-mamasi-1-5kg\/#primaryimage"},"thumbnailUrl":"https:\/\/anadolupet.com.tr\/wp-content\/uploads\/2026\/02\/620-604252.jpg","datePublished":"2026-02-14T14:41:35+00:00","dateModified":"2026-02-23T12:48:51+00:00","breadcrumb":{"@id":"https:\/\/anadolupet.com.tr\/urun\/hills-sp-eklem-sagligi-tavuklu-kucuk-ve-mini-irk-kopek-mamasi-1-5kg\/#breadcrumb"},"inLanguage":"en-US","potentialAction":[{"@type":"ReadAction","target":["https:\/\/anadolupet.com.tr\/urun\/hills-sp-eklem-sagligi-tavuklu-kucuk-ve-mini-irk-kopek-mamasi-1-5kg\/"]}]},{"@type":"ImageObject","inLanguage":"en-US","@id":"https:\/\/anadolupet.com.tr\/urun\/hills-sp-eklem-sagligi-tavuklu-kucuk-ve-mini-irk-kopek-mamasi-1-5kg\/#primaryimage","url":"https:\/\/anadolupet.com.tr\/wp-content\/uploads\/2026\/02\/620-604252.jpg","contentUrl":"https:\/\/anadolupet.com.tr\/wp-content\/uploads\/2026\/02\/620-604252.jpg","width":750,"height":750},{"@type":"BreadcrumbList","@id":"https:\/\/anadolupet.com.tr\/urun\/hills-sp-eklem-sagligi-tavuklu-kucuk-ve-mini-irk-kopek-mamasi-1-5kg\/#breadcrumb","itemListElement":[{"@type":"ListItem","position":1,"name":"Anasayfa","item":"https:\/\/anadolupet.com.tr\/"},{"@type":"ListItem","position":2,"name":"\u00dcr\u00fcnler","item":"https:\/\/anadolupet.com.tr\/urunler\/"},{"@type":"ListItem","position":3,"name":"Hill&#8217;s SP Eklem Sa\u011fl\u0131\u011f\u0131 Tavuklu K\u00fc\u00e7\u00fck ve Mini Irk K\u00f6pek Mamas\u0131 1.5KG"}]},{"@type":"WebSite","@id":"https:\/\/anadolupet.com.tr\/#website","url":"https:\/\/anadolupet.com.tr\/","name":"Anadolu Pet Group","description":"We Stand Together for the Well-Being of Every Life","publisher":{"@id":"https:\/\/anadolupet.com.tr\/#organization"},"potentialAction":[{"@type":"SearchAction","target":{"@type":"EntryPoint","urlTemplate":"https:\/\/anadolupet.com.tr\/?s={search_term_string}"},"query-input":{"@type":"PropertyValueSpecification","valueRequired":true,"valueName":"search_term_string"}}],"inLanguage":"en-US"},{"@type":"Organization","@id":"https:\/\/anadolupet.com.tr\/#organization","name":"Anadolu Pet Group","alternateName":"Anadolu Pet","url":"https:\/\/anadolupet.com.tr\/","logo":{"@type":"ImageObject","inLanguage":"en-US","@id":"https:\/\/anadolupet.com.tr\/#\/schema\/logo\/image\/","url":"https:\/\/anadolupet.com.tr\/wp-content\/uploads\/2026\/03\/1614666743370.jpg","contentUrl":"https:\/\/anadolupet.com.tr\/wp-content\/uploads\/2026\/03\/1614666743370.jpg","width":800,"height":571,"caption":"Anadolu Pet Grup"},"image":{"@id":"https:\/\/anadolupet.com.tr\/#\/schema\/logo\/image\/"}}]}},"_links":{"self":[{"href":"https:\/\/anadolupet.com.tr\/en\/wp-json\/wp\/v2\/product\/45414","targetHints":{"allow":["GET"]}}],"collection":[{"href":"https:\/\/anadolupet.com.tr\/en\/wp-json\/wp\/v2\/product"}],"about":[{"href":"https:\/\/anadolupet.com.tr\/en\/wp-json\/wp\/v2\/types\/product"}],"replies":[{"embeddable":true,"href":"https:\/\/anadolupet.com.tr\/en\/wp-json\/wp\/v2\/comments?post=45414"}],"wp:featuredmedia":[{"embeddable":true,"href":"https:\/\/anadolupet.com.tr\/en\/wp-json\/wp\/v2\/media\/44241"}],"wp:attachment":[{"href":"https:\/\/anadolupet.com.tr\/en\/wp-json\/wp\/v2\/media?parent=45414"}],"wp:term":[{"taxonomy":"product_brand","embeddable":true,"href":"https:\/\/anadolupet.com.tr\/en\/wp-json\/wp\/v2\/product_brand?post=45414"},{"taxonomy":"product_cat","embeddable":true,"href":"https:\/\/anadolupet.com.tr\/en\/wp-json\/wp\/v2\/product_cat?post=45414"},{"taxonomy":"product_tag","embeddable":true,"href":"https:\/\/anadolupet.com.tr\/en\/wp-json\/wp\/v2\/product_tag?post=45414"}],"curies":[{"name":"wp","href":"https:\/\/api.w.org\/{rel}","templated":true}]}}