{"id":45421,"date":"2026-02-14T14:41:36","date_gmt":"2026-02-14T14:41:36","guid":{"rendered":"https:\/\/anadolupet.com.tr\/urun\/hills-sp-hindili-kisirlastirilmis-yetiskin-kedi-pouch-12x85g\/"},"modified":"2026-02-23T12:48:51","modified_gmt":"2026-02-23T12:48:51","slug":"hills-sp-hindili-kisirlastirilmis-yetiskin-kedi-pouch-12x85g","status":"publish","type":"product","link":"https:\/\/anadolupet.com.tr\/en\/urun\/hills-sp-hindili-kisirlastirilmis-yetiskin-kedi-pouch-12x85g\/","title":{"rendered":"Hill&#8217;s SP Hindili K\u0131s\u0131rla\u015ft\u0131r\u0131lm\u0131\u015f Yeti\u015fkin Kedi Pouch 12x85g"},"content":{"rendered":"","protected":false},"excerpt":{"rendered":"<p>Hill&#8217;s SCIENCE PLAN Hindili Yeti\u015fkin Kedi Pouch 12X85g Kediniz, lezzetli sos i\u00e7erisindeki nefis hindi eti par\u00e7alar\u0131ndan olu\u015fan HILL&#8217;S SCIENCE PLAN Adult kedi mamas\u0131n\u0131n tad\u0131na bay\u0131lacak.<\/p>\n<p>Kedilerin olgunluk \u00e7a\u011f\u0131nda enerji gereksinimlerini kar\u015f\u0131lamak i\u00e7in \u00f6zellikle form\u00fcle edilmi\u015f tam dengeli m\u00fckemmel lezzette beslenme.<\/p>\n<p>Y\u00fcksek kaliteli ve sindirimi kolay malzemelerle \u00fcretilmi\u015ftir.<\/p>\n<p>Kalp sa\u011fl\u0131\u011f\u0131 i\u00e7in gerekli taurin ve b\u00f6brekler ile idrar kesesini desteklemek i\u00e7in dengeli mineraller Ya\u011fs\u0131z kaslar i\u00e7in y\u00fcksek kaliteli protein Sa\u011fl\u0131kl\u0131 bir deri ve parlak t\u00fcyler i\u00e7in Omega 3-6 ya\u011f asitleri ve E Vitamini<\/p>","protected":false},"featured_media":44235,"comment_status":"open","ping_status":"closed","template":"","meta":{"_acf_changed":false},"product_brand":[],"product_cat":[2442],"product_tag":[],"class_list":{"0":"post-45421","1":"product","2":"type-product","3":"status-publish","4":"has-post-thumbnail","6":"product_cat-yetiskin-kedi-mamalari","8":"first","9":"instock","10":"shipping-taxable","11":"product-type-simple"},"acf":[],"yoast_head":"<!-- This site is optimized with the Yoast SEO plugin v27.5 - https:\/\/yoast.com\/product\/yoast-seo-wordpress\/ -->\n<title>Hill&#039;s SP Hindili K\u0131s\u0131rla\u015ft\u0131r\u0131lm\u0131\u015f Yeti\u015fkin Kedi Pouch 12x85g - Anadolu Pet Grup<\/title>\n<meta name=\"robots\" content=\"index, follow, max-snippet:-1, max-image-preview:large, max-video-preview:-1\" \/>\n<link rel=\"canonical\" href=\"https:\/\/anadolupet.com.tr\/en\/product\/hills-sp-hindili-kisirlastirilmis-yetiskin-kedi-pouch-12x85g\/\" \/>\n<meta property=\"og:locale\" content=\"en_US\" \/>\n<meta property=\"og:type\" content=\"article\" \/>\n<meta property=\"og:title\" content=\"Hill&#039;s SP Hindili K\u0131s\u0131rla\u015ft\u0131r\u0131lm\u0131\u015f Yeti\u015fkin Kedi Pouch 12x85g - Anadolu Pet Grup\" \/>\n<meta property=\"og:description\" content=\"Hill&#039;s SCIENCE PLAN Hindili Yeti\u015fkin Kedi Pouch 12X85g Kediniz, lezzetli sos i\u00e7erisindeki nefis hindi eti par\u00e7alar\u0131ndan olu\u015fan HILL&#039;S SCIENCE PLAN Adult kedi mamas\u0131n\u0131n tad\u0131na bay\u0131lacak. Kedilerin olgunluk \u00e7a\u011f\u0131nda enerji gereksinimlerini kar\u015f\u0131lamak i\u00e7in \u00f6zellikle form\u00fcle edilmi\u015f tam dengeli m\u00fckemmel lezzette beslenme. Y\u00fcksek kaliteli ve sindirimi kolay malzemelerle \u00fcretilmi\u015ftir. Kalp sa\u011fl\u0131\u011f\u0131 i\u00e7in gerekli taurin ve b\u00f6brekler ile idrar kesesini desteklemek i\u00e7in dengeli mineraller Ya\u011fs\u0131z kaslar i\u00e7in y\u00fcksek kaliteli protein Sa\u011fl\u0131kl\u0131 bir deri ve parlak t\u00fcyler i\u00e7in Omega 3-6 ya\u011f asitleri ve E Vitamini\" \/>\n<meta property=\"og:url\" content=\"https:\/\/anadolupet.com.tr\/en\/product\/hills-sp-hindili-kisirlastirilmis-yetiskin-kedi-pouch-12x85g\/\" \/>\n<meta property=\"og:site_name\" content=\"Anadolu Pet Grup\" \/>\n<meta property=\"article:modified_time\" content=\"2026-02-23T12:48:51+00:00\" \/>\n<meta property=\"og:image\" content=\"https:\/\/anadolupet.com.tr\/wp-content\/uploads\/2026\/02\/615-607183.jpg\" \/>\n\t<meta property=\"og:image:width\" content=\"750\" \/>\n\t<meta property=\"og:image:height\" content=\"750\" \/>\n\t<meta property=\"og:image:type\" content=\"image\/jpeg\" \/>\n<meta name=\"twitter:card\" content=\"summary_large_image\" \/>\n<script type=\"application\/ld+json\" class=\"yoast-schema-graph\">{\"@context\":\"https:\\\/\\\/schema.org\",\"@graph\":[{\"@type\":\"WebPage\",\"@id\":\"https:\\\/\\\/anadolupet.com.tr\\\/urun\\\/hills-sp-hindili-kisirlastirilmis-yetiskin-kedi-pouch-12x85g\\\/\",\"url\":\"https:\\\/\\\/anadolupet.com.tr\\\/urun\\\/hills-sp-hindili-kisirlastirilmis-yetiskin-kedi-pouch-12x85g\\\/\",\"name\":\"Hill's SP Hindili K\u0131s\u0131rla\u015ft\u0131r\u0131lm\u0131\u015f Yeti\u015fkin Kedi Pouch 12x85g - Anadolu Pet Grup\",\"isPartOf\":{\"@id\":\"https:\\\/\\\/anadolupet.com.tr\\\/#website\"},\"primaryImageOfPage\":{\"@id\":\"https:\\\/\\\/anadolupet.com.tr\\\/urun\\\/hills-sp-hindili-kisirlastirilmis-yetiskin-kedi-pouch-12x85g\\\/#primaryimage\"},\"image\":{\"@id\":\"https:\\\/\\\/anadolupet.com.tr\\\/urun\\\/hills-sp-hindili-kisirlastirilmis-yetiskin-kedi-pouch-12x85g\\\/#primaryimage\"},\"thumbnailUrl\":\"https:\\\/\\\/anadolupet.com.tr\\\/wp-content\\\/uploads\\\/2026\\\/02\\\/615-607183.jpg\",\"datePublished\":\"2026-02-14T14:41:36+00:00\",\"dateModified\":\"2026-02-23T12:48:51+00:00\",\"breadcrumb\":{\"@id\":\"https:\\\/\\\/anadolupet.com.tr\\\/urun\\\/hills-sp-hindili-kisirlastirilmis-yetiskin-kedi-pouch-12x85g\\\/#breadcrumb\"},\"inLanguage\":\"en-US\",\"potentialAction\":[{\"@type\":\"ReadAction\",\"target\":[\"https:\\\/\\\/anadolupet.com.tr\\\/urun\\\/hills-sp-hindili-kisirlastirilmis-yetiskin-kedi-pouch-12x85g\\\/\"]}]},{\"@type\":\"ImageObject\",\"inLanguage\":\"en-US\",\"@id\":\"https:\\\/\\\/anadolupet.com.tr\\\/urun\\\/hills-sp-hindili-kisirlastirilmis-yetiskin-kedi-pouch-12x85g\\\/#primaryimage\",\"url\":\"https:\\\/\\\/anadolupet.com.tr\\\/wp-content\\\/uploads\\\/2026\\\/02\\\/615-607183.jpg\",\"contentUrl\":\"https:\\\/\\\/anadolupet.com.tr\\\/wp-content\\\/uploads\\\/2026\\\/02\\\/615-607183.jpg\",\"width\":750,\"height\":750},{\"@type\":\"BreadcrumbList\",\"@id\":\"https:\\\/\\\/anadolupet.com.tr\\\/urun\\\/hills-sp-hindili-kisirlastirilmis-yetiskin-kedi-pouch-12x85g\\\/#breadcrumb\",\"itemListElement\":[{\"@type\":\"ListItem\",\"position\":1,\"name\":\"Anasayfa\",\"item\":\"https:\\\/\\\/anadolupet.com.tr\\\/\"},{\"@type\":\"ListItem\",\"position\":2,\"name\":\"\u00dcr\u00fcnler\",\"item\":\"https:\\\/\\\/anadolupet.com.tr\\\/urunler\\\/\"},{\"@type\":\"ListItem\",\"position\":3,\"name\":\"Hill&#8217;s SP Hindili K\u0131s\u0131rla\u015ft\u0131r\u0131lm\u0131\u015f Yeti\u015fkin Kedi Pouch 12x85g\"}]},{\"@type\":\"WebSite\",\"@id\":\"https:\\\/\\\/anadolupet.com.tr\\\/#website\",\"url\":\"https:\\\/\\\/anadolupet.com.tr\\\/\",\"name\":\"Anadolu Pet Grup\",\"description\":\"Her Can\u0131n \u0130yi Ya\u015fam\u0131 \u0130\u00e7in Biraraday\u0131z\",\"publisher\":{\"@id\":\"https:\\\/\\\/anadolupet.com.tr\\\/#organization\"},\"potentialAction\":[{\"@type\":\"SearchAction\",\"target\":{\"@type\":\"EntryPoint\",\"urlTemplate\":\"https:\\\/\\\/anadolupet.com.tr\\\/?s={search_term_string}\"},\"query-input\":{\"@type\":\"PropertyValueSpecification\",\"valueRequired\":true,\"valueName\":\"search_term_string\"}}],\"inLanguage\":\"en-US\"},{\"@type\":\"Organization\",\"@id\":\"https:\\\/\\\/anadolupet.com.tr\\\/#organization\",\"name\":\"Anadolu Pet Grup\",\"alternateName\":\"Anadolu Pet\",\"url\":\"https:\\\/\\\/anadolupet.com.tr\\\/\",\"logo\":{\"@type\":\"ImageObject\",\"inLanguage\":\"en-US\",\"@id\":\"https:\\\/\\\/anadolupet.com.tr\\\/#\\\/schema\\\/logo\\\/image\\\/\",\"url\":\"https:\\\/\\\/anadolupet.com.tr\\\/wp-content\\\/uploads\\\/2026\\\/03\\\/1614666743370.jpg\",\"contentUrl\":\"https:\\\/\\\/anadolupet.com.tr\\\/wp-content\\\/uploads\\\/2026\\\/03\\\/1614666743370.jpg\",\"width\":800,\"height\":571,\"caption\":\"Anadolu Pet Grup\"},\"image\":{\"@id\":\"https:\\\/\\\/anadolupet.com.tr\\\/#\\\/schema\\\/logo\\\/image\\\/\"}}]}<\/script>\n<!-- \/ Yoast SEO plugin. -->","yoast_head_json":{"title":"Hill's SP Hindili K\u0131s\u0131rla\u015ft\u0131r\u0131lm\u0131\u015f Yeti\u015fkin Kedi Pouch 12x85g - Anadolu Pet Grup","robots":{"index":"index","follow":"follow","max-snippet":"max-snippet:-1","max-image-preview":"max-image-preview:large","max-video-preview":"max-video-preview:-1"},"canonical":"https:\/\/anadolupet.com.tr\/en\/product\/hills-sp-hindili-kisirlastirilmis-yetiskin-kedi-pouch-12x85g\/","og_locale":"en_US","og_type":"article","og_title":"Hill's SP Hindili K\u0131s\u0131rla\u015ft\u0131r\u0131lm\u0131\u015f Yeti\u015fkin Kedi Pouch 12x85g - Anadolu Pet Grup","og_description":"Hill's SCIENCE PLAN Hindili Yeti\u015fkin Kedi Pouch 12X85g Kediniz, lezzetli sos i\u00e7erisindeki nefis hindi eti par\u00e7alar\u0131ndan olu\u015fan HILL'S SCIENCE PLAN Adult kedi mamas\u0131n\u0131n tad\u0131na bay\u0131lacak. Kedilerin olgunluk \u00e7a\u011f\u0131nda enerji gereksinimlerini kar\u015f\u0131lamak i\u00e7in \u00f6zellikle form\u00fcle edilmi\u015f tam dengeli m\u00fckemmel lezzette beslenme. Y\u00fcksek kaliteli ve sindirimi kolay malzemelerle \u00fcretilmi\u015ftir. Kalp sa\u011fl\u0131\u011f\u0131 i\u00e7in gerekli taurin ve b\u00f6brekler ile idrar kesesini desteklemek i\u00e7in dengeli mineraller Ya\u011fs\u0131z kaslar i\u00e7in y\u00fcksek kaliteli protein Sa\u011fl\u0131kl\u0131 bir deri ve parlak t\u00fcyler i\u00e7in Omega 3-6 ya\u011f asitleri ve E Vitamini","og_url":"https:\/\/anadolupet.com.tr\/en\/product\/hills-sp-hindili-kisirlastirilmis-yetiskin-kedi-pouch-12x85g\/","og_site_name":"Anadolu Pet Grup","article_modified_time":"2026-02-23T12:48:51+00:00","og_image":[{"width":750,"height":750,"url":"https:\/\/anadolupet.com.tr\/wp-content\/uploads\/2026\/02\/615-607183.jpg","type":"image\/jpeg"}],"twitter_card":"summary_large_image","schema":{"@context":"https:\/\/schema.org","@graph":[{"@type":"WebPage","@id":"https:\/\/anadolupet.com.tr\/urun\/hills-sp-hindili-kisirlastirilmis-yetiskin-kedi-pouch-12x85g\/","url":"https:\/\/anadolupet.com.tr\/urun\/hills-sp-hindili-kisirlastirilmis-yetiskin-kedi-pouch-12x85g\/","name":"Hill's SP Hindili K\u0131s\u0131rla\u015ft\u0131r\u0131lm\u0131\u015f Yeti\u015fkin Kedi Pouch 12x85g - Anadolu Pet Grup","isPartOf":{"@id":"https:\/\/anadolupet.com.tr\/#website"},"primaryImageOfPage":{"@id":"https:\/\/anadolupet.com.tr\/urun\/hills-sp-hindili-kisirlastirilmis-yetiskin-kedi-pouch-12x85g\/#primaryimage"},"image":{"@id":"https:\/\/anadolupet.com.tr\/urun\/hills-sp-hindili-kisirlastirilmis-yetiskin-kedi-pouch-12x85g\/#primaryimage"},"thumbnailUrl":"https:\/\/anadolupet.com.tr\/wp-content\/uploads\/2026\/02\/615-607183.jpg","datePublished":"2026-02-14T14:41:36+00:00","dateModified":"2026-02-23T12:48:51+00:00","breadcrumb":{"@id":"https:\/\/anadolupet.com.tr\/urun\/hills-sp-hindili-kisirlastirilmis-yetiskin-kedi-pouch-12x85g\/#breadcrumb"},"inLanguage":"en-US","potentialAction":[{"@type":"ReadAction","target":["https:\/\/anadolupet.com.tr\/urun\/hills-sp-hindili-kisirlastirilmis-yetiskin-kedi-pouch-12x85g\/"]}]},{"@type":"ImageObject","inLanguage":"en-US","@id":"https:\/\/anadolupet.com.tr\/urun\/hills-sp-hindili-kisirlastirilmis-yetiskin-kedi-pouch-12x85g\/#primaryimage","url":"https:\/\/anadolupet.com.tr\/wp-content\/uploads\/2026\/02\/615-607183.jpg","contentUrl":"https:\/\/anadolupet.com.tr\/wp-content\/uploads\/2026\/02\/615-607183.jpg","width":750,"height":750},{"@type":"BreadcrumbList","@id":"https:\/\/anadolupet.com.tr\/urun\/hills-sp-hindili-kisirlastirilmis-yetiskin-kedi-pouch-12x85g\/#breadcrumb","itemListElement":[{"@type":"ListItem","position":1,"name":"Anasayfa","item":"https:\/\/anadolupet.com.tr\/"},{"@type":"ListItem","position":2,"name":"\u00dcr\u00fcnler","item":"https:\/\/anadolupet.com.tr\/urunler\/"},{"@type":"ListItem","position":3,"name":"Hill&#8217;s SP Hindili K\u0131s\u0131rla\u015ft\u0131r\u0131lm\u0131\u015f Yeti\u015fkin Kedi Pouch 12x85g"}]},{"@type":"WebSite","@id":"https:\/\/anadolupet.com.tr\/#website","url":"https:\/\/anadolupet.com.tr\/","name":"Anadolu Pet Group","description":"We Stand Together for the Well-Being of Every Life","publisher":{"@id":"https:\/\/anadolupet.com.tr\/#organization"},"potentialAction":[{"@type":"SearchAction","target":{"@type":"EntryPoint","urlTemplate":"https:\/\/anadolupet.com.tr\/?s={search_term_string}"},"query-input":{"@type":"PropertyValueSpecification","valueRequired":true,"valueName":"search_term_string"}}],"inLanguage":"en-US"},{"@type":"Organization","@id":"https:\/\/anadolupet.com.tr\/#organization","name":"Anadolu Pet Group","alternateName":"Anadolu Pet","url":"https:\/\/anadolupet.com.tr\/","logo":{"@type":"ImageObject","inLanguage":"en-US","@id":"https:\/\/anadolupet.com.tr\/#\/schema\/logo\/image\/","url":"https:\/\/anadolupet.com.tr\/wp-content\/uploads\/2026\/03\/1614666743370.jpg","contentUrl":"https:\/\/anadolupet.com.tr\/wp-content\/uploads\/2026\/03\/1614666743370.jpg","width":800,"height":571,"caption":"Anadolu Pet Grup"},"image":{"@id":"https:\/\/anadolupet.com.tr\/#\/schema\/logo\/image\/"}}]}},"_links":{"self":[{"href":"https:\/\/anadolupet.com.tr\/en\/wp-json\/wp\/v2\/product\/45421","targetHints":{"allow":["GET"]}}],"collection":[{"href":"https:\/\/anadolupet.com.tr\/en\/wp-json\/wp\/v2\/product"}],"about":[{"href":"https:\/\/anadolupet.com.tr\/en\/wp-json\/wp\/v2\/types\/product"}],"replies":[{"embeddable":true,"href":"https:\/\/anadolupet.com.tr\/en\/wp-json\/wp\/v2\/comments?post=45421"}],"wp:featuredmedia":[{"embeddable":true,"href":"https:\/\/anadolupet.com.tr\/en\/wp-json\/wp\/v2\/media\/44235"}],"wp:attachment":[{"href":"https:\/\/anadolupet.com.tr\/en\/wp-json\/wp\/v2\/media?parent=45421"}],"wp:term":[{"taxonomy":"product_brand","embeddable":true,"href":"https:\/\/anadolupet.com.tr\/en\/wp-json\/wp\/v2\/product_brand?post=45421"},{"taxonomy":"product_cat","embeddable":true,"href":"https:\/\/anadolupet.com.tr\/en\/wp-json\/wp\/v2\/product_cat?post=45421"},{"taxonomy":"product_tag","embeddable":true,"href":"https:\/\/anadolupet.com.tr\/en\/wp-json\/wp\/v2\/product_tag?post=45421"}],"curies":[{"name":"wp","href":"https:\/\/api.w.org\/{rel}","templated":true}]}}