{"id":45422,"date":"2026-02-14T14:41:36","date_gmt":"2026-02-14T14:41:36","guid":{"rendered":"https:\/\/anadolupet.com.tr\/urun\/hills-sp-hipoalerjenik-somonlu-orta-irk-yetiskin-kopek-mamasi-2-5kg\/"},"modified":"2026-02-23T12:48:51","modified_gmt":"2026-02-23T12:48:51","slug":"hills-sp-hipoalerjenik-somonlu-orta-irk-yetiskin-kopek-mamasi-2-5kg","status":"publish","type":"product","link":"https:\/\/anadolupet.com.tr\/en\/urun\/hills-sp-hipoalerjenik-somonlu-orta-irk-yetiskin-kopek-mamasi-2-5kg\/","title":{"rendered":"Hill&#8217;s SP Hipoalerjenik Somonlu Orta Irk Yeti\u015fkin K\u00f6pek Mamas\u0131 2.5KG"},"content":{"rendered":"","protected":false},"excerpt":{"rendered":"<p>Hill&#8217;s SCIENCE PLAN Hypoallergenic Somonlu Orta Irk Yeti\u015fkin K\u00f6pek Mamas\u0131 1-6 ya\u015f aras\u0131 yeti\u015fkin, orta \u0131rk k\u00f6pekler i\u00e7in ola\u011fan\u00fcst\u00fc lezzetli bir kuru mamad\u0131r. S\u0131n\u0131rland\u0131r\u0131lm\u0131\u015f miktarda y\u00fcksek kaliteli orijinal protein kaynaklar\u0131 i\u00e7eren ve tah\u0131l i\u00e7ermeyen bir tarife sahip bu lezzetli hipoalerjenik kuru k\u00f6pek mamas\u0131, hassas k\u00f6peklerin ihtiya\u00e7lar\u0131n\u0131 kar\u015f\u0131lamak i\u00e7in \u00f6zel olarak tasarlanm\u0131\u015ft\u0131r.<br \/>\n&#8211; Orijinal ve bozulmam\u0131\u015f hayvansal protein kayna\u011f\u0131 olarak y\u00fcksek kaliteli Somon.<br \/>\n&#8211; Patates ve di\u011fer sindirimi kolay malzemelerle mideye kar\u015f\u0131 hassas.<br \/>\n&#8211; Sa\u011fl\u0131kl\u0131 deriyi beslemek i\u00e7in Omega-3 ve Omega-6 ya\u011f asitleri i\u00e7erir.<br \/>\n\u0130\u00c7\u0130NDEK\u0130LER: Kurutulmu\u015f patates (%21), patates ni\u015fastas\u0131, kurutulmu\u015f bezelye, somon unu (%9), bezelye proteini, hayvansal ya\u011f, dijest, bitkisel ya\u011f, mineraller, kurutulmu\u015f pancar k\u00fcspesi, keten tohumu, kurutulmu\u015f havu\u00e7, kurutulmu\u015f domates posas\u0131, kurutulmu\u015f narenciye posas\u0131, \u0131spanak tozu.<br \/>\nKG BA\u015eINA KATKI MADDELER\u0130: Besin katk\u0131 maddeleri: 3b103 (Demir) 51,5mg, 3b202 (\u0130yot) 1,3mg, 3b405 (Bak\u0131r) 5,1mg, 3b502 (Manganez) 5,3mg, 3b603 (\u00c7inko) 90,3mg, 3b801 (Selenyum) 0,1mg, do\u011fal anti-oksidan i\u00e7erir.<br \/>\nANAL\u0130T\u0130K B\u0130LE\u015eENLER: Protein %19,9, Ya\u011f i\u00e7eri\u011fi %14,2, Ham sel\u00fcloz %2,1, Ham k\u00fcl %4,8, Omega-3 ya\u011f asitleri %0,7, Omega-6 ya\u011f asitleri %3,0, Kalsiyum %0,64, Fosfor %0,59, Sodyum %0,25, Potasyum %0,69, Magnezyum %0,09; kg ba\u015f\u0131na: A Vitamini 9.271IU, Vitamin D3 721IU, Vitamin E 816mg, Vitamin C 117mg, Beta-karoten 2,3mg.<br \/>\nHill&#8217;s SCIENCE PLAN SOMONLU ORTA IRK YET\u0130\u015eK\u0130N K\u00d6PEK MAMASI, 1-6 ya\u015f aras\u0131 yeti\u015fkin orta \u0131rk k\u00f6pekler i\u00e7in eksiksiz bir evcil hayvan mamas\u0131d\u0131r. Tek bir kaynaktan al\u0131nan, orijinal hayvansal protein kayna\u011f\u0131 ile form\u00fcle edilmi\u015ftir ve tah\u0131l i\u00e7ermez.<br \/>\nFAYDALI \u0130PU\u00c7LARI:<br \/>\n&#8211; Verilecek mama miktarlar\u0131n\u0131 ideal v\u00fccut a\u011f\u0131rl\u0131\u011f\u0131na uygun olarak ayarlay\u0131n. Emin de\u011filseniz veterinerinize dan\u0131\u015f\u0131n. &#8211; Bu mamay\u0131 ilk kez mi veriyorsunuz? Evcil hayvan\u0131n\u0131z\u0131n mevcut mama miktar\u0131n\u0131 7 g\u00fcnl\u00fck bir s\u00fcre boyunca bir kar\u0131\u015f\u0131m i\u00e7erisinde kademeli olarak azalt\u0131p yeni mamay\u0131 kademeli olarak art\u0131r\u0131n. &#8211; Her zaman temiz ve taze su verin! &#8211; Evcil hayvan\u0131n\u0131z\u0131n beslenme ihtiya\u00e7lar\u0131 ya\u015fland\u0131k\u00e7a de\u011fi\u015febilir. Her muayenede veteriner hekiminize sorun.<br \/>\n&#8211; Bo\u011fulmalar\u0131 \u00f6nleyin: Mama paketini hayvanlar\u0131n ve \u00e7ocuklar\u0131n eri\u015femeyece\u011fi yerlerde saklay\u0131n.<\/p>","protected":false},"featured_media":44290,"comment_status":"open","ping_status":"closed","template":"","meta":{"_acf_changed":false},"product_brand":[],"product_cat":[2464],"product_tag":[],"class_list":{"0":"post-45422","1":"product","2":"type-product","3":"status-publish","4":"has-post-thumbnail","6":"product_cat-yetiskin-kopek-mamalari","8":"first","9":"instock","10":"shipping-taxable","11":"product-type-simple"},"acf":[],"yoast_head":"<!-- This site is optimized with the Yoast SEO plugin v27.5 - https:\/\/yoast.com\/product\/yoast-seo-wordpress\/ -->\n<title>Hill&#039;s SP Hipoalerjenik Somonlu Orta Irk Yeti\u015fkin K\u00f6pek Mamas\u0131 2.5KG - Anadolu Pet Grup<\/title>\n<meta name=\"robots\" content=\"index, follow, max-snippet:-1, max-image-preview:large, max-video-preview:-1\" \/>\n<link rel=\"canonical\" href=\"https:\/\/anadolupet.com.tr\/en\/product\/hills-sp-hipoalerjenik-somonlu-orta-irk-yetiskin-kopek-mamasi-2-5kg\/\" \/>\n<meta property=\"og:locale\" content=\"en_US\" \/>\n<meta property=\"og:type\" content=\"article\" \/>\n<meta property=\"og:title\" content=\"Hill&#039;s SP Hipoalerjenik Somonlu Orta Irk Yeti\u015fkin K\u00f6pek Mamas\u0131 2.5KG - Anadolu Pet Grup\" \/>\n<meta property=\"og:description\" content=\"Hill&#039;s SCIENCE PLAN Hypoallergenic Somonlu Orta Irk Yeti\u015fkin K\u00f6pek Mamas\u0131 1-6 ya\u015f aras\u0131 yeti\u015fkin, orta \u0131rk k\u00f6pekler i\u00e7in ola\u011fan\u00fcst\u00fc lezzetli bir kuru mamad\u0131r. S\u0131n\u0131rland\u0131r\u0131lm\u0131\u015f miktarda y\u00fcksek kaliteli orijinal protein kaynaklar\u0131 i\u00e7eren ve tah\u0131l i\u00e7ermeyen bir tarife sahip bu lezzetli hipoalerjenik kuru k\u00f6pek mamas\u0131, hassas k\u00f6peklerin ihtiya\u00e7lar\u0131n\u0131 kar\u015f\u0131lamak i\u00e7in \u00f6zel olarak tasarlanm\u0131\u015ft\u0131r. - Orijinal ve bozulmam\u0131\u015f hayvansal protein kayna\u011f\u0131 olarak y\u00fcksek kaliteli Somon. - Patates ve di\u011fer sindirimi kolay malzemelerle mideye kar\u015f\u0131 hassas. - Sa\u011fl\u0131kl\u0131 deriyi beslemek i\u00e7in Omega-3 ve Omega-6 ya\u011f asitleri i\u00e7erir. \u0130\u00c7\u0130NDEK\u0130LER: Kurutulmu\u015f patates (%21), patates ni\u015fastas\u0131, kurutulmu\u015f bezelye, somon unu (%9), bezelye proteini, hayvansal ya\u011f, dijest, bitkisel ya\u011f, mineraller, kurutulmu\u015f pancar k\u00fcspesi, keten tohumu, kurutulmu\u015f havu\u00e7, kurutulmu\u015f domates posas\u0131, kurutulmu\u015f narenciye posas\u0131, \u0131spanak tozu. KG BA\u015eINA KATKI MADDELER\u0130: Besin katk\u0131 maddeleri: 3b103 (Demir) 51,5mg, 3b202 (\u0130yot) 1,3mg, 3b405 (Bak\u0131r) 5,1mg, 3b502 (Manganez) 5,3mg, 3b603 (\u00c7inko) 90,3mg, 3b801 (Selenyum) 0,1mg, do\u011fal anti-oksidan i\u00e7erir. ANAL\u0130T\u0130K B\u0130LE\u015eENLER: Protein %19,9, Ya\u011f i\u00e7eri\u011fi %14,2, Ham sel\u00fcloz %2,1, Ham k\u00fcl %4,8, Omega-3 ya\u011f asitleri %0,7, Omega-6 ya\u011f asitleri %3,0, Kalsiyum %0,64, Fosfor %0,59, Sodyum %0,25, Potasyum %0,69, Magnezyum %0,09; kg ba\u015f\u0131na: A Vitamini 9.271IU, Vitamin D3 721IU, Vitamin E 816mg, Vitamin C 117mg, Beta-karoten 2,3mg. Hill&#039;s SCIENCE PLAN SOMONLU ORTA IRK YET\u0130\u015eK\u0130N K\u00d6PEK MAMASI, 1-6 ya\u015f aras\u0131 yeti\u015fkin orta \u0131rk k\u00f6pekler i\u00e7in eksiksiz bir evcil hayvan mamas\u0131d\u0131r. Tek bir kaynaktan al\u0131nan, orijinal hayvansal protein kayna\u011f\u0131 ile form\u00fcle edilmi\u015ftir ve tah\u0131l i\u00e7ermez. FAYDALI \u0130PU\u00c7LARI: - Verilecek mama miktarlar\u0131n\u0131 ideal v\u00fccut a\u011f\u0131rl\u0131\u011f\u0131na uygun olarak ayarlay\u0131n. Emin de\u011filseniz veterinerinize dan\u0131\u015f\u0131n. - Bu mamay\u0131 ilk kez mi veriyorsunuz? Evcil hayvan\u0131n\u0131z\u0131n mevcut mama miktar\u0131n\u0131 7 g\u00fcnl\u00fck bir s\u00fcre boyunca bir kar\u0131\u015f\u0131m i\u00e7erisinde kademeli olarak azalt\u0131p yeni mamay\u0131 kademeli olarak art\u0131r\u0131n. - Her zaman temiz ve taze su verin! - Evcil hayvan\u0131n\u0131z\u0131n beslenme ihtiya\u00e7lar\u0131 ya\u015fland\u0131k\u00e7a de\u011fi\u015febilir. Her muayenede veteriner hekiminize sorun. - Bo\u011fulmalar\u0131 \u00f6nleyin: Mama paketini hayvanlar\u0131n ve \u00e7ocuklar\u0131n eri\u015femeyece\u011fi yerlerde saklay\u0131n.\" \/>\n<meta property=\"og:url\" content=\"https:\/\/anadolupet.com.tr\/en\/product\/hills-sp-hipoalerjenik-somonlu-orta-irk-yetiskin-kopek-mamasi-2-5kg\/\" \/>\n<meta property=\"og:site_name\" content=\"Anadolu Pet Grup\" \/>\n<meta property=\"article:modified_time\" content=\"2026-02-23T12:48:51+00:00\" \/>\n<meta property=\"og:image\" content=\"https:\/\/anadolupet.com.tr\/wp-content\/uploads\/2026\/02\/620-607842.jpg\" \/>\n\t<meta property=\"og:image:width\" content=\"750\" \/>\n\t<meta property=\"og:image:height\" content=\"750\" \/>\n\t<meta property=\"og:image:type\" content=\"image\/jpeg\" \/>\n<meta name=\"twitter:card\" content=\"summary_large_image\" \/>\n<script type=\"application\/ld+json\" class=\"yoast-schema-graph\">{\"@context\":\"https:\\\/\\\/schema.org\",\"@graph\":[{\"@type\":\"WebPage\",\"@id\":\"https:\\\/\\\/anadolupet.com.tr\\\/urun\\\/hills-sp-hipoalerjenik-somonlu-orta-irk-yetiskin-kopek-mamasi-2-5kg\\\/\",\"url\":\"https:\\\/\\\/anadolupet.com.tr\\\/urun\\\/hills-sp-hipoalerjenik-somonlu-orta-irk-yetiskin-kopek-mamasi-2-5kg\\\/\",\"name\":\"Hill's SP Hipoalerjenik Somonlu Orta Irk Yeti\u015fkin K\u00f6pek Mamas\u0131 2.5KG - Anadolu Pet Grup\",\"isPartOf\":{\"@id\":\"https:\\\/\\\/anadolupet.com.tr\\\/#website\"},\"primaryImageOfPage\":{\"@id\":\"https:\\\/\\\/anadolupet.com.tr\\\/urun\\\/hills-sp-hipoalerjenik-somonlu-orta-irk-yetiskin-kopek-mamasi-2-5kg\\\/#primaryimage\"},\"image\":{\"@id\":\"https:\\\/\\\/anadolupet.com.tr\\\/urun\\\/hills-sp-hipoalerjenik-somonlu-orta-irk-yetiskin-kopek-mamasi-2-5kg\\\/#primaryimage\"},\"thumbnailUrl\":\"https:\\\/\\\/anadolupet.com.tr\\\/wp-content\\\/uploads\\\/2026\\\/02\\\/620-607842.jpg\",\"datePublished\":\"2026-02-14T14:41:36+00:00\",\"dateModified\":\"2026-02-23T12:48:51+00:00\",\"breadcrumb\":{\"@id\":\"https:\\\/\\\/anadolupet.com.tr\\\/urun\\\/hills-sp-hipoalerjenik-somonlu-orta-irk-yetiskin-kopek-mamasi-2-5kg\\\/#breadcrumb\"},\"inLanguage\":\"en-US\",\"potentialAction\":[{\"@type\":\"ReadAction\",\"target\":[\"https:\\\/\\\/anadolupet.com.tr\\\/urun\\\/hills-sp-hipoalerjenik-somonlu-orta-irk-yetiskin-kopek-mamasi-2-5kg\\\/\"]}]},{\"@type\":\"ImageObject\",\"inLanguage\":\"en-US\",\"@id\":\"https:\\\/\\\/anadolupet.com.tr\\\/urun\\\/hills-sp-hipoalerjenik-somonlu-orta-irk-yetiskin-kopek-mamasi-2-5kg\\\/#primaryimage\",\"url\":\"https:\\\/\\\/anadolupet.com.tr\\\/wp-content\\\/uploads\\\/2026\\\/02\\\/620-607842.jpg\",\"contentUrl\":\"https:\\\/\\\/anadolupet.com.tr\\\/wp-content\\\/uploads\\\/2026\\\/02\\\/620-607842.jpg\",\"width\":750,\"height\":750},{\"@type\":\"BreadcrumbList\",\"@id\":\"https:\\\/\\\/anadolupet.com.tr\\\/urun\\\/hills-sp-hipoalerjenik-somonlu-orta-irk-yetiskin-kopek-mamasi-2-5kg\\\/#breadcrumb\",\"itemListElement\":[{\"@type\":\"ListItem\",\"position\":1,\"name\":\"Anasayfa\",\"item\":\"https:\\\/\\\/anadolupet.com.tr\\\/\"},{\"@type\":\"ListItem\",\"position\":2,\"name\":\"\u00dcr\u00fcnler\",\"item\":\"https:\\\/\\\/anadolupet.com.tr\\\/urunler\\\/\"},{\"@type\":\"ListItem\",\"position\":3,\"name\":\"Hill&#8217;s SP Hipoalerjenik Somonlu Orta Irk Yeti\u015fkin K\u00f6pek Mamas\u0131 2.5KG\"}]},{\"@type\":\"WebSite\",\"@id\":\"https:\\\/\\\/anadolupet.com.tr\\\/#website\",\"url\":\"https:\\\/\\\/anadolupet.com.tr\\\/\",\"name\":\"Anadolu Pet Grup\",\"description\":\"Her Can\u0131n \u0130yi Ya\u015fam\u0131 \u0130\u00e7in Biraraday\u0131z\",\"publisher\":{\"@id\":\"https:\\\/\\\/anadolupet.com.tr\\\/#organization\"},\"potentialAction\":[{\"@type\":\"SearchAction\",\"target\":{\"@type\":\"EntryPoint\",\"urlTemplate\":\"https:\\\/\\\/anadolupet.com.tr\\\/?s={search_term_string}\"},\"query-input\":{\"@type\":\"PropertyValueSpecification\",\"valueRequired\":true,\"valueName\":\"search_term_string\"}}],\"inLanguage\":\"en-US\"},{\"@type\":\"Organization\",\"@id\":\"https:\\\/\\\/anadolupet.com.tr\\\/#organization\",\"name\":\"Anadolu Pet Grup\",\"alternateName\":\"Anadolu Pet\",\"url\":\"https:\\\/\\\/anadolupet.com.tr\\\/\",\"logo\":{\"@type\":\"ImageObject\",\"inLanguage\":\"en-US\",\"@id\":\"https:\\\/\\\/anadolupet.com.tr\\\/#\\\/schema\\\/logo\\\/image\\\/\",\"url\":\"https:\\\/\\\/anadolupet.com.tr\\\/wp-content\\\/uploads\\\/2026\\\/03\\\/1614666743370.jpg\",\"contentUrl\":\"https:\\\/\\\/anadolupet.com.tr\\\/wp-content\\\/uploads\\\/2026\\\/03\\\/1614666743370.jpg\",\"width\":800,\"height\":571,\"caption\":\"Anadolu Pet Grup\"},\"image\":{\"@id\":\"https:\\\/\\\/anadolupet.com.tr\\\/#\\\/schema\\\/logo\\\/image\\\/\"}}]}<\/script>\n<!-- \/ Yoast SEO plugin. -->","yoast_head_json":{"title":"Hill's SP Hipoalerjenik Somonlu Orta Irk Yeti\u015fkin K\u00f6pek Mamas\u0131 2.5KG - Anadolu Pet Grup","robots":{"index":"index","follow":"follow","max-snippet":"max-snippet:-1","max-image-preview":"max-image-preview:large","max-video-preview":"max-video-preview:-1"},"canonical":"https:\/\/anadolupet.com.tr\/en\/product\/hills-sp-hipoalerjenik-somonlu-orta-irk-yetiskin-kopek-mamasi-2-5kg\/","og_locale":"en_US","og_type":"article","og_title":"Hill's SP Hipoalerjenik Somonlu Orta Irk Yeti\u015fkin K\u00f6pek Mamas\u0131 2.5KG - Anadolu Pet Grup","og_description":"Hill's SCIENCE PLAN Hypoallergenic Somonlu Orta Irk Yeti\u015fkin K\u00f6pek Mamas\u0131 1-6 ya\u015f aras\u0131 yeti\u015fkin, orta \u0131rk k\u00f6pekler i\u00e7in ola\u011fan\u00fcst\u00fc lezzetli bir kuru mamad\u0131r. S\u0131n\u0131rland\u0131r\u0131lm\u0131\u015f miktarda y\u00fcksek kaliteli orijinal protein kaynaklar\u0131 i\u00e7eren ve tah\u0131l i\u00e7ermeyen bir tarife sahip bu lezzetli hipoalerjenik kuru k\u00f6pek mamas\u0131, hassas k\u00f6peklerin ihtiya\u00e7lar\u0131n\u0131 kar\u015f\u0131lamak i\u00e7in \u00f6zel olarak tasarlanm\u0131\u015ft\u0131r. - Orijinal ve bozulmam\u0131\u015f hayvansal protein kayna\u011f\u0131 olarak y\u00fcksek kaliteli Somon. - Patates ve di\u011fer sindirimi kolay malzemelerle mideye kar\u015f\u0131 hassas. - Sa\u011fl\u0131kl\u0131 deriyi beslemek i\u00e7in Omega-3 ve Omega-6 ya\u011f asitleri i\u00e7erir. \u0130\u00c7\u0130NDEK\u0130LER: Kurutulmu\u015f patates (%21), patates ni\u015fastas\u0131, kurutulmu\u015f bezelye, somon unu (%9), bezelye proteini, hayvansal ya\u011f, dijest, bitkisel ya\u011f, mineraller, kurutulmu\u015f pancar k\u00fcspesi, keten tohumu, kurutulmu\u015f havu\u00e7, kurutulmu\u015f domates posas\u0131, kurutulmu\u015f narenciye posas\u0131, \u0131spanak tozu. KG BA\u015eINA KATKI MADDELER\u0130: Besin katk\u0131 maddeleri: 3b103 (Demir) 51,5mg, 3b202 (\u0130yot) 1,3mg, 3b405 (Bak\u0131r) 5,1mg, 3b502 (Manganez) 5,3mg, 3b603 (\u00c7inko) 90,3mg, 3b801 (Selenyum) 0,1mg, do\u011fal anti-oksidan i\u00e7erir. ANAL\u0130T\u0130K B\u0130LE\u015eENLER: Protein %19,9, Ya\u011f i\u00e7eri\u011fi %14,2, Ham sel\u00fcloz %2,1, Ham k\u00fcl %4,8, Omega-3 ya\u011f asitleri %0,7, Omega-6 ya\u011f asitleri %3,0, Kalsiyum %0,64, Fosfor %0,59, Sodyum %0,25, Potasyum %0,69, Magnezyum %0,09; kg ba\u015f\u0131na: A Vitamini 9.271IU, Vitamin D3 721IU, Vitamin E 816mg, Vitamin C 117mg, Beta-karoten 2,3mg. Hill's SCIENCE PLAN SOMONLU ORTA IRK YET\u0130\u015eK\u0130N K\u00d6PEK MAMASI, 1-6 ya\u015f aras\u0131 yeti\u015fkin orta \u0131rk k\u00f6pekler i\u00e7in eksiksiz bir evcil hayvan mamas\u0131d\u0131r. Tek bir kaynaktan al\u0131nan, orijinal hayvansal protein kayna\u011f\u0131 ile form\u00fcle edilmi\u015ftir ve tah\u0131l i\u00e7ermez. FAYDALI \u0130PU\u00c7LARI: - Verilecek mama miktarlar\u0131n\u0131 ideal v\u00fccut a\u011f\u0131rl\u0131\u011f\u0131na uygun olarak ayarlay\u0131n. Emin de\u011filseniz veterinerinize dan\u0131\u015f\u0131n. - Bu mamay\u0131 ilk kez mi veriyorsunuz? Evcil hayvan\u0131n\u0131z\u0131n mevcut mama miktar\u0131n\u0131 7 g\u00fcnl\u00fck bir s\u00fcre boyunca bir kar\u0131\u015f\u0131m i\u00e7erisinde kademeli olarak azalt\u0131p yeni mamay\u0131 kademeli olarak art\u0131r\u0131n. - Her zaman temiz ve taze su verin! - Evcil hayvan\u0131n\u0131z\u0131n beslenme ihtiya\u00e7lar\u0131 ya\u015fland\u0131k\u00e7a de\u011fi\u015febilir. Her muayenede veteriner hekiminize sorun. - Bo\u011fulmalar\u0131 \u00f6nleyin: Mama paketini hayvanlar\u0131n ve \u00e7ocuklar\u0131n eri\u015femeyece\u011fi yerlerde saklay\u0131n.","og_url":"https:\/\/anadolupet.com.tr\/en\/product\/hills-sp-hipoalerjenik-somonlu-orta-irk-yetiskin-kopek-mamasi-2-5kg\/","og_site_name":"Anadolu Pet Grup","article_modified_time":"2026-02-23T12:48:51+00:00","og_image":[{"width":750,"height":750,"url":"https:\/\/anadolupet.com.tr\/wp-content\/uploads\/2026\/02\/620-607842.jpg","type":"image\/jpeg"}],"twitter_card":"summary_large_image","schema":{"@context":"https:\/\/schema.org","@graph":[{"@type":"WebPage","@id":"https:\/\/anadolupet.com.tr\/urun\/hills-sp-hipoalerjenik-somonlu-orta-irk-yetiskin-kopek-mamasi-2-5kg\/","url":"https:\/\/anadolupet.com.tr\/urun\/hills-sp-hipoalerjenik-somonlu-orta-irk-yetiskin-kopek-mamasi-2-5kg\/","name":"Hill's SP Hipoalerjenik Somonlu Orta Irk Yeti\u015fkin K\u00f6pek Mamas\u0131 2.5KG - Anadolu Pet Grup","isPartOf":{"@id":"https:\/\/anadolupet.com.tr\/#website"},"primaryImageOfPage":{"@id":"https:\/\/anadolupet.com.tr\/urun\/hills-sp-hipoalerjenik-somonlu-orta-irk-yetiskin-kopek-mamasi-2-5kg\/#primaryimage"},"image":{"@id":"https:\/\/anadolupet.com.tr\/urun\/hills-sp-hipoalerjenik-somonlu-orta-irk-yetiskin-kopek-mamasi-2-5kg\/#primaryimage"},"thumbnailUrl":"https:\/\/anadolupet.com.tr\/wp-content\/uploads\/2026\/02\/620-607842.jpg","datePublished":"2026-02-14T14:41:36+00:00","dateModified":"2026-02-23T12:48:51+00:00","breadcrumb":{"@id":"https:\/\/anadolupet.com.tr\/urun\/hills-sp-hipoalerjenik-somonlu-orta-irk-yetiskin-kopek-mamasi-2-5kg\/#breadcrumb"},"inLanguage":"en-US","potentialAction":[{"@type":"ReadAction","target":["https:\/\/anadolupet.com.tr\/urun\/hills-sp-hipoalerjenik-somonlu-orta-irk-yetiskin-kopek-mamasi-2-5kg\/"]}]},{"@type":"ImageObject","inLanguage":"en-US","@id":"https:\/\/anadolupet.com.tr\/urun\/hills-sp-hipoalerjenik-somonlu-orta-irk-yetiskin-kopek-mamasi-2-5kg\/#primaryimage","url":"https:\/\/anadolupet.com.tr\/wp-content\/uploads\/2026\/02\/620-607842.jpg","contentUrl":"https:\/\/anadolupet.com.tr\/wp-content\/uploads\/2026\/02\/620-607842.jpg","width":750,"height":750},{"@type":"BreadcrumbList","@id":"https:\/\/anadolupet.com.tr\/urun\/hills-sp-hipoalerjenik-somonlu-orta-irk-yetiskin-kopek-mamasi-2-5kg\/#breadcrumb","itemListElement":[{"@type":"ListItem","position":1,"name":"Anasayfa","item":"https:\/\/anadolupet.com.tr\/"},{"@type":"ListItem","position":2,"name":"\u00dcr\u00fcnler","item":"https:\/\/anadolupet.com.tr\/urunler\/"},{"@type":"ListItem","position":3,"name":"Hill&#8217;s SP Hipoalerjenik Somonlu Orta Irk Yeti\u015fkin K\u00f6pek Mamas\u0131 2.5KG"}]},{"@type":"WebSite","@id":"https:\/\/anadolupet.com.tr\/#website","url":"https:\/\/anadolupet.com.tr\/","name":"Anadolu Pet Group","description":"We Stand Together for the Well-Being of Every Life","publisher":{"@id":"https:\/\/anadolupet.com.tr\/#organization"},"potentialAction":[{"@type":"SearchAction","target":{"@type":"EntryPoint","urlTemplate":"https:\/\/anadolupet.com.tr\/?s={search_term_string}"},"query-input":{"@type":"PropertyValueSpecification","valueRequired":true,"valueName":"search_term_string"}}],"inLanguage":"en-US"},{"@type":"Organization","@id":"https:\/\/anadolupet.com.tr\/#organization","name":"Anadolu Pet Group","alternateName":"Anadolu Pet","url":"https:\/\/anadolupet.com.tr\/","logo":{"@type":"ImageObject","inLanguage":"en-US","@id":"https:\/\/anadolupet.com.tr\/#\/schema\/logo\/image\/","url":"https:\/\/anadolupet.com.tr\/wp-content\/uploads\/2026\/03\/1614666743370.jpg","contentUrl":"https:\/\/anadolupet.com.tr\/wp-content\/uploads\/2026\/03\/1614666743370.jpg","width":800,"height":571,"caption":"Anadolu Pet Grup"},"image":{"@id":"https:\/\/anadolupet.com.tr\/#\/schema\/logo\/image\/"}}]}},"_links":{"self":[{"href":"https:\/\/anadolupet.com.tr\/en\/wp-json\/wp\/v2\/product\/45422","targetHints":{"allow":["GET"]}}],"collection":[{"href":"https:\/\/anadolupet.com.tr\/en\/wp-json\/wp\/v2\/product"}],"about":[{"href":"https:\/\/anadolupet.com.tr\/en\/wp-json\/wp\/v2\/types\/product"}],"replies":[{"embeddable":true,"href":"https:\/\/anadolupet.com.tr\/en\/wp-json\/wp\/v2\/comments?post=45422"}],"wp:featuredmedia":[{"embeddable":true,"href":"https:\/\/anadolupet.com.tr\/en\/wp-json\/wp\/v2\/media\/44290"}],"wp:attachment":[{"href":"https:\/\/anadolupet.com.tr\/en\/wp-json\/wp\/v2\/media?parent=45422"}],"wp:term":[{"taxonomy":"product_brand","embeddable":true,"href":"https:\/\/anadolupet.com.tr\/en\/wp-json\/wp\/v2\/product_brand?post=45422"},{"taxonomy":"product_cat","embeddable":true,"href":"https:\/\/anadolupet.com.tr\/en\/wp-json\/wp\/v2\/product_cat?post=45422"},{"taxonomy":"product_tag","embeddable":true,"href":"https:\/\/anadolupet.com.tr\/en\/wp-json\/wp\/v2\/product_tag?post=45422"}],"curies":[{"name":"wp","href":"https:\/\/api.w.org\/{rel}","templated":true}]}}