{"id":45425,"date":"2026-02-14T14:41:36","date_gmt":"2026-02-14T14:41:36","guid":{"rendered":"https:\/\/anadolupet.com.tr\/urun\/hills-sp-hipoalerjenik-yumurta-ve-insekt-proteinli-kedi-mamasi-1-5kg\/"},"modified":"2026-02-23T12:48:52","modified_gmt":"2026-02-23T12:48:52","slug":"hills-sp-hipoalerjenik-yumurta-ve-insekt-proteinli-kedi-mamasi-1-5kg","status":"publish","type":"product","link":"https:\/\/anadolupet.com.tr\/en\/urun\/hills-sp-hipoalerjenik-yumurta-ve-insekt-proteinli-kedi-mamasi-1-5kg\/","title":{"rendered":"Hill&#8217;s SP Hipoalerjenik Yumurta ve \u0130nsekt Proteinli Kedi Mamas\u0131 1.5KG"},"content":{"rendered":"","protected":false},"excerpt":{"rendered":"<p>Hill&#8217;s SCIENCE PLAN Hypoallergenic Yumurta ve B\u00f6cek Proteinli Kedi Mamas\u0131, 1-6 ya\u015f aras\u0131 yeti\u015fkin kediler i\u00e7in harika tad\u0131 olan tah\u0131ls\u0131z kuru mamad\u0131r.<br \/>\nS\u0131n\u0131rl\u0131, y\u00fcksek kaliteli yeni protein kaynaklar\u0131 ve tah\u0131l i\u00e7ermeyen nazik bir tarif olan bu lezzetli hipoalerjenik kuru kedi mamas\u0131, hassas kedilerin ihtiya\u00e7lar\u0131n\u0131 kar\u015f\u0131lamak i\u00e7in \u00f6zel olarak tasarlanm\u0131\u015ft\u0131r.<br \/>\n&#8211; Yaln\u0131zca bozulmam\u0131\u015f protein kaynaklar\u0131 olarak y\u00fcksek kaliteli yumurta ve b\u00f6cekler<br \/>\n&#8211; Yumurta ve di\u011fer sindirimi kolay malzemelerle mideye nazik davran\u0131r<br \/>\n&#8211; Sa\u011fl\u0131kl\u0131 deri beslenmesi i\u00e7in omega-3 ve omega-6 ya\u011f asitleri ile<br \/>\n\u0130\u00c7\u0130NDEK\u0130LER: Kurutulmu\u015f b\u00fct\u00fcn yumurta (%21), kurutulmu\u015f patates, patates ni\u015fastas\u0131, bezelye proteini, b\u00f6cek protein tozu (%7), hayvansal ya\u011f, mineraller, bitkisel ya\u011f, dijest, kurutulmu\u015f pancar k\u00fcspesi, keten tohumu, bal\u0131k ya\u011f\u0131, kurutulmu\u015f havu\u00e7, kurutulmu\u015f domates posas\u0131, kurutulmu\u015f narenciye posas\u0131, \u0131spanak tozu.<br \/>\nKG BA\u015eINA KATKILAR: Besinsel katk\u0131lar: 3b103 (Demir) 45,3mg, 3b202 (\u0130yodin) 1,1mg, 3b405 (Bak\u0131r) 4,5mg, 3b502 (Manganez) 4,7mg, 3b603 (\u00c7inko) 79,4mg, 3b801 (Selenyum) 0,1mg, do\u011fal antioksidan ile.<br \/>\nANAL\u0130T\u0130K B\u0130LE\u015eENLER: Protein 30,3%, Ya\u011f i\u00e7eri\u011fi 19,5%, Ham sel\u00fcloz 1,6%, Ham k\u00fcl 5,7%, Omega-3 ya\u011f asitleri 0,8%, Omega-6 ya\u011f asitleri 3,7%, Kalsiyum 0,71%, Fosfor 0,54%, Sodyum 0,37%, Potasyum 0,74%, Magnezyum 0,09%; kg ba\u015f\u0131na: A Vitamini 7.715IU, D3 Vitamini 696IU, E Vitamini 906mg, C Vitamini 110mg, Beta-karoten 2,0mg.<br \/>\nHill&#8217;s SCIENCE PLAN Hypoallergenic Yumurta ve B\u00f6cek Proteinli Kedi Mamas\u0131, 1-6 ya\u015f aras\u0131 yeti\u015fkin kediler i\u00e7in eksiksiz bir evcil hayvan mamas\u0131d\u0131r. S\u0131n\u0131rl\u0131 y\u00fcksek kaliteli orijinal protein kaynaklar\u0131 ile form\u00fcle edilmi\u015ftir ve tah\u0131l i\u00e7ermez.<br \/>\nFAYDALI \u0130PU\u00c7LARI<br \/>\n&#8211; Optimum a\u011f\u0131rl\u0131\u011f\u0131 korumak i\u00e7in besleme miktarlar\u0131n\u0131 gerekti\u011fi gibi ayarlay\u0131n. Emin de\u011filseniz, veteriner hekiminize sorun.<br \/>\n&#8211; Bu yemekte yeni misin? 7 g\u00fcnl\u00fck bir s\u00fcre boyunca evcil hayvan\u0131n\u0131z\u0131n yeni mamas\u0131n\u0131 artan miktarlarda eski mamas\u0131n\u0131 azalan miktarlarda kar\u0131\u015ft\u0131r\u0131n.<br \/>\n&#8211; Her zaman taze su bulundurun!<br \/>\n&#8211; Evcil hayvan\u0131n\u0131z\u0131n beslenme ihtiya\u00e7lar\u0131 ya\u015fland\u0131k\u00e7a de\u011fi\u015febilir. Her kontrolde veterineri hekimnize sorun.<br \/>\n&#8211; Bo\u011fulmay\u0131 \u00f6nlemek i\u00e7in ambalaj\u0131 evcil hayvanlar\u0131n ve \u00e7ocuklar\u0131n eri\u015femeyece\u011fi bir yerde saklay\u0131n.<\/p>","protected":false},"featured_media":44196,"comment_status":"open","ping_status":"closed","template":"","meta":{"_acf_changed":false},"product_brand":[],"product_cat":[2442],"product_tag":[],"class_list":{"0":"post-45425","1":"product","2":"type-product","3":"status-publish","4":"has-post-thumbnail","6":"product_cat-yetiskin-kedi-mamalari","8":"first","9":"instock","10":"shipping-taxable","11":"product-type-simple"},"acf":[],"yoast_head":"<!-- This site is optimized with the Yoast SEO plugin v27.5 - https:\/\/yoast.com\/product\/yoast-seo-wordpress\/ -->\n<title>Hill&#039;s SP Hipoalerjenik Yumurta ve \u0130nsekt Proteinli Kedi Mamas\u0131 1.5KG - Anadolu Pet Grup<\/title>\n<meta name=\"robots\" content=\"index, follow, max-snippet:-1, max-image-preview:large, max-video-preview:-1\" \/>\n<link rel=\"canonical\" href=\"https:\/\/anadolupet.com.tr\/en\/product\/hills-sp-hipoalerjenik-yumurta-ve-insekt-proteinli-kedi-mamasi-1-5kg\/\" \/>\n<meta property=\"og:locale\" content=\"en_US\" \/>\n<meta property=\"og:type\" content=\"article\" \/>\n<meta property=\"og:title\" content=\"Hill&#039;s SP Hipoalerjenik Yumurta ve \u0130nsekt Proteinli Kedi Mamas\u0131 1.5KG - Anadolu Pet Grup\" \/>\n<meta property=\"og:description\" content=\"Hill&#039;s SCIENCE PLAN Hypoallergenic Yumurta ve B\u00f6cek Proteinli Kedi Mamas\u0131, 1-6 ya\u015f aras\u0131 yeti\u015fkin kediler i\u00e7in harika tad\u0131 olan tah\u0131ls\u0131z kuru mamad\u0131r. S\u0131n\u0131rl\u0131, y\u00fcksek kaliteli yeni protein kaynaklar\u0131 ve tah\u0131l i\u00e7ermeyen nazik bir tarif olan bu lezzetli hipoalerjenik kuru kedi mamas\u0131, hassas kedilerin ihtiya\u00e7lar\u0131n\u0131 kar\u015f\u0131lamak i\u00e7in \u00f6zel olarak tasarlanm\u0131\u015ft\u0131r. - Yaln\u0131zca bozulmam\u0131\u015f protein kaynaklar\u0131 olarak y\u00fcksek kaliteli yumurta ve b\u00f6cekler - Yumurta ve di\u011fer sindirimi kolay malzemelerle mideye nazik davran\u0131r - Sa\u011fl\u0131kl\u0131 deri beslenmesi i\u00e7in omega-3 ve omega-6 ya\u011f asitleri ile \u0130\u00c7\u0130NDEK\u0130LER: Kurutulmu\u015f b\u00fct\u00fcn yumurta (%21), kurutulmu\u015f patates, patates ni\u015fastas\u0131, bezelye proteini, b\u00f6cek protein tozu (%7), hayvansal ya\u011f, mineraller, bitkisel ya\u011f, dijest, kurutulmu\u015f pancar k\u00fcspesi, keten tohumu, bal\u0131k ya\u011f\u0131, kurutulmu\u015f havu\u00e7, kurutulmu\u015f domates posas\u0131, kurutulmu\u015f narenciye posas\u0131, \u0131spanak tozu. KG BA\u015eINA KATKILAR: Besinsel katk\u0131lar: 3b103 (Demir) 45,3mg, 3b202 (\u0130yodin) 1,1mg, 3b405 (Bak\u0131r) 4,5mg, 3b502 (Manganez) 4,7mg, 3b603 (\u00c7inko) 79,4mg, 3b801 (Selenyum) 0,1mg, do\u011fal antioksidan ile. ANAL\u0130T\u0130K B\u0130LE\u015eENLER: Protein 30,3%, Ya\u011f i\u00e7eri\u011fi 19,5%, Ham sel\u00fcloz 1,6%, Ham k\u00fcl 5,7%, Omega-3 ya\u011f asitleri 0,8%, Omega-6 ya\u011f asitleri 3,7%, Kalsiyum 0,71%, Fosfor 0,54%, Sodyum 0,37%, Potasyum 0,74%, Magnezyum 0,09%; kg ba\u015f\u0131na: A Vitamini 7.715IU, D3 Vitamini 696IU, E Vitamini 906mg, C Vitamini 110mg, Beta-karoten 2,0mg. Hill&#039;s SCIENCE PLAN Hypoallergenic Yumurta ve B\u00f6cek Proteinli Kedi Mamas\u0131, 1-6 ya\u015f aras\u0131 yeti\u015fkin kediler i\u00e7in eksiksiz bir evcil hayvan mamas\u0131d\u0131r. S\u0131n\u0131rl\u0131 y\u00fcksek kaliteli orijinal protein kaynaklar\u0131 ile form\u00fcle edilmi\u015ftir ve tah\u0131l i\u00e7ermez. FAYDALI \u0130PU\u00c7LARI - Optimum a\u011f\u0131rl\u0131\u011f\u0131 korumak i\u00e7in besleme miktarlar\u0131n\u0131 gerekti\u011fi gibi ayarlay\u0131n. Emin de\u011filseniz, veteriner hekiminize sorun. - Bu yemekte yeni misin? 7 g\u00fcnl\u00fck bir s\u00fcre boyunca evcil hayvan\u0131n\u0131z\u0131n yeni mamas\u0131n\u0131 artan miktarlarda eski mamas\u0131n\u0131 azalan miktarlarda kar\u0131\u015ft\u0131r\u0131n. - Her zaman taze su bulundurun! - Evcil hayvan\u0131n\u0131z\u0131n beslenme ihtiya\u00e7lar\u0131 ya\u015fland\u0131k\u00e7a de\u011fi\u015febilir. Her kontrolde veterineri hekimnize sorun. - Bo\u011fulmay\u0131 \u00f6nlemek i\u00e7in ambalaj\u0131 evcil hayvanlar\u0131n ve \u00e7ocuklar\u0131n eri\u015femeyece\u011fi bir yerde saklay\u0131n.\" \/>\n<meta property=\"og:url\" content=\"https:\/\/anadolupet.com.tr\/en\/product\/hills-sp-hipoalerjenik-yumurta-ve-insekt-proteinli-kedi-mamasi-1-5kg\/\" \/>\n<meta property=\"og:site_name\" content=\"Anadolu Pet Grup\" \/>\n<meta property=\"article:modified_time\" content=\"2026-02-23T12:48:52+00:00\" \/>\n<meta property=\"og:image\" content=\"https:\/\/anadolupet.com.tr\/wp-content\/uploads\/2026\/02\/610-607869.jpg\" \/>\n\t<meta property=\"og:image:width\" content=\"750\" \/>\n\t<meta property=\"og:image:height\" content=\"750\" \/>\n\t<meta property=\"og:image:type\" content=\"image\/jpeg\" \/>\n<meta name=\"twitter:card\" content=\"summary_large_image\" \/>\n<script type=\"application\/ld+json\" class=\"yoast-schema-graph\">{\"@context\":\"https:\\\/\\\/schema.org\",\"@graph\":[{\"@type\":\"WebPage\",\"@id\":\"https:\\\/\\\/anadolupet.com.tr\\\/urun\\\/hills-sp-hipoalerjenik-yumurta-ve-insekt-proteinli-kedi-mamasi-1-5kg\\\/\",\"url\":\"https:\\\/\\\/anadolupet.com.tr\\\/urun\\\/hills-sp-hipoalerjenik-yumurta-ve-insekt-proteinli-kedi-mamasi-1-5kg\\\/\",\"name\":\"Hill's SP Hipoalerjenik Yumurta ve \u0130nsekt Proteinli Kedi Mamas\u0131 1.5KG - Anadolu Pet Grup\",\"isPartOf\":{\"@id\":\"https:\\\/\\\/anadolupet.com.tr\\\/#website\"},\"primaryImageOfPage\":{\"@id\":\"https:\\\/\\\/anadolupet.com.tr\\\/urun\\\/hills-sp-hipoalerjenik-yumurta-ve-insekt-proteinli-kedi-mamasi-1-5kg\\\/#primaryimage\"},\"image\":{\"@id\":\"https:\\\/\\\/anadolupet.com.tr\\\/urun\\\/hills-sp-hipoalerjenik-yumurta-ve-insekt-proteinli-kedi-mamasi-1-5kg\\\/#primaryimage\"},\"thumbnailUrl\":\"https:\\\/\\\/anadolupet.com.tr\\\/wp-content\\\/uploads\\\/2026\\\/02\\\/610-607869.jpg\",\"datePublished\":\"2026-02-14T14:41:36+00:00\",\"dateModified\":\"2026-02-23T12:48:52+00:00\",\"breadcrumb\":{\"@id\":\"https:\\\/\\\/anadolupet.com.tr\\\/urun\\\/hills-sp-hipoalerjenik-yumurta-ve-insekt-proteinli-kedi-mamasi-1-5kg\\\/#breadcrumb\"},\"inLanguage\":\"en-US\",\"potentialAction\":[{\"@type\":\"ReadAction\",\"target\":[\"https:\\\/\\\/anadolupet.com.tr\\\/urun\\\/hills-sp-hipoalerjenik-yumurta-ve-insekt-proteinli-kedi-mamasi-1-5kg\\\/\"]}]},{\"@type\":\"ImageObject\",\"inLanguage\":\"en-US\",\"@id\":\"https:\\\/\\\/anadolupet.com.tr\\\/urun\\\/hills-sp-hipoalerjenik-yumurta-ve-insekt-proteinli-kedi-mamasi-1-5kg\\\/#primaryimage\",\"url\":\"https:\\\/\\\/anadolupet.com.tr\\\/wp-content\\\/uploads\\\/2026\\\/02\\\/610-607869.jpg\",\"contentUrl\":\"https:\\\/\\\/anadolupet.com.tr\\\/wp-content\\\/uploads\\\/2026\\\/02\\\/610-607869.jpg\",\"width\":750,\"height\":750},{\"@type\":\"BreadcrumbList\",\"@id\":\"https:\\\/\\\/anadolupet.com.tr\\\/urun\\\/hills-sp-hipoalerjenik-yumurta-ve-insekt-proteinli-kedi-mamasi-1-5kg\\\/#breadcrumb\",\"itemListElement\":[{\"@type\":\"ListItem\",\"position\":1,\"name\":\"Anasayfa\",\"item\":\"https:\\\/\\\/anadolupet.com.tr\\\/\"},{\"@type\":\"ListItem\",\"position\":2,\"name\":\"\u00dcr\u00fcnler\",\"item\":\"https:\\\/\\\/anadolupet.com.tr\\\/urunler\\\/\"},{\"@type\":\"ListItem\",\"position\":3,\"name\":\"Hill&#8217;s SP Hipoalerjenik Yumurta ve \u0130nsekt Proteinli Kedi Mamas\u0131 1.5KG\"}]},{\"@type\":\"WebSite\",\"@id\":\"https:\\\/\\\/anadolupet.com.tr\\\/#website\",\"url\":\"https:\\\/\\\/anadolupet.com.tr\\\/\",\"name\":\"Anadolu Pet Grup\",\"description\":\"Her Can\u0131n \u0130yi Ya\u015fam\u0131 \u0130\u00e7in Biraraday\u0131z\",\"publisher\":{\"@id\":\"https:\\\/\\\/anadolupet.com.tr\\\/#organization\"},\"potentialAction\":[{\"@type\":\"SearchAction\",\"target\":{\"@type\":\"EntryPoint\",\"urlTemplate\":\"https:\\\/\\\/anadolupet.com.tr\\\/?s={search_term_string}\"},\"query-input\":{\"@type\":\"PropertyValueSpecification\",\"valueRequired\":true,\"valueName\":\"search_term_string\"}}],\"inLanguage\":\"en-US\"},{\"@type\":\"Organization\",\"@id\":\"https:\\\/\\\/anadolupet.com.tr\\\/#organization\",\"name\":\"Anadolu Pet Grup\",\"alternateName\":\"Anadolu Pet\",\"url\":\"https:\\\/\\\/anadolupet.com.tr\\\/\",\"logo\":{\"@type\":\"ImageObject\",\"inLanguage\":\"en-US\",\"@id\":\"https:\\\/\\\/anadolupet.com.tr\\\/#\\\/schema\\\/logo\\\/image\\\/\",\"url\":\"https:\\\/\\\/anadolupet.com.tr\\\/wp-content\\\/uploads\\\/2026\\\/03\\\/1614666743370.jpg\",\"contentUrl\":\"https:\\\/\\\/anadolupet.com.tr\\\/wp-content\\\/uploads\\\/2026\\\/03\\\/1614666743370.jpg\",\"width\":800,\"height\":571,\"caption\":\"Anadolu Pet Grup\"},\"image\":{\"@id\":\"https:\\\/\\\/anadolupet.com.tr\\\/#\\\/schema\\\/logo\\\/image\\\/\"}}]}<\/script>\n<!-- \/ Yoast SEO plugin. -->","yoast_head_json":{"title":"Hill's SP Hipoalerjenik Yumurta ve \u0130nsekt Proteinli Kedi Mamas\u0131 1.5KG - Anadolu Pet Grup","robots":{"index":"index","follow":"follow","max-snippet":"max-snippet:-1","max-image-preview":"max-image-preview:large","max-video-preview":"max-video-preview:-1"},"canonical":"https:\/\/anadolupet.com.tr\/en\/product\/hills-sp-hipoalerjenik-yumurta-ve-insekt-proteinli-kedi-mamasi-1-5kg\/","og_locale":"en_US","og_type":"article","og_title":"Hill's SP Hipoalerjenik Yumurta ve \u0130nsekt Proteinli Kedi Mamas\u0131 1.5KG - Anadolu Pet Grup","og_description":"Hill's SCIENCE PLAN Hypoallergenic Yumurta ve B\u00f6cek Proteinli Kedi Mamas\u0131, 1-6 ya\u015f aras\u0131 yeti\u015fkin kediler i\u00e7in harika tad\u0131 olan tah\u0131ls\u0131z kuru mamad\u0131r. S\u0131n\u0131rl\u0131, y\u00fcksek kaliteli yeni protein kaynaklar\u0131 ve tah\u0131l i\u00e7ermeyen nazik bir tarif olan bu lezzetli hipoalerjenik kuru kedi mamas\u0131, hassas kedilerin ihtiya\u00e7lar\u0131n\u0131 kar\u015f\u0131lamak i\u00e7in \u00f6zel olarak tasarlanm\u0131\u015ft\u0131r. - Yaln\u0131zca bozulmam\u0131\u015f protein kaynaklar\u0131 olarak y\u00fcksek kaliteli yumurta ve b\u00f6cekler - Yumurta ve di\u011fer sindirimi kolay malzemelerle mideye nazik davran\u0131r - Sa\u011fl\u0131kl\u0131 deri beslenmesi i\u00e7in omega-3 ve omega-6 ya\u011f asitleri ile \u0130\u00c7\u0130NDEK\u0130LER: Kurutulmu\u015f b\u00fct\u00fcn yumurta (%21), kurutulmu\u015f patates, patates ni\u015fastas\u0131, bezelye proteini, b\u00f6cek protein tozu (%7), hayvansal ya\u011f, mineraller, bitkisel ya\u011f, dijest, kurutulmu\u015f pancar k\u00fcspesi, keten tohumu, bal\u0131k ya\u011f\u0131, kurutulmu\u015f havu\u00e7, kurutulmu\u015f domates posas\u0131, kurutulmu\u015f narenciye posas\u0131, \u0131spanak tozu. KG BA\u015eINA KATKILAR: Besinsel katk\u0131lar: 3b103 (Demir) 45,3mg, 3b202 (\u0130yodin) 1,1mg, 3b405 (Bak\u0131r) 4,5mg, 3b502 (Manganez) 4,7mg, 3b603 (\u00c7inko) 79,4mg, 3b801 (Selenyum) 0,1mg, do\u011fal antioksidan ile. ANAL\u0130T\u0130K B\u0130LE\u015eENLER: Protein 30,3%, Ya\u011f i\u00e7eri\u011fi 19,5%, Ham sel\u00fcloz 1,6%, Ham k\u00fcl 5,7%, Omega-3 ya\u011f asitleri 0,8%, Omega-6 ya\u011f asitleri 3,7%, Kalsiyum 0,71%, Fosfor 0,54%, Sodyum 0,37%, Potasyum 0,74%, Magnezyum 0,09%; kg ba\u015f\u0131na: A Vitamini 7.715IU, D3 Vitamini 696IU, E Vitamini 906mg, C Vitamini 110mg, Beta-karoten 2,0mg. Hill's SCIENCE PLAN Hypoallergenic Yumurta ve B\u00f6cek Proteinli Kedi Mamas\u0131, 1-6 ya\u015f aras\u0131 yeti\u015fkin kediler i\u00e7in eksiksiz bir evcil hayvan mamas\u0131d\u0131r. S\u0131n\u0131rl\u0131 y\u00fcksek kaliteli orijinal protein kaynaklar\u0131 ile form\u00fcle edilmi\u015ftir ve tah\u0131l i\u00e7ermez. FAYDALI \u0130PU\u00c7LARI - Optimum a\u011f\u0131rl\u0131\u011f\u0131 korumak i\u00e7in besleme miktarlar\u0131n\u0131 gerekti\u011fi gibi ayarlay\u0131n. Emin de\u011filseniz, veteriner hekiminize sorun. - Bu yemekte yeni misin? 7 g\u00fcnl\u00fck bir s\u00fcre boyunca evcil hayvan\u0131n\u0131z\u0131n yeni mamas\u0131n\u0131 artan miktarlarda eski mamas\u0131n\u0131 azalan miktarlarda kar\u0131\u015ft\u0131r\u0131n. - Her zaman taze su bulundurun! - Evcil hayvan\u0131n\u0131z\u0131n beslenme ihtiya\u00e7lar\u0131 ya\u015fland\u0131k\u00e7a de\u011fi\u015febilir. Her kontrolde veterineri hekimnize sorun. - Bo\u011fulmay\u0131 \u00f6nlemek i\u00e7in ambalaj\u0131 evcil hayvanlar\u0131n ve \u00e7ocuklar\u0131n eri\u015femeyece\u011fi bir yerde saklay\u0131n.","og_url":"https:\/\/anadolupet.com.tr\/en\/product\/hills-sp-hipoalerjenik-yumurta-ve-insekt-proteinli-kedi-mamasi-1-5kg\/","og_site_name":"Anadolu Pet Grup","article_modified_time":"2026-02-23T12:48:52+00:00","og_image":[{"width":750,"height":750,"url":"https:\/\/anadolupet.com.tr\/wp-content\/uploads\/2026\/02\/610-607869.jpg","type":"image\/jpeg"}],"twitter_card":"summary_large_image","schema":{"@context":"https:\/\/schema.org","@graph":[{"@type":"WebPage","@id":"https:\/\/anadolupet.com.tr\/urun\/hills-sp-hipoalerjenik-yumurta-ve-insekt-proteinli-kedi-mamasi-1-5kg\/","url":"https:\/\/anadolupet.com.tr\/urun\/hills-sp-hipoalerjenik-yumurta-ve-insekt-proteinli-kedi-mamasi-1-5kg\/","name":"Hill's SP Hipoalerjenik Yumurta ve \u0130nsekt Proteinli Kedi Mamas\u0131 1.5KG - Anadolu Pet Grup","isPartOf":{"@id":"https:\/\/anadolupet.com.tr\/#website"},"primaryImageOfPage":{"@id":"https:\/\/anadolupet.com.tr\/urun\/hills-sp-hipoalerjenik-yumurta-ve-insekt-proteinli-kedi-mamasi-1-5kg\/#primaryimage"},"image":{"@id":"https:\/\/anadolupet.com.tr\/urun\/hills-sp-hipoalerjenik-yumurta-ve-insekt-proteinli-kedi-mamasi-1-5kg\/#primaryimage"},"thumbnailUrl":"https:\/\/anadolupet.com.tr\/wp-content\/uploads\/2026\/02\/610-607869.jpg","datePublished":"2026-02-14T14:41:36+00:00","dateModified":"2026-02-23T12:48:52+00:00","breadcrumb":{"@id":"https:\/\/anadolupet.com.tr\/urun\/hills-sp-hipoalerjenik-yumurta-ve-insekt-proteinli-kedi-mamasi-1-5kg\/#breadcrumb"},"inLanguage":"en-US","potentialAction":[{"@type":"ReadAction","target":["https:\/\/anadolupet.com.tr\/urun\/hills-sp-hipoalerjenik-yumurta-ve-insekt-proteinli-kedi-mamasi-1-5kg\/"]}]},{"@type":"ImageObject","inLanguage":"en-US","@id":"https:\/\/anadolupet.com.tr\/urun\/hills-sp-hipoalerjenik-yumurta-ve-insekt-proteinli-kedi-mamasi-1-5kg\/#primaryimage","url":"https:\/\/anadolupet.com.tr\/wp-content\/uploads\/2026\/02\/610-607869.jpg","contentUrl":"https:\/\/anadolupet.com.tr\/wp-content\/uploads\/2026\/02\/610-607869.jpg","width":750,"height":750},{"@type":"BreadcrumbList","@id":"https:\/\/anadolupet.com.tr\/urun\/hills-sp-hipoalerjenik-yumurta-ve-insekt-proteinli-kedi-mamasi-1-5kg\/#breadcrumb","itemListElement":[{"@type":"ListItem","position":1,"name":"Anasayfa","item":"https:\/\/anadolupet.com.tr\/"},{"@type":"ListItem","position":2,"name":"\u00dcr\u00fcnler","item":"https:\/\/anadolupet.com.tr\/urunler\/"},{"@type":"ListItem","position":3,"name":"Hill&#8217;s SP Hipoalerjenik Yumurta ve \u0130nsekt Proteinli Kedi Mamas\u0131 1.5KG"}]},{"@type":"WebSite","@id":"https:\/\/anadolupet.com.tr\/#website","url":"https:\/\/anadolupet.com.tr\/","name":"Anadolu Pet Group","description":"We Stand Together for the Well-Being of Every Life","publisher":{"@id":"https:\/\/anadolupet.com.tr\/#organization"},"potentialAction":[{"@type":"SearchAction","target":{"@type":"EntryPoint","urlTemplate":"https:\/\/anadolupet.com.tr\/?s={search_term_string}"},"query-input":{"@type":"PropertyValueSpecification","valueRequired":true,"valueName":"search_term_string"}}],"inLanguage":"en-US"},{"@type":"Organization","@id":"https:\/\/anadolupet.com.tr\/#organization","name":"Anadolu Pet Group","alternateName":"Anadolu Pet","url":"https:\/\/anadolupet.com.tr\/","logo":{"@type":"ImageObject","inLanguage":"en-US","@id":"https:\/\/anadolupet.com.tr\/#\/schema\/logo\/image\/","url":"https:\/\/anadolupet.com.tr\/wp-content\/uploads\/2026\/03\/1614666743370.jpg","contentUrl":"https:\/\/anadolupet.com.tr\/wp-content\/uploads\/2026\/03\/1614666743370.jpg","width":800,"height":571,"caption":"Anadolu Pet Grup"},"image":{"@id":"https:\/\/anadolupet.com.tr\/#\/schema\/logo\/image\/"}}]}},"_links":{"self":[{"href":"https:\/\/anadolupet.com.tr\/en\/wp-json\/wp\/v2\/product\/45425","targetHints":{"allow":["GET"]}}],"collection":[{"href":"https:\/\/anadolupet.com.tr\/en\/wp-json\/wp\/v2\/product"}],"about":[{"href":"https:\/\/anadolupet.com.tr\/en\/wp-json\/wp\/v2\/types\/product"}],"replies":[{"embeddable":true,"href":"https:\/\/anadolupet.com.tr\/en\/wp-json\/wp\/v2\/comments?post=45425"}],"wp:featuredmedia":[{"embeddable":true,"href":"https:\/\/anadolupet.com.tr\/en\/wp-json\/wp\/v2\/media\/44196"}],"wp:attachment":[{"href":"https:\/\/anadolupet.com.tr\/en\/wp-json\/wp\/v2\/media?parent=45425"}],"wp:term":[{"taxonomy":"product_brand","embeddable":true,"href":"https:\/\/anadolupet.com.tr\/en\/wp-json\/wp\/v2\/product_brand?post=45425"},{"taxonomy":"product_cat","embeddable":true,"href":"https:\/\/anadolupet.com.tr\/en\/wp-json\/wp\/v2\/product_cat?post=45425"},{"taxonomy":"product_tag","embeddable":true,"href":"https:\/\/anadolupet.com.tr\/en\/wp-json\/wp\/v2\/product_tag?post=45425"}],"curies":[{"name":"wp","href":"https:\/\/api.w.org\/{rel}","templated":true}]}}