{"id":45428,"date":"2026-02-14T14:41:37","date_gmt":"2026-02-14T14:41:37","guid":{"rendered":"https:\/\/anadolupet.com.tr\/urun\/hills-sp-kucuk-ve-mini-irk-yetiskin-kopek-tavuklu-hindili-yumusak-pure-konserve-12x200g\/"},"modified":"2026-02-23T12:48:52","modified_gmt":"2026-02-23T12:48:52","slug":"hills-sp-kucuk-ve-mini-irk-yetiskin-kopek-tavuklu-hindili-yumusak-pure-konserve-12x200g","status":"publish","type":"product","link":"https:\/\/anadolupet.com.tr\/en\/urun\/hills-sp-kucuk-ve-mini-irk-yetiskin-kopek-tavuklu-hindili-yumusak-pure-konserve-12x200g\/","title":{"rendered":"Hill&#8217;s SP K\u00fc\u00e7\u00fck ve Mini Irk Yeti\u015fkin K\u00f6pek Tavuklu &#038; Hindili Yumu\u015fak P\u00fcre Konserve 12x200G"},"content":{"rendered":"","protected":false},"excerpt":{"rendered":"<p>Hill&#8217;s SCIENCE PLAN Yeti\u015fkin K\u00fc\u00e7\u00fck ve Mini Irk Biftekli K\u00f6pek Konserve, 1\u20136 ya\u015f aras\u0131 k\u00fc\u00e7\u00fck \u0131rk yeti\u015fkin k\u00f6pekler i\u00e7in eksiksiz bir evcil hayvan mamas\u0131d\u0131r. K\u00fc\u00e7\u00fck ve Mini \u0131rk k\u00f6peklerin hayatlar\u0131n\u0131n en g\u00fczel d\u00f6nemindeki benzersiz ihtiya\u00e7lar\u0131na \u00f6zel olarak haz\u0131rlanm\u0131\u015f mama.<\/p>","protected":false},"featured_media":44294,"comment_status":"open","ping_status":"closed","template":"","meta":{"_acf_changed":false},"product_brand":[],"product_cat":[2464],"product_tag":[],"class_list":{"0":"post-45428","1":"product","2":"type-product","3":"status-publish","4":"has-post-thumbnail","6":"product_cat-yetiskin-kopek-mamalari","8":"first","9":"instock","10":"shipping-taxable","11":"product-type-simple"},"acf":[],"yoast_head":"<!-- This site is optimized with the Yoast SEO plugin v27.5 - https:\/\/yoast.com\/product\/yoast-seo-wordpress\/ -->\n<title>Hill&#039;s SP K\u00fc\u00e7\u00fck ve Mini Irk Yeti\u015fkin K\u00f6pek Tavuklu &amp; Hindili Yumu\u015fak P\u00fcre Konserve 12x200G - Anadolu Pet Grup<\/title>\n<meta name=\"robots\" content=\"index, follow, max-snippet:-1, max-image-preview:large, max-video-preview:-1\" \/>\n<link rel=\"canonical\" href=\"https:\/\/anadolupet.com.tr\/en\/product\/hills-sp-kucuk-ve-mini-irk-yetiskin-kopek-tavuklu-hindili-yumusak-pure-konserve-12x200g\/\" \/>\n<meta property=\"og:locale\" content=\"en_US\" \/>\n<meta property=\"og:type\" content=\"article\" \/>\n<meta property=\"og:title\" content=\"Hill&#039;s SP K\u00fc\u00e7\u00fck ve Mini Irk Yeti\u015fkin K\u00f6pek Tavuklu &amp; Hindili Yumu\u015fak P\u00fcre Konserve 12x200G - Anadolu Pet Grup\" \/>\n<meta property=\"og:description\" content=\"Hill&#039;s SCIENCE PLAN Yeti\u015fkin K\u00fc\u00e7\u00fck ve Mini Irk Biftekli K\u00f6pek Konserve, 1\u20136 ya\u015f aras\u0131 k\u00fc\u00e7\u00fck \u0131rk yeti\u015fkin k\u00f6pekler i\u00e7in eksiksiz bir evcil hayvan mamas\u0131d\u0131r. K\u00fc\u00e7\u00fck ve Mini \u0131rk k\u00f6peklerin hayatlar\u0131n\u0131n en g\u00fczel d\u00f6nemindeki benzersiz ihtiya\u00e7lar\u0131na \u00f6zel olarak haz\u0131rlanm\u0131\u015f mama.\" \/>\n<meta property=\"og:url\" content=\"https:\/\/anadolupet.com.tr\/en\/product\/hills-sp-kucuk-ve-mini-irk-yetiskin-kopek-tavuklu-hindili-yumusak-pure-konserve-12x200g\/\" \/>\n<meta property=\"og:site_name\" content=\"Anadolu Pet Grup\" \/>\n<meta property=\"article:modified_time\" content=\"2026-02-23T12:48:52+00:00\" \/>\n<meta property=\"og:image\" content=\"https:\/\/anadolupet.com.tr\/wp-content\/uploads\/2026\/02\/620-608329.jpg\" \/>\n\t<meta property=\"og:image:width\" content=\"750\" \/>\n\t<meta property=\"og:image:height\" content=\"750\" \/>\n\t<meta property=\"og:image:type\" content=\"image\/jpeg\" \/>\n<meta name=\"twitter:card\" content=\"summary_large_image\" \/>\n<script type=\"application\/ld+json\" class=\"yoast-schema-graph\">{\"@context\":\"https:\\\/\\\/schema.org\",\"@graph\":[{\"@type\":\"WebPage\",\"@id\":\"https:\\\/\\\/anadolupet.com.tr\\\/urun\\\/hills-sp-kucuk-ve-mini-irk-yetiskin-kopek-tavuklu-hindili-yumusak-pure-konserve-12x200g\\\/\",\"url\":\"https:\\\/\\\/anadolupet.com.tr\\\/urun\\\/hills-sp-kucuk-ve-mini-irk-yetiskin-kopek-tavuklu-hindili-yumusak-pure-konserve-12x200g\\\/\",\"name\":\"Hill's SP K\u00fc\u00e7\u00fck ve Mini Irk Yeti\u015fkin K\u00f6pek Tavuklu & Hindili Yumu\u015fak P\u00fcre Konserve 12x200G - Anadolu Pet Grup\",\"isPartOf\":{\"@id\":\"https:\\\/\\\/anadolupet.com.tr\\\/#website\"},\"primaryImageOfPage\":{\"@id\":\"https:\\\/\\\/anadolupet.com.tr\\\/urun\\\/hills-sp-kucuk-ve-mini-irk-yetiskin-kopek-tavuklu-hindili-yumusak-pure-konserve-12x200g\\\/#primaryimage\"},\"image\":{\"@id\":\"https:\\\/\\\/anadolupet.com.tr\\\/urun\\\/hills-sp-kucuk-ve-mini-irk-yetiskin-kopek-tavuklu-hindili-yumusak-pure-konserve-12x200g\\\/#primaryimage\"},\"thumbnailUrl\":\"https:\\\/\\\/anadolupet.com.tr\\\/wp-content\\\/uploads\\\/2026\\\/02\\\/620-608329.jpg\",\"datePublished\":\"2026-02-14T14:41:37+00:00\",\"dateModified\":\"2026-02-23T12:48:52+00:00\",\"breadcrumb\":{\"@id\":\"https:\\\/\\\/anadolupet.com.tr\\\/urun\\\/hills-sp-kucuk-ve-mini-irk-yetiskin-kopek-tavuklu-hindili-yumusak-pure-konserve-12x200g\\\/#breadcrumb\"},\"inLanguage\":\"en-US\",\"potentialAction\":[{\"@type\":\"ReadAction\",\"target\":[\"https:\\\/\\\/anadolupet.com.tr\\\/urun\\\/hills-sp-kucuk-ve-mini-irk-yetiskin-kopek-tavuklu-hindili-yumusak-pure-konserve-12x200g\\\/\"]}]},{\"@type\":\"ImageObject\",\"inLanguage\":\"en-US\",\"@id\":\"https:\\\/\\\/anadolupet.com.tr\\\/urun\\\/hills-sp-kucuk-ve-mini-irk-yetiskin-kopek-tavuklu-hindili-yumusak-pure-konserve-12x200g\\\/#primaryimage\",\"url\":\"https:\\\/\\\/anadolupet.com.tr\\\/wp-content\\\/uploads\\\/2026\\\/02\\\/620-608329.jpg\",\"contentUrl\":\"https:\\\/\\\/anadolupet.com.tr\\\/wp-content\\\/uploads\\\/2026\\\/02\\\/620-608329.jpg\",\"width\":750,\"height\":750},{\"@type\":\"BreadcrumbList\",\"@id\":\"https:\\\/\\\/anadolupet.com.tr\\\/urun\\\/hills-sp-kucuk-ve-mini-irk-yetiskin-kopek-tavuklu-hindili-yumusak-pure-konserve-12x200g\\\/#breadcrumb\",\"itemListElement\":[{\"@type\":\"ListItem\",\"position\":1,\"name\":\"Anasayfa\",\"item\":\"https:\\\/\\\/anadolupet.com.tr\\\/\"},{\"@type\":\"ListItem\",\"position\":2,\"name\":\"\u00dcr\u00fcnler\",\"item\":\"https:\\\/\\\/anadolupet.com.tr\\\/urunler\\\/\"},{\"@type\":\"ListItem\",\"position\":3,\"name\":\"Hill&#8217;s SP K\u00fc\u00e7\u00fck ve Mini Irk Yeti\u015fkin K\u00f6pek Tavuklu &#038; Hindili Yumu\u015fak P\u00fcre Konserve 12x200G\"}]},{\"@type\":\"WebSite\",\"@id\":\"https:\\\/\\\/anadolupet.com.tr\\\/#website\",\"url\":\"https:\\\/\\\/anadolupet.com.tr\\\/\",\"name\":\"Anadolu Pet Grup\",\"description\":\"Her Can\u0131n \u0130yi Ya\u015fam\u0131 \u0130\u00e7in Biraraday\u0131z\",\"publisher\":{\"@id\":\"https:\\\/\\\/anadolupet.com.tr\\\/#organization\"},\"potentialAction\":[{\"@type\":\"SearchAction\",\"target\":{\"@type\":\"EntryPoint\",\"urlTemplate\":\"https:\\\/\\\/anadolupet.com.tr\\\/?s={search_term_string}\"},\"query-input\":{\"@type\":\"PropertyValueSpecification\",\"valueRequired\":true,\"valueName\":\"search_term_string\"}}],\"inLanguage\":\"en-US\"},{\"@type\":\"Organization\",\"@id\":\"https:\\\/\\\/anadolupet.com.tr\\\/#organization\",\"name\":\"Anadolu Pet Grup\",\"alternateName\":\"Anadolu Pet\",\"url\":\"https:\\\/\\\/anadolupet.com.tr\\\/\",\"logo\":{\"@type\":\"ImageObject\",\"inLanguage\":\"en-US\",\"@id\":\"https:\\\/\\\/anadolupet.com.tr\\\/#\\\/schema\\\/logo\\\/image\\\/\",\"url\":\"https:\\\/\\\/anadolupet.com.tr\\\/wp-content\\\/uploads\\\/2026\\\/03\\\/1614666743370.jpg\",\"contentUrl\":\"https:\\\/\\\/anadolupet.com.tr\\\/wp-content\\\/uploads\\\/2026\\\/03\\\/1614666743370.jpg\",\"width\":800,\"height\":571,\"caption\":\"Anadolu Pet Grup\"},\"image\":{\"@id\":\"https:\\\/\\\/anadolupet.com.tr\\\/#\\\/schema\\\/logo\\\/image\\\/\"}}]}<\/script>\n<!-- \/ Yoast SEO plugin. -->","yoast_head_json":{"title":"Hill's SP K\u00fc\u00e7\u00fck ve Mini Irk Yeti\u015fkin K\u00f6pek Tavuklu & Hindili Yumu\u015fak P\u00fcre Konserve 12x200G - Anadolu Pet Grup","robots":{"index":"index","follow":"follow","max-snippet":"max-snippet:-1","max-image-preview":"max-image-preview:large","max-video-preview":"max-video-preview:-1"},"canonical":"https:\/\/anadolupet.com.tr\/en\/product\/hills-sp-kucuk-ve-mini-irk-yetiskin-kopek-tavuklu-hindili-yumusak-pure-konserve-12x200g\/","og_locale":"en_US","og_type":"article","og_title":"Hill's SP K\u00fc\u00e7\u00fck ve Mini Irk Yeti\u015fkin K\u00f6pek Tavuklu & Hindili Yumu\u015fak P\u00fcre Konserve 12x200G - Anadolu Pet Grup","og_description":"Hill's SCIENCE PLAN Yeti\u015fkin K\u00fc\u00e7\u00fck ve Mini Irk Biftekli K\u00f6pek Konserve, 1\u20136 ya\u015f aras\u0131 k\u00fc\u00e7\u00fck \u0131rk yeti\u015fkin k\u00f6pekler i\u00e7in eksiksiz bir evcil hayvan mamas\u0131d\u0131r. K\u00fc\u00e7\u00fck ve Mini \u0131rk k\u00f6peklerin hayatlar\u0131n\u0131n en g\u00fczel d\u00f6nemindeki benzersiz ihtiya\u00e7lar\u0131na \u00f6zel olarak haz\u0131rlanm\u0131\u015f mama.","og_url":"https:\/\/anadolupet.com.tr\/en\/product\/hills-sp-kucuk-ve-mini-irk-yetiskin-kopek-tavuklu-hindili-yumusak-pure-konserve-12x200g\/","og_site_name":"Anadolu Pet Grup","article_modified_time":"2026-02-23T12:48:52+00:00","og_image":[{"width":750,"height":750,"url":"https:\/\/anadolupet.com.tr\/wp-content\/uploads\/2026\/02\/620-608329.jpg","type":"image\/jpeg"}],"twitter_card":"summary_large_image","schema":{"@context":"https:\/\/schema.org","@graph":[{"@type":"WebPage","@id":"https:\/\/anadolupet.com.tr\/urun\/hills-sp-kucuk-ve-mini-irk-yetiskin-kopek-tavuklu-hindili-yumusak-pure-konserve-12x200g\/","url":"https:\/\/anadolupet.com.tr\/urun\/hills-sp-kucuk-ve-mini-irk-yetiskin-kopek-tavuklu-hindili-yumusak-pure-konserve-12x200g\/","name":"Hill's SP K\u00fc\u00e7\u00fck ve Mini Irk Yeti\u015fkin K\u00f6pek Tavuklu & Hindili Yumu\u015fak P\u00fcre Konserve 12x200G - Anadolu Pet Grup","isPartOf":{"@id":"https:\/\/anadolupet.com.tr\/#website"},"primaryImageOfPage":{"@id":"https:\/\/anadolupet.com.tr\/urun\/hills-sp-kucuk-ve-mini-irk-yetiskin-kopek-tavuklu-hindili-yumusak-pure-konserve-12x200g\/#primaryimage"},"image":{"@id":"https:\/\/anadolupet.com.tr\/urun\/hills-sp-kucuk-ve-mini-irk-yetiskin-kopek-tavuklu-hindili-yumusak-pure-konserve-12x200g\/#primaryimage"},"thumbnailUrl":"https:\/\/anadolupet.com.tr\/wp-content\/uploads\/2026\/02\/620-608329.jpg","datePublished":"2026-02-14T14:41:37+00:00","dateModified":"2026-02-23T12:48:52+00:00","breadcrumb":{"@id":"https:\/\/anadolupet.com.tr\/urun\/hills-sp-kucuk-ve-mini-irk-yetiskin-kopek-tavuklu-hindili-yumusak-pure-konserve-12x200g\/#breadcrumb"},"inLanguage":"en-US","potentialAction":[{"@type":"ReadAction","target":["https:\/\/anadolupet.com.tr\/urun\/hills-sp-kucuk-ve-mini-irk-yetiskin-kopek-tavuklu-hindili-yumusak-pure-konserve-12x200g\/"]}]},{"@type":"ImageObject","inLanguage":"en-US","@id":"https:\/\/anadolupet.com.tr\/urun\/hills-sp-kucuk-ve-mini-irk-yetiskin-kopek-tavuklu-hindili-yumusak-pure-konserve-12x200g\/#primaryimage","url":"https:\/\/anadolupet.com.tr\/wp-content\/uploads\/2026\/02\/620-608329.jpg","contentUrl":"https:\/\/anadolupet.com.tr\/wp-content\/uploads\/2026\/02\/620-608329.jpg","width":750,"height":750},{"@type":"BreadcrumbList","@id":"https:\/\/anadolupet.com.tr\/urun\/hills-sp-kucuk-ve-mini-irk-yetiskin-kopek-tavuklu-hindili-yumusak-pure-konserve-12x200g\/#breadcrumb","itemListElement":[{"@type":"ListItem","position":1,"name":"Anasayfa","item":"https:\/\/anadolupet.com.tr\/"},{"@type":"ListItem","position":2,"name":"\u00dcr\u00fcnler","item":"https:\/\/anadolupet.com.tr\/urunler\/"},{"@type":"ListItem","position":3,"name":"Hill&#8217;s SP K\u00fc\u00e7\u00fck ve Mini Irk Yeti\u015fkin K\u00f6pek Tavuklu &#038; Hindili Yumu\u015fak P\u00fcre Konserve 12x200G"}]},{"@type":"WebSite","@id":"https:\/\/anadolupet.com.tr\/#website","url":"https:\/\/anadolupet.com.tr\/","name":"Anadolu Pet Group","description":"We Stand Together for the Well-Being of Every Life","publisher":{"@id":"https:\/\/anadolupet.com.tr\/#organization"},"potentialAction":[{"@type":"SearchAction","target":{"@type":"EntryPoint","urlTemplate":"https:\/\/anadolupet.com.tr\/?s={search_term_string}"},"query-input":{"@type":"PropertyValueSpecification","valueRequired":true,"valueName":"search_term_string"}}],"inLanguage":"en-US"},{"@type":"Organization","@id":"https:\/\/anadolupet.com.tr\/#organization","name":"Anadolu Pet Group","alternateName":"Anadolu Pet","url":"https:\/\/anadolupet.com.tr\/","logo":{"@type":"ImageObject","inLanguage":"en-US","@id":"https:\/\/anadolupet.com.tr\/#\/schema\/logo\/image\/","url":"https:\/\/anadolupet.com.tr\/wp-content\/uploads\/2026\/03\/1614666743370.jpg","contentUrl":"https:\/\/anadolupet.com.tr\/wp-content\/uploads\/2026\/03\/1614666743370.jpg","width":800,"height":571,"caption":"Anadolu Pet Grup"},"image":{"@id":"https:\/\/anadolupet.com.tr\/#\/schema\/logo\/image\/"}}]}},"_links":{"self":[{"href":"https:\/\/anadolupet.com.tr\/en\/wp-json\/wp\/v2\/product\/45428","targetHints":{"allow":["GET"]}}],"collection":[{"href":"https:\/\/anadolupet.com.tr\/en\/wp-json\/wp\/v2\/product"}],"about":[{"href":"https:\/\/anadolupet.com.tr\/en\/wp-json\/wp\/v2\/types\/product"}],"replies":[{"embeddable":true,"href":"https:\/\/anadolupet.com.tr\/en\/wp-json\/wp\/v2\/comments?post=45428"}],"wp:featuredmedia":[{"embeddable":true,"href":"https:\/\/anadolupet.com.tr\/en\/wp-json\/wp\/v2\/media\/44294"}],"wp:attachment":[{"href":"https:\/\/anadolupet.com.tr\/en\/wp-json\/wp\/v2\/media?parent=45428"}],"wp:term":[{"taxonomy":"product_brand","embeddable":true,"href":"https:\/\/anadolupet.com.tr\/en\/wp-json\/wp\/v2\/product_brand?post=45428"},{"taxonomy":"product_cat","embeddable":true,"href":"https:\/\/anadolupet.com.tr\/en\/wp-json\/wp\/v2\/product_cat?post=45428"},{"taxonomy":"product_tag","embeddable":true,"href":"https:\/\/anadolupet.com.tr\/en\/wp-json\/wp\/v2\/product_tag?post=45428"}],"curies":[{"name":"wp","href":"https:\/\/api.w.org\/{rel}","templated":true}]}}