{"id":45429,"date":"2026-02-14T14:41:37","date_gmt":"2026-02-14T14:41:37","guid":{"rendered":"https:\/\/anadolupet.com.tr\/urun\/hills-sp-kuzulu-pirincli-kucuk-ve-mini-irk-yavru-kopek-mamasi-1-5kg\/"},"modified":"2026-02-23T12:48:52","modified_gmt":"2026-02-23T12:48:52","slug":"hills-sp-kuzulu-pirincli-kucuk-ve-mini-irk-yavru-kopek-mamasi-1-5kg","status":"publish","type":"product","link":"https:\/\/anadolupet.com.tr\/en\/urun\/hills-sp-kuzulu-pirincli-kucuk-ve-mini-irk-yavru-kopek-mamasi-1-5kg\/","title":{"rendered":"Hill&#8217;s SP Kuzulu &#038; Pirin\u00e7li K\u00fc\u00e7\u00fck ve Mini Irk Yavru K\u00f6pek Mamas\u0131 1.5KG"},"content":{"rendered":"","protected":false},"excerpt":{"rendered":"<p>K\u00fc\u00e7\u00fck \u0131rk k\u00f6pekler \u00e7ok sevimli olur. Bu nedenle k\u00fc\u00e7\u00fck \u0131rk, k\u00f6pek yavrular\u0131na HILL&#8217;S SCIENCE PLAN Small Mini Puppy k\u00f6pek mamas\u0131 ile hayatlar\u0131na en sa\u011fl\u0131kl\u0131 ba\u015flang\u0131\u00e7 \u015fans\u0131 verin. Bu k\u00f6pek mamas\u0131, 1 ya\u015f ve alt\u0131ndaki k\u00fc\u00e7\u00fck \u0131rk k\u00f6peklerin geli\u015fim ihtiya\u00e7lar\u0131na g\u00f6re d\u00fczenlenmi\u015ftir. K\u00fc\u00e7\u00fck \u0131rk k\u00f6pek yavrular\u0131 i\u00e7in \u00f6zel tasarlanm\u0131\u015f, k\u00fc\u00e7\u00fck taneler boyutunda bu birinci s\u0131n\u0131f evcil hayvan mamas\u0131, bal\u0131k ya\u011f\u0131ndan elde edilen DHA sayesinde yavru k\u00f6pe\u011finizin beyin ve g\u00f6z geli\u015fimini destekler. \u0130skelet geli\u015fimi yavrularda \u00e7ok \u00f6nemli oldu\u011fu i\u00e7in, bu k\u00f6pek mamas\u0131 g\u00fc\u00e7l\u00fc di\u015fleri ve sa\u011fl\u0131kl\u0131 kemikleri desteklemek \u00fczere dengeli mineraller i\u00e7erir. Son olarak, k\u00fc\u00e7\u00fck \u0131rk k\u00f6pekler, kendi ba\u011f\u0131\u015f\u0131kl\u0131k sistemi deste\u011fine sahip olduklar\u0131 i\u00e7in, HILL&#8217;S SCIENCE PLAN Small Mini \u00f6zel bir antioksidan kar\u0131\u015f\u0131m\u0131 i\u00e7erir.<br \/>\n\u0130\u00c7\u0130NDEK\u0130LER: K\u0131r\u0131k pirin\u00e7 (24%), kuzu eti unu (16%), soya unu, hayvansal ya\u011f, bezelye proteini, m\u0131s\u0131r, hidrolize protein, kurutulmu\u015f pancar k\u00fcspesi, m\u0131s\u0131r gluteni unu, mineraller, bal\u0131k ya\u011f\u0131 (1,4%), keten tohumu, bitkisel ya\u011f.<br \/>\nKG BA\u015eINA KATKILAR: Besinsel katk\u0131lar: 3b103 (Demir) 86,4mg, 3b202 (\u0130yodin) 2,1mg, 3b405 (Bak\u0131r) 8,5mg, 3b502 (Manganez) 8,9mg, 3b603 (\u00c7inko) 151mg, 3b801 (Selenyum) 0,2mg, do\u011fal antioksidan ile.<br \/>\nANAL\u0130T\u0130K B\u0130LE\u015eENLER: Protein 28,3%, Ya\u011f i\u00e7eri\u011fi 18,3%, Ham sel\u00fcloz 2,0%, Ham k\u00fcl 7,9%, DHA 0,16%, Kalsiyum 1,5%, Fosfor 1,1%, Sodyum 0,47%, Potasyum 0,76%, Magnezyum 0,12%; kg ba\u015f\u0131na: A Vitamini 8.775IU, D3 Vitamini 703IU, E Vitamini 696mg, C Vitamini 108mg, Beta-karoten 1,3mg.<br \/>\nHill&#8217;s Science Plan SMALL &#038; MINI PUPPY FOOD with LAMB &#038; RICE, 4 haftal\u0131ktan 12 aya kadar olan k\u00fc\u00e7\u00fck \u0131rk k\u00f6pek yavrular\u0131 ve hamile veya emziren k\u00f6pekler i\u00e7in eksiksiz, tam bir evcil hayvan mamas\u0131d\u0131r.<br \/>\nBESLEME TAL\u0130MATI: Yaln\u0131zca \u00f6nerilen PRESCRIPTION DIET mama ile besleyin. Kullanmadan \u00f6nce veteriner hekiminizden evcil hayvan\u0131n\u0131z i\u00e7in \u00f6zel besleme talimatlar\u0131n\u0131 isteyin. B\u00fct\u00fcn besleme talimatlar\u0131 i\u00e7in l\u00fctfen ambalaja bak\u0131n. Mama miktar\u0131n\u0131 ideal kiloyu koruyacak \u015fekilde ayarlay\u0131n. Emin de\u011filseniz veteriner hekiminize sorun. Gram en do\u011fru \u00f6l\u00e7\u00fcm \u015feklidir; bardaklar gram cinsinden tahmin edilir. Bu mamay\u0131 ilk defa m\u0131 kullan\u0131yorsunuz? 7 g\u00fcnl\u00fck bir s\u00fcre boyunca eski mama miktar\u0131n\u0131 bir kar\u0131\u015f\u0131m i\u00e7erisinde kademeli olarak azalt\u0131p yeni mamay\u0131 kademeli olarak art\u0131r\u0131n. Temiz ve taze suyu daima haz\u0131r bulundurun! Evcil hayvan\u0131n\u0131z\u0131n beslenme ihtiya\u00e7lar\u0131 ya\u015fland\u0131k\u00e7a de\u011fi\u015febilir. Her muayenede veteriner hekiminize sorun.<\/p>","protected":false},"featured_media":44270,"comment_status":"open","ping_status":"closed","template":"","meta":{"_acf_changed":false},"product_brand":[],"product_cat":[2464],"product_tag":[],"class_list":{"0":"post-45429","1":"product","2":"type-product","3":"status-publish","4":"has-post-thumbnail","6":"product_cat-yetiskin-kopek-mamalari","8":"first","9":"instock","10":"shipping-taxable","11":"product-type-simple"},"acf":[],"yoast_head":"<!-- This site is optimized with the Yoast SEO plugin v27.4 - https:\/\/yoast.com\/product\/yoast-seo-wordpress\/ -->\n<title>Hill&#039;s SP Kuzulu &amp; Pirin\u00e7li K\u00fc\u00e7\u00fck ve Mini Irk Yavru K\u00f6pek Mamas\u0131 1.5KG - Anadolu Pet Grup<\/title>\n<meta name=\"robots\" content=\"index, follow, max-snippet:-1, max-image-preview:large, max-video-preview:-1\" \/>\n<link rel=\"canonical\" href=\"https:\/\/anadolupet.com.tr\/en\/product\/hills-sp-kuzulu-pirincli-kucuk-ve-mini-irk-yavru-kopek-mamasi-1-5kg\/\" \/>\n<meta property=\"og:locale\" content=\"en_US\" \/>\n<meta property=\"og:type\" content=\"article\" \/>\n<meta property=\"og:title\" content=\"Hill&#039;s SP Kuzulu &amp; Pirin\u00e7li K\u00fc\u00e7\u00fck ve Mini Irk Yavru K\u00f6pek Mamas\u0131 1.5KG - Anadolu Pet Grup\" \/>\n<meta property=\"og:description\" content=\"K\u00fc\u00e7\u00fck \u0131rk k\u00f6pekler \u00e7ok sevimli olur. Bu nedenle k\u00fc\u00e7\u00fck \u0131rk, k\u00f6pek yavrular\u0131na HILL&#039;S SCIENCE PLAN Small Mini Puppy k\u00f6pek mamas\u0131 ile hayatlar\u0131na en sa\u011fl\u0131kl\u0131 ba\u015flang\u0131\u00e7 \u015fans\u0131 verin. Bu k\u00f6pek mamas\u0131, 1 ya\u015f ve alt\u0131ndaki k\u00fc\u00e7\u00fck \u0131rk k\u00f6peklerin geli\u015fim ihtiya\u00e7lar\u0131na g\u00f6re d\u00fczenlenmi\u015ftir. K\u00fc\u00e7\u00fck \u0131rk k\u00f6pek yavrular\u0131 i\u00e7in \u00f6zel tasarlanm\u0131\u015f, k\u00fc\u00e7\u00fck taneler boyutunda bu birinci s\u0131n\u0131f evcil hayvan mamas\u0131, bal\u0131k ya\u011f\u0131ndan elde edilen DHA sayesinde yavru k\u00f6pe\u011finizin beyin ve g\u00f6z geli\u015fimini destekler. \u0130skelet geli\u015fimi yavrularda \u00e7ok \u00f6nemli oldu\u011fu i\u00e7in, bu k\u00f6pek mamas\u0131 g\u00fc\u00e7l\u00fc di\u015fleri ve sa\u011fl\u0131kl\u0131 kemikleri desteklemek \u00fczere dengeli mineraller i\u00e7erir. Son olarak, k\u00fc\u00e7\u00fck \u0131rk k\u00f6pekler, kendi ba\u011f\u0131\u015f\u0131kl\u0131k sistemi deste\u011fine sahip olduklar\u0131 i\u00e7in, HILL&#039;S SCIENCE PLAN Small Mini \u00f6zel bir antioksidan kar\u0131\u015f\u0131m\u0131 i\u00e7erir. \u0130\u00c7\u0130NDEK\u0130LER: K\u0131r\u0131k pirin\u00e7 (24%), kuzu eti unu (16%), soya unu, hayvansal ya\u011f, bezelye proteini, m\u0131s\u0131r, hidrolize protein, kurutulmu\u015f pancar k\u00fcspesi, m\u0131s\u0131r gluteni unu, mineraller, bal\u0131k ya\u011f\u0131 (1,4%), keten tohumu, bitkisel ya\u011f. KG BA\u015eINA KATKILAR: Besinsel katk\u0131lar: 3b103 (Demir) 86,4mg, 3b202 (\u0130yodin) 2,1mg, 3b405 (Bak\u0131r) 8,5mg, 3b502 (Manganez) 8,9mg, 3b603 (\u00c7inko) 151mg, 3b801 (Selenyum) 0,2mg, do\u011fal antioksidan ile. ANAL\u0130T\u0130K B\u0130LE\u015eENLER: Protein 28,3%, Ya\u011f i\u00e7eri\u011fi 18,3%, Ham sel\u00fcloz 2,0%, Ham k\u00fcl 7,9%, DHA 0,16%, Kalsiyum 1,5%, Fosfor 1,1%, Sodyum 0,47%, Potasyum 0,76%, Magnezyum 0,12%; kg ba\u015f\u0131na: A Vitamini 8.775IU, D3 Vitamini 703IU, E Vitamini 696mg, C Vitamini 108mg, Beta-karoten 1,3mg. Hill&#039;s Science Plan SMALL &amp; MINI PUPPY FOOD with LAMB &amp; RICE, 4 haftal\u0131ktan 12 aya kadar olan k\u00fc\u00e7\u00fck \u0131rk k\u00f6pek yavrular\u0131 ve hamile veya emziren k\u00f6pekler i\u00e7in eksiksiz, tam bir evcil hayvan mamas\u0131d\u0131r. BESLEME TAL\u0130MATI: Yaln\u0131zca \u00f6nerilen PRESCRIPTION DIET mama ile besleyin. Kullanmadan \u00f6nce veteriner hekiminizden evcil hayvan\u0131n\u0131z i\u00e7in \u00f6zel besleme talimatlar\u0131n\u0131 isteyin. B\u00fct\u00fcn besleme talimatlar\u0131 i\u00e7in l\u00fctfen ambalaja bak\u0131n. Mama miktar\u0131n\u0131 ideal kiloyu koruyacak \u015fekilde ayarlay\u0131n. Emin de\u011filseniz veteriner hekiminize sorun. Gram en do\u011fru \u00f6l\u00e7\u00fcm \u015feklidir; bardaklar gram cinsinden tahmin edilir. Bu mamay\u0131 ilk defa m\u0131 kullan\u0131yorsunuz? 7 g\u00fcnl\u00fck bir s\u00fcre boyunca eski mama miktar\u0131n\u0131 bir kar\u0131\u015f\u0131m i\u00e7erisinde kademeli olarak azalt\u0131p yeni mamay\u0131 kademeli olarak art\u0131r\u0131n. Temiz ve taze suyu daima haz\u0131r bulundurun! Evcil hayvan\u0131n\u0131z\u0131n beslenme ihtiya\u00e7lar\u0131 ya\u015fland\u0131k\u00e7a de\u011fi\u015febilir. Her muayenede veteriner hekiminize sorun.\" \/>\n<meta property=\"og:url\" content=\"https:\/\/anadolupet.com.tr\/en\/product\/hills-sp-kuzulu-pirincli-kucuk-ve-mini-irk-yavru-kopek-mamasi-1-5kg\/\" \/>\n<meta property=\"og:site_name\" content=\"Anadolu Pet Grup\" \/>\n<meta property=\"article:modified_time\" content=\"2026-02-23T12:48:52+00:00\" \/>\n<meta property=\"og:image\" content=\"https:\/\/anadolupet.com.tr\/wp-content\/uploads\/2026\/02\/620-606589-P.jpg\" \/>\n\t<meta property=\"og:image:width\" content=\"750\" \/>\n\t<meta property=\"og:image:height\" content=\"750\" \/>\n\t<meta property=\"og:image:type\" content=\"image\/jpeg\" \/>\n<meta name=\"twitter:card\" content=\"summary_large_image\" \/>\n<script type=\"application\/ld+json\" class=\"yoast-schema-graph\">{\"@context\":\"https:\\\/\\\/schema.org\",\"@graph\":[{\"@type\":\"WebPage\",\"@id\":\"https:\\\/\\\/anadolupet.com.tr\\\/urun\\\/hills-sp-kuzulu-pirincli-kucuk-ve-mini-irk-yavru-kopek-mamasi-1-5kg\\\/\",\"url\":\"https:\\\/\\\/anadolupet.com.tr\\\/urun\\\/hills-sp-kuzulu-pirincli-kucuk-ve-mini-irk-yavru-kopek-mamasi-1-5kg\\\/\",\"name\":\"Hill's SP Kuzulu & Pirin\u00e7li K\u00fc\u00e7\u00fck ve Mini Irk Yavru K\u00f6pek Mamas\u0131 1.5KG - Anadolu Pet Grup\",\"isPartOf\":{\"@id\":\"https:\\\/\\\/anadolupet.com.tr\\\/#website\"},\"primaryImageOfPage\":{\"@id\":\"https:\\\/\\\/anadolupet.com.tr\\\/urun\\\/hills-sp-kuzulu-pirincli-kucuk-ve-mini-irk-yavru-kopek-mamasi-1-5kg\\\/#primaryimage\"},\"image\":{\"@id\":\"https:\\\/\\\/anadolupet.com.tr\\\/urun\\\/hills-sp-kuzulu-pirincli-kucuk-ve-mini-irk-yavru-kopek-mamasi-1-5kg\\\/#primaryimage\"},\"thumbnailUrl\":\"https:\\\/\\\/anadolupet.com.tr\\\/wp-content\\\/uploads\\\/2026\\\/02\\\/620-606589-P.jpg\",\"datePublished\":\"2026-02-14T14:41:37+00:00\",\"dateModified\":\"2026-02-23T12:48:52+00:00\",\"breadcrumb\":{\"@id\":\"https:\\\/\\\/anadolupet.com.tr\\\/urun\\\/hills-sp-kuzulu-pirincli-kucuk-ve-mini-irk-yavru-kopek-mamasi-1-5kg\\\/#breadcrumb\"},\"inLanguage\":\"en-US\",\"potentialAction\":[{\"@type\":\"ReadAction\",\"target\":[\"https:\\\/\\\/anadolupet.com.tr\\\/urun\\\/hills-sp-kuzulu-pirincli-kucuk-ve-mini-irk-yavru-kopek-mamasi-1-5kg\\\/\"]}]},{\"@type\":\"ImageObject\",\"inLanguage\":\"en-US\",\"@id\":\"https:\\\/\\\/anadolupet.com.tr\\\/urun\\\/hills-sp-kuzulu-pirincli-kucuk-ve-mini-irk-yavru-kopek-mamasi-1-5kg\\\/#primaryimage\",\"url\":\"https:\\\/\\\/anadolupet.com.tr\\\/wp-content\\\/uploads\\\/2026\\\/02\\\/620-606589-P.jpg\",\"contentUrl\":\"https:\\\/\\\/anadolupet.com.tr\\\/wp-content\\\/uploads\\\/2026\\\/02\\\/620-606589-P.jpg\",\"width\":750,\"height\":750},{\"@type\":\"BreadcrumbList\",\"@id\":\"https:\\\/\\\/anadolupet.com.tr\\\/urun\\\/hills-sp-kuzulu-pirincli-kucuk-ve-mini-irk-yavru-kopek-mamasi-1-5kg\\\/#breadcrumb\",\"itemListElement\":[{\"@type\":\"ListItem\",\"position\":1,\"name\":\"Anasayfa\",\"item\":\"https:\\\/\\\/anadolupet.com.tr\\\/\"},{\"@type\":\"ListItem\",\"position\":2,\"name\":\"\u00dcr\u00fcnler\",\"item\":\"https:\\\/\\\/anadolupet.com.tr\\\/urunler\\\/\"},{\"@type\":\"ListItem\",\"position\":3,\"name\":\"Hill&#8217;s SP Kuzulu &#038; Pirin\u00e7li K\u00fc\u00e7\u00fck ve Mini Irk Yavru K\u00f6pek Mamas\u0131 1.5KG\"}]},{\"@type\":\"WebSite\",\"@id\":\"https:\\\/\\\/anadolupet.com.tr\\\/#website\",\"url\":\"https:\\\/\\\/anadolupet.com.tr\\\/\",\"name\":\"Anadolu Pet Grup\",\"description\":\"Her Can\u0131n \u0130yi Ya\u015fam\u0131 \u0130\u00e7in Biraraday\u0131z\",\"publisher\":{\"@id\":\"https:\\\/\\\/anadolupet.com.tr\\\/#organization\"},\"potentialAction\":[{\"@type\":\"SearchAction\",\"target\":{\"@type\":\"EntryPoint\",\"urlTemplate\":\"https:\\\/\\\/anadolupet.com.tr\\\/?s={search_term_string}\"},\"query-input\":{\"@type\":\"PropertyValueSpecification\",\"valueRequired\":true,\"valueName\":\"search_term_string\"}}],\"inLanguage\":\"en-US\"},{\"@type\":\"Organization\",\"@id\":\"https:\\\/\\\/anadolupet.com.tr\\\/#organization\",\"name\":\"Anadolu Pet Grup\",\"alternateName\":\"Anadolu Pet\",\"url\":\"https:\\\/\\\/anadolupet.com.tr\\\/\",\"logo\":{\"@type\":\"ImageObject\",\"inLanguage\":\"en-US\",\"@id\":\"https:\\\/\\\/anadolupet.com.tr\\\/#\\\/schema\\\/logo\\\/image\\\/\",\"url\":\"https:\\\/\\\/anadolupet.com.tr\\\/wp-content\\\/uploads\\\/2026\\\/03\\\/1614666743370.jpg\",\"contentUrl\":\"https:\\\/\\\/anadolupet.com.tr\\\/wp-content\\\/uploads\\\/2026\\\/03\\\/1614666743370.jpg\",\"width\":800,\"height\":571,\"caption\":\"Anadolu Pet Grup\"},\"image\":{\"@id\":\"https:\\\/\\\/anadolupet.com.tr\\\/#\\\/schema\\\/logo\\\/image\\\/\"}}]}<\/script>\n<!-- \/ Yoast SEO plugin. -->","yoast_head_json":{"title":"Hill's SP Kuzulu & Pirin\u00e7li K\u00fc\u00e7\u00fck ve Mini Irk Yavru K\u00f6pek Mamas\u0131 1.5KG - Anadolu Pet Grup","robots":{"index":"index","follow":"follow","max-snippet":"max-snippet:-1","max-image-preview":"max-image-preview:large","max-video-preview":"max-video-preview:-1"},"canonical":"https:\/\/anadolupet.com.tr\/en\/product\/hills-sp-kuzulu-pirincli-kucuk-ve-mini-irk-yavru-kopek-mamasi-1-5kg\/","og_locale":"en_US","og_type":"article","og_title":"Hill's SP Kuzulu & Pirin\u00e7li K\u00fc\u00e7\u00fck ve Mini Irk Yavru K\u00f6pek Mamas\u0131 1.5KG - Anadolu Pet Grup","og_description":"K\u00fc\u00e7\u00fck \u0131rk k\u00f6pekler \u00e7ok sevimli olur. Bu nedenle k\u00fc\u00e7\u00fck \u0131rk, k\u00f6pek yavrular\u0131na HILL'S SCIENCE PLAN Small Mini Puppy k\u00f6pek mamas\u0131 ile hayatlar\u0131na en sa\u011fl\u0131kl\u0131 ba\u015flang\u0131\u00e7 \u015fans\u0131 verin. Bu k\u00f6pek mamas\u0131, 1 ya\u015f ve alt\u0131ndaki k\u00fc\u00e7\u00fck \u0131rk k\u00f6peklerin geli\u015fim ihtiya\u00e7lar\u0131na g\u00f6re d\u00fczenlenmi\u015ftir. K\u00fc\u00e7\u00fck \u0131rk k\u00f6pek yavrular\u0131 i\u00e7in \u00f6zel tasarlanm\u0131\u015f, k\u00fc\u00e7\u00fck taneler boyutunda bu birinci s\u0131n\u0131f evcil hayvan mamas\u0131, bal\u0131k ya\u011f\u0131ndan elde edilen DHA sayesinde yavru k\u00f6pe\u011finizin beyin ve g\u00f6z geli\u015fimini destekler. \u0130skelet geli\u015fimi yavrularda \u00e7ok \u00f6nemli oldu\u011fu i\u00e7in, bu k\u00f6pek mamas\u0131 g\u00fc\u00e7l\u00fc di\u015fleri ve sa\u011fl\u0131kl\u0131 kemikleri desteklemek \u00fczere dengeli mineraller i\u00e7erir. Son olarak, k\u00fc\u00e7\u00fck \u0131rk k\u00f6pekler, kendi ba\u011f\u0131\u015f\u0131kl\u0131k sistemi deste\u011fine sahip olduklar\u0131 i\u00e7in, HILL'S SCIENCE PLAN Small Mini \u00f6zel bir antioksidan kar\u0131\u015f\u0131m\u0131 i\u00e7erir. \u0130\u00c7\u0130NDEK\u0130LER: K\u0131r\u0131k pirin\u00e7 (24%), kuzu eti unu (16%), soya unu, hayvansal ya\u011f, bezelye proteini, m\u0131s\u0131r, hidrolize protein, kurutulmu\u015f pancar k\u00fcspesi, m\u0131s\u0131r gluteni unu, mineraller, bal\u0131k ya\u011f\u0131 (1,4%), keten tohumu, bitkisel ya\u011f. KG BA\u015eINA KATKILAR: Besinsel katk\u0131lar: 3b103 (Demir) 86,4mg, 3b202 (\u0130yodin) 2,1mg, 3b405 (Bak\u0131r) 8,5mg, 3b502 (Manganez) 8,9mg, 3b603 (\u00c7inko) 151mg, 3b801 (Selenyum) 0,2mg, do\u011fal antioksidan ile. ANAL\u0130T\u0130K B\u0130LE\u015eENLER: Protein 28,3%, Ya\u011f i\u00e7eri\u011fi 18,3%, Ham sel\u00fcloz 2,0%, Ham k\u00fcl 7,9%, DHA 0,16%, Kalsiyum 1,5%, Fosfor 1,1%, Sodyum 0,47%, Potasyum 0,76%, Magnezyum 0,12%; kg ba\u015f\u0131na: A Vitamini 8.775IU, D3 Vitamini 703IU, E Vitamini 696mg, C Vitamini 108mg, Beta-karoten 1,3mg. Hill's Science Plan SMALL & MINI PUPPY FOOD with LAMB & RICE, 4 haftal\u0131ktan 12 aya kadar olan k\u00fc\u00e7\u00fck \u0131rk k\u00f6pek yavrular\u0131 ve hamile veya emziren k\u00f6pekler i\u00e7in eksiksiz, tam bir evcil hayvan mamas\u0131d\u0131r. BESLEME TAL\u0130MATI: Yaln\u0131zca \u00f6nerilen PRESCRIPTION DIET mama ile besleyin. Kullanmadan \u00f6nce veteriner hekiminizden evcil hayvan\u0131n\u0131z i\u00e7in \u00f6zel besleme talimatlar\u0131n\u0131 isteyin. B\u00fct\u00fcn besleme talimatlar\u0131 i\u00e7in l\u00fctfen ambalaja bak\u0131n. Mama miktar\u0131n\u0131 ideal kiloyu koruyacak \u015fekilde ayarlay\u0131n. Emin de\u011filseniz veteriner hekiminize sorun. Gram en do\u011fru \u00f6l\u00e7\u00fcm \u015feklidir; bardaklar gram cinsinden tahmin edilir. Bu mamay\u0131 ilk defa m\u0131 kullan\u0131yorsunuz? 7 g\u00fcnl\u00fck bir s\u00fcre boyunca eski mama miktar\u0131n\u0131 bir kar\u0131\u015f\u0131m i\u00e7erisinde kademeli olarak azalt\u0131p yeni mamay\u0131 kademeli olarak art\u0131r\u0131n. Temiz ve taze suyu daima haz\u0131r bulundurun! Evcil hayvan\u0131n\u0131z\u0131n beslenme ihtiya\u00e7lar\u0131 ya\u015fland\u0131k\u00e7a de\u011fi\u015febilir. Her muayenede veteriner hekiminize sorun.","og_url":"https:\/\/anadolupet.com.tr\/en\/product\/hills-sp-kuzulu-pirincli-kucuk-ve-mini-irk-yavru-kopek-mamasi-1-5kg\/","og_site_name":"Anadolu Pet Grup","article_modified_time":"2026-02-23T12:48:52+00:00","og_image":[{"width":750,"height":750,"url":"https:\/\/anadolupet.com.tr\/wp-content\/uploads\/2026\/02\/620-606589-P.jpg","type":"image\/jpeg"}],"twitter_card":"summary_large_image","schema":{"@context":"https:\/\/schema.org","@graph":[{"@type":"WebPage","@id":"https:\/\/anadolupet.com.tr\/urun\/hills-sp-kuzulu-pirincli-kucuk-ve-mini-irk-yavru-kopek-mamasi-1-5kg\/","url":"https:\/\/anadolupet.com.tr\/urun\/hills-sp-kuzulu-pirincli-kucuk-ve-mini-irk-yavru-kopek-mamasi-1-5kg\/","name":"Hill's SP Kuzulu & Pirin\u00e7li K\u00fc\u00e7\u00fck ve Mini Irk Yavru K\u00f6pek Mamas\u0131 1.5KG - Anadolu Pet Grup","isPartOf":{"@id":"https:\/\/anadolupet.com.tr\/#website"},"primaryImageOfPage":{"@id":"https:\/\/anadolupet.com.tr\/urun\/hills-sp-kuzulu-pirincli-kucuk-ve-mini-irk-yavru-kopek-mamasi-1-5kg\/#primaryimage"},"image":{"@id":"https:\/\/anadolupet.com.tr\/urun\/hills-sp-kuzulu-pirincli-kucuk-ve-mini-irk-yavru-kopek-mamasi-1-5kg\/#primaryimage"},"thumbnailUrl":"https:\/\/anadolupet.com.tr\/wp-content\/uploads\/2026\/02\/620-606589-P.jpg","datePublished":"2026-02-14T14:41:37+00:00","dateModified":"2026-02-23T12:48:52+00:00","breadcrumb":{"@id":"https:\/\/anadolupet.com.tr\/urun\/hills-sp-kuzulu-pirincli-kucuk-ve-mini-irk-yavru-kopek-mamasi-1-5kg\/#breadcrumb"},"inLanguage":"en-US","potentialAction":[{"@type":"ReadAction","target":["https:\/\/anadolupet.com.tr\/urun\/hills-sp-kuzulu-pirincli-kucuk-ve-mini-irk-yavru-kopek-mamasi-1-5kg\/"]}]},{"@type":"ImageObject","inLanguage":"en-US","@id":"https:\/\/anadolupet.com.tr\/urun\/hills-sp-kuzulu-pirincli-kucuk-ve-mini-irk-yavru-kopek-mamasi-1-5kg\/#primaryimage","url":"https:\/\/anadolupet.com.tr\/wp-content\/uploads\/2026\/02\/620-606589-P.jpg","contentUrl":"https:\/\/anadolupet.com.tr\/wp-content\/uploads\/2026\/02\/620-606589-P.jpg","width":750,"height":750},{"@type":"BreadcrumbList","@id":"https:\/\/anadolupet.com.tr\/urun\/hills-sp-kuzulu-pirincli-kucuk-ve-mini-irk-yavru-kopek-mamasi-1-5kg\/#breadcrumb","itemListElement":[{"@type":"ListItem","position":1,"name":"Anasayfa","item":"https:\/\/anadolupet.com.tr\/"},{"@type":"ListItem","position":2,"name":"\u00dcr\u00fcnler","item":"https:\/\/anadolupet.com.tr\/urunler\/"},{"@type":"ListItem","position":3,"name":"Hill&#8217;s SP Kuzulu &#038; Pirin\u00e7li K\u00fc\u00e7\u00fck ve Mini Irk Yavru K\u00f6pek Mamas\u0131 1.5KG"}]},{"@type":"WebSite","@id":"https:\/\/anadolupet.com.tr\/#website","url":"https:\/\/anadolupet.com.tr\/","name":"Anadolu Pet Group","description":"We Stand Together for the Well-Being of Every Life","publisher":{"@id":"https:\/\/anadolupet.com.tr\/#organization"},"potentialAction":[{"@type":"SearchAction","target":{"@type":"EntryPoint","urlTemplate":"https:\/\/anadolupet.com.tr\/?s={search_term_string}"},"query-input":{"@type":"PropertyValueSpecification","valueRequired":true,"valueName":"search_term_string"}}],"inLanguage":"en-US"},{"@type":"Organization","@id":"https:\/\/anadolupet.com.tr\/#organization","name":"Anadolu Pet Group","alternateName":"Anadolu Pet","url":"https:\/\/anadolupet.com.tr\/","logo":{"@type":"ImageObject","inLanguage":"en-US","@id":"https:\/\/anadolupet.com.tr\/#\/schema\/logo\/image\/","url":"https:\/\/anadolupet.com.tr\/wp-content\/uploads\/2026\/03\/1614666743370.jpg","contentUrl":"https:\/\/anadolupet.com.tr\/wp-content\/uploads\/2026\/03\/1614666743370.jpg","width":800,"height":571,"caption":"Anadolu Pet Grup"},"image":{"@id":"https:\/\/anadolupet.com.tr\/#\/schema\/logo\/image\/"}}]}},"_links":{"self":[{"href":"https:\/\/anadolupet.com.tr\/en\/wp-json\/wp\/v2\/product\/45429","targetHints":{"allow":["GET"]}}],"collection":[{"href":"https:\/\/anadolupet.com.tr\/en\/wp-json\/wp\/v2\/product"}],"about":[{"href":"https:\/\/anadolupet.com.tr\/en\/wp-json\/wp\/v2\/types\/product"}],"replies":[{"embeddable":true,"href":"https:\/\/anadolupet.com.tr\/en\/wp-json\/wp\/v2\/comments?post=45429"}],"wp:featuredmedia":[{"embeddable":true,"href":"https:\/\/anadolupet.com.tr\/en\/wp-json\/wp\/v2\/media\/44270"}],"wp:attachment":[{"href":"https:\/\/anadolupet.com.tr\/en\/wp-json\/wp\/v2\/media?parent=45429"}],"wp:term":[{"taxonomy":"product_brand","embeddable":true,"href":"https:\/\/anadolupet.com.tr\/en\/wp-json\/wp\/v2\/product_brand?post=45429"},{"taxonomy":"product_cat","embeddable":true,"href":"https:\/\/anadolupet.com.tr\/en\/wp-json\/wp\/v2\/product_cat?post=45429"},{"taxonomy":"product_tag","embeddable":true,"href":"https:\/\/anadolupet.com.tr\/en\/wp-json\/wp\/v2\/product_tag?post=45429"}],"curies":[{"name":"wp","href":"https:\/\/api.w.org\/{rel}","templated":true}]}}