{"id":45433,"date":"2026-02-14T14:41:37","date_gmt":"2026-02-14T14:41:37","guid":{"rendered":"https:\/\/anadolupet.com.tr\/urun\/hills-sp-kuzulu-ve-pirincli-kucuk-ve-mini-irk-yetiskin-kopek-mamasi-1-5kg\/"},"modified":"2026-02-23T12:48:52","modified_gmt":"2026-02-23T12:48:52","slug":"hills-sp-kuzulu-ve-pirincli-kucuk-ve-mini-irk-yetiskin-kopek-mamasi-1-5kg","status":"publish","type":"product","link":"https:\/\/anadolupet.com.tr\/en\/urun\/hills-sp-kuzulu-ve-pirincli-kucuk-ve-mini-irk-yetiskin-kopek-mamasi-1-5kg\/","title":{"rendered":"Hill&#8217;s SP Kuzulu ve Pirin\u00e7li K\u00fc\u00e7\u00fck ve Mini Irk Yeti\u015fkin K\u00f6pek Mamas\u0131 1.5KG"},"content":{"rendered":"","protected":false},"excerpt":{"rendered":"<p>Hill\u2019s SCIENCE PLAN Adult Small &#038; Mini Lamb &#038; Rice K\u00fc\u00e7\u00fck Irk Kuzulu Yeti\u015fkin K\u00f6pek Mamas\u0131 1,5 Kg Hills Small Mini Kuzulu Pirin\u00e7li Yeti\u015fkin K\u00f6pek Mamas\u0131 1- 6 ya\u015fa kadar olan k\u00fc\u00e7\u00fck ve minyat\u00fcr boy k\u00f6pekler i\u00e7in \u00f6zel olarak form\u00fcle edilmi\u015f, dengeli ve sa\u011fl\u0131kl\u0131 bir beslenme, m\u00fckemmel bir lezzet sunan kuru k\u00f6pek mamas\u0131d\u0131r.<\/p>","protected":false},"featured_media":0,"comment_status":"open","ping_status":"closed","template":"","meta":{"_acf_changed":false},"product_brand":[],"product_cat":[2464],"product_tag":[],"class_list":{"0":"post-45433","1":"product","2":"type-product","3":"status-publish","5":"product_cat-yetiskin-kopek-mamalari","7":"first","8":"instock","9":"shipping-taxable","10":"product-type-simple"},"acf":[],"yoast_head":"<!-- This site is optimized with the Yoast SEO plugin v27.4 - https:\/\/yoast.com\/product\/yoast-seo-wordpress\/ -->\n<title>Hill&#039;s SP Kuzulu ve Pirin\u00e7li K\u00fc\u00e7\u00fck ve Mini Irk Yeti\u015fkin K\u00f6pek Mamas\u0131 1.5KG - Anadolu Pet Grup<\/title>\n<meta name=\"robots\" content=\"index, follow, max-snippet:-1, max-image-preview:large, max-video-preview:-1\" \/>\n<link rel=\"canonical\" href=\"https:\/\/anadolupet.com.tr\/en\/product\/hills-sp-kuzulu-ve-pirincli-kucuk-ve-mini-irk-yetiskin-kopek-mamasi-1-5kg\/\" \/>\n<meta property=\"og:locale\" content=\"en_US\" \/>\n<meta property=\"og:type\" content=\"article\" \/>\n<meta property=\"og:title\" content=\"Hill&#039;s SP Kuzulu ve Pirin\u00e7li K\u00fc\u00e7\u00fck ve Mini Irk Yeti\u015fkin K\u00f6pek Mamas\u0131 1.5KG - Anadolu Pet Grup\" \/>\n<meta property=\"og:description\" content=\"Hill\u2019s SCIENCE PLAN Adult Small &amp; Mini Lamb &amp; Rice K\u00fc\u00e7\u00fck Irk Kuzulu Yeti\u015fkin K\u00f6pek Mamas\u0131 1,5 Kg Hills Small Mini Kuzulu Pirin\u00e7li Yeti\u015fkin K\u00f6pek Mamas\u0131 1- 6 ya\u015fa kadar olan k\u00fc\u00e7\u00fck ve minyat\u00fcr boy k\u00f6pekler i\u00e7in \u00f6zel olarak form\u00fcle edilmi\u015f, dengeli ve sa\u011fl\u0131kl\u0131 bir beslenme, m\u00fckemmel bir lezzet sunan kuru k\u00f6pek mamas\u0131d\u0131r.\" \/>\n<meta property=\"og:url\" content=\"https:\/\/anadolupet.com.tr\/en\/product\/hills-sp-kuzulu-ve-pirincli-kucuk-ve-mini-irk-yetiskin-kopek-mamasi-1-5kg\/\" \/>\n<meta property=\"og:site_name\" content=\"Anadolu Pet Grup\" \/>\n<meta property=\"article:modified_time\" content=\"2026-02-23T12:48:52+00:00\" \/>\n<meta name=\"twitter:card\" content=\"summary_large_image\" \/>\n<script type=\"application\/ld+json\" class=\"yoast-schema-graph\">{\"@context\":\"https:\\\/\\\/schema.org\",\"@graph\":[{\"@type\":\"WebPage\",\"@id\":\"https:\\\/\\\/anadolupet.com.tr\\\/urun\\\/hills-sp-kuzulu-ve-pirincli-kucuk-ve-mini-irk-yetiskin-kopek-mamasi-1-5kg\\\/\",\"url\":\"https:\\\/\\\/anadolupet.com.tr\\\/urun\\\/hills-sp-kuzulu-ve-pirincli-kucuk-ve-mini-irk-yetiskin-kopek-mamasi-1-5kg\\\/\",\"name\":\"Hill's SP Kuzulu ve Pirin\u00e7li K\u00fc\u00e7\u00fck ve Mini Irk Yeti\u015fkin K\u00f6pek Mamas\u0131 1.5KG - Anadolu Pet Grup\",\"isPartOf\":{\"@id\":\"https:\\\/\\\/anadolupet.com.tr\\\/#website\"},\"datePublished\":\"2026-02-14T14:41:37+00:00\",\"dateModified\":\"2026-02-23T12:48:52+00:00\",\"breadcrumb\":{\"@id\":\"https:\\\/\\\/anadolupet.com.tr\\\/urun\\\/hills-sp-kuzulu-ve-pirincli-kucuk-ve-mini-irk-yetiskin-kopek-mamasi-1-5kg\\\/#breadcrumb\"},\"inLanguage\":\"en-US\",\"potentialAction\":[{\"@type\":\"ReadAction\",\"target\":[\"https:\\\/\\\/anadolupet.com.tr\\\/urun\\\/hills-sp-kuzulu-ve-pirincli-kucuk-ve-mini-irk-yetiskin-kopek-mamasi-1-5kg\\\/\"]}]},{\"@type\":\"BreadcrumbList\",\"@id\":\"https:\\\/\\\/anadolupet.com.tr\\\/urun\\\/hills-sp-kuzulu-ve-pirincli-kucuk-ve-mini-irk-yetiskin-kopek-mamasi-1-5kg\\\/#breadcrumb\",\"itemListElement\":[{\"@type\":\"ListItem\",\"position\":1,\"name\":\"Anasayfa\",\"item\":\"https:\\\/\\\/anadolupet.com.tr\\\/\"},{\"@type\":\"ListItem\",\"position\":2,\"name\":\"\u00dcr\u00fcnler\",\"item\":\"https:\\\/\\\/anadolupet.com.tr\\\/urunler\\\/\"},{\"@type\":\"ListItem\",\"position\":3,\"name\":\"Hill&#8217;s SP Kuzulu ve Pirin\u00e7li K\u00fc\u00e7\u00fck ve Mini Irk Yeti\u015fkin K\u00f6pek Mamas\u0131 1.5KG\"}]},{\"@type\":\"WebSite\",\"@id\":\"https:\\\/\\\/anadolupet.com.tr\\\/#website\",\"url\":\"https:\\\/\\\/anadolupet.com.tr\\\/\",\"name\":\"Anadolu Pet Grup\",\"description\":\"Her Can\u0131n \u0130yi Ya\u015fam\u0131 \u0130\u00e7in Biraraday\u0131z\",\"publisher\":{\"@id\":\"https:\\\/\\\/anadolupet.com.tr\\\/#organization\"},\"potentialAction\":[{\"@type\":\"SearchAction\",\"target\":{\"@type\":\"EntryPoint\",\"urlTemplate\":\"https:\\\/\\\/anadolupet.com.tr\\\/?s={search_term_string}\"},\"query-input\":{\"@type\":\"PropertyValueSpecification\",\"valueRequired\":true,\"valueName\":\"search_term_string\"}}],\"inLanguage\":\"en-US\"},{\"@type\":\"Organization\",\"@id\":\"https:\\\/\\\/anadolupet.com.tr\\\/#organization\",\"name\":\"Anadolu Pet Grup\",\"alternateName\":\"Anadolu Pet\",\"url\":\"https:\\\/\\\/anadolupet.com.tr\\\/\",\"logo\":{\"@type\":\"ImageObject\",\"inLanguage\":\"en-US\",\"@id\":\"https:\\\/\\\/anadolupet.com.tr\\\/#\\\/schema\\\/logo\\\/image\\\/\",\"url\":\"https:\\\/\\\/anadolupet.com.tr\\\/wp-content\\\/uploads\\\/2026\\\/03\\\/1614666743370.jpg\",\"contentUrl\":\"https:\\\/\\\/anadolupet.com.tr\\\/wp-content\\\/uploads\\\/2026\\\/03\\\/1614666743370.jpg\",\"width\":800,\"height\":571,\"caption\":\"Anadolu Pet Grup\"},\"image\":{\"@id\":\"https:\\\/\\\/anadolupet.com.tr\\\/#\\\/schema\\\/logo\\\/image\\\/\"}}]}<\/script>\n<!-- \/ Yoast SEO plugin. -->","yoast_head_json":{"title":"Hill's SP Kuzulu ve Pirin\u00e7li K\u00fc\u00e7\u00fck ve Mini Irk Yeti\u015fkin K\u00f6pek Mamas\u0131 1.5KG - Anadolu Pet Grup","robots":{"index":"index","follow":"follow","max-snippet":"max-snippet:-1","max-image-preview":"max-image-preview:large","max-video-preview":"max-video-preview:-1"},"canonical":"https:\/\/anadolupet.com.tr\/en\/product\/hills-sp-kuzulu-ve-pirincli-kucuk-ve-mini-irk-yetiskin-kopek-mamasi-1-5kg\/","og_locale":"en_US","og_type":"article","og_title":"Hill's SP Kuzulu ve Pirin\u00e7li K\u00fc\u00e7\u00fck ve Mini Irk Yeti\u015fkin K\u00f6pek Mamas\u0131 1.5KG - Anadolu Pet Grup","og_description":"Hill\u2019s SCIENCE PLAN Adult Small & Mini Lamb & Rice K\u00fc\u00e7\u00fck Irk Kuzulu Yeti\u015fkin K\u00f6pek Mamas\u0131 1,5 Kg Hills Small Mini Kuzulu Pirin\u00e7li Yeti\u015fkin K\u00f6pek Mamas\u0131 1- 6 ya\u015fa kadar olan k\u00fc\u00e7\u00fck ve minyat\u00fcr boy k\u00f6pekler i\u00e7in \u00f6zel olarak form\u00fcle edilmi\u015f, dengeli ve sa\u011fl\u0131kl\u0131 bir beslenme, m\u00fckemmel bir lezzet sunan kuru k\u00f6pek mamas\u0131d\u0131r.","og_url":"https:\/\/anadolupet.com.tr\/en\/product\/hills-sp-kuzulu-ve-pirincli-kucuk-ve-mini-irk-yetiskin-kopek-mamasi-1-5kg\/","og_site_name":"Anadolu Pet Grup","article_modified_time":"2026-02-23T12:48:52+00:00","twitter_card":"summary_large_image","schema":{"@context":"https:\/\/schema.org","@graph":[{"@type":"WebPage","@id":"https:\/\/anadolupet.com.tr\/urun\/hills-sp-kuzulu-ve-pirincli-kucuk-ve-mini-irk-yetiskin-kopek-mamasi-1-5kg\/","url":"https:\/\/anadolupet.com.tr\/urun\/hills-sp-kuzulu-ve-pirincli-kucuk-ve-mini-irk-yetiskin-kopek-mamasi-1-5kg\/","name":"Hill's SP Kuzulu ve Pirin\u00e7li K\u00fc\u00e7\u00fck ve Mini Irk Yeti\u015fkin K\u00f6pek Mamas\u0131 1.5KG - Anadolu Pet Grup","isPartOf":{"@id":"https:\/\/anadolupet.com.tr\/#website"},"datePublished":"2026-02-14T14:41:37+00:00","dateModified":"2026-02-23T12:48:52+00:00","breadcrumb":{"@id":"https:\/\/anadolupet.com.tr\/urun\/hills-sp-kuzulu-ve-pirincli-kucuk-ve-mini-irk-yetiskin-kopek-mamasi-1-5kg\/#breadcrumb"},"inLanguage":"en-US","potentialAction":[{"@type":"ReadAction","target":["https:\/\/anadolupet.com.tr\/urun\/hills-sp-kuzulu-ve-pirincli-kucuk-ve-mini-irk-yetiskin-kopek-mamasi-1-5kg\/"]}]},{"@type":"BreadcrumbList","@id":"https:\/\/anadolupet.com.tr\/urun\/hills-sp-kuzulu-ve-pirincli-kucuk-ve-mini-irk-yetiskin-kopek-mamasi-1-5kg\/#breadcrumb","itemListElement":[{"@type":"ListItem","position":1,"name":"Anasayfa","item":"https:\/\/anadolupet.com.tr\/"},{"@type":"ListItem","position":2,"name":"\u00dcr\u00fcnler","item":"https:\/\/anadolupet.com.tr\/urunler\/"},{"@type":"ListItem","position":3,"name":"Hill&#8217;s SP Kuzulu ve Pirin\u00e7li K\u00fc\u00e7\u00fck ve Mini Irk Yeti\u015fkin K\u00f6pek Mamas\u0131 1.5KG"}]},{"@type":"WebSite","@id":"https:\/\/anadolupet.com.tr\/#website","url":"https:\/\/anadolupet.com.tr\/","name":"Anadolu Pet Group","description":"We Stand Together for the Well-Being of Every Life","publisher":{"@id":"https:\/\/anadolupet.com.tr\/#organization"},"potentialAction":[{"@type":"SearchAction","target":{"@type":"EntryPoint","urlTemplate":"https:\/\/anadolupet.com.tr\/?s={search_term_string}"},"query-input":{"@type":"PropertyValueSpecification","valueRequired":true,"valueName":"search_term_string"}}],"inLanguage":"en-US"},{"@type":"Organization","@id":"https:\/\/anadolupet.com.tr\/#organization","name":"Anadolu Pet Group","alternateName":"Anadolu Pet","url":"https:\/\/anadolupet.com.tr\/","logo":{"@type":"ImageObject","inLanguage":"en-US","@id":"https:\/\/anadolupet.com.tr\/#\/schema\/logo\/image\/","url":"https:\/\/anadolupet.com.tr\/wp-content\/uploads\/2026\/03\/1614666743370.jpg","contentUrl":"https:\/\/anadolupet.com.tr\/wp-content\/uploads\/2026\/03\/1614666743370.jpg","width":800,"height":571,"caption":"Anadolu Pet Grup"},"image":{"@id":"https:\/\/anadolupet.com.tr\/#\/schema\/logo\/image\/"}}]}},"_links":{"self":[{"href":"https:\/\/anadolupet.com.tr\/en\/wp-json\/wp\/v2\/product\/45433","targetHints":{"allow":["GET"]}}],"collection":[{"href":"https:\/\/anadolupet.com.tr\/en\/wp-json\/wp\/v2\/product"}],"about":[{"href":"https:\/\/anadolupet.com.tr\/en\/wp-json\/wp\/v2\/types\/product"}],"replies":[{"embeddable":true,"href":"https:\/\/anadolupet.com.tr\/en\/wp-json\/wp\/v2\/comments?post=45433"}],"wp:attachment":[{"href":"https:\/\/anadolupet.com.tr\/en\/wp-json\/wp\/v2\/media?parent=45433"}],"wp:term":[{"taxonomy":"product_brand","embeddable":true,"href":"https:\/\/anadolupet.com.tr\/en\/wp-json\/wp\/v2\/product_brand?post=45433"},{"taxonomy":"product_cat","embeddable":true,"href":"https:\/\/anadolupet.com.tr\/en\/wp-json\/wp\/v2\/product_cat?post=45433"},{"taxonomy":"product_tag","embeddable":true,"href":"https:\/\/anadolupet.com.tr\/en\/wp-json\/wp\/v2\/product_tag?post=45433"}],"curies":[{"name":"wp","href":"https:\/\/api.w.org\/{rel}","templated":true}]}}