{"id":45436,"date":"2026-02-14T14:41:38","date_gmt":"2026-02-14T14:41:38","guid":{"rendered":"https:\/\/anadolupet.com.tr\/urun\/hills-sp-kuzulu-ve-pirincli-orta-irk-7-yasli-kopek-mamasi-122kg\/"},"modified":"2026-02-23T12:48:52","modified_gmt":"2026-02-23T12:48:52","slug":"hills-sp-kuzulu-ve-pirincli-orta-irk-7-yasli-kopek-mamasi-122kg","status":"publish","type":"product","link":"https:\/\/anadolupet.com.tr\/en\/urun\/hills-sp-kuzulu-ve-pirincli-orta-irk-7-yasli-kopek-mamasi-122kg\/","title":{"rendered":"Hill&#8217;s SP Kuzulu ve Pirin\u00e7li Orta Irk +7 Ya\u015fl\u0131 K\u00f6pek Mamas\u0131 12+2KG"},"content":{"rendered":"","protected":false},"excerpt":{"rendered":"<p>K\u00f6pe\u011finiz alt\u0131n \u00e7a\u011f\u0131nda sa\u011fl\u0131kl\u0131 ya\u015flanmay\u0131 desteklemek i\u00e7in kaliteli bir k\u00f6pek mamas\u0131na ihtiya\u00e7 duyar. Kuzu Etli ve Pirin\u00e7li HILL&#8217;S SCIENCE PLAN Mature Adult k\u00f6pek mamas\u0131 ya\u015fl\u0131 k\u00f6peklerde enerji seviyesini ve ya\u015famsal organlar\u0131n sa\u011fl\u0131\u011f\u0131n\u0131 destekler. Sa\u011fl\u0131kl\u0131 ve parlak t\u00fcyler i\u00e7in omega-6 ve E vitamini, kalp, b\u00f6brek ve idrar kesesi sa\u011fl\u0131\u011f\u0131 i\u00e7in dengeli mineral seviyeleriyle form\u00fcle edilmi\u015ftir. Ya\u015fl\u0131 k\u00f6peklerin yeme\u011fe ko\u015farak gelmelerini sa\u011flamak i\u00e7in \u00f6zel olarak form\u00fcle edilmi\u015f olan bu mama, k\u00f6pe\u011finizin ya\u015fl\u0131l\u0131\u011f\u0131nda mutlu ve sa\u011fl\u0131kl\u0131 bir ya\u015fam s\u00fcrmesine yard\u0131mc\u0131 olmak amac\u0131yla do\u011fru bir besin dengesine sahiptir. SCIENCE PLAN&#8217;\u0131n yeni g\u00f6r\u00fcn\u00fcm\u00fcn\u00fc siz de seveceksiniz. Baz\u0131 \u00fcr\u00fcnlerimiz yeni isimlere, yeni mama tanesi \u015fekillerine ve yeni form\u00fclasyonlara sahiptir.<br \/>\n\u0130\u00c7\u0130NDEK\u0130LER: M\u0131s\u0131r, bu\u011fday, kuzu eti unu, soya unu, hayvansal ya\u011f, k\u0131r\u0131k pirin\u00e7, keten tohumu, hidrolize protein, kurutulmu\u015f pancar k\u00fcspesi, bitkisel ya\u011f, mineraller, domuz k\u0131k\u0131rda\u011f\u0131 (kondroitin s\u00fclfat kayna\u011f\u0131), deniz kabuklusu kabu\u011fu hidrolizat\u0131 (glikozamin kayna\u011f\u0131).<br \/>\nKG BA\u015eINA KATKILAR: Besinsel katk\u0131lar: 3b103 (Demir) 86,3mg, 3b202 (\u0130yodin) 1,4mg, 3b405 (Bak\u0131r) 8,5mg, 3b502 (Manganez) 8,9mg, 3b603 (\u00c7inko) 178mg, 3b801 (Selenyum) 0,2mg.<br \/>\nANAL\u0130T\u0130K B\u0130LE\u015eENLER: Protein 17,1%, Ya\u011f i\u00e7eri\u011fi 13,7%, Ham sel\u00fcloz 2,4%, Omega-6 ya\u011f asitleri 3,1%, Ham k\u00fcl 4,7%, Kalsiyum 0,74%, Fosfor 0,60%, Sodyum 0,16%, Potasyum 0,76%, Magnezyum 0,12%; kg ba\u015f\u0131na: A Vitamini 9.658IU, D3 Vitamini 749IU, E Vitamini 600mg, C Vitamini 90mg, Beta-karoten 1,5mg.<br \/>\nHill&#8217;s Science Plan MEDIUM MATURE ADULT DOG FOOD with LAMB (%8) and RICE (%6) 7 ya\u015f\u0131ndan itibaren medium \u0131rk k\u00f6pekler i\u00e7in tam dengeli evcil hayvan mamas\u0131d\u0131r.<br \/>\nBESLEME TAL\u0130MATI: B\u00fct\u00fcn besleme talimatlar\u0131 i\u00e7in l\u00fctfen ambalaja bak\u0131n\u0131z. Mama miktar\u0131n\u0131 ideal kiloyu koruyacak \u015fekilde ayarlay\u0131n\u0131z. E\u011fer emin de\u011filseniz, veteriner hekiminize sorunuz. Bu mamay\u0131 ilk defa m\u0131 kullan\u0131yorsunuz?Eski maman\u0131n miktar\u0131n\u0131 azaltt\u0131\u011f\u0131n\u0131z, yeni maman\u0131n ise miktar\u0131n\u0131 artt\u0131rd\u0131\u011f\u0131n\u0131z bir kar\u0131\u015f\u0131m haz\u0131rlayarak kademeli \u015fekilde 7 g\u00fcn sonunda tamamen yeni mamaya ge\u00e7i\u015f yap\u0131n\u0131z. Daima temiz ve taze su bulundurunuz! Evcil hayvan\u0131n\u0131z\u0131n beslenme ihtiya\u00e7lar\u0131 ya\u015fland\u0131k\u00e7a de\u011fi\u015febilir. Her muayenede veteriner hekiminize dan\u0131\u015f\u0131n\u0131z.<\/p>","protected":false},"featured_media":44262,"comment_status":"open","ping_status":"closed","template":"","meta":{"_acf_changed":false},"product_brand":[],"product_cat":[2464],"product_tag":[],"class_list":{"0":"post-45436","1":"product","2":"type-product","3":"status-publish","4":"has-post-thumbnail","6":"product_cat-yetiskin-kopek-mamalari","8":"first","9":"instock","10":"shipping-taxable","11":"product-type-simple"},"acf":[],"yoast_head":"<!-- This site is optimized with the Yoast SEO plugin v27.5 - https:\/\/yoast.com\/product\/yoast-seo-wordpress\/ -->\n<title>Hill&#039;s SP Kuzulu ve Pirin\u00e7li Orta Irk +7 Ya\u015fl\u0131 K\u00f6pek Mamas\u0131 12+2KG - Anadolu Pet Grup<\/title>\n<meta name=\"robots\" content=\"index, follow, max-snippet:-1, max-image-preview:large, max-video-preview:-1\" \/>\n<link rel=\"canonical\" href=\"https:\/\/anadolupet.com.tr\/en\/product\/hills-sp-kuzulu-ve-pirincli-orta-irk-7-yasli-kopek-mamasi-122kg\/\" \/>\n<meta property=\"og:locale\" content=\"en_US\" \/>\n<meta property=\"og:type\" content=\"article\" \/>\n<meta property=\"og:title\" content=\"Hill&#039;s SP Kuzulu ve Pirin\u00e7li Orta Irk +7 Ya\u015fl\u0131 K\u00f6pek Mamas\u0131 12+2KG - Anadolu Pet Grup\" \/>\n<meta property=\"og:description\" content=\"K\u00f6pe\u011finiz alt\u0131n \u00e7a\u011f\u0131nda sa\u011fl\u0131kl\u0131 ya\u015flanmay\u0131 desteklemek i\u00e7in kaliteli bir k\u00f6pek mamas\u0131na ihtiya\u00e7 duyar. Kuzu Etli ve Pirin\u00e7li HILL&#039;S SCIENCE PLAN Mature Adult k\u00f6pek mamas\u0131 ya\u015fl\u0131 k\u00f6peklerde enerji seviyesini ve ya\u015famsal organlar\u0131n sa\u011fl\u0131\u011f\u0131n\u0131 destekler. Sa\u011fl\u0131kl\u0131 ve parlak t\u00fcyler i\u00e7in omega-6 ve E vitamini, kalp, b\u00f6brek ve idrar kesesi sa\u011fl\u0131\u011f\u0131 i\u00e7in dengeli mineral seviyeleriyle form\u00fcle edilmi\u015ftir. Ya\u015fl\u0131 k\u00f6peklerin yeme\u011fe ko\u015farak gelmelerini sa\u011flamak i\u00e7in \u00f6zel olarak form\u00fcle edilmi\u015f olan bu mama, k\u00f6pe\u011finizin ya\u015fl\u0131l\u0131\u011f\u0131nda mutlu ve sa\u011fl\u0131kl\u0131 bir ya\u015fam s\u00fcrmesine yard\u0131mc\u0131 olmak amac\u0131yla do\u011fru bir besin dengesine sahiptir. SCIENCE PLAN&#039;\u0131n yeni g\u00f6r\u00fcn\u00fcm\u00fcn\u00fc siz de seveceksiniz. Baz\u0131 \u00fcr\u00fcnlerimiz yeni isimlere, yeni mama tanesi \u015fekillerine ve yeni form\u00fclasyonlara sahiptir. \u0130\u00c7\u0130NDEK\u0130LER: M\u0131s\u0131r, bu\u011fday, kuzu eti unu, soya unu, hayvansal ya\u011f, k\u0131r\u0131k pirin\u00e7, keten tohumu, hidrolize protein, kurutulmu\u015f pancar k\u00fcspesi, bitkisel ya\u011f, mineraller, domuz k\u0131k\u0131rda\u011f\u0131 (kondroitin s\u00fclfat kayna\u011f\u0131), deniz kabuklusu kabu\u011fu hidrolizat\u0131 (glikozamin kayna\u011f\u0131). KG BA\u015eINA KATKILAR: Besinsel katk\u0131lar: 3b103 (Demir) 86,3mg, 3b202 (\u0130yodin) 1,4mg, 3b405 (Bak\u0131r) 8,5mg, 3b502 (Manganez) 8,9mg, 3b603 (\u00c7inko) 178mg, 3b801 (Selenyum) 0,2mg. ANAL\u0130T\u0130K B\u0130LE\u015eENLER: Protein 17,1%, Ya\u011f i\u00e7eri\u011fi 13,7%, Ham sel\u00fcloz 2,4%, Omega-6 ya\u011f asitleri 3,1%, Ham k\u00fcl 4,7%, Kalsiyum 0,74%, Fosfor 0,60%, Sodyum 0,16%, Potasyum 0,76%, Magnezyum 0,12%; kg ba\u015f\u0131na: A Vitamini 9.658IU, D3 Vitamini 749IU, E Vitamini 600mg, C Vitamini 90mg, Beta-karoten 1,5mg. Hill&#039;s Science Plan MEDIUM MATURE ADULT DOG FOOD with LAMB (%8) and RICE (%6) 7 ya\u015f\u0131ndan itibaren medium \u0131rk k\u00f6pekler i\u00e7in tam dengeli evcil hayvan mamas\u0131d\u0131r. BESLEME TAL\u0130MATI: B\u00fct\u00fcn besleme talimatlar\u0131 i\u00e7in l\u00fctfen ambalaja bak\u0131n\u0131z. Mama miktar\u0131n\u0131 ideal kiloyu koruyacak \u015fekilde ayarlay\u0131n\u0131z. E\u011fer emin de\u011filseniz, veteriner hekiminize sorunuz. Bu mamay\u0131 ilk defa m\u0131 kullan\u0131yorsunuz?Eski maman\u0131n miktar\u0131n\u0131 azaltt\u0131\u011f\u0131n\u0131z, yeni maman\u0131n ise miktar\u0131n\u0131 artt\u0131rd\u0131\u011f\u0131n\u0131z bir kar\u0131\u015f\u0131m haz\u0131rlayarak kademeli \u015fekilde 7 g\u00fcn sonunda tamamen yeni mamaya ge\u00e7i\u015f yap\u0131n\u0131z. Daima temiz ve taze su bulundurunuz! Evcil hayvan\u0131n\u0131z\u0131n beslenme ihtiya\u00e7lar\u0131 ya\u015fland\u0131k\u00e7a de\u011fi\u015febilir. Her muayenede veteriner hekiminize dan\u0131\u015f\u0131n\u0131z.\" \/>\n<meta property=\"og:url\" content=\"https:\/\/anadolupet.com.tr\/en\/product\/hills-sp-kuzulu-ve-pirincli-orta-irk-7-yasli-kopek-mamasi-122kg\/\" \/>\n<meta property=\"og:site_name\" content=\"Anadolu Pet Grup\" \/>\n<meta property=\"article:modified_time\" content=\"2026-02-23T12:48:52+00:00\" \/>\n<meta property=\"og:image\" content=\"https:\/\/anadolupet.com.tr\/wp-content\/uploads\/2026\/02\/620-604379-P.jpg\" \/>\n\t<meta property=\"og:image:width\" content=\"750\" \/>\n\t<meta property=\"og:image:height\" content=\"750\" \/>\n\t<meta property=\"og:image:type\" content=\"image\/jpeg\" \/>\n<meta name=\"twitter:card\" content=\"summary_large_image\" \/>\n<script type=\"application\/ld+json\" class=\"yoast-schema-graph\">{\"@context\":\"https:\\\/\\\/schema.org\",\"@graph\":[{\"@type\":\"WebPage\",\"@id\":\"https:\\\/\\\/anadolupet.com.tr\\\/urun\\\/hills-sp-kuzulu-ve-pirincli-orta-irk-7-yasli-kopek-mamasi-122kg\\\/\",\"url\":\"https:\\\/\\\/anadolupet.com.tr\\\/urun\\\/hills-sp-kuzulu-ve-pirincli-orta-irk-7-yasli-kopek-mamasi-122kg\\\/\",\"name\":\"Hill's SP Kuzulu ve Pirin\u00e7li Orta Irk +7 Ya\u015fl\u0131 K\u00f6pek Mamas\u0131 12+2KG - Anadolu Pet Grup\",\"isPartOf\":{\"@id\":\"https:\\\/\\\/anadolupet.com.tr\\\/#website\"},\"primaryImageOfPage\":{\"@id\":\"https:\\\/\\\/anadolupet.com.tr\\\/urun\\\/hills-sp-kuzulu-ve-pirincli-orta-irk-7-yasli-kopek-mamasi-122kg\\\/#primaryimage\"},\"image\":{\"@id\":\"https:\\\/\\\/anadolupet.com.tr\\\/urun\\\/hills-sp-kuzulu-ve-pirincli-orta-irk-7-yasli-kopek-mamasi-122kg\\\/#primaryimage\"},\"thumbnailUrl\":\"https:\\\/\\\/anadolupet.com.tr\\\/wp-content\\\/uploads\\\/2026\\\/02\\\/620-604379-P.jpg\",\"datePublished\":\"2026-02-14T14:41:38+00:00\",\"dateModified\":\"2026-02-23T12:48:52+00:00\",\"breadcrumb\":{\"@id\":\"https:\\\/\\\/anadolupet.com.tr\\\/urun\\\/hills-sp-kuzulu-ve-pirincli-orta-irk-7-yasli-kopek-mamasi-122kg\\\/#breadcrumb\"},\"inLanguage\":\"en-US\",\"potentialAction\":[{\"@type\":\"ReadAction\",\"target\":[\"https:\\\/\\\/anadolupet.com.tr\\\/urun\\\/hills-sp-kuzulu-ve-pirincli-orta-irk-7-yasli-kopek-mamasi-122kg\\\/\"]}]},{\"@type\":\"ImageObject\",\"inLanguage\":\"en-US\",\"@id\":\"https:\\\/\\\/anadolupet.com.tr\\\/urun\\\/hills-sp-kuzulu-ve-pirincli-orta-irk-7-yasli-kopek-mamasi-122kg\\\/#primaryimage\",\"url\":\"https:\\\/\\\/anadolupet.com.tr\\\/wp-content\\\/uploads\\\/2026\\\/02\\\/620-604379-P.jpg\",\"contentUrl\":\"https:\\\/\\\/anadolupet.com.tr\\\/wp-content\\\/uploads\\\/2026\\\/02\\\/620-604379-P.jpg\",\"width\":750,\"height\":750},{\"@type\":\"BreadcrumbList\",\"@id\":\"https:\\\/\\\/anadolupet.com.tr\\\/urun\\\/hills-sp-kuzulu-ve-pirincli-orta-irk-7-yasli-kopek-mamasi-122kg\\\/#breadcrumb\",\"itemListElement\":[{\"@type\":\"ListItem\",\"position\":1,\"name\":\"Anasayfa\",\"item\":\"https:\\\/\\\/anadolupet.com.tr\\\/\"},{\"@type\":\"ListItem\",\"position\":2,\"name\":\"\u00dcr\u00fcnler\",\"item\":\"https:\\\/\\\/anadolupet.com.tr\\\/urunler\\\/\"},{\"@type\":\"ListItem\",\"position\":3,\"name\":\"Hill&#8217;s SP Kuzulu ve Pirin\u00e7li Orta Irk +7 Ya\u015fl\u0131 K\u00f6pek Mamas\u0131 12+2KG\"}]},{\"@type\":\"WebSite\",\"@id\":\"https:\\\/\\\/anadolupet.com.tr\\\/#website\",\"url\":\"https:\\\/\\\/anadolupet.com.tr\\\/\",\"name\":\"Anadolu Pet Grup\",\"description\":\"Her Can\u0131n \u0130yi Ya\u015fam\u0131 \u0130\u00e7in Biraraday\u0131z\",\"publisher\":{\"@id\":\"https:\\\/\\\/anadolupet.com.tr\\\/#organization\"},\"potentialAction\":[{\"@type\":\"SearchAction\",\"target\":{\"@type\":\"EntryPoint\",\"urlTemplate\":\"https:\\\/\\\/anadolupet.com.tr\\\/?s={search_term_string}\"},\"query-input\":{\"@type\":\"PropertyValueSpecification\",\"valueRequired\":true,\"valueName\":\"search_term_string\"}}],\"inLanguage\":\"en-US\"},{\"@type\":\"Organization\",\"@id\":\"https:\\\/\\\/anadolupet.com.tr\\\/#organization\",\"name\":\"Anadolu Pet Grup\",\"alternateName\":\"Anadolu Pet\",\"url\":\"https:\\\/\\\/anadolupet.com.tr\\\/\",\"logo\":{\"@type\":\"ImageObject\",\"inLanguage\":\"en-US\",\"@id\":\"https:\\\/\\\/anadolupet.com.tr\\\/#\\\/schema\\\/logo\\\/image\\\/\",\"url\":\"https:\\\/\\\/anadolupet.com.tr\\\/wp-content\\\/uploads\\\/2026\\\/03\\\/1614666743370.jpg\",\"contentUrl\":\"https:\\\/\\\/anadolupet.com.tr\\\/wp-content\\\/uploads\\\/2026\\\/03\\\/1614666743370.jpg\",\"width\":800,\"height\":571,\"caption\":\"Anadolu Pet Grup\"},\"image\":{\"@id\":\"https:\\\/\\\/anadolupet.com.tr\\\/#\\\/schema\\\/logo\\\/image\\\/\"}}]}<\/script>\n<!-- \/ Yoast SEO plugin. -->","yoast_head_json":{"title":"Hill's SP Kuzulu ve Pirin\u00e7li Orta Irk +7 Ya\u015fl\u0131 K\u00f6pek Mamas\u0131 12+2KG - Anadolu Pet Grup","robots":{"index":"index","follow":"follow","max-snippet":"max-snippet:-1","max-image-preview":"max-image-preview:large","max-video-preview":"max-video-preview:-1"},"canonical":"https:\/\/anadolupet.com.tr\/en\/product\/hills-sp-kuzulu-ve-pirincli-orta-irk-7-yasli-kopek-mamasi-122kg\/","og_locale":"en_US","og_type":"article","og_title":"Hill's SP Kuzulu ve Pirin\u00e7li Orta Irk +7 Ya\u015fl\u0131 K\u00f6pek Mamas\u0131 12+2KG - Anadolu Pet Grup","og_description":"K\u00f6pe\u011finiz alt\u0131n \u00e7a\u011f\u0131nda sa\u011fl\u0131kl\u0131 ya\u015flanmay\u0131 desteklemek i\u00e7in kaliteli bir k\u00f6pek mamas\u0131na ihtiya\u00e7 duyar. Kuzu Etli ve Pirin\u00e7li HILL'S SCIENCE PLAN Mature Adult k\u00f6pek mamas\u0131 ya\u015fl\u0131 k\u00f6peklerde enerji seviyesini ve ya\u015famsal organlar\u0131n sa\u011fl\u0131\u011f\u0131n\u0131 destekler. Sa\u011fl\u0131kl\u0131 ve parlak t\u00fcyler i\u00e7in omega-6 ve E vitamini, kalp, b\u00f6brek ve idrar kesesi sa\u011fl\u0131\u011f\u0131 i\u00e7in dengeli mineral seviyeleriyle form\u00fcle edilmi\u015ftir. Ya\u015fl\u0131 k\u00f6peklerin yeme\u011fe ko\u015farak gelmelerini sa\u011flamak i\u00e7in \u00f6zel olarak form\u00fcle edilmi\u015f olan bu mama, k\u00f6pe\u011finizin ya\u015fl\u0131l\u0131\u011f\u0131nda mutlu ve sa\u011fl\u0131kl\u0131 bir ya\u015fam s\u00fcrmesine yard\u0131mc\u0131 olmak amac\u0131yla do\u011fru bir besin dengesine sahiptir. SCIENCE PLAN'\u0131n yeni g\u00f6r\u00fcn\u00fcm\u00fcn\u00fc siz de seveceksiniz. Baz\u0131 \u00fcr\u00fcnlerimiz yeni isimlere, yeni mama tanesi \u015fekillerine ve yeni form\u00fclasyonlara sahiptir. \u0130\u00c7\u0130NDEK\u0130LER: M\u0131s\u0131r, bu\u011fday, kuzu eti unu, soya unu, hayvansal ya\u011f, k\u0131r\u0131k pirin\u00e7, keten tohumu, hidrolize protein, kurutulmu\u015f pancar k\u00fcspesi, bitkisel ya\u011f, mineraller, domuz k\u0131k\u0131rda\u011f\u0131 (kondroitin s\u00fclfat kayna\u011f\u0131), deniz kabuklusu kabu\u011fu hidrolizat\u0131 (glikozamin kayna\u011f\u0131). KG BA\u015eINA KATKILAR: Besinsel katk\u0131lar: 3b103 (Demir) 86,3mg, 3b202 (\u0130yodin) 1,4mg, 3b405 (Bak\u0131r) 8,5mg, 3b502 (Manganez) 8,9mg, 3b603 (\u00c7inko) 178mg, 3b801 (Selenyum) 0,2mg. ANAL\u0130T\u0130K B\u0130LE\u015eENLER: Protein 17,1%, Ya\u011f i\u00e7eri\u011fi 13,7%, Ham sel\u00fcloz 2,4%, Omega-6 ya\u011f asitleri 3,1%, Ham k\u00fcl 4,7%, Kalsiyum 0,74%, Fosfor 0,60%, Sodyum 0,16%, Potasyum 0,76%, Magnezyum 0,12%; kg ba\u015f\u0131na: A Vitamini 9.658IU, D3 Vitamini 749IU, E Vitamini 600mg, C Vitamini 90mg, Beta-karoten 1,5mg. Hill's Science Plan MEDIUM MATURE ADULT DOG FOOD with LAMB (%8) and RICE (%6) 7 ya\u015f\u0131ndan itibaren medium \u0131rk k\u00f6pekler i\u00e7in tam dengeli evcil hayvan mamas\u0131d\u0131r. BESLEME TAL\u0130MATI: B\u00fct\u00fcn besleme talimatlar\u0131 i\u00e7in l\u00fctfen ambalaja bak\u0131n\u0131z. Mama miktar\u0131n\u0131 ideal kiloyu koruyacak \u015fekilde ayarlay\u0131n\u0131z. E\u011fer emin de\u011filseniz, veteriner hekiminize sorunuz. Bu mamay\u0131 ilk defa m\u0131 kullan\u0131yorsunuz?Eski maman\u0131n miktar\u0131n\u0131 azaltt\u0131\u011f\u0131n\u0131z, yeni maman\u0131n ise miktar\u0131n\u0131 artt\u0131rd\u0131\u011f\u0131n\u0131z bir kar\u0131\u015f\u0131m haz\u0131rlayarak kademeli \u015fekilde 7 g\u00fcn sonunda tamamen yeni mamaya ge\u00e7i\u015f yap\u0131n\u0131z. Daima temiz ve taze su bulundurunuz! Evcil hayvan\u0131n\u0131z\u0131n beslenme ihtiya\u00e7lar\u0131 ya\u015fland\u0131k\u00e7a de\u011fi\u015febilir. Her muayenede veteriner hekiminize dan\u0131\u015f\u0131n\u0131z.","og_url":"https:\/\/anadolupet.com.tr\/en\/product\/hills-sp-kuzulu-ve-pirincli-orta-irk-7-yasli-kopek-mamasi-122kg\/","og_site_name":"Anadolu Pet Grup","article_modified_time":"2026-02-23T12:48:52+00:00","og_image":[{"width":750,"height":750,"url":"https:\/\/anadolupet.com.tr\/wp-content\/uploads\/2026\/02\/620-604379-P.jpg","type":"image\/jpeg"}],"twitter_card":"summary_large_image","schema":{"@context":"https:\/\/schema.org","@graph":[{"@type":"WebPage","@id":"https:\/\/anadolupet.com.tr\/urun\/hills-sp-kuzulu-ve-pirincli-orta-irk-7-yasli-kopek-mamasi-122kg\/","url":"https:\/\/anadolupet.com.tr\/urun\/hills-sp-kuzulu-ve-pirincli-orta-irk-7-yasli-kopek-mamasi-122kg\/","name":"Hill's SP Kuzulu ve Pirin\u00e7li Orta Irk +7 Ya\u015fl\u0131 K\u00f6pek Mamas\u0131 12+2KG - Anadolu Pet Grup","isPartOf":{"@id":"https:\/\/anadolupet.com.tr\/#website"},"primaryImageOfPage":{"@id":"https:\/\/anadolupet.com.tr\/urun\/hills-sp-kuzulu-ve-pirincli-orta-irk-7-yasli-kopek-mamasi-122kg\/#primaryimage"},"image":{"@id":"https:\/\/anadolupet.com.tr\/urun\/hills-sp-kuzulu-ve-pirincli-orta-irk-7-yasli-kopek-mamasi-122kg\/#primaryimage"},"thumbnailUrl":"https:\/\/anadolupet.com.tr\/wp-content\/uploads\/2026\/02\/620-604379-P.jpg","datePublished":"2026-02-14T14:41:38+00:00","dateModified":"2026-02-23T12:48:52+00:00","breadcrumb":{"@id":"https:\/\/anadolupet.com.tr\/urun\/hills-sp-kuzulu-ve-pirincli-orta-irk-7-yasli-kopek-mamasi-122kg\/#breadcrumb"},"inLanguage":"en-US","potentialAction":[{"@type":"ReadAction","target":["https:\/\/anadolupet.com.tr\/urun\/hills-sp-kuzulu-ve-pirincli-orta-irk-7-yasli-kopek-mamasi-122kg\/"]}]},{"@type":"ImageObject","inLanguage":"en-US","@id":"https:\/\/anadolupet.com.tr\/urun\/hills-sp-kuzulu-ve-pirincli-orta-irk-7-yasli-kopek-mamasi-122kg\/#primaryimage","url":"https:\/\/anadolupet.com.tr\/wp-content\/uploads\/2026\/02\/620-604379-P.jpg","contentUrl":"https:\/\/anadolupet.com.tr\/wp-content\/uploads\/2026\/02\/620-604379-P.jpg","width":750,"height":750},{"@type":"BreadcrumbList","@id":"https:\/\/anadolupet.com.tr\/urun\/hills-sp-kuzulu-ve-pirincli-orta-irk-7-yasli-kopek-mamasi-122kg\/#breadcrumb","itemListElement":[{"@type":"ListItem","position":1,"name":"Anasayfa","item":"https:\/\/anadolupet.com.tr\/"},{"@type":"ListItem","position":2,"name":"\u00dcr\u00fcnler","item":"https:\/\/anadolupet.com.tr\/urunler\/"},{"@type":"ListItem","position":3,"name":"Hill&#8217;s SP Kuzulu ve Pirin\u00e7li Orta Irk +7 Ya\u015fl\u0131 K\u00f6pek Mamas\u0131 12+2KG"}]},{"@type":"WebSite","@id":"https:\/\/anadolupet.com.tr\/#website","url":"https:\/\/anadolupet.com.tr\/","name":"Anadolu Pet Group","description":"We Stand Together for the Well-Being of Every Life","publisher":{"@id":"https:\/\/anadolupet.com.tr\/#organization"},"potentialAction":[{"@type":"SearchAction","target":{"@type":"EntryPoint","urlTemplate":"https:\/\/anadolupet.com.tr\/?s={search_term_string}"},"query-input":{"@type":"PropertyValueSpecification","valueRequired":true,"valueName":"search_term_string"}}],"inLanguage":"en-US"},{"@type":"Organization","@id":"https:\/\/anadolupet.com.tr\/#organization","name":"Anadolu Pet Group","alternateName":"Anadolu Pet","url":"https:\/\/anadolupet.com.tr\/","logo":{"@type":"ImageObject","inLanguage":"en-US","@id":"https:\/\/anadolupet.com.tr\/#\/schema\/logo\/image\/","url":"https:\/\/anadolupet.com.tr\/wp-content\/uploads\/2026\/03\/1614666743370.jpg","contentUrl":"https:\/\/anadolupet.com.tr\/wp-content\/uploads\/2026\/03\/1614666743370.jpg","width":800,"height":571,"caption":"Anadolu Pet Grup"},"image":{"@id":"https:\/\/anadolupet.com.tr\/#\/schema\/logo\/image\/"}}]}},"_links":{"self":[{"href":"https:\/\/anadolupet.com.tr\/en\/wp-json\/wp\/v2\/product\/45436","targetHints":{"allow":["GET"]}}],"collection":[{"href":"https:\/\/anadolupet.com.tr\/en\/wp-json\/wp\/v2\/product"}],"about":[{"href":"https:\/\/anadolupet.com.tr\/en\/wp-json\/wp\/v2\/types\/product"}],"replies":[{"embeddable":true,"href":"https:\/\/anadolupet.com.tr\/en\/wp-json\/wp\/v2\/comments?post=45436"}],"wp:featuredmedia":[{"embeddable":true,"href":"https:\/\/anadolupet.com.tr\/en\/wp-json\/wp\/v2\/media\/44262"}],"wp:attachment":[{"href":"https:\/\/anadolupet.com.tr\/en\/wp-json\/wp\/v2\/media?parent=45436"}],"wp:term":[{"taxonomy":"product_brand","embeddable":true,"href":"https:\/\/anadolupet.com.tr\/en\/wp-json\/wp\/v2\/product_brand?post=45436"},{"taxonomy":"product_cat","embeddable":true,"href":"https:\/\/anadolupet.com.tr\/en\/wp-json\/wp\/v2\/product_cat?post=45436"},{"taxonomy":"product_tag","embeddable":true,"href":"https:\/\/anadolupet.com.tr\/en\/wp-json\/wp\/v2\/product_tag?post=45436"}],"curies":[{"name":"wp","href":"https:\/\/api.w.org\/{rel}","templated":true}]}}