{"id":45444,"date":"2026-02-14T14:41:40","date_gmt":"2026-02-14T14:41:40","guid":{"rendered":"https:\/\/anadolupet.com.tr\/?post_type=product&#038;p=45444"},"modified":"2026-02-23T12:48:53","modified_gmt":"2026-02-23T12:48:53","slug":"hills-sp-light-tavuklu-orta-irk-yetiskin-kopek-mamasi-14kg","status":"publish","type":"product","link":"https:\/\/anadolupet.com.tr\/en\/urun\/hills-sp-light-tavuklu-orta-irk-yetiskin-kopek-mamasi-14kg\/","title":{"rendered":"Hill&#8217;s SP Light Tavuklu Orta Irk Yeti\u015fkin K\u00f6pek Mamas\u0131 14KG"},"content":{"rendered":"","protected":false},"excerpt":{"rendered":"<p>Yeti\u015fkin k\u00f6pe\u011finizin i\u015ftah\u0131n\u0131n fazla olmas\u0131, mamas\u0131n\u0131n da fazla kalorili olmas\u0131 gerekti\u011fi anlam\u0131na gelmez. HILL&#8217;S SCIENCE PLAN Light Adult tavuklu k\u00f6pek mamas\u0131, sa\u011fl\u0131kl\u0131 kiloyu ve ya\u015fam tarz\u0131n\u0131 korumak i\u00e7in d\u00fc\u015f\u00fck kalorili beslenmeye gereksinim duyan daha az aktif yeti\u015fkin k\u00f6pekler i\u00e7in m\u00fckemmel bir beslenme sunar. Bu birinci s\u0131n\u0131f k\u00f6pek mamas\u0131, k\u00f6pe\u011finizin kalp fonksiyonunu desteklemek i\u00e7in L-karnitin i\u00e7erir. Y\u00fcksek kaliteli protein ve lif iki \u00f6\u011f\u00fcn aras\u0131nda yeti\u015fkin k\u00f6pe\u011finizi tok tutarken, E vitamini ve omega-6 ya\u011f asitleri de k\u00f6pe\u011finizin derisini ve t\u00fcylerini besler. \u0130\u00c7\u0130NDEK\u0130LER: M\u0131s\u0131r, tavuk ve hindi unu, bezelye kepe\u011fi unu, m\u0131s\u0131r gl\u00fcten unu, dijest, sel\u00fcloz, kurutulmu\u015f pancar posas\u0131, hayvansal ya\u011f, bitkisel ya\u011f, mineraller, keten tohumu.<br \/>\nKG BA\u015eINA KATKILAR: Besinsel katk\u0131lar: 3b103 (Demir) 76mg, 3b202 (\u0130yodin) 1,2mg, 3b405 (Bak\u0131r) 7,5mg, 3b502 (Manganez) 7,9mg, 3b603 (\u00c7inko) 157mg, 3b801 (Selenyum) 0,2mg; do\u011fal antioksidan ile.<br \/>\nANAL\u0130T\u0130K B\u0130LE\u015eENLER: Protein %22,0, Ya\u011f i\u00e7eri\u011fi %10,4, Ham sel\u00fcloz %12,4, Omega-6 ya\u011f asitleri %2,8, Ham k\u00fcl %4,9, Kalsiyum %0,73, Fosfor %0,53, Sodyum %0,27, Potasyum %0,74, Magnezyum %0,12; kg ba\u015f\u0131na: A Vitamini 9.199IU, D3 Vitamini 717IU, E Vitamini 550mg, C Vitamini 90mg, Beta-karoten 1,5mg, L-karnitin 336mg, Metabolize olabilir enerji 313kcal\/100g.<br \/>\nHill&#8217;s SCIENCE PLAN Light Yeti\u015fkin Orta Irk Tavuklu K\u00f6pek Mamas\u0131, (tavuk %10, toplam k\u00fcmes hayvanlar\u0131 %16) kilo almaya meyilli 1-6 ya\u015f aral\u0131\u011f\u0131ndaki medium \u0131rk k\u00f6pekler i\u00e7in tam dengeli evcil hayvan mamas\u0131d\u0131r.<br \/>\nBESLEME TAL\u0130MATI: B\u00fct\u00fcn besleme talimatlar\u0131 i\u00e7in l\u00fctfen ambalaja bak\u0131n\u0131z. Mama miktar\u0131n\u0131 ideal kiloyu koruyacak \u015fekilde ayarlay\u0131n\u0131z. E\u011fer emin de\u011filseniz, veteriner hekiminize sorunuz. Bu mamay\u0131 ilk defa m\u0131 kullan\u0131yorsunuz? Eski maman\u0131n miktar\u0131n\u0131 azaltt\u0131\u011f\u0131n\u0131z, yeni maman\u0131n ise miktar\u0131n\u0131 artt\u0131rd\u0131\u011f\u0131n\u0131z bir kar\u0131\u015f\u0131m haz\u0131rlayarak kademeli bir \u015fekilde 7 g\u00fcn sonunda tamamen yeni mamaya ge\u00e7i\u015f yap\u0131n\u0131z. Daima temiz ve taze su bulundurunuz! Evcil hayvan\u0131n\u0131z\u0131n beslenme ihtiya\u00e7lar\u0131 ya\u015fland\u0131k\u00e7a de\u011fi\u015febilir. Her muayenede veteriner hekiminize dan\u0131\u015f\u0131n\u0131z.<\/p>","protected":false},"featured_media":44259,"comment_status":"open","ping_status":"closed","template":"","meta":{"_acf_changed":false},"product_brand":[],"product_cat":[2464],"product_tag":[],"class_list":{"0":"post-45444","1":"product","2":"type-product","3":"status-publish","4":"has-post-thumbnail","6":"product_cat-yetiskin-kopek-mamalari","8":"first","9":"instock","10":"shipping-taxable","11":"product-type-simple"},"acf":[],"yoast_head":"<!-- This site is optimized with the Yoast SEO plugin v27.5 - https:\/\/yoast.com\/product\/yoast-seo-wordpress\/ -->\n<title>Hill&#039;s SP Light Tavuklu Orta Irk Yeti\u015fkin K\u00f6pek Mamas\u0131 14KG - Anadolu Pet Grup<\/title>\n<meta name=\"robots\" content=\"index, follow, max-snippet:-1, max-image-preview:large, max-video-preview:-1\" \/>\n<link rel=\"canonical\" href=\"https:\/\/anadolupet.com.tr\/en\/product\/hills-sp-light-tavuklu-orta-irk-yetiskin-kopek-mamasi-14kg\/\" \/>\n<meta property=\"og:locale\" content=\"en_US\" \/>\n<meta property=\"og:type\" content=\"article\" \/>\n<meta property=\"og:title\" content=\"Hill&#039;s SP Light Tavuklu Orta Irk Yeti\u015fkin K\u00f6pek Mamas\u0131 14KG - Anadolu Pet Grup\" \/>\n<meta property=\"og:description\" content=\"Yeti\u015fkin k\u00f6pe\u011finizin i\u015ftah\u0131n\u0131n fazla olmas\u0131, mamas\u0131n\u0131n da fazla kalorili olmas\u0131 gerekti\u011fi anlam\u0131na gelmez. HILL&#039;S SCIENCE PLAN Light Adult tavuklu k\u00f6pek mamas\u0131, sa\u011fl\u0131kl\u0131 kiloyu ve ya\u015fam tarz\u0131n\u0131 korumak i\u00e7in d\u00fc\u015f\u00fck kalorili beslenmeye gereksinim duyan daha az aktif yeti\u015fkin k\u00f6pekler i\u00e7in m\u00fckemmel bir beslenme sunar. Bu birinci s\u0131n\u0131f k\u00f6pek mamas\u0131, k\u00f6pe\u011finizin kalp fonksiyonunu desteklemek i\u00e7in L-karnitin i\u00e7erir. Y\u00fcksek kaliteli protein ve lif iki \u00f6\u011f\u00fcn aras\u0131nda yeti\u015fkin k\u00f6pe\u011finizi tok tutarken, E vitamini ve omega-6 ya\u011f asitleri de k\u00f6pe\u011finizin derisini ve t\u00fcylerini besler. \u0130\u00c7\u0130NDEK\u0130LER: M\u0131s\u0131r, tavuk ve hindi unu, bezelye kepe\u011fi unu, m\u0131s\u0131r gl\u00fcten unu, dijest, sel\u00fcloz, kurutulmu\u015f pancar posas\u0131, hayvansal ya\u011f, bitkisel ya\u011f, mineraller, keten tohumu. KG BA\u015eINA KATKILAR: Besinsel katk\u0131lar: 3b103 (Demir) 76mg, 3b202 (\u0130yodin) 1,2mg, 3b405 (Bak\u0131r) 7,5mg, 3b502 (Manganez) 7,9mg, 3b603 (\u00c7inko) 157mg, 3b801 (Selenyum) 0,2mg; do\u011fal antioksidan ile. ANAL\u0130T\u0130K B\u0130LE\u015eENLER: Protein %22,0, Ya\u011f i\u00e7eri\u011fi %10,4, Ham sel\u00fcloz %12,4, Omega-6 ya\u011f asitleri %2,8, Ham k\u00fcl %4,9, Kalsiyum %0,73, Fosfor %0,53, Sodyum %0,27, Potasyum %0,74, Magnezyum %0,12; kg ba\u015f\u0131na: A Vitamini 9.199IU, D3 Vitamini 717IU, E Vitamini 550mg, C Vitamini 90mg, Beta-karoten 1,5mg, L-karnitin 336mg, Metabolize olabilir enerji 313kcal\/100g. Hill&#039;s SCIENCE PLAN Light Yeti\u015fkin Orta Irk Tavuklu K\u00f6pek Mamas\u0131, (tavuk %10, toplam k\u00fcmes hayvanlar\u0131 %16) kilo almaya meyilli 1-6 ya\u015f aral\u0131\u011f\u0131ndaki medium \u0131rk k\u00f6pekler i\u00e7in tam dengeli evcil hayvan mamas\u0131d\u0131r. BESLEME TAL\u0130MATI: B\u00fct\u00fcn besleme talimatlar\u0131 i\u00e7in l\u00fctfen ambalaja bak\u0131n\u0131z. Mama miktar\u0131n\u0131 ideal kiloyu koruyacak \u015fekilde ayarlay\u0131n\u0131z. E\u011fer emin de\u011filseniz, veteriner hekiminize sorunuz. Bu mamay\u0131 ilk defa m\u0131 kullan\u0131yorsunuz? Eski maman\u0131n miktar\u0131n\u0131 azaltt\u0131\u011f\u0131n\u0131z, yeni maman\u0131n ise miktar\u0131n\u0131 artt\u0131rd\u0131\u011f\u0131n\u0131z bir kar\u0131\u015f\u0131m haz\u0131rlayarak kademeli bir \u015fekilde 7 g\u00fcn sonunda tamamen yeni mamaya ge\u00e7i\u015f yap\u0131n\u0131z. Daima temiz ve taze su bulundurunuz! Evcil hayvan\u0131n\u0131z\u0131n beslenme ihtiya\u00e7lar\u0131 ya\u015fland\u0131k\u00e7a de\u011fi\u015febilir. Her muayenede veteriner hekiminize dan\u0131\u015f\u0131n\u0131z.\" \/>\n<meta property=\"og:url\" content=\"https:\/\/anadolupet.com.tr\/en\/product\/hills-sp-light-tavuklu-orta-irk-yetiskin-kopek-mamasi-14kg\/\" \/>\n<meta property=\"og:site_name\" content=\"Anadolu Pet Grup\" \/>\n<meta property=\"article:modified_time\" content=\"2026-02-23T12:48:53+00:00\" \/>\n<meta property=\"og:image\" content=\"https:\/\/anadolupet.com.tr\/wp-content\/uploads\/2026\/02\/620-604359.jpg\" \/>\n\t<meta property=\"og:image:width\" content=\"750\" \/>\n\t<meta property=\"og:image:height\" content=\"750\" \/>\n\t<meta property=\"og:image:type\" content=\"image\/jpeg\" \/>\n<meta name=\"twitter:card\" content=\"summary_large_image\" \/>\n<script type=\"application\/ld+json\" class=\"yoast-schema-graph\">{\"@context\":\"https:\\\/\\\/schema.org\",\"@graph\":[{\"@type\":\"WebPage\",\"@id\":\"https:\\\/\\\/anadolupet.com.tr\\\/urun\\\/hills-sp-light-tavuklu-orta-irk-yetiskin-kopek-mamasi-14kg\\\/\",\"url\":\"https:\\\/\\\/anadolupet.com.tr\\\/urun\\\/hills-sp-light-tavuklu-orta-irk-yetiskin-kopek-mamasi-14kg\\\/\",\"name\":\"Hill's SP Light Tavuklu Orta Irk Yeti\u015fkin K\u00f6pek Mamas\u0131 14KG - Anadolu Pet Grup\",\"isPartOf\":{\"@id\":\"https:\\\/\\\/anadolupet.com.tr\\\/#website\"},\"primaryImageOfPage\":{\"@id\":\"https:\\\/\\\/anadolupet.com.tr\\\/urun\\\/hills-sp-light-tavuklu-orta-irk-yetiskin-kopek-mamasi-14kg\\\/#primaryimage\"},\"image\":{\"@id\":\"https:\\\/\\\/anadolupet.com.tr\\\/urun\\\/hills-sp-light-tavuklu-orta-irk-yetiskin-kopek-mamasi-14kg\\\/#primaryimage\"},\"thumbnailUrl\":\"https:\\\/\\\/anadolupet.com.tr\\\/wp-content\\\/uploads\\\/2026\\\/02\\\/620-604359.jpg\",\"datePublished\":\"2026-02-14T14:41:40+00:00\",\"dateModified\":\"2026-02-23T12:48:53+00:00\",\"breadcrumb\":{\"@id\":\"https:\\\/\\\/anadolupet.com.tr\\\/urun\\\/hills-sp-light-tavuklu-orta-irk-yetiskin-kopek-mamasi-14kg\\\/#breadcrumb\"},\"inLanguage\":\"en-US\",\"potentialAction\":[{\"@type\":\"ReadAction\",\"target\":[\"https:\\\/\\\/anadolupet.com.tr\\\/urun\\\/hills-sp-light-tavuklu-orta-irk-yetiskin-kopek-mamasi-14kg\\\/\"]}]},{\"@type\":\"ImageObject\",\"inLanguage\":\"en-US\",\"@id\":\"https:\\\/\\\/anadolupet.com.tr\\\/urun\\\/hills-sp-light-tavuklu-orta-irk-yetiskin-kopek-mamasi-14kg\\\/#primaryimage\",\"url\":\"https:\\\/\\\/anadolupet.com.tr\\\/wp-content\\\/uploads\\\/2026\\\/02\\\/620-604359.jpg\",\"contentUrl\":\"https:\\\/\\\/anadolupet.com.tr\\\/wp-content\\\/uploads\\\/2026\\\/02\\\/620-604359.jpg\",\"width\":750,\"height\":750},{\"@type\":\"BreadcrumbList\",\"@id\":\"https:\\\/\\\/anadolupet.com.tr\\\/urun\\\/hills-sp-light-tavuklu-orta-irk-yetiskin-kopek-mamasi-14kg\\\/#breadcrumb\",\"itemListElement\":[{\"@type\":\"ListItem\",\"position\":1,\"name\":\"Anasayfa\",\"item\":\"https:\\\/\\\/anadolupet.com.tr\\\/\"},{\"@type\":\"ListItem\",\"position\":2,\"name\":\"\u00dcr\u00fcnler\",\"item\":\"https:\\\/\\\/anadolupet.com.tr\\\/urunler\\\/\"},{\"@type\":\"ListItem\",\"position\":3,\"name\":\"Hill&#8217;s SP Light Tavuklu Orta Irk Yeti\u015fkin K\u00f6pek Mamas\u0131 14KG\"}]},{\"@type\":\"WebSite\",\"@id\":\"https:\\\/\\\/anadolupet.com.tr\\\/#website\",\"url\":\"https:\\\/\\\/anadolupet.com.tr\\\/\",\"name\":\"Anadolu Pet Grup\",\"description\":\"Her Can\u0131n \u0130yi Ya\u015fam\u0131 \u0130\u00e7in Biraraday\u0131z\",\"publisher\":{\"@id\":\"https:\\\/\\\/anadolupet.com.tr\\\/#organization\"},\"potentialAction\":[{\"@type\":\"SearchAction\",\"target\":{\"@type\":\"EntryPoint\",\"urlTemplate\":\"https:\\\/\\\/anadolupet.com.tr\\\/?s={search_term_string}\"},\"query-input\":{\"@type\":\"PropertyValueSpecification\",\"valueRequired\":true,\"valueName\":\"search_term_string\"}}],\"inLanguage\":\"en-US\"},{\"@type\":\"Organization\",\"@id\":\"https:\\\/\\\/anadolupet.com.tr\\\/#organization\",\"name\":\"Anadolu Pet Grup\",\"alternateName\":\"Anadolu Pet\",\"url\":\"https:\\\/\\\/anadolupet.com.tr\\\/\",\"logo\":{\"@type\":\"ImageObject\",\"inLanguage\":\"en-US\",\"@id\":\"https:\\\/\\\/anadolupet.com.tr\\\/#\\\/schema\\\/logo\\\/image\\\/\",\"url\":\"https:\\\/\\\/anadolupet.com.tr\\\/wp-content\\\/uploads\\\/2026\\\/03\\\/1614666743370.jpg\",\"contentUrl\":\"https:\\\/\\\/anadolupet.com.tr\\\/wp-content\\\/uploads\\\/2026\\\/03\\\/1614666743370.jpg\",\"width\":800,\"height\":571,\"caption\":\"Anadolu Pet Grup\"},\"image\":{\"@id\":\"https:\\\/\\\/anadolupet.com.tr\\\/#\\\/schema\\\/logo\\\/image\\\/\"}}]}<\/script>\n<!-- \/ Yoast SEO plugin. -->","yoast_head_json":{"title":"Hill's SP Light Tavuklu Orta Irk Yeti\u015fkin K\u00f6pek Mamas\u0131 14KG - Anadolu Pet Grup","robots":{"index":"index","follow":"follow","max-snippet":"max-snippet:-1","max-image-preview":"max-image-preview:large","max-video-preview":"max-video-preview:-1"},"canonical":"https:\/\/anadolupet.com.tr\/en\/product\/hills-sp-light-tavuklu-orta-irk-yetiskin-kopek-mamasi-14kg\/","og_locale":"en_US","og_type":"article","og_title":"Hill's SP Light Tavuklu Orta Irk Yeti\u015fkin K\u00f6pek Mamas\u0131 14KG - Anadolu Pet Grup","og_description":"Yeti\u015fkin k\u00f6pe\u011finizin i\u015ftah\u0131n\u0131n fazla olmas\u0131, mamas\u0131n\u0131n da fazla kalorili olmas\u0131 gerekti\u011fi anlam\u0131na gelmez. HILL'S SCIENCE PLAN Light Adult tavuklu k\u00f6pek mamas\u0131, sa\u011fl\u0131kl\u0131 kiloyu ve ya\u015fam tarz\u0131n\u0131 korumak i\u00e7in d\u00fc\u015f\u00fck kalorili beslenmeye gereksinim duyan daha az aktif yeti\u015fkin k\u00f6pekler i\u00e7in m\u00fckemmel bir beslenme sunar. Bu birinci s\u0131n\u0131f k\u00f6pek mamas\u0131, k\u00f6pe\u011finizin kalp fonksiyonunu desteklemek i\u00e7in L-karnitin i\u00e7erir. Y\u00fcksek kaliteli protein ve lif iki \u00f6\u011f\u00fcn aras\u0131nda yeti\u015fkin k\u00f6pe\u011finizi tok tutarken, E vitamini ve omega-6 ya\u011f asitleri de k\u00f6pe\u011finizin derisini ve t\u00fcylerini besler. \u0130\u00c7\u0130NDEK\u0130LER: M\u0131s\u0131r, tavuk ve hindi unu, bezelye kepe\u011fi unu, m\u0131s\u0131r gl\u00fcten unu, dijest, sel\u00fcloz, kurutulmu\u015f pancar posas\u0131, hayvansal ya\u011f, bitkisel ya\u011f, mineraller, keten tohumu. KG BA\u015eINA KATKILAR: Besinsel katk\u0131lar: 3b103 (Demir) 76mg, 3b202 (\u0130yodin) 1,2mg, 3b405 (Bak\u0131r) 7,5mg, 3b502 (Manganez) 7,9mg, 3b603 (\u00c7inko) 157mg, 3b801 (Selenyum) 0,2mg; do\u011fal antioksidan ile. ANAL\u0130T\u0130K B\u0130LE\u015eENLER: Protein %22,0, Ya\u011f i\u00e7eri\u011fi %10,4, Ham sel\u00fcloz %12,4, Omega-6 ya\u011f asitleri %2,8, Ham k\u00fcl %4,9, Kalsiyum %0,73, Fosfor %0,53, Sodyum %0,27, Potasyum %0,74, Magnezyum %0,12; kg ba\u015f\u0131na: A Vitamini 9.199IU, D3 Vitamini 717IU, E Vitamini 550mg, C Vitamini 90mg, Beta-karoten 1,5mg, L-karnitin 336mg, Metabolize olabilir enerji 313kcal\/100g. Hill's SCIENCE PLAN Light Yeti\u015fkin Orta Irk Tavuklu K\u00f6pek Mamas\u0131, (tavuk %10, toplam k\u00fcmes hayvanlar\u0131 %16) kilo almaya meyilli 1-6 ya\u015f aral\u0131\u011f\u0131ndaki medium \u0131rk k\u00f6pekler i\u00e7in tam dengeli evcil hayvan mamas\u0131d\u0131r. BESLEME TAL\u0130MATI: B\u00fct\u00fcn besleme talimatlar\u0131 i\u00e7in l\u00fctfen ambalaja bak\u0131n\u0131z. Mama miktar\u0131n\u0131 ideal kiloyu koruyacak \u015fekilde ayarlay\u0131n\u0131z. E\u011fer emin de\u011filseniz, veteriner hekiminize sorunuz. Bu mamay\u0131 ilk defa m\u0131 kullan\u0131yorsunuz? Eski maman\u0131n miktar\u0131n\u0131 azaltt\u0131\u011f\u0131n\u0131z, yeni maman\u0131n ise miktar\u0131n\u0131 artt\u0131rd\u0131\u011f\u0131n\u0131z bir kar\u0131\u015f\u0131m haz\u0131rlayarak kademeli bir \u015fekilde 7 g\u00fcn sonunda tamamen yeni mamaya ge\u00e7i\u015f yap\u0131n\u0131z. Daima temiz ve taze su bulundurunuz! Evcil hayvan\u0131n\u0131z\u0131n beslenme ihtiya\u00e7lar\u0131 ya\u015fland\u0131k\u00e7a de\u011fi\u015febilir. Her muayenede veteriner hekiminize dan\u0131\u015f\u0131n\u0131z.","og_url":"https:\/\/anadolupet.com.tr\/en\/product\/hills-sp-light-tavuklu-orta-irk-yetiskin-kopek-mamasi-14kg\/","og_site_name":"Anadolu Pet Grup","article_modified_time":"2026-02-23T12:48:53+00:00","og_image":[{"width":750,"height":750,"url":"https:\/\/anadolupet.com.tr\/wp-content\/uploads\/2026\/02\/620-604359.jpg","type":"image\/jpeg"}],"twitter_card":"summary_large_image","schema":{"@context":"https:\/\/schema.org","@graph":[{"@type":"WebPage","@id":"https:\/\/anadolupet.com.tr\/urun\/hills-sp-light-tavuklu-orta-irk-yetiskin-kopek-mamasi-14kg\/","url":"https:\/\/anadolupet.com.tr\/urun\/hills-sp-light-tavuklu-orta-irk-yetiskin-kopek-mamasi-14kg\/","name":"Hill's SP Light Tavuklu Orta Irk Yeti\u015fkin K\u00f6pek Mamas\u0131 14KG - Anadolu Pet Grup","isPartOf":{"@id":"https:\/\/anadolupet.com.tr\/#website"},"primaryImageOfPage":{"@id":"https:\/\/anadolupet.com.tr\/urun\/hills-sp-light-tavuklu-orta-irk-yetiskin-kopek-mamasi-14kg\/#primaryimage"},"image":{"@id":"https:\/\/anadolupet.com.tr\/urun\/hills-sp-light-tavuklu-orta-irk-yetiskin-kopek-mamasi-14kg\/#primaryimage"},"thumbnailUrl":"https:\/\/anadolupet.com.tr\/wp-content\/uploads\/2026\/02\/620-604359.jpg","datePublished":"2026-02-14T14:41:40+00:00","dateModified":"2026-02-23T12:48:53+00:00","breadcrumb":{"@id":"https:\/\/anadolupet.com.tr\/urun\/hills-sp-light-tavuklu-orta-irk-yetiskin-kopek-mamasi-14kg\/#breadcrumb"},"inLanguage":"en-US","potentialAction":[{"@type":"ReadAction","target":["https:\/\/anadolupet.com.tr\/urun\/hills-sp-light-tavuklu-orta-irk-yetiskin-kopek-mamasi-14kg\/"]}]},{"@type":"ImageObject","inLanguage":"en-US","@id":"https:\/\/anadolupet.com.tr\/urun\/hills-sp-light-tavuklu-orta-irk-yetiskin-kopek-mamasi-14kg\/#primaryimage","url":"https:\/\/anadolupet.com.tr\/wp-content\/uploads\/2026\/02\/620-604359.jpg","contentUrl":"https:\/\/anadolupet.com.tr\/wp-content\/uploads\/2026\/02\/620-604359.jpg","width":750,"height":750},{"@type":"BreadcrumbList","@id":"https:\/\/anadolupet.com.tr\/urun\/hills-sp-light-tavuklu-orta-irk-yetiskin-kopek-mamasi-14kg\/#breadcrumb","itemListElement":[{"@type":"ListItem","position":1,"name":"Anasayfa","item":"https:\/\/anadolupet.com.tr\/"},{"@type":"ListItem","position":2,"name":"\u00dcr\u00fcnler","item":"https:\/\/anadolupet.com.tr\/urunler\/"},{"@type":"ListItem","position":3,"name":"Hill&#8217;s SP Light Tavuklu Orta Irk Yeti\u015fkin K\u00f6pek Mamas\u0131 14KG"}]},{"@type":"WebSite","@id":"https:\/\/anadolupet.com.tr\/#website","url":"https:\/\/anadolupet.com.tr\/","name":"Anadolu Pet Group","description":"We Stand Together for the Well-Being of Every Life","publisher":{"@id":"https:\/\/anadolupet.com.tr\/#organization"},"potentialAction":[{"@type":"SearchAction","target":{"@type":"EntryPoint","urlTemplate":"https:\/\/anadolupet.com.tr\/?s={search_term_string}"},"query-input":{"@type":"PropertyValueSpecification","valueRequired":true,"valueName":"search_term_string"}}],"inLanguage":"en-US"},{"@type":"Organization","@id":"https:\/\/anadolupet.com.tr\/#organization","name":"Anadolu Pet Group","alternateName":"Anadolu Pet","url":"https:\/\/anadolupet.com.tr\/","logo":{"@type":"ImageObject","inLanguage":"en-US","@id":"https:\/\/anadolupet.com.tr\/#\/schema\/logo\/image\/","url":"https:\/\/anadolupet.com.tr\/wp-content\/uploads\/2026\/03\/1614666743370.jpg","contentUrl":"https:\/\/anadolupet.com.tr\/wp-content\/uploads\/2026\/03\/1614666743370.jpg","width":800,"height":571,"caption":"Anadolu Pet Grup"},"image":{"@id":"https:\/\/anadolupet.com.tr\/#\/schema\/logo\/image\/"}}]}},"_links":{"self":[{"href":"https:\/\/anadolupet.com.tr\/en\/wp-json\/wp\/v2\/product\/45444","targetHints":{"allow":["GET"]}}],"collection":[{"href":"https:\/\/anadolupet.com.tr\/en\/wp-json\/wp\/v2\/product"}],"about":[{"href":"https:\/\/anadolupet.com.tr\/en\/wp-json\/wp\/v2\/types\/product"}],"replies":[{"embeddable":true,"href":"https:\/\/anadolupet.com.tr\/en\/wp-json\/wp\/v2\/comments?post=45444"}],"wp:featuredmedia":[{"embeddable":true,"href":"https:\/\/anadolupet.com.tr\/en\/wp-json\/wp\/v2\/media\/44259"}],"wp:attachment":[{"href":"https:\/\/anadolupet.com.tr\/en\/wp-json\/wp\/v2\/media?parent=45444"}],"wp:term":[{"taxonomy":"product_brand","embeddable":true,"href":"https:\/\/anadolupet.com.tr\/en\/wp-json\/wp\/v2\/product_brand?post=45444"},{"taxonomy":"product_cat","embeddable":true,"href":"https:\/\/anadolupet.com.tr\/en\/wp-json\/wp\/v2\/product_cat?post=45444"},{"taxonomy":"product_tag","embeddable":true,"href":"https:\/\/anadolupet.com.tr\/en\/wp-json\/wp\/v2\/product_tag?post=45444"}],"curies":[{"name":"wp","href":"https:\/\/api.w.org\/{rel}","templated":true}]}}