{"id":45446,"date":"2026-02-14T14:41:40","date_gmt":"2026-02-14T14:41:40","guid":{"rendered":"https:\/\/anadolupet.com.tr\/?post_type=product&#038;p=45446"},"modified":"2026-02-23T12:48:53","modified_gmt":"2026-02-23T12:48:53","slug":"hills-sp-mide-ve-deri-hassasiyeti-tavuklu-kucuk-ve-mini-irk-yetiskin-kopek-mamasi-1-5kg","status":"publish","type":"product","link":"https:\/\/anadolupet.com.tr\/en\/urun\/hills-sp-mide-ve-deri-hassasiyeti-tavuklu-kucuk-ve-mini-irk-yetiskin-kopek-mamasi-1-5kg\/","title":{"rendered":"Hill&#8217;s SP Mide ve Deri Hassasiyeti Tavuklu K\u00fc\u00e7\u00fck ve Mini Irk Yeti\u015fkin K\u00f6pek Mamas\u0131 1.5KG"},"content":{"rendered":"","protected":false},"excerpt":{"rendered":"<p>K\u00fc\u00e7\u00fck k\u00f6pek mamas\u0131, b\u00fcy\u00fck faydalar i\u00e7erir! Tavuklu HILL&#8217;S SCIENCE PLAN Sensitive Stomach &#038; Skin Small &#038; Mini Adult k\u00f6pek mamas\u0131, k\u00fc\u00e7\u00fck k\u00f6peklerin derisini ve t\u00fcylerini beslerken onlar\u0131n sindirim sistemi sa\u011fl\u0131\u011f\u0131n\u0131 da d\u00fc\u015f\u00fcnen bir k\u00f6pek mamas\u0131d\u0131r. Hassas mideli k\u00f6pekler i\u00e7in \u00f6zel \u00fcretilen bu mama, birincil besin maddesi olarak protein i\u00e7erir ve k\u00fc\u00e7\u00fck ve minyat\u00fcr \u0131rk k\u00f6pekler i\u00e7in klinik olarak etkisi kan\u0131tlanm\u0131\u015f antioksidan sa\u011flar. Bu kuru k\u00f6pek mamas\u0131, k\u00fc\u00e7\u00fck k\u00f6peklerin ger\u00e7ekten zevk alabilece\u011fi m\u00fckemmel bir lezzete sahip olabilmesi i\u00e7in onlarca y\u0131ll\u0131k ara\u015ft\u0131rmalar sonucu \u00fcretilmi\u015ftir. SCIENCE PLAN&#8217;\u0131n yeni g\u00f6r\u00fcn\u00fcm\u00fcn\u00fc siz de seveceksiniz. Baz\u0131 \u00fcr\u00fcnlerimiz yeni isimlere, yeni mama tanesi \u015fekillerine ve yeni form\u00fclasyonlara sahiptir.<br \/>\n\u0130\u00c7\u0130NDEK\u0130LER: Tavuk eti (9%) ve hindi unu (toplam k\u00fcmes hayvanlar\u0131 15%), bira &#8216;pirinci, kahverengi pirin\u00e7, m\u0131s\u0131r, m\u0131s\u0131r gluteni unu, arpa, yulaf, hayvansal ya\u011f, hidrolize protein, bitkisel ya\u011f, kurutulmu\u015f pancar k\u00fcspesi (2,5%), keten tohumu, mineraller.<br \/>\nKG BA\u015eINA KATKILAR: Besinsel katk\u0131lar: 3b103 (Demir) 76,4mg, 3b202 (\u0130yodin) 1,9mg, 3b405 (Bak\u0131r) 7,5mg, 3b502 (Manganez) 7,9mg, 3b603 (\u00c7inko) 134mg, 3b801 (Selenyum) 0,2mg; do\u011fal antioksidan ile.<br \/>\nANAL\u0130T\u0130K B\u0130LE\u015eENLER: Protein 22,6%, Ya\u011f i\u00e7eri\u011fi 14,5%, Ham sel\u00fcloz 1,7%, Omega-6 ya\u011f asitleri 3,6%, Ham k\u00fcl 5,0%, Kalsiyum 0,80%, Fosfor 0,67%, Sodyum 0,26%, Potasyum 0,64%, Magnezyum 0,09%; kg ba\u015f\u0131na: A Vitamini 10.092IU, D3 Vitamini 765IU, E Vitamini 690mg, C Vitamini 105mg, Beta-karoten 1,5mg.<br \/>\nHill&#8217;s Science Plan SENSITIVE STOMACH &#038; SKIN SMALL &#038; MINI ADULT DOG FOOD with CHICKEN 1 ya\u015f ve \u00fczeri yeti\u015fkin k\u00fc\u00e7\u00fck \u0131rk k\u00f6pekler i\u00e7in tam ve dengeli evcil hayvan mamas\u0131d\u0131r.<br \/>\nBESLEME TAL\u0130MATI: B\u00fct\u00fcn besleme talimatlar\u0131 i\u00e7in l\u00fctfen ambalaja bak\u0131n\u0131z. Mama miktar\u0131n\u0131 ideal kiloyu koruyacak \u015fekilde ayarlay\u0131n\u0131z. E\u011fer emin de\u011filseniz, veteriner hekiminize sorunuz. Bu mamay\u0131 ilk defa m\u0131 kullan\u0131yorsunuz?Eski maman\u0131n miktar\u0131n\u0131 azaltt\u0131\u011f\u0131n\u0131z, yeni maman\u0131n ise miktar\u0131n\u0131 artt\u0131rd\u0131\u011f\u0131n\u0131z bir kar\u0131\u015f\u0131m haz\u0131rlayarak kademeli \u015fekilde 7 g\u00fcn sonunda tamamen yeni mamaya ge\u00e7i\u015f yap\u0131n\u0131z. Daima temiz ve taze su bulundurunuz! Evcil hayvan\u0131n\u0131z\u0131n beslenme ihtiya\u00e7lar\u0131 ya\u015fland\u0131k\u00e7a de\u011fi\u015febilir. Her muayenede veteriner hekiminize dan\u0131\u015f\u0131n\u0131z.<\/p>","protected":false},"featured_media":44240,"comment_status":"open","ping_status":"closed","template":"","meta":{"_acf_changed":false},"product_brand":[],"product_cat":[2464],"product_tag":[],"class_list":{"0":"post-45446","1":"product","2":"type-product","3":"status-publish","4":"has-post-thumbnail","6":"product_cat-yetiskin-kopek-mamalari","8":"first","9":"instock","10":"shipping-taxable","11":"product-type-simple"},"acf":[],"yoast_head":"<!-- This site is optimized with the Yoast SEO plugin v27.5 - https:\/\/yoast.com\/product\/yoast-seo-wordpress\/ -->\n<title>Hill&#039;s SP Mide ve Deri Hassasiyeti Tavuklu K\u00fc\u00e7\u00fck ve Mini Irk Yeti\u015fkin K\u00f6pek Mamas\u0131 1.5KG - Anadolu Pet Grup<\/title>\n<meta name=\"robots\" content=\"index, follow, max-snippet:-1, max-image-preview:large, max-video-preview:-1\" \/>\n<link rel=\"canonical\" href=\"https:\/\/anadolupet.com.tr\/en\/product\/hills-sp-mide-ve-deri-hassasiyeti-tavuklu-kucuk-ve-mini-irk-yetiskin-kopek-mamasi-1-5kg\/\" \/>\n<meta property=\"og:locale\" content=\"en_US\" \/>\n<meta property=\"og:type\" content=\"article\" \/>\n<meta property=\"og:title\" content=\"Hill&#039;s SP Mide ve Deri Hassasiyeti Tavuklu K\u00fc\u00e7\u00fck ve Mini Irk Yeti\u015fkin K\u00f6pek Mamas\u0131 1.5KG - Anadolu Pet Grup\" \/>\n<meta property=\"og:description\" content=\"K\u00fc\u00e7\u00fck k\u00f6pek mamas\u0131, b\u00fcy\u00fck faydalar i\u00e7erir! Tavuklu HILL&#039;S SCIENCE PLAN Sensitive Stomach &amp; Skin Small &amp; Mini Adult k\u00f6pek mamas\u0131, k\u00fc\u00e7\u00fck k\u00f6peklerin derisini ve t\u00fcylerini beslerken onlar\u0131n sindirim sistemi sa\u011fl\u0131\u011f\u0131n\u0131 da d\u00fc\u015f\u00fcnen bir k\u00f6pek mamas\u0131d\u0131r. Hassas mideli k\u00f6pekler i\u00e7in \u00f6zel \u00fcretilen bu mama, birincil besin maddesi olarak protein i\u00e7erir ve k\u00fc\u00e7\u00fck ve minyat\u00fcr \u0131rk k\u00f6pekler i\u00e7in klinik olarak etkisi kan\u0131tlanm\u0131\u015f antioksidan sa\u011flar. Bu kuru k\u00f6pek mamas\u0131, k\u00fc\u00e7\u00fck k\u00f6peklerin ger\u00e7ekten zevk alabilece\u011fi m\u00fckemmel bir lezzete sahip olabilmesi i\u00e7in onlarca y\u0131ll\u0131k ara\u015ft\u0131rmalar sonucu \u00fcretilmi\u015ftir. SCIENCE PLAN&#039;\u0131n yeni g\u00f6r\u00fcn\u00fcm\u00fcn\u00fc siz de seveceksiniz. Baz\u0131 \u00fcr\u00fcnlerimiz yeni isimlere, yeni mama tanesi \u015fekillerine ve yeni form\u00fclasyonlara sahiptir. \u0130\u00c7\u0130NDEK\u0130LER: Tavuk eti (9%) ve hindi unu (toplam k\u00fcmes hayvanlar\u0131 15%), bira &#039;pirinci, kahverengi pirin\u00e7, m\u0131s\u0131r, m\u0131s\u0131r gluteni unu, arpa, yulaf, hayvansal ya\u011f, hidrolize protein, bitkisel ya\u011f, kurutulmu\u015f pancar k\u00fcspesi (2,5%), keten tohumu, mineraller. KG BA\u015eINA KATKILAR: Besinsel katk\u0131lar: 3b103 (Demir) 76,4mg, 3b202 (\u0130yodin) 1,9mg, 3b405 (Bak\u0131r) 7,5mg, 3b502 (Manganez) 7,9mg, 3b603 (\u00c7inko) 134mg, 3b801 (Selenyum) 0,2mg; do\u011fal antioksidan ile. ANAL\u0130T\u0130K B\u0130LE\u015eENLER: Protein 22,6%, Ya\u011f i\u00e7eri\u011fi 14,5%, Ham sel\u00fcloz 1,7%, Omega-6 ya\u011f asitleri 3,6%, Ham k\u00fcl 5,0%, Kalsiyum 0,80%, Fosfor 0,67%, Sodyum 0,26%, Potasyum 0,64%, Magnezyum 0,09%; kg ba\u015f\u0131na: A Vitamini 10.092IU, D3 Vitamini 765IU, E Vitamini 690mg, C Vitamini 105mg, Beta-karoten 1,5mg. Hill&#039;s Science Plan SENSITIVE STOMACH &amp; SKIN SMALL &amp; MINI ADULT DOG FOOD with CHICKEN 1 ya\u015f ve \u00fczeri yeti\u015fkin k\u00fc\u00e7\u00fck \u0131rk k\u00f6pekler i\u00e7in tam ve dengeli evcil hayvan mamas\u0131d\u0131r. BESLEME TAL\u0130MATI: B\u00fct\u00fcn besleme talimatlar\u0131 i\u00e7in l\u00fctfen ambalaja bak\u0131n\u0131z. Mama miktar\u0131n\u0131 ideal kiloyu koruyacak \u015fekilde ayarlay\u0131n\u0131z. E\u011fer emin de\u011filseniz, veteriner hekiminize sorunuz. Bu mamay\u0131 ilk defa m\u0131 kullan\u0131yorsunuz?Eski maman\u0131n miktar\u0131n\u0131 azaltt\u0131\u011f\u0131n\u0131z, yeni maman\u0131n ise miktar\u0131n\u0131 artt\u0131rd\u0131\u011f\u0131n\u0131z bir kar\u0131\u015f\u0131m haz\u0131rlayarak kademeli \u015fekilde 7 g\u00fcn sonunda tamamen yeni mamaya ge\u00e7i\u015f yap\u0131n\u0131z. Daima temiz ve taze su bulundurunuz! Evcil hayvan\u0131n\u0131z\u0131n beslenme ihtiya\u00e7lar\u0131 ya\u015fland\u0131k\u00e7a de\u011fi\u015febilir. Her muayenede veteriner hekiminize dan\u0131\u015f\u0131n\u0131z.\" \/>\n<meta property=\"og:url\" content=\"https:\/\/anadolupet.com.tr\/en\/product\/hills-sp-mide-ve-deri-hassasiyeti-tavuklu-kucuk-ve-mini-irk-yetiskin-kopek-mamasi-1-5kg\/\" \/>\n<meta property=\"og:site_name\" content=\"Anadolu Pet Grup\" \/>\n<meta property=\"article:modified_time\" content=\"2026-02-23T12:48:53+00:00\" \/>\n<meta property=\"og:image\" content=\"https:\/\/anadolupet.com.tr\/wp-content\/uploads\/2026\/02\/620-604247.jpg\" \/>\n\t<meta property=\"og:image:width\" content=\"750\" \/>\n\t<meta property=\"og:image:height\" content=\"750\" \/>\n\t<meta property=\"og:image:type\" content=\"image\/jpeg\" \/>\n<meta name=\"twitter:card\" content=\"summary_large_image\" \/>\n<script type=\"application\/ld+json\" class=\"yoast-schema-graph\">{\"@context\":\"https:\\\/\\\/schema.org\",\"@graph\":[{\"@type\":\"WebPage\",\"@id\":\"https:\\\/\\\/anadolupet.com.tr\\\/urun\\\/hills-sp-mide-ve-deri-hassasiyeti-tavuklu-kucuk-ve-mini-irk-yetiskin-kopek-mamasi-1-5kg\\\/\",\"url\":\"https:\\\/\\\/anadolupet.com.tr\\\/urun\\\/hills-sp-mide-ve-deri-hassasiyeti-tavuklu-kucuk-ve-mini-irk-yetiskin-kopek-mamasi-1-5kg\\\/\",\"name\":\"Hill's SP Mide ve Deri Hassasiyeti Tavuklu K\u00fc\u00e7\u00fck ve Mini Irk Yeti\u015fkin K\u00f6pek Mamas\u0131 1.5KG - Anadolu Pet Grup\",\"isPartOf\":{\"@id\":\"https:\\\/\\\/anadolupet.com.tr\\\/#website\"},\"primaryImageOfPage\":{\"@id\":\"https:\\\/\\\/anadolupet.com.tr\\\/urun\\\/hills-sp-mide-ve-deri-hassasiyeti-tavuklu-kucuk-ve-mini-irk-yetiskin-kopek-mamasi-1-5kg\\\/#primaryimage\"},\"image\":{\"@id\":\"https:\\\/\\\/anadolupet.com.tr\\\/urun\\\/hills-sp-mide-ve-deri-hassasiyeti-tavuklu-kucuk-ve-mini-irk-yetiskin-kopek-mamasi-1-5kg\\\/#primaryimage\"},\"thumbnailUrl\":\"https:\\\/\\\/anadolupet.com.tr\\\/wp-content\\\/uploads\\\/2026\\\/02\\\/620-604247.jpg\",\"datePublished\":\"2026-02-14T14:41:40+00:00\",\"dateModified\":\"2026-02-23T12:48:53+00:00\",\"breadcrumb\":{\"@id\":\"https:\\\/\\\/anadolupet.com.tr\\\/urun\\\/hills-sp-mide-ve-deri-hassasiyeti-tavuklu-kucuk-ve-mini-irk-yetiskin-kopek-mamasi-1-5kg\\\/#breadcrumb\"},\"inLanguage\":\"en-US\",\"potentialAction\":[{\"@type\":\"ReadAction\",\"target\":[\"https:\\\/\\\/anadolupet.com.tr\\\/urun\\\/hills-sp-mide-ve-deri-hassasiyeti-tavuklu-kucuk-ve-mini-irk-yetiskin-kopek-mamasi-1-5kg\\\/\"]}]},{\"@type\":\"ImageObject\",\"inLanguage\":\"en-US\",\"@id\":\"https:\\\/\\\/anadolupet.com.tr\\\/urun\\\/hills-sp-mide-ve-deri-hassasiyeti-tavuklu-kucuk-ve-mini-irk-yetiskin-kopek-mamasi-1-5kg\\\/#primaryimage\",\"url\":\"https:\\\/\\\/anadolupet.com.tr\\\/wp-content\\\/uploads\\\/2026\\\/02\\\/620-604247.jpg\",\"contentUrl\":\"https:\\\/\\\/anadolupet.com.tr\\\/wp-content\\\/uploads\\\/2026\\\/02\\\/620-604247.jpg\",\"width\":750,\"height\":750},{\"@type\":\"BreadcrumbList\",\"@id\":\"https:\\\/\\\/anadolupet.com.tr\\\/urun\\\/hills-sp-mide-ve-deri-hassasiyeti-tavuklu-kucuk-ve-mini-irk-yetiskin-kopek-mamasi-1-5kg\\\/#breadcrumb\",\"itemListElement\":[{\"@type\":\"ListItem\",\"position\":1,\"name\":\"Anasayfa\",\"item\":\"https:\\\/\\\/anadolupet.com.tr\\\/\"},{\"@type\":\"ListItem\",\"position\":2,\"name\":\"\u00dcr\u00fcnler\",\"item\":\"https:\\\/\\\/anadolupet.com.tr\\\/urunler\\\/\"},{\"@type\":\"ListItem\",\"position\":3,\"name\":\"Hill&#8217;s SP Mide ve Deri Hassasiyeti Tavuklu K\u00fc\u00e7\u00fck ve Mini Irk Yeti\u015fkin K\u00f6pek Mamas\u0131 1.5KG\"}]},{\"@type\":\"WebSite\",\"@id\":\"https:\\\/\\\/anadolupet.com.tr\\\/#website\",\"url\":\"https:\\\/\\\/anadolupet.com.tr\\\/\",\"name\":\"Anadolu Pet Grup\",\"description\":\"Her Can\u0131n \u0130yi Ya\u015fam\u0131 \u0130\u00e7in Biraraday\u0131z\",\"publisher\":{\"@id\":\"https:\\\/\\\/anadolupet.com.tr\\\/#organization\"},\"potentialAction\":[{\"@type\":\"SearchAction\",\"target\":{\"@type\":\"EntryPoint\",\"urlTemplate\":\"https:\\\/\\\/anadolupet.com.tr\\\/?s={search_term_string}\"},\"query-input\":{\"@type\":\"PropertyValueSpecification\",\"valueRequired\":true,\"valueName\":\"search_term_string\"}}],\"inLanguage\":\"en-US\"},{\"@type\":\"Organization\",\"@id\":\"https:\\\/\\\/anadolupet.com.tr\\\/#organization\",\"name\":\"Anadolu Pet Grup\",\"alternateName\":\"Anadolu Pet\",\"url\":\"https:\\\/\\\/anadolupet.com.tr\\\/\",\"logo\":{\"@type\":\"ImageObject\",\"inLanguage\":\"en-US\",\"@id\":\"https:\\\/\\\/anadolupet.com.tr\\\/#\\\/schema\\\/logo\\\/image\\\/\",\"url\":\"https:\\\/\\\/anadolupet.com.tr\\\/wp-content\\\/uploads\\\/2026\\\/03\\\/1614666743370.jpg\",\"contentUrl\":\"https:\\\/\\\/anadolupet.com.tr\\\/wp-content\\\/uploads\\\/2026\\\/03\\\/1614666743370.jpg\",\"width\":800,\"height\":571,\"caption\":\"Anadolu Pet Grup\"},\"image\":{\"@id\":\"https:\\\/\\\/anadolupet.com.tr\\\/#\\\/schema\\\/logo\\\/image\\\/\"}}]}<\/script>\n<!-- \/ Yoast SEO plugin. -->","yoast_head_json":{"title":"Hill's SP Mide ve Deri Hassasiyeti Tavuklu K\u00fc\u00e7\u00fck ve Mini Irk Yeti\u015fkin K\u00f6pek Mamas\u0131 1.5KG - Anadolu Pet Grup","robots":{"index":"index","follow":"follow","max-snippet":"max-snippet:-1","max-image-preview":"max-image-preview:large","max-video-preview":"max-video-preview:-1"},"canonical":"https:\/\/anadolupet.com.tr\/en\/product\/hills-sp-mide-ve-deri-hassasiyeti-tavuklu-kucuk-ve-mini-irk-yetiskin-kopek-mamasi-1-5kg\/","og_locale":"en_US","og_type":"article","og_title":"Hill's SP Mide ve Deri Hassasiyeti Tavuklu K\u00fc\u00e7\u00fck ve Mini Irk Yeti\u015fkin K\u00f6pek Mamas\u0131 1.5KG - Anadolu Pet Grup","og_description":"K\u00fc\u00e7\u00fck k\u00f6pek mamas\u0131, b\u00fcy\u00fck faydalar i\u00e7erir! Tavuklu HILL'S SCIENCE PLAN Sensitive Stomach & Skin Small & Mini Adult k\u00f6pek mamas\u0131, k\u00fc\u00e7\u00fck k\u00f6peklerin derisini ve t\u00fcylerini beslerken onlar\u0131n sindirim sistemi sa\u011fl\u0131\u011f\u0131n\u0131 da d\u00fc\u015f\u00fcnen bir k\u00f6pek mamas\u0131d\u0131r. Hassas mideli k\u00f6pekler i\u00e7in \u00f6zel \u00fcretilen bu mama, birincil besin maddesi olarak protein i\u00e7erir ve k\u00fc\u00e7\u00fck ve minyat\u00fcr \u0131rk k\u00f6pekler i\u00e7in klinik olarak etkisi kan\u0131tlanm\u0131\u015f antioksidan sa\u011flar. Bu kuru k\u00f6pek mamas\u0131, k\u00fc\u00e7\u00fck k\u00f6peklerin ger\u00e7ekten zevk alabilece\u011fi m\u00fckemmel bir lezzete sahip olabilmesi i\u00e7in onlarca y\u0131ll\u0131k ara\u015ft\u0131rmalar sonucu \u00fcretilmi\u015ftir. SCIENCE PLAN'\u0131n yeni g\u00f6r\u00fcn\u00fcm\u00fcn\u00fc siz de seveceksiniz. Baz\u0131 \u00fcr\u00fcnlerimiz yeni isimlere, yeni mama tanesi \u015fekillerine ve yeni form\u00fclasyonlara sahiptir. \u0130\u00c7\u0130NDEK\u0130LER: Tavuk eti (9%) ve hindi unu (toplam k\u00fcmes hayvanlar\u0131 15%), bira 'pirinci, kahverengi pirin\u00e7, m\u0131s\u0131r, m\u0131s\u0131r gluteni unu, arpa, yulaf, hayvansal ya\u011f, hidrolize protein, bitkisel ya\u011f, kurutulmu\u015f pancar k\u00fcspesi (2,5%), keten tohumu, mineraller. KG BA\u015eINA KATKILAR: Besinsel katk\u0131lar: 3b103 (Demir) 76,4mg, 3b202 (\u0130yodin) 1,9mg, 3b405 (Bak\u0131r) 7,5mg, 3b502 (Manganez) 7,9mg, 3b603 (\u00c7inko) 134mg, 3b801 (Selenyum) 0,2mg; do\u011fal antioksidan ile. ANAL\u0130T\u0130K B\u0130LE\u015eENLER: Protein 22,6%, Ya\u011f i\u00e7eri\u011fi 14,5%, Ham sel\u00fcloz 1,7%, Omega-6 ya\u011f asitleri 3,6%, Ham k\u00fcl 5,0%, Kalsiyum 0,80%, Fosfor 0,67%, Sodyum 0,26%, Potasyum 0,64%, Magnezyum 0,09%; kg ba\u015f\u0131na: A Vitamini 10.092IU, D3 Vitamini 765IU, E Vitamini 690mg, C Vitamini 105mg, Beta-karoten 1,5mg. Hill's Science Plan SENSITIVE STOMACH & SKIN SMALL & MINI ADULT DOG FOOD with CHICKEN 1 ya\u015f ve \u00fczeri yeti\u015fkin k\u00fc\u00e7\u00fck \u0131rk k\u00f6pekler i\u00e7in tam ve dengeli evcil hayvan mamas\u0131d\u0131r. BESLEME TAL\u0130MATI: B\u00fct\u00fcn besleme talimatlar\u0131 i\u00e7in l\u00fctfen ambalaja bak\u0131n\u0131z. Mama miktar\u0131n\u0131 ideal kiloyu koruyacak \u015fekilde ayarlay\u0131n\u0131z. E\u011fer emin de\u011filseniz, veteriner hekiminize sorunuz. Bu mamay\u0131 ilk defa m\u0131 kullan\u0131yorsunuz?Eski maman\u0131n miktar\u0131n\u0131 azaltt\u0131\u011f\u0131n\u0131z, yeni maman\u0131n ise miktar\u0131n\u0131 artt\u0131rd\u0131\u011f\u0131n\u0131z bir kar\u0131\u015f\u0131m haz\u0131rlayarak kademeli \u015fekilde 7 g\u00fcn sonunda tamamen yeni mamaya ge\u00e7i\u015f yap\u0131n\u0131z. Daima temiz ve taze su bulundurunuz! Evcil hayvan\u0131n\u0131z\u0131n beslenme ihtiya\u00e7lar\u0131 ya\u015fland\u0131k\u00e7a de\u011fi\u015febilir. Her muayenede veteriner hekiminize dan\u0131\u015f\u0131n\u0131z.","og_url":"https:\/\/anadolupet.com.tr\/en\/product\/hills-sp-mide-ve-deri-hassasiyeti-tavuklu-kucuk-ve-mini-irk-yetiskin-kopek-mamasi-1-5kg\/","og_site_name":"Anadolu Pet Grup","article_modified_time":"2026-02-23T12:48:53+00:00","og_image":[{"width":750,"height":750,"url":"https:\/\/anadolupet.com.tr\/wp-content\/uploads\/2026\/02\/620-604247.jpg","type":"image\/jpeg"}],"twitter_card":"summary_large_image","schema":{"@context":"https:\/\/schema.org","@graph":[{"@type":"WebPage","@id":"https:\/\/anadolupet.com.tr\/urun\/hills-sp-mide-ve-deri-hassasiyeti-tavuklu-kucuk-ve-mini-irk-yetiskin-kopek-mamasi-1-5kg\/","url":"https:\/\/anadolupet.com.tr\/urun\/hills-sp-mide-ve-deri-hassasiyeti-tavuklu-kucuk-ve-mini-irk-yetiskin-kopek-mamasi-1-5kg\/","name":"Hill's SP Mide ve Deri Hassasiyeti Tavuklu K\u00fc\u00e7\u00fck ve Mini Irk Yeti\u015fkin K\u00f6pek Mamas\u0131 1.5KG - Anadolu Pet Grup","isPartOf":{"@id":"https:\/\/anadolupet.com.tr\/#website"},"primaryImageOfPage":{"@id":"https:\/\/anadolupet.com.tr\/urun\/hills-sp-mide-ve-deri-hassasiyeti-tavuklu-kucuk-ve-mini-irk-yetiskin-kopek-mamasi-1-5kg\/#primaryimage"},"image":{"@id":"https:\/\/anadolupet.com.tr\/urun\/hills-sp-mide-ve-deri-hassasiyeti-tavuklu-kucuk-ve-mini-irk-yetiskin-kopek-mamasi-1-5kg\/#primaryimage"},"thumbnailUrl":"https:\/\/anadolupet.com.tr\/wp-content\/uploads\/2026\/02\/620-604247.jpg","datePublished":"2026-02-14T14:41:40+00:00","dateModified":"2026-02-23T12:48:53+00:00","breadcrumb":{"@id":"https:\/\/anadolupet.com.tr\/urun\/hills-sp-mide-ve-deri-hassasiyeti-tavuklu-kucuk-ve-mini-irk-yetiskin-kopek-mamasi-1-5kg\/#breadcrumb"},"inLanguage":"en-US","potentialAction":[{"@type":"ReadAction","target":["https:\/\/anadolupet.com.tr\/urun\/hills-sp-mide-ve-deri-hassasiyeti-tavuklu-kucuk-ve-mini-irk-yetiskin-kopek-mamasi-1-5kg\/"]}]},{"@type":"ImageObject","inLanguage":"en-US","@id":"https:\/\/anadolupet.com.tr\/urun\/hills-sp-mide-ve-deri-hassasiyeti-tavuklu-kucuk-ve-mini-irk-yetiskin-kopek-mamasi-1-5kg\/#primaryimage","url":"https:\/\/anadolupet.com.tr\/wp-content\/uploads\/2026\/02\/620-604247.jpg","contentUrl":"https:\/\/anadolupet.com.tr\/wp-content\/uploads\/2026\/02\/620-604247.jpg","width":750,"height":750},{"@type":"BreadcrumbList","@id":"https:\/\/anadolupet.com.tr\/urun\/hills-sp-mide-ve-deri-hassasiyeti-tavuklu-kucuk-ve-mini-irk-yetiskin-kopek-mamasi-1-5kg\/#breadcrumb","itemListElement":[{"@type":"ListItem","position":1,"name":"Anasayfa","item":"https:\/\/anadolupet.com.tr\/"},{"@type":"ListItem","position":2,"name":"\u00dcr\u00fcnler","item":"https:\/\/anadolupet.com.tr\/urunler\/"},{"@type":"ListItem","position":3,"name":"Hill&#8217;s SP Mide ve Deri Hassasiyeti Tavuklu K\u00fc\u00e7\u00fck ve Mini Irk Yeti\u015fkin K\u00f6pek Mamas\u0131 1.5KG"}]},{"@type":"WebSite","@id":"https:\/\/anadolupet.com.tr\/#website","url":"https:\/\/anadolupet.com.tr\/","name":"Anadolu Pet Group","description":"We Stand Together for the Well-Being of Every Life","publisher":{"@id":"https:\/\/anadolupet.com.tr\/#organization"},"potentialAction":[{"@type":"SearchAction","target":{"@type":"EntryPoint","urlTemplate":"https:\/\/anadolupet.com.tr\/?s={search_term_string}"},"query-input":{"@type":"PropertyValueSpecification","valueRequired":true,"valueName":"search_term_string"}}],"inLanguage":"en-US"},{"@type":"Organization","@id":"https:\/\/anadolupet.com.tr\/#organization","name":"Anadolu Pet Group","alternateName":"Anadolu Pet","url":"https:\/\/anadolupet.com.tr\/","logo":{"@type":"ImageObject","inLanguage":"en-US","@id":"https:\/\/anadolupet.com.tr\/#\/schema\/logo\/image\/","url":"https:\/\/anadolupet.com.tr\/wp-content\/uploads\/2026\/03\/1614666743370.jpg","contentUrl":"https:\/\/anadolupet.com.tr\/wp-content\/uploads\/2026\/03\/1614666743370.jpg","width":800,"height":571,"caption":"Anadolu Pet Grup"},"image":{"@id":"https:\/\/anadolupet.com.tr\/#\/schema\/logo\/image\/"}}]}},"_links":{"self":[{"href":"https:\/\/anadolupet.com.tr\/en\/wp-json\/wp\/v2\/product\/45446","targetHints":{"allow":["GET"]}}],"collection":[{"href":"https:\/\/anadolupet.com.tr\/en\/wp-json\/wp\/v2\/product"}],"about":[{"href":"https:\/\/anadolupet.com.tr\/en\/wp-json\/wp\/v2\/types\/product"}],"replies":[{"embeddable":true,"href":"https:\/\/anadolupet.com.tr\/en\/wp-json\/wp\/v2\/comments?post=45446"}],"wp:featuredmedia":[{"embeddable":true,"href":"https:\/\/anadolupet.com.tr\/en\/wp-json\/wp\/v2\/media\/44240"}],"wp:attachment":[{"href":"https:\/\/anadolupet.com.tr\/en\/wp-json\/wp\/v2\/media?parent=45446"}],"wp:term":[{"taxonomy":"product_brand","embeddable":true,"href":"https:\/\/anadolupet.com.tr\/en\/wp-json\/wp\/v2\/product_brand?post=45446"},{"taxonomy":"product_cat","embeddable":true,"href":"https:\/\/anadolupet.com.tr\/en\/wp-json\/wp\/v2\/product_cat?post=45446"},{"taxonomy":"product_tag","embeddable":true,"href":"https:\/\/anadolupet.com.tr\/en\/wp-json\/wp\/v2\/product_tag?post=45446"}],"curies":[{"name":"wp","href":"https:\/\/api.w.org\/{rel}","templated":true}]}}