{"id":45447,"date":"2026-02-14T14:41:40","date_gmt":"2026-02-14T14:41:40","guid":{"rendered":"https:\/\/anadolupet.com.tr\/?post_type=product&#038;p=45447"},"modified":"2026-02-23T12:48:54","modified_gmt":"2026-02-23T12:48:54","slug":"hills-sp-mide-ve-deri-hassasiyeti-tavuklu-orta-ve-buyuk-irk-yetiskin-kopek-mamasi-14kg","status":"publish","type":"product","link":"https:\/\/anadolupet.com.tr\/en\/urun\/hills-sp-mide-ve-deri-hassasiyeti-tavuklu-orta-ve-buyuk-irk-yetiskin-kopek-mamasi-14kg\/","title":{"rendered":"Hill&#8217;s SP Mide ve Deri Hassasiyeti Tavuklu Orta ve B\u00fcy\u00fck Irk Yeti\u015fkin K\u00f6pek Mamas\u0131 14KG"},"content":{"rendered":"","protected":false},"excerpt":{"rendered":"<p>Yeti\u015fkin k\u00f6pe\u011finiz g\u00f6r\u00fcnd\u00fc\u011f\u00fc kadar kendini iyi de hissetmek istiyor. Tavuklu HILL&#8217;S SCIENCE PLAN Sensitive Stomach &#038; Skin Adult k\u00f6pek mamas\u0131, sindirim sistemi sa\u011fl\u0131\u011f\u0131 i\u00e7in \u00f6zel olarak form\u00fcle edilmi\u015ftir. Hassas midelere \u00f6zel bu k\u00f6pek mamas\u0131, barsak bakterilerini beslemek ve dengeli bir mikrobiyomu desteklemek i\u00e7in prebiyotik lifler i\u00e7erir. Ek olarak, bu kuru k\u00f6pek mamas\u0131, k\u00f6pe\u011finizin derisini beslemek, sa\u011fl\u0131kl\u0131 ve parlak t\u00fcylerin olu\u015fumunu desteklemeye yard\u0131mc\u0131 olabilmek i\u00e7in m\u00fckemmel bir E vitamini ve Omega-6 ya\u011f asidi kayna\u011f\u0131 i\u00e7erir. Sindirim sistemine \u00f6zel bu k\u00f6pek mamas\u0131, yeti\u015fkin k\u00f6peklerin ger\u00e7ekten zevk alabilece\u011fi m\u00fckemmel bir lezzete sahip olabilmek i\u00e7in onlarca y\u0131ll\u0131k ara\u015ft\u0131rmalar sonucu \u00fcretilmi\u015ftir. SCIENCE PLAN&#8217;\u0131n yeni g\u00f6r\u00fcn\u00fcm\u00fcn\u00fc siz de seveceksiniz. Baz\u0131 \u00fcr\u00fcnlerimiz yeni isimlere, yeni mama tanesi \u015fekillerine ve yeni form\u00fclasyonlara sahiptir.<\/p>","protected":false},"featured_media":44263,"comment_status":"open","ping_status":"closed","template":"","meta":{"_acf_changed":false},"product_brand":[],"product_cat":[2464],"product_tag":[],"class_list":{"0":"post-45447","1":"product","2":"type-product","3":"status-publish","4":"has-post-thumbnail","6":"product_cat-yetiskin-kopek-mamalari","8":"first","9":"instock","10":"shipping-taxable","11":"product-type-simple"},"acf":[],"yoast_head":"<!-- This site is optimized with the Yoast SEO plugin v27.5 - https:\/\/yoast.com\/product\/yoast-seo-wordpress\/ -->\n<title>Hill&#039;s SP Mide ve Deri Hassasiyeti Tavuklu Orta ve B\u00fcy\u00fck Irk Yeti\u015fkin K\u00f6pek Mamas\u0131 14KG - Anadolu Pet Grup<\/title>\n<meta name=\"robots\" content=\"index, follow, max-snippet:-1, max-image-preview:large, max-video-preview:-1\" \/>\n<link rel=\"canonical\" href=\"https:\/\/anadolupet.com.tr\/en\/product\/hills-sp-mide-ve-deri-hassasiyeti-tavuklu-orta-ve-buyuk-irk-yetiskin-kopek-mamasi-14kg\/\" \/>\n<meta property=\"og:locale\" content=\"en_US\" \/>\n<meta property=\"og:type\" content=\"article\" \/>\n<meta property=\"og:title\" content=\"Hill&#039;s SP Mide ve Deri Hassasiyeti Tavuklu Orta ve B\u00fcy\u00fck Irk Yeti\u015fkin K\u00f6pek Mamas\u0131 14KG - Anadolu Pet Grup\" \/>\n<meta property=\"og:description\" content=\"Yeti\u015fkin k\u00f6pe\u011finiz g\u00f6r\u00fcnd\u00fc\u011f\u00fc kadar kendini iyi de hissetmek istiyor. Tavuklu HILL&#039;S SCIENCE PLAN Sensitive Stomach &amp; Skin Adult k\u00f6pek mamas\u0131, sindirim sistemi sa\u011fl\u0131\u011f\u0131 i\u00e7in \u00f6zel olarak form\u00fcle edilmi\u015ftir. Hassas midelere \u00f6zel bu k\u00f6pek mamas\u0131, barsak bakterilerini beslemek ve dengeli bir mikrobiyomu desteklemek i\u00e7in prebiyotik lifler i\u00e7erir. Ek olarak, bu kuru k\u00f6pek mamas\u0131, k\u00f6pe\u011finizin derisini beslemek, sa\u011fl\u0131kl\u0131 ve parlak t\u00fcylerin olu\u015fumunu desteklemeye yard\u0131mc\u0131 olabilmek i\u00e7in m\u00fckemmel bir E vitamini ve Omega-6 ya\u011f asidi kayna\u011f\u0131 i\u00e7erir. Sindirim sistemine \u00f6zel bu k\u00f6pek mamas\u0131, yeti\u015fkin k\u00f6peklerin ger\u00e7ekten zevk alabilece\u011fi m\u00fckemmel bir lezzete sahip olabilmek i\u00e7in onlarca y\u0131ll\u0131k ara\u015ft\u0131rmalar sonucu \u00fcretilmi\u015ftir. SCIENCE PLAN&#039;\u0131n yeni g\u00f6r\u00fcn\u00fcm\u00fcn\u00fc siz de seveceksiniz. Baz\u0131 \u00fcr\u00fcnlerimiz yeni isimlere, yeni mama tanesi \u015fekillerine ve yeni form\u00fclasyonlara sahiptir.\" \/>\n<meta property=\"og:url\" content=\"https:\/\/anadolupet.com.tr\/en\/product\/hills-sp-mide-ve-deri-hassasiyeti-tavuklu-orta-ve-buyuk-irk-yetiskin-kopek-mamasi-14kg\/\" \/>\n<meta property=\"og:site_name\" content=\"Anadolu Pet Grup\" \/>\n<meta property=\"article:modified_time\" content=\"2026-02-23T12:48:54+00:00\" \/>\n<meta property=\"og:image\" content=\"https:\/\/anadolupet.com.tr\/wp-content\/uploads\/2026\/02\/620-604385.jpg\" \/>\n\t<meta property=\"og:image:width\" content=\"750\" \/>\n\t<meta property=\"og:image:height\" content=\"750\" \/>\n\t<meta property=\"og:image:type\" content=\"image\/jpeg\" \/>\n<meta name=\"twitter:card\" content=\"summary_large_image\" \/>\n<script type=\"application\/ld+json\" class=\"yoast-schema-graph\">{\"@context\":\"https:\\\/\\\/schema.org\",\"@graph\":[{\"@type\":\"WebPage\",\"@id\":\"https:\\\/\\\/anadolupet.com.tr\\\/urun\\\/hills-sp-mide-ve-deri-hassasiyeti-tavuklu-orta-ve-buyuk-irk-yetiskin-kopek-mamasi-14kg\\\/\",\"url\":\"https:\\\/\\\/anadolupet.com.tr\\\/urun\\\/hills-sp-mide-ve-deri-hassasiyeti-tavuklu-orta-ve-buyuk-irk-yetiskin-kopek-mamasi-14kg\\\/\",\"name\":\"Hill's SP Mide ve Deri Hassasiyeti Tavuklu Orta ve B\u00fcy\u00fck Irk Yeti\u015fkin K\u00f6pek Mamas\u0131 14KG - Anadolu Pet Grup\",\"isPartOf\":{\"@id\":\"https:\\\/\\\/anadolupet.com.tr\\\/#website\"},\"primaryImageOfPage\":{\"@id\":\"https:\\\/\\\/anadolupet.com.tr\\\/urun\\\/hills-sp-mide-ve-deri-hassasiyeti-tavuklu-orta-ve-buyuk-irk-yetiskin-kopek-mamasi-14kg\\\/#primaryimage\"},\"image\":{\"@id\":\"https:\\\/\\\/anadolupet.com.tr\\\/urun\\\/hills-sp-mide-ve-deri-hassasiyeti-tavuklu-orta-ve-buyuk-irk-yetiskin-kopek-mamasi-14kg\\\/#primaryimage\"},\"thumbnailUrl\":\"https:\\\/\\\/anadolupet.com.tr\\\/wp-content\\\/uploads\\\/2026\\\/02\\\/620-604385.jpg\",\"datePublished\":\"2026-02-14T14:41:40+00:00\",\"dateModified\":\"2026-02-23T12:48:54+00:00\",\"breadcrumb\":{\"@id\":\"https:\\\/\\\/anadolupet.com.tr\\\/urun\\\/hills-sp-mide-ve-deri-hassasiyeti-tavuklu-orta-ve-buyuk-irk-yetiskin-kopek-mamasi-14kg\\\/#breadcrumb\"},\"inLanguage\":\"en-US\",\"potentialAction\":[{\"@type\":\"ReadAction\",\"target\":[\"https:\\\/\\\/anadolupet.com.tr\\\/urun\\\/hills-sp-mide-ve-deri-hassasiyeti-tavuklu-orta-ve-buyuk-irk-yetiskin-kopek-mamasi-14kg\\\/\"]}]},{\"@type\":\"ImageObject\",\"inLanguage\":\"en-US\",\"@id\":\"https:\\\/\\\/anadolupet.com.tr\\\/urun\\\/hills-sp-mide-ve-deri-hassasiyeti-tavuklu-orta-ve-buyuk-irk-yetiskin-kopek-mamasi-14kg\\\/#primaryimage\",\"url\":\"https:\\\/\\\/anadolupet.com.tr\\\/wp-content\\\/uploads\\\/2026\\\/02\\\/620-604385.jpg\",\"contentUrl\":\"https:\\\/\\\/anadolupet.com.tr\\\/wp-content\\\/uploads\\\/2026\\\/02\\\/620-604385.jpg\",\"width\":750,\"height\":750},{\"@type\":\"BreadcrumbList\",\"@id\":\"https:\\\/\\\/anadolupet.com.tr\\\/urun\\\/hills-sp-mide-ve-deri-hassasiyeti-tavuklu-orta-ve-buyuk-irk-yetiskin-kopek-mamasi-14kg\\\/#breadcrumb\",\"itemListElement\":[{\"@type\":\"ListItem\",\"position\":1,\"name\":\"Anasayfa\",\"item\":\"https:\\\/\\\/anadolupet.com.tr\\\/\"},{\"@type\":\"ListItem\",\"position\":2,\"name\":\"\u00dcr\u00fcnler\",\"item\":\"https:\\\/\\\/anadolupet.com.tr\\\/urunler\\\/\"},{\"@type\":\"ListItem\",\"position\":3,\"name\":\"Hill&#8217;s SP Mide ve Deri Hassasiyeti Tavuklu Orta ve B\u00fcy\u00fck Irk Yeti\u015fkin K\u00f6pek Mamas\u0131 14KG\"}]},{\"@type\":\"WebSite\",\"@id\":\"https:\\\/\\\/anadolupet.com.tr\\\/#website\",\"url\":\"https:\\\/\\\/anadolupet.com.tr\\\/\",\"name\":\"Anadolu Pet Grup\",\"description\":\"Her Can\u0131n \u0130yi Ya\u015fam\u0131 \u0130\u00e7in Biraraday\u0131z\",\"publisher\":{\"@id\":\"https:\\\/\\\/anadolupet.com.tr\\\/#organization\"},\"potentialAction\":[{\"@type\":\"SearchAction\",\"target\":{\"@type\":\"EntryPoint\",\"urlTemplate\":\"https:\\\/\\\/anadolupet.com.tr\\\/?s={search_term_string}\"},\"query-input\":{\"@type\":\"PropertyValueSpecification\",\"valueRequired\":true,\"valueName\":\"search_term_string\"}}],\"inLanguage\":\"en-US\"},{\"@type\":\"Organization\",\"@id\":\"https:\\\/\\\/anadolupet.com.tr\\\/#organization\",\"name\":\"Anadolu Pet Grup\",\"alternateName\":\"Anadolu Pet\",\"url\":\"https:\\\/\\\/anadolupet.com.tr\\\/\",\"logo\":{\"@type\":\"ImageObject\",\"inLanguage\":\"en-US\",\"@id\":\"https:\\\/\\\/anadolupet.com.tr\\\/#\\\/schema\\\/logo\\\/image\\\/\",\"url\":\"https:\\\/\\\/anadolupet.com.tr\\\/wp-content\\\/uploads\\\/2026\\\/03\\\/1614666743370.jpg\",\"contentUrl\":\"https:\\\/\\\/anadolupet.com.tr\\\/wp-content\\\/uploads\\\/2026\\\/03\\\/1614666743370.jpg\",\"width\":800,\"height\":571,\"caption\":\"Anadolu Pet Grup\"},\"image\":{\"@id\":\"https:\\\/\\\/anadolupet.com.tr\\\/#\\\/schema\\\/logo\\\/image\\\/\"}}]}<\/script>\n<!-- \/ Yoast SEO plugin. -->","yoast_head_json":{"title":"Hill's SP Mide ve Deri Hassasiyeti Tavuklu Orta ve B\u00fcy\u00fck Irk Yeti\u015fkin K\u00f6pek Mamas\u0131 14KG - Anadolu Pet Grup","robots":{"index":"index","follow":"follow","max-snippet":"max-snippet:-1","max-image-preview":"max-image-preview:large","max-video-preview":"max-video-preview:-1"},"canonical":"https:\/\/anadolupet.com.tr\/en\/product\/hills-sp-mide-ve-deri-hassasiyeti-tavuklu-orta-ve-buyuk-irk-yetiskin-kopek-mamasi-14kg\/","og_locale":"en_US","og_type":"article","og_title":"Hill's SP Mide ve Deri Hassasiyeti Tavuklu Orta ve B\u00fcy\u00fck Irk Yeti\u015fkin K\u00f6pek Mamas\u0131 14KG - Anadolu Pet Grup","og_description":"Yeti\u015fkin k\u00f6pe\u011finiz g\u00f6r\u00fcnd\u00fc\u011f\u00fc kadar kendini iyi de hissetmek istiyor. Tavuklu HILL'S SCIENCE PLAN Sensitive Stomach & Skin Adult k\u00f6pek mamas\u0131, sindirim sistemi sa\u011fl\u0131\u011f\u0131 i\u00e7in \u00f6zel olarak form\u00fcle edilmi\u015ftir. Hassas midelere \u00f6zel bu k\u00f6pek mamas\u0131, barsak bakterilerini beslemek ve dengeli bir mikrobiyomu desteklemek i\u00e7in prebiyotik lifler i\u00e7erir. Ek olarak, bu kuru k\u00f6pek mamas\u0131, k\u00f6pe\u011finizin derisini beslemek, sa\u011fl\u0131kl\u0131 ve parlak t\u00fcylerin olu\u015fumunu desteklemeye yard\u0131mc\u0131 olabilmek i\u00e7in m\u00fckemmel bir E vitamini ve Omega-6 ya\u011f asidi kayna\u011f\u0131 i\u00e7erir. Sindirim sistemine \u00f6zel bu k\u00f6pek mamas\u0131, yeti\u015fkin k\u00f6peklerin ger\u00e7ekten zevk alabilece\u011fi m\u00fckemmel bir lezzete sahip olabilmek i\u00e7in onlarca y\u0131ll\u0131k ara\u015ft\u0131rmalar sonucu \u00fcretilmi\u015ftir. SCIENCE PLAN'\u0131n yeni g\u00f6r\u00fcn\u00fcm\u00fcn\u00fc siz de seveceksiniz. Baz\u0131 \u00fcr\u00fcnlerimiz yeni isimlere, yeni mama tanesi \u015fekillerine ve yeni form\u00fclasyonlara sahiptir.","og_url":"https:\/\/anadolupet.com.tr\/en\/product\/hills-sp-mide-ve-deri-hassasiyeti-tavuklu-orta-ve-buyuk-irk-yetiskin-kopek-mamasi-14kg\/","og_site_name":"Anadolu Pet Grup","article_modified_time":"2026-02-23T12:48:54+00:00","og_image":[{"width":750,"height":750,"url":"https:\/\/anadolupet.com.tr\/wp-content\/uploads\/2026\/02\/620-604385.jpg","type":"image\/jpeg"}],"twitter_card":"summary_large_image","schema":{"@context":"https:\/\/schema.org","@graph":[{"@type":"WebPage","@id":"https:\/\/anadolupet.com.tr\/urun\/hills-sp-mide-ve-deri-hassasiyeti-tavuklu-orta-ve-buyuk-irk-yetiskin-kopek-mamasi-14kg\/","url":"https:\/\/anadolupet.com.tr\/urun\/hills-sp-mide-ve-deri-hassasiyeti-tavuklu-orta-ve-buyuk-irk-yetiskin-kopek-mamasi-14kg\/","name":"Hill's SP Mide ve Deri Hassasiyeti Tavuklu Orta ve B\u00fcy\u00fck Irk Yeti\u015fkin K\u00f6pek Mamas\u0131 14KG - Anadolu Pet Grup","isPartOf":{"@id":"https:\/\/anadolupet.com.tr\/#website"},"primaryImageOfPage":{"@id":"https:\/\/anadolupet.com.tr\/urun\/hills-sp-mide-ve-deri-hassasiyeti-tavuklu-orta-ve-buyuk-irk-yetiskin-kopek-mamasi-14kg\/#primaryimage"},"image":{"@id":"https:\/\/anadolupet.com.tr\/urun\/hills-sp-mide-ve-deri-hassasiyeti-tavuklu-orta-ve-buyuk-irk-yetiskin-kopek-mamasi-14kg\/#primaryimage"},"thumbnailUrl":"https:\/\/anadolupet.com.tr\/wp-content\/uploads\/2026\/02\/620-604385.jpg","datePublished":"2026-02-14T14:41:40+00:00","dateModified":"2026-02-23T12:48:54+00:00","breadcrumb":{"@id":"https:\/\/anadolupet.com.tr\/urun\/hills-sp-mide-ve-deri-hassasiyeti-tavuklu-orta-ve-buyuk-irk-yetiskin-kopek-mamasi-14kg\/#breadcrumb"},"inLanguage":"en-US","potentialAction":[{"@type":"ReadAction","target":["https:\/\/anadolupet.com.tr\/urun\/hills-sp-mide-ve-deri-hassasiyeti-tavuklu-orta-ve-buyuk-irk-yetiskin-kopek-mamasi-14kg\/"]}]},{"@type":"ImageObject","inLanguage":"en-US","@id":"https:\/\/anadolupet.com.tr\/urun\/hills-sp-mide-ve-deri-hassasiyeti-tavuklu-orta-ve-buyuk-irk-yetiskin-kopek-mamasi-14kg\/#primaryimage","url":"https:\/\/anadolupet.com.tr\/wp-content\/uploads\/2026\/02\/620-604385.jpg","contentUrl":"https:\/\/anadolupet.com.tr\/wp-content\/uploads\/2026\/02\/620-604385.jpg","width":750,"height":750},{"@type":"BreadcrumbList","@id":"https:\/\/anadolupet.com.tr\/urun\/hills-sp-mide-ve-deri-hassasiyeti-tavuklu-orta-ve-buyuk-irk-yetiskin-kopek-mamasi-14kg\/#breadcrumb","itemListElement":[{"@type":"ListItem","position":1,"name":"Anasayfa","item":"https:\/\/anadolupet.com.tr\/"},{"@type":"ListItem","position":2,"name":"\u00dcr\u00fcnler","item":"https:\/\/anadolupet.com.tr\/urunler\/"},{"@type":"ListItem","position":3,"name":"Hill&#8217;s SP Mide ve Deri Hassasiyeti Tavuklu Orta ve B\u00fcy\u00fck Irk Yeti\u015fkin K\u00f6pek Mamas\u0131 14KG"}]},{"@type":"WebSite","@id":"https:\/\/anadolupet.com.tr\/#website","url":"https:\/\/anadolupet.com.tr\/","name":"Anadolu Pet Group","description":"We Stand Together for the Well-Being of Every Life","publisher":{"@id":"https:\/\/anadolupet.com.tr\/#organization"},"potentialAction":[{"@type":"SearchAction","target":{"@type":"EntryPoint","urlTemplate":"https:\/\/anadolupet.com.tr\/?s={search_term_string}"},"query-input":{"@type":"PropertyValueSpecification","valueRequired":true,"valueName":"search_term_string"}}],"inLanguage":"en-US"},{"@type":"Organization","@id":"https:\/\/anadolupet.com.tr\/#organization","name":"Anadolu Pet Group","alternateName":"Anadolu Pet","url":"https:\/\/anadolupet.com.tr\/","logo":{"@type":"ImageObject","inLanguage":"en-US","@id":"https:\/\/anadolupet.com.tr\/#\/schema\/logo\/image\/","url":"https:\/\/anadolupet.com.tr\/wp-content\/uploads\/2026\/03\/1614666743370.jpg","contentUrl":"https:\/\/anadolupet.com.tr\/wp-content\/uploads\/2026\/03\/1614666743370.jpg","width":800,"height":571,"caption":"Anadolu Pet Grup"},"image":{"@id":"https:\/\/anadolupet.com.tr\/#\/schema\/logo\/image\/"}}]}},"_links":{"self":[{"href":"https:\/\/anadolupet.com.tr\/en\/wp-json\/wp\/v2\/product\/45447","targetHints":{"allow":["GET"]}}],"collection":[{"href":"https:\/\/anadolupet.com.tr\/en\/wp-json\/wp\/v2\/product"}],"about":[{"href":"https:\/\/anadolupet.com.tr\/en\/wp-json\/wp\/v2\/types\/product"}],"replies":[{"embeddable":true,"href":"https:\/\/anadolupet.com.tr\/en\/wp-json\/wp\/v2\/comments?post=45447"}],"wp:featuredmedia":[{"embeddable":true,"href":"https:\/\/anadolupet.com.tr\/en\/wp-json\/wp\/v2\/media\/44263"}],"wp:attachment":[{"href":"https:\/\/anadolupet.com.tr\/en\/wp-json\/wp\/v2\/media?parent=45447"}],"wp:term":[{"taxonomy":"product_brand","embeddable":true,"href":"https:\/\/anadolupet.com.tr\/en\/wp-json\/wp\/v2\/product_brand?post=45447"},{"taxonomy":"product_cat","embeddable":true,"href":"https:\/\/anadolupet.com.tr\/en\/wp-json\/wp\/v2\/product_cat?post=45447"},{"taxonomy":"product_tag","embeddable":true,"href":"https:\/\/anadolupet.com.tr\/en\/wp-json\/wp\/v2\/product_tag?post=45447"}],"curies":[{"name":"wp","href":"https:\/\/api.w.org\/{rel}","templated":true}]}}