{"id":45448,"date":"2026-02-14T14:41:40","date_gmt":"2026-02-14T14:41:40","guid":{"rendered":"https:\/\/anadolupet.com.tr\/?post_type=product&#038;p=45448"},"modified":"2026-02-23T12:48:54","modified_gmt":"2026-02-23T12:48:54","slug":"hills-sp-mide-ve-deri-hassasiyeti-tavuklu-yetiskin-kedi-mamasi-1-5kg","status":"publish","type":"product","link":"https:\/\/anadolupet.com.tr\/en\/urun\/hills-sp-mide-ve-deri-hassasiyeti-tavuklu-yetiskin-kedi-mamasi-1-5kg\/","title":{"rendered":"Hill&#8217;s SP Mide ve Deri Hassasiyeti Tavuklu Yeti\u015fkin Kedi Mamas\u0131 1.5KG"},"content":{"rendered":"","protected":false},"excerpt":{"rendered":"<p>Kedinizin mide sa\u011fl\u0131\u011f\u0131 g\u00fcnl\u00fck ya\u015fam\u0131n\u0131n hayati bir par\u00e7as\u0131d\u0131r, bu nedenle HILL&#8217;S SCIENCE PLAN Sensitive Stomach &#038; Skin kuru kedi mamas\u0131 en \u00fcst d\u00fczeyde sindirim sistemi sa\u011fl\u0131\u011f\u0131n\u0131 desteklerken, ayn\u0131 zamanda deriyi besleyip, parlak t\u00fcylerin olu\u015fumunu te\u015fvik eder. Prebiyotik lif i\u00e7eren bu kuru kedi mamas\u0131, yararl\u0131 mikrofloray\u0131 besleyerek ya\u015fam boyu dengeli ve sa\u011fl\u0131kl\u0131 bir mikrobiyomun varl\u0131\u011f\u0131n\u0131 sa\u011flar. Sindirimi kolay bile\u015fenler, sindirimin h\u0131zl\u0131 ve kolay olmas\u0131n\u0131 sa\u011flarken, ayn\u0131 zamanda d\u0131\u015fk\u0131 kalitesini artt\u0131rarak, d\u0131\u015fk\u0131 toplama i\u015flemini kolayla\u015ft\u0131r\u0131r. Son olarak, y\u00fcksek kaliteli malzemelerle \u00fcretilen bu kedi mamas\u0131, yeti\u015fkin kedinizin derisini besleyen ve sa\u011fl\u0131kl\u0131 t\u00fcy yap\u0131s\u0131n\u0131 korumaya yard\u0131mc\u0131 olan E vitaminini ve Omega-6 ya\u011f asitlerini i\u00e7erir. HILL&#8217;S Science Plan&#8217;\u0131n yeni g\u00f6r\u00fcn\u00fcm\u00fcn\u00fc siz de seveceksiniz. Baz\u0131 Science Plan \u00fcr\u00fcnlerimiz art\u0131k yeni isimlere, yeni mama tanesi \u015fekillerine ve yeni form\u00fcllere sahiptir.<br \/>\n\u0130\u00c7\u0130NDEK\u0130LER: K\u0131r\u0131k pirin\u00e7, tavuk eti (15%) ve hindi unu (toplam k\u00fcmes hayvanlar\u0131 24%), m\u0131s\u0131r gluteni unu, m\u0131s\u0131r, hayvansal ya\u011f, kurutulmu\u015f b\u00fct\u00fcn yumurta, kurutulmu\u015f pancar k\u00fcspesi (2,5%), mineraller, hidrolize protein, bitkisel ya\u011f, keten tohumu.<br \/>\nKG BA\u015eINA KATKILAR: Besinsel katk\u0131lar: 3b103 (Demir) 54,1mg, 3b202 (\u0130yodin) 1,3mg, 3b405 (Bak\u0131r) 5,3mg, 3b502 (Manganez) 5,6mg, 3b603 (\u00c7inko) 94,7mg, 3b801 (Selenyum) 0,1mg; do\u011fal antioksidan ile.<br \/>\nANAL\u0130T\u0130K B\u0130LE\u015eENLER: Protein 32,7%, Ya\u011f i\u00e7eri\u011fi 18,7%, Ham sel\u00fcloz 1,1%, Ham k\u00fcl 5,3%, Omega-6 ya\u011f asitleri 3,6%, Kalsiyum 0,80%, Fosfor 0,65%, Sodyum 0,31%, Potasyum 0,69%, Magnezyum 0,06%; kg ba\u015f\u0131na: A Vitamini 5.733IU, D3 Vitamini 569IU, E Vitamini 600mg, C Vitamini 90mg, Beta-karoten 1,5mg.<br \/>\nHill&#8217;s Science Plan SENSITIVE STOMACH &#038; SKIN ADULT CAT FOOD with CHICKEN 1 ya\u015f\u0131ndan itibaren yeti\u015fkin kediler i\u00e7in tam ve dengeli evcil hayvan mamas\u0131d\u0131r.<br \/>\nBESLEME TAL\u0130MATI: Tam ve do\u011fru besleme talimatlar\u0131 i\u00e7in l\u00fctfen pakete bak\u0131n\u0131z. G\u00fcnl\u00fck mama miktar\u0131n\u0131, kedinizin ideal kilosunu koruyacak \u015fekilde ayarlay\u0131n\u0131z. E\u011fer emin de\u011fil iseniz, veteriner hekiminize dan\u0131\u015f\u0131n\u0131z. Bu mamay\u0131 ilk defa m\u0131 kullan\u0131yorsunuz? Eski mama ile yeni maman\u0131n bir kar\u0131\u015f\u0131m\u0131n\u0131 haz\u0131rlay\u0131n\u0131z ve eski maman\u0131n miktar\u0131n\u0131 kademeli olarak azaltarak 7 g\u00fcn sonunda yeni mamaya tamamen ge\u00e7i\u015f yap\u0131n\u0131z. Her zaman taze ve temiz su bulundurdu\u011funuzdan emin olunuz! Evcil hayvan\u0131n\u0131z\u0131n ihtiya\u00e7lar\u0131, o ya\u015fland\u0131k\u00e7a de\u011fi\u015fiklik g\u00f6sterebilir. Veteriner hekiminize her kontrolde sormay\u0131 ihmal etmeyiniz.<\/p>","protected":false},"featured_media":44147,"comment_status":"open","ping_status":"closed","template":"","meta":{"_acf_changed":false},"product_brand":[],"product_cat":[2442],"product_tag":[],"class_list":{"0":"post-45448","1":"product","2":"type-product","3":"status-publish","4":"has-post-thumbnail","6":"product_cat-yetiskin-kedi-mamalari","8":"first","9":"instock","10":"shipping-taxable","11":"product-type-simple"},"acf":[],"yoast_head":"<!-- This site is optimized with the Yoast SEO plugin v27.4 - https:\/\/yoast.com\/product\/yoast-seo-wordpress\/ -->\n<title>Hill&#039;s SP Mide ve Deri Hassasiyeti Tavuklu Yeti\u015fkin Kedi Mamas\u0131 1.5KG - Anadolu Pet Grup<\/title>\n<meta name=\"robots\" content=\"index, follow, max-snippet:-1, max-image-preview:large, max-video-preview:-1\" \/>\n<link rel=\"canonical\" href=\"https:\/\/anadolupet.com.tr\/en\/product\/hills-sp-mide-ve-deri-hassasiyeti-tavuklu-yetiskin-kedi-mamasi-1-5kg\/\" \/>\n<meta property=\"og:locale\" content=\"en_US\" \/>\n<meta property=\"og:type\" content=\"article\" \/>\n<meta property=\"og:title\" content=\"Hill&#039;s SP Mide ve Deri Hassasiyeti Tavuklu Yeti\u015fkin Kedi Mamas\u0131 1.5KG - Anadolu Pet Grup\" \/>\n<meta property=\"og:description\" content=\"Kedinizin mide sa\u011fl\u0131\u011f\u0131 g\u00fcnl\u00fck ya\u015fam\u0131n\u0131n hayati bir par\u00e7as\u0131d\u0131r, bu nedenle HILL&#039;S SCIENCE PLAN Sensitive Stomach &amp; Skin kuru kedi mamas\u0131 en \u00fcst d\u00fczeyde sindirim sistemi sa\u011fl\u0131\u011f\u0131n\u0131 desteklerken, ayn\u0131 zamanda deriyi besleyip, parlak t\u00fcylerin olu\u015fumunu te\u015fvik eder. Prebiyotik lif i\u00e7eren bu kuru kedi mamas\u0131, yararl\u0131 mikrofloray\u0131 besleyerek ya\u015fam boyu dengeli ve sa\u011fl\u0131kl\u0131 bir mikrobiyomun varl\u0131\u011f\u0131n\u0131 sa\u011flar. Sindirimi kolay bile\u015fenler, sindirimin h\u0131zl\u0131 ve kolay olmas\u0131n\u0131 sa\u011flarken, ayn\u0131 zamanda d\u0131\u015fk\u0131 kalitesini artt\u0131rarak, d\u0131\u015fk\u0131 toplama i\u015flemini kolayla\u015ft\u0131r\u0131r. Son olarak, y\u00fcksek kaliteli malzemelerle \u00fcretilen bu kedi mamas\u0131, yeti\u015fkin kedinizin derisini besleyen ve sa\u011fl\u0131kl\u0131 t\u00fcy yap\u0131s\u0131n\u0131 korumaya yard\u0131mc\u0131 olan E vitaminini ve Omega-6 ya\u011f asitlerini i\u00e7erir. HILL&#039;S Science Plan&#039;\u0131n yeni g\u00f6r\u00fcn\u00fcm\u00fcn\u00fc siz de seveceksiniz. Baz\u0131 Science Plan \u00fcr\u00fcnlerimiz art\u0131k yeni isimlere, yeni mama tanesi \u015fekillerine ve yeni form\u00fcllere sahiptir. \u0130\u00c7\u0130NDEK\u0130LER: K\u0131r\u0131k pirin\u00e7, tavuk eti (15%) ve hindi unu (toplam k\u00fcmes hayvanlar\u0131 24%), m\u0131s\u0131r gluteni unu, m\u0131s\u0131r, hayvansal ya\u011f, kurutulmu\u015f b\u00fct\u00fcn yumurta, kurutulmu\u015f pancar k\u00fcspesi (2,5%), mineraller, hidrolize protein, bitkisel ya\u011f, keten tohumu. KG BA\u015eINA KATKILAR: Besinsel katk\u0131lar: 3b103 (Demir) 54,1mg, 3b202 (\u0130yodin) 1,3mg, 3b405 (Bak\u0131r) 5,3mg, 3b502 (Manganez) 5,6mg, 3b603 (\u00c7inko) 94,7mg, 3b801 (Selenyum) 0,1mg; do\u011fal antioksidan ile. ANAL\u0130T\u0130K B\u0130LE\u015eENLER: Protein 32,7%, Ya\u011f i\u00e7eri\u011fi 18,7%, Ham sel\u00fcloz 1,1%, Ham k\u00fcl 5,3%, Omega-6 ya\u011f asitleri 3,6%, Kalsiyum 0,80%, Fosfor 0,65%, Sodyum 0,31%, Potasyum 0,69%, Magnezyum 0,06%; kg ba\u015f\u0131na: A Vitamini 5.733IU, D3 Vitamini 569IU, E Vitamini 600mg, C Vitamini 90mg, Beta-karoten 1,5mg. Hill&#039;s Science Plan SENSITIVE STOMACH &amp; SKIN ADULT CAT FOOD with CHICKEN 1 ya\u015f\u0131ndan itibaren yeti\u015fkin kediler i\u00e7in tam ve dengeli evcil hayvan mamas\u0131d\u0131r. BESLEME TAL\u0130MATI: Tam ve do\u011fru besleme talimatlar\u0131 i\u00e7in l\u00fctfen pakete bak\u0131n\u0131z. G\u00fcnl\u00fck mama miktar\u0131n\u0131, kedinizin ideal kilosunu koruyacak \u015fekilde ayarlay\u0131n\u0131z. E\u011fer emin de\u011fil iseniz, veteriner hekiminize dan\u0131\u015f\u0131n\u0131z. Bu mamay\u0131 ilk defa m\u0131 kullan\u0131yorsunuz? Eski mama ile yeni maman\u0131n bir kar\u0131\u015f\u0131m\u0131n\u0131 haz\u0131rlay\u0131n\u0131z ve eski maman\u0131n miktar\u0131n\u0131 kademeli olarak azaltarak 7 g\u00fcn sonunda yeni mamaya tamamen ge\u00e7i\u015f yap\u0131n\u0131z. Her zaman taze ve temiz su bulundurdu\u011funuzdan emin olunuz! Evcil hayvan\u0131n\u0131z\u0131n ihtiya\u00e7lar\u0131, o ya\u015fland\u0131k\u00e7a de\u011fi\u015fiklik g\u00f6sterebilir. Veteriner hekiminize her kontrolde sormay\u0131 ihmal etmeyiniz.\" \/>\n<meta property=\"og:url\" content=\"https:\/\/anadolupet.com.tr\/en\/product\/hills-sp-mide-ve-deri-hassasiyeti-tavuklu-yetiskin-kedi-mamasi-1-5kg\/\" \/>\n<meta property=\"og:site_name\" content=\"Anadolu Pet Grup\" \/>\n<meta property=\"article:modified_time\" content=\"2026-02-23T12:48:54+00:00\" \/>\n<meta property=\"og:image\" content=\"https:\/\/anadolupet.com.tr\/wp-content\/uploads\/2026\/02\/610-604072-BPR.jpg\" \/>\n\t<meta property=\"og:image:width\" content=\"750\" \/>\n\t<meta property=\"og:image:height\" content=\"750\" \/>\n\t<meta property=\"og:image:type\" content=\"image\/jpeg\" \/>\n<meta name=\"twitter:card\" content=\"summary_large_image\" \/>\n<script type=\"application\/ld+json\" class=\"yoast-schema-graph\">{\"@context\":\"https:\\\/\\\/schema.org\",\"@graph\":[{\"@type\":\"WebPage\",\"@id\":\"https:\\\/\\\/anadolupet.com.tr\\\/urun\\\/hills-sp-mide-ve-deri-hassasiyeti-tavuklu-yetiskin-kedi-mamasi-1-5kg\\\/\",\"url\":\"https:\\\/\\\/anadolupet.com.tr\\\/urun\\\/hills-sp-mide-ve-deri-hassasiyeti-tavuklu-yetiskin-kedi-mamasi-1-5kg\\\/\",\"name\":\"Hill's SP Mide ve Deri Hassasiyeti Tavuklu Yeti\u015fkin Kedi Mamas\u0131 1.5KG - Anadolu Pet Grup\",\"isPartOf\":{\"@id\":\"https:\\\/\\\/anadolupet.com.tr\\\/#website\"},\"primaryImageOfPage\":{\"@id\":\"https:\\\/\\\/anadolupet.com.tr\\\/urun\\\/hills-sp-mide-ve-deri-hassasiyeti-tavuklu-yetiskin-kedi-mamasi-1-5kg\\\/#primaryimage\"},\"image\":{\"@id\":\"https:\\\/\\\/anadolupet.com.tr\\\/urun\\\/hills-sp-mide-ve-deri-hassasiyeti-tavuklu-yetiskin-kedi-mamasi-1-5kg\\\/#primaryimage\"},\"thumbnailUrl\":\"https:\\\/\\\/anadolupet.com.tr\\\/wp-content\\\/uploads\\\/2026\\\/02\\\/610-604072-BPR.jpg\",\"datePublished\":\"2026-02-14T14:41:40+00:00\",\"dateModified\":\"2026-02-23T12:48:54+00:00\",\"breadcrumb\":{\"@id\":\"https:\\\/\\\/anadolupet.com.tr\\\/urun\\\/hills-sp-mide-ve-deri-hassasiyeti-tavuklu-yetiskin-kedi-mamasi-1-5kg\\\/#breadcrumb\"},\"inLanguage\":\"en-US\",\"potentialAction\":[{\"@type\":\"ReadAction\",\"target\":[\"https:\\\/\\\/anadolupet.com.tr\\\/urun\\\/hills-sp-mide-ve-deri-hassasiyeti-tavuklu-yetiskin-kedi-mamasi-1-5kg\\\/\"]}]},{\"@type\":\"ImageObject\",\"inLanguage\":\"en-US\",\"@id\":\"https:\\\/\\\/anadolupet.com.tr\\\/urun\\\/hills-sp-mide-ve-deri-hassasiyeti-tavuklu-yetiskin-kedi-mamasi-1-5kg\\\/#primaryimage\",\"url\":\"https:\\\/\\\/anadolupet.com.tr\\\/wp-content\\\/uploads\\\/2026\\\/02\\\/610-604072-BPR.jpg\",\"contentUrl\":\"https:\\\/\\\/anadolupet.com.tr\\\/wp-content\\\/uploads\\\/2026\\\/02\\\/610-604072-BPR.jpg\",\"width\":750,\"height\":750},{\"@type\":\"BreadcrumbList\",\"@id\":\"https:\\\/\\\/anadolupet.com.tr\\\/urun\\\/hills-sp-mide-ve-deri-hassasiyeti-tavuklu-yetiskin-kedi-mamasi-1-5kg\\\/#breadcrumb\",\"itemListElement\":[{\"@type\":\"ListItem\",\"position\":1,\"name\":\"Anasayfa\",\"item\":\"https:\\\/\\\/anadolupet.com.tr\\\/\"},{\"@type\":\"ListItem\",\"position\":2,\"name\":\"\u00dcr\u00fcnler\",\"item\":\"https:\\\/\\\/anadolupet.com.tr\\\/urunler\\\/\"},{\"@type\":\"ListItem\",\"position\":3,\"name\":\"Hill&#8217;s SP Mide ve Deri Hassasiyeti Tavuklu Yeti\u015fkin Kedi Mamas\u0131 1.5KG\"}]},{\"@type\":\"WebSite\",\"@id\":\"https:\\\/\\\/anadolupet.com.tr\\\/#website\",\"url\":\"https:\\\/\\\/anadolupet.com.tr\\\/\",\"name\":\"Anadolu Pet Grup\",\"description\":\"Her Can\u0131n \u0130yi Ya\u015fam\u0131 \u0130\u00e7in Biraraday\u0131z\",\"publisher\":{\"@id\":\"https:\\\/\\\/anadolupet.com.tr\\\/#organization\"},\"potentialAction\":[{\"@type\":\"SearchAction\",\"target\":{\"@type\":\"EntryPoint\",\"urlTemplate\":\"https:\\\/\\\/anadolupet.com.tr\\\/?s={search_term_string}\"},\"query-input\":{\"@type\":\"PropertyValueSpecification\",\"valueRequired\":true,\"valueName\":\"search_term_string\"}}],\"inLanguage\":\"en-US\"},{\"@type\":\"Organization\",\"@id\":\"https:\\\/\\\/anadolupet.com.tr\\\/#organization\",\"name\":\"Anadolu Pet Grup\",\"alternateName\":\"Anadolu Pet\",\"url\":\"https:\\\/\\\/anadolupet.com.tr\\\/\",\"logo\":{\"@type\":\"ImageObject\",\"inLanguage\":\"en-US\",\"@id\":\"https:\\\/\\\/anadolupet.com.tr\\\/#\\\/schema\\\/logo\\\/image\\\/\",\"url\":\"https:\\\/\\\/anadolupet.com.tr\\\/wp-content\\\/uploads\\\/2026\\\/03\\\/1614666743370.jpg\",\"contentUrl\":\"https:\\\/\\\/anadolupet.com.tr\\\/wp-content\\\/uploads\\\/2026\\\/03\\\/1614666743370.jpg\",\"width\":800,\"height\":571,\"caption\":\"Anadolu Pet Grup\"},\"image\":{\"@id\":\"https:\\\/\\\/anadolupet.com.tr\\\/#\\\/schema\\\/logo\\\/image\\\/\"}}]}<\/script>\n<!-- \/ Yoast SEO plugin. -->","yoast_head_json":{"title":"Hill's SP Mide ve Deri Hassasiyeti Tavuklu Yeti\u015fkin Kedi Mamas\u0131 1.5KG - Anadolu Pet Grup","robots":{"index":"index","follow":"follow","max-snippet":"max-snippet:-1","max-image-preview":"max-image-preview:large","max-video-preview":"max-video-preview:-1"},"canonical":"https:\/\/anadolupet.com.tr\/en\/product\/hills-sp-mide-ve-deri-hassasiyeti-tavuklu-yetiskin-kedi-mamasi-1-5kg\/","og_locale":"en_US","og_type":"article","og_title":"Hill's SP Mide ve Deri Hassasiyeti Tavuklu Yeti\u015fkin Kedi Mamas\u0131 1.5KG - Anadolu Pet Grup","og_description":"Kedinizin mide sa\u011fl\u0131\u011f\u0131 g\u00fcnl\u00fck ya\u015fam\u0131n\u0131n hayati bir par\u00e7as\u0131d\u0131r, bu nedenle HILL'S SCIENCE PLAN Sensitive Stomach & Skin kuru kedi mamas\u0131 en \u00fcst d\u00fczeyde sindirim sistemi sa\u011fl\u0131\u011f\u0131n\u0131 desteklerken, ayn\u0131 zamanda deriyi besleyip, parlak t\u00fcylerin olu\u015fumunu te\u015fvik eder. Prebiyotik lif i\u00e7eren bu kuru kedi mamas\u0131, yararl\u0131 mikrofloray\u0131 besleyerek ya\u015fam boyu dengeli ve sa\u011fl\u0131kl\u0131 bir mikrobiyomun varl\u0131\u011f\u0131n\u0131 sa\u011flar. Sindirimi kolay bile\u015fenler, sindirimin h\u0131zl\u0131 ve kolay olmas\u0131n\u0131 sa\u011flarken, ayn\u0131 zamanda d\u0131\u015fk\u0131 kalitesini artt\u0131rarak, d\u0131\u015fk\u0131 toplama i\u015flemini kolayla\u015ft\u0131r\u0131r. Son olarak, y\u00fcksek kaliteli malzemelerle \u00fcretilen bu kedi mamas\u0131, yeti\u015fkin kedinizin derisini besleyen ve sa\u011fl\u0131kl\u0131 t\u00fcy yap\u0131s\u0131n\u0131 korumaya yard\u0131mc\u0131 olan E vitaminini ve Omega-6 ya\u011f asitlerini i\u00e7erir. HILL'S Science Plan'\u0131n yeni g\u00f6r\u00fcn\u00fcm\u00fcn\u00fc siz de seveceksiniz. Baz\u0131 Science Plan \u00fcr\u00fcnlerimiz art\u0131k yeni isimlere, yeni mama tanesi \u015fekillerine ve yeni form\u00fcllere sahiptir. \u0130\u00c7\u0130NDEK\u0130LER: K\u0131r\u0131k pirin\u00e7, tavuk eti (15%) ve hindi unu (toplam k\u00fcmes hayvanlar\u0131 24%), m\u0131s\u0131r gluteni unu, m\u0131s\u0131r, hayvansal ya\u011f, kurutulmu\u015f b\u00fct\u00fcn yumurta, kurutulmu\u015f pancar k\u00fcspesi (2,5%), mineraller, hidrolize protein, bitkisel ya\u011f, keten tohumu. KG BA\u015eINA KATKILAR: Besinsel katk\u0131lar: 3b103 (Demir) 54,1mg, 3b202 (\u0130yodin) 1,3mg, 3b405 (Bak\u0131r) 5,3mg, 3b502 (Manganez) 5,6mg, 3b603 (\u00c7inko) 94,7mg, 3b801 (Selenyum) 0,1mg; do\u011fal antioksidan ile. ANAL\u0130T\u0130K B\u0130LE\u015eENLER: Protein 32,7%, Ya\u011f i\u00e7eri\u011fi 18,7%, Ham sel\u00fcloz 1,1%, Ham k\u00fcl 5,3%, Omega-6 ya\u011f asitleri 3,6%, Kalsiyum 0,80%, Fosfor 0,65%, Sodyum 0,31%, Potasyum 0,69%, Magnezyum 0,06%; kg ba\u015f\u0131na: A Vitamini 5.733IU, D3 Vitamini 569IU, E Vitamini 600mg, C Vitamini 90mg, Beta-karoten 1,5mg. Hill's Science Plan SENSITIVE STOMACH & SKIN ADULT CAT FOOD with CHICKEN 1 ya\u015f\u0131ndan itibaren yeti\u015fkin kediler i\u00e7in tam ve dengeli evcil hayvan mamas\u0131d\u0131r. BESLEME TAL\u0130MATI: Tam ve do\u011fru besleme talimatlar\u0131 i\u00e7in l\u00fctfen pakete bak\u0131n\u0131z. G\u00fcnl\u00fck mama miktar\u0131n\u0131, kedinizin ideal kilosunu koruyacak \u015fekilde ayarlay\u0131n\u0131z. E\u011fer emin de\u011fil iseniz, veteriner hekiminize dan\u0131\u015f\u0131n\u0131z. Bu mamay\u0131 ilk defa m\u0131 kullan\u0131yorsunuz? Eski mama ile yeni maman\u0131n bir kar\u0131\u015f\u0131m\u0131n\u0131 haz\u0131rlay\u0131n\u0131z ve eski maman\u0131n miktar\u0131n\u0131 kademeli olarak azaltarak 7 g\u00fcn sonunda yeni mamaya tamamen ge\u00e7i\u015f yap\u0131n\u0131z. Her zaman taze ve temiz su bulundurdu\u011funuzdan emin olunuz! Evcil hayvan\u0131n\u0131z\u0131n ihtiya\u00e7lar\u0131, o ya\u015fland\u0131k\u00e7a de\u011fi\u015fiklik g\u00f6sterebilir. Veteriner hekiminize her kontrolde sormay\u0131 ihmal etmeyiniz.","og_url":"https:\/\/anadolupet.com.tr\/en\/product\/hills-sp-mide-ve-deri-hassasiyeti-tavuklu-yetiskin-kedi-mamasi-1-5kg\/","og_site_name":"Anadolu Pet Grup","article_modified_time":"2026-02-23T12:48:54+00:00","og_image":[{"width":750,"height":750,"url":"https:\/\/anadolupet.com.tr\/wp-content\/uploads\/2026\/02\/610-604072-BPR.jpg","type":"image\/jpeg"}],"twitter_card":"summary_large_image","schema":{"@context":"https:\/\/schema.org","@graph":[{"@type":"WebPage","@id":"https:\/\/anadolupet.com.tr\/urun\/hills-sp-mide-ve-deri-hassasiyeti-tavuklu-yetiskin-kedi-mamasi-1-5kg\/","url":"https:\/\/anadolupet.com.tr\/urun\/hills-sp-mide-ve-deri-hassasiyeti-tavuklu-yetiskin-kedi-mamasi-1-5kg\/","name":"Hill's SP Mide ve Deri Hassasiyeti Tavuklu Yeti\u015fkin Kedi Mamas\u0131 1.5KG - Anadolu Pet Grup","isPartOf":{"@id":"https:\/\/anadolupet.com.tr\/#website"},"primaryImageOfPage":{"@id":"https:\/\/anadolupet.com.tr\/urun\/hills-sp-mide-ve-deri-hassasiyeti-tavuklu-yetiskin-kedi-mamasi-1-5kg\/#primaryimage"},"image":{"@id":"https:\/\/anadolupet.com.tr\/urun\/hills-sp-mide-ve-deri-hassasiyeti-tavuklu-yetiskin-kedi-mamasi-1-5kg\/#primaryimage"},"thumbnailUrl":"https:\/\/anadolupet.com.tr\/wp-content\/uploads\/2026\/02\/610-604072-BPR.jpg","datePublished":"2026-02-14T14:41:40+00:00","dateModified":"2026-02-23T12:48:54+00:00","breadcrumb":{"@id":"https:\/\/anadolupet.com.tr\/urun\/hills-sp-mide-ve-deri-hassasiyeti-tavuklu-yetiskin-kedi-mamasi-1-5kg\/#breadcrumb"},"inLanguage":"en-US","potentialAction":[{"@type":"ReadAction","target":["https:\/\/anadolupet.com.tr\/urun\/hills-sp-mide-ve-deri-hassasiyeti-tavuklu-yetiskin-kedi-mamasi-1-5kg\/"]}]},{"@type":"ImageObject","inLanguage":"en-US","@id":"https:\/\/anadolupet.com.tr\/urun\/hills-sp-mide-ve-deri-hassasiyeti-tavuklu-yetiskin-kedi-mamasi-1-5kg\/#primaryimage","url":"https:\/\/anadolupet.com.tr\/wp-content\/uploads\/2026\/02\/610-604072-BPR.jpg","contentUrl":"https:\/\/anadolupet.com.tr\/wp-content\/uploads\/2026\/02\/610-604072-BPR.jpg","width":750,"height":750},{"@type":"BreadcrumbList","@id":"https:\/\/anadolupet.com.tr\/urun\/hills-sp-mide-ve-deri-hassasiyeti-tavuklu-yetiskin-kedi-mamasi-1-5kg\/#breadcrumb","itemListElement":[{"@type":"ListItem","position":1,"name":"Anasayfa","item":"https:\/\/anadolupet.com.tr\/"},{"@type":"ListItem","position":2,"name":"\u00dcr\u00fcnler","item":"https:\/\/anadolupet.com.tr\/urunler\/"},{"@type":"ListItem","position":3,"name":"Hill&#8217;s SP Mide ve Deri Hassasiyeti Tavuklu Yeti\u015fkin Kedi Mamas\u0131 1.5KG"}]},{"@type":"WebSite","@id":"https:\/\/anadolupet.com.tr\/#website","url":"https:\/\/anadolupet.com.tr\/","name":"Anadolu Pet Group","description":"We Stand Together for the Well-Being of Every Life","publisher":{"@id":"https:\/\/anadolupet.com.tr\/#organization"},"potentialAction":[{"@type":"SearchAction","target":{"@type":"EntryPoint","urlTemplate":"https:\/\/anadolupet.com.tr\/?s={search_term_string}"},"query-input":{"@type":"PropertyValueSpecification","valueRequired":true,"valueName":"search_term_string"}}],"inLanguage":"en-US"},{"@type":"Organization","@id":"https:\/\/anadolupet.com.tr\/#organization","name":"Anadolu Pet Group","alternateName":"Anadolu Pet","url":"https:\/\/anadolupet.com.tr\/","logo":{"@type":"ImageObject","inLanguage":"en-US","@id":"https:\/\/anadolupet.com.tr\/#\/schema\/logo\/image\/","url":"https:\/\/anadolupet.com.tr\/wp-content\/uploads\/2026\/03\/1614666743370.jpg","contentUrl":"https:\/\/anadolupet.com.tr\/wp-content\/uploads\/2026\/03\/1614666743370.jpg","width":800,"height":571,"caption":"Anadolu Pet Grup"},"image":{"@id":"https:\/\/anadolupet.com.tr\/#\/schema\/logo\/image\/"}}]}},"_links":{"self":[{"href":"https:\/\/anadolupet.com.tr\/en\/wp-json\/wp\/v2\/product\/45448","targetHints":{"allow":["GET"]}}],"collection":[{"href":"https:\/\/anadolupet.com.tr\/en\/wp-json\/wp\/v2\/product"}],"about":[{"href":"https:\/\/anadolupet.com.tr\/en\/wp-json\/wp\/v2\/types\/product"}],"replies":[{"embeddable":true,"href":"https:\/\/anadolupet.com.tr\/en\/wp-json\/wp\/v2\/comments?post=45448"}],"wp:featuredmedia":[{"embeddable":true,"href":"https:\/\/anadolupet.com.tr\/en\/wp-json\/wp\/v2\/media\/44147"}],"wp:attachment":[{"href":"https:\/\/anadolupet.com.tr\/en\/wp-json\/wp\/v2\/media?parent=45448"}],"wp:term":[{"taxonomy":"product_brand","embeddable":true,"href":"https:\/\/anadolupet.com.tr\/en\/wp-json\/wp\/v2\/product_brand?post=45448"},{"taxonomy":"product_cat","embeddable":true,"href":"https:\/\/anadolupet.com.tr\/en\/wp-json\/wp\/v2\/product_cat?post=45448"},{"taxonomy":"product_tag","embeddable":true,"href":"https:\/\/anadolupet.com.tr\/en\/wp-json\/wp\/v2\/product_tag?post=45448"}],"curies":[{"name":"wp","href":"https:\/\/api.w.org\/{rel}","templated":true}]}}