{"id":45451,"date":"2026-02-14T14:41:40","date_gmt":"2026-02-14T14:41:40","guid":{"rendered":"https:\/\/anadolupet.com.tr\/?post_type=product&#038;p=45451"},"modified":"2026-02-23T12:48:54","modified_gmt":"2026-02-23T12:48:54","slug":"hills-sp-tavuklu-kisirlastirilmis-7-yasli-kedi-mamasi-1-5kg","status":"publish","type":"product","link":"https:\/\/anadolupet.com.tr\/en\/urun\/hills-sp-tavuklu-kisirlastirilmis-7-yasli-kedi-mamasi-1-5kg\/","title":{"rendered":"Hill&#8217;s SP Tavuklu K\u0131s\u0131rla\u015ft\u0131r\u0131lm\u0131\u015f +7 Ya\u015fl\u0131 Kedi Mamas\u0131 1.5KG"},"content":{"rendered":"","protected":false},"excerpt":{"rendered":"<p>K\u0131s\u0131rla\u015ft\u0131rma sonras\u0131, kedilerin kilo al\u0131m\u0131 riskinin artmas\u0131n\u0131n yan\u0131 s\u0131ra ayr\u0131ca idrar problemi de ya\u015fama ihtimali artmaktad\u0131r. Ayn\u0131 zamanda enerji ihtiyac\u0131n\u0131n d\u00fc\u015fmesine ra\u011fmen, i\u015ftah artar. HILL&#8217;S SCIENCE PLAN Sterilised Cat Young Adult, k\u0131s\u0131rla\u015ft\u0131r\u0131lm\u0131\u015f kedinizin sa\u011fl\u0131kl\u0131 kilosunu korumak i\u00e7in benzersiz bir kilo kontrol form\u00fcl\u00fc i\u00e7erir.<br \/>\n\u0130\u00c7\u0130NDEK\u0130LER: M\u0131s\u0131r, pirin\u00e7, tavuk ve hindi unu, m\u0131s\u0131r gl\u00fcten unu, mineraller, dijest, bal\u0131k ya\u011f\u0131, hayvansal ya\u011f, bitkisel ya\u011f.<br \/>\nKG BA\u015eINA KATKILAR: Besinsel katk\u0131lar: 3b103 (Demir) 45,4mg, 3b202 (\u0130yodin) 0,7mg, 3b405 (Bak\u0131r) 4,5mg, 3b502 (Manganez) 4,7mg, 3b603 (\u00c7inko) 93,9mg, E8 (Selenyum) 0,1mg; do\u011fal antioksidan ile.<br \/>\nANAL\u0130T\u0130K B\u0130LE\u015eENLER: Protein 31,5%, Ya\u011f i\u00e7eri\u011fi 9,3%, Ham sel\u00fcloz 0,90%, Ham k\u00fcl 5,6%, L-lizin 2,1%, Kalsiyum 0,86%, Fosfor 0,63%, Sodyum 0,32%, Potasyum 0,81%, Magnezyum 0,07%; kg ba\u015f\u0131na: A Vitamini 6.022IU, D3 Vitamini 596IU, E Vitamini 550mg, C Vitamini 90mg, Beta-karoten 1,5mg, L-karnitin 525mg.<br \/>\nHill&#8217;s\u2122 Science Plan\u2122 STERILISED CAT MATURE ADULT CAT FOOD with CHICKEN (tavuk %14; toplam kanatl\u0131 \u00fcr\u00fcnleri %21) 7 ya\u015f ve \u00fczeri k\u0131s\u0131rla\u015ft\u0131r\u0131lm\u0131\u015f kediler i\u00e7in tam dengeli evcil hayvan mamas\u0131d\u0131r.<br \/>\nBESLEME TAL\u0130MATI: Tam ve do\u011fru besleme talimatlar\u0131 i\u00e7in l\u00fctfen pakete bak\u0131n\u0131z. G\u00fcnl\u00fck mama miktar\u0131n\u0131, kedinizin ideal kilosunu koruyacak \u015fekilde ayarlay\u0131n\u0131z. E\u011fer emin de\u011fil iseniz, veteriner hekiminize dan\u0131\u015f\u0131n\u0131z. Bu mamay\u0131 ilk defa m\u0131 kullan\u0131yorsunuz? Eski mama ile yeni maman\u0131n bir kar\u0131\u015f\u0131m\u0131n\u0131 haz\u0131rlay\u0131n\u0131z ve eski maman\u0131n miktar\u0131n\u0131 kademeli olarak azaltarak 7 g\u00fcn sonunda yeni mamaya tamamen ge\u00e7i\u015f yap\u0131n\u0131z. Her zaman taze ve temiz su bulundurdu\u011funuzdan emin olunuz! Evcil hayvan\u0131n\u0131z\u0131n ihtiya\u00e7lar\u0131, o ya\u015fland\u0131k\u00e7a de\u011fi\u015fiklik g\u00f6sterebilir. Veteriner hekiminize her kontrolde sormay\u0131 ihmal etmeyiniz.<\/p>","protected":false},"featured_media":44158,"comment_status":"open","ping_status":"closed","template":"","meta":{"_acf_changed":false},"product_brand":[],"product_cat":[2441],"product_tag":[],"class_list":{"0":"post-45451","1":"product","2":"type-product","3":"status-publish","4":"has-post-thumbnail","6":"product_cat-yavru-kedi-mamalari","8":"first","9":"instock","10":"shipping-taxable","11":"product-type-simple"},"acf":[],"yoast_head":"<!-- This site is optimized with the Yoast SEO plugin v27.5 - https:\/\/yoast.com\/product\/yoast-seo-wordpress\/ -->\n<title>Hill&#039;s SP Tavuklu K\u0131s\u0131rla\u015ft\u0131r\u0131lm\u0131\u015f +7 Ya\u015fl\u0131 Kedi Mamas\u0131 1.5KG - Anadolu Pet Grup<\/title>\n<meta name=\"robots\" content=\"index, follow, max-snippet:-1, max-image-preview:large, max-video-preview:-1\" \/>\n<link rel=\"canonical\" href=\"https:\/\/anadolupet.com.tr\/en\/product\/hills-sp-tavuklu-kisirlastirilmis-7-yasli-kedi-mamasi-1-5kg\/\" \/>\n<meta property=\"og:locale\" content=\"en_US\" \/>\n<meta property=\"og:type\" content=\"article\" \/>\n<meta property=\"og:title\" content=\"Hill&#039;s SP Tavuklu K\u0131s\u0131rla\u015ft\u0131r\u0131lm\u0131\u015f +7 Ya\u015fl\u0131 Kedi Mamas\u0131 1.5KG - Anadolu Pet Grup\" \/>\n<meta property=\"og:description\" content=\"K\u0131s\u0131rla\u015ft\u0131rma sonras\u0131, kedilerin kilo al\u0131m\u0131 riskinin artmas\u0131n\u0131n yan\u0131 s\u0131ra ayr\u0131ca idrar problemi de ya\u015fama ihtimali artmaktad\u0131r. Ayn\u0131 zamanda enerji ihtiyac\u0131n\u0131n d\u00fc\u015fmesine ra\u011fmen, i\u015ftah artar. HILL&#039;S SCIENCE PLAN Sterilised Cat Young Adult, k\u0131s\u0131rla\u015ft\u0131r\u0131lm\u0131\u015f kedinizin sa\u011fl\u0131kl\u0131 kilosunu korumak i\u00e7in benzersiz bir kilo kontrol form\u00fcl\u00fc i\u00e7erir. \u0130\u00c7\u0130NDEK\u0130LER: M\u0131s\u0131r, pirin\u00e7, tavuk ve hindi unu, m\u0131s\u0131r gl\u00fcten unu, mineraller, dijest, bal\u0131k ya\u011f\u0131, hayvansal ya\u011f, bitkisel ya\u011f. KG BA\u015eINA KATKILAR: Besinsel katk\u0131lar: 3b103 (Demir) 45,4mg, 3b202 (\u0130yodin) 0,7mg, 3b405 (Bak\u0131r) 4,5mg, 3b502 (Manganez) 4,7mg, 3b603 (\u00c7inko) 93,9mg, E8 (Selenyum) 0,1mg; do\u011fal antioksidan ile. ANAL\u0130T\u0130K B\u0130LE\u015eENLER: Protein 31,5%, Ya\u011f i\u00e7eri\u011fi 9,3%, Ham sel\u00fcloz 0,90%, Ham k\u00fcl 5,6%, L-lizin 2,1%, Kalsiyum 0,86%, Fosfor 0,63%, Sodyum 0,32%, Potasyum 0,81%, Magnezyum 0,07%; kg ba\u015f\u0131na: A Vitamini 6.022IU, D3 Vitamini 596IU, E Vitamini 550mg, C Vitamini 90mg, Beta-karoten 1,5mg, L-karnitin 525mg. Hill&#039;s\u2122 Science Plan\u2122 STERILISED CAT MATURE ADULT CAT FOOD with CHICKEN (tavuk %14; toplam kanatl\u0131 \u00fcr\u00fcnleri %21) 7 ya\u015f ve \u00fczeri k\u0131s\u0131rla\u015ft\u0131r\u0131lm\u0131\u015f kediler i\u00e7in tam dengeli evcil hayvan mamas\u0131d\u0131r. BESLEME TAL\u0130MATI: Tam ve do\u011fru besleme talimatlar\u0131 i\u00e7in l\u00fctfen pakete bak\u0131n\u0131z. G\u00fcnl\u00fck mama miktar\u0131n\u0131, kedinizin ideal kilosunu koruyacak \u015fekilde ayarlay\u0131n\u0131z. E\u011fer emin de\u011fil iseniz, veteriner hekiminize dan\u0131\u015f\u0131n\u0131z. Bu mamay\u0131 ilk defa m\u0131 kullan\u0131yorsunuz? Eski mama ile yeni maman\u0131n bir kar\u0131\u015f\u0131m\u0131n\u0131 haz\u0131rlay\u0131n\u0131z ve eski maman\u0131n miktar\u0131n\u0131 kademeli olarak azaltarak 7 g\u00fcn sonunda yeni mamaya tamamen ge\u00e7i\u015f yap\u0131n\u0131z. Her zaman taze ve temiz su bulundurdu\u011funuzdan emin olunuz! Evcil hayvan\u0131n\u0131z\u0131n ihtiya\u00e7lar\u0131, o ya\u015fland\u0131k\u00e7a de\u011fi\u015fiklik g\u00f6sterebilir. Veteriner hekiminize her kontrolde sormay\u0131 ihmal etmeyiniz.\" \/>\n<meta property=\"og:url\" content=\"https:\/\/anadolupet.com.tr\/en\/product\/hills-sp-tavuklu-kisirlastirilmis-7-yasli-kedi-mamasi-1-5kg\/\" \/>\n<meta property=\"og:site_name\" content=\"Anadolu Pet Grup\" \/>\n<meta property=\"article:modified_time\" content=\"2026-02-23T12:48:54+00:00\" \/>\n<meta property=\"og:image\" content=\"https:\/\/anadolupet.com.tr\/wp-content\/uploads\/2026\/02\/610-604133.jpg\" \/>\n\t<meta property=\"og:image:width\" content=\"750\" \/>\n\t<meta property=\"og:image:height\" content=\"750\" \/>\n\t<meta property=\"og:image:type\" content=\"image\/jpeg\" \/>\n<meta name=\"twitter:card\" content=\"summary_large_image\" \/>\n<script type=\"application\/ld+json\" class=\"yoast-schema-graph\">{\"@context\":\"https:\\\/\\\/schema.org\",\"@graph\":[{\"@type\":\"WebPage\",\"@id\":\"https:\\\/\\\/anadolupet.com.tr\\\/urun\\\/hills-sp-tavuklu-kisirlastirilmis-7-yasli-kedi-mamasi-1-5kg\\\/\",\"url\":\"https:\\\/\\\/anadolupet.com.tr\\\/urun\\\/hills-sp-tavuklu-kisirlastirilmis-7-yasli-kedi-mamasi-1-5kg\\\/\",\"name\":\"Hill's SP Tavuklu K\u0131s\u0131rla\u015ft\u0131r\u0131lm\u0131\u015f +7 Ya\u015fl\u0131 Kedi Mamas\u0131 1.5KG - Anadolu Pet Grup\",\"isPartOf\":{\"@id\":\"https:\\\/\\\/anadolupet.com.tr\\\/#website\"},\"primaryImageOfPage\":{\"@id\":\"https:\\\/\\\/anadolupet.com.tr\\\/urun\\\/hills-sp-tavuklu-kisirlastirilmis-7-yasli-kedi-mamasi-1-5kg\\\/#primaryimage\"},\"image\":{\"@id\":\"https:\\\/\\\/anadolupet.com.tr\\\/urun\\\/hills-sp-tavuklu-kisirlastirilmis-7-yasli-kedi-mamasi-1-5kg\\\/#primaryimage\"},\"thumbnailUrl\":\"https:\\\/\\\/anadolupet.com.tr\\\/wp-content\\\/uploads\\\/2026\\\/02\\\/610-604133.jpg\",\"datePublished\":\"2026-02-14T14:41:40+00:00\",\"dateModified\":\"2026-02-23T12:48:54+00:00\",\"breadcrumb\":{\"@id\":\"https:\\\/\\\/anadolupet.com.tr\\\/urun\\\/hills-sp-tavuklu-kisirlastirilmis-7-yasli-kedi-mamasi-1-5kg\\\/#breadcrumb\"},\"inLanguage\":\"en-US\",\"potentialAction\":[{\"@type\":\"ReadAction\",\"target\":[\"https:\\\/\\\/anadolupet.com.tr\\\/urun\\\/hills-sp-tavuklu-kisirlastirilmis-7-yasli-kedi-mamasi-1-5kg\\\/\"]}]},{\"@type\":\"ImageObject\",\"inLanguage\":\"en-US\",\"@id\":\"https:\\\/\\\/anadolupet.com.tr\\\/urun\\\/hills-sp-tavuklu-kisirlastirilmis-7-yasli-kedi-mamasi-1-5kg\\\/#primaryimage\",\"url\":\"https:\\\/\\\/anadolupet.com.tr\\\/wp-content\\\/uploads\\\/2026\\\/02\\\/610-604133.jpg\",\"contentUrl\":\"https:\\\/\\\/anadolupet.com.tr\\\/wp-content\\\/uploads\\\/2026\\\/02\\\/610-604133.jpg\",\"width\":750,\"height\":750},{\"@type\":\"BreadcrumbList\",\"@id\":\"https:\\\/\\\/anadolupet.com.tr\\\/urun\\\/hills-sp-tavuklu-kisirlastirilmis-7-yasli-kedi-mamasi-1-5kg\\\/#breadcrumb\",\"itemListElement\":[{\"@type\":\"ListItem\",\"position\":1,\"name\":\"Anasayfa\",\"item\":\"https:\\\/\\\/anadolupet.com.tr\\\/\"},{\"@type\":\"ListItem\",\"position\":2,\"name\":\"\u00dcr\u00fcnler\",\"item\":\"https:\\\/\\\/anadolupet.com.tr\\\/urunler\\\/\"},{\"@type\":\"ListItem\",\"position\":3,\"name\":\"Hill&#8217;s SP Tavuklu K\u0131s\u0131rla\u015ft\u0131r\u0131lm\u0131\u015f +7 Ya\u015fl\u0131 Kedi Mamas\u0131 1.5KG\"}]},{\"@type\":\"WebSite\",\"@id\":\"https:\\\/\\\/anadolupet.com.tr\\\/#website\",\"url\":\"https:\\\/\\\/anadolupet.com.tr\\\/\",\"name\":\"Anadolu Pet Grup\",\"description\":\"Her Can\u0131n \u0130yi Ya\u015fam\u0131 \u0130\u00e7in Biraraday\u0131z\",\"publisher\":{\"@id\":\"https:\\\/\\\/anadolupet.com.tr\\\/#organization\"},\"potentialAction\":[{\"@type\":\"SearchAction\",\"target\":{\"@type\":\"EntryPoint\",\"urlTemplate\":\"https:\\\/\\\/anadolupet.com.tr\\\/?s={search_term_string}\"},\"query-input\":{\"@type\":\"PropertyValueSpecification\",\"valueRequired\":true,\"valueName\":\"search_term_string\"}}],\"inLanguage\":\"en-US\"},{\"@type\":\"Organization\",\"@id\":\"https:\\\/\\\/anadolupet.com.tr\\\/#organization\",\"name\":\"Anadolu Pet Grup\",\"alternateName\":\"Anadolu Pet\",\"url\":\"https:\\\/\\\/anadolupet.com.tr\\\/\",\"logo\":{\"@type\":\"ImageObject\",\"inLanguage\":\"en-US\",\"@id\":\"https:\\\/\\\/anadolupet.com.tr\\\/#\\\/schema\\\/logo\\\/image\\\/\",\"url\":\"https:\\\/\\\/anadolupet.com.tr\\\/wp-content\\\/uploads\\\/2026\\\/03\\\/1614666743370.jpg\",\"contentUrl\":\"https:\\\/\\\/anadolupet.com.tr\\\/wp-content\\\/uploads\\\/2026\\\/03\\\/1614666743370.jpg\",\"width\":800,\"height\":571,\"caption\":\"Anadolu Pet Grup\"},\"image\":{\"@id\":\"https:\\\/\\\/anadolupet.com.tr\\\/#\\\/schema\\\/logo\\\/image\\\/\"}}]}<\/script>\n<!-- \/ Yoast SEO plugin. -->","yoast_head_json":{"title":"Hill's SP Tavuklu K\u0131s\u0131rla\u015ft\u0131r\u0131lm\u0131\u015f +7 Ya\u015fl\u0131 Kedi Mamas\u0131 1.5KG - Anadolu Pet Grup","robots":{"index":"index","follow":"follow","max-snippet":"max-snippet:-1","max-image-preview":"max-image-preview:large","max-video-preview":"max-video-preview:-1"},"canonical":"https:\/\/anadolupet.com.tr\/en\/product\/hills-sp-tavuklu-kisirlastirilmis-7-yasli-kedi-mamasi-1-5kg\/","og_locale":"en_US","og_type":"article","og_title":"Hill's SP Tavuklu K\u0131s\u0131rla\u015ft\u0131r\u0131lm\u0131\u015f +7 Ya\u015fl\u0131 Kedi Mamas\u0131 1.5KG - Anadolu Pet Grup","og_description":"K\u0131s\u0131rla\u015ft\u0131rma sonras\u0131, kedilerin kilo al\u0131m\u0131 riskinin artmas\u0131n\u0131n yan\u0131 s\u0131ra ayr\u0131ca idrar problemi de ya\u015fama ihtimali artmaktad\u0131r. Ayn\u0131 zamanda enerji ihtiyac\u0131n\u0131n d\u00fc\u015fmesine ra\u011fmen, i\u015ftah artar. HILL'S SCIENCE PLAN Sterilised Cat Young Adult, k\u0131s\u0131rla\u015ft\u0131r\u0131lm\u0131\u015f kedinizin sa\u011fl\u0131kl\u0131 kilosunu korumak i\u00e7in benzersiz bir kilo kontrol form\u00fcl\u00fc i\u00e7erir. \u0130\u00c7\u0130NDEK\u0130LER: M\u0131s\u0131r, pirin\u00e7, tavuk ve hindi unu, m\u0131s\u0131r gl\u00fcten unu, mineraller, dijest, bal\u0131k ya\u011f\u0131, hayvansal ya\u011f, bitkisel ya\u011f. KG BA\u015eINA KATKILAR: Besinsel katk\u0131lar: 3b103 (Demir) 45,4mg, 3b202 (\u0130yodin) 0,7mg, 3b405 (Bak\u0131r) 4,5mg, 3b502 (Manganez) 4,7mg, 3b603 (\u00c7inko) 93,9mg, E8 (Selenyum) 0,1mg; do\u011fal antioksidan ile. ANAL\u0130T\u0130K B\u0130LE\u015eENLER: Protein 31,5%, Ya\u011f i\u00e7eri\u011fi 9,3%, Ham sel\u00fcloz 0,90%, Ham k\u00fcl 5,6%, L-lizin 2,1%, Kalsiyum 0,86%, Fosfor 0,63%, Sodyum 0,32%, Potasyum 0,81%, Magnezyum 0,07%; kg ba\u015f\u0131na: A Vitamini 6.022IU, D3 Vitamini 596IU, E Vitamini 550mg, C Vitamini 90mg, Beta-karoten 1,5mg, L-karnitin 525mg. Hill's\u2122 Science Plan\u2122 STERILISED CAT MATURE ADULT CAT FOOD with CHICKEN (tavuk %14; toplam kanatl\u0131 \u00fcr\u00fcnleri %21) 7 ya\u015f ve \u00fczeri k\u0131s\u0131rla\u015ft\u0131r\u0131lm\u0131\u015f kediler i\u00e7in tam dengeli evcil hayvan mamas\u0131d\u0131r. BESLEME TAL\u0130MATI: Tam ve do\u011fru besleme talimatlar\u0131 i\u00e7in l\u00fctfen pakete bak\u0131n\u0131z. G\u00fcnl\u00fck mama miktar\u0131n\u0131, kedinizin ideal kilosunu koruyacak \u015fekilde ayarlay\u0131n\u0131z. E\u011fer emin de\u011fil iseniz, veteriner hekiminize dan\u0131\u015f\u0131n\u0131z. Bu mamay\u0131 ilk defa m\u0131 kullan\u0131yorsunuz? Eski mama ile yeni maman\u0131n bir kar\u0131\u015f\u0131m\u0131n\u0131 haz\u0131rlay\u0131n\u0131z ve eski maman\u0131n miktar\u0131n\u0131 kademeli olarak azaltarak 7 g\u00fcn sonunda yeni mamaya tamamen ge\u00e7i\u015f yap\u0131n\u0131z. Her zaman taze ve temiz su bulundurdu\u011funuzdan emin olunuz! Evcil hayvan\u0131n\u0131z\u0131n ihtiya\u00e7lar\u0131, o ya\u015fland\u0131k\u00e7a de\u011fi\u015fiklik g\u00f6sterebilir. Veteriner hekiminize her kontrolde sormay\u0131 ihmal etmeyiniz.","og_url":"https:\/\/anadolupet.com.tr\/en\/product\/hills-sp-tavuklu-kisirlastirilmis-7-yasli-kedi-mamasi-1-5kg\/","og_site_name":"Anadolu Pet Grup","article_modified_time":"2026-02-23T12:48:54+00:00","og_image":[{"width":750,"height":750,"url":"https:\/\/anadolupet.com.tr\/wp-content\/uploads\/2026\/02\/610-604133.jpg","type":"image\/jpeg"}],"twitter_card":"summary_large_image","schema":{"@context":"https:\/\/schema.org","@graph":[{"@type":"WebPage","@id":"https:\/\/anadolupet.com.tr\/urun\/hills-sp-tavuklu-kisirlastirilmis-7-yasli-kedi-mamasi-1-5kg\/","url":"https:\/\/anadolupet.com.tr\/urun\/hills-sp-tavuklu-kisirlastirilmis-7-yasli-kedi-mamasi-1-5kg\/","name":"Hill's SP Tavuklu K\u0131s\u0131rla\u015ft\u0131r\u0131lm\u0131\u015f +7 Ya\u015fl\u0131 Kedi Mamas\u0131 1.5KG - Anadolu Pet Grup","isPartOf":{"@id":"https:\/\/anadolupet.com.tr\/#website"},"primaryImageOfPage":{"@id":"https:\/\/anadolupet.com.tr\/urun\/hills-sp-tavuklu-kisirlastirilmis-7-yasli-kedi-mamasi-1-5kg\/#primaryimage"},"image":{"@id":"https:\/\/anadolupet.com.tr\/urun\/hills-sp-tavuklu-kisirlastirilmis-7-yasli-kedi-mamasi-1-5kg\/#primaryimage"},"thumbnailUrl":"https:\/\/anadolupet.com.tr\/wp-content\/uploads\/2026\/02\/610-604133.jpg","datePublished":"2026-02-14T14:41:40+00:00","dateModified":"2026-02-23T12:48:54+00:00","breadcrumb":{"@id":"https:\/\/anadolupet.com.tr\/urun\/hills-sp-tavuklu-kisirlastirilmis-7-yasli-kedi-mamasi-1-5kg\/#breadcrumb"},"inLanguage":"en-US","potentialAction":[{"@type":"ReadAction","target":["https:\/\/anadolupet.com.tr\/urun\/hills-sp-tavuklu-kisirlastirilmis-7-yasli-kedi-mamasi-1-5kg\/"]}]},{"@type":"ImageObject","inLanguage":"en-US","@id":"https:\/\/anadolupet.com.tr\/urun\/hills-sp-tavuklu-kisirlastirilmis-7-yasli-kedi-mamasi-1-5kg\/#primaryimage","url":"https:\/\/anadolupet.com.tr\/wp-content\/uploads\/2026\/02\/610-604133.jpg","contentUrl":"https:\/\/anadolupet.com.tr\/wp-content\/uploads\/2026\/02\/610-604133.jpg","width":750,"height":750},{"@type":"BreadcrumbList","@id":"https:\/\/anadolupet.com.tr\/urun\/hills-sp-tavuklu-kisirlastirilmis-7-yasli-kedi-mamasi-1-5kg\/#breadcrumb","itemListElement":[{"@type":"ListItem","position":1,"name":"Anasayfa","item":"https:\/\/anadolupet.com.tr\/"},{"@type":"ListItem","position":2,"name":"\u00dcr\u00fcnler","item":"https:\/\/anadolupet.com.tr\/urunler\/"},{"@type":"ListItem","position":3,"name":"Hill&#8217;s SP Tavuklu K\u0131s\u0131rla\u015ft\u0131r\u0131lm\u0131\u015f +7 Ya\u015fl\u0131 Kedi Mamas\u0131 1.5KG"}]},{"@type":"WebSite","@id":"https:\/\/anadolupet.com.tr\/#website","url":"https:\/\/anadolupet.com.tr\/","name":"Anadolu Pet Group","description":"We Stand Together for the Well-Being of Every Life","publisher":{"@id":"https:\/\/anadolupet.com.tr\/#organization"},"potentialAction":[{"@type":"SearchAction","target":{"@type":"EntryPoint","urlTemplate":"https:\/\/anadolupet.com.tr\/?s={search_term_string}"},"query-input":{"@type":"PropertyValueSpecification","valueRequired":true,"valueName":"search_term_string"}}],"inLanguage":"en-US"},{"@type":"Organization","@id":"https:\/\/anadolupet.com.tr\/#organization","name":"Anadolu Pet Group","alternateName":"Anadolu Pet","url":"https:\/\/anadolupet.com.tr\/","logo":{"@type":"ImageObject","inLanguage":"en-US","@id":"https:\/\/anadolupet.com.tr\/#\/schema\/logo\/image\/","url":"https:\/\/anadolupet.com.tr\/wp-content\/uploads\/2026\/03\/1614666743370.jpg","contentUrl":"https:\/\/anadolupet.com.tr\/wp-content\/uploads\/2026\/03\/1614666743370.jpg","width":800,"height":571,"caption":"Anadolu Pet Grup"},"image":{"@id":"https:\/\/anadolupet.com.tr\/#\/schema\/logo\/image\/"}}]}},"_links":{"self":[{"href":"https:\/\/anadolupet.com.tr\/en\/wp-json\/wp\/v2\/product\/45451","targetHints":{"allow":["GET"]}}],"collection":[{"href":"https:\/\/anadolupet.com.tr\/en\/wp-json\/wp\/v2\/product"}],"about":[{"href":"https:\/\/anadolupet.com.tr\/en\/wp-json\/wp\/v2\/types\/product"}],"replies":[{"embeddable":true,"href":"https:\/\/anadolupet.com.tr\/en\/wp-json\/wp\/v2\/comments?post=45451"}],"wp:featuredmedia":[{"embeddable":true,"href":"https:\/\/anadolupet.com.tr\/en\/wp-json\/wp\/v2\/media\/44158"}],"wp:attachment":[{"href":"https:\/\/anadolupet.com.tr\/en\/wp-json\/wp\/v2\/media?parent=45451"}],"wp:term":[{"taxonomy":"product_brand","embeddable":true,"href":"https:\/\/anadolupet.com.tr\/en\/wp-json\/wp\/v2\/product_brand?post=45451"},{"taxonomy":"product_cat","embeddable":true,"href":"https:\/\/anadolupet.com.tr\/en\/wp-json\/wp\/v2\/product_cat?post=45451"},{"taxonomy":"product_tag","embeddable":true,"href":"https:\/\/anadolupet.com.tr\/en\/wp-json\/wp\/v2\/product_tag?post=45451"}],"curies":[{"name":"wp","href":"https:\/\/api.w.org\/{rel}","templated":true}]}}