{"id":45456,"date":"2026-02-14T14:41:41","date_gmt":"2026-02-14T14:41:41","guid":{"rendered":"https:\/\/anadolupet.com.tr\/urun\/hills-sp-okyanus-balikli-yetiskin-kedi-pouch-12x85g\/"},"modified":"2026-02-23T12:48:54","modified_gmt":"2026-02-23T12:48:54","slug":"hills-sp-okyanus-balikli-yetiskin-kedi-pouch-12x85g","status":"publish","type":"product","link":"https:\/\/anadolupet.com.tr\/en\/urun\/hills-sp-okyanus-balikli-yetiskin-kedi-pouch-12x85g\/","title":{"rendered":"Hill&#8217;s SP Okyanus Bal\u0131kl\u0131 Yeti\u015fkin Kedi Pouch 12x85g"},"content":{"rendered":"","protected":false},"excerpt":{"rendered":"<p>Yeti\u015fkin kedinizin sa\u011fl\u0131kl\u0131 sindirimi, parlak t\u00fcyleri, ya\u011fs\u0131z kas k\u00fctlesini ve ba\u011f\u0131\u015f\u0131kl\u0131k sistemi sa\u011fl\u0131\u011f\u0131n\u0131 destekleyen bir kedi mamas\u0131na ihtiyac\u0131 vard\u0131r. HILL&#8217;S SCIENCE PLAN Adult ya\u015f kedi mamas\u0131, y\u00fcksek kaliteli ve sindirimi kolay malzemelerden \u00fcretilir ve kedilerin ya\u015famlar\u0131n\u0131n olgunluk d\u00f6neminde enerji ihtiya\u00e7lar\u0131n\u0131 kar\u015f\u0131lamak i\u00e7in \u00f6zel olarak form\u00fcle edilmi\u015ftir. Y\u00fcksek kaliteli malzemelerden \u00fcretilmi\u015f olan HILL&#8217;S SCIENCE PLAN Adult kedi mamas\u0131, kedinizin derisini ve t\u00fcylerini beslemek i\u00e7in E vitamininin yan\u0131 s\u0131ra omega-3 ve omega-6 ya\u011f asitleri i\u00e7erir. Y\u00fcksek kaliteli proteinler i\u00e7eren bu birinci s\u0131n\u0131f kedi mamas\u0131, ayn\u0131 zamanda yeti\u015fkin kedinizin ya\u011fs\u0131z kas k\u00fctlesini korumas\u0131na yard\u0131mc\u0131 olur. Ek olarak, bu yeti\u015fkin kuru kedi mamas\u0131, yeti\u015fkin kedinizin kalp sa\u011fl\u0131\u011f\u0131n\u0131, idrar kesesi ve b\u00f6brek fonksiyonunu desteklemek i\u00e7in gerekli taurin ve dengeli miktarda mineralleri i\u00e7erir.\u00a0HILL&#8217;S Science Plan&#8217;\u0131n yeni g\u00f6r\u00fcn\u00fcm\u00fcn\u00fc siz de seveceksiniz. Baz\u0131 Science Plan \u00fcr\u00fcnlerimiz art\u0131k yeni isimlere, yeni mama tanesi \u015fekillerine ve yeni form\u00fcllere sahiptir.<br \/>\n\u0130\u00c7\u0130NDEK\u0130LER: Et ve hayvan t\u00fcrevleri, bal\u0131k ve bal\u0131k t\u00fcrevleri (okyanus bal\u0131\u011f\u0131 4%), bitkisel orjinli t\u00fcrevler, tah\u0131llar, \u00e7e\u015fitli \u015fekerler, yumurta ve yumurta t\u00fcrevleri, bitkisel protein ekstrat\u0131, mineraller, s\u0131v\u0131 ve kat\u0131 ya\u011flar.<br \/>\nKG BA\u015eINA KATKILAR: Besinsel katk\u0131lar: 3b103 (Demir) 9,1mg, 3b202 (\u0130yodin) 0,3mg, 3b405 (Bak\u0131r) 1,5mg, 3b502 (Manganez) 2,0mg, 3b603 (\u00c7inko) 23,5mg, do\u011fal karamel ile renklendirilmi\u015ftir.<br \/>\nANAL\u0130T\u0130K B\u0130LE\u015eENLER: Protein 7,4%, Ya\u011f i\u00e7eri\u011fi 4,3%, Ham sel\u00fcloz 0,47%, Ham k\u00fcl 1,2%, Nem 80,7%, Kalsiyum 0,14%, Fosfor 0,12%, Sodyum 0,07%, Potasyum 0,15%, Magnezyum 0,01%; kg ba\u015f\u0131na: A Vitamini 23.918IU, D3 Vitamini 248IU, E Vitamini 106mg, C Vitamini 18,5mg, Beta-karoten 0,22mg.<br \/>\nYeti\u015fkin kediler i\u00e7in tam ve dengeli evcil hayvan mamas\u0131.<br \/>\nBESLEME TAL\u0130MATI: Tam ve do\u011fru besleme talimatlar\u0131 i\u00e7in l\u00fctfen pakete bak\u0131n\u0131z. G\u00fcnl\u00fck mama miktar\u0131n\u0131, kedinizin ideal kilosunu koruyacak \u015fekilde ayarlay\u0131n\u0131z. E\u011fer emin de\u011fil iseniz, veteriner hekiminize dan\u0131\u015f\u0131n\u0131z. Bu mamay\u0131 ilk defa m\u0131 kullan\u0131yorsunuz? Eski mama ile yeni maman\u0131n bir kar\u0131\u015f\u0131m\u0131n\u0131 haz\u0131rlay\u0131n\u0131z ve eski maman\u0131n miktar\u0131n\u0131 kademeli olarak azaltarak 7 g\u00fcn sonunda yeni mamaya tamamen ge\u00e7i\u015f yap\u0131n\u0131z. Her zaman taze ve temiz su bulundurdu\u011funuzdan emin olunuz! Evcil hayvan\u0131n\u0131z\u0131n ihtiya\u00e7lar\u0131, o ya\u015fland\u0131k\u00e7a de\u011fi\u015fiklik g\u00f6sterebilir. Veteriner hekiminize her kontrolde sormay\u0131 ihmal etmeyiniz.<\/p>","protected":false},"featured_media":44229,"comment_status":"open","ping_status":"closed","template":"","meta":{"_acf_changed":false},"product_brand":[],"product_cat":[2442],"product_tag":[],"class_list":{"0":"post-45456","1":"product","2":"type-product","3":"status-publish","4":"has-post-thumbnail","6":"product_cat-yetiskin-kedi-mamalari","8":"first","9":"instock","10":"shipping-taxable","11":"product-type-simple"},"acf":[],"yoast_head":"<!-- This site is optimized with the Yoast SEO plugin v27.4 - https:\/\/yoast.com\/product\/yoast-seo-wordpress\/ -->\n<title>Hill&#039;s SP Okyanus Bal\u0131kl\u0131 Yeti\u015fkin Kedi Pouch 12x85g - Anadolu Pet Grup<\/title>\n<meta name=\"robots\" content=\"index, follow, max-snippet:-1, max-image-preview:large, max-video-preview:-1\" \/>\n<link rel=\"canonical\" href=\"https:\/\/anadolupet.com.tr\/en\/product\/hills-sp-okyanus-balikli-yetiskin-kedi-pouch-12x85g\/\" \/>\n<meta property=\"og:locale\" content=\"en_US\" \/>\n<meta property=\"og:type\" content=\"article\" \/>\n<meta property=\"og:title\" content=\"Hill&#039;s SP Okyanus Bal\u0131kl\u0131 Yeti\u015fkin Kedi Pouch 12x85g - Anadolu Pet Grup\" \/>\n<meta property=\"og:description\" content=\"Yeti\u015fkin kedinizin sa\u011fl\u0131kl\u0131 sindirimi, parlak t\u00fcyleri, ya\u011fs\u0131z kas k\u00fctlesini ve ba\u011f\u0131\u015f\u0131kl\u0131k sistemi sa\u011fl\u0131\u011f\u0131n\u0131 destekleyen bir kedi mamas\u0131na ihtiyac\u0131 vard\u0131r. HILL&#039;S SCIENCE PLAN Adult ya\u015f kedi mamas\u0131, y\u00fcksek kaliteli ve sindirimi kolay malzemelerden \u00fcretilir ve kedilerin ya\u015famlar\u0131n\u0131n olgunluk d\u00f6neminde enerji ihtiya\u00e7lar\u0131n\u0131 kar\u015f\u0131lamak i\u00e7in \u00f6zel olarak form\u00fcle edilmi\u015ftir. Y\u00fcksek kaliteli malzemelerden \u00fcretilmi\u015f olan HILL&#039;S SCIENCE PLAN Adult kedi mamas\u0131, kedinizin derisini ve t\u00fcylerini beslemek i\u00e7in E vitamininin yan\u0131 s\u0131ra omega-3 ve omega-6 ya\u011f asitleri i\u00e7erir. Y\u00fcksek kaliteli proteinler i\u00e7eren bu birinci s\u0131n\u0131f kedi mamas\u0131, ayn\u0131 zamanda yeti\u015fkin kedinizin ya\u011fs\u0131z kas k\u00fctlesini korumas\u0131na yard\u0131mc\u0131 olur. Ek olarak, bu yeti\u015fkin kuru kedi mamas\u0131, yeti\u015fkin kedinizin kalp sa\u011fl\u0131\u011f\u0131n\u0131, idrar kesesi ve b\u00f6brek fonksiyonunu desteklemek i\u00e7in gerekli taurin ve dengeli miktarda mineralleri i\u00e7erir.\u00a0HILL&#039;S Science Plan&#039;\u0131n yeni g\u00f6r\u00fcn\u00fcm\u00fcn\u00fc siz de seveceksiniz. Baz\u0131 Science Plan \u00fcr\u00fcnlerimiz art\u0131k yeni isimlere, yeni mama tanesi \u015fekillerine ve yeni form\u00fcllere sahiptir. \u0130\u00c7\u0130NDEK\u0130LER: Et ve hayvan t\u00fcrevleri, bal\u0131k ve bal\u0131k t\u00fcrevleri (okyanus bal\u0131\u011f\u0131 4%), bitkisel orjinli t\u00fcrevler, tah\u0131llar, \u00e7e\u015fitli \u015fekerler, yumurta ve yumurta t\u00fcrevleri, bitkisel protein ekstrat\u0131, mineraller, s\u0131v\u0131 ve kat\u0131 ya\u011flar. KG BA\u015eINA KATKILAR: Besinsel katk\u0131lar: 3b103 (Demir) 9,1mg, 3b202 (\u0130yodin) 0,3mg, 3b405 (Bak\u0131r) 1,5mg, 3b502 (Manganez) 2,0mg, 3b603 (\u00c7inko) 23,5mg, do\u011fal karamel ile renklendirilmi\u015ftir. ANAL\u0130T\u0130K B\u0130LE\u015eENLER: Protein 7,4%, Ya\u011f i\u00e7eri\u011fi 4,3%, Ham sel\u00fcloz 0,47%, Ham k\u00fcl 1,2%, Nem 80,7%, Kalsiyum 0,14%, Fosfor 0,12%, Sodyum 0,07%, Potasyum 0,15%, Magnezyum 0,01%; kg ba\u015f\u0131na: A Vitamini 23.918IU, D3 Vitamini 248IU, E Vitamini 106mg, C Vitamini 18,5mg, Beta-karoten 0,22mg. Yeti\u015fkin kediler i\u00e7in tam ve dengeli evcil hayvan mamas\u0131. BESLEME TAL\u0130MATI: Tam ve do\u011fru besleme talimatlar\u0131 i\u00e7in l\u00fctfen pakete bak\u0131n\u0131z. G\u00fcnl\u00fck mama miktar\u0131n\u0131, kedinizin ideal kilosunu koruyacak \u015fekilde ayarlay\u0131n\u0131z. E\u011fer emin de\u011fil iseniz, veteriner hekiminize dan\u0131\u015f\u0131n\u0131z. Bu mamay\u0131 ilk defa m\u0131 kullan\u0131yorsunuz? Eski mama ile yeni maman\u0131n bir kar\u0131\u015f\u0131m\u0131n\u0131 haz\u0131rlay\u0131n\u0131z ve eski maman\u0131n miktar\u0131n\u0131 kademeli olarak azaltarak 7 g\u00fcn sonunda yeni mamaya tamamen ge\u00e7i\u015f yap\u0131n\u0131z. Her zaman taze ve temiz su bulundurdu\u011funuzdan emin olunuz! Evcil hayvan\u0131n\u0131z\u0131n ihtiya\u00e7lar\u0131, o ya\u015fland\u0131k\u00e7a de\u011fi\u015fiklik g\u00f6sterebilir. Veteriner hekiminize her kontrolde sormay\u0131 ihmal etmeyiniz.\" \/>\n<meta property=\"og:url\" content=\"https:\/\/anadolupet.com.tr\/en\/product\/hills-sp-okyanus-balikli-yetiskin-kedi-pouch-12x85g\/\" \/>\n<meta property=\"og:site_name\" content=\"Anadolu Pet Grup\" \/>\n<meta property=\"article:modified_time\" content=\"2026-02-23T12:48:54+00:00\" \/>\n<meta property=\"og:image\" content=\"https:\/\/anadolupet.com.tr\/wp-content\/uploads\/2026\/02\/615-607079.jpg\" \/>\n\t<meta property=\"og:image:width\" content=\"750\" \/>\n\t<meta property=\"og:image:height\" content=\"750\" \/>\n\t<meta property=\"og:image:type\" content=\"image\/jpeg\" \/>\n<meta name=\"twitter:card\" content=\"summary_large_image\" \/>\n<script type=\"application\/ld+json\" class=\"yoast-schema-graph\">{\"@context\":\"https:\\\/\\\/schema.org\",\"@graph\":[{\"@type\":\"WebPage\",\"@id\":\"https:\\\/\\\/anadolupet.com.tr\\\/en\\\/product\\\/hills-sp-okyanus-balikli-yetiskin-kedi-pouch-12x85g\\\/\",\"url\":\"https:\\\/\\\/anadolupet.com.tr\\\/en\\\/product\\\/hills-sp-okyanus-balikli-yetiskin-kedi-pouch-12x85g\\\/\",\"name\":\"Hill's SP Okyanus Bal\u0131kl\u0131 Yeti\u015fkin Kedi Pouch 12x85g - Anadolu Pet Grup\",\"isPartOf\":{\"@id\":\"https:\\\/\\\/anadolupet.com.tr\\\/#website\"},\"primaryImageOfPage\":{\"@id\":\"https:\\\/\\\/anadolupet.com.tr\\\/en\\\/product\\\/hills-sp-okyanus-balikli-yetiskin-kedi-pouch-12x85g\\\/#primaryimage\"},\"image\":{\"@id\":\"https:\\\/\\\/anadolupet.com.tr\\\/en\\\/product\\\/hills-sp-okyanus-balikli-yetiskin-kedi-pouch-12x85g\\\/#primaryimage\"},\"thumbnailUrl\":\"https:\\\/\\\/anadolupet.com.tr\\\/wp-content\\\/uploads\\\/2026\\\/02\\\/615-607079.jpg\",\"datePublished\":\"2026-02-14T14:41:41+00:00\",\"dateModified\":\"2026-02-23T12:48:54+00:00\",\"breadcrumb\":{\"@id\":\"https:\\\/\\\/anadolupet.com.tr\\\/en\\\/product\\\/hills-sp-okyanus-balikli-yetiskin-kedi-pouch-12x85g\\\/#breadcrumb\"},\"inLanguage\":\"en-US\",\"potentialAction\":[{\"@type\":\"ReadAction\",\"target\":[\"https:\\\/\\\/anadolupet.com.tr\\\/en\\\/product\\\/hills-sp-okyanus-balikli-yetiskin-kedi-pouch-12x85g\\\/\"]}]},{\"@type\":\"ImageObject\",\"inLanguage\":\"en-US\",\"@id\":\"https:\\\/\\\/anadolupet.com.tr\\\/en\\\/product\\\/hills-sp-okyanus-balikli-yetiskin-kedi-pouch-12x85g\\\/#primaryimage\",\"url\":\"https:\\\/\\\/anadolupet.com.tr\\\/wp-content\\\/uploads\\\/2026\\\/02\\\/615-607079.jpg\",\"contentUrl\":\"https:\\\/\\\/anadolupet.com.tr\\\/wp-content\\\/uploads\\\/2026\\\/02\\\/615-607079.jpg\",\"width\":750,\"height\":750},{\"@type\":\"BreadcrumbList\",\"@id\":\"https:\\\/\\\/anadolupet.com.tr\\\/en\\\/product\\\/hills-sp-okyanus-balikli-yetiskin-kedi-pouch-12x85g\\\/#breadcrumb\",\"itemListElement\":[{\"@type\":\"ListItem\",\"position\":1,\"name\":\"Anasayfa\",\"item\":\"https:\\\/\\\/anadolupet.com.tr\\\/\"},{\"@type\":\"ListItem\",\"position\":2,\"name\":\"\u00dcr\u00fcnler\",\"item\":\"https:\\\/\\\/anadolupet.com.tr\\\/urunler\\\/\"},{\"@type\":\"ListItem\",\"position\":3,\"name\":\"Hill&#8217;s SP Okyanus Bal\u0131kl\u0131 Yeti\u015fkin Kedi Pouch 12x85g\"}]},{\"@type\":\"WebSite\",\"@id\":\"https:\\\/\\\/anadolupet.com.tr\\\/#website\",\"url\":\"https:\\\/\\\/anadolupet.com.tr\\\/\",\"name\":\"Anadolu Pet Grup\",\"description\":\"Her Can\u0131n \u0130yi Ya\u015fam\u0131 \u0130\u00e7in Biraraday\u0131z\",\"publisher\":{\"@id\":\"https:\\\/\\\/anadolupet.com.tr\\\/#organization\"},\"potentialAction\":[{\"@type\":\"SearchAction\",\"target\":{\"@type\":\"EntryPoint\",\"urlTemplate\":\"https:\\\/\\\/anadolupet.com.tr\\\/?s={search_term_string}\"},\"query-input\":{\"@type\":\"PropertyValueSpecification\",\"valueRequired\":true,\"valueName\":\"search_term_string\"}}],\"inLanguage\":\"en-US\"},{\"@type\":\"Organization\",\"@id\":\"https:\\\/\\\/anadolupet.com.tr\\\/#organization\",\"name\":\"Anadolu Pet Grup\",\"alternateName\":\"Anadolu Pet\",\"url\":\"https:\\\/\\\/anadolupet.com.tr\\\/\",\"logo\":{\"@type\":\"ImageObject\",\"inLanguage\":\"en-US\",\"@id\":\"https:\\\/\\\/anadolupet.com.tr\\\/#\\\/schema\\\/logo\\\/image\\\/\",\"url\":\"https:\\\/\\\/anadolupet.com.tr\\\/wp-content\\\/uploads\\\/2026\\\/03\\\/1614666743370.jpg\",\"contentUrl\":\"https:\\\/\\\/anadolupet.com.tr\\\/wp-content\\\/uploads\\\/2026\\\/03\\\/1614666743370.jpg\",\"width\":800,\"height\":571,\"caption\":\"Anadolu Pet Grup\"},\"image\":{\"@id\":\"https:\\\/\\\/anadolupet.com.tr\\\/#\\\/schema\\\/logo\\\/image\\\/\"}}]}<\/script>\n<!-- \/ Yoast SEO plugin. -->","yoast_head_json":{"title":"Hill's SP Okyanus Bal\u0131kl\u0131 Yeti\u015fkin Kedi Pouch 12x85g - Anadolu Pet Grup","robots":{"index":"index","follow":"follow","max-snippet":"max-snippet:-1","max-image-preview":"max-image-preview:large","max-video-preview":"max-video-preview:-1"},"canonical":"https:\/\/anadolupet.com.tr\/en\/product\/hills-sp-okyanus-balikli-yetiskin-kedi-pouch-12x85g\/","og_locale":"en_US","og_type":"article","og_title":"Hill's SP Okyanus Bal\u0131kl\u0131 Yeti\u015fkin Kedi Pouch 12x85g - Anadolu Pet Grup","og_description":"Yeti\u015fkin kedinizin sa\u011fl\u0131kl\u0131 sindirimi, parlak t\u00fcyleri, ya\u011fs\u0131z kas k\u00fctlesini ve ba\u011f\u0131\u015f\u0131kl\u0131k sistemi sa\u011fl\u0131\u011f\u0131n\u0131 destekleyen bir kedi mamas\u0131na ihtiyac\u0131 vard\u0131r. HILL'S SCIENCE PLAN Adult ya\u015f kedi mamas\u0131, y\u00fcksek kaliteli ve sindirimi kolay malzemelerden \u00fcretilir ve kedilerin ya\u015famlar\u0131n\u0131n olgunluk d\u00f6neminde enerji ihtiya\u00e7lar\u0131n\u0131 kar\u015f\u0131lamak i\u00e7in \u00f6zel olarak form\u00fcle edilmi\u015ftir. Y\u00fcksek kaliteli malzemelerden \u00fcretilmi\u015f olan HILL'S SCIENCE PLAN Adult kedi mamas\u0131, kedinizin derisini ve t\u00fcylerini beslemek i\u00e7in E vitamininin yan\u0131 s\u0131ra omega-3 ve omega-6 ya\u011f asitleri i\u00e7erir. Y\u00fcksek kaliteli proteinler i\u00e7eren bu birinci s\u0131n\u0131f kedi mamas\u0131, ayn\u0131 zamanda yeti\u015fkin kedinizin ya\u011fs\u0131z kas k\u00fctlesini korumas\u0131na yard\u0131mc\u0131 olur. Ek olarak, bu yeti\u015fkin kuru kedi mamas\u0131, yeti\u015fkin kedinizin kalp sa\u011fl\u0131\u011f\u0131n\u0131, idrar kesesi ve b\u00f6brek fonksiyonunu desteklemek i\u00e7in gerekli taurin ve dengeli miktarda mineralleri i\u00e7erir.\u00a0HILL'S Science Plan'\u0131n yeni g\u00f6r\u00fcn\u00fcm\u00fcn\u00fc siz de seveceksiniz. Baz\u0131 Science Plan \u00fcr\u00fcnlerimiz art\u0131k yeni isimlere, yeni mama tanesi \u015fekillerine ve yeni form\u00fcllere sahiptir. \u0130\u00c7\u0130NDEK\u0130LER: Et ve hayvan t\u00fcrevleri, bal\u0131k ve bal\u0131k t\u00fcrevleri (okyanus bal\u0131\u011f\u0131 4%), bitkisel orjinli t\u00fcrevler, tah\u0131llar, \u00e7e\u015fitli \u015fekerler, yumurta ve yumurta t\u00fcrevleri, bitkisel protein ekstrat\u0131, mineraller, s\u0131v\u0131 ve kat\u0131 ya\u011flar. KG BA\u015eINA KATKILAR: Besinsel katk\u0131lar: 3b103 (Demir) 9,1mg, 3b202 (\u0130yodin) 0,3mg, 3b405 (Bak\u0131r) 1,5mg, 3b502 (Manganez) 2,0mg, 3b603 (\u00c7inko) 23,5mg, do\u011fal karamel ile renklendirilmi\u015ftir. ANAL\u0130T\u0130K B\u0130LE\u015eENLER: Protein 7,4%, Ya\u011f i\u00e7eri\u011fi 4,3%, Ham sel\u00fcloz 0,47%, Ham k\u00fcl 1,2%, Nem 80,7%, Kalsiyum 0,14%, Fosfor 0,12%, Sodyum 0,07%, Potasyum 0,15%, Magnezyum 0,01%; kg ba\u015f\u0131na: A Vitamini 23.918IU, D3 Vitamini 248IU, E Vitamini 106mg, C Vitamini 18,5mg, Beta-karoten 0,22mg. Yeti\u015fkin kediler i\u00e7in tam ve dengeli evcil hayvan mamas\u0131. BESLEME TAL\u0130MATI: Tam ve do\u011fru besleme talimatlar\u0131 i\u00e7in l\u00fctfen pakete bak\u0131n\u0131z. G\u00fcnl\u00fck mama miktar\u0131n\u0131, kedinizin ideal kilosunu koruyacak \u015fekilde ayarlay\u0131n\u0131z. E\u011fer emin de\u011fil iseniz, veteriner hekiminize dan\u0131\u015f\u0131n\u0131z. Bu mamay\u0131 ilk defa m\u0131 kullan\u0131yorsunuz? Eski mama ile yeni maman\u0131n bir kar\u0131\u015f\u0131m\u0131n\u0131 haz\u0131rlay\u0131n\u0131z ve eski maman\u0131n miktar\u0131n\u0131 kademeli olarak azaltarak 7 g\u00fcn sonunda yeni mamaya tamamen ge\u00e7i\u015f yap\u0131n\u0131z. Her zaman taze ve temiz su bulundurdu\u011funuzdan emin olunuz! Evcil hayvan\u0131n\u0131z\u0131n ihtiya\u00e7lar\u0131, o ya\u015fland\u0131k\u00e7a de\u011fi\u015fiklik g\u00f6sterebilir. Veteriner hekiminize her kontrolde sormay\u0131 ihmal etmeyiniz.","og_url":"https:\/\/anadolupet.com.tr\/en\/product\/hills-sp-okyanus-balikli-yetiskin-kedi-pouch-12x85g\/","og_site_name":"Anadolu Pet Grup","article_modified_time":"2026-02-23T12:48:54+00:00","og_image":[{"width":750,"height":750,"url":"https:\/\/anadolupet.com.tr\/wp-content\/uploads\/2026\/02\/615-607079.jpg","type":"image\/jpeg"}],"twitter_card":"summary_large_image","schema":{"@context":"https:\/\/schema.org","@graph":[{"@type":"WebPage","@id":"https:\/\/anadolupet.com.tr\/en\/product\/hills-sp-okyanus-balikli-yetiskin-kedi-pouch-12x85g\/","url":"https:\/\/anadolupet.com.tr\/en\/product\/hills-sp-okyanus-balikli-yetiskin-kedi-pouch-12x85g\/","name":"Hill's SP Okyanus Bal\u0131kl\u0131 Yeti\u015fkin Kedi Pouch 12x85g - Anadolu Pet Grup","isPartOf":{"@id":"https:\/\/anadolupet.com.tr\/#website"},"primaryImageOfPage":{"@id":"https:\/\/anadolupet.com.tr\/en\/product\/hills-sp-okyanus-balikli-yetiskin-kedi-pouch-12x85g\/#primaryimage"},"image":{"@id":"https:\/\/anadolupet.com.tr\/en\/product\/hills-sp-okyanus-balikli-yetiskin-kedi-pouch-12x85g\/#primaryimage"},"thumbnailUrl":"https:\/\/anadolupet.com.tr\/wp-content\/uploads\/2026\/02\/615-607079.jpg","datePublished":"2026-02-14T14:41:41+00:00","dateModified":"2026-02-23T12:48:54+00:00","breadcrumb":{"@id":"https:\/\/anadolupet.com.tr\/en\/product\/hills-sp-okyanus-balikli-yetiskin-kedi-pouch-12x85g\/#breadcrumb"},"inLanguage":"en-US","potentialAction":[{"@type":"ReadAction","target":["https:\/\/anadolupet.com.tr\/en\/product\/hills-sp-okyanus-balikli-yetiskin-kedi-pouch-12x85g\/"]}]},{"@type":"ImageObject","inLanguage":"en-US","@id":"https:\/\/anadolupet.com.tr\/en\/product\/hills-sp-okyanus-balikli-yetiskin-kedi-pouch-12x85g\/#primaryimage","url":"https:\/\/anadolupet.com.tr\/wp-content\/uploads\/2026\/02\/615-607079.jpg","contentUrl":"https:\/\/anadolupet.com.tr\/wp-content\/uploads\/2026\/02\/615-607079.jpg","width":750,"height":750},{"@type":"BreadcrumbList","@id":"https:\/\/anadolupet.com.tr\/en\/product\/hills-sp-okyanus-balikli-yetiskin-kedi-pouch-12x85g\/#breadcrumb","itemListElement":[{"@type":"ListItem","position":1,"name":"Anasayfa","item":"https:\/\/anadolupet.com.tr\/"},{"@type":"ListItem","position":2,"name":"\u00dcr\u00fcnler","item":"https:\/\/anadolupet.com.tr\/urunler\/"},{"@type":"ListItem","position":3,"name":"Hill&#8217;s SP Okyanus Bal\u0131kl\u0131 Yeti\u015fkin Kedi Pouch 12x85g"}]},{"@type":"WebSite","@id":"https:\/\/anadolupet.com.tr\/#website","url":"https:\/\/anadolupet.com.tr\/","name":"Anadolu Pet Group","description":"We Stand Together for the Well-Being of Every Life","publisher":{"@id":"https:\/\/anadolupet.com.tr\/#organization"},"potentialAction":[{"@type":"SearchAction","target":{"@type":"EntryPoint","urlTemplate":"https:\/\/anadolupet.com.tr\/?s={search_term_string}"},"query-input":{"@type":"PropertyValueSpecification","valueRequired":true,"valueName":"search_term_string"}}],"inLanguage":"en-US"},{"@type":"Organization","@id":"https:\/\/anadolupet.com.tr\/#organization","name":"Anadolu Pet Group","alternateName":"Anadolu Pet","url":"https:\/\/anadolupet.com.tr\/","logo":{"@type":"ImageObject","inLanguage":"en-US","@id":"https:\/\/anadolupet.com.tr\/#\/schema\/logo\/image\/","url":"https:\/\/anadolupet.com.tr\/wp-content\/uploads\/2026\/03\/1614666743370.jpg","contentUrl":"https:\/\/anadolupet.com.tr\/wp-content\/uploads\/2026\/03\/1614666743370.jpg","width":800,"height":571,"caption":"Anadolu Pet Grup"},"image":{"@id":"https:\/\/anadolupet.com.tr\/#\/schema\/logo\/image\/"}}]}},"_links":{"self":[{"href":"https:\/\/anadolupet.com.tr\/en\/wp-json\/wp\/v2\/product\/45456","targetHints":{"allow":["GET"]}}],"collection":[{"href":"https:\/\/anadolupet.com.tr\/en\/wp-json\/wp\/v2\/product"}],"about":[{"href":"https:\/\/anadolupet.com.tr\/en\/wp-json\/wp\/v2\/types\/product"}],"replies":[{"embeddable":true,"href":"https:\/\/anadolupet.com.tr\/en\/wp-json\/wp\/v2\/comments?post=45456"}],"wp:featuredmedia":[{"embeddable":true,"href":"https:\/\/anadolupet.com.tr\/en\/wp-json\/wp\/v2\/media\/44229"}],"wp:attachment":[{"href":"https:\/\/anadolupet.com.tr\/en\/wp-json\/wp\/v2\/media?parent=45456"}],"wp:term":[{"taxonomy":"product_brand","embeddable":true,"href":"https:\/\/anadolupet.com.tr\/en\/wp-json\/wp\/v2\/product_brand?post=45456"},{"taxonomy":"product_cat","embeddable":true,"href":"https:\/\/anadolupet.com.tr\/en\/wp-json\/wp\/v2\/product_cat?post=45456"},{"taxonomy":"product_tag","embeddable":true,"href":"https:\/\/anadolupet.com.tr\/en\/wp-json\/wp\/v2\/product_tag?post=45456"}],"curies":[{"name":"wp","href":"https:\/\/api.w.org\/{rel}","templated":true}]}}