{"id":45458,"date":"2026-02-14T14:41:41","date_gmt":"2026-02-14T14:41:41","guid":{"rendered":"https:\/\/anadolupet.com.tr\/urun\/hills-sp-ordekli-kisirlastirilmis-yetiskin-kedi-mamasi-3kg\/"},"modified":"2026-02-23T12:48:54","modified_gmt":"2026-02-23T12:48:54","slug":"hills-sp-ordekli-kisirlastirilmis-yetiskin-kedi-mamasi-3kg","status":"publish","type":"product","link":"https:\/\/anadolupet.com.tr\/en\/urun\/hills-sp-ordekli-kisirlastirilmis-yetiskin-kedi-mamasi-3kg\/","title":{"rendered":"Hill&#8217;s SP \u00d6rdekli K\u0131s\u0131rla\u015ft\u0131r\u0131lm\u0131\u015f Yeti\u015fkin Kedi Mamas\u0131 3KG"},"content":{"rendered":"","protected":false},"excerpt":{"rendered":"<p>K\u0131s\u0131rla\u015ft\u0131rma sonras\u0131 kediniz kilo almaya ve \u00fcriner sistem problemi ya\u015famaya yatk\u0131n hale gelebilir. Ayn\u0131 zamanda i\u015ftah\u0131 artarken, enerji ihtiyac\u0131 d\u00fc\u015fer. HILL&#8217;S SCIENCE PLAN Sterilised Cat Adult mamas\u0131 i\u00e7erdi\u011fi e\u015fsiz kilo kontrol form\u00fcl\u00fc ile k\u0131s\u0131rla\u015ft\u0131r\u0131lm\u0131\u015f kedinizin ideal kilosunu korumas\u0131na yard\u0131mc\u0131 olur.<br \/>\n\u0130\u00c7\u0130NDEK\u0130LER: M\u0131s\u0131r, m\u0131s\u0131r gluten unu, tavuk ve hindi unu (toplam k\u00fcmes hayvanlar\u0131 %16), \u00f6rdek unu (%4), hayvansal ya\u011f, mineraller, bal\u0131k ya\u011f\u0131, dijest.<br \/>\nKG BA\u015eINA KATKILAR: Besinsel katk\u0131lar: 3b103 (Demir) 60,6mg, 3b202 (\u0130yodin) 0,9mg, 3b405 (Bak\u0131r) 6,0mg, 3b502 (Manganez) 6,3mg, 3b603 (\u00c7inko) 125mg, 3b801 (Selenyum) 0,1mg; do\u011fal antioksidan ile.<br \/>\nANAL\u0130T\u0130K B\u0130LE\u015eENLER: Protein 32,0%, Ya\u011f i\u00e7eri\u011fi 10,4%, Ham sel\u00fcloz 1,2%, Ham k\u00fcl 5,4%, Kalsiyum 0,85%, Fosfor 0,73%, Sodyum 0,35%, Potasyum 0,67%, Magnezyum 0,09%, L-lizin 2,1%; kg ba\u015f\u0131na: A Vitamini 7.945IU, D3 Vitamini 685IU, E Vitamini 550mg, C Vitamini 90mg, Beta-karoten 1,5mg, L-karnitin 519mg.<br \/>\nHill&#8217;s Science Plan STERILISED CAT ADULT CAT FOOD with DUCK, 1-6 ya\u015f aras\u0131 k\u0131s\u0131rla\u015ft\u0131r\u0131lm\u0131\u015f kediler i\u00e7in tam ve dengeli bir evcil hayvan mamas\u0131d\u0131r.<br \/>\nBESLEME TAL\u0130MATI: B\u00fct\u00fcn besleme talimatlar\u0131 i\u00e7in pakete bak\u0131n\u0131z. G\u00fcnl\u00fck mama miktar\u0131n\u0131 kedinizin ideal kilosunu koruyacak \u015fekilde ayarlay\u0131n\u0131z. E\u011fer emin de\u011filseniz veteriner hekiminize dan\u0131\u015f\u0131n\u0131z. Bu mamay\u0131 ilk defa m\u0131 kullan\u0131yorsunuz? Eski maman\u0131n miktar\u0131n\u0131 kademeli olarak azaltt\u0131\u011f\u0131n\u0131z, yeni maman\u0131n miktar\u0131n\u0131 ise kademeli olarak artt\u0131rd\u0131\u011f\u0131n\u0131z bir kar\u0131\u015f\u0131m haz\u0131rlayarak, 7 g\u00fcn sonunda tamamen yeni mamaya ge\u00e7i\u015f yap\u0131n\u0131z. Her zaman taze ve temiz su bulundurunuz! Evcil hayvan\u0131n\u0131z\u0131n beslenme ihtiya\u00e7lar\u0131 ya\u015fland\u0131k\u00e7a de\u011fi\u015febilir. Her muayenede veteriner hekiminize dan\u0131\u015f\u0131n\u0131z.<\/p>","protected":false},"featured_media":44179,"comment_status":"open","ping_status":"closed","template":"","meta":{"_acf_changed":false},"product_brand":[],"product_cat":[2442],"product_tag":[],"class_list":{"0":"post-45458","1":"product","2":"type-product","3":"status-publish","4":"has-post-thumbnail","6":"product_cat-yetiskin-kedi-mamalari","8":"first","9":"instock","10":"shipping-taxable","11":"product-type-simple"},"acf":[],"yoast_head":"<!-- This site is optimized with the Yoast SEO plugin v27.5 - https:\/\/yoast.com\/product\/yoast-seo-wordpress\/ -->\n<title>Hill&#039;s SP \u00d6rdekli K\u0131s\u0131rla\u015ft\u0131r\u0131lm\u0131\u015f Yeti\u015fkin Kedi Mamas\u0131 3KG - Anadolu Pet Grup<\/title>\n<meta name=\"robots\" content=\"index, follow, max-snippet:-1, max-image-preview:large, max-video-preview:-1\" \/>\n<link rel=\"canonical\" href=\"https:\/\/anadolupet.com.tr\/en\/product\/hills-sp-ordekli-kisirlastirilmis-yetiskin-kedi-mamasi-3kg\/\" \/>\n<meta property=\"og:locale\" content=\"en_US\" \/>\n<meta property=\"og:type\" content=\"article\" \/>\n<meta property=\"og:title\" content=\"Hill&#039;s SP \u00d6rdekli K\u0131s\u0131rla\u015ft\u0131r\u0131lm\u0131\u015f Yeti\u015fkin Kedi Mamas\u0131 3KG - Anadolu Pet Grup\" \/>\n<meta property=\"og:description\" content=\"K\u0131s\u0131rla\u015ft\u0131rma sonras\u0131 kediniz kilo almaya ve \u00fcriner sistem problemi ya\u015famaya yatk\u0131n hale gelebilir. Ayn\u0131 zamanda i\u015ftah\u0131 artarken, enerji ihtiyac\u0131 d\u00fc\u015fer. HILL&#039;S SCIENCE PLAN Sterilised Cat Adult mamas\u0131 i\u00e7erdi\u011fi e\u015fsiz kilo kontrol form\u00fcl\u00fc ile k\u0131s\u0131rla\u015ft\u0131r\u0131lm\u0131\u015f kedinizin ideal kilosunu korumas\u0131na yard\u0131mc\u0131 olur. \u0130\u00c7\u0130NDEK\u0130LER: M\u0131s\u0131r, m\u0131s\u0131r gluten unu, tavuk ve hindi unu (toplam k\u00fcmes hayvanlar\u0131 %16), \u00f6rdek unu (%4), hayvansal ya\u011f, mineraller, bal\u0131k ya\u011f\u0131, dijest. KG BA\u015eINA KATKILAR: Besinsel katk\u0131lar: 3b103 (Demir) 60,6mg, 3b202 (\u0130yodin) 0,9mg, 3b405 (Bak\u0131r) 6,0mg, 3b502 (Manganez) 6,3mg, 3b603 (\u00c7inko) 125mg, 3b801 (Selenyum) 0,1mg; do\u011fal antioksidan ile. ANAL\u0130T\u0130K B\u0130LE\u015eENLER: Protein 32,0%, Ya\u011f i\u00e7eri\u011fi 10,4%, Ham sel\u00fcloz 1,2%, Ham k\u00fcl 5,4%, Kalsiyum 0,85%, Fosfor 0,73%, Sodyum 0,35%, Potasyum 0,67%, Magnezyum 0,09%, L-lizin 2,1%; kg ba\u015f\u0131na: A Vitamini 7.945IU, D3 Vitamini 685IU, E Vitamini 550mg, C Vitamini 90mg, Beta-karoten 1,5mg, L-karnitin 519mg. Hill&#039;s Science Plan STERILISED CAT ADULT CAT FOOD with DUCK, 1-6 ya\u015f aras\u0131 k\u0131s\u0131rla\u015ft\u0131r\u0131lm\u0131\u015f kediler i\u00e7in tam ve dengeli bir evcil hayvan mamas\u0131d\u0131r. BESLEME TAL\u0130MATI: B\u00fct\u00fcn besleme talimatlar\u0131 i\u00e7in pakete bak\u0131n\u0131z. G\u00fcnl\u00fck mama miktar\u0131n\u0131 kedinizin ideal kilosunu koruyacak \u015fekilde ayarlay\u0131n\u0131z. E\u011fer emin de\u011filseniz veteriner hekiminize dan\u0131\u015f\u0131n\u0131z. Bu mamay\u0131 ilk defa m\u0131 kullan\u0131yorsunuz? Eski maman\u0131n miktar\u0131n\u0131 kademeli olarak azaltt\u0131\u011f\u0131n\u0131z, yeni maman\u0131n miktar\u0131n\u0131 ise kademeli olarak artt\u0131rd\u0131\u011f\u0131n\u0131z bir kar\u0131\u015f\u0131m haz\u0131rlayarak, 7 g\u00fcn sonunda tamamen yeni mamaya ge\u00e7i\u015f yap\u0131n\u0131z. Her zaman taze ve temiz su bulundurunuz! Evcil hayvan\u0131n\u0131z\u0131n beslenme ihtiya\u00e7lar\u0131 ya\u015fland\u0131k\u00e7a de\u011fi\u015febilir. Her muayenede veteriner hekiminize dan\u0131\u015f\u0131n\u0131z.\" \/>\n<meta property=\"og:url\" content=\"https:\/\/anadolupet.com.tr\/en\/product\/hills-sp-ordekli-kisirlastirilmis-yetiskin-kedi-mamasi-3kg\/\" \/>\n<meta property=\"og:site_name\" content=\"Anadolu Pet Grup\" \/>\n<meta property=\"article:modified_time\" content=\"2026-02-23T12:48:54+00:00\" \/>\n<meta property=\"og:image\" content=\"https:\/\/anadolupet.com.tr\/wp-content\/uploads\/2026\/02\/610-607278.jpg\" \/>\n\t<meta property=\"og:image:width\" content=\"750\" \/>\n\t<meta property=\"og:image:height\" content=\"750\" \/>\n\t<meta property=\"og:image:type\" content=\"image\/jpeg\" \/>\n<meta name=\"twitter:card\" content=\"summary_large_image\" \/>\n<script type=\"application\/ld+json\" class=\"yoast-schema-graph\">{\"@context\":\"https:\\\/\\\/schema.org\",\"@graph\":[{\"@type\":\"WebPage\",\"@id\":\"https:\\\/\\\/anadolupet.com.tr\\\/en\\\/product\\\/hills-sp-ordekli-kisirlastirilmis-yetiskin-kedi-mamasi-3kg\\\/\",\"url\":\"https:\\\/\\\/anadolupet.com.tr\\\/en\\\/product\\\/hills-sp-ordekli-kisirlastirilmis-yetiskin-kedi-mamasi-3kg\\\/\",\"name\":\"Hill's SP \u00d6rdekli K\u0131s\u0131rla\u015ft\u0131r\u0131lm\u0131\u015f Yeti\u015fkin Kedi Mamas\u0131 3KG - Anadolu Pet Grup\",\"isPartOf\":{\"@id\":\"https:\\\/\\\/anadolupet.com.tr\\\/#website\"},\"primaryImageOfPage\":{\"@id\":\"https:\\\/\\\/anadolupet.com.tr\\\/en\\\/product\\\/hills-sp-ordekli-kisirlastirilmis-yetiskin-kedi-mamasi-3kg\\\/#primaryimage\"},\"image\":{\"@id\":\"https:\\\/\\\/anadolupet.com.tr\\\/en\\\/product\\\/hills-sp-ordekli-kisirlastirilmis-yetiskin-kedi-mamasi-3kg\\\/#primaryimage\"},\"thumbnailUrl\":\"https:\\\/\\\/anadolupet.com.tr\\\/wp-content\\\/uploads\\\/2026\\\/02\\\/610-607278.jpg\",\"datePublished\":\"2026-02-14T14:41:41+00:00\",\"dateModified\":\"2026-02-23T12:48:54+00:00\",\"breadcrumb\":{\"@id\":\"https:\\\/\\\/anadolupet.com.tr\\\/en\\\/product\\\/hills-sp-ordekli-kisirlastirilmis-yetiskin-kedi-mamasi-3kg\\\/#breadcrumb\"},\"inLanguage\":\"en-US\",\"potentialAction\":[{\"@type\":\"ReadAction\",\"target\":[\"https:\\\/\\\/anadolupet.com.tr\\\/en\\\/product\\\/hills-sp-ordekli-kisirlastirilmis-yetiskin-kedi-mamasi-3kg\\\/\"]}]},{\"@type\":\"ImageObject\",\"inLanguage\":\"en-US\",\"@id\":\"https:\\\/\\\/anadolupet.com.tr\\\/en\\\/product\\\/hills-sp-ordekli-kisirlastirilmis-yetiskin-kedi-mamasi-3kg\\\/#primaryimage\",\"url\":\"https:\\\/\\\/anadolupet.com.tr\\\/wp-content\\\/uploads\\\/2026\\\/02\\\/610-607278.jpg\",\"contentUrl\":\"https:\\\/\\\/anadolupet.com.tr\\\/wp-content\\\/uploads\\\/2026\\\/02\\\/610-607278.jpg\",\"width\":750,\"height\":750},{\"@type\":\"BreadcrumbList\",\"@id\":\"https:\\\/\\\/anadolupet.com.tr\\\/en\\\/product\\\/hills-sp-ordekli-kisirlastirilmis-yetiskin-kedi-mamasi-3kg\\\/#breadcrumb\",\"itemListElement\":[{\"@type\":\"ListItem\",\"position\":1,\"name\":\"Anasayfa\",\"item\":\"https:\\\/\\\/anadolupet.com.tr\\\/\"},{\"@type\":\"ListItem\",\"position\":2,\"name\":\"\u00dcr\u00fcnler\",\"item\":\"https:\\\/\\\/anadolupet.com.tr\\\/urunler\\\/\"},{\"@type\":\"ListItem\",\"position\":3,\"name\":\"Hill&#8217;s SP \u00d6rdekli K\u0131s\u0131rla\u015ft\u0131r\u0131lm\u0131\u015f Yeti\u015fkin Kedi Mamas\u0131 3KG\"}]},{\"@type\":\"WebSite\",\"@id\":\"https:\\\/\\\/anadolupet.com.tr\\\/#website\",\"url\":\"https:\\\/\\\/anadolupet.com.tr\\\/\",\"name\":\"Anadolu Pet Grup\",\"description\":\"Her Can\u0131n \u0130yi Ya\u015fam\u0131 \u0130\u00e7in Biraraday\u0131z\",\"publisher\":{\"@id\":\"https:\\\/\\\/anadolupet.com.tr\\\/#organization\"},\"potentialAction\":[{\"@type\":\"SearchAction\",\"target\":{\"@type\":\"EntryPoint\",\"urlTemplate\":\"https:\\\/\\\/anadolupet.com.tr\\\/?s={search_term_string}\"},\"query-input\":{\"@type\":\"PropertyValueSpecification\",\"valueRequired\":true,\"valueName\":\"search_term_string\"}}],\"inLanguage\":\"en-US\"},{\"@type\":\"Organization\",\"@id\":\"https:\\\/\\\/anadolupet.com.tr\\\/#organization\",\"name\":\"Anadolu Pet Grup\",\"alternateName\":\"Anadolu Pet\",\"url\":\"https:\\\/\\\/anadolupet.com.tr\\\/\",\"logo\":{\"@type\":\"ImageObject\",\"inLanguage\":\"en-US\",\"@id\":\"https:\\\/\\\/anadolupet.com.tr\\\/#\\\/schema\\\/logo\\\/image\\\/\",\"url\":\"https:\\\/\\\/anadolupet.com.tr\\\/wp-content\\\/uploads\\\/2026\\\/03\\\/1614666743370.jpg\",\"contentUrl\":\"https:\\\/\\\/anadolupet.com.tr\\\/wp-content\\\/uploads\\\/2026\\\/03\\\/1614666743370.jpg\",\"width\":800,\"height\":571,\"caption\":\"Anadolu Pet Grup\"},\"image\":{\"@id\":\"https:\\\/\\\/anadolupet.com.tr\\\/#\\\/schema\\\/logo\\\/image\\\/\"}}]}<\/script>\n<!-- \/ Yoast SEO plugin. -->","yoast_head_json":{"title":"Hill's SP \u00d6rdekli K\u0131s\u0131rla\u015ft\u0131r\u0131lm\u0131\u015f Yeti\u015fkin Kedi Mamas\u0131 3KG - Anadolu Pet Grup","robots":{"index":"index","follow":"follow","max-snippet":"max-snippet:-1","max-image-preview":"max-image-preview:large","max-video-preview":"max-video-preview:-1"},"canonical":"https:\/\/anadolupet.com.tr\/en\/product\/hills-sp-ordekli-kisirlastirilmis-yetiskin-kedi-mamasi-3kg\/","og_locale":"en_US","og_type":"article","og_title":"Hill's SP \u00d6rdekli K\u0131s\u0131rla\u015ft\u0131r\u0131lm\u0131\u015f Yeti\u015fkin Kedi Mamas\u0131 3KG - Anadolu Pet Grup","og_description":"K\u0131s\u0131rla\u015ft\u0131rma sonras\u0131 kediniz kilo almaya ve \u00fcriner sistem problemi ya\u015famaya yatk\u0131n hale gelebilir. Ayn\u0131 zamanda i\u015ftah\u0131 artarken, enerji ihtiyac\u0131 d\u00fc\u015fer. HILL'S SCIENCE PLAN Sterilised Cat Adult mamas\u0131 i\u00e7erdi\u011fi e\u015fsiz kilo kontrol form\u00fcl\u00fc ile k\u0131s\u0131rla\u015ft\u0131r\u0131lm\u0131\u015f kedinizin ideal kilosunu korumas\u0131na yard\u0131mc\u0131 olur. \u0130\u00c7\u0130NDEK\u0130LER: M\u0131s\u0131r, m\u0131s\u0131r gluten unu, tavuk ve hindi unu (toplam k\u00fcmes hayvanlar\u0131 %16), \u00f6rdek unu (%4), hayvansal ya\u011f, mineraller, bal\u0131k ya\u011f\u0131, dijest. KG BA\u015eINA KATKILAR: Besinsel katk\u0131lar: 3b103 (Demir) 60,6mg, 3b202 (\u0130yodin) 0,9mg, 3b405 (Bak\u0131r) 6,0mg, 3b502 (Manganez) 6,3mg, 3b603 (\u00c7inko) 125mg, 3b801 (Selenyum) 0,1mg; do\u011fal antioksidan ile. ANAL\u0130T\u0130K B\u0130LE\u015eENLER: Protein 32,0%, Ya\u011f i\u00e7eri\u011fi 10,4%, Ham sel\u00fcloz 1,2%, Ham k\u00fcl 5,4%, Kalsiyum 0,85%, Fosfor 0,73%, Sodyum 0,35%, Potasyum 0,67%, Magnezyum 0,09%, L-lizin 2,1%; kg ba\u015f\u0131na: A Vitamini 7.945IU, D3 Vitamini 685IU, E Vitamini 550mg, C Vitamini 90mg, Beta-karoten 1,5mg, L-karnitin 519mg. Hill's Science Plan STERILISED CAT ADULT CAT FOOD with DUCK, 1-6 ya\u015f aras\u0131 k\u0131s\u0131rla\u015ft\u0131r\u0131lm\u0131\u015f kediler i\u00e7in tam ve dengeli bir evcil hayvan mamas\u0131d\u0131r. BESLEME TAL\u0130MATI: B\u00fct\u00fcn besleme talimatlar\u0131 i\u00e7in pakete bak\u0131n\u0131z. G\u00fcnl\u00fck mama miktar\u0131n\u0131 kedinizin ideal kilosunu koruyacak \u015fekilde ayarlay\u0131n\u0131z. E\u011fer emin de\u011filseniz veteriner hekiminize dan\u0131\u015f\u0131n\u0131z. Bu mamay\u0131 ilk defa m\u0131 kullan\u0131yorsunuz? Eski maman\u0131n miktar\u0131n\u0131 kademeli olarak azaltt\u0131\u011f\u0131n\u0131z, yeni maman\u0131n miktar\u0131n\u0131 ise kademeli olarak artt\u0131rd\u0131\u011f\u0131n\u0131z bir kar\u0131\u015f\u0131m haz\u0131rlayarak, 7 g\u00fcn sonunda tamamen yeni mamaya ge\u00e7i\u015f yap\u0131n\u0131z. Her zaman taze ve temiz su bulundurunuz! Evcil hayvan\u0131n\u0131z\u0131n beslenme ihtiya\u00e7lar\u0131 ya\u015fland\u0131k\u00e7a de\u011fi\u015febilir. Her muayenede veteriner hekiminize dan\u0131\u015f\u0131n\u0131z.","og_url":"https:\/\/anadolupet.com.tr\/en\/product\/hills-sp-ordekli-kisirlastirilmis-yetiskin-kedi-mamasi-3kg\/","og_site_name":"Anadolu Pet Grup","article_modified_time":"2026-02-23T12:48:54+00:00","og_image":[{"width":750,"height":750,"url":"https:\/\/anadolupet.com.tr\/wp-content\/uploads\/2026\/02\/610-607278.jpg","type":"image\/jpeg"}],"twitter_card":"summary_large_image","schema":{"@context":"https:\/\/schema.org","@graph":[{"@type":"WebPage","@id":"https:\/\/anadolupet.com.tr\/en\/product\/hills-sp-ordekli-kisirlastirilmis-yetiskin-kedi-mamasi-3kg\/","url":"https:\/\/anadolupet.com.tr\/en\/product\/hills-sp-ordekli-kisirlastirilmis-yetiskin-kedi-mamasi-3kg\/","name":"Hill's SP \u00d6rdekli K\u0131s\u0131rla\u015ft\u0131r\u0131lm\u0131\u015f Yeti\u015fkin Kedi Mamas\u0131 3KG - Anadolu Pet Grup","isPartOf":{"@id":"https:\/\/anadolupet.com.tr\/#website"},"primaryImageOfPage":{"@id":"https:\/\/anadolupet.com.tr\/en\/product\/hills-sp-ordekli-kisirlastirilmis-yetiskin-kedi-mamasi-3kg\/#primaryimage"},"image":{"@id":"https:\/\/anadolupet.com.tr\/en\/product\/hills-sp-ordekli-kisirlastirilmis-yetiskin-kedi-mamasi-3kg\/#primaryimage"},"thumbnailUrl":"https:\/\/anadolupet.com.tr\/wp-content\/uploads\/2026\/02\/610-607278.jpg","datePublished":"2026-02-14T14:41:41+00:00","dateModified":"2026-02-23T12:48:54+00:00","breadcrumb":{"@id":"https:\/\/anadolupet.com.tr\/en\/product\/hills-sp-ordekli-kisirlastirilmis-yetiskin-kedi-mamasi-3kg\/#breadcrumb"},"inLanguage":"en-US","potentialAction":[{"@type":"ReadAction","target":["https:\/\/anadolupet.com.tr\/en\/product\/hills-sp-ordekli-kisirlastirilmis-yetiskin-kedi-mamasi-3kg\/"]}]},{"@type":"ImageObject","inLanguage":"en-US","@id":"https:\/\/anadolupet.com.tr\/en\/product\/hills-sp-ordekli-kisirlastirilmis-yetiskin-kedi-mamasi-3kg\/#primaryimage","url":"https:\/\/anadolupet.com.tr\/wp-content\/uploads\/2026\/02\/610-607278.jpg","contentUrl":"https:\/\/anadolupet.com.tr\/wp-content\/uploads\/2026\/02\/610-607278.jpg","width":750,"height":750},{"@type":"BreadcrumbList","@id":"https:\/\/anadolupet.com.tr\/en\/product\/hills-sp-ordekli-kisirlastirilmis-yetiskin-kedi-mamasi-3kg\/#breadcrumb","itemListElement":[{"@type":"ListItem","position":1,"name":"Anasayfa","item":"https:\/\/anadolupet.com.tr\/"},{"@type":"ListItem","position":2,"name":"\u00dcr\u00fcnler","item":"https:\/\/anadolupet.com.tr\/urunler\/"},{"@type":"ListItem","position":3,"name":"Hill&#8217;s SP \u00d6rdekli K\u0131s\u0131rla\u015ft\u0131r\u0131lm\u0131\u015f Yeti\u015fkin Kedi Mamas\u0131 3KG"}]},{"@type":"WebSite","@id":"https:\/\/anadolupet.com.tr\/#website","url":"https:\/\/anadolupet.com.tr\/","name":"Anadolu Pet Group","description":"We Stand Together for the Well-Being of Every Life","publisher":{"@id":"https:\/\/anadolupet.com.tr\/#organization"},"potentialAction":[{"@type":"SearchAction","target":{"@type":"EntryPoint","urlTemplate":"https:\/\/anadolupet.com.tr\/?s={search_term_string}"},"query-input":{"@type":"PropertyValueSpecification","valueRequired":true,"valueName":"search_term_string"}}],"inLanguage":"en-US"},{"@type":"Organization","@id":"https:\/\/anadolupet.com.tr\/#organization","name":"Anadolu Pet Group","alternateName":"Anadolu Pet","url":"https:\/\/anadolupet.com.tr\/","logo":{"@type":"ImageObject","inLanguage":"en-US","@id":"https:\/\/anadolupet.com.tr\/#\/schema\/logo\/image\/","url":"https:\/\/anadolupet.com.tr\/wp-content\/uploads\/2026\/03\/1614666743370.jpg","contentUrl":"https:\/\/anadolupet.com.tr\/wp-content\/uploads\/2026\/03\/1614666743370.jpg","width":800,"height":571,"caption":"Anadolu Pet Grup"},"image":{"@id":"https:\/\/anadolupet.com.tr\/#\/schema\/logo\/image\/"}}]}},"_links":{"self":[{"href":"https:\/\/anadolupet.com.tr\/en\/wp-json\/wp\/v2\/product\/45458","targetHints":{"allow":["GET"]}}],"collection":[{"href":"https:\/\/anadolupet.com.tr\/en\/wp-json\/wp\/v2\/product"}],"about":[{"href":"https:\/\/anadolupet.com.tr\/en\/wp-json\/wp\/v2\/types\/product"}],"replies":[{"embeddable":true,"href":"https:\/\/anadolupet.com.tr\/en\/wp-json\/wp\/v2\/comments?post=45458"}],"wp:featuredmedia":[{"embeddable":true,"href":"https:\/\/anadolupet.com.tr\/en\/wp-json\/wp\/v2\/media\/44179"}],"wp:attachment":[{"href":"https:\/\/anadolupet.com.tr\/en\/wp-json\/wp\/v2\/media?parent=45458"}],"wp:term":[{"taxonomy":"product_brand","embeddable":true,"href":"https:\/\/anadolupet.com.tr\/en\/wp-json\/wp\/v2\/product_brand?post=45458"},{"taxonomy":"product_cat","embeddable":true,"href":"https:\/\/anadolupet.com.tr\/en\/wp-json\/wp\/v2\/product_cat?post=45458"},{"taxonomy":"product_tag","embeddable":true,"href":"https:\/\/anadolupet.com.tr\/en\/wp-json\/wp\/v2\/product_tag?post=45458"}],"curies":[{"name":"wp","href":"https:\/\/api.w.org\/{rel}","templated":true}]}}