{"id":45461,"date":"2026-02-14T14:41:42","date_gmt":"2026-02-14T14:41:42","guid":{"rendered":"https:\/\/anadolupet.com.tr\/urun\/hills-sp-sigirli-yetiskin-kedi-pouch-12x85g\/"},"modified":"2026-02-23T12:48:55","modified_gmt":"2026-02-23T12:48:55","slug":"hills-sp-sigirli-yetiskin-kedi-pouch-12x85g","status":"publish","type":"product","link":"https:\/\/anadolupet.com.tr\/en\/urun\/hills-sp-sigirli-yetiskin-kedi-pouch-12x85g\/","title":{"rendered":"Hill&#8217;s SP S\u0131\u011f\u0131rl\u0131 Yeti\u015fkin Kedi Pouch 12X85G"},"content":{"rendered":"","protected":false},"excerpt":{"rendered":"<p>Yeti\u015fkin kediler i\u00e7in tam dengeli evcil hayvan mamas\u0131 (s\u0131\u011f\u0131r %4).<br \/>\nANAL\u0130T\u0130K B\u0130LE\u015eENLER: Protein 7,7%, Ya\u011f i\u00e7eri\u011fi 4,1%, Ham lif 0,40%, Ham k\u00fcl 1,2%, Nem 81,5%, Kalsiyum 0,14%, Fosfor 0,12%, Sodyum 0,07%, Potasyum 0,16%, Magnezyum 0,01%; kg ba\u015f\u0131na: A Vitamini 24.378IU, D3 Vitamini 112IU, E Vitamini 106mg, C Vitamini 18,5mg, Beta-karoten 0,22mg.<br \/>\nKG BA\u015eINA KATKILAR: Besinsel katk\u0131lar: 3b103 (Demir) 11,3mg, 3b202 (\u0130yodin) 0,4mg, 3b405 (Bak\u0131r) 1,9mg, 3b502 (Manganez) 2,5mg, 3b603 (\u00c7inko) 29,0mg; do\u011fal karamel ile renklendirilmi\u015ftir.<br \/>\nS\u0131\u011f\u0131rl\u0131: Tavuk, domuz, s\u0131\u011f\u0131r(%4), m\u0131s\u0131r ni\u015fastas\u0131, \u00e7e\u015fitli \u015fekerler, bu\u011fday unu, bezelye proteini, mineraller, sel\u00fcloz, kurutulmu\u015f tam yumurta, kurutulmu\u015f domuz proteini, eser elementler, vitaminler, ay\u00e7i\u00e7ek ya\u011f\u0131, taurin ve beta-karoten . Do\u011fal karamel ve demir oksit ile renklendirilmi\u015ftir.<br \/>\n\u0130\u00c7\u0130NDEK\u0130LER: Et ve hayvansal t\u00fcrevler, bitkisel k\u00f6kenli t\u00fcrevler, \u00e7e\u015fitli \u015fekerler, tah\u0131llar, bitkisel protein \u00f6zleri, mineraller, yumurta ve yumurta t\u00fcrevleri, s\u0131v\u0131 ve kat\u0131 ya\u011flar.<br \/>\nKedilerde ba\u011f\u0131\u015f\u0131kl\u0131\u011f\u0131, sa\u011fl\u0131kl\u0131 sindirimi ve ya\u011fs\u0131z kaslar\u0131 destekler<br \/>\nKediniz, soslu yumu\u015fak par\u00e7alar halinde haz\u0131rlanm\u0131\u015f HILL&#8217;S SCIENCE PLAN Yeti\u015fkin s\u0131\u011f\u0131r eti kedi mamas\u0131n\u0131n tad\u0131na bay\u0131lacak. M\u00fckemmel tat ve beslenme dengesine sahiptir ve kedilerin ya\u015famlar\u0131n\u0131n bahar d\u00f6nemindeki enerji ihtiya\u00e7lar\u0131n\u0131 kar\u015f\u0131lamak i\u00e7in \u00f6zel olarak form\u00fcle edilmi\u015ftir. Y\u00fcksek kaliteli, sindirimi kolay malzemelerle \u00fcretilmi\u015ftir.<br \/>\nKalp sa\u011fl\u0131\u011f\u0131 i\u00e7in temel taurin ve b\u00f6brekleri ve mesaneyi desteklemek i\u00e7in dengeli mineraller<br \/>\nYa\u011fs\u0131z kaslar i\u00e7in y\u00fcksek kaliteli protein<br \/>\nG\u00fczel bir deri ve t\u00fcy i\u00e7in E Vitamini, Omega-3&#8217;ler ve -6&#8217;lar<br \/>\n1-6 ya\u015f aras\u0131 yeti\u015fkin kediler.<br \/>\nYavru kediler ve hamile veya emziren kediler. Hamilelik veya emzirme d\u00f6neminde, kediler HILL&#8217;S SCIENCE PLAN Kitten \u0131slak veya kuru kedi mamas\u0131na ge\u00e7melidir.<br \/>\nUzun, mutlu bir ya\u015fam i\u00e7in harika tatma beslenmesi. Kuyru\u011fu sallayarak ve y\u00fcz\u00fcn\u00fcz\u00fc yalayarak, hi\u00e7 kimse k\u00f6pe\u011finiz gibi merhaba diyemez. Birlikte ge\u00e7irdi\u011finiz her an \u00f6zel oldu\u011fu i\u00e7in size daha fazlas\u0131n\u0131 ya\u015fatmak i\u00e7in \u00e7al\u0131\u015f\u0131yoruz. Sa\u011fl\u0131kl\u0131 malzemeler ve do\u011fru besinlerle HILL&#8217;S SCIENCE PLAN, k\u00f6pe\u011finize \u00f6m\u00fcr boyu sa\u011fl\u0131k ve mutluluk i\u00e7in ihtiya\u00e7 duydu\u011fu beslenmeyi sunmak i\u00e7in \u00f6zenle haz\u0131rlanm\u0131\u015ft\u0131r. Evcil hayvan mamalar\u0131m\u0131z\u0131 en kaliteli malzemelerle \u00fcretiyoruz. Bu i\u00e7erikler, end\u00fcstri standartlar\u0131n\u0131 a\u015fan kat\u0131 safl\u0131k ve besin i\u00e7eri\u011fi gereksinimlerimizi kar\u015f\u0131lamal\u0131d\u0131r. Bar\u0131naktaki evcil hayvanlar\u0131n ya\u015famlar\u0131nda bir fark yaratabilirsiniz. Her SCIENCE PLAN sat\u0131n al\u0131m\u0131yla, y\u0131lda 365 g\u00fcn, her g\u00fcn 100.000&#8217;den fazla evsiz evcil hayvan\u0131n beslenmesine yard\u0131mc\u0131 olursunuz. Hillsfoodshelterlove.com adresinde daha fazla bilgi edinin.<br \/>\nHILL&#8217;S SCIENCE PLAN evcil hayvan mamalar\u0131, kedinizin bay\u0131laca\u011f\u0131 pek \u00e7ok lezzetli tada sahip, kedinizin benzersiz ihtiya\u00e7lar\u0131 i\u00e7in \u00e7e\u015fitli kuru veya \u0131slak mamalarda mevcuttur.<br \/>\nFAYDALI \u0130PU\u00c7LARI<br \/>\nOptimum a\u011f\u0131rl\u0131\u011f\u0131 korumak i\u00e7in besleme miktarlar\u0131n\u0131 gerekti\u011fi gibi ayarlay\u0131n. Emin de\u011filseniz, veterinerinize sorun.<br \/>\nBu yemekte yeni misiniz? 7 g\u00fcnl\u00fck bir s\u00fcre boyunca evcil hayvan\u0131n\u0131z\u0131n yeni mamas\u0131n\u0131 artan miktarlarda eski mamas\u0131n\u0131 azalan miktarlarda kar\u0131\u015ft\u0131r\u0131n.<br \/>\nHer zaman taze su bulundurun!<br \/>\nEvcil hayvan\u0131n\u0131z\u0131n beslenme ihtiya\u00e7lar\u0131 ya\u015fland\u0131k\u00e7a de\u011fi\u015febilir. Her kontrolde veteriner hekiminize sorun.<br \/>\nBo\u011fulmay\u0131 \u00f6nlemek i\u00e7in ambalaj\u0131 evcil hayvanlar\u0131n ve \u00e7ocuklar\u0131n eri\u015femeyece\u011fi bir yerde saklay\u0131n.<\/p>","protected":false},"featured_media":44227,"comment_status":"open","ping_status":"closed","template":"","meta":{"_acf_changed":false},"product_brand":[],"product_cat":[2442],"product_tag":[],"class_list":{"0":"post-45461","1":"product","2":"type-product","3":"status-publish","4":"has-post-thumbnail","6":"product_cat-yetiskin-kedi-mamalari","8":"first","9":"instock","10":"shipping-taxable","11":"product-type-simple"},"acf":[],"yoast_head":"<!-- This site is optimized with the Yoast SEO plugin v27.5 - https:\/\/yoast.com\/product\/yoast-seo-wordpress\/ -->\n<title>Hill&#039;s SP S\u0131\u011f\u0131rl\u0131 Yeti\u015fkin Kedi Pouch 12X85G - Anadolu Pet Grup<\/title>\n<meta name=\"robots\" content=\"index, follow, max-snippet:-1, max-image-preview:large, max-video-preview:-1\" \/>\n<link rel=\"canonical\" href=\"https:\/\/anadolupet.com.tr\/en\/product\/hills-sp-sigirli-yetiskin-kedi-pouch-12x85g\/\" \/>\n<meta property=\"og:locale\" content=\"en_US\" \/>\n<meta property=\"og:type\" content=\"article\" \/>\n<meta property=\"og:title\" content=\"Hill&#039;s SP S\u0131\u011f\u0131rl\u0131 Yeti\u015fkin Kedi Pouch 12X85G - Anadolu Pet Grup\" \/>\n<meta property=\"og:description\" content=\"Yeti\u015fkin kediler i\u00e7in tam dengeli evcil hayvan mamas\u0131 (s\u0131\u011f\u0131r %4). ANAL\u0130T\u0130K B\u0130LE\u015eENLER: Protein 7,7%, Ya\u011f i\u00e7eri\u011fi 4,1%, Ham lif 0,40%, Ham k\u00fcl 1,2%, Nem 81,5%, Kalsiyum 0,14%, Fosfor 0,12%, Sodyum 0,07%, Potasyum 0,16%, Magnezyum 0,01%; kg ba\u015f\u0131na: A Vitamini 24.378IU, D3 Vitamini 112IU, E Vitamini 106mg, C Vitamini 18,5mg, Beta-karoten 0,22mg. KG BA\u015eINA KATKILAR: Besinsel katk\u0131lar: 3b103 (Demir) 11,3mg, 3b202 (\u0130yodin) 0,4mg, 3b405 (Bak\u0131r) 1,9mg, 3b502 (Manganez) 2,5mg, 3b603 (\u00c7inko) 29,0mg; do\u011fal karamel ile renklendirilmi\u015ftir. S\u0131\u011f\u0131rl\u0131: Tavuk, domuz, s\u0131\u011f\u0131r(%4), m\u0131s\u0131r ni\u015fastas\u0131, \u00e7e\u015fitli \u015fekerler, bu\u011fday unu, bezelye proteini, mineraller, sel\u00fcloz, kurutulmu\u015f tam yumurta, kurutulmu\u015f domuz proteini, eser elementler, vitaminler, ay\u00e7i\u00e7ek ya\u011f\u0131, taurin ve beta-karoten . Do\u011fal karamel ve demir oksit ile renklendirilmi\u015ftir. \u0130\u00c7\u0130NDEK\u0130LER: Et ve hayvansal t\u00fcrevler, bitkisel k\u00f6kenli t\u00fcrevler, \u00e7e\u015fitli \u015fekerler, tah\u0131llar, bitkisel protein \u00f6zleri, mineraller, yumurta ve yumurta t\u00fcrevleri, s\u0131v\u0131 ve kat\u0131 ya\u011flar. Kedilerde ba\u011f\u0131\u015f\u0131kl\u0131\u011f\u0131, sa\u011fl\u0131kl\u0131 sindirimi ve ya\u011fs\u0131z kaslar\u0131 destekler Kediniz, soslu yumu\u015fak par\u00e7alar halinde haz\u0131rlanm\u0131\u015f HILL&#039;S SCIENCE PLAN Yeti\u015fkin s\u0131\u011f\u0131r eti kedi mamas\u0131n\u0131n tad\u0131na bay\u0131lacak. M\u00fckemmel tat ve beslenme dengesine sahiptir ve kedilerin ya\u015famlar\u0131n\u0131n bahar d\u00f6nemindeki enerji ihtiya\u00e7lar\u0131n\u0131 kar\u015f\u0131lamak i\u00e7in \u00f6zel olarak form\u00fcle edilmi\u015ftir. Y\u00fcksek kaliteli, sindirimi kolay malzemelerle \u00fcretilmi\u015ftir. Kalp sa\u011fl\u0131\u011f\u0131 i\u00e7in temel taurin ve b\u00f6brekleri ve mesaneyi desteklemek i\u00e7in dengeli mineraller Ya\u011fs\u0131z kaslar i\u00e7in y\u00fcksek kaliteli protein G\u00fczel bir deri ve t\u00fcy i\u00e7in E Vitamini, Omega-3&#039;ler ve -6&#039;lar 1-6 ya\u015f aras\u0131 yeti\u015fkin kediler. Yavru kediler ve hamile veya emziren kediler. Hamilelik veya emzirme d\u00f6neminde, kediler HILL&#039;S SCIENCE PLAN Kitten \u0131slak veya kuru kedi mamas\u0131na ge\u00e7melidir. Uzun, mutlu bir ya\u015fam i\u00e7in harika tatma beslenmesi. Kuyru\u011fu sallayarak ve y\u00fcz\u00fcn\u00fcz\u00fc yalayarak, hi\u00e7 kimse k\u00f6pe\u011finiz gibi merhaba diyemez. Birlikte ge\u00e7irdi\u011finiz her an \u00f6zel oldu\u011fu i\u00e7in size daha fazlas\u0131n\u0131 ya\u015fatmak i\u00e7in \u00e7al\u0131\u015f\u0131yoruz. Sa\u011fl\u0131kl\u0131 malzemeler ve do\u011fru besinlerle HILL&#039;S SCIENCE PLAN, k\u00f6pe\u011finize \u00f6m\u00fcr boyu sa\u011fl\u0131k ve mutluluk i\u00e7in ihtiya\u00e7 duydu\u011fu beslenmeyi sunmak i\u00e7in \u00f6zenle haz\u0131rlanm\u0131\u015ft\u0131r. Evcil hayvan mamalar\u0131m\u0131z\u0131 en kaliteli malzemelerle \u00fcretiyoruz. Bu i\u00e7erikler, end\u00fcstri standartlar\u0131n\u0131 a\u015fan kat\u0131 safl\u0131k ve besin i\u00e7eri\u011fi gereksinimlerimizi kar\u015f\u0131lamal\u0131d\u0131r. Bar\u0131naktaki evcil hayvanlar\u0131n ya\u015famlar\u0131nda bir fark yaratabilirsiniz. Her SCIENCE PLAN sat\u0131n al\u0131m\u0131yla, y\u0131lda 365 g\u00fcn, her g\u00fcn 100.000&#039;den fazla evsiz evcil hayvan\u0131n beslenmesine yard\u0131mc\u0131 olursunuz. Hillsfoodshelterlove.com adresinde daha fazla bilgi edinin. HILL&#039;S SCIENCE PLAN evcil hayvan mamalar\u0131, kedinizin bay\u0131laca\u011f\u0131 pek \u00e7ok lezzetli tada sahip, kedinizin benzersiz ihtiya\u00e7lar\u0131 i\u00e7in \u00e7e\u015fitli kuru veya \u0131slak mamalarda mevcuttur. FAYDALI \u0130PU\u00c7LARI Optimum a\u011f\u0131rl\u0131\u011f\u0131 korumak i\u00e7in besleme miktarlar\u0131n\u0131 gerekti\u011fi gibi ayarlay\u0131n. Emin de\u011filseniz, veterinerinize sorun. Bu yemekte yeni misiniz? 7 g\u00fcnl\u00fck bir s\u00fcre boyunca evcil hayvan\u0131n\u0131z\u0131n yeni mamas\u0131n\u0131 artan miktarlarda eski mamas\u0131n\u0131 azalan miktarlarda kar\u0131\u015ft\u0131r\u0131n. Her zaman taze su bulundurun! Evcil hayvan\u0131n\u0131z\u0131n beslenme ihtiya\u00e7lar\u0131 ya\u015fland\u0131k\u00e7a de\u011fi\u015febilir. Her kontrolde veteriner hekiminize sorun. Bo\u011fulmay\u0131 \u00f6nlemek i\u00e7in ambalaj\u0131 evcil hayvanlar\u0131n ve \u00e7ocuklar\u0131n eri\u015femeyece\u011fi bir yerde saklay\u0131n.\" \/>\n<meta property=\"og:url\" content=\"https:\/\/anadolupet.com.tr\/en\/product\/hills-sp-sigirli-yetiskin-kedi-pouch-12x85g\/\" \/>\n<meta property=\"og:site_name\" content=\"Anadolu Pet Grup\" \/>\n<meta property=\"article:modified_time\" content=\"2026-02-23T12:48:55+00:00\" \/>\n<meta property=\"og:image\" content=\"https:\/\/anadolupet.com.tr\/wp-content\/uploads\/2026\/02\/615-607076_2.jpg\" \/>\n\t<meta property=\"og:image:width\" content=\"750\" \/>\n\t<meta property=\"og:image:height\" content=\"750\" \/>\n\t<meta property=\"og:image:type\" content=\"image\/jpeg\" \/>\n<meta name=\"twitter:card\" content=\"summary_large_image\" \/>\n<script type=\"application\/ld+json\" class=\"yoast-schema-graph\">{\"@context\":\"https:\\\/\\\/schema.org\",\"@graph\":[{\"@type\":\"WebPage\",\"@id\":\"https:\\\/\\\/anadolupet.com.tr\\\/en\\\/product\\\/hills-sp-sigirli-yetiskin-kedi-pouch-12x85g\\\/\",\"url\":\"https:\\\/\\\/anadolupet.com.tr\\\/en\\\/product\\\/hills-sp-sigirli-yetiskin-kedi-pouch-12x85g\\\/\",\"name\":\"Hill's SP S\u0131\u011f\u0131rl\u0131 Yeti\u015fkin Kedi Pouch 12X85G - Anadolu Pet Grup\",\"isPartOf\":{\"@id\":\"https:\\\/\\\/anadolupet.com.tr\\\/#website\"},\"primaryImageOfPage\":{\"@id\":\"https:\\\/\\\/anadolupet.com.tr\\\/en\\\/product\\\/hills-sp-sigirli-yetiskin-kedi-pouch-12x85g\\\/#primaryimage\"},\"image\":{\"@id\":\"https:\\\/\\\/anadolupet.com.tr\\\/en\\\/product\\\/hills-sp-sigirli-yetiskin-kedi-pouch-12x85g\\\/#primaryimage\"},\"thumbnailUrl\":\"https:\\\/\\\/anadolupet.com.tr\\\/wp-content\\\/uploads\\\/2026\\\/02\\\/615-607076_2.jpg\",\"datePublished\":\"2026-02-14T14:41:42+00:00\",\"dateModified\":\"2026-02-23T12:48:55+00:00\",\"breadcrumb\":{\"@id\":\"https:\\\/\\\/anadolupet.com.tr\\\/en\\\/product\\\/hills-sp-sigirli-yetiskin-kedi-pouch-12x85g\\\/#breadcrumb\"},\"inLanguage\":\"en-US\",\"potentialAction\":[{\"@type\":\"ReadAction\",\"target\":[\"https:\\\/\\\/anadolupet.com.tr\\\/en\\\/product\\\/hills-sp-sigirli-yetiskin-kedi-pouch-12x85g\\\/\"]}]},{\"@type\":\"ImageObject\",\"inLanguage\":\"en-US\",\"@id\":\"https:\\\/\\\/anadolupet.com.tr\\\/en\\\/product\\\/hills-sp-sigirli-yetiskin-kedi-pouch-12x85g\\\/#primaryimage\",\"url\":\"https:\\\/\\\/anadolupet.com.tr\\\/wp-content\\\/uploads\\\/2026\\\/02\\\/615-607076_2.jpg\",\"contentUrl\":\"https:\\\/\\\/anadolupet.com.tr\\\/wp-content\\\/uploads\\\/2026\\\/02\\\/615-607076_2.jpg\",\"width\":750,\"height\":750},{\"@type\":\"BreadcrumbList\",\"@id\":\"https:\\\/\\\/anadolupet.com.tr\\\/en\\\/product\\\/hills-sp-sigirli-yetiskin-kedi-pouch-12x85g\\\/#breadcrumb\",\"itemListElement\":[{\"@type\":\"ListItem\",\"position\":1,\"name\":\"Anasayfa\",\"item\":\"https:\\\/\\\/anadolupet.com.tr\\\/\"},{\"@type\":\"ListItem\",\"position\":2,\"name\":\"\u00dcr\u00fcnler\",\"item\":\"https:\\\/\\\/anadolupet.com.tr\\\/urunler\\\/\"},{\"@type\":\"ListItem\",\"position\":3,\"name\":\"Hill&#8217;s SP S\u0131\u011f\u0131rl\u0131 Yeti\u015fkin Kedi Pouch 12X85G\"}]},{\"@type\":\"WebSite\",\"@id\":\"https:\\\/\\\/anadolupet.com.tr\\\/#website\",\"url\":\"https:\\\/\\\/anadolupet.com.tr\\\/\",\"name\":\"Anadolu Pet Grup\",\"description\":\"Her Can\u0131n \u0130yi Ya\u015fam\u0131 \u0130\u00e7in Biraraday\u0131z\",\"publisher\":{\"@id\":\"https:\\\/\\\/anadolupet.com.tr\\\/#organization\"},\"potentialAction\":[{\"@type\":\"SearchAction\",\"target\":{\"@type\":\"EntryPoint\",\"urlTemplate\":\"https:\\\/\\\/anadolupet.com.tr\\\/?s={search_term_string}\"},\"query-input\":{\"@type\":\"PropertyValueSpecification\",\"valueRequired\":true,\"valueName\":\"search_term_string\"}}],\"inLanguage\":\"en-US\"},{\"@type\":\"Organization\",\"@id\":\"https:\\\/\\\/anadolupet.com.tr\\\/#organization\",\"name\":\"Anadolu Pet Grup\",\"alternateName\":\"Anadolu Pet\",\"url\":\"https:\\\/\\\/anadolupet.com.tr\\\/\",\"logo\":{\"@type\":\"ImageObject\",\"inLanguage\":\"en-US\",\"@id\":\"https:\\\/\\\/anadolupet.com.tr\\\/#\\\/schema\\\/logo\\\/image\\\/\",\"url\":\"https:\\\/\\\/anadolupet.com.tr\\\/wp-content\\\/uploads\\\/2026\\\/03\\\/1614666743370.jpg\",\"contentUrl\":\"https:\\\/\\\/anadolupet.com.tr\\\/wp-content\\\/uploads\\\/2026\\\/03\\\/1614666743370.jpg\",\"width\":800,\"height\":571,\"caption\":\"Anadolu Pet Grup\"},\"image\":{\"@id\":\"https:\\\/\\\/anadolupet.com.tr\\\/#\\\/schema\\\/logo\\\/image\\\/\"}}]}<\/script>\n<!-- \/ Yoast SEO plugin. -->","yoast_head_json":{"title":"Hill's SP S\u0131\u011f\u0131rl\u0131 Yeti\u015fkin Kedi Pouch 12X85G - Anadolu Pet Grup","robots":{"index":"index","follow":"follow","max-snippet":"max-snippet:-1","max-image-preview":"max-image-preview:large","max-video-preview":"max-video-preview:-1"},"canonical":"https:\/\/anadolupet.com.tr\/en\/product\/hills-sp-sigirli-yetiskin-kedi-pouch-12x85g\/","og_locale":"en_US","og_type":"article","og_title":"Hill's SP S\u0131\u011f\u0131rl\u0131 Yeti\u015fkin Kedi Pouch 12X85G - Anadolu Pet Grup","og_description":"Yeti\u015fkin kediler i\u00e7in tam dengeli evcil hayvan mamas\u0131 (s\u0131\u011f\u0131r %4). ANAL\u0130T\u0130K B\u0130LE\u015eENLER: Protein 7,7%, Ya\u011f i\u00e7eri\u011fi 4,1%, Ham lif 0,40%, Ham k\u00fcl 1,2%, Nem 81,5%, Kalsiyum 0,14%, Fosfor 0,12%, Sodyum 0,07%, Potasyum 0,16%, Magnezyum 0,01%; kg ba\u015f\u0131na: A Vitamini 24.378IU, D3 Vitamini 112IU, E Vitamini 106mg, C Vitamini 18,5mg, Beta-karoten 0,22mg. KG BA\u015eINA KATKILAR: Besinsel katk\u0131lar: 3b103 (Demir) 11,3mg, 3b202 (\u0130yodin) 0,4mg, 3b405 (Bak\u0131r) 1,9mg, 3b502 (Manganez) 2,5mg, 3b603 (\u00c7inko) 29,0mg; do\u011fal karamel ile renklendirilmi\u015ftir. S\u0131\u011f\u0131rl\u0131: Tavuk, domuz, s\u0131\u011f\u0131r(%4), m\u0131s\u0131r ni\u015fastas\u0131, \u00e7e\u015fitli \u015fekerler, bu\u011fday unu, bezelye proteini, mineraller, sel\u00fcloz, kurutulmu\u015f tam yumurta, kurutulmu\u015f domuz proteini, eser elementler, vitaminler, ay\u00e7i\u00e7ek ya\u011f\u0131, taurin ve beta-karoten . Do\u011fal karamel ve demir oksit ile renklendirilmi\u015ftir. \u0130\u00c7\u0130NDEK\u0130LER: Et ve hayvansal t\u00fcrevler, bitkisel k\u00f6kenli t\u00fcrevler, \u00e7e\u015fitli \u015fekerler, tah\u0131llar, bitkisel protein \u00f6zleri, mineraller, yumurta ve yumurta t\u00fcrevleri, s\u0131v\u0131 ve kat\u0131 ya\u011flar. Kedilerde ba\u011f\u0131\u015f\u0131kl\u0131\u011f\u0131, sa\u011fl\u0131kl\u0131 sindirimi ve ya\u011fs\u0131z kaslar\u0131 destekler Kediniz, soslu yumu\u015fak par\u00e7alar halinde haz\u0131rlanm\u0131\u015f HILL'S SCIENCE PLAN Yeti\u015fkin s\u0131\u011f\u0131r eti kedi mamas\u0131n\u0131n tad\u0131na bay\u0131lacak. M\u00fckemmel tat ve beslenme dengesine sahiptir ve kedilerin ya\u015famlar\u0131n\u0131n bahar d\u00f6nemindeki enerji ihtiya\u00e7lar\u0131n\u0131 kar\u015f\u0131lamak i\u00e7in \u00f6zel olarak form\u00fcle edilmi\u015ftir. Y\u00fcksek kaliteli, sindirimi kolay malzemelerle \u00fcretilmi\u015ftir. Kalp sa\u011fl\u0131\u011f\u0131 i\u00e7in temel taurin ve b\u00f6brekleri ve mesaneyi desteklemek i\u00e7in dengeli mineraller Ya\u011fs\u0131z kaslar i\u00e7in y\u00fcksek kaliteli protein G\u00fczel bir deri ve t\u00fcy i\u00e7in E Vitamini, Omega-3'ler ve -6'lar 1-6 ya\u015f aras\u0131 yeti\u015fkin kediler. Yavru kediler ve hamile veya emziren kediler. Hamilelik veya emzirme d\u00f6neminde, kediler HILL'S SCIENCE PLAN Kitten \u0131slak veya kuru kedi mamas\u0131na ge\u00e7melidir. Uzun, mutlu bir ya\u015fam i\u00e7in harika tatma beslenmesi. Kuyru\u011fu sallayarak ve y\u00fcz\u00fcn\u00fcz\u00fc yalayarak, hi\u00e7 kimse k\u00f6pe\u011finiz gibi merhaba diyemez. Birlikte ge\u00e7irdi\u011finiz her an \u00f6zel oldu\u011fu i\u00e7in size daha fazlas\u0131n\u0131 ya\u015fatmak i\u00e7in \u00e7al\u0131\u015f\u0131yoruz. Sa\u011fl\u0131kl\u0131 malzemeler ve do\u011fru besinlerle HILL'S SCIENCE PLAN, k\u00f6pe\u011finize \u00f6m\u00fcr boyu sa\u011fl\u0131k ve mutluluk i\u00e7in ihtiya\u00e7 duydu\u011fu beslenmeyi sunmak i\u00e7in \u00f6zenle haz\u0131rlanm\u0131\u015ft\u0131r. Evcil hayvan mamalar\u0131m\u0131z\u0131 en kaliteli malzemelerle \u00fcretiyoruz. Bu i\u00e7erikler, end\u00fcstri standartlar\u0131n\u0131 a\u015fan kat\u0131 safl\u0131k ve besin i\u00e7eri\u011fi gereksinimlerimizi kar\u015f\u0131lamal\u0131d\u0131r. Bar\u0131naktaki evcil hayvanlar\u0131n ya\u015famlar\u0131nda bir fark yaratabilirsiniz. Her SCIENCE PLAN sat\u0131n al\u0131m\u0131yla, y\u0131lda 365 g\u00fcn, her g\u00fcn 100.000'den fazla evsiz evcil hayvan\u0131n beslenmesine yard\u0131mc\u0131 olursunuz. Hillsfoodshelterlove.com adresinde daha fazla bilgi edinin. HILL'S SCIENCE PLAN evcil hayvan mamalar\u0131, kedinizin bay\u0131laca\u011f\u0131 pek \u00e7ok lezzetli tada sahip, kedinizin benzersiz ihtiya\u00e7lar\u0131 i\u00e7in \u00e7e\u015fitli kuru veya \u0131slak mamalarda mevcuttur. FAYDALI \u0130PU\u00c7LARI Optimum a\u011f\u0131rl\u0131\u011f\u0131 korumak i\u00e7in besleme miktarlar\u0131n\u0131 gerekti\u011fi gibi ayarlay\u0131n. Emin de\u011filseniz, veterinerinize sorun. Bu yemekte yeni misiniz? 7 g\u00fcnl\u00fck bir s\u00fcre boyunca evcil hayvan\u0131n\u0131z\u0131n yeni mamas\u0131n\u0131 artan miktarlarda eski mamas\u0131n\u0131 azalan miktarlarda kar\u0131\u015ft\u0131r\u0131n. Her zaman taze su bulundurun! Evcil hayvan\u0131n\u0131z\u0131n beslenme ihtiya\u00e7lar\u0131 ya\u015fland\u0131k\u00e7a de\u011fi\u015febilir. Her kontrolde veteriner hekiminize sorun. Bo\u011fulmay\u0131 \u00f6nlemek i\u00e7in ambalaj\u0131 evcil hayvanlar\u0131n ve \u00e7ocuklar\u0131n eri\u015femeyece\u011fi bir yerde saklay\u0131n.","og_url":"https:\/\/anadolupet.com.tr\/en\/product\/hills-sp-sigirli-yetiskin-kedi-pouch-12x85g\/","og_site_name":"Anadolu Pet Grup","article_modified_time":"2026-02-23T12:48:55+00:00","og_image":[{"width":750,"height":750,"url":"https:\/\/anadolupet.com.tr\/wp-content\/uploads\/2026\/02\/615-607076_2.jpg","type":"image\/jpeg"}],"twitter_card":"summary_large_image","schema":{"@context":"https:\/\/schema.org","@graph":[{"@type":"WebPage","@id":"https:\/\/anadolupet.com.tr\/en\/product\/hills-sp-sigirli-yetiskin-kedi-pouch-12x85g\/","url":"https:\/\/anadolupet.com.tr\/en\/product\/hills-sp-sigirli-yetiskin-kedi-pouch-12x85g\/","name":"Hill's SP S\u0131\u011f\u0131rl\u0131 Yeti\u015fkin Kedi Pouch 12X85G - Anadolu Pet Grup","isPartOf":{"@id":"https:\/\/anadolupet.com.tr\/#website"},"primaryImageOfPage":{"@id":"https:\/\/anadolupet.com.tr\/en\/product\/hills-sp-sigirli-yetiskin-kedi-pouch-12x85g\/#primaryimage"},"image":{"@id":"https:\/\/anadolupet.com.tr\/en\/product\/hills-sp-sigirli-yetiskin-kedi-pouch-12x85g\/#primaryimage"},"thumbnailUrl":"https:\/\/anadolupet.com.tr\/wp-content\/uploads\/2026\/02\/615-607076_2.jpg","datePublished":"2026-02-14T14:41:42+00:00","dateModified":"2026-02-23T12:48:55+00:00","breadcrumb":{"@id":"https:\/\/anadolupet.com.tr\/en\/product\/hills-sp-sigirli-yetiskin-kedi-pouch-12x85g\/#breadcrumb"},"inLanguage":"en-US","potentialAction":[{"@type":"ReadAction","target":["https:\/\/anadolupet.com.tr\/en\/product\/hills-sp-sigirli-yetiskin-kedi-pouch-12x85g\/"]}]},{"@type":"ImageObject","inLanguage":"en-US","@id":"https:\/\/anadolupet.com.tr\/en\/product\/hills-sp-sigirli-yetiskin-kedi-pouch-12x85g\/#primaryimage","url":"https:\/\/anadolupet.com.tr\/wp-content\/uploads\/2026\/02\/615-607076_2.jpg","contentUrl":"https:\/\/anadolupet.com.tr\/wp-content\/uploads\/2026\/02\/615-607076_2.jpg","width":750,"height":750},{"@type":"BreadcrumbList","@id":"https:\/\/anadolupet.com.tr\/en\/product\/hills-sp-sigirli-yetiskin-kedi-pouch-12x85g\/#breadcrumb","itemListElement":[{"@type":"ListItem","position":1,"name":"Anasayfa","item":"https:\/\/anadolupet.com.tr\/"},{"@type":"ListItem","position":2,"name":"\u00dcr\u00fcnler","item":"https:\/\/anadolupet.com.tr\/urunler\/"},{"@type":"ListItem","position":3,"name":"Hill&#8217;s SP S\u0131\u011f\u0131rl\u0131 Yeti\u015fkin Kedi Pouch 12X85G"}]},{"@type":"WebSite","@id":"https:\/\/anadolupet.com.tr\/#website","url":"https:\/\/anadolupet.com.tr\/","name":"Anadolu Pet Group","description":"We Stand Together for the Well-Being of Every Life","publisher":{"@id":"https:\/\/anadolupet.com.tr\/#organization"},"potentialAction":[{"@type":"SearchAction","target":{"@type":"EntryPoint","urlTemplate":"https:\/\/anadolupet.com.tr\/?s={search_term_string}"},"query-input":{"@type":"PropertyValueSpecification","valueRequired":true,"valueName":"search_term_string"}}],"inLanguage":"en-US"},{"@type":"Organization","@id":"https:\/\/anadolupet.com.tr\/#organization","name":"Anadolu Pet Group","alternateName":"Anadolu Pet","url":"https:\/\/anadolupet.com.tr\/","logo":{"@type":"ImageObject","inLanguage":"en-US","@id":"https:\/\/anadolupet.com.tr\/#\/schema\/logo\/image\/","url":"https:\/\/anadolupet.com.tr\/wp-content\/uploads\/2026\/03\/1614666743370.jpg","contentUrl":"https:\/\/anadolupet.com.tr\/wp-content\/uploads\/2026\/03\/1614666743370.jpg","width":800,"height":571,"caption":"Anadolu Pet Grup"},"image":{"@id":"https:\/\/anadolupet.com.tr\/#\/schema\/logo\/image\/"}}]}},"_links":{"self":[{"href":"https:\/\/anadolupet.com.tr\/en\/wp-json\/wp\/v2\/product\/45461","targetHints":{"allow":["GET"]}}],"collection":[{"href":"https:\/\/anadolupet.com.tr\/en\/wp-json\/wp\/v2\/product"}],"about":[{"href":"https:\/\/anadolupet.com.tr\/en\/wp-json\/wp\/v2\/types\/product"}],"replies":[{"embeddable":true,"href":"https:\/\/anadolupet.com.tr\/en\/wp-json\/wp\/v2\/comments?post=45461"}],"wp:featuredmedia":[{"embeddable":true,"href":"https:\/\/anadolupet.com.tr\/en\/wp-json\/wp\/v2\/media\/44227"}],"wp:attachment":[{"href":"https:\/\/anadolupet.com.tr\/en\/wp-json\/wp\/v2\/media?parent=45461"}],"wp:term":[{"taxonomy":"product_brand","embeddable":true,"href":"https:\/\/anadolupet.com.tr\/en\/wp-json\/wp\/v2\/product_brand?post=45461"},{"taxonomy":"product_cat","embeddable":true,"href":"https:\/\/anadolupet.com.tr\/en\/wp-json\/wp\/v2\/product_cat?post=45461"},{"taxonomy":"product_tag","embeddable":true,"href":"https:\/\/anadolupet.com.tr\/en\/wp-json\/wp\/v2\/product_tag?post=45461"}],"curies":[{"name":"wp","href":"https:\/\/api.w.org\/{rel}","templated":true}]}}