{"id":45465,"date":"2026-02-14T14:41:42","date_gmt":"2026-02-14T14:41:42","guid":{"rendered":"https:\/\/anadolupet.com.tr\/urun\/hills-sp-somonlu-kisirlastirilmis-kedi-mamasi-132kg\/"},"modified":"2026-02-23T12:48:55","modified_gmt":"2026-02-23T12:48:55","slug":"hills-sp-somonlu-kisirlastirilmis-kedi-mamasi-132kg","status":"publish","type":"product","link":"https:\/\/anadolupet.com.tr\/en\/urun\/hills-sp-somonlu-kisirlastirilmis-kedi-mamasi-132kg\/","title":{"rendered":"Hill&#8217;s SP Somonlu K\u0131s\u0131rla\u015ft\u0131r\u0131lm\u0131\u015f Kedi Mamas\u0131 13+2KG"},"content":{"rendered":"","protected":false},"excerpt":{"rendered":"<p>Hill&#8217;s SCIENCE PLAN K\u0131s\u0131rla\u015ft\u0131r\u0131lm\u0131\u015f Kedi Somonlu Yeti\u015fkin Kedi Kuru Mamas\u0131, k\u0131s\u0131rla\u015ft\u0131r\u0131lm\u0131\u015f kedilerin ihtiya\u00e7lar\u0131n\u0131 kar\u015f\u0131lamak amac\u0131yla \u00f6zel tasarlanm\u0131\u015f, tam ve dengeli bir beslenmedir. Bu lezzetli kuru mama, ya\u011f yakmaya, kas geli\u015ftirmeye ve k\u0131s\u0131rla\u015ft\u0131r\u0131lm\u0131\u015f kedinizin sa\u011fl\u0131kl\u0131 kiloda kalmas\u0131na yard\u0131mc\u0131 olan benzersiz bir Kilo Y\u00f6netimi Form\u00fcl\u00fcne sahiptir. Y\u00fcksek kaliteli ve sindirimi kolay malzemelerle \u00fcretilmi\u015ftir<br \/>\nKedilerin zinde ve aktif kalmas\u0131na katk\u0131da bulunan L-karnitin ilave edilmi\u015ftir.<br \/>\nSa\u011fl\u0131kl\u0131 bir \u00fcriner sistem i\u00e7in kontroll\u00fc mineral seviyeleri.<br \/>\nZindeli\u011fin korunmas\u0131na yard\u0131mc\u0131 olmak i\u00e7in d\u00fc\u015f\u00fck ya\u011f i\u00e7eri\u011fi ve y\u00fcksek seviyelerde.<br \/>\nHill&#8217;s SCIENCE PLAN, evcil hayvan\u0131n\u0131z\u0131n benzersiz ihtiya\u00e7lar\u0131na y\u00f6nelik, kedinizin bay\u0131laca\u011f\u0131 lezzetler i\u00e7eren, \u00e7e\u015fitli \u0131slak veya kuru kedi mamalar\u0131 sunmaktad\u0131r. \u0130\u00c7\u0130NDEK\u0130LER: M\u0131s\u0131r, k\u0131r\u0131k pirin\u00e7, bu\u011fday, tavuk ve hindi unu, bezelye proteini, m\u0131s\u0131r gl\u00fcten unu, somon unu (%5), hayvansal ya\u011f, mineraller, dijest, bal\u0131k ya\u011f\u0131, bitkisel ya\u011f.<br \/>\nKG BA\u015eINA KATKI MADDELER\u0130: Besin katk\u0131 maddeleri: 3b103 (Demir) 57,8mg, 3b202 (\u0130yot) 1,4mg, 3b405 (Bak\u0131r) 5,7mg, 3b502 (Manganez) 6,0mg, 3b603 (\u00c7inko) 101mg, 3b801 (Selenyum) 0,1mg, do\u011fal anti-oksidan i\u00e7erir.<br \/>\nANAL\u0130T\u0130K B\u0130LE\u015eENLER: Protein %31,8, Ya\u011f i\u00e7eri\u011fi %10,7, Ham sel\u00fcloz %1,1, Ham k\u00fcl %5,8, Kalsiyum %0,77, Fosfor %0,67, Sodyum %0,34, Potasyum %0,86, Magnezyum %0,09, L-lisin %2,0; kg ba\u015f\u0131na: Vitamin A 7.482IU, Vitamin D3 626IU, Vitamin E 528mg, Vitamin C 97mg, Beta-karoten 1,9mg, L-karnitin 524mg.<br \/>\nHill&#8217;s Science Plan SOMONLU KISIRLA\u015eTIRILMI\u015e YET\u0130\u015eK\u0130N KED\u0130 MAMASI, 1-6 ya\u015f aras\u0131 k\u0131s\u0131rla\u015ft\u0131r\u0131lm\u0131\u015f kediler i\u00e7in eksiksiz, tam bir evcil hayvan mamas\u0131d\u0131r.<br \/>\nFAYDALI \u0130PU\u00c7LARI:<br \/>\n\u2022 Mama miktarlar\u0131n\u0131 ayarlarken ideal kiloyu korumay\u0131 g\u00f6z \u00f6n\u00fcnde bulundurun. Emin de\u011filseniz veterinerinize sorun.<br \/>\n\u2022 Bu mama yeni mi? 7 g\u00fcnl\u00fck bir s\u00fcre boyunca eski mama miktar\u0131n\u0131 bir kar\u0131\u015f\u0131m i\u00e7erisinde kademeli olarak azalt\u0131p yeni mamay\u0131 kademeli olarak art\u0131r\u0131n.<br \/>\n\u2022 Temiz ve taze suyu daima haz\u0131r bulundurun.<br \/>\n\u2022 Evcil hayvanlar\u0131n beslenme ihtiya\u00e7lar\u0131 ya\u015fland\u0131k\u00e7a de\u011fi\u015febilir. Her muayenede veterinerinize sorun.<br \/>\n\u2022 Bo\u011fulmay\u0131 \u00f6nlemek i\u00e7in, mama ambalaj\u0131n\u0131 evcil hayvanlar\u0131n ve \u00e7ocuklar\u0131n eri\u015femeyece\u011fi bir yerde saklay\u0131n.<\/p>","protected":false},"featured_media":44207,"comment_status":"open","ping_status":"closed","template":"","meta":{"_acf_changed":false},"product_brand":[],"product_cat":[2442],"product_tag":[],"class_list":{"0":"post-45465","1":"product","2":"type-product","3":"status-publish","4":"has-post-thumbnail","6":"product_cat-yetiskin-kedi-mamalari","8":"first","9":"instock","10":"shipping-taxable","11":"product-type-simple"},"acf":[],"yoast_head":"<!-- This site is optimized with the Yoast SEO plugin v27.5 - https:\/\/yoast.com\/product\/yoast-seo-wordpress\/ -->\n<title>Hill&#039;s SP Somonlu K\u0131s\u0131rla\u015ft\u0131r\u0131lm\u0131\u015f Kedi Mamas\u0131 13+2KG - Anadolu Pet Grup<\/title>\n<meta name=\"robots\" content=\"index, follow, max-snippet:-1, max-image-preview:large, max-video-preview:-1\" \/>\n<link rel=\"canonical\" href=\"https:\/\/anadolupet.com.tr\/en\/product\/hills-sp-somonlu-kisirlastirilmis-kedi-mamasi-132kg\/\" \/>\n<meta property=\"og:locale\" content=\"en_US\" \/>\n<meta property=\"og:type\" content=\"article\" \/>\n<meta property=\"og:title\" content=\"Hill&#039;s SP Somonlu K\u0131s\u0131rla\u015ft\u0131r\u0131lm\u0131\u015f Kedi Mamas\u0131 13+2KG - Anadolu Pet Grup\" \/>\n<meta property=\"og:description\" content=\"Hill&#039;s SCIENCE PLAN K\u0131s\u0131rla\u015ft\u0131r\u0131lm\u0131\u015f Kedi Somonlu Yeti\u015fkin Kedi Kuru Mamas\u0131, k\u0131s\u0131rla\u015ft\u0131r\u0131lm\u0131\u015f kedilerin ihtiya\u00e7lar\u0131n\u0131 kar\u015f\u0131lamak amac\u0131yla \u00f6zel tasarlanm\u0131\u015f, tam ve dengeli bir beslenmedir. Bu lezzetli kuru mama, ya\u011f yakmaya, kas geli\u015ftirmeye ve k\u0131s\u0131rla\u015ft\u0131r\u0131lm\u0131\u015f kedinizin sa\u011fl\u0131kl\u0131 kiloda kalmas\u0131na yard\u0131mc\u0131 olan benzersiz bir Kilo Y\u00f6netimi Form\u00fcl\u00fcne sahiptir. Y\u00fcksek kaliteli ve sindirimi kolay malzemelerle \u00fcretilmi\u015ftir Kedilerin zinde ve aktif kalmas\u0131na katk\u0131da bulunan L-karnitin ilave edilmi\u015ftir. Sa\u011fl\u0131kl\u0131 bir \u00fcriner sistem i\u00e7in kontroll\u00fc mineral seviyeleri. Zindeli\u011fin korunmas\u0131na yard\u0131mc\u0131 olmak i\u00e7in d\u00fc\u015f\u00fck ya\u011f i\u00e7eri\u011fi ve y\u00fcksek seviyelerde. Hill&#039;s SCIENCE PLAN, evcil hayvan\u0131n\u0131z\u0131n benzersiz ihtiya\u00e7lar\u0131na y\u00f6nelik, kedinizin bay\u0131laca\u011f\u0131 lezzetler i\u00e7eren, \u00e7e\u015fitli \u0131slak veya kuru kedi mamalar\u0131 sunmaktad\u0131r. \u0130\u00c7\u0130NDEK\u0130LER: M\u0131s\u0131r, k\u0131r\u0131k pirin\u00e7, bu\u011fday, tavuk ve hindi unu, bezelye proteini, m\u0131s\u0131r gl\u00fcten unu, somon unu (%5), hayvansal ya\u011f, mineraller, dijest, bal\u0131k ya\u011f\u0131, bitkisel ya\u011f. KG BA\u015eINA KATKI MADDELER\u0130: Besin katk\u0131 maddeleri: 3b103 (Demir) 57,8mg, 3b202 (\u0130yot) 1,4mg, 3b405 (Bak\u0131r) 5,7mg, 3b502 (Manganez) 6,0mg, 3b603 (\u00c7inko) 101mg, 3b801 (Selenyum) 0,1mg, do\u011fal anti-oksidan i\u00e7erir. ANAL\u0130T\u0130K B\u0130LE\u015eENLER: Protein %31,8, Ya\u011f i\u00e7eri\u011fi %10,7, Ham sel\u00fcloz %1,1, Ham k\u00fcl %5,8, Kalsiyum %0,77, Fosfor %0,67, Sodyum %0,34, Potasyum %0,86, Magnezyum %0,09, L-lisin %2,0; kg ba\u015f\u0131na: Vitamin A 7.482IU, Vitamin D3 626IU, Vitamin E 528mg, Vitamin C 97mg, Beta-karoten 1,9mg, L-karnitin 524mg. Hill&#039;s Science Plan SOMONLU KISIRLA\u015eTIRILMI\u015e YET\u0130\u015eK\u0130N KED\u0130 MAMASI, 1-6 ya\u015f aras\u0131 k\u0131s\u0131rla\u015ft\u0131r\u0131lm\u0131\u015f kediler i\u00e7in eksiksiz, tam bir evcil hayvan mamas\u0131d\u0131r. FAYDALI \u0130PU\u00c7LARI: \u2022 Mama miktarlar\u0131n\u0131 ayarlarken ideal kiloyu korumay\u0131 g\u00f6z \u00f6n\u00fcnde bulundurun. Emin de\u011filseniz veterinerinize sorun. \u2022 Bu mama yeni mi? 7 g\u00fcnl\u00fck bir s\u00fcre boyunca eski mama miktar\u0131n\u0131 bir kar\u0131\u015f\u0131m i\u00e7erisinde kademeli olarak azalt\u0131p yeni mamay\u0131 kademeli olarak art\u0131r\u0131n. \u2022 Temiz ve taze suyu daima haz\u0131r bulundurun. \u2022 Evcil hayvanlar\u0131n beslenme ihtiya\u00e7lar\u0131 ya\u015fland\u0131k\u00e7a de\u011fi\u015febilir. Her muayenede veterinerinize sorun. \u2022 Bo\u011fulmay\u0131 \u00f6nlemek i\u00e7in, mama ambalaj\u0131n\u0131 evcil hayvanlar\u0131n ve \u00e7ocuklar\u0131n eri\u015femeyece\u011fi bir yerde saklay\u0131n.\" \/>\n<meta property=\"og:url\" content=\"https:\/\/anadolupet.com.tr\/en\/product\/hills-sp-somonlu-kisirlastirilmis-kedi-mamasi-132kg\/\" \/>\n<meta property=\"og:site_name\" content=\"Anadolu Pet Grup\" \/>\n<meta property=\"article:modified_time\" content=\"2026-02-23T12:48:55+00:00\" \/>\n<meta property=\"og:image\" content=\"https:\/\/anadolupet.com.tr\/wp-content\/uploads\/2026\/02\/610-608887-P.jpg\" \/>\n\t<meta property=\"og:image:width\" content=\"750\" \/>\n\t<meta property=\"og:image:height\" content=\"750\" \/>\n\t<meta property=\"og:image:type\" content=\"image\/jpeg\" \/>\n<meta name=\"twitter:card\" content=\"summary_large_image\" \/>\n<script type=\"application\/ld+json\" class=\"yoast-schema-graph\">{\"@context\":\"https:\\\/\\\/schema.org\",\"@graph\":[{\"@type\":\"WebPage\",\"@id\":\"https:\\\/\\\/anadolupet.com.tr\\\/urun\\\/hills-sp-somonlu-kisirlastirilmis-kedi-mamasi-132kg\\\/\",\"url\":\"https:\\\/\\\/anadolupet.com.tr\\\/urun\\\/hills-sp-somonlu-kisirlastirilmis-kedi-mamasi-132kg\\\/\",\"name\":\"Hill's SP Somonlu K\u0131s\u0131rla\u015ft\u0131r\u0131lm\u0131\u015f Kedi Mamas\u0131 13+2KG - Anadolu Pet Grup\",\"isPartOf\":{\"@id\":\"https:\\\/\\\/anadolupet.com.tr\\\/#website\"},\"primaryImageOfPage\":{\"@id\":\"https:\\\/\\\/anadolupet.com.tr\\\/urun\\\/hills-sp-somonlu-kisirlastirilmis-kedi-mamasi-132kg\\\/#primaryimage\"},\"image\":{\"@id\":\"https:\\\/\\\/anadolupet.com.tr\\\/urun\\\/hills-sp-somonlu-kisirlastirilmis-kedi-mamasi-132kg\\\/#primaryimage\"},\"thumbnailUrl\":\"https:\\\/\\\/anadolupet.com.tr\\\/wp-content\\\/uploads\\\/2026\\\/02\\\/610-608887-P.jpg\",\"datePublished\":\"2026-02-14T14:41:42+00:00\",\"dateModified\":\"2026-02-23T12:48:55+00:00\",\"breadcrumb\":{\"@id\":\"https:\\\/\\\/anadolupet.com.tr\\\/urun\\\/hills-sp-somonlu-kisirlastirilmis-kedi-mamasi-132kg\\\/#breadcrumb\"},\"inLanguage\":\"en-US\",\"potentialAction\":[{\"@type\":\"ReadAction\",\"target\":[\"https:\\\/\\\/anadolupet.com.tr\\\/urun\\\/hills-sp-somonlu-kisirlastirilmis-kedi-mamasi-132kg\\\/\"]}]},{\"@type\":\"ImageObject\",\"inLanguage\":\"en-US\",\"@id\":\"https:\\\/\\\/anadolupet.com.tr\\\/urun\\\/hills-sp-somonlu-kisirlastirilmis-kedi-mamasi-132kg\\\/#primaryimage\",\"url\":\"https:\\\/\\\/anadolupet.com.tr\\\/wp-content\\\/uploads\\\/2026\\\/02\\\/610-608887-P.jpg\",\"contentUrl\":\"https:\\\/\\\/anadolupet.com.tr\\\/wp-content\\\/uploads\\\/2026\\\/02\\\/610-608887-P.jpg\",\"width\":750,\"height\":750},{\"@type\":\"BreadcrumbList\",\"@id\":\"https:\\\/\\\/anadolupet.com.tr\\\/urun\\\/hills-sp-somonlu-kisirlastirilmis-kedi-mamasi-132kg\\\/#breadcrumb\",\"itemListElement\":[{\"@type\":\"ListItem\",\"position\":1,\"name\":\"Anasayfa\",\"item\":\"https:\\\/\\\/anadolupet.com.tr\\\/\"},{\"@type\":\"ListItem\",\"position\":2,\"name\":\"\u00dcr\u00fcnler\",\"item\":\"https:\\\/\\\/anadolupet.com.tr\\\/urunler\\\/\"},{\"@type\":\"ListItem\",\"position\":3,\"name\":\"Hill&#8217;s SP Somonlu K\u0131s\u0131rla\u015ft\u0131r\u0131lm\u0131\u015f Kedi Mamas\u0131 13+2KG\"}]},{\"@type\":\"WebSite\",\"@id\":\"https:\\\/\\\/anadolupet.com.tr\\\/#website\",\"url\":\"https:\\\/\\\/anadolupet.com.tr\\\/\",\"name\":\"Anadolu Pet Grup\",\"description\":\"Her Can\u0131n \u0130yi Ya\u015fam\u0131 \u0130\u00e7in Biraraday\u0131z\",\"publisher\":{\"@id\":\"https:\\\/\\\/anadolupet.com.tr\\\/#organization\"},\"potentialAction\":[{\"@type\":\"SearchAction\",\"target\":{\"@type\":\"EntryPoint\",\"urlTemplate\":\"https:\\\/\\\/anadolupet.com.tr\\\/?s={search_term_string}\"},\"query-input\":{\"@type\":\"PropertyValueSpecification\",\"valueRequired\":true,\"valueName\":\"search_term_string\"}}],\"inLanguage\":\"en-US\"},{\"@type\":\"Organization\",\"@id\":\"https:\\\/\\\/anadolupet.com.tr\\\/#organization\",\"name\":\"Anadolu Pet Grup\",\"alternateName\":\"Anadolu Pet\",\"url\":\"https:\\\/\\\/anadolupet.com.tr\\\/\",\"logo\":{\"@type\":\"ImageObject\",\"inLanguage\":\"en-US\",\"@id\":\"https:\\\/\\\/anadolupet.com.tr\\\/#\\\/schema\\\/logo\\\/image\\\/\",\"url\":\"https:\\\/\\\/anadolupet.com.tr\\\/wp-content\\\/uploads\\\/2026\\\/03\\\/1614666743370.jpg\",\"contentUrl\":\"https:\\\/\\\/anadolupet.com.tr\\\/wp-content\\\/uploads\\\/2026\\\/03\\\/1614666743370.jpg\",\"width\":800,\"height\":571,\"caption\":\"Anadolu Pet Grup\"},\"image\":{\"@id\":\"https:\\\/\\\/anadolupet.com.tr\\\/#\\\/schema\\\/logo\\\/image\\\/\"}}]}<\/script>\n<!-- \/ Yoast SEO plugin. -->","yoast_head_json":{"title":"Hill's SP Somonlu K\u0131s\u0131rla\u015ft\u0131r\u0131lm\u0131\u015f Kedi Mamas\u0131 13+2KG - Anadolu Pet Grup","robots":{"index":"index","follow":"follow","max-snippet":"max-snippet:-1","max-image-preview":"max-image-preview:large","max-video-preview":"max-video-preview:-1"},"canonical":"https:\/\/anadolupet.com.tr\/en\/product\/hills-sp-somonlu-kisirlastirilmis-kedi-mamasi-132kg\/","og_locale":"en_US","og_type":"article","og_title":"Hill's SP Somonlu K\u0131s\u0131rla\u015ft\u0131r\u0131lm\u0131\u015f Kedi Mamas\u0131 13+2KG - Anadolu Pet Grup","og_description":"Hill's SCIENCE PLAN K\u0131s\u0131rla\u015ft\u0131r\u0131lm\u0131\u015f Kedi Somonlu Yeti\u015fkin Kedi Kuru Mamas\u0131, k\u0131s\u0131rla\u015ft\u0131r\u0131lm\u0131\u015f kedilerin ihtiya\u00e7lar\u0131n\u0131 kar\u015f\u0131lamak amac\u0131yla \u00f6zel tasarlanm\u0131\u015f, tam ve dengeli bir beslenmedir. Bu lezzetli kuru mama, ya\u011f yakmaya, kas geli\u015ftirmeye ve k\u0131s\u0131rla\u015ft\u0131r\u0131lm\u0131\u015f kedinizin sa\u011fl\u0131kl\u0131 kiloda kalmas\u0131na yard\u0131mc\u0131 olan benzersiz bir Kilo Y\u00f6netimi Form\u00fcl\u00fcne sahiptir. Y\u00fcksek kaliteli ve sindirimi kolay malzemelerle \u00fcretilmi\u015ftir Kedilerin zinde ve aktif kalmas\u0131na katk\u0131da bulunan L-karnitin ilave edilmi\u015ftir. Sa\u011fl\u0131kl\u0131 bir \u00fcriner sistem i\u00e7in kontroll\u00fc mineral seviyeleri. Zindeli\u011fin korunmas\u0131na yard\u0131mc\u0131 olmak i\u00e7in d\u00fc\u015f\u00fck ya\u011f i\u00e7eri\u011fi ve y\u00fcksek seviyelerde. Hill's SCIENCE PLAN, evcil hayvan\u0131n\u0131z\u0131n benzersiz ihtiya\u00e7lar\u0131na y\u00f6nelik, kedinizin bay\u0131laca\u011f\u0131 lezzetler i\u00e7eren, \u00e7e\u015fitli \u0131slak veya kuru kedi mamalar\u0131 sunmaktad\u0131r. \u0130\u00c7\u0130NDEK\u0130LER: M\u0131s\u0131r, k\u0131r\u0131k pirin\u00e7, bu\u011fday, tavuk ve hindi unu, bezelye proteini, m\u0131s\u0131r gl\u00fcten unu, somon unu (%5), hayvansal ya\u011f, mineraller, dijest, bal\u0131k ya\u011f\u0131, bitkisel ya\u011f. KG BA\u015eINA KATKI MADDELER\u0130: Besin katk\u0131 maddeleri: 3b103 (Demir) 57,8mg, 3b202 (\u0130yot) 1,4mg, 3b405 (Bak\u0131r) 5,7mg, 3b502 (Manganez) 6,0mg, 3b603 (\u00c7inko) 101mg, 3b801 (Selenyum) 0,1mg, do\u011fal anti-oksidan i\u00e7erir. ANAL\u0130T\u0130K B\u0130LE\u015eENLER: Protein %31,8, Ya\u011f i\u00e7eri\u011fi %10,7, Ham sel\u00fcloz %1,1, Ham k\u00fcl %5,8, Kalsiyum %0,77, Fosfor %0,67, Sodyum %0,34, Potasyum %0,86, Magnezyum %0,09, L-lisin %2,0; kg ba\u015f\u0131na: Vitamin A 7.482IU, Vitamin D3 626IU, Vitamin E 528mg, Vitamin C 97mg, Beta-karoten 1,9mg, L-karnitin 524mg. Hill's Science Plan SOMONLU KISIRLA\u015eTIRILMI\u015e YET\u0130\u015eK\u0130N KED\u0130 MAMASI, 1-6 ya\u015f aras\u0131 k\u0131s\u0131rla\u015ft\u0131r\u0131lm\u0131\u015f kediler i\u00e7in eksiksiz, tam bir evcil hayvan mamas\u0131d\u0131r. FAYDALI \u0130PU\u00c7LARI: \u2022 Mama miktarlar\u0131n\u0131 ayarlarken ideal kiloyu korumay\u0131 g\u00f6z \u00f6n\u00fcnde bulundurun. Emin de\u011filseniz veterinerinize sorun. \u2022 Bu mama yeni mi? 7 g\u00fcnl\u00fck bir s\u00fcre boyunca eski mama miktar\u0131n\u0131 bir kar\u0131\u015f\u0131m i\u00e7erisinde kademeli olarak azalt\u0131p yeni mamay\u0131 kademeli olarak art\u0131r\u0131n. \u2022 Temiz ve taze suyu daima haz\u0131r bulundurun. \u2022 Evcil hayvanlar\u0131n beslenme ihtiya\u00e7lar\u0131 ya\u015fland\u0131k\u00e7a de\u011fi\u015febilir. Her muayenede veterinerinize sorun. \u2022 Bo\u011fulmay\u0131 \u00f6nlemek i\u00e7in, mama ambalaj\u0131n\u0131 evcil hayvanlar\u0131n ve \u00e7ocuklar\u0131n eri\u015femeyece\u011fi bir yerde saklay\u0131n.","og_url":"https:\/\/anadolupet.com.tr\/en\/product\/hills-sp-somonlu-kisirlastirilmis-kedi-mamasi-132kg\/","og_site_name":"Anadolu Pet Grup","article_modified_time":"2026-02-23T12:48:55+00:00","og_image":[{"width":750,"height":750,"url":"https:\/\/anadolupet.com.tr\/wp-content\/uploads\/2026\/02\/610-608887-P.jpg","type":"image\/jpeg"}],"twitter_card":"summary_large_image","schema":{"@context":"https:\/\/schema.org","@graph":[{"@type":"WebPage","@id":"https:\/\/anadolupet.com.tr\/urun\/hills-sp-somonlu-kisirlastirilmis-kedi-mamasi-132kg\/","url":"https:\/\/anadolupet.com.tr\/urun\/hills-sp-somonlu-kisirlastirilmis-kedi-mamasi-132kg\/","name":"Hill's SP Somonlu K\u0131s\u0131rla\u015ft\u0131r\u0131lm\u0131\u015f Kedi Mamas\u0131 13+2KG - Anadolu Pet Grup","isPartOf":{"@id":"https:\/\/anadolupet.com.tr\/#website"},"primaryImageOfPage":{"@id":"https:\/\/anadolupet.com.tr\/urun\/hills-sp-somonlu-kisirlastirilmis-kedi-mamasi-132kg\/#primaryimage"},"image":{"@id":"https:\/\/anadolupet.com.tr\/urun\/hills-sp-somonlu-kisirlastirilmis-kedi-mamasi-132kg\/#primaryimage"},"thumbnailUrl":"https:\/\/anadolupet.com.tr\/wp-content\/uploads\/2026\/02\/610-608887-P.jpg","datePublished":"2026-02-14T14:41:42+00:00","dateModified":"2026-02-23T12:48:55+00:00","breadcrumb":{"@id":"https:\/\/anadolupet.com.tr\/urun\/hills-sp-somonlu-kisirlastirilmis-kedi-mamasi-132kg\/#breadcrumb"},"inLanguage":"en-US","potentialAction":[{"@type":"ReadAction","target":["https:\/\/anadolupet.com.tr\/urun\/hills-sp-somonlu-kisirlastirilmis-kedi-mamasi-132kg\/"]}]},{"@type":"ImageObject","inLanguage":"en-US","@id":"https:\/\/anadolupet.com.tr\/urun\/hills-sp-somonlu-kisirlastirilmis-kedi-mamasi-132kg\/#primaryimage","url":"https:\/\/anadolupet.com.tr\/wp-content\/uploads\/2026\/02\/610-608887-P.jpg","contentUrl":"https:\/\/anadolupet.com.tr\/wp-content\/uploads\/2026\/02\/610-608887-P.jpg","width":750,"height":750},{"@type":"BreadcrumbList","@id":"https:\/\/anadolupet.com.tr\/urun\/hills-sp-somonlu-kisirlastirilmis-kedi-mamasi-132kg\/#breadcrumb","itemListElement":[{"@type":"ListItem","position":1,"name":"Anasayfa","item":"https:\/\/anadolupet.com.tr\/"},{"@type":"ListItem","position":2,"name":"\u00dcr\u00fcnler","item":"https:\/\/anadolupet.com.tr\/urunler\/"},{"@type":"ListItem","position":3,"name":"Hill&#8217;s SP Somonlu K\u0131s\u0131rla\u015ft\u0131r\u0131lm\u0131\u015f Kedi Mamas\u0131 13+2KG"}]},{"@type":"WebSite","@id":"https:\/\/anadolupet.com.tr\/#website","url":"https:\/\/anadolupet.com.tr\/","name":"Anadolu Pet Group","description":"We Stand Together for the Well-Being of Every Life","publisher":{"@id":"https:\/\/anadolupet.com.tr\/#organization"},"potentialAction":[{"@type":"SearchAction","target":{"@type":"EntryPoint","urlTemplate":"https:\/\/anadolupet.com.tr\/?s={search_term_string}"},"query-input":{"@type":"PropertyValueSpecification","valueRequired":true,"valueName":"search_term_string"}}],"inLanguage":"en-US"},{"@type":"Organization","@id":"https:\/\/anadolupet.com.tr\/#organization","name":"Anadolu Pet Group","alternateName":"Anadolu Pet","url":"https:\/\/anadolupet.com.tr\/","logo":{"@type":"ImageObject","inLanguage":"en-US","@id":"https:\/\/anadolupet.com.tr\/#\/schema\/logo\/image\/","url":"https:\/\/anadolupet.com.tr\/wp-content\/uploads\/2026\/03\/1614666743370.jpg","contentUrl":"https:\/\/anadolupet.com.tr\/wp-content\/uploads\/2026\/03\/1614666743370.jpg","width":800,"height":571,"caption":"Anadolu Pet Grup"},"image":{"@id":"https:\/\/anadolupet.com.tr\/#\/schema\/logo\/image\/"}}]}},"_links":{"self":[{"href":"https:\/\/anadolupet.com.tr\/en\/wp-json\/wp\/v2\/product\/45465","targetHints":{"allow":["GET"]}}],"collection":[{"href":"https:\/\/anadolupet.com.tr\/en\/wp-json\/wp\/v2\/product"}],"about":[{"href":"https:\/\/anadolupet.com.tr\/en\/wp-json\/wp\/v2\/types\/product"}],"replies":[{"embeddable":true,"href":"https:\/\/anadolupet.com.tr\/en\/wp-json\/wp\/v2\/comments?post=45465"}],"wp:featuredmedia":[{"embeddable":true,"href":"https:\/\/anadolupet.com.tr\/en\/wp-json\/wp\/v2\/media\/44207"}],"wp:attachment":[{"href":"https:\/\/anadolupet.com.tr\/en\/wp-json\/wp\/v2\/media?parent=45465"}],"wp:term":[{"taxonomy":"product_brand","embeddable":true,"href":"https:\/\/anadolupet.com.tr\/en\/wp-json\/wp\/v2\/product_brand?post=45465"},{"taxonomy":"product_cat","embeddable":true,"href":"https:\/\/anadolupet.com.tr\/en\/wp-json\/wp\/v2\/product_cat?post=45465"},{"taxonomy":"product_tag","embeddable":true,"href":"https:\/\/anadolupet.com.tr\/en\/wp-json\/wp\/v2\/product_tag?post=45465"}],"curies":[{"name":"wp","href":"https:\/\/api.w.org\/{rel}","templated":true}]}}