{"id":45471,"date":"2026-02-14T14:41:43","date_gmt":"2026-02-14T14:41:43","guid":{"rendered":"https:\/\/anadolupet.com.tr\/urun\/hills-sp-tavuklu-buyuk-irk-yavru-kopek-mamasi-2-5kg\/"},"modified":"2026-02-23T12:48:55","modified_gmt":"2026-02-23T12:48:55","slug":"hills-sp-tavuklu-buyuk-irk-yavru-kopek-mamasi-2-5kg","status":"publish","type":"product","link":"https:\/\/anadolupet.com.tr\/en\/urun\/hills-sp-tavuklu-buyuk-irk-yavru-kopek-mamasi-2-5kg\/","title":{"rendered":"Hill&#8217;s SP Tavuklu B\u00fcy\u00fck Irk Yavru K\u00f6pek Mamas\u0131 2.5KG"},"content":{"rendered":"","protected":false},"excerpt":{"rendered":"<p>B\u00fcy\u00fck k\u00f6pekler \u00e7ok fazla sevgiye ihtiya\u00e7 duyar ve Tavuklu HILL&#8217;S SCIENCE PLAN Large Breed Puppy k\u00f6pek mamas\u0131, kontroll\u00fc kemik geli\u015fimi i\u00e7in ideal seviyede kalsiyum i\u00e7erir ve kalsiyum b\u00fcy\u00fck \u0131rk yavru k\u00f6pekler a\u00e7\u0131s\u0131ndan benzersiz bir geli\u015fimsel ihtiya\u00e7t\u0131r. B\u00fcy\u00fck \u0131rk k\u00f6pe\u011finize ya\u015fama en iyi \u015fekilde ba\u015flang\u0131\u00e7 yapabilme \u015fans\u0131 vererek, g\u00fc\u00e7l\u00fc kemikleri ve g\u00fc\u00e7l\u00fc di\u015fleri destekleyen dengeli minerallerle tam potansiyellerine ula\u015fabilmelerini sa\u011flay\u0131n. Bu k\u00f6pek mamas\u0131, k\u00f6pe\u011finizin g\u00f6z geli\u015fimini ve beyin fonksiyonlar\u0131n\u0131 desteklemek i\u00e7in bal\u0131k ya\u011f\u0131ndan elde edilen DHA i\u00e7erir. B\u00fcy\u00fck \u0131rk k\u00f6pe\u011finizin kas yap\u0131s\u0131 olu\u015fturmas\u0131na ve bunu korumas\u0131na yard\u0131mc\u0131 olan y\u00fcksek kaliteli protein. SCIENCE PLAN&#8217;\u0131n yeni g\u00f6r\u00fcn\u00fcm\u00fcn\u00fc siz de seveceksiniz. Baz\u0131 \u00fcr\u00fcnlerimiz yeni isimlere, yeni mama tanesi \u015fekillerine ve yeni form\u00fclasyonlara sahiptir.<br \/>\n\u0130\u00c7\u0130NDEK\u0130LER: M\u0131s\u0131r, tavuk ve hindi unu (tavuk %19; toplam k\u00fcmes hayvanlar\u0131 %29), bira pirinci; pirin\u00e7, dijest, hayvansal ya\u011f, kurutulmu\u015f b\u00fct\u00fcn yumurta, sel\u00fcloz, kurutulmu\u015f pancar k\u00fcspesi, mineraller, keten tohumu, bal\u0131k ya\u011f\u0131 (%1.3), bitkisel ya\u011f.<br \/>\nKG BA\u015eINA KATKILAR: Besinsel katk\u0131lar: 3b103 (Demir) 59,9mg, 3b202 (\u0130yodin) 1,5mg, 3b405 (Bak\u0131r) 5,9mg, 3b502 (Manganez) 6,2mg, 3b603 (\u00c7inko) 124mg, 3b801 (Selenyum) 0,2mg, do\u011fal antioksidan ile. ANAL\u0130T\u0130K B\u0130LE\u015eENLER: Protein 28,8%, Ya\u011f i\u00e7eri\u011fi 14,6%, Ham sel\u00fcloz 2,9%, Ham k\u00fcl 6,1%, DHA 0,15%, Kalsiyum 1,0%, Fosfor 0,82%, Sodyum 0,47%, Potasyum 0,74%, Magnezyum 0,09%; kg ba\u015f\u0131na: A Vitamini 9.664IU, D3 Vitamini 718IU, E Vitamini 600mg, C Vitamini 125mg, Beta-karoten 1,5mg. Hill&#8217;s Science Plan LARGE BREED PUPPY FOOD with CHICKEN, yeti\u015fkinli\u011finde 25 kg ve \u00fczerinde bir kiloya eri\u015fecek olan 18 ayl\u0131k ya\u015fa kadarki yavru k\u00f6pekler i\u00e7in tam ve dengeli bir evcil hayvan mamas\u0131d\u0131r.<br \/>\nBESLEME TAL\u0130MATI: B\u00fct\u00fcn besleme talimatlar\u0131 i\u00e7in l\u00fctfen ambalaja bak\u0131n\u0131z. Mama miktar\u0131n\u0131 ideal kiloyu koruyacak \u015fekilde ayarlay\u0131n\u0131z. E\u011fer emin de\u011filseniz, veteriner hekiminize sorunuz. Bu mamay\u0131 ilk defa m\u0131 kullan\u0131yorsunuz?Eski maman\u0131n miktar\u0131n\u0131 azaltt\u0131\u011f\u0131n\u0131z, yeni maman\u0131n ise miktar\u0131n\u0131 artt\u0131rd\u0131\u011f\u0131n\u0131z bir kar\u0131\u015f\u0131m haz\u0131rlayarak kademeli \u015fekilde 7 g\u00fcn sonunda tamamen yeni mamaya ge\u00e7i\u015f yap\u0131n\u0131z. Daima temiz ve taze su bulundurunuz! Evcil hayvan\u0131n\u0131z\u0131n beslenme ihtiya\u00e7lar\u0131 ya\u015fland\u0131k\u00e7a de\u011fi\u015febilir. Her muayenede veteriner hekiminize dan\u0131\u015f\u0131n\u0131z.<\/p>","protected":false},"featured_media":44251,"comment_status":"open","ping_status":"closed","template":"","meta":{"_acf_changed":false},"product_brand":[],"product_cat":[2464],"product_tag":[],"class_list":{"0":"post-45471","1":"product","2":"type-product","3":"status-publish","4":"has-post-thumbnail","6":"product_cat-yetiskin-kopek-mamalari","8":"first","9":"instock","10":"shipping-taxable","11":"product-type-simple"},"acf":[],"yoast_head":"<!-- This site is optimized with the Yoast SEO plugin v27.5 - https:\/\/yoast.com\/product\/yoast-seo-wordpress\/ -->\n<title>Hill&#039;s SP Tavuklu B\u00fcy\u00fck Irk Yavru K\u00f6pek Mamas\u0131 2.5KG - Anadolu Pet Grup<\/title>\n<meta name=\"robots\" content=\"index, follow, max-snippet:-1, max-image-preview:large, max-video-preview:-1\" \/>\n<link rel=\"canonical\" href=\"https:\/\/anadolupet.com.tr\/en\/product\/hills-sp-tavuklu-buyuk-irk-yavru-kopek-mamasi-2-5kg\/\" \/>\n<meta property=\"og:locale\" content=\"en_US\" \/>\n<meta property=\"og:type\" content=\"article\" \/>\n<meta property=\"og:title\" content=\"Hill&#039;s SP Tavuklu B\u00fcy\u00fck Irk Yavru K\u00f6pek Mamas\u0131 2.5KG - Anadolu Pet Grup\" \/>\n<meta property=\"og:description\" content=\"B\u00fcy\u00fck k\u00f6pekler \u00e7ok fazla sevgiye ihtiya\u00e7 duyar ve Tavuklu HILL&#039;S SCIENCE PLAN Large Breed Puppy k\u00f6pek mamas\u0131, kontroll\u00fc kemik geli\u015fimi i\u00e7in ideal seviyede kalsiyum i\u00e7erir ve kalsiyum b\u00fcy\u00fck \u0131rk yavru k\u00f6pekler a\u00e7\u0131s\u0131ndan benzersiz bir geli\u015fimsel ihtiya\u00e7t\u0131r. B\u00fcy\u00fck \u0131rk k\u00f6pe\u011finize ya\u015fama en iyi \u015fekilde ba\u015flang\u0131\u00e7 yapabilme \u015fans\u0131 vererek, g\u00fc\u00e7l\u00fc kemikleri ve g\u00fc\u00e7l\u00fc di\u015fleri destekleyen dengeli minerallerle tam potansiyellerine ula\u015fabilmelerini sa\u011flay\u0131n. Bu k\u00f6pek mamas\u0131, k\u00f6pe\u011finizin g\u00f6z geli\u015fimini ve beyin fonksiyonlar\u0131n\u0131 desteklemek i\u00e7in bal\u0131k ya\u011f\u0131ndan elde edilen DHA i\u00e7erir. B\u00fcy\u00fck \u0131rk k\u00f6pe\u011finizin kas yap\u0131s\u0131 olu\u015fturmas\u0131na ve bunu korumas\u0131na yard\u0131mc\u0131 olan y\u00fcksek kaliteli protein. SCIENCE PLAN&#039;\u0131n yeni g\u00f6r\u00fcn\u00fcm\u00fcn\u00fc siz de seveceksiniz. Baz\u0131 \u00fcr\u00fcnlerimiz yeni isimlere, yeni mama tanesi \u015fekillerine ve yeni form\u00fclasyonlara sahiptir. \u0130\u00c7\u0130NDEK\u0130LER: M\u0131s\u0131r, tavuk ve hindi unu (tavuk %19; toplam k\u00fcmes hayvanlar\u0131 %29), bira pirinci; pirin\u00e7, dijest, hayvansal ya\u011f, kurutulmu\u015f b\u00fct\u00fcn yumurta, sel\u00fcloz, kurutulmu\u015f pancar k\u00fcspesi, mineraller, keten tohumu, bal\u0131k ya\u011f\u0131 (%1.3), bitkisel ya\u011f. KG BA\u015eINA KATKILAR: Besinsel katk\u0131lar: 3b103 (Demir) 59,9mg, 3b202 (\u0130yodin) 1,5mg, 3b405 (Bak\u0131r) 5,9mg, 3b502 (Manganez) 6,2mg, 3b603 (\u00c7inko) 124mg, 3b801 (Selenyum) 0,2mg, do\u011fal antioksidan ile. ANAL\u0130T\u0130K B\u0130LE\u015eENLER: Protein 28,8%, Ya\u011f i\u00e7eri\u011fi 14,6%, Ham sel\u00fcloz 2,9%, Ham k\u00fcl 6,1%, DHA 0,15%, Kalsiyum 1,0%, Fosfor 0,82%, Sodyum 0,47%, Potasyum 0,74%, Magnezyum 0,09%; kg ba\u015f\u0131na: A Vitamini 9.664IU, D3 Vitamini 718IU, E Vitamini 600mg, C Vitamini 125mg, Beta-karoten 1,5mg. Hill&#039;s Science Plan LARGE BREED PUPPY FOOD with CHICKEN, yeti\u015fkinli\u011finde 25 kg ve \u00fczerinde bir kiloya eri\u015fecek olan 18 ayl\u0131k ya\u015fa kadarki yavru k\u00f6pekler i\u00e7in tam ve dengeli bir evcil hayvan mamas\u0131d\u0131r. BESLEME TAL\u0130MATI: B\u00fct\u00fcn besleme talimatlar\u0131 i\u00e7in l\u00fctfen ambalaja bak\u0131n\u0131z. Mama miktar\u0131n\u0131 ideal kiloyu koruyacak \u015fekilde ayarlay\u0131n\u0131z. E\u011fer emin de\u011filseniz, veteriner hekiminize sorunuz. Bu mamay\u0131 ilk defa m\u0131 kullan\u0131yorsunuz?Eski maman\u0131n miktar\u0131n\u0131 azaltt\u0131\u011f\u0131n\u0131z, yeni maman\u0131n ise miktar\u0131n\u0131 artt\u0131rd\u0131\u011f\u0131n\u0131z bir kar\u0131\u015f\u0131m haz\u0131rlayarak kademeli \u015fekilde 7 g\u00fcn sonunda tamamen yeni mamaya ge\u00e7i\u015f yap\u0131n\u0131z. Daima temiz ve taze su bulundurunuz! Evcil hayvan\u0131n\u0131z\u0131n beslenme ihtiya\u00e7lar\u0131 ya\u015fland\u0131k\u00e7a de\u011fi\u015febilir. Her muayenede veteriner hekiminize dan\u0131\u015f\u0131n\u0131z.\" \/>\n<meta property=\"og:url\" content=\"https:\/\/anadolupet.com.tr\/en\/product\/hills-sp-tavuklu-buyuk-irk-yavru-kopek-mamasi-2-5kg\/\" \/>\n<meta property=\"og:site_name\" content=\"Anadolu Pet Grup\" \/>\n<meta property=\"article:modified_time\" content=\"2026-02-23T12:48:55+00:00\" \/>\n<meta property=\"og:image\" content=\"https:\/\/anadolupet.com.tr\/wp-content\/uploads\/2026\/02\/620-604304.jpg\" \/>\n\t<meta property=\"og:image:width\" content=\"750\" \/>\n\t<meta property=\"og:image:height\" content=\"750\" \/>\n\t<meta property=\"og:image:type\" content=\"image\/jpeg\" \/>\n<meta name=\"twitter:card\" content=\"summary_large_image\" \/>\n<script type=\"application\/ld+json\" class=\"yoast-schema-graph\">{\"@context\":\"https:\\\/\\\/schema.org\",\"@graph\":[{\"@type\":\"WebPage\",\"@id\":\"https:\\\/\\\/anadolupet.com.tr\\\/urun\\\/hills-sp-tavuklu-buyuk-irk-yavru-kopek-mamasi-2-5kg\\\/\",\"url\":\"https:\\\/\\\/anadolupet.com.tr\\\/urun\\\/hills-sp-tavuklu-buyuk-irk-yavru-kopek-mamasi-2-5kg\\\/\",\"name\":\"Hill's SP Tavuklu B\u00fcy\u00fck Irk Yavru K\u00f6pek Mamas\u0131 2.5KG - Anadolu Pet Grup\",\"isPartOf\":{\"@id\":\"https:\\\/\\\/anadolupet.com.tr\\\/#website\"},\"primaryImageOfPage\":{\"@id\":\"https:\\\/\\\/anadolupet.com.tr\\\/urun\\\/hills-sp-tavuklu-buyuk-irk-yavru-kopek-mamasi-2-5kg\\\/#primaryimage\"},\"image\":{\"@id\":\"https:\\\/\\\/anadolupet.com.tr\\\/urun\\\/hills-sp-tavuklu-buyuk-irk-yavru-kopek-mamasi-2-5kg\\\/#primaryimage\"},\"thumbnailUrl\":\"https:\\\/\\\/anadolupet.com.tr\\\/wp-content\\\/uploads\\\/2026\\\/02\\\/620-604304.jpg\",\"datePublished\":\"2026-02-14T14:41:43+00:00\",\"dateModified\":\"2026-02-23T12:48:55+00:00\",\"breadcrumb\":{\"@id\":\"https:\\\/\\\/anadolupet.com.tr\\\/urun\\\/hills-sp-tavuklu-buyuk-irk-yavru-kopek-mamasi-2-5kg\\\/#breadcrumb\"},\"inLanguage\":\"en-US\",\"potentialAction\":[{\"@type\":\"ReadAction\",\"target\":[\"https:\\\/\\\/anadolupet.com.tr\\\/urun\\\/hills-sp-tavuklu-buyuk-irk-yavru-kopek-mamasi-2-5kg\\\/\"]}]},{\"@type\":\"ImageObject\",\"inLanguage\":\"en-US\",\"@id\":\"https:\\\/\\\/anadolupet.com.tr\\\/urun\\\/hills-sp-tavuklu-buyuk-irk-yavru-kopek-mamasi-2-5kg\\\/#primaryimage\",\"url\":\"https:\\\/\\\/anadolupet.com.tr\\\/wp-content\\\/uploads\\\/2026\\\/02\\\/620-604304.jpg\",\"contentUrl\":\"https:\\\/\\\/anadolupet.com.tr\\\/wp-content\\\/uploads\\\/2026\\\/02\\\/620-604304.jpg\",\"width\":750,\"height\":750},{\"@type\":\"BreadcrumbList\",\"@id\":\"https:\\\/\\\/anadolupet.com.tr\\\/urun\\\/hills-sp-tavuklu-buyuk-irk-yavru-kopek-mamasi-2-5kg\\\/#breadcrumb\",\"itemListElement\":[{\"@type\":\"ListItem\",\"position\":1,\"name\":\"Anasayfa\",\"item\":\"https:\\\/\\\/anadolupet.com.tr\\\/\"},{\"@type\":\"ListItem\",\"position\":2,\"name\":\"\u00dcr\u00fcnler\",\"item\":\"https:\\\/\\\/anadolupet.com.tr\\\/urunler\\\/\"},{\"@type\":\"ListItem\",\"position\":3,\"name\":\"Hill&#8217;s SP Tavuklu B\u00fcy\u00fck Irk Yavru K\u00f6pek Mamas\u0131 2.5KG\"}]},{\"@type\":\"WebSite\",\"@id\":\"https:\\\/\\\/anadolupet.com.tr\\\/#website\",\"url\":\"https:\\\/\\\/anadolupet.com.tr\\\/\",\"name\":\"Anadolu Pet Grup\",\"description\":\"Her Can\u0131n \u0130yi Ya\u015fam\u0131 \u0130\u00e7in Biraraday\u0131z\",\"publisher\":{\"@id\":\"https:\\\/\\\/anadolupet.com.tr\\\/#organization\"},\"potentialAction\":[{\"@type\":\"SearchAction\",\"target\":{\"@type\":\"EntryPoint\",\"urlTemplate\":\"https:\\\/\\\/anadolupet.com.tr\\\/?s={search_term_string}\"},\"query-input\":{\"@type\":\"PropertyValueSpecification\",\"valueRequired\":true,\"valueName\":\"search_term_string\"}}],\"inLanguage\":\"en-US\"},{\"@type\":\"Organization\",\"@id\":\"https:\\\/\\\/anadolupet.com.tr\\\/#organization\",\"name\":\"Anadolu Pet Grup\",\"alternateName\":\"Anadolu Pet\",\"url\":\"https:\\\/\\\/anadolupet.com.tr\\\/\",\"logo\":{\"@type\":\"ImageObject\",\"inLanguage\":\"en-US\",\"@id\":\"https:\\\/\\\/anadolupet.com.tr\\\/#\\\/schema\\\/logo\\\/image\\\/\",\"url\":\"https:\\\/\\\/anadolupet.com.tr\\\/wp-content\\\/uploads\\\/2026\\\/03\\\/1614666743370.jpg\",\"contentUrl\":\"https:\\\/\\\/anadolupet.com.tr\\\/wp-content\\\/uploads\\\/2026\\\/03\\\/1614666743370.jpg\",\"width\":800,\"height\":571,\"caption\":\"Anadolu Pet Grup\"},\"image\":{\"@id\":\"https:\\\/\\\/anadolupet.com.tr\\\/#\\\/schema\\\/logo\\\/image\\\/\"}}]}<\/script>\n<!-- \/ Yoast SEO plugin. -->","yoast_head_json":{"title":"Hill's SP Tavuklu B\u00fcy\u00fck Irk Yavru K\u00f6pek Mamas\u0131 2.5KG - Anadolu Pet Grup","robots":{"index":"index","follow":"follow","max-snippet":"max-snippet:-1","max-image-preview":"max-image-preview:large","max-video-preview":"max-video-preview:-1"},"canonical":"https:\/\/anadolupet.com.tr\/en\/product\/hills-sp-tavuklu-buyuk-irk-yavru-kopek-mamasi-2-5kg\/","og_locale":"en_US","og_type":"article","og_title":"Hill's SP Tavuklu B\u00fcy\u00fck Irk Yavru K\u00f6pek Mamas\u0131 2.5KG - Anadolu Pet Grup","og_description":"B\u00fcy\u00fck k\u00f6pekler \u00e7ok fazla sevgiye ihtiya\u00e7 duyar ve Tavuklu HILL'S SCIENCE PLAN Large Breed Puppy k\u00f6pek mamas\u0131, kontroll\u00fc kemik geli\u015fimi i\u00e7in ideal seviyede kalsiyum i\u00e7erir ve kalsiyum b\u00fcy\u00fck \u0131rk yavru k\u00f6pekler a\u00e7\u0131s\u0131ndan benzersiz bir geli\u015fimsel ihtiya\u00e7t\u0131r. B\u00fcy\u00fck \u0131rk k\u00f6pe\u011finize ya\u015fama en iyi \u015fekilde ba\u015flang\u0131\u00e7 yapabilme \u015fans\u0131 vererek, g\u00fc\u00e7l\u00fc kemikleri ve g\u00fc\u00e7l\u00fc di\u015fleri destekleyen dengeli minerallerle tam potansiyellerine ula\u015fabilmelerini sa\u011flay\u0131n. Bu k\u00f6pek mamas\u0131, k\u00f6pe\u011finizin g\u00f6z geli\u015fimini ve beyin fonksiyonlar\u0131n\u0131 desteklemek i\u00e7in bal\u0131k ya\u011f\u0131ndan elde edilen DHA i\u00e7erir. B\u00fcy\u00fck \u0131rk k\u00f6pe\u011finizin kas yap\u0131s\u0131 olu\u015fturmas\u0131na ve bunu korumas\u0131na yard\u0131mc\u0131 olan y\u00fcksek kaliteli protein. SCIENCE PLAN'\u0131n yeni g\u00f6r\u00fcn\u00fcm\u00fcn\u00fc siz de seveceksiniz. Baz\u0131 \u00fcr\u00fcnlerimiz yeni isimlere, yeni mama tanesi \u015fekillerine ve yeni form\u00fclasyonlara sahiptir. \u0130\u00c7\u0130NDEK\u0130LER: M\u0131s\u0131r, tavuk ve hindi unu (tavuk %19; toplam k\u00fcmes hayvanlar\u0131 %29), bira pirinci; pirin\u00e7, dijest, hayvansal ya\u011f, kurutulmu\u015f b\u00fct\u00fcn yumurta, sel\u00fcloz, kurutulmu\u015f pancar k\u00fcspesi, mineraller, keten tohumu, bal\u0131k ya\u011f\u0131 (%1.3), bitkisel ya\u011f. KG BA\u015eINA KATKILAR: Besinsel katk\u0131lar: 3b103 (Demir) 59,9mg, 3b202 (\u0130yodin) 1,5mg, 3b405 (Bak\u0131r) 5,9mg, 3b502 (Manganez) 6,2mg, 3b603 (\u00c7inko) 124mg, 3b801 (Selenyum) 0,2mg, do\u011fal antioksidan ile. ANAL\u0130T\u0130K B\u0130LE\u015eENLER: Protein 28,8%, Ya\u011f i\u00e7eri\u011fi 14,6%, Ham sel\u00fcloz 2,9%, Ham k\u00fcl 6,1%, DHA 0,15%, Kalsiyum 1,0%, Fosfor 0,82%, Sodyum 0,47%, Potasyum 0,74%, Magnezyum 0,09%; kg ba\u015f\u0131na: A Vitamini 9.664IU, D3 Vitamini 718IU, E Vitamini 600mg, C Vitamini 125mg, Beta-karoten 1,5mg. Hill's Science Plan LARGE BREED PUPPY FOOD with CHICKEN, yeti\u015fkinli\u011finde 25 kg ve \u00fczerinde bir kiloya eri\u015fecek olan 18 ayl\u0131k ya\u015fa kadarki yavru k\u00f6pekler i\u00e7in tam ve dengeli bir evcil hayvan mamas\u0131d\u0131r. BESLEME TAL\u0130MATI: B\u00fct\u00fcn besleme talimatlar\u0131 i\u00e7in l\u00fctfen ambalaja bak\u0131n\u0131z. Mama miktar\u0131n\u0131 ideal kiloyu koruyacak \u015fekilde ayarlay\u0131n\u0131z. E\u011fer emin de\u011filseniz, veteriner hekiminize sorunuz. Bu mamay\u0131 ilk defa m\u0131 kullan\u0131yorsunuz?Eski maman\u0131n miktar\u0131n\u0131 azaltt\u0131\u011f\u0131n\u0131z, yeni maman\u0131n ise miktar\u0131n\u0131 artt\u0131rd\u0131\u011f\u0131n\u0131z bir kar\u0131\u015f\u0131m haz\u0131rlayarak kademeli \u015fekilde 7 g\u00fcn sonunda tamamen yeni mamaya ge\u00e7i\u015f yap\u0131n\u0131z. Daima temiz ve taze su bulundurunuz! Evcil hayvan\u0131n\u0131z\u0131n beslenme ihtiya\u00e7lar\u0131 ya\u015fland\u0131k\u00e7a de\u011fi\u015febilir. Her muayenede veteriner hekiminize dan\u0131\u015f\u0131n\u0131z.","og_url":"https:\/\/anadolupet.com.tr\/en\/product\/hills-sp-tavuklu-buyuk-irk-yavru-kopek-mamasi-2-5kg\/","og_site_name":"Anadolu Pet Grup","article_modified_time":"2026-02-23T12:48:55+00:00","og_image":[{"width":750,"height":750,"url":"https:\/\/anadolupet.com.tr\/wp-content\/uploads\/2026\/02\/620-604304.jpg","type":"image\/jpeg"}],"twitter_card":"summary_large_image","schema":{"@context":"https:\/\/schema.org","@graph":[{"@type":"WebPage","@id":"https:\/\/anadolupet.com.tr\/urun\/hills-sp-tavuklu-buyuk-irk-yavru-kopek-mamasi-2-5kg\/","url":"https:\/\/anadolupet.com.tr\/urun\/hills-sp-tavuklu-buyuk-irk-yavru-kopek-mamasi-2-5kg\/","name":"Hill's SP Tavuklu B\u00fcy\u00fck Irk Yavru K\u00f6pek Mamas\u0131 2.5KG - Anadolu Pet Grup","isPartOf":{"@id":"https:\/\/anadolupet.com.tr\/#website"},"primaryImageOfPage":{"@id":"https:\/\/anadolupet.com.tr\/urun\/hills-sp-tavuklu-buyuk-irk-yavru-kopek-mamasi-2-5kg\/#primaryimage"},"image":{"@id":"https:\/\/anadolupet.com.tr\/urun\/hills-sp-tavuklu-buyuk-irk-yavru-kopek-mamasi-2-5kg\/#primaryimage"},"thumbnailUrl":"https:\/\/anadolupet.com.tr\/wp-content\/uploads\/2026\/02\/620-604304.jpg","datePublished":"2026-02-14T14:41:43+00:00","dateModified":"2026-02-23T12:48:55+00:00","breadcrumb":{"@id":"https:\/\/anadolupet.com.tr\/urun\/hills-sp-tavuklu-buyuk-irk-yavru-kopek-mamasi-2-5kg\/#breadcrumb"},"inLanguage":"en-US","potentialAction":[{"@type":"ReadAction","target":["https:\/\/anadolupet.com.tr\/urun\/hills-sp-tavuklu-buyuk-irk-yavru-kopek-mamasi-2-5kg\/"]}]},{"@type":"ImageObject","inLanguage":"en-US","@id":"https:\/\/anadolupet.com.tr\/urun\/hills-sp-tavuklu-buyuk-irk-yavru-kopek-mamasi-2-5kg\/#primaryimage","url":"https:\/\/anadolupet.com.tr\/wp-content\/uploads\/2026\/02\/620-604304.jpg","contentUrl":"https:\/\/anadolupet.com.tr\/wp-content\/uploads\/2026\/02\/620-604304.jpg","width":750,"height":750},{"@type":"BreadcrumbList","@id":"https:\/\/anadolupet.com.tr\/urun\/hills-sp-tavuklu-buyuk-irk-yavru-kopek-mamasi-2-5kg\/#breadcrumb","itemListElement":[{"@type":"ListItem","position":1,"name":"Anasayfa","item":"https:\/\/anadolupet.com.tr\/"},{"@type":"ListItem","position":2,"name":"\u00dcr\u00fcnler","item":"https:\/\/anadolupet.com.tr\/urunler\/"},{"@type":"ListItem","position":3,"name":"Hill&#8217;s SP Tavuklu B\u00fcy\u00fck Irk Yavru K\u00f6pek Mamas\u0131 2.5KG"}]},{"@type":"WebSite","@id":"https:\/\/anadolupet.com.tr\/#website","url":"https:\/\/anadolupet.com.tr\/","name":"Anadolu Pet Group","description":"We Stand Together for the Well-Being of Every Life","publisher":{"@id":"https:\/\/anadolupet.com.tr\/#organization"},"potentialAction":[{"@type":"SearchAction","target":{"@type":"EntryPoint","urlTemplate":"https:\/\/anadolupet.com.tr\/?s={search_term_string}"},"query-input":{"@type":"PropertyValueSpecification","valueRequired":true,"valueName":"search_term_string"}}],"inLanguage":"en-US"},{"@type":"Organization","@id":"https:\/\/anadolupet.com.tr\/#organization","name":"Anadolu Pet Group","alternateName":"Anadolu Pet","url":"https:\/\/anadolupet.com.tr\/","logo":{"@type":"ImageObject","inLanguage":"en-US","@id":"https:\/\/anadolupet.com.tr\/#\/schema\/logo\/image\/","url":"https:\/\/anadolupet.com.tr\/wp-content\/uploads\/2026\/03\/1614666743370.jpg","contentUrl":"https:\/\/anadolupet.com.tr\/wp-content\/uploads\/2026\/03\/1614666743370.jpg","width":800,"height":571,"caption":"Anadolu Pet Grup"},"image":{"@id":"https:\/\/anadolupet.com.tr\/#\/schema\/logo\/image\/"}}]}},"_links":{"self":[{"href":"https:\/\/anadolupet.com.tr\/en\/wp-json\/wp\/v2\/product\/45471","targetHints":{"allow":["GET"]}}],"collection":[{"href":"https:\/\/anadolupet.com.tr\/en\/wp-json\/wp\/v2\/product"}],"about":[{"href":"https:\/\/anadolupet.com.tr\/en\/wp-json\/wp\/v2\/types\/product"}],"replies":[{"embeddable":true,"href":"https:\/\/anadolupet.com.tr\/en\/wp-json\/wp\/v2\/comments?post=45471"}],"wp:featuredmedia":[{"embeddable":true,"href":"https:\/\/anadolupet.com.tr\/en\/wp-json\/wp\/v2\/media\/44251"}],"wp:attachment":[{"href":"https:\/\/anadolupet.com.tr\/en\/wp-json\/wp\/v2\/media?parent=45471"}],"wp:term":[{"taxonomy":"product_brand","embeddable":true,"href":"https:\/\/anadolupet.com.tr\/en\/wp-json\/wp\/v2\/product_brand?post=45471"},{"taxonomy":"product_cat","embeddable":true,"href":"https:\/\/anadolupet.com.tr\/en\/wp-json\/wp\/v2\/product_cat?post=45471"},{"taxonomy":"product_tag","embeddable":true,"href":"https:\/\/anadolupet.com.tr\/en\/wp-json\/wp\/v2\/product_tag?post=45471"}],"curies":[{"name":"wp","href":"https:\/\/api.w.org\/{rel}","templated":true}]}}