{"id":45472,"date":"2026-02-14T14:41:43","date_gmt":"2026-02-14T14:41:43","guid":{"rendered":"https:\/\/anadolupet.com.tr\/urun\/hills-sp-tavuklu-kisirlastirilmis-yavru-kedi-mamasi-1-5kg\/"},"modified":"2026-02-23T12:48:55","modified_gmt":"2026-02-23T12:48:55","slug":"hills-sp-tavuklu-kisirlastirilmis-yavru-kedi-mamasi-1-5kg","status":"publish","type":"product","link":"https:\/\/anadolupet.com.tr\/en\/urun\/hills-sp-tavuklu-kisirlastirilmis-yavru-kedi-mamasi-1-5kg\/","title":{"rendered":"Hill&#8217;s SP Tavuklu K\u0131s\u0131rla\u015ft\u0131r\u0131lm\u0131\u015f Yavru Kedi Mamas\u0131 1.5KG"},"content":{"rendered":"","protected":false},"excerpt":{"rendered":"<p>Hill&#8217;s SCIENCE PLAN Sterilised Kitten kedi mamas\u0131, Hill&#8217;s&#8217;in sterilize edilmi\u015f yavru kedilerin \u00f6zel gereksinimlerine ili\u015fkin benzersiz anlay\u0131\u015f\u0131yla olu\u015fturuldu. K\u0131s\u0131rla\u015ft\u0131rmadan sonra a\u015f\u0131r\u0131 kilo alma risklerini \u00f6nlemek i\u00e7in kontroll\u00fc ya\u011f ile e\u015fle\u015ftirilmi\u015f kas geli\u015fimi i\u00e7in y\u00fcksek kaliteli protein sa\u011flar. Ek olarak, benzersiz antioksidan kar\u0131\u015f\u0131m\u0131, yavru kedinizin b\u00fcy\u00fcmesini desteklemek i\u00e7in sa\u011fl\u0131kl\u0131 bir ba\u011f\u0131\u015f\u0131kl\u0131k sistemini destekler. Sa\u011fl\u0131kl\u0131 yavru kedilerin dengeli geli\u015fimi i\u00e7in bu mamayla besleyin.<br \/>\n\u0130\u00c7\u0130NDEK\u0130LER: Tavuk ve hindi unu (tavuk 29%; toplam k\u00fcmes hayvanlar\u0131 45%), m\u0131s\u0131r, hayvansal ya\u011f, kurutulmu\u015f pancar k\u00fcspesi, mineraller, hidrolize protein, bal\u0131k ya\u011f\u0131, bitkisel ya\u011f, keten tohumu, sel\u00fcloz. KG BA\u015eINA KATKILAR: Besinsel katk\u0131lar: 3b103 (Demir) 63,7mg, 3b202 (\u0130yodin) 1,6mg, 3b405 (Bak\u0131r) 6,3mg, 3b502 (Manganez) 6,6mg, 3b603 (\u00c7inko) 112mg, 3b801 (Selenyum) 0,1mg, do\u011fal antioksidan ile.<\/p>\n<p>ANAL\u0130T\u0130K B\u0130LE\u015eENLER: Protein 38,5%, Ya\u011f i\u00e7eri\u011fi 21,7%, Ham sel\u00fcloz 1,8%, Ham k\u00fcl 7,6%, Kalsiyum 1,3%, Fosfor 1,1%, Sodyum 0,47%, Potasyum 1,0%, Magnezyum 0,11%; kg ba\u015f\u0131na: A Vitamini 9.022IU, D3 Vitamini 773IU, E Vitamini 600mg, C Vitamini 90mg, Beta-karoten 1,5mg. Hill&#8217;s Science Plan STERILISED KITTEN FOOD CHICKEN, k\u0131s\u0131rla\u015ft\u0131r\u0131lm\u0131\u015f yavru kediler ve hamile veya emziren kediler i\u00e7in tam ve dengeli evcil hayvan mamas\u0131d\u0131r.<br \/>\nBESLEME TAL\u0130MATI: Kullanmadan \u00f6nce veteriner hekiminizden evcil hayvan\u0131n\u0131z i\u00e7in \u00f6zel besleme talimatlar\u0131n\u0131 isteyin. B\u00fct\u00fcn besleme talimatlar\u0131 i\u00e7in l\u00fctfen ambalaja bak\u0131n. Mama miktar\u0131n\u0131 ideal kiloyu koruyacak \u015fekilde ayarlay\u0131n. Emin de\u011filseniz veteriner hekiminize sorun. Bu mamay\u0131 ilk defa m\u0131 kullan\u0131yorsunuz? 7 g\u00fcnl\u00fck bir s\u00fcre boyunca eski mama miktar\u0131n\u0131 bir kar\u0131\u015f\u0131m i\u00e7erisinde kademeli olarak azalt\u0131p yeni mamay\u0131 kademeli olarak art\u0131r\u0131n. Temiz ve taze suyu daima haz\u0131r bulundurun! Evcil hayvan\u0131n\u0131z\u0131n beslenme ihtiya\u00e7lar\u0131 ya\u015fland\u0131k\u00e7a de\u011fi\u015febilir. Her muayenede veteriner hekiminize sorun.<\/p>","protected":false},"featured_media":44170,"comment_status":"open","ping_status":"closed","template":"","meta":{"_acf_changed":false},"product_brand":[],"product_cat":[2441],"product_tag":[],"class_list":{"0":"post-45472","1":"product","2":"type-product","3":"status-publish","4":"has-post-thumbnail","6":"product_cat-yavru-kedi-mamalari","8":"first","9":"instock","10":"shipping-taxable","11":"product-type-simple"},"acf":[],"yoast_head":"<!-- This site is optimized with the Yoast SEO plugin v27.5 - https:\/\/yoast.com\/product\/yoast-seo-wordpress\/ -->\n<title>Hill&#039;s SP Tavuklu K\u0131s\u0131rla\u015ft\u0131r\u0131lm\u0131\u015f Yavru Kedi Mamas\u0131 1.5KG - Anadolu Pet Grup<\/title>\n<meta name=\"robots\" content=\"index, follow, max-snippet:-1, max-image-preview:large, max-video-preview:-1\" \/>\n<link rel=\"canonical\" href=\"https:\/\/anadolupet.com.tr\/en\/product\/hills-sp-tavuklu-kisirlastirilmis-yavru-kedi-mamasi-1-5kg\/\" \/>\n<meta property=\"og:locale\" content=\"en_US\" \/>\n<meta property=\"og:type\" content=\"article\" \/>\n<meta property=\"og:title\" content=\"Hill&#039;s SP Tavuklu K\u0131s\u0131rla\u015ft\u0131r\u0131lm\u0131\u015f Yavru Kedi Mamas\u0131 1.5KG - Anadolu Pet Grup\" \/>\n<meta property=\"og:description\" content=\"Hill&#039;s SCIENCE PLAN Sterilised Kitten kedi mamas\u0131, Hill&#039;s&#039;in sterilize edilmi\u015f yavru kedilerin \u00f6zel gereksinimlerine ili\u015fkin benzersiz anlay\u0131\u015f\u0131yla olu\u015fturuldu. K\u0131s\u0131rla\u015ft\u0131rmadan sonra a\u015f\u0131r\u0131 kilo alma risklerini \u00f6nlemek i\u00e7in kontroll\u00fc ya\u011f ile e\u015fle\u015ftirilmi\u015f kas geli\u015fimi i\u00e7in y\u00fcksek kaliteli protein sa\u011flar. Ek olarak, benzersiz antioksidan kar\u0131\u015f\u0131m\u0131, yavru kedinizin b\u00fcy\u00fcmesini desteklemek i\u00e7in sa\u011fl\u0131kl\u0131 bir ba\u011f\u0131\u015f\u0131kl\u0131k sistemini destekler. Sa\u011fl\u0131kl\u0131 yavru kedilerin dengeli geli\u015fimi i\u00e7in bu mamayla besleyin. \u0130\u00c7\u0130NDEK\u0130LER: Tavuk ve hindi unu (tavuk 29%; toplam k\u00fcmes hayvanlar\u0131 45%), m\u0131s\u0131r, hayvansal ya\u011f, kurutulmu\u015f pancar k\u00fcspesi, mineraller, hidrolize protein, bal\u0131k ya\u011f\u0131, bitkisel ya\u011f, keten tohumu, sel\u00fcloz. KG BA\u015eINA KATKILAR: Besinsel katk\u0131lar: 3b103 (Demir) 63,7mg, 3b202 (\u0130yodin) 1,6mg, 3b405 (Bak\u0131r) 6,3mg, 3b502 (Manganez) 6,6mg, 3b603 (\u00c7inko) 112mg, 3b801 (Selenyum) 0,1mg, do\u011fal antioksidan ile. ANAL\u0130T\u0130K B\u0130LE\u015eENLER: Protein 38,5%, Ya\u011f i\u00e7eri\u011fi 21,7%, Ham sel\u00fcloz 1,8%, Ham k\u00fcl 7,6%, Kalsiyum 1,3%, Fosfor 1,1%, Sodyum 0,47%, Potasyum 1,0%, Magnezyum 0,11%; kg ba\u015f\u0131na: A Vitamini 9.022IU, D3 Vitamini 773IU, E Vitamini 600mg, C Vitamini 90mg, Beta-karoten 1,5mg. Hill&#039;s Science Plan STERILISED KITTEN FOOD CHICKEN, k\u0131s\u0131rla\u015ft\u0131r\u0131lm\u0131\u015f yavru kediler ve hamile veya emziren kediler i\u00e7in tam ve dengeli evcil hayvan mamas\u0131d\u0131r. BESLEME TAL\u0130MATI: Kullanmadan \u00f6nce veteriner hekiminizden evcil hayvan\u0131n\u0131z i\u00e7in \u00f6zel besleme talimatlar\u0131n\u0131 isteyin. B\u00fct\u00fcn besleme talimatlar\u0131 i\u00e7in l\u00fctfen ambalaja bak\u0131n. Mama miktar\u0131n\u0131 ideal kiloyu koruyacak \u015fekilde ayarlay\u0131n. Emin de\u011filseniz veteriner hekiminize sorun. Bu mamay\u0131 ilk defa m\u0131 kullan\u0131yorsunuz? 7 g\u00fcnl\u00fck bir s\u00fcre boyunca eski mama miktar\u0131n\u0131 bir kar\u0131\u015f\u0131m i\u00e7erisinde kademeli olarak azalt\u0131p yeni mamay\u0131 kademeli olarak art\u0131r\u0131n. Temiz ve taze suyu daima haz\u0131r bulundurun! Evcil hayvan\u0131n\u0131z\u0131n beslenme ihtiya\u00e7lar\u0131 ya\u015fland\u0131k\u00e7a de\u011fi\u015febilir. Her muayenede veteriner hekiminize sorun.\" \/>\n<meta property=\"og:url\" content=\"https:\/\/anadolupet.com.tr\/en\/product\/hills-sp-tavuklu-kisirlastirilmis-yavru-kedi-mamasi-1-5kg\/\" \/>\n<meta property=\"og:site_name\" content=\"Anadolu Pet Grup\" \/>\n<meta property=\"article:modified_time\" content=\"2026-02-23T12:48:55+00:00\" \/>\n<meta property=\"og:image\" content=\"https:\/\/anadolupet.com.tr\/wp-content\/uploads\/2026\/02\/610-607265.jpg\" \/>\n\t<meta property=\"og:image:width\" content=\"750\" \/>\n\t<meta property=\"og:image:height\" content=\"750\" \/>\n\t<meta property=\"og:image:type\" content=\"image\/jpeg\" \/>\n<meta name=\"twitter:card\" content=\"summary_large_image\" \/>\n<script type=\"application\/ld+json\" class=\"yoast-schema-graph\">{\"@context\":\"https:\\\/\\\/schema.org\",\"@graph\":[{\"@type\":\"WebPage\",\"@id\":\"https:\\\/\\\/anadolupet.com.tr\\\/urun\\\/hills-sp-tavuklu-kisirlastirilmis-yavru-kedi-mamasi-1-5kg\\\/\",\"url\":\"https:\\\/\\\/anadolupet.com.tr\\\/urun\\\/hills-sp-tavuklu-kisirlastirilmis-yavru-kedi-mamasi-1-5kg\\\/\",\"name\":\"Hill's SP Tavuklu K\u0131s\u0131rla\u015ft\u0131r\u0131lm\u0131\u015f Yavru Kedi Mamas\u0131 1.5KG - Anadolu Pet Grup\",\"isPartOf\":{\"@id\":\"https:\\\/\\\/anadolupet.com.tr\\\/#website\"},\"primaryImageOfPage\":{\"@id\":\"https:\\\/\\\/anadolupet.com.tr\\\/urun\\\/hills-sp-tavuklu-kisirlastirilmis-yavru-kedi-mamasi-1-5kg\\\/#primaryimage\"},\"image\":{\"@id\":\"https:\\\/\\\/anadolupet.com.tr\\\/urun\\\/hills-sp-tavuklu-kisirlastirilmis-yavru-kedi-mamasi-1-5kg\\\/#primaryimage\"},\"thumbnailUrl\":\"https:\\\/\\\/anadolupet.com.tr\\\/wp-content\\\/uploads\\\/2026\\\/02\\\/610-607265.jpg\",\"datePublished\":\"2026-02-14T14:41:43+00:00\",\"dateModified\":\"2026-02-23T12:48:55+00:00\",\"breadcrumb\":{\"@id\":\"https:\\\/\\\/anadolupet.com.tr\\\/urun\\\/hills-sp-tavuklu-kisirlastirilmis-yavru-kedi-mamasi-1-5kg\\\/#breadcrumb\"},\"inLanguage\":\"en-US\",\"potentialAction\":[{\"@type\":\"ReadAction\",\"target\":[\"https:\\\/\\\/anadolupet.com.tr\\\/urun\\\/hills-sp-tavuklu-kisirlastirilmis-yavru-kedi-mamasi-1-5kg\\\/\"]}]},{\"@type\":\"ImageObject\",\"inLanguage\":\"en-US\",\"@id\":\"https:\\\/\\\/anadolupet.com.tr\\\/urun\\\/hills-sp-tavuklu-kisirlastirilmis-yavru-kedi-mamasi-1-5kg\\\/#primaryimage\",\"url\":\"https:\\\/\\\/anadolupet.com.tr\\\/wp-content\\\/uploads\\\/2026\\\/02\\\/610-607265.jpg\",\"contentUrl\":\"https:\\\/\\\/anadolupet.com.tr\\\/wp-content\\\/uploads\\\/2026\\\/02\\\/610-607265.jpg\",\"width\":750,\"height\":750},{\"@type\":\"BreadcrumbList\",\"@id\":\"https:\\\/\\\/anadolupet.com.tr\\\/urun\\\/hills-sp-tavuklu-kisirlastirilmis-yavru-kedi-mamasi-1-5kg\\\/#breadcrumb\",\"itemListElement\":[{\"@type\":\"ListItem\",\"position\":1,\"name\":\"Anasayfa\",\"item\":\"https:\\\/\\\/anadolupet.com.tr\\\/\"},{\"@type\":\"ListItem\",\"position\":2,\"name\":\"\u00dcr\u00fcnler\",\"item\":\"https:\\\/\\\/anadolupet.com.tr\\\/urunler\\\/\"},{\"@type\":\"ListItem\",\"position\":3,\"name\":\"Hill&#8217;s SP Tavuklu K\u0131s\u0131rla\u015ft\u0131r\u0131lm\u0131\u015f Yavru Kedi Mamas\u0131 1.5KG\"}]},{\"@type\":\"WebSite\",\"@id\":\"https:\\\/\\\/anadolupet.com.tr\\\/#website\",\"url\":\"https:\\\/\\\/anadolupet.com.tr\\\/\",\"name\":\"Anadolu Pet Grup\",\"description\":\"Her Can\u0131n \u0130yi Ya\u015fam\u0131 \u0130\u00e7in Biraraday\u0131z\",\"publisher\":{\"@id\":\"https:\\\/\\\/anadolupet.com.tr\\\/#organization\"},\"potentialAction\":[{\"@type\":\"SearchAction\",\"target\":{\"@type\":\"EntryPoint\",\"urlTemplate\":\"https:\\\/\\\/anadolupet.com.tr\\\/?s={search_term_string}\"},\"query-input\":{\"@type\":\"PropertyValueSpecification\",\"valueRequired\":true,\"valueName\":\"search_term_string\"}}],\"inLanguage\":\"en-US\"},{\"@type\":\"Organization\",\"@id\":\"https:\\\/\\\/anadolupet.com.tr\\\/#organization\",\"name\":\"Anadolu Pet Grup\",\"alternateName\":\"Anadolu Pet\",\"url\":\"https:\\\/\\\/anadolupet.com.tr\\\/\",\"logo\":{\"@type\":\"ImageObject\",\"inLanguage\":\"en-US\",\"@id\":\"https:\\\/\\\/anadolupet.com.tr\\\/#\\\/schema\\\/logo\\\/image\\\/\",\"url\":\"https:\\\/\\\/anadolupet.com.tr\\\/wp-content\\\/uploads\\\/2026\\\/03\\\/1614666743370.jpg\",\"contentUrl\":\"https:\\\/\\\/anadolupet.com.tr\\\/wp-content\\\/uploads\\\/2026\\\/03\\\/1614666743370.jpg\",\"width\":800,\"height\":571,\"caption\":\"Anadolu Pet Grup\"},\"image\":{\"@id\":\"https:\\\/\\\/anadolupet.com.tr\\\/#\\\/schema\\\/logo\\\/image\\\/\"}}]}<\/script>\n<!-- \/ Yoast SEO plugin. -->","yoast_head_json":{"title":"Hill's SP Tavuklu K\u0131s\u0131rla\u015ft\u0131r\u0131lm\u0131\u015f Yavru Kedi Mamas\u0131 1.5KG - Anadolu Pet Grup","robots":{"index":"index","follow":"follow","max-snippet":"max-snippet:-1","max-image-preview":"max-image-preview:large","max-video-preview":"max-video-preview:-1"},"canonical":"https:\/\/anadolupet.com.tr\/en\/product\/hills-sp-tavuklu-kisirlastirilmis-yavru-kedi-mamasi-1-5kg\/","og_locale":"en_US","og_type":"article","og_title":"Hill's SP Tavuklu K\u0131s\u0131rla\u015ft\u0131r\u0131lm\u0131\u015f Yavru Kedi Mamas\u0131 1.5KG - Anadolu Pet Grup","og_description":"Hill's SCIENCE PLAN Sterilised Kitten kedi mamas\u0131, Hill's'in sterilize edilmi\u015f yavru kedilerin \u00f6zel gereksinimlerine ili\u015fkin benzersiz anlay\u0131\u015f\u0131yla olu\u015fturuldu. K\u0131s\u0131rla\u015ft\u0131rmadan sonra a\u015f\u0131r\u0131 kilo alma risklerini \u00f6nlemek i\u00e7in kontroll\u00fc ya\u011f ile e\u015fle\u015ftirilmi\u015f kas geli\u015fimi i\u00e7in y\u00fcksek kaliteli protein sa\u011flar. Ek olarak, benzersiz antioksidan kar\u0131\u015f\u0131m\u0131, yavru kedinizin b\u00fcy\u00fcmesini desteklemek i\u00e7in sa\u011fl\u0131kl\u0131 bir ba\u011f\u0131\u015f\u0131kl\u0131k sistemini destekler. Sa\u011fl\u0131kl\u0131 yavru kedilerin dengeli geli\u015fimi i\u00e7in bu mamayla besleyin. \u0130\u00c7\u0130NDEK\u0130LER: Tavuk ve hindi unu (tavuk 29%; toplam k\u00fcmes hayvanlar\u0131 45%), m\u0131s\u0131r, hayvansal ya\u011f, kurutulmu\u015f pancar k\u00fcspesi, mineraller, hidrolize protein, bal\u0131k ya\u011f\u0131, bitkisel ya\u011f, keten tohumu, sel\u00fcloz. KG BA\u015eINA KATKILAR: Besinsel katk\u0131lar: 3b103 (Demir) 63,7mg, 3b202 (\u0130yodin) 1,6mg, 3b405 (Bak\u0131r) 6,3mg, 3b502 (Manganez) 6,6mg, 3b603 (\u00c7inko) 112mg, 3b801 (Selenyum) 0,1mg, do\u011fal antioksidan ile. ANAL\u0130T\u0130K B\u0130LE\u015eENLER: Protein 38,5%, Ya\u011f i\u00e7eri\u011fi 21,7%, Ham sel\u00fcloz 1,8%, Ham k\u00fcl 7,6%, Kalsiyum 1,3%, Fosfor 1,1%, Sodyum 0,47%, Potasyum 1,0%, Magnezyum 0,11%; kg ba\u015f\u0131na: A Vitamini 9.022IU, D3 Vitamini 773IU, E Vitamini 600mg, C Vitamini 90mg, Beta-karoten 1,5mg. Hill's Science Plan STERILISED KITTEN FOOD CHICKEN, k\u0131s\u0131rla\u015ft\u0131r\u0131lm\u0131\u015f yavru kediler ve hamile veya emziren kediler i\u00e7in tam ve dengeli evcil hayvan mamas\u0131d\u0131r. BESLEME TAL\u0130MATI: Kullanmadan \u00f6nce veteriner hekiminizden evcil hayvan\u0131n\u0131z i\u00e7in \u00f6zel besleme talimatlar\u0131n\u0131 isteyin. B\u00fct\u00fcn besleme talimatlar\u0131 i\u00e7in l\u00fctfen ambalaja bak\u0131n. Mama miktar\u0131n\u0131 ideal kiloyu koruyacak \u015fekilde ayarlay\u0131n. Emin de\u011filseniz veteriner hekiminize sorun. Bu mamay\u0131 ilk defa m\u0131 kullan\u0131yorsunuz? 7 g\u00fcnl\u00fck bir s\u00fcre boyunca eski mama miktar\u0131n\u0131 bir kar\u0131\u015f\u0131m i\u00e7erisinde kademeli olarak azalt\u0131p yeni mamay\u0131 kademeli olarak art\u0131r\u0131n. Temiz ve taze suyu daima haz\u0131r bulundurun! Evcil hayvan\u0131n\u0131z\u0131n beslenme ihtiya\u00e7lar\u0131 ya\u015fland\u0131k\u00e7a de\u011fi\u015febilir. Her muayenede veteriner hekiminize sorun.","og_url":"https:\/\/anadolupet.com.tr\/en\/product\/hills-sp-tavuklu-kisirlastirilmis-yavru-kedi-mamasi-1-5kg\/","og_site_name":"Anadolu Pet Grup","article_modified_time":"2026-02-23T12:48:55+00:00","og_image":[{"width":750,"height":750,"url":"https:\/\/anadolupet.com.tr\/wp-content\/uploads\/2026\/02\/610-607265.jpg","type":"image\/jpeg"}],"twitter_card":"summary_large_image","schema":{"@context":"https:\/\/schema.org","@graph":[{"@type":"WebPage","@id":"https:\/\/anadolupet.com.tr\/urun\/hills-sp-tavuklu-kisirlastirilmis-yavru-kedi-mamasi-1-5kg\/","url":"https:\/\/anadolupet.com.tr\/urun\/hills-sp-tavuklu-kisirlastirilmis-yavru-kedi-mamasi-1-5kg\/","name":"Hill's SP Tavuklu K\u0131s\u0131rla\u015ft\u0131r\u0131lm\u0131\u015f Yavru Kedi Mamas\u0131 1.5KG - Anadolu Pet Grup","isPartOf":{"@id":"https:\/\/anadolupet.com.tr\/#website"},"primaryImageOfPage":{"@id":"https:\/\/anadolupet.com.tr\/urun\/hills-sp-tavuklu-kisirlastirilmis-yavru-kedi-mamasi-1-5kg\/#primaryimage"},"image":{"@id":"https:\/\/anadolupet.com.tr\/urun\/hills-sp-tavuklu-kisirlastirilmis-yavru-kedi-mamasi-1-5kg\/#primaryimage"},"thumbnailUrl":"https:\/\/anadolupet.com.tr\/wp-content\/uploads\/2026\/02\/610-607265.jpg","datePublished":"2026-02-14T14:41:43+00:00","dateModified":"2026-02-23T12:48:55+00:00","breadcrumb":{"@id":"https:\/\/anadolupet.com.tr\/urun\/hills-sp-tavuklu-kisirlastirilmis-yavru-kedi-mamasi-1-5kg\/#breadcrumb"},"inLanguage":"en-US","potentialAction":[{"@type":"ReadAction","target":["https:\/\/anadolupet.com.tr\/urun\/hills-sp-tavuklu-kisirlastirilmis-yavru-kedi-mamasi-1-5kg\/"]}]},{"@type":"ImageObject","inLanguage":"en-US","@id":"https:\/\/anadolupet.com.tr\/urun\/hills-sp-tavuklu-kisirlastirilmis-yavru-kedi-mamasi-1-5kg\/#primaryimage","url":"https:\/\/anadolupet.com.tr\/wp-content\/uploads\/2026\/02\/610-607265.jpg","contentUrl":"https:\/\/anadolupet.com.tr\/wp-content\/uploads\/2026\/02\/610-607265.jpg","width":750,"height":750},{"@type":"BreadcrumbList","@id":"https:\/\/anadolupet.com.tr\/urun\/hills-sp-tavuklu-kisirlastirilmis-yavru-kedi-mamasi-1-5kg\/#breadcrumb","itemListElement":[{"@type":"ListItem","position":1,"name":"Anasayfa","item":"https:\/\/anadolupet.com.tr\/"},{"@type":"ListItem","position":2,"name":"\u00dcr\u00fcnler","item":"https:\/\/anadolupet.com.tr\/urunler\/"},{"@type":"ListItem","position":3,"name":"Hill&#8217;s SP Tavuklu K\u0131s\u0131rla\u015ft\u0131r\u0131lm\u0131\u015f Yavru Kedi Mamas\u0131 1.5KG"}]},{"@type":"WebSite","@id":"https:\/\/anadolupet.com.tr\/#website","url":"https:\/\/anadolupet.com.tr\/","name":"Anadolu Pet Group","description":"We Stand Together for the Well-Being of Every Life","publisher":{"@id":"https:\/\/anadolupet.com.tr\/#organization"},"potentialAction":[{"@type":"SearchAction","target":{"@type":"EntryPoint","urlTemplate":"https:\/\/anadolupet.com.tr\/?s={search_term_string}"},"query-input":{"@type":"PropertyValueSpecification","valueRequired":true,"valueName":"search_term_string"}}],"inLanguage":"en-US"},{"@type":"Organization","@id":"https:\/\/anadolupet.com.tr\/#organization","name":"Anadolu Pet Group","alternateName":"Anadolu Pet","url":"https:\/\/anadolupet.com.tr\/","logo":{"@type":"ImageObject","inLanguage":"en-US","@id":"https:\/\/anadolupet.com.tr\/#\/schema\/logo\/image\/","url":"https:\/\/anadolupet.com.tr\/wp-content\/uploads\/2026\/03\/1614666743370.jpg","contentUrl":"https:\/\/anadolupet.com.tr\/wp-content\/uploads\/2026\/03\/1614666743370.jpg","width":800,"height":571,"caption":"Anadolu Pet Grup"},"image":{"@id":"https:\/\/anadolupet.com.tr\/#\/schema\/logo\/image\/"}}]}},"_links":{"self":[{"href":"https:\/\/anadolupet.com.tr\/en\/wp-json\/wp\/v2\/product\/45472","targetHints":{"allow":["GET"]}}],"collection":[{"href":"https:\/\/anadolupet.com.tr\/en\/wp-json\/wp\/v2\/product"}],"about":[{"href":"https:\/\/anadolupet.com.tr\/en\/wp-json\/wp\/v2\/types\/product"}],"replies":[{"embeddable":true,"href":"https:\/\/anadolupet.com.tr\/en\/wp-json\/wp\/v2\/comments?post=45472"}],"wp:featuredmedia":[{"embeddable":true,"href":"https:\/\/anadolupet.com.tr\/en\/wp-json\/wp\/v2\/media\/44170"}],"wp:attachment":[{"href":"https:\/\/anadolupet.com.tr\/en\/wp-json\/wp\/v2\/media?parent=45472"}],"wp:term":[{"taxonomy":"product_brand","embeddable":true,"href":"https:\/\/anadolupet.com.tr\/en\/wp-json\/wp\/v2\/product_brand?post=45472"},{"taxonomy":"product_cat","embeddable":true,"href":"https:\/\/anadolupet.com.tr\/en\/wp-json\/wp\/v2\/product_cat?post=45472"},{"taxonomy":"product_tag","embeddable":true,"href":"https:\/\/anadolupet.com.tr\/en\/wp-json\/wp\/v2\/product_tag?post=45472"}],"curies":[{"name":"wp","href":"https:\/\/api.w.org\/{rel}","templated":true}]}}