{"id":45474,"date":"2026-02-14T14:41:44","date_gmt":"2026-02-14T14:41:44","guid":{"rendered":"https:\/\/anadolupet.com.tr\/?post_type=product&#038;p=45474"},"modified":"2026-02-23T12:48:56","modified_gmt":"2026-02-23T12:48:56","slug":"hills-sp-tavuklu-kucuk-ve-mini-irk-7-yasli-kopek-mamasi-1-5kg","status":"publish","type":"product","link":"https:\/\/anadolupet.com.tr\/en\/urun\/hills-sp-tavuklu-kucuk-ve-mini-irk-7-yasli-kopek-mamasi-1-5kg\/","title":{"rendered":"Hill&#8217;s SP Tavuklu K\u00fc\u00e7\u00fck ve Mini Irk +7 Ya\u015fl\u0131 K\u00f6pek Mamas\u0131 1.5KG"},"content":{"rendered":"","protected":false},"excerpt":{"rendered":"<p>K\u00fc\u00e7\u00fck \u0131rk k\u00f6peklerin onlara \u00f6zel beslenme ihtiya\u00e7lar\u0131 vard\u0131r ve ya\u015fl\u0131 k\u00fc\u00e7\u00fck \u0131rk k\u00f6peklerin gereksinimleri \u00e7ok daha \u00f6zeldir. HILL&#8217;S SCIENCE PLAN Small &#038; Minature Adult 7+ k\u00f6pek mamas\u0131, k\u00fc\u00e7\u00fck ve mini \u0131rk k\u00f6peklerde sa\u011fl\u0131kl\u0131 ya\u015flanmay\u0131 desteklemek i\u00e7in \u00f6zel olarak haz\u0131rlanm\u0131\u015ft\u0131r. K\u00fc\u00e7\u00fck tanecik yap\u0131s\u0131, k\u00fc\u00e7\u00fck \u0131rk k\u00f6peklerin kalp, b\u00f6brek ve idrar kesesi sa\u011fl\u0131\u011f\u0131n\u0131 destekleyen dengeli minerallerle, enerji ve canl\u0131l\u0131k i\u00e7in sinerjistik bir kar\u0131\u015f\u0131m i\u00e7erir. Do\u011fal maddelerle \u00fcretilen bu \u00f6zel k\u00f6pek mamas\u0131, Omega-6 ya\u011f asitlerini ve E vitaminini kullanarak sa\u011fl\u0131kl\u0131 deriyi ve t\u00fcyleri besler. Sindirimi kolay form\u00fcl, ya\u015fl\u0131 k\u00fc\u00e7\u00fck \u0131rk k\u00f6peklerin sindirimini rahatlat\u0131rken, \u00f6zel bir antioksidan kar\u0131\u015f\u0131m\u0131 ile de ba\u011f\u0131\u015f\u0131kl\u0131k destekler. SCIENCE PLAN&#8217;\u0131n yeni g\u00f6r\u00fcn\u00fcm\u00fcn\u00fc siz de seveceksiniz. Baz\u0131 \u00fcr\u00fcnlerimiz yeni isimlere, yeni mama tanecik yap\u0131s\u0131na ve yeni form\u00fcllere sahiptir.<br \/>\n\u0130\u00c7\u0130NDEK\u0130LER: Tavuk ve hindi unu, bu\u011fday, k\u0131r\u0131k pirin\u00e7, kahverengi pirin\u00e7, m\u0131s\u0131r, hayvansal ya\u011f, hidrolize protein, arpa, yulaf, kurutulmu\u015f pancar k\u00fcspesi, bitkisel ya\u011f, keten tohumu, mineraller, kurutulmu\u015f domates posas\u0131, kurutulmu\u015f turu\u00e7giller posas\u0131, \u0131spanak tozu.<br \/>\nKG BA\u015eINA KATKILAR: Besinsel katk\u0131lar: 3b103 (Demir) 71,7mg, 3b202 (\u0130yodin) 1,1mg, 3b405 (Bak\u0131r) 7,1mg, 3b502 (Manganez) 7,4mg, 3b603 (\u00c7inko) 148mg, 3b801 (Selenyum) 0,2mg.<br \/>\nANAL\u0130T\u0130K B\u0130LE\u015eENLER: Protein 17,8%, Ya\u011f i\u00e7eri\u011fi 14,5%, Ham sel\u00fcloz 2,3%, Omega-6 ya\u011f asitleri 3,6%, Ham k\u00fcl 5,2%, Kalsiyum 0,80%, Fosfor 0,59%, Sodyum 0,25%, Potasyum 0,76%, Magnezyum 0,10%; kg ba\u015f\u0131na: A Vitamini 10.904IU, D3 Vitamini 758IU, E Vitamini 690mg, C Vitamini 105mg, Beta-karoten 1,5mg.<br \/>\nHill&#8217;s Science Plan SMALL &#038; MINI MATURE ADULT DOG FOOD with CHICKEN (tavuk %8; toplam k\u00fcmes hayvanlar\u0131 %13) 7-10 ya\u015f aras\u0131ndaki ufak \u0131rk k\u00f6pekler i\u00e7in tam dengeli evcil hayvan mamas\u0131d\u0131r.<br \/>\nBESLEME TAL\u0130MATI: B\u00fct\u00fcn besleme talimatlar\u0131 i\u00e7in l\u00fctfen ambalaja bak\u0131n\u0131z. Mama miktar\u0131n\u0131 ideal kiloyu koruyacak \u015fekilde ayarlay\u0131n\u0131z. E\u011fer emin de\u011filseniz, veteriner hekiminize sorunuz. Bu mamay\u0131 ilk defa m\u0131 kullan\u0131yorsunuz?Eski maman\u0131n miktar\u0131n\u0131 azaltt\u0131\u011f\u0131n\u0131z, yeni maman\u0131n ise miktar\u0131n\u0131 artt\u0131rd\u0131\u011f\u0131n\u0131z bir kar\u0131\u015f\u0131m haz\u0131rlayarak kademeli \u015fekilde 7 g\u00fcn sonunda tamamen yeni mamaya ge\u00e7i\u015f yap\u0131n\u0131z. Daima temiz ve taze su bulundurunuz! Evcil hayvan\u0131n\u0131z\u0131n beslenme ihtiya\u00e7lar\u0131 ya\u015fland\u0131k\u00e7a de\u011fi\u015febilir. Her muayenede veteriner hekiminize dan\u0131\u015f\u0131n\u0131z.<\/p>","protected":false},"featured_media":44239,"comment_status":"open","ping_status":"closed","template":"","meta":{"_acf_changed":false},"product_brand":[],"product_cat":[2454],"product_tag":[],"class_list":{"0":"post-45474","1":"product","2":"type-product","3":"status-publish","4":"has-post-thumbnail","6":"product_cat-olgun-kopek-mamalari","8":"first","9":"instock","10":"shipping-taxable","11":"product-type-simple"},"acf":[],"yoast_head":"<!-- This site is optimized with the Yoast SEO plugin v27.5 - https:\/\/yoast.com\/product\/yoast-seo-wordpress\/ -->\n<title>Hill&#039;s SP Tavuklu K\u00fc\u00e7\u00fck ve Mini Irk +7 Ya\u015fl\u0131 K\u00f6pek Mamas\u0131 1.5KG - Anadolu Pet Grup<\/title>\n<meta name=\"robots\" content=\"index, follow, max-snippet:-1, max-image-preview:large, max-video-preview:-1\" \/>\n<link rel=\"canonical\" href=\"https:\/\/anadolupet.com.tr\/en\/product\/hills-sp-tavuklu-kucuk-ve-mini-irk-7-yasli-kopek-mamasi-1-5kg\/\" \/>\n<meta property=\"og:locale\" content=\"en_US\" \/>\n<meta property=\"og:type\" content=\"article\" \/>\n<meta property=\"og:title\" content=\"Hill&#039;s SP Tavuklu K\u00fc\u00e7\u00fck ve Mini Irk +7 Ya\u015fl\u0131 K\u00f6pek Mamas\u0131 1.5KG - Anadolu Pet Grup\" \/>\n<meta property=\"og:description\" content=\"K\u00fc\u00e7\u00fck \u0131rk k\u00f6peklerin onlara \u00f6zel beslenme ihtiya\u00e7lar\u0131 vard\u0131r ve ya\u015fl\u0131 k\u00fc\u00e7\u00fck \u0131rk k\u00f6peklerin gereksinimleri \u00e7ok daha \u00f6zeldir. HILL&#039;S SCIENCE PLAN Small &amp; Minature Adult 7+ k\u00f6pek mamas\u0131, k\u00fc\u00e7\u00fck ve mini \u0131rk k\u00f6peklerde sa\u011fl\u0131kl\u0131 ya\u015flanmay\u0131 desteklemek i\u00e7in \u00f6zel olarak haz\u0131rlanm\u0131\u015ft\u0131r. K\u00fc\u00e7\u00fck tanecik yap\u0131s\u0131, k\u00fc\u00e7\u00fck \u0131rk k\u00f6peklerin kalp, b\u00f6brek ve idrar kesesi sa\u011fl\u0131\u011f\u0131n\u0131 destekleyen dengeli minerallerle, enerji ve canl\u0131l\u0131k i\u00e7in sinerjistik bir kar\u0131\u015f\u0131m i\u00e7erir. Do\u011fal maddelerle \u00fcretilen bu \u00f6zel k\u00f6pek mamas\u0131, Omega-6 ya\u011f asitlerini ve E vitaminini kullanarak sa\u011fl\u0131kl\u0131 deriyi ve t\u00fcyleri besler. Sindirimi kolay form\u00fcl, ya\u015fl\u0131 k\u00fc\u00e7\u00fck \u0131rk k\u00f6peklerin sindirimini rahatlat\u0131rken, \u00f6zel bir antioksidan kar\u0131\u015f\u0131m\u0131 ile de ba\u011f\u0131\u015f\u0131kl\u0131k destekler. SCIENCE PLAN&#039;\u0131n yeni g\u00f6r\u00fcn\u00fcm\u00fcn\u00fc siz de seveceksiniz. Baz\u0131 \u00fcr\u00fcnlerimiz yeni isimlere, yeni mama tanecik yap\u0131s\u0131na ve yeni form\u00fcllere sahiptir. \u0130\u00c7\u0130NDEK\u0130LER: Tavuk ve hindi unu, bu\u011fday, k\u0131r\u0131k pirin\u00e7, kahverengi pirin\u00e7, m\u0131s\u0131r, hayvansal ya\u011f, hidrolize protein, arpa, yulaf, kurutulmu\u015f pancar k\u00fcspesi, bitkisel ya\u011f, keten tohumu, mineraller, kurutulmu\u015f domates posas\u0131, kurutulmu\u015f turu\u00e7giller posas\u0131, \u0131spanak tozu. KG BA\u015eINA KATKILAR: Besinsel katk\u0131lar: 3b103 (Demir) 71,7mg, 3b202 (\u0130yodin) 1,1mg, 3b405 (Bak\u0131r) 7,1mg, 3b502 (Manganez) 7,4mg, 3b603 (\u00c7inko) 148mg, 3b801 (Selenyum) 0,2mg. ANAL\u0130T\u0130K B\u0130LE\u015eENLER: Protein 17,8%, Ya\u011f i\u00e7eri\u011fi 14,5%, Ham sel\u00fcloz 2,3%, Omega-6 ya\u011f asitleri 3,6%, Ham k\u00fcl 5,2%, Kalsiyum 0,80%, Fosfor 0,59%, Sodyum 0,25%, Potasyum 0,76%, Magnezyum 0,10%; kg ba\u015f\u0131na: A Vitamini 10.904IU, D3 Vitamini 758IU, E Vitamini 690mg, C Vitamini 105mg, Beta-karoten 1,5mg. Hill&#039;s Science Plan SMALL &amp; MINI MATURE ADULT DOG FOOD with CHICKEN (tavuk %8; toplam k\u00fcmes hayvanlar\u0131 %13) 7-10 ya\u015f aras\u0131ndaki ufak \u0131rk k\u00f6pekler i\u00e7in tam dengeli evcil hayvan mamas\u0131d\u0131r. BESLEME TAL\u0130MATI: B\u00fct\u00fcn besleme talimatlar\u0131 i\u00e7in l\u00fctfen ambalaja bak\u0131n\u0131z. Mama miktar\u0131n\u0131 ideal kiloyu koruyacak \u015fekilde ayarlay\u0131n\u0131z. E\u011fer emin de\u011filseniz, veteriner hekiminize sorunuz. Bu mamay\u0131 ilk defa m\u0131 kullan\u0131yorsunuz?Eski maman\u0131n miktar\u0131n\u0131 azaltt\u0131\u011f\u0131n\u0131z, yeni maman\u0131n ise miktar\u0131n\u0131 artt\u0131rd\u0131\u011f\u0131n\u0131z bir kar\u0131\u015f\u0131m haz\u0131rlayarak kademeli \u015fekilde 7 g\u00fcn sonunda tamamen yeni mamaya ge\u00e7i\u015f yap\u0131n\u0131z. Daima temiz ve taze su bulundurunuz! Evcil hayvan\u0131n\u0131z\u0131n beslenme ihtiya\u00e7lar\u0131 ya\u015fland\u0131k\u00e7a de\u011fi\u015febilir. Her muayenede veteriner hekiminize dan\u0131\u015f\u0131n\u0131z.\" \/>\n<meta property=\"og:url\" content=\"https:\/\/anadolupet.com.tr\/en\/product\/hills-sp-tavuklu-kucuk-ve-mini-irk-7-yasli-kopek-mamasi-1-5kg\/\" \/>\n<meta property=\"og:site_name\" content=\"Anadolu Pet Grup\" \/>\n<meta property=\"article:modified_time\" content=\"2026-02-23T12:48:56+00:00\" \/>\n<meta property=\"og:image\" content=\"https:\/\/anadolupet.com.tr\/wp-content\/uploads\/2026\/02\/620-604237.jpg\" \/>\n\t<meta property=\"og:image:width\" content=\"750\" \/>\n\t<meta property=\"og:image:height\" content=\"750\" \/>\n\t<meta property=\"og:image:type\" content=\"image\/jpeg\" \/>\n<meta name=\"twitter:card\" content=\"summary_large_image\" \/>\n<script type=\"application\/ld+json\" class=\"yoast-schema-graph\">{\"@context\":\"https:\\\/\\\/schema.org\",\"@graph\":[{\"@type\":\"WebPage\",\"@id\":\"https:\\\/\\\/anadolupet.com.tr\\\/urun\\\/hills-sp-tavuklu-kucuk-ve-mini-irk-7-yasli-kopek-mamasi-1-5kg\\\/\",\"url\":\"https:\\\/\\\/anadolupet.com.tr\\\/urun\\\/hills-sp-tavuklu-kucuk-ve-mini-irk-7-yasli-kopek-mamasi-1-5kg\\\/\",\"name\":\"Hill's SP Tavuklu K\u00fc\u00e7\u00fck ve Mini Irk +7 Ya\u015fl\u0131 K\u00f6pek Mamas\u0131 1.5KG - Anadolu Pet Grup\",\"isPartOf\":{\"@id\":\"https:\\\/\\\/anadolupet.com.tr\\\/#website\"},\"primaryImageOfPage\":{\"@id\":\"https:\\\/\\\/anadolupet.com.tr\\\/urun\\\/hills-sp-tavuklu-kucuk-ve-mini-irk-7-yasli-kopek-mamasi-1-5kg\\\/#primaryimage\"},\"image\":{\"@id\":\"https:\\\/\\\/anadolupet.com.tr\\\/urun\\\/hills-sp-tavuklu-kucuk-ve-mini-irk-7-yasli-kopek-mamasi-1-5kg\\\/#primaryimage\"},\"thumbnailUrl\":\"https:\\\/\\\/anadolupet.com.tr\\\/wp-content\\\/uploads\\\/2026\\\/02\\\/620-604237.jpg\",\"datePublished\":\"2026-02-14T14:41:44+00:00\",\"dateModified\":\"2026-02-23T12:48:56+00:00\",\"breadcrumb\":{\"@id\":\"https:\\\/\\\/anadolupet.com.tr\\\/urun\\\/hills-sp-tavuklu-kucuk-ve-mini-irk-7-yasli-kopek-mamasi-1-5kg\\\/#breadcrumb\"},\"inLanguage\":\"en-US\",\"potentialAction\":[{\"@type\":\"ReadAction\",\"target\":[\"https:\\\/\\\/anadolupet.com.tr\\\/urun\\\/hills-sp-tavuklu-kucuk-ve-mini-irk-7-yasli-kopek-mamasi-1-5kg\\\/\"]}]},{\"@type\":\"ImageObject\",\"inLanguage\":\"en-US\",\"@id\":\"https:\\\/\\\/anadolupet.com.tr\\\/urun\\\/hills-sp-tavuklu-kucuk-ve-mini-irk-7-yasli-kopek-mamasi-1-5kg\\\/#primaryimage\",\"url\":\"https:\\\/\\\/anadolupet.com.tr\\\/wp-content\\\/uploads\\\/2026\\\/02\\\/620-604237.jpg\",\"contentUrl\":\"https:\\\/\\\/anadolupet.com.tr\\\/wp-content\\\/uploads\\\/2026\\\/02\\\/620-604237.jpg\",\"width\":750,\"height\":750},{\"@type\":\"BreadcrumbList\",\"@id\":\"https:\\\/\\\/anadolupet.com.tr\\\/urun\\\/hills-sp-tavuklu-kucuk-ve-mini-irk-7-yasli-kopek-mamasi-1-5kg\\\/#breadcrumb\",\"itemListElement\":[{\"@type\":\"ListItem\",\"position\":1,\"name\":\"Anasayfa\",\"item\":\"https:\\\/\\\/anadolupet.com.tr\\\/\"},{\"@type\":\"ListItem\",\"position\":2,\"name\":\"\u00dcr\u00fcnler\",\"item\":\"https:\\\/\\\/anadolupet.com.tr\\\/urunler\\\/\"},{\"@type\":\"ListItem\",\"position\":3,\"name\":\"Hill&#8217;s SP Tavuklu K\u00fc\u00e7\u00fck ve Mini Irk +7 Ya\u015fl\u0131 K\u00f6pek Mamas\u0131 1.5KG\"}]},{\"@type\":\"WebSite\",\"@id\":\"https:\\\/\\\/anadolupet.com.tr\\\/#website\",\"url\":\"https:\\\/\\\/anadolupet.com.tr\\\/\",\"name\":\"Anadolu Pet Grup\",\"description\":\"Her Can\u0131n \u0130yi Ya\u015fam\u0131 \u0130\u00e7in Biraraday\u0131z\",\"publisher\":{\"@id\":\"https:\\\/\\\/anadolupet.com.tr\\\/#organization\"},\"potentialAction\":[{\"@type\":\"SearchAction\",\"target\":{\"@type\":\"EntryPoint\",\"urlTemplate\":\"https:\\\/\\\/anadolupet.com.tr\\\/?s={search_term_string}\"},\"query-input\":{\"@type\":\"PropertyValueSpecification\",\"valueRequired\":true,\"valueName\":\"search_term_string\"}}],\"inLanguage\":\"en-US\"},{\"@type\":\"Organization\",\"@id\":\"https:\\\/\\\/anadolupet.com.tr\\\/#organization\",\"name\":\"Anadolu Pet Grup\",\"alternateName\":\"Anadolu Pet\",\"url\":\"https:\\\/\\\/anadolupet.com.tr\\\/\",\"logo\":{\"@type\":\"ImageObject\",\"inLanguage\":\"en-US\",\"@id\":\"https:\\\/\\\/anadolupet.com.tr\\\/#\\\/schema\\\/logo\\\/image\\\/\",\"url\":\"https:\\\/\\\/anadolupet.com.tr\\\/wp-content\\\/uploads\\\/2026\\\/03\\\/1614666743370.jpg\",\"contentUrl\":\"https:\\\/\\\/anadolupet.com.tr\\\/wp-content\\\/uploads\\\/2026\\\/03\\\/1614666743370.jpg\",\"width\":800,\"height\":571,\"caption\":\"Anadolu Pet Grup\"},\"image\":{\"@id\":\"https:\\\/\\\/anadolupet.com.tr\\\/#\\\/schema\\\/logo\\\/image\\\/\"}}]}<\/script>\n<!-- \/ Yoast SEO plugin. -->","yoast_head_json":{"title":"Hill's SP Tavuklu K\u00fc\u00e7\u00fck ve Mini Irk +7 Ya\u015fl\u0131 K\u00f6pek Mamas\u0131 1.5KG - Anadolu Pet Grup","robots":{"index":"index","follow":"follow","max-snippet":"max-snippet:-1","max-image-preview":"max-image-preview:large","max-video-preview":"max-video-preview:-1"},"canonical":"https:\/\/anadolupet.com.tr\/en\/product\/hills-sp-tavuklu-kucuk-ve-mini-irk-7-yasli-kopek-mamasi-1-5kg\/","og_locale":"en_US","og_type":"article","og_title":"Hill's SP Tavuklu K\u00fc\u00e7\u00fck ve Mini Irk +7 Ya\u015fl\u0131 K\u00f6pek Mamas\u0131 1.5KG - Anadolu Pet Grup","og_description":"K\u00fc\u00e7\u00fck \u0131rk k\u00f6peklerin onlara \u00f6zel beslenme ihtiya\u00e7lar\u0131 vard\u0131r ve ya\u015fl\u0131 k\u00fc\u00e7\u00fck \u0131rk k\u00f6peklerin gereksinimleri \u00e7ok daha \u00f6zeldir. HILL'S SCIENCE PLAN Small & Minature Adult 7+ k\u00f6pek mamas\u0131, k\u00fc\u00e7\u00fck ve mini \u0131rk k\u00f6peklerde sa\u011fl\u0131kl\u0131 ya\u015flanmay\u0131 desteklemek i\u00e7in \u00f6zel olarak haz\u0131rlanm\u0131\u015ft\u0131r. K\u00fc\u00e7\u00fck tanecik yap\u0131s\u0131, k\u00fc\u00e7\u00fck \u0131rk k\u00f6peklerin kalp, b\u00f6brek ve idrar kesesi sa\u011fl\u0131\u011f\u0131n\u0131 destekleyen dengeli minerallerle, enerji ve canl\u0131l\u0131k i\u00e7in sinerjistik bir kar\u0131\u015f\u0131m i\u00e7erir. Do\u011fal maddelerle \u00fcretilen bu \u00f6zel k\u00f6pek mamas\u0131, Omega-6 ya\u011f asitlerini ve E vitaminini kullanarak sa\u011fl\u0131kl\u0131 deriyi ve t\u00fcyleri besler. Sindirimi kolay form\u00fcl, ya\u015fl\u0131 k\u00fc\u00e7\u00fck \u0131rk k\u00f6peklerin sindirimini rahatlat\u0131rken, \u00f6zel bir antioksidan kar\u0131\u015f\u0131m\u0131 ile de ba\u011f\u0131\u015f\u0131kl\u0131k destekler. SCIENCE PLAN'\u0131n yeni g\u00f6r\u00fcn\u00fcm\u00fcn\u00fc siz de seveceksiniz. Baz\u0131 \u00fcr\u00fcnlerimiz yeni isimlere, yeni mama tanecik yap\u0131s\u0131na ve yeni form\u00fcllere sahiptir. \u0130\u00c7\u0130NDEK\u0130LER: Tavuk ve hindi unu, bu\u011fday, k\u0131r\u0131k pirin\u00e7, kahverengi pirin\u00e7, m\u0131s\u0131r, hayvansal ya\u011f, hidrolize protein, arpa, yulaf, kurutulmu\u015f pancar k\u00fcspesi, bitkisel ya\u011f, keten tohumu, mineraller, kurutulmu\u015f domates posas\u0131, kurutulmu\u015f turu\u00e7giller posas\u0131, \u0131spanak tozu. KG BA\u015eINA KATKILAR: Besinsel katk\u0131lar: 3b103 (Demir) 71,7mg, 3b202 (\u0130yodin) 1,1mg, 3b405 (Bak\u0131r) 7,1mg, 3b502 (Manganez) 7,4mg, 3b603 (\u00c7inko) 148mg, 3b801 (Selenyum) 0,2mg. ANAL\u0130T\u0130K B\u0130LE\u015eENLER: Protein 17,8%, Ya\u011f i\u00e7eri\u011fi 14,5%, Ham sel\u00fcloz 2,3%, Omega-6 ya\u011f asitleri 3,6%, Ham k\u00fcl 5,2%, Kalsiyum 0,80%, Fosfor 0,59%, Sodyum 0,25%, Potasyum 0,76%, Magnezyum 0,10%; kg ba\u015f\u0131na: A Vitamini 10.904IU, D3 Vitamini 758IU, E Vitamini 690mg, C Vitamini 105mg, Beta-karoten 1,5mg. Hill's Science Plan SMALL & MINI MATURE ADULT DOG FOOD with CHICKEN (tavuk %8; toplam k\u00fcmes hayvanlar\u0131 %13) 7-10 ya\u015f aras\u0131ndaki ufak \u0131rk k\u00f6pekler i\u00e7in tam dengeli evcil hayvan mamas\u0131d\u0131r. BESLEME TAL\u0130MATI: B\u00fct\u00fcn besleme talimatlar\u0131 i\u00e7in l\u00fctfen ambalaja bak\u0131n\u0131z. Mama miktar\u0131n\u0131 ideal kiloyu koruyacak \u015fekilde ayarlay\u0131n\u0131z. E\u011fer emin de\u011filseniz, veteriner hekiminize sorunuz. Bu mamay\u0131 ilk defa m\u0131 kullan\u0131yorsunuz?Eski maman\u0131n miktar\u0131n\u0131 azaltt\u0131\u011f\u0131n\u0131z, yeni maman\u0131n ise miktar\u0131n\u0131 artt\u0131rd\u0131\u011f\u0131n\u0131z bir kar\u0131\u015f\u0131m haz\u0131rlayarak kademeli \u015fekilde 7 g\u00fcn sonunda tamamen yeni mamaya ge\u00e7i\u015f yap\u0131n\u0131z. Daima temiz ve taze su bulundurunuz! Evcil hayvan\u0131n\u0131z\u0131n beslenme ihtiya\u00e7lar\u0131 ya\u015fland\u0131k\u00e7a de\u011fi\u015febilir. Her muayenede veteriner hekiminize dan\u0131\u015f\u0131n\u0131z.","og_url":"https:\/\/anadolupet.com.tr\/en\/product\/hills-sp-tavuklu-kucuk-ve-mini-irk-7-yasli-kopek-mamasi-1-5kg\/","og_site_name":"Anadolu Pet Grup","article_modified_time":"2026-02-23T12:48:56+00:00","og_image":[{"width":750,"height":750,"url":"https:\/\/anadolupet.com.tr\/wp-content\/uploads\/2026\/02\/620-604237.jpg","type":"image\/jpeg"}],"twitter_card":"summary_large_image","schema":{"@context":"https:\/\/schema.org","@graph":[{"@type":"WebPage","@id":"https:\/\/anadolupet.com.tr\/urun\/hills-sp-tavuklu-kucuk-ve-mini-irk-7-yasli-kopek-mamasi-1-5kg\/","url":"https:\/\/anadolupet.com.tr\/urun\/hills-sp-tavuklu-kucuk-ve-mini-irk-7-yasli-kopek-mamasi-1-5kg\/","name":"Hill's SP Tavuklu K\u00fc\u00e7\u00fck ve Mini Irk +7 Ya\u015fl\u0131 K\u00f6pek Mamas\u0131 1.5KG - Anadolu Pet Grup","isPartOf":{"@id":"https:\/\/anadolupet.com.tr\/#website"},"primaryImageOfPage":{"@id":"https:\/\/anadolupet.com.tr\/urun\/hills-sp-tavuklu-kucuk-ve-mini-irk-7-yasli-kopek-mamasi-1-5kg\/#primaryimage"},"image":{"@id":"https:\/\/anadolupet.com.tr\/urun\/hills-sp-tavuklu-kucuk-ve-mini-irk-7-yasli-kopek-mamasi-1-5kg\/#primaryimage"},"thumbnailUrl":"https:\/\/anadolupet.com.tr\/wp-content\/uploads\/2026\/02\/620-604237.jpg","datePublished":"2026-02-14T14:41:44+00:00","dateModified":"2026-02-23T12:48:56+00:00","breadcrumb":{"@id":"https:\/\/anadolupet.com.tr\/urun\/hills-sp-tavuklu-kucuk-ve-mini-irk-7-yasli-kopek-mamasi-1-5kg\/#breadcrumb"},"inLanguage":"en-US","potentialAction":[{"@type":"ReadAction","target":["https:\/\/anadolupet.com.tr\/urun\/hills-sp-tavuklu-kucuk-ve-mini-irk-7-yasli-kopek-mamasi-1-5kg\/"]}]},{"@type":"ImageObject","inLanguage":"en-US","@id":"https:\/\/anadolupet.com.tr\/urun\/hills-sp-tavuklu-kucuk-ve-mini-irk-7-yasli-kopek-mamasi-1-5kg\/#primaryimage","url":"https:\/\/anadolupet.com.tr\/wp-content\/uploads\/2026\/02\/620-604237.jpg","contentUrl":"https:\/\/anadolupet.com.tr\/wp-content\/uploads\/2026\/02\/620-604237.jpg","width":750,"height":750},{"@type":"BreadcrumbList","@id":"https:\/\/anadolupet.com.tr\/urun\/hills-sp-tavuklu-kucuk-ve-mini-irk-7-yasli-kopek-mamasi-1-5kg\/#breadcrumb","itemListElement":[{"@type":"ListItem","position":1,"name":"Anasayfa","item":"https:\/\/anadolupet.com.tr\/"},{"@type":"ListItem","position":2,"name":"\u00dcr\u00fcnler","item":"https:\/\/anadolupet.com.tr\/urunler\/"},{"@type":"ListItem","position":3,"name":"Hill&#8217;s SP Tavuklu K\u00fc\u00e7\u00fck ve Mini Irk +7 Ya\u015fl\u0131 K\u00f6pek Mamas\u0131 1.5KG"}]},{"@type":"WebSite","@id":"https:\/\/anadolupet.com.tr\/#website","url":"https:\/\/anadolupet.com.tr\/","name":"Anadolu Pet Group","description":"We Stand Together for the Well-Being of Every Life","publisher":{"@id":"https:\/\/anadolupet.com.tr\/#organization"},"potentialAction":[{"@type":"SearchAction","target":{"@type":"EntryPoint","urlTemplate":"https:\/\/anadolupet.com.tr\/?s={search_term_string}"},"query-input":{"@type":"PropertyValueSpecification","valueRequired":true,"valueName":"search_term_string"}}],"inLanguage":"en-US"},{"@type":"Organization","@id":"https:\/\/anadolupet.com.tr\/#organization","name":"Anadolu Pet Group","alternateName":"Anadolu Pet","url":"https:\/\/anadolupet.com.tr\/","logo":{"@type":"ImageObject","inLanguage":"en-US","@id":"https:\/\/anadolupet.com.tr\/#\/schema\/logo\/image\/","url":"https:\/\/anadolupet.com.tr\/wp-content\/uploads\/2026\/03\/1614666743370.jpg","contentUrl":"https:\/\/anadolupet.com.tr\/wp-content\/uploads\/2026\/03\/1614666743370.jpg","width":800,"height":571,"caption":"Anadolu Pet Grup"},"image":{"@id":"https:\/\/anadolupet.com.tr\/#\/schema\/logo\/image\/"}}]}},"_links":{"self":[{"href":"https:\/\/anadolupet.com.tr\/en\/wp-json\/wp\/v2\/product\/45474","targetHints":{"allow":["GET"]}}],"collection":[{"href":"https:\/\/anadolupet.com.tr\/en\/wp-json\/wp\/v2\/product"}],"about":[{"href":"https:\/\/anadolupet.com.tr\/en\/wp-json\/wp\/v2\/types\/product"}],"replies":[{"embeddable":true,"href":"https:\/\/anadolupet.com.tr\/en\/wp-json\/wp\/v2\/comments?post=45474"}],"wp:featuredmedia":[{"embeddable":true,"href":"https:\/\/anadolupet.com.tr\/en\/wp-json\/wp\/v2\/media\/44239"}],"wp:attachment":[{"href":"https:\/\/anadolupet.com.tr\/en\/wp-json\/wp\/v2\/media?parent=45474"}],"wp:term":[{"taxonomy":"product_brand","embeddable":true,"href":"https:\/\/anadolupet.com.tr\/en\/wp-json\/wp\/v2\/product_brand?post=45474"},{"taxonomy":"product_cat","embeddable":true,"href":"https:\/\/anadolupet.com.tr\/en\/wp-json\/wp\/v2\/product_cat?post=45474"},{"taxonomy":"product_tag","embeddable":true,"href":"https:\/\/anadolupet.com.tr\/en\/wp-json\/wp\/v2\/product_tag?post=45474"}],"curies":[{"name":"wp","href":"https:\/\/api.w.org\/{rel}","templated":true}]}}