{"id":45478,"date":"2026-02-14T14:41:44","date_gmt":"2026-02-14T14:41:44","guid":{"rendered":"https:\/\/anadolupet.com.tr\/?post_type=product&#038;p=45478"},"modified":"2026-02-23T12:48:56","modified_gmt":"2026-02-23T12:48:56","slug":"hills-sp-uriner-saglik-tavuklu-1-yetiskin-kedi-mamasi-1-5kg","status":"publish","type":"product","link":"https:\/\/anadolupet.com.tr\/en\/urun\/hills-sp-uriner-saglik-tavuklu-1-yetiskin-kedi-mamasi-1-5kg\/","title":{"rendered":"Hill&#8217;s SP \u00dcriner Sa\u011fl\u0131k Tavuklu +1 Yeti\u015fkin Kedi Mamas\u0131 1.5KG"},"content":{"rendered":"","protected":false},"excerpt":{"rendered":"<p>Kontroll\u00fc mineraller ile t\u00fcm \u00fcriner sistemin sa\u011fl\u0131\u011f\u0131n\u0131 destekler. K\u0131s\u0131rla\u015ft\u0131r\u0131lm\u0131\u015f kediler i\u00e7in uygundur.<br \/>\n\u0130\u00c7\u0130NDEK\u0130LER: Tavuk ve hindi unu (tavuk 19%; toplam k\u00fcmes hayvanlar\u0131 29%), m\u0131s\u0131r, k\u0131r\u0131k pirin\u00e7, bu\u011fday, m\u0131s\u0131r proteini unu, hayvansal ya\u011f, mineraller, bal\u0131k ya\u011f\u0131, hidrolize protein, bitkisel ya\u011f.<br \/>\nKG BA\u015eINA KATKILAR: Besinsel katk\u0131lar: 3b103 (Demir) 70,6mg, 3b202 (\u0130yodin) 1,7mg, 3b405 (Bak\u0131r) 7,0mg, 3b502 (Manganez) 7,3mg, 3b603 (\u00c7inko) 124mg, 3b801 (Selenyum) 0,2mg, do\u011fal antioksidan ile.<br \/>\nANAL\u0130T\u0130K B\u0130LE\u015eENLER: Protein 34,8%, Ya\u011f i\u00e7eri\u011fi 11,6%, Ham sel\u00fcloz 1,1%, Ham k\u00fcl 5,8%, Omega-6 ya\u011f asitleri 2,4%, Kalsiyum 0,90%, Fosfor 0,73%, Sodyum 0,37%, Potasyum 0,83%, Magnezyum 0,08%; kg ba\u015f\u0131na: A Vitamini 9.130IU, D3 Vitamini 754IU, E Vitamini 633mg, C Vitamini 102mg, Beta-karoten 2,7mg, L-karnitin 578mg.<br \/>\nHill&#8217;s Science Plan URINARY HEALTH ADULT CAT FOOD with CHICKEN, yeti\u015fkin kediler i\u00e7in idrar sa\u011fl\u0131\u011f\u0131n\u0131 destekleyen tam bir evcil hayvan mamas\u0131d\u0131r.<br \/>\nBESLEME TAL\u0130MATI: Tam besleme talimatlar\u0131 i\u00e7in l\u00fctfen pakete bak\u0131n. Kedinizin optimal a\u011f\u0131rl\u0131\u011f\u0131n\u0131 korumak i\u00e7in besleme miktarlar\u0131n\u0131 gerekti\u011fi gibi ayarlay\u0131n. Emin de\u011filseniz, veteriner hekiminize sorun. Bu kedi mamas\u0131n\u0131 ilk defa m\u0131 kullan\u0131yorsunuz? 7 g\u00fcnl\u00fck bir s\u00fcre boyunca evcil hayvan\u0131n\u0131z\u0131n artan miktarda yeni mamas\u0131n\u0131, azalan miktarlarda eski mamas\u0131n\u0131 kar\u0131\u015ft\u0131r\u0131n. Her zaman temiz su bulundurun! Evcil hayvan\u0131n\u0131z\u0131n beslenme ihtiya\u00e7lar\u0131 ya\u015fland\u0131k\u00e7a de\u011fi\u015febilir. Her kontrolde veteriner hekiminize sorun.<\/p>","protected":false},"featured_media":44160,"comment_status":"open","ping_status":"closed","template":"","meta":{"_acf_changed":false},"product_brand":[],"product_cat":[2442],"product_tag":[],"class_list":{"0":"post-45478","1":"product","2":"type-product","3":"status-publish","4":"has-post-thumbnail","6":"product_cat-yetiskin-kedi-mamalari","8":"first","9":"instock","10":"shipping-taxable","11":"product-type-simple"},"acf":[],"yoast_head":"<!-- This site is optimized with the Yoast SEO plugin v27.5 - https:\/\/yoast.com\/product\/yoast-seo-wordpress\/ -->\n<title>Hill&#039;s SP \u00dcriner Sa\u011fl\u0131k Tavuklu +1 Yeti\u015fkin Kedi Mamas\u0131 1.5KG - Anadolu Pet Grup<\/title>\n<meta name=\"robots\" content=\"index, follow, max-snippet:-1, max-image-preview:large, max-video-preview:-1\" \/>\n<link rel=\"canonical\" href=\"https:\/\/anadolupet.com.tr\/en\/product\/hills-sp-uriner-saglik-tavuklu-1-yetiskin-kedi-mamasi-1-5kg\/\" \/>\n<meta property=\"og:locale\" content=\"en_US\" \/>\n<meta property=\"og:type\" content=\"article\" \/>\n<meta property=\"og:title\" content=\"Hill&#039;s SP \u00dcriner Sa\u011fl\u0131k Tavuklu +1 Yeti\u015fkin Kedi Mamas\u0131 1.5KG - Anadolu Pet Grup\" \/>\n<meta property=\"og:description\" content=\"Kontroll\u00fc mineraller ile t\u00fcm \u00fcriner sistemin sa\u011fl\u0131\u011f\u0131n\u0131 destekler. K\u0131s\u0131rla\u015ft\u0131r\u0131lm\u0131\u015f kediler i\u00e7in uygundur. \u0130\u00c7\u0130NDEK\u0130LER: Tavuk ve hindi unu (tavuk 19%; toplam k\u00fcmes hayvanlar\u0131 29%), m\u0131s\u0131r, k\u0131r\u0131k pirin\u00e7, bu\u011fday, m\u0131s\u0131r proteini unu, hayvansal ya\u011f, mineraller, bal\u0131k ya\u011f\u0131, hidrolize protein, bitkisel ya\u011f. KG BA\u015eINA KATKILAR: Besinsel katk\u0131lar: 3b103 (Demir) 70,6mg, 3b202 (\u0130yodin) 1,7mg, 3b405 (Bak\u0131r) 7,0mg, 3b502 (Manganez) 7,3mg, 3b603 (\u00c7inko) 124mg, 3b801 (Selenyum) 0,2mg, do\u011fal antioksidan ile. ANAL\u0130T\u0130K B\u0130LE\u015eENLER: Protein 34,8%, Ya\u011f i\u00e7eri\u011fi 11,6%, Ham sel\u00fcloz 1,1%, Ham k\u00fcl 5,8%, Omega-6 ya\u011f asitleri 2,4%, Kalsiyum 0,90%, Fosfor 0,73%, Sodyum 0,37%, Potasyum 0,83%, Magnezyum 0,08%; kg ba\u015f\u0131na: A Vitamini 9.130IU, D3 Vitamini 754IU, E Vitamini 633mg, C Vitamini 102mg, Beta-karoten 2,7mg, L-karnitin 578mg. Hill&#039;s Science Plan URINARY HEALTH ADULT CAT FOOD with CHICKEN, yeti\u015fkin kediler i\u00e7in idrar sa\u011fl\u0131\u011f\u0131n\u0131 destekleyen tam bir evcil hayvan mamas\u0131d\u0131r. BESLEME TAL\u0130MATI: Tam besleme talimatlar\u0131 i\u00e7in l\u00fctfen pakete bak\u0131n. Kedinizin optimal a\u011f\u0131rl\u0131\u011f\u0131n\u0131 korumak i\u00e7in besleme miktarlar\u0131n\u0131 gerekti\u011fi gibi ayarlay\u0131n. Emin de\u011filseniz, veteriner hekiminize sorun. Bu kedi mamas\u0131n\u0131 ilk defa m\u0131 kullan\u0131yorsunuz? 7 g\u00fcnl\u00fck bir s\u00fcre boyunca evcil hayvan\u0131n\u0131z\u0131n artan miktarda yeni mamas\u0131n\u0131, azalan miktarlarda eski mamas\u0131n\u0131 kar\u0131\u015ft\u0131r\u0131n. Her zaman temiz su bulundurun! Evcil hayvan\u0131n\u0131z\u0131n beslenme ihtiya\u00e7lar\u0131 ya\u015fland\u0131k\u00e7a de\u011fi\u015febilir. Her kontrolde veteriner hekiminize sorun.\" \/>\n<meta property=\"og:url\" content=\"https:\/\/anadolupet.com.tr\/en\/product\/hills-sp-uriner-saglik-tavuklu-1-yetiskin-kedi-mamasi-1-5kg\/\" \/>\n<meta property=\"og:site_name\" content=\"Anadolu Pet Grup\" \/>\n<meta property=\"article:modified_time\" content=\"2026-02-23T12:48:56+00:00\" \/>\n<meta property=\"og:image\" content=\"https:\/\/anadolupet.com.tr\/wp-content\/uploads\/2026\/02\/610-604136-BPR.jpg\" \/>\n\t<meta property=\"og:image:width\" content=\"750\" \/>\n\t<meta property=\"og:image:height\" content=\"750\" \/>\n\t<meta property=\"og:image:type\" content=\"image\/jpeg\" \/>\n<meta name=\"twitter:card\" content=\"summary_large_image\" \/>\n<script type=\"application\/ld+json\" class=\"yoast-schema-graph\">{\"@context\":\"https:\\\/\\\/schema.org\",\"@graph\":[{\"@type\":\"WebPage\",\"@id\":\"https:\\\/\\\/anadolupet.com.tr\\\/urun\\\/hills-sp-uriner-saglik-tavuklu-1-yetiskin-kedi-mamasi-1-5kg\\\/\",\"url\":\"https:\\\/\\\/anadolupet.com.tr\\\/urun\\\/hills-sp-uriner-saglik-tavuklu-1-yetiskin-kedi-mamasi-1-5kg\\\/\",\"name\":\"Hill's SP \u00dcriner Sa\u011fl\u0131k Tavuklu +1 Yeti\u015fkin Kedi Mamas\u0131 1.5KG - Anadolu Pet Grup\",\"isPartOf\":{\"@id\":\"https:\\\/\\\/anadolupet.com.tr\\\/#website\"},\"primaryImageOfPage\":{\"@id\":\"https:\\\/\\\/anadolupet.com.tr\\\/urun\\\/hills-sp-uriner-saglik-tavuklu-1-yetiskin-kedi-mamasi-1-5kg\\\/#primaryimage\"},\"image\":{\"@id\":\"https:\\\/\\\/anadolupet.com.tr\\\/urun\\\/hills-sp-uriner-saglik-tavuklu-1-yetiskin-kedi-mamasi-1-5kg\\\/#primaryimage\"},\"thumbnailUrl\":\"https:\\\/\\\/anadolupet.com.tr\\\/wp-content\\\/uploads\\\/2026\\\/02\\\/610-604136-BPR.jpg\",\"datePublished\":\"2026-02-14T14:41:44+00:00\",\"dateModified\":\"2026-02-23T12:48:56+00:00\",\"breadcrumb\":{\"@id\":\"https:\\\/\\\/anadolupet.com.tr\\\/urun\\\/hills-sp-uriner-saglik-tavuklu-1-yetiskin-kedi-mamasi-1-5kg\\\/#breadcrumb\"},\"inLanguage\":\"en-US\",\"potentialAction\":[{\"@type\":\"ReadAction\",\"target\":[\"https:\\\/\\\/anadolupet.com.tr\\\/urun\\\/hills-sp-uriner-saglik-tavuklu-1-yetiskin-kedi-mamasi-1-5kg\\\/\"]}]},{\"@type\":\"ImageObject\",\"inLanguage\":\"en-US\",\"@id\":\"https:\\\/\\\/anadolupet.com.tr\\\/urun\\\/hills-sp-uriner-saglik-tavuklu-1-yetiskin-kedi-mamasi-1-5kg\\\/#primaryimage\",\"url\":\"https:\\\/\\\/anadolupet.com.tr\\\/wp-content\\\/uploads\\\/2026\\\/02\\\/610-604136-BPR.jpg\",\"contentUrl\":\"https:\\\/\\\/anadolupet.com.tr\\\/wp-content\\\/uploads\\\/2026\\\/02\\\/610-604136-BPR.jpg\",\"width\":750,\"height\":750},{\"@type\":\"BreadcrumbList\",\"@id\":\"https:\\\/\\\/anadolupet.com.tr\\\/urun\\\/hills-sp-uriner-saglik-tavuklu-1-yetiskin-kedi-mamasi-1-5kg\\\/#breadcrumb\",\"itemListElement\":[{\"@type\":\"ListItem\",\"position\":1,\"name\":\"Anasayfa\",\"item\":\"https:\\\/\\\/anadolupet.com.tr\\\/\"},{\"@type\":\"ListItem\",\"position\":2,\"name\":\"\u00dcr\u00fcnler\",\"item\":\"https:\\\/\\\/anadolupet.com.tr\\\/urunler\\\/\"},{\"@type\":\"ListItem\",\"position\":3,\"name\":\"Hill&#8217;s SP \u00dcriner Sa\u011fl\u0131k Tavuklu +1 Yeti\u015fkin Kedi Mamas\u0131 1.5KG\"}]},{\"@type\":\"WebSite\",\"@id\":\"https:\\\/\\\/anadolupet.com.tr\\\/#website\",\"url\":\"https:\\\/\\\/anadolupet.com.tr\\\/\",\"name\":\"Anadolu Pet Grup\",\"description\":\"Her Can\u0131n \u0130yi Ya\u015fam\u0131 \u0130\u00e7in Biraraday\u0131z\",\"publisher\":{\"@id\":\"https:\\\/\\\/anadolupet.com.tr\\\/#organization\"},\"potentialAction\":[{\"@type\":\"SearchAction\",\"target\":{\"@type\":\"EntryPoint\",\"urlTemplate\":\"https:\\\/\\\/anadolupet.com.tr\\\/?s={search_term_string}\"},\"query-input\":{\"@type\":\"PropertyValueSpecification\",\"valueRequired\":true,\"valueName\":\"search_term_string\"}}],\"inLanguage\":\"en-US\"},{\"@type\":\"Organization\",\"@id\":\"https:\\\/\\\/anadolupet.com.tr\\\/#organization\",\"name\":\"Anadolu Pet Grup\",\"alternateName\":\"Anadolu Pet\",\"url\":\"https:\\\/\\\/anadolupet.com.tr\\\/\",\"logo\":{\"@type\":\"ImageObject\",\"inLanguage\":\"en-US\",\"@id\":\"https:\\\/\\\/anadolupet.com.tr\\\/#\\\/schema\\\/logo\\\/image\\\/\",\"url\":\"https:\\\/\\\/anadolupet.com.tr\\\/wp-content\\\/uploads\\\/2026\\\/03\\\/1614666743370.jpg\",\"contentUrl\":\"https:\\\/\\\/anadolupet.com.tr\\\/wp-content\\\/uploads\\\/2026\\\/03\\\/1614666743370.jpg\",\"width\":800,\"height\":571,\"caption\":\"Anadolu Pet Grup\"},\"image\":{\"@id\":\"https:\\\/\\\/anadolupet.com.tr\\\/#\\\/schema\\\/logo\\\/image\\\/\"}}]}<\/script>\n<!-- \/ Yoast SEO plugin. -->","yoast_head_json":{"title":"Hill's SP \u00dcriner Sa\u011fl\u0131k Tavuklu +1 Yeti\u015fkin Kedi Mamas\u0131 1.5KG - Anadolu Pet Grup","robots":{"index":"index","follow":"follow","max-snippet":"max-snippet:-1","max-image-preview":"max-image-preview:large","max-video-preview":"max-video-preview:-1"},"canonical":"https:\/\/anadolupet.com.tr\/en\/product\/hills-sp-uriner-saglik-tavuklu-1-yetiskin-kedi-mamasi-1-5kg\/","og_locale":"en_US","og_type":"article","og_title":"Hill's SP \u00dcriner Sa\u011fl\u0131k Tavuklu +1 Yeti\u015fkin Kedi Mamas\u0131 1.5KG - Anadolu Pet Grup","og_description":"Kontroll\u00fc mineraller ile t\u00fcm \u00fcriner sistemin sa\u011fl\u0131\u011f\u0131n\u0131 destekler. K\u0131s\u0131rla\u015ft\u0131r\u0131lm\u0131\u015f kediler i\u00e7in uygundur. \u0130\u00c7\u0130NDEK\u0130LER: Tavuk ve hindi unu (tavuk 19%; toplam k\u00fcmes hayvanlar\u0131 29%), m\u0131s\u0131r, k\u0131r\u0131k pirin\u00e7, bu\u011fday, m\u0131s\u0131r proteini unu, hayvansal ya\u011f, mineraller, bal\u0131k ya\u011f\u0131, hidrolize protein, bitkisel ya\u011f. KG BA\u015eINA KATKILAR: Besinsel katk\u0131lar: 3b103 (Demir) 70,6mg, 3b202 (\u0130yodin) 1,7mg, 3b405 (Bak\u0131r) 7,0mg, 3b502 (Manganez) 7,3mg, 3b603 (\u00c7inko) 124mg, 3b801 (Selenyum) 0,2mg, do\u011fal antioksidan ile. ANAL\u0130T\u0130K B\u0130LE\u015eENLER: Protein 34,8%, Ya\u011f i\u00e7eri\u011fi 11,6%, Ham sel\u00fcloz 1,1%, Ham k\u00fcl 5,8%, Omega-6 ya\u011f asitleri 2,4%, Kalsiyum 0,90%, Fosfor 0,73%, Sodyum 0,37%, Potasyum 0,83%, Magnezyum 0,08%; kg ba\u015f\u0131na: A Vitamini 9.130IU, D3 Vitamini 754IU, E Vitamini 633mg, C Vitamini 102mg, Beta-karoten 2,7mg, L-karnitin 578mg. Hill's Science Plan URINARY HEALTH ADULT CAT FOOD with CHICKEN, yeti\u015fkin kediler i\u00e7in idrar sa\u011fl\u0131\u011f\u0131n\u0131 destekleyen tam bir evcil hayvan mamas\u0131d\u0131r. BESLEME TAL\u0130MATI: Tam besleme talimatlar\u0131 i\u00e7in l\u00fctfen pakete bak\u0131n. Kedinizin optimal a\u011f\u0131rl\u0131\u011f\u0131n\u0131 korumak i\u00e7in besleme miktarlar\u0131n\u0131 gerekti\u011fi gibi ayarlay\u0131n. Emin de\u011filseniz, veteriner hekiminize sorun. Bu kedi mamas\u0131n\u0131 ilk defa m\u0131 kullan\u0131yorsunuz? 7 g\u00fcnl\u00fck bir s\u00fcre boyunca evcil hayvan\u0131n\u0131z\u0131n artan miktarda yeni mamas\u0131n\u0131, azalan miktarlarda eski mamas\u0131n\u0131 kar\u0131\u015ft\u0131r\u0131n. Her zaman temiz su bulundurun! Evcil hayvan\u0131n\u0131z\u0131n beslenme ihtiya\u00e7lar\u0131 ya\u015fland\u0131k\u00e7a de\u011fi\u015febilir. Her kontrolde veteriner hekiminize sorun.","og_url":"https:\/\/anadolupet.com.tr\/en\/product\/hills-sp-uriner-saglik-tavuklu-1-yetiskin-kedi-mamasi-1-5kg\/","og_site_name":"Anadolu Pet Grup","article_modified_time":"2026-02-23T12:48:56+00:00","og_image":[{"width":750,"height":750,"url":"https:\/\/anadolupet.com.tr\/wp-content\/uploads\/2026\/02\/610-604136-BPR.jpg","type":"image\/jpeg"}],"twitter_card":"summary_large_image","schema":{"@context":"https:\/\/schema.org","@graph":[{"@type":"WebPage","@id":"https:\/\/anadolupet.com.tr\/urun\/hills-sp-uriner-saglik-tavuklu-1-yetiskin-kedi-mamasi-1-5kg\/","url":"https:\/\/anadolupet.com.tr\/urun\/hills-sp-uriner-saglik-tavuklu-1-yetiskin-kedi-mamasi-1-5kg\/","name":"Hill's SP \u00dcriner Sa\u011fl\u0131k Tavuklu +1 Yeti\u015fkin Kedi Mamas\u0131 1.5KG - Anadolu Pet Grup","isPartOf":{"@id":"https:\/\/anadolupet.com.tr\/#website"},"primaryImageOfPage":{"@id":"https:\/\/anadolupet.com.tr\/urun\/hills-sp-uriner-saglik-tavuklu-1-yetiskin-kedi-mamasi-1-5kg\/#primaryimage"},"image":{"@id":"https:\/\/anadolupet.com.tr\/urun\/hills-sp-uriner-saglik-tavuklu-1-yetiskin-kedi-mamasi-1-5kg\/#primaryimage"},"thumbnailUrl":"https:\/\/anadolupet.com.tr\/wp-content\/uploads\/2026\/02\/610-604136-BPR.jpg","datePublished":"2026-02-14T14:41:44+00:00","dateModified":"2026-02-23T12:48:56+00:00","breadcrumb":{"@id":"https:\/\/anadolupet.com.tr\/urun\/hills-sp-uriner-saglik-tavuklu-1-yetiskin-kedi-mamasi-1-5kg\/#breadcrumb"},"inLanguage":"en-US","potentialAction":[{"@type":"ReadAction","target":["https:\/\/anadolupet.com.tr\/urun\/hills-sp-uriner-saglik-tavuklu-1-yetiskin-kedi-mamasi-1-5kg\/"]}]},{"@type":"ImageObject","inLanguage":"en-US","@id":"https:\/\/anadolupet.com.tr\/urun\/hills-sp-uriner-saglik-tavuklu-1-yetiskin-kedi-mamasi-1-5kg\/#primaryimage","url":"https:\/\/anadolupet.com.tr\/wp-content\/uploads\/2026\/02\/610-604136-BPR.jpg","contentUrl":"https:\/\/anadolupet.com.tr\/wp-content\/uploads\/2026\/02\/610-604136-BPR.jpg","width":750,"height":750},{"@type":"BreadcrumbList","@id":"https:\/\/anadolupet.com.tr\/urun\/hills-sp-uriner-saglik-tavuklu-1-yetiskin-kedi-mamasi-1-5kg\/#breadcrumb","itemListElement":[{"@type":"ListItem","position":1,"name":"Anasayfa","item":"https:\/\/anadolupet.com.tr\/"},{"@type":"ListItem","position":2,"name":"\u00dcr\u00fcnler","item":"https:\/\/anadolupet.com.tr\/urunler\/"},{"@type":"ListItem","position":3,"name":"Hill&#8217;s SP \u00dcriner Sa\u011fl\u0131k Tavuklu +1 Yeti\u015fkin Kedi Mamas\u0131 1.5KG"}]},{"@type":"WebSite","@id":"https:\/\/anadolupet.com.tr\/#website","url":"https:\/\/anadolupet.com.tr\/","name":"Anadolu Pet Group","description":"We Stand Together for the Well-Being of Every Life","publisher":{"@id":"https:\/\/anadolupet.com.tr\/#organization"},"potentialAction":[{"@type":"SearchAction","target":{"@type":"EntryPoint","urlTemplate":"https:\/\/anadolupet.com.tr\/?s={search_term_string}"},"query-input":{"@type":"PropertyValueSpecification","valueRequired":true,"valueName":"search_term_string"}}],"inLanguage":"en-US"},{"@type":"Organization","@id":"https:\/\/anadolupet.com.tr\/#organization","name":"Anadolu Pet Group","alternateName":"Anadolu Pet","url":"https:\/\/anadolupet.com.tr\/","logo":{"@type":"ImageObject","inLanguage":"en-US","@id":"https:\/\/anadolupet.com.tr\/#\/schema\/logo\/image\/","url":"https:\/\/anadolupet.com.tr\/wp-content\/uploads\/2026\/03\/1614666743370.jpg","contentUrl":"https:\/\/anadolupet.com.tr\/wp-content\/uploads\/2026\/03\/1614666743370.jpg","width":800,"height":571,"caption":"Anadolu Pet Grup"},"image":{"@id":"https:\/\/anadolupet.com.tr\/#\/schema\/logo\/image\/"}}]}},"_links":{"self":[{"href":"https:\/\/anadolupet.com.tr\/en\/wp-json\/wp\/v2\/product\/45478","targetHints":{"allow":["GET"]}}],"collection":[{"href":"https:\/\/anadolupet.com.tr\/en\/wp-json\/wp\/v2\/product"}],"about":[{"href":"https:\/\/anadolupet.com.tr\/en\/wp-json\/wp\/v2\/types\/product"}],"replies":[{"embeddable":true,"href":"https:\/\/anadolupet.com.tr\/en\/wp-json\/wp\/v2\/comments?post=45478"}],"wp:featuredmedia":[{"embeddable":true,"href":"https:\/\/anadolupet.com.tr\/en\/wp-json\/wp\/v2\/media\/44160"}],"wp:attachment":[{"href":"https:\/\/anadolupet.com.tr\/en\/wp-json\/wp\/v2\/media?parent=45478"}],"wp:term":[{"taxonomy":"product_brand","embeddable":true,"href":"https:\/\/anadolupet.com.tr\/en\/wp-json\/wp\/v2\/product_brand?post=45478"},{"taxonomy":"product_cat","embeddable":true,"href":"https:\/\/anadolupet.com.tr\/en\/wp-json\/wp\/v2\/product_cat?post=45478"},{"taxonomy":"product_tag","embeddable":true,"href":"https:\/\/anadolupet.com.tr\/en\/wp-json\/wp\/v2\/product_tag?post=45478"}],"curies":[{"name":"wp","href":"https:\/\/api.w.org\/{rel}","templated":true}]}}