{"id":45484,"date":"2026-02-14T14:41:45","date_gmt":"2026-02-14T14:41:45","guid":{"rendered":"https:\/\/anadolupet.com.tr\/urun\/hills-sp-tavuklu-kucuk-ve-mini-irk-yavru-kopek-mamasi-1-5kg\/"},"modified":"2026-02-23T12:48:56","modified_gmt":"2026-02-23T12:48:56","slug":"hills-sp-tavuklu-kucuk-ve-mini-irk-yavru-kopek-mamasi-1-5kg","status":"publish","type":"product","link":"https:\/\/anadolupet.com.tr\/en\/urun\/hills-sp-tavuklu-kucuk-ve-mini-irk-yavru-kopek-mamasi-1-5kg\/","title":{"rendered":"Hill&#8217;s SP Tavuklu K\u00fc\u00e7\u00fck ve Mini Irk Yavru K\u00f6pek Mamas\u0131 1.5KG"},"content":{"rendered":"","protected":false},"excerpt":{"rendered":"<p>K\u00fc\u00e7\u00fck \u0131rk k\u00f6pekler \u00e7ok sevimli olurlar, bu nedenle k\u00f6pek yavrular\u0131na HILL&#8217;S SCIENCE PLAN Small &amp; Mini Puppy k\u00f6pek mamas\u0131 ile ya\u015famlar\u0131na en iyi \u015fekilde ba\u015flama \u015fans\u0131 verin. Bu k\u00f6pek mamas\u0131, \u00f6zellikle 1 ya\u015f ve alt\u0131ndaki k\u00fc\u00e7\u00fck \u0131rk k\u00f6peklerin geli\u015fimsel ihtiya\u00e7lar\u0131n\u0131 kar\u015f\u0131lamaya y\u00f6nelik haz\u0131rlanm\u0131\u015ft\u0131r. K\u00fc\u00e7\u00fck \u0131rk k\u00f6pek yavrular\u0131 i\u00e7in \u00f6zel tasarlanm\u0131\u015f k\u00fc\u00e7\u00fck mama tanecik boyutuna sahip bu birinci s\u0131n\u0131f evcil hayvan mamas\u0131, y\u00fcksek kaliteli protein ile minik yavrunuzun ya\u011fs\u0131z kas k\u00fctlesinin ve g\u00fc\u00e7l\u00fc kaslar\u0131n\u0131n olu\u015fumuna yard\u0131mc\u0131 olurken, bal\u0131k ya\u011f\u0131ndan elde edilen DHA sayesinde ise yavru k\u00f6pe\u011finizin beyin ve g\u00f6z geli\u015fimini destekler. \u0130skelet geli\u015fimi yavrularda \u00e7ok \u00f6nemli oldu\u011fu i\u00e7in, bu k\u00f6pek mamas\u0131 g\u00fc\u00e7l\u00fc di\u015fleri ve sa\u011fl\u0131kl\u0131 kemikleri desteklemek \u00fczere dengeli mineraller i\u00e7erir. Son olarak, k\u00fc\u00e7\u00fck \u0131rk k\u00f6pekler kendi ba\u011f\u0131\u015f\u0131kl\u0131k sistemi deste\u011fine sahip olduklar\u0131 i\u00e7in, HILL&#8217;S SCIENCE PLAN Small &amp; Mini \u00f6zel bir antioksidan kar\u0131\u015f\u0131m\u0131 i\u00e7erir. SCIENCE PLAN&#8217;\u0131n yeni g\u00f6r\u00fcn\u00fcm\u00fcn\u00fc siz de seveceksiniz. Baz\u0131 \u00fcr\u00fcnlerimiz yeni isimlere, yeni mama tanesi \u015fekillerine ve yeni form\u00fclasyonlara sahiptir.<br \/>\n\u0130\u00c7\u0130NDEK\u0130LER: Tavuk ve hindi unu, m\u0131s\u0131r, bu\u011fday, hayvansal ya\u011f, hidrolize protein, k\u0131r\u0131k pirin\u00e7, m\u0131s\u0131r gluteni unu, kurutulmu\u015f pancar k\u00fcspesi, mineraller, bal\u0131k ya\u011f\u0131, keten tohumu, kurutulmu\u015f domates posas\u0131, kurutulmu\u015f turu\u00e7giller posas\u0131, kurutulmu\u015f \u0131spanak.<br \/>\nKG BA\u015eINA KATKILAR: Besinsel katk\u0131lar: 3b103 (Demir) 67,5mg, 3b202 (\u0130yodin) 1,1mg, 3b405 (Bak\u0131r) 6,7mg, 3b502 (Manganez) 7,0mg, 3b603 (\u00c7inko) 140mg, 3b801 (Selenyum) 0,1mg; do\u011fal antioksidan ile.<br \/>\nANAL\u0130T\u0130K B\u0130LE\u015eENLER: Protein 27,2%, Ya\u011f i\u00e7eri\u011fi 17,7%, Ham sel\u00fcloz 1,5%, DHA 0,16%, Ham k\u00fcl 7,0%, Kalsiyum 1,3%, Fosfor 1,0%, Sodyum 0,49%, Potasyum 0,78%, Magnezyum 0,09%; kg ba\u015f\u0131na: A Vitamini 10.791IU, D3 Vitamini 757IU, E Vitamini 690mg, C Vitamini 105mg, Beta-karoten 1,5mg.<br \/>\nHill&#8217;s Science Plan SMALL &#038; MINI PUPPY DOG FOOD with CHICKEN (tavuk %17; toplam k\u00fcmes hayvanlar\u0131 %27) 4 haftal\u0131k ya\u015ftan 12 ayl\u0131k ya\u015fa kadarki k\u00fc\u00e7\u00fck \u0131rk yavru k\u00f6pekler ve gebe veya emziren k\u00f6pekler i\u00e7in tam dengeli ve y\u00fcksek kaliteli bir evcil hayvan mamas\u0131d\u0131r.<br \/>\nBESLEME TAL\u0130MATI: B\u00fct\u00fcn besleme talimatlar\u0131 i\u00e7in l\u00fctfen ambalaja bak\u0131n\u0131z. Mama miktar\u0131n\u0131 ideal kiloyu koruyacak \u015fekilde ayarlay\u0131n\u0131z. E\u011fer emin de\u011filseniz, veteriner hekiminize sorunuz. Bu mamay\u0131 ilk defa m\u0131 kullan\u0131yorsunuz? Eski maman\u0131n miktar\u0131n\u0131 azaltt\u0131\u011f\u0131n\u0131z, yeni maman\u0131n ise miktar\u0131n\u0131 artt\u0131rd\u0131\u011f\u0131n\u0131z bir kar\u0131\u015f\u0131m haz\u0131rlayarak kademeli \u015fekilde 7 g\u00fcn sonunda tamamen yeni mamaya ge\u00e7i\u015f yap\u0131n\u0131z. Daima temiz ve taze su bulundurunuz! Evcil hayvan\u0131n\u0131z\u0131n beslenme ihtiya\u00e7lar\u0131 ya\u015fland\u0131k\u00e7a de\u011fi\u015febilir. Her muayenede veteriner hekiminize dan\u0131\u015f\u0131n\u0131z.<\/p>","protected":false},"featured_media":44280,"comment_status":"open","ping_status":"closed","template":"","meta":{"_acf_changed":false},"product_brand":[],"product_cat":[2464],"product_tag":[],"class_list":{"0":"post-45484","1":"product","2":"type-product","3":"status-publish","4":"has-post-thumbnail","6":"product_cat-yetiskin-kopek-mamalari","8":"first","9":"instock","10":"shipping-taxable","11":"product-type-simple"},"acf":[],"yoast_head":"<!-- This site is optimized with the Yoast SEO plugin v27.5 - https:\/\/yoast.com\/product\/yoast-seo-wordpress\/ -->\n<title>Hill&#039;s SP Tavuklu K\u00fc\u00e7\u00fck ve Mini Irk Yavru K\u00f6pek Mamas\u0131 1.5KG - Anadolu Pet Grup<\/title>\n<meta name=\"robots\" content=\"index, follow, max-snippet:-1, max-image-preview:large, max-video-preview:-1\" \/>\n<link rel=\"canonical\" href=\"https:\/\/anadolupet.com.tr\/en\/product\/hills-sp-tavuklu-kucuk-ve-mini-irk-yavru-kopek-mamasi-1-5kg\/\" \/>\n<meta property=\"og:locale\" content=\"en_US\" \/>\n<meta property=\"og:type\" content=\"article\" \/>\n<meta property=\"og:title\" content=\"Hill&#039;s SP Tavuklu K\u00fc\u00e7\u00fck ve Mini Irk Yavru K\u00f6pek Mamas\u0131 1.5KG - Anadolu Pet Grup\" \/>\n<meta property=\"og:description\" content=\"K\u00fc\u00e7\u00fck \u0131rk k\u00f6pekler \u00e7ok sevimli olurlar, bu nedenle k\u00f6pek yavrular\u0131na HILL&#039;S SCIENCE PLAN Small &amp; Mini Puppy k\u00f6pek mamas\u0131 ile ya\u015famlar\u0131na en iyi \u015fekilde ba\u015flama \u015fans\u0131 verin. Bu k\u00f6pek mamas\u0131, \u00f6zellikle 1 ya\u015f ve alt\u0131ndaki k\u00fc\u00e7\u00fck \u0131rk k\u00f6peklerin geli\u015fimsel ihtiya\u00e7lar\u0131n\u0131 kar\u015f\u0131lamaya y\u00f6nelik haz\u0131rlanm\u0131\u015ft\u0131r. K\u00fc\u00e7\u00fck \u0131rk k\u00f6pek yavrular\u0131 i\u00e7in \u00f6zel tasarlanm\u0131\u015f k\u00fc\u00e7\u00fck mama tanecik boyutuna sahip bu birinci s\u0131n\u0131f evcil hayvan mamas\u0131, y\u00fcksek kaliteli protein ile minik yavrunuzun ya\u011fs\u0131z kas k\u00fctlesinin ve g\u00fc\u00e7l\u00fc kaslar\u0131n\u0131n olu\u015fumuna yard\u0131mc\u0131 olurken, bal\u0131k ya\u011f\u0131ndan elde edilen DHA sayesinde ise yavru k\u00f6pe\u011finizin beyin ve g\u00f6z geli\u015fimini destekler. \u0130skelet geli\u015fimi yavrularda \u00e7ok \u00f6nemli oldu\u011fu i\u00e7in, bu k\u00f6pek mamas\u0131 g\u00fc\u00e7l\u00fc di\u015fleri ve sa\u011fl\u0131kl\u0131 kemikleri desteklemek \u00fczere dengeli mineraller i\u00e7erir. Son olarak, k\u00fc\u00e7\u00fck \u0131rk k\u00f6pekler kendi ba\u011f\u0131\u015f\u0131kl\u0131k sistemi deste\u011fine sahip olduklar\u0131 i\u00e7in, HILL&#039;S SCIENCE PLAN Small &amp; Mini \u00f6zel bir antioksidan kar\u0131\u015f\u0131m\u0131 i\u00e7erir. SCIENCE PLAN&#039;\u0131n yeni g\u00f6r\u00fcn\u00fcm\u00fcn\u00fc siz de seveceksiniz. Baz\u0131 \u00fcr\u00fcnlerimiz yeni isimlere, yeni mama tanesi \u015fekillerine ve yeni form\u00fclasyonlara sahiptir. \u0130\u00c7\u0130NDEK\u0130LER: Tavuk ve hindi unu, m\u0131s\u0131r, bu\u011fday, hayvansal ya\u011f, hidrolize protein, k\u0131r\u0131k pirin\u00e7, m\u0131s\u0131r gluteni unu, kurutulmu\u015f pancar k\u00fcspesi, mineraller, bal\u0131k ya\u011f\u0131, keten tohumu, kurutulmu\u015f domates posas\u0131, kurutulmu\u015f turu\u00e7giller posas\u0131, kurutulmu\u015f \u0131spanak. KG BA\u015eINA KATKILAR: Besinsel katk\u0131lar: 3b103 (Demir) 67,5mg, 3b202 (\u0130yodin) 1,1mg, 3b405 (Bak\u0131r) 6,7mg, 3b502 (Manganez) 7,0mg, 3b603 (\u00c7inko) 140mg, 3b801 (Selenyum) 0,1mg; do\u011fal antioksidan ile. ANAL\u0130T\u0130K B\u0130LE\u015eENLER: Protein 27,2%, Ya\u011f i\u00e7eri\u011fi 17,7%, Ham sel\u00fcloz 1,5%, DHA 0,16%, Ham k\u00fcl 7,0%, Kalsiyum 1,3%, Fosfor 1,0%, Sodyum 0,49%, Potasyum 0,78%, Magnezyum 0,09%; kg ba\u015f\u0131na: A Vitamini 10.791IU, D3 Vitamini 757IU, E Vitamini 690mg, C Vitamini 105mg, Beta-karoten 1,5mg. Hill&#039;s Science Plan SMALL &amp; MINI PUPPY DOG FOOD with CHICKEN (tavuk %17; toplam k\u00fcmes hayvanlar\u0131 %27) 4 haftal\u0131k ya\u015ftan 12 ayl\u0131k ya\u015fa kadarki k\u00fc\u00e7\u00fck \u0131rk yavru k\u00f6pekler ve gebe veya emziren k\u00f6pekler i\u00e7in tam dengeli ve y\u00fcksek kaliteli bir evcil hayvan mamas\u0131d\u0131r. BESLEME TAL\u0130MATI: B\u00fct\u00fcn besleme talimatlar\u0131 i\u00e7in l\u00fctfen ambalaja bak\u0131n\u0131z. Mama miktar\u0131n\u0131 ideal kiloyu koruyacak \u015fekilde ayarlay\u0131n\u0131z. E\u011fer emin de\u011filseniz, veteriner hekiminize sorunuz. Bu mamay\u0131 ilk defa m\u0131 kullan\u0131yorsunuz? Eski maman\u0131n miktar\u0131n\u0131 azaltt\u0131\u011f\u0131n\u0131z, yeni maman\u0131n ise miktar\u0131n\u0131 artt\u0131rd\u0131\u011f\u0131n\u0131z bir kar\u0131\u015f\u0131m haz\u0131rlayarak kademeli \u015fekilde 7 g\u00fcn sonunda tamamen yeni mamaya ge\u00e7i\u015f yap\u0131n\u0131z. Daima temiz ve taze su bulundurunuz! Evcil hayvan\u0131n\u0131z\u0131n beslenme ihtiya\u00e7lar\u0131 ya\u015fland\u0131k\u00e7a de\u011fi\u015febilir. Her muayenede veteriner hekiminize dan\u0131\u015f\u0131n\u0131z.\" \/>\n<meta property=\"og:url\" content=\"https:\/\/anadolupet.com.tr\/en\/product\/hills-sp-tavuklu-kucuk-ve-mini-irk-yavru-kopek-mamasi-1-5kg\/\" \/>\n<meta property=\"og:site_name\" content=\"Anadolu Pet Grup\" \/>\n<meta property=\"article:modified_time\" content=\"2026-02-23T12:48:56+00:00\" \/>\n<meta property=\"og:image\" content=\"https:\/\/anadolupet.com.tr\/wp-content\/uploads\/2026\/02\/620-607652.jpg\" \/>\n\t<meta property=\"og:image:width\" content=\"750\" \/>\n\t<meta property=\"og:image:height\" content=\"750\" \/>\n\t<meta property=\"og:image:type\" content=\"image\/jpeg\" \/>\n<meta name=\"twitter:card\" content=\"summary_large_image\" \/>\n<script type=\"application\/ld+json\" class=\"yoast-schema-graph\">{\"@context\":\"https:\\\/\\\/schema.org\",\"@graph\":[{\"@type\":\"WebPage\",\"@id\":\"https:\\\/\\\/anadolupet.com.tr\\\/urun\\\/hills-sp-tavuklu-kucuk-ve-mini-irk-yavru-kopek-mamasi-1-5kg\\\/\",\"url\":\"https:\\\/\\\/anadolupet.com.tr\\\/urun\\\/hills-sp-tavuklu-kucuk-ve-mini-irk-yavru-kopek-mamasi-1-5kg\\\/\",\"name\":\"Hill's SP Tavuklu K\u00fc\u00e7\u00fck ve Mini Irk Yavru K\u00f6pek Mamas\u0131 1.5KG - Anadolu Pet Grup\",\"isPartOf\":{\"@id\":\"https:\\\/\\\/anadolupet.com.tr\\\/#website\"},\"primaryImageOfPage\":{\"@id\":\"https:\\\/\\\/anadolupet.com.tr\\\/urun\\\/hills-sp-tavuklu-kucuk-ve-mini-irk-yavru-kopek-mamasi-1-5kg\\\/#primaryimage\"},\"image\":{\"@id\":\"https:\\\/\\\/anadolupet.com.tr\\\/urun\\\/hills-sp-tavuklu-kucuk-ve-mini-irk-yavru-kopek-mamasi-1-5kg\\\/#primaryimage\"},\"thumbnailUrl\":\"https:\\\/\\\/anadolupet.com.tr\\\/wp-content\\\/uploads\\\/2026\\\/02\\\/620-607652.jpg\",\"datePublished\":\"2026-02-14T14:41:45+00:00\",\"dateModified\":\"2026-02-23T12:48:56+00:00\",\"breadcrumb\":{\"@id\":\"https:\\\/\\\/anadolupet.com.tr\\\/urun\\\/hills-sp-tavuklu-kucuk-ve-mini-irk-yavru-kopek-mamasi-1-5kg\\\/#breadcrumb\"},\"inLanguage\":\"en-US\",\"potentialAction\":[{\"@type\":\"ReadAction\",\"target\":[\"https:\\\/\\\/anadolupet.com.tr\\\/urun\\\/hills-sp-tavuklu-kucuk-ve-mini-irk-yavru-kopek-mamasi-1-5kg\\\/\"]}]},{\"@type\":\"ImageObject\",\"inLanguage\":\"en-US\",\"@id\":\"https:\\\/\\\/anadolupet.com.tr\\\/urun\\\/hills-sp-tavuklu-kucuk-ve-mini-irk-yavru-kopek-mamasi-1-5kg\\\/#primaryimage\",\"url\":\"https:\\\/\\\/anadolupet.com.tr\\\/wp-content\\\/uploads\\\/2026\\\/02\\\/620-607652.jpg\",\"contentUrl\":\"https:\\\/\\\/anadolupet.com.tr\\\/wp-content\\\/uploads\\\/2026\\\/02\\\/620-607652.jpg\",\"width\":750,\"height\":750},{\"@type\":\"BreadcrumbList\",\"@id\":\"https:\\\/\\\/anadolupet.com.tr\\\/urun\\\/hills-sp-tavuklu-kucuk-ve-mini-irk-yavru-kopek-mamasi-1-5kg\\\/#breadcrumb\",\"itemListElement\":[{\"@type\":\"ListItem\",\"position\":1,\"name\":\"Anasayfa\",\"item\":\"https:\\\/\\\/anadolupet.com.tr\\\/\"},{\"@type\":\"ListItem\",\"position\":2,\"name\":\"\u00dcr\u00fcnler\",\"item\":\"https:\\\/\\\/anadolupet.com.tr\\\/urunler\\\/\"},{\"@type\":\"ListItem\",\"position\":3,\"name\":\"Hill&#8217;s SP Tavuklu K\u00fc\u00e7\u00fck ve Mini Irk Yavru K\u00f6pek Mamas\u0131 1.5KG\"}]},{\"@type\":\"WebSite\",\"@id\":\"https:\\\/\\\/anadolupet.com.tr\\\/#website\",\"url\":\"https:\\\/\\\/anadolupet.com.tr\\\/\",\"name\":\"Anadolu Pet Grup\",\"description\":\"Her Can\u0131n \u0130yi Ya\u015fam\u0131 \u0130\u00e7in Biraraday\u0131z\",\"publisher\":{\"@id\":\"https:\\\/\\\/anadolupet.com.tr\\\/#organization\"},\"potentialAction\":[{\"@type\":\"SearchAction\",\"target\":{\"@type\":\"EntryPoint\",\"urlTemplate\":\"https:\\\/\\\/anadolupet.com.tr\\\/?s={search_term_string}\"},\"query-input\":{\"@type\":\"PropertyValueSpecification\",\"valueRequired\":true,\"valueName\":\"search_term_string\"}}],\"inLanguage\":\"en-US\"},{\"@type\":\"Organization\",\"@id\":\"https:\\\/\\\/anadolupet.com.tr\\\/#organization\",\"name\":\"Anadolu Pet Grup\",\"alternateName\":\"Anadolu Pet\",\"url\":\"https:\\\/\\\/anadolupet.com.tr\\\/\",\"logo\":{\"@type\":\"ImageObject\",\"inLanguage\":\"en-US\",\"@id\":\"https:\\\/\\\/anadolupet.com.tr\\\/#\\\/schema\\\/logo\\\/image\\\/\",\"url\":\"https:\\\/\\\/anadolupet.com.tr\\\/wp-content\\\/uploads\\\/2026\\\/03\\\/1614666743370.jpg\",\"contentUrl\":\"https:\\\/\\\/anadolupet.com.tr\\\/wp-content\\\/uploads\\\/2026\\\/03\\\/1614666743370.jpg\",\"width\":800,\"height\":571,\"caption\":\"Anadolu Pet Grup\"},\"image\":{\"@id\":\"https:\\\/\\\/anadolupet.com.tr\\\/#\\\/schema\\\/logo\\\/image\\\/\"}}]}<\/script>\n<!-- \/ Yoast SEO plugin. -->","yoast_head_json":{"title":"Hill's SP Tavuklu K\u00fc\u00e7\u00fck ve Mini Irk Yavru K\u00f6pek Mamas\u0131 1.5KG - Anadolu Pet Grup","robots":{"index":"index","follow":"follow","max-snippet":"max-snippet:-1","max-image-preview":"max-image-preview:large","max-video-preview":"max-video-preview:-1"},"canonical":"https:\/\/anadolupet.com.tr\/en\/product\/hills-sp-tavuklu-kucuk-ve-mini-irk-yavru-kopek-mamasi-1-5kg\/","og_locale":"en_US","og_type":"article","og_title":"Hill's SP Tavuklu K\u00fc\u00e7\u00fck ve Mini Irk Yavru K\u00f6pek Mamas\u0131 1.5KG - Anadolu Pet Grup","og_description":"K\u00fc\u00e7\u00fck \u0131rk k\u00f6pekler \u00e7ok sevimli olurlar, bu nedenle k\u00f6pek yavrular\u0131na HILL'S SCIENCE PLAN Small &amp; Mini Puppy k\u00f6pek mamas\u0131 ile ya\u015famlar\u0131na en iyi \u015fekilde ba\u015flama \u015fans\u0131 verin. Bu k\u00f6pek mamas\u0131, \u00f6zellikle 1 ya\u015f ve alt\u0131ndaki k\u00fc\u00e7\u00fck \u0131rk k\u00f6peklerin geli\u015fimsel ihtiya\u00e7lar\u0131n\u0131 kar\u015f\u0131lamaya y\u00f6nelik haz\u0131rlanm\u0131\u015ft\u0131r. K\u00fc\u00e7\u00fck \u0131rk k\u00f6pek yavrular\u0131 i\u00e7in \u00f6zel tasarlanm\u0131\u015f k\u00fc\u00e7\u00fck mama tanecik boyutuna sahip bu birinci s\u0131n\u0131f evcil hayvan mamas\u0131, y\u00fcksek kaliteli protein ile minik yavrunuzun ya\u011fs\u0131z kas k\u00fctlesinin ve g\u00fc\u00e7l\u00fc kaslar\u0131n\u0131n olu\u015fumuna yard\u0131mc\u0131 olurken, bal\u0131k ya\u011f\u0131ndan elde edilen DHA sayesinde ise yavru k\u00f6pe\u011finizin beyin ve g\u00f6z geli\u015fimini destekler. \u0130skelet geli\u015fimi yavrularda \u00e7ok \u00f6nemli oldu\u011fu i\u00e7in, bu k\u00f6pek mamas\u0131 g\u00fc\u00e7l\u00fc di\u015fleri ve sa\u011fl\u0131kl\u0131 kemikleri desteklemek \u00fczere dengeli mineraller i\u00e7erir. Son olarak, k\u00fc\u00e7\u00fck \u0131rk k\u00f6pekler kendi ba\u011f\u0131\u015f\u0131kl\u0131k sistemi deste\u011fine sahip olduklar\u0131 i\u00e7in, HILL'S SCIENCE PLAN Small &amp; Mini \u00f6zel bir antioksidan kar\u0131\u015f\u0131m\u0131 i\u00e7erir. SCIENCE PLAN'\u0131n yeni g\u00f6r\u00fcn\u00fcm\u00fcn\u00fc siz de seveceksiniz. Baz\u0131 \u00fcr\u00fcnlerimiz yeni isimlere, yeni mama tanesi \u015fekillerine ve yeni form\u00fclasyonlara sahiptir. \u0130\u00c7\u0130NDEK\u0130LER: Tavuk ve hindi unu, m\u0131s\u0131r, bu\u011fday, hayvansal ya\u011f, hidrolize protein, k\u0131r\u0131k pirin\u00e7, m\u0131s\u0131r gluteni unu, kurutulmu\u015f pancar k\u00fcspesi, mineraller, bal\u0131k ya\u011f\u0131, keten tohumu, kurutulmu\u015f domates posas\u0131, kurutulmu\u015f turu\u00e7giller posas\u0131, kurutulmu\u015f \u0131spanak. KG BA\u015eINA KATKILAR: Besinsel katk\u0131lar: 3b103 (Demir) 67,5mg, 3b202 (\u0130yodin) 1,1mg, 3b405 (Bak\u0131r) 6,7mg, 3b502 (Manganez) 7,0mg, 3b603 (\u00c7inko) 140mg, 3b801 (Selenyum) 0,1mg; do\u011fal antioksidan ile. ANAL\u0130T\u0130K B\u0130LE\u015eENLER: Protein 27,2%, Ya\u011f i\u00e7eri\u011fi 17,7%, Ham sel\u00fcloz 1,5%, DHA 0,16%, Ham k\u00fcl 7,0%, Kalsiyum 1,3%, Fosfor 1,0%, Sodyum 0,49%, Potasyum 0,78%, Magnezyum 0,09%; kg ba\u015f\u0131na: A Vitamini 10.791IU, D3 Vitamini 757IU, E Vitamini 690mg, C Vitamini 105mg, Beta-karoten 1,5mg. Hill's Science Plan SMALL & MINI PUPPY DOG FOOD with CHICKEN (tavuk %17; toplam k\u00fcmes hayvanlar\u0131 %27) 4 haftal\u0131k ya\u015ftan 12 ayl\u0131k ya\u015fa kadarki k\u00fc\u00e7\u00fck \u0131rk yavru k\u00f6pekler ve gebe veya emziren k\u00f6pekler i\u00e7in tam dengeli ve y\u00fcksek kaliteli bir evcil hayvan mamas\u0131d\u0131r. BESLEME TAL\u0130MATI: B\u00fct\u00fcn besleme talimatlar\u0131 i\u00e7in l\u00fctfen ambalaja bak\u0131n\u0131z. Mama miktar\u0131n\u0131 ideal kiloyu koruyacak \u015fekilde ayarlay\u0131n\u0131z. E\u011fer emin de\u011filseniz, veteriner hekiminize sorunuz. Bu mamay\u0131 ilk defa m\u0131 kullan\u0131yorsunuz? Eski maman\u0131n miktar\u0131n\u0131 azaltt\u0131\u011f\u0131n\u0131z, yeni maman\u0131n ise miktar\u0131n\u0131 artt\u0131rd\u0131\u011f\u0131n\u0131z bir kar\u0131\u015f\u0131m haz\u0131rlayarak kademeli \u015fekilde 7 g\u00fcn sonunda tamamen yeni mamaya ge\u00e7i\u015f yap\u0131n\u0131z. Daima temiz ve taze su bulundurunuz! Evcil hayvan\u0131n\u0131z\u0131n beslenme ihtiya\u00e7lar\u0131 ya\u015fland\u0131k\u00e7a de\u011fi\u015febilir. Her muayenede veteriner hekiminize dan\u0131\u015f\u0131n\u0131z.","og_url":"https:\/\/anadolupet.com.tr\/en\/product\/hills-sp-tavuklu-kucuk-ve-mini-irk-yavru-kopek-mamasi-1-5kg\/","og_site_name":"Anadolu Pet Grup","article_modified_time":"2026-02-23T12:48:56+00:00","og_image":[{"width":750,"height":750,"url":"https:\/\/anadolupet.com.tr\/wp-content\/uploads\/2026\/02\/620-607652.jpg","type":"image\/jpeg"}],"twitter_card":"summary_large_image","schema":{"@context":"https:\/\/schema.org","@graph":[{"@type":"WebPage","@id":"https:\/\/anadolupet.com.tr\/urun\/hills-sp-tavuklu-kucuk-ve-mini-irk-yavru-kopek-mamasi-1-5kg\/","url":"https:\/\/anadolupet.com.tr\/urun\/hills-sp-tavuklu-kucuk-ve-mini-irk-yavru-kopek-mamasi-1-5kg\/","name":"Hill's SP Tavuklu K\u00fc\u00e7\u00fck ve Mini Irk Yavru K\u00f6pek Mamas\u0131 1.5KG - Anadolu Pet Grup","isPartOf":{"@id":"https:\/\/anadolupet.com.tr\/#website"},"primaryImageOfPage":{"@id":"https:\/\/anadolupet.com.tr\/urun\/hills-sp-tavuklu-kucuk-ve-mini-irk-yavru-kopek-mamasi-1-5kg\/#primaryimage"},"image":{"@id":"https:\/\/anadolupet.com.tr\/urun\/hills-sp-tavuklu-kucuk-ve-mini-irk-yavru-kopek-mamasi-1-5kg\/#primaryimage"},"thumbnailUrl":"https:\/\/anadolupet.com.tr\/wp-content\/uploads\/2026\/02\/620-607652.jpg","datePublished":"2026-02-14T14:41:45+00:00","dateModified":"2026-02-23T12:48:56+00:00","breadcrumb":{"@id":"https:\/\/anadolupet.com.tr\/urun\/hills-sp-tavuklu-kucuk-ve-mini-irk-yavru-kopek-mamasi-1-5kg\/#breadcrumb"},"inLanguage":"en-US","potentialAction":[{"@type":"ReadAction","target":["https:\/\/anadolupet.com.tr\/urun\/hills-sp-tavuklu-kucuk-ve-mini-irk-yavru-kopek-mamasi-1-5kg\/"]}]},{"@type":"ImageObject","inLanguage":"en-US","@id":"https:\/\/anadolupet.com.tr\/urun\/hills-sp-tavuklu-kucuk-ve-mini-irk-yavru-kopek-mamasi-1-5kg\/#primaryimage","url":"https:\/\/anadolupet.com.tr\/wp-content\/uploads\/2026\/02\/620-607652.jpg","contentUrl":"https:\/\/anadolupet.com.tr\/wp-content\/uploads\/2026\/02\/620-607652.jpg","width":750,"height":750},{"@type":"BreadcrumbList","@id":"https:\/\/anadolupet.com.tr\/urun\/hills-sp-tavuklu-kucuk-ve-mini-irk-yavru-kopek-mamasi-1-5kg\/#breadcrumb","itemListElement":[{"@type":"ListItem","position":1,"name":"Anasayfa","item":"https:\/\/anadolupet.com.tr\/"},{"@type":"ListItem","position":2,"name":"\u00dcr\u00fcnler","item":"https:\/\/anadolupet.com.tr\/urunler\/"},{"@type":"ListItem","position":3,"name":"Hill&#8217;s SP Tavuklu K\u00fc\u00e7\u00fck ve Mini Irk Yavru K\u00f6pek Mamas\u0131 1.5KG"}]},{"@type":"WebSite","@id":"https:\/\/anadolupet.com.tr\/#website","url":"https:\/\/anadolupet.com.tr\/","name":"Anadolu Pet Group","description":"We Stand Together for the Well-Being of Every Life","publisher":{"@id":"https:\/\/anadolupet.com.tr\/#organization"},"potentialAction":[{"@type":"SearchAction","target":{"@type":"EntryPoint","urlTemplate":"https:\/\/anadolupet.com.tr\/?s={search_term_string}"},"query-input":{"@type":"PropertyValueSpecification","valueRequired":true,"valueName":"search_term_string"}}],"inLanguage":"en-US"},{"@type":"Organization","@id":"https:\/\/anadolupet.com.tr\/#organization","name":"Anadolu Pet Group","alternateName":"Anadolu Pet","url":"https:\/\/anadolupet.com.tr\/","logo":{"@type":"ImageObject","inLanguage":"en-US","@id":"https:\/\/anadolupet.com.tr\/#\/schema\/logo\/image\/","url":"https:\/\/anadolupet.com.tr\/wp-content\/uploads\/2026\/03\/1614666743370.jpg","contentUrl":"https:\/\/anadolupet.com.tr\/wp-content\/uploads\/2026\/03\/1614666743370.jpg","width":800,"height":571,"caption":"Anadolu Pet Grup"},"image":{"@id":"https:\/\/anadolupet.com.tr\/#\/schema\/logo\/image\/"}}]}},"_links":{"self":[{"href":"https:\/\/anadolupet.com.tr\/en\/wp-json\/wp\/v2\/product\/45484","targetHints":{"allow":["GET"]}}],"collection":[{"href":"https:\/\/anadolupet.com.tr\/en\/wp-json\/wp\/v2\/product"}],"about":[{"href":"https:\/\/anadolupet.com.tr\/en\/wp-json\/wp\/v2\/types\/product"}],"replies":[{"embeddable":true,"href":"https:\/\/anadolupet.com.tr\/en\/wp-json\/wp\/v2\/comments?post=45484"}],"wp:featuredmedia":[{"embeddable":true,"href":"https:\/\/anadolupet.com.tr\/en\/wp-json\/wp\/v2\/media\/44280"}],"wp:attachment":[{"href":"https:\/\/anadolupet.com.tr\/en\/wp-json\/wp\/v2\/media?parent=45484"}],"wp:term":[{"taxonomy":"product_brand","embeddable":true,"href":"https:\/\/anadolupet.com.tr\/en\/wp-json\/wp\/v2\/product_brand?post=45484"},{"taxonomy":"product_cat","embeddable":true,"href":"https:\/\/anadolupet.com.tr\/en\/wp-json\/wp\/v2\/product_cat?post=45484"},{"taxonomy":"product_tag","embeddable":true,"href":"https:\/\/anadolupet.com.tr\/en\/wp-json\/wp\/v2\/product_tag?post=45484"}],"curies":[{"name":"wp","href":"https:\/\/api.w.org\/{rel}","templated":true}]}}