{"id":45489,"date":"2026-02-14T14:41:46","date_gmt":"2026-02-14T14:41:46","guid":{"rendered":"https:\/\/anadolupet.com.tr\/urun\/hills-sp-tavuklu-orta-irk-yavru-kopek-konservesi-12x370g\/"},"modified":"2026-02-23T12:48:57","modified_gmt":"2026-02-23T12:48:57","slug":"hills-sp-tavuklu-orta-irk-yavru-kopek-konservesi-12x370g","status":"publish","type":"product","link":"https:\/\/anadolupet.com.tr\/en\/urun\/hills-sp-tavuklu-orta-irk-yavru-kopek-konservesi-12x370g\/","title":{"rendered":"Hill&#8217;s SP Tavuklu Orta Irk Yavru K\u00f6pek Konservesi 12X370G"},"content":{"rendered":"","protected":false},"excerpt":{"rendered":"<p>Yavru k\u00f6pe\u011finiz, yumu\u015fak bir doku ve k\u0131vama sahip HILL&#8217;S SCIENCE PLAN Puppy with Chicken mamas\u0131n\u0131n tad\u0131na bay\u0131lacak. K\u00f6pe\u011finiz i\u00e7in m\u00fckemmel bir lezzete ve beslenme dengesine sahiptir. Yavru k\u00f6peklerde ideal v\u00fccut a\u011f\u0131rl\u0131\u011f\u0131n\u0131 desteklemek i\u00e7in uygun miktarda enerji sa\u011flayan tam ve dengeli beslenme.<br \/>\nKullan\u0131m\u0131n\u0131n \u00d6nerildi\u011fi Durumlar<br \/>\n1 ya\u015f\u0131na kadarki yavru k\u00f6pekler ve hamile veya emziren k\u00f6pekler.<br \/>\nKullan\u0131m\u0131n\u0131n \u00d6nerilmedi\u011fi Durumlar<br \/>\nYeti\u015fkin veya ya\u015fl\u0131 k\u00f6pekler.<br \/>\n\u0130\u00c7\u0130NDEK\u0130LER: Et ve hayvan t\u00fcrevleri (tavuk 21%), tah\u0131llar, bitkisel orjinli t\u00fcrevler, mineraller, s\u0131v\u0131 ve kat\u0131 ya\u011flar.<br \/>\nBESLENME TAL\u0130MATLARI: Yavru\/hamile di\u015fi k\u00f6pekler i\u00e7in g\u00fcnde 2 ila 4 \u00f6\u011f\u00fcn besleyin. Emziren, di\u015fi k\u00f6pekler i\u00e7in mamalar\u0131, her zaman haz\u0131r bulundurunuz. Her zaman taze su bulundurulmal\u0131d\u0131r.<\/p>","protected":false},"featured_media":44298,"comment_status":"open","ping_status":"closed","template":"","meta":{"_acf_changed":false},"product_brand":[],"product_cat":[2464],"product_tag":[],"class_list":{"0":"post-45489","1":"product","2":"type-product","3":"status-publish","4":"has-post-thumbnail","6":"product_cat-yetiskin-kopek-mamalari","8":"first","9":"instock","10":"shipping-taxable","11":"product-type-simple"},"acf":[],"yoast_head":"<!-- This site is optimized with the Yoast SEO plugin v27.5 - https:\/\/yoast.com\/product\/yoast-seo-wordpress\/ -->\n<title>Hill&#039;s SP Tavuklu Orta Irk Yavru K\u00f6pek Konservesi 12X370G - Anadolu Pet Grup<\/title>\n<meta name=\"robots\" content=\"index, follow, max-snippet:-1, max-image-preview:large, max-video-preview:-1\" \/>\n<link rel=\"canonical\" href=\"https:\/\/anadolupet.com.tr\/en\/product\/hills-sp-tavuklu-orta-irk-yavru-kopek-konservesi-12x370g\/\" \/>\n<meta property=\"og:locale\" content=\"en_US\" \/>\n<meta property=\"og:type\" content=\"article\" \/>\n<meta property=\"og:title\" content=\"Hill&#039;s SP Tavuklu Orta Irk Yavru K\u00f6pek Konservesi 12X370G - Anadolu Pet Grup\" \/>\n<meta property=\"og:description\" content=\"Yavru k\u00f6pe\u011finiz, yumu\u015fak bir doku ve k\u0131vama sahip HILL&#039;S SCIENCE PLAN Puppy with Chicken mamas\u0131n\u0131n tad\u0131na bay\u0131lacak. K\u00f6pe\u011finiz i\u00e7in m\u00fckemmel bir lezzete ve beslenme dengesine sahiptir. Yavru k\u00f6peklerde ideal v\u00fccut a\u011f\u0131rl\u0131\u011f\u0131n\u0131 desteklemek i\u00e7in uygun miktarda enerji sa\u011flayan tam ve dengeli beslenme. Kullan\u0131m\u0131n\u0131n \u00d6nerildi\u011fi Durumlar 1 ya\u015f\u0131na kadarki yavru k\u00f6pekler ve hamile veya emziren k\u00f6pekler. Kullan\u0131m\u0131n\u0131n \u00d6nerilmedi\u011fi Durumlar Yeti\u015fkin veya ya\u015fl\u0131 k\u00f6pekler. \u0130\u00c7\u0130NDEK\u0130LER: Et ve hayvan t\u00fcrevleri (tavuk 21%), tah\u0131llar, bitkisel orjinli t\u00fcrevler, mineraller, s\u0131v\u0131 ve kat\u0131 ya\u011flar. BESLENME TAL\u0130MATLARI: Yavru\/hamile di\u015fi k\u00f6pekler i\u00e7in g\u00fcnde 2 ila 4 \u00f6\u011f\u00fcn besleyin. Emziren, di\u015fi k\u00f6pekler i\u00e7in mamalar\u0131, her zaman haz\u0131r bulundurunuz. Her zaman taze su bulundurulmal\u0131d\u0131r.\" \/>\n<meta property=\"og:url\" content=\"https:\/\/anadolupet.com.tr\/en\/product\/hills-sp-tavuklu-orta-irk-yavru-kopek-konservesi-12x370g\/\" \/>\n<meta property=\"og:site_name\" content=\"Anadolu Pet Grup\" \/>\n<meta property=\"article:modified_time\" content=\"2026-02-23T12:48:57+00:00\" \/>\n<meta property=\"og:image\" content=\"https:\/\/anadolupet.com.tr\/wp-content\/uploads\/2026\/02\/625-608531.jpg\" \/>\n\t<meta property=\"og:image:width\" content=\"750\" \/>\n\t<meta property=\"og:image:height\" content=\"750\" \/>\n\t<meta property=\"og:image:type\" content=\"image\/jpeg\" \/>\n<meta name=\"twitter:card\" content=\"summary_large_image\" \/>\n<script type=\"application\/ld+json\" class=\"yoast-schema-graph\">{\"@context\":\"https:\\\/\\\/schema.org\",\"@graph\":[{\"@type\":\"WebPage\",\"@id\":\"https:\\\/\\\/anadolupet.com.tr\\\/urun\\\/hills-sp-tavuklu-orta-irk-yavru-kopek-konservesi-12x370g\\\/\",\"url\":\"https:\\\/\\\/anadolupet.com.tr\\\/urun\\\/hills-sp-tavuklu-orta-irk-yavru-kopek-konservesi-12x370g\\\/\",\"name\":\"Hill's SP Tavuklu Orta Irk Yavru K\u00f6pek Konservesi 12X370G - Anadolu Pet Grup\",\"isPartOf\":{\"@id\":\"https:\\\/\\\/anadolupet.com.tr\\\/#website\"},\"primaryImageOfPage\":{\"@id\":\"https:\\\/\\\/anadolupet.com.tr\\\/urun\\\/hills-sp-tavuklu-orta-irk-yavru-kopek-konservesi-12x370g\\\/#primaryimage\"},\"image\":{\"@id\":\"https:\\\/\\\/anadolupet.com.tr\\\/urun\\\/hills-sp-tavuklu-orta-irk-yavru-kopek-konservesi-12x370g\\\/#primaryimage\"},\"thumbnailUrl\":\"https:\\\/\\\/anadolupet.com.tr\\\/wp-content\\\/uploads\\\/2026\\\/02\\\/625-608531.jpg\",\"datePublished\":\"2026-02-14T14:41:46+00:00\",\"dateModified\":\"2026-02-23T12:48:57+00:00\",\"breadcrumb\":{\"@id\":\"https:\\\/\\\/anadolupet.com.tr\\\/urun\\\/hills-sp-tavuklu-orta-irk-yavru-kopek-konservesi-12x370g\\\/#breadcrumb\"},\"inLanguage\":\"en-US\",\"potentialAction\":[{\"@type\":\"ReadAction\",\"target\":[\"https:\\\/\\\/anadolupet.com.tr\\\/urun\\\/hills-sp-tavuklu-orta-irk-yavru-kopek-konservesi-12x370g\\\/\"]}]},{\"@type\":\"ImageObject\",\"inLanguage\":\"en-US\",\"@id\":\"https:\\\/\\\/anadolupet.com.tr\\\/urun\\\/hills-sp-tavuklu-orta-irk-yavru-kopek-konservesi-12x370g\\\/#primaryimage\",\"url\":\"https:\\\/\\\/anadolupet.com.tr\\\/wp-content\\\/uploads\\\/2026\\\/02\\\/625-608531.jpg\",\"contentUrl\":\"https:\\\/\\\/anadolupet.com.tr\\\/wp-content\\\/uploads\\\/2026\\\/02\\\/625-608531.jpg\",\"width\":750,\"height\":750},{\"@type\":\"BreadcrumbList\",\"@id\":\"https:\\\/\\\/anadolupet.com.tr\\\/urun\\\/hills-sp-tavuklu-orta-irk-yavru-kopek-konservesi-12x370g\\\/#breadcrumb\",\"itemListElement\":[{\"@type\":\"ListItem\",\"position\":1,\"name\":\"Anasayfa\",\"item\":\"https:\\\/\\\/anadolupet.com.tr\\\/\"},{\"@type\":\"ListItem\",\"position\":2,\"name\":\"\u00dcr\u00fcnler\",\"item\":\"https:\\\/\\\/anadolupet.com.tr\\\/urunler\\\/\"},{\"@type\":\"ListItem\",\"position\":3,\"name\":\"Hill&#8217;s SP Tavuklu Orta Irk Yavru K\u00f6pek Konservesi 12X370G\"}]},{\"@type\":\"WebSite\",\"@id\":\"https:\\\/\\\/anadolupet.com.tr\\\/#website\",\"url\":\"https:\\\/\\\/anadolupet.com.tr\\\/\",\"name\":\"Anadolu Pet Grup\",\"description\":\"Her Can\u0131n \u0130yi Ya\u015fam\u0131 \u0130\u00e7in Biraraday\u0131z\",\"publisher\":{\"@id\":\"https:\\\/\\\/anadolupet.com.tr\\\/#organization\"},\"potentialAction\":[{\"@type\":\"SearchAction\",\"target\":{\"@type\":\"EntryPoint\",\"urlTemplate\":\"https:\\\/\\\/anadolupet.com.tr\\\/?s={search_term_string}\"},\"query-input\":{\"@type\":\"PropertyValueSpecification\",\"valueRequired\":true,\"valueName\":\"search_term_string\"}}],\"inLanguage\":\"en-US\"},{\"@type\":\"Organization\",\"@id\":\"https:\\\/\\\/anadolupet.com.tr\\\/#organization\",\"name\":\"Anadolu Pet Grup\",\"alternateName\":\"Anadolu Pet\",\"url\":\"https:\\\/\\\/anadolupet.com.tr\\\/\",\"logo\":{\"@type\":\"ImageObject\",\"inLanguage\":\"en-US\",\"@id\":\"https:\\\/\\\/anadolupet.com.tr\\\/#\\\/schema\\\/logo\\\/image\\\/\",\"url\":\"https:\\\/\\\/anadolupet.com.tr\\\/wp-content\\\/uploads\\\/2026\\\/03\\\/1614666743370.jpg\",\"contentUrl\":\"https:\\\/\\\/anadolupet.com.tr\\\/wp-content\\\/uploads\\\/2026\\\/03\\\/1614666743370.jpg\",\"width\":800,\"height\":571,\"caption\":\"Anadolu Pet Grup\"},\"image\":{\"@id\":\"https:\\\/\\\/anadolupet.com.tr\\\/#\\\/schema\\\/logo\\\/image\\\/\"}}]}<\/script>\n<!-- \/ Yoast SEO plugin. -->","yoast_head_json":{"title":"Hill's SP Tavuklu Orta Irk Yavru K\u00f6pek Konservesi 12X370G - Anadolu Pet Grup","robots":{"index":"index","follow":"follow","max-snippet":"max-snippet:-1","max-image-preview":"max-image-preview:large","max-video-preview":"max-video-preview:-1"},"canonical":"https:\/\/anadolupet.com.tr\/en\/product\/hills-sp-tavuklu-orta-irk-yavru-kopek-konservesi-12x370g\/","og_locale":"en_US","og_type":"article","og_title":"Hill's SP Tavuklu Orta Irk Yavru K\u00f6pek Konservesi 12X370G - Anadolu Pet Grup","og_description":"Yavru k\u00f6pe\u011finiz, yumu\u015fak bir doku ve k\u0131vama sahip HILL'S SCIENCE PLAN Puppy with Chicken mamas\u0131n\u0131n tad\u0131na bay\u0131lacak. K\u00f6pe\u011finiz i\u00e7in m\u00fckemmel bir lezzete ve beslenme dengesine sahiptir. Yavru k\u00f6peklerde ideal v\u00fccut a\u011f\u0131rl\u0131\u011f\u0131n\u0131 desteklemek i\u00e7in uygun miktarda enerji sa\u011flayan tam ve dengeli beslenme. Kullan\u0131m\u0131n\u0131n \u00d6nerildi\u011fi Durumlar 1 ya\u015f\u0131na kadarki yavru k\u00f6pekler ve hamile veya emziren k\u00f6pekler. Kullan\u0131m\u0131n\u0131n \u00d6nerilmedi\u011fi Durumlar Yeti\u015fkin veya ya\u015fl\u0131 k\u00f6pekler. \u0130\u00c7\u0130NDEK\u0130LER: Et ve hayvan t\u00fcrevleri (tavuk 21%), tah\u0131llar, bitkisel orjinli t\u00fcrevler, mineraller, s\u0131v\u0131 ve kat\u0131 ya\u011flar. BESLENME TAL\u0130MATLARI: Yavru\/hamile di\u015fi k\u00f6pekler i\u00e7in g\u00fcnde 2 ila 4 \u00f6\u011f\u00fcn besleyin. Emziren, di\u015fi k\u00f6pekler i\u00e7in mamalar\u0131, her zaman haz\u0131r bulundurunuz. Her zaman taze su bulundurulmal\u0131d\u0131r.","og_url":"https:\/\/anadolupet.com.tr\/en\/product\/hills-sp-tavuklu-orta-irk-yavru-kopek-konservesi-12x370g\/","og_site_name":"Anadolu Pet Grup","article_modified_time":"2026-02-23T12:48:57+00:00","og_image":[{"width":750,"height":750,"url":"https:\/\/anadolupet.com.tr\/wp-content\/uploads\/2026\/02\/625-608531.jpg","type":"image\/jpeg"}],"twitter_card":"summary_large_image","schema":{"@context":"https:\/\/schema.org","@graph":[{"@type":"WebPage","@id":"https:\/\/anadolupet.com.tr\/urun\/hills-sp-tavuklu-orta-irk-yavru-kopek-konservesi-12x370g\/","url":"https:\/\/anadolupet.com.tr\/urun\/hills-sp-tavuklu-orta-irk-yavru-kopek-konservesi-12x370g\/","name":"Hill's SP Tavuklu Orta Irk Yavru K\u00f6pek Konservesi 12X370G - Anadolu Pet Grup","isPartOf":{"@id":"https:\/\/anadolupet.com.tr\/#website"},"primaryImageOfPage":{"@id":"https:\/\/anadolupet.com.tr\/urun\/hills-sp-tavuklu-orta-irk-yavru-kopek-konservesi-12x370g\/#primaryimage"},"image":{"@id":"https:\/\/anadolupet.com.tr\/urun\/hills-sp-tavuklu-orta-irk-yavru-kopek-konservesi-12x370g\/#primaryimage"},"thumbnailUrl":"https:\/\/anadolupet.com.tr\/wp-content\/uploads\/2026\/02\/625-608531.jpg","datePublished":"2026-02-14T14:41:46+00:00","dateModified":"2026-02-23T12:48:57+00:00","breadcrumb":{"@id":"https:\/\/anadolupet.com.tr\/urun\/hills-sp-tavuklu-orta-irk-yavru-kopek-konservesi-12x370g\/#breadcrumb"},"inLanguage":"en-US","potentialAction":[{"@type":"ReadAction","target":["https:\/\/anadolupet.com.tr\/urun\/hills-sp-tavuklu-orta-irk-yavru-kopek-konservesi-12x370g\/"]}]},{"@type":"ImageObject","inLanguage":"en-US","@id":"https:\/\/anadolupet.com.tr\/urun\/hills-sp-tavuklu-orta-irk-yavru-kopek-konservesi-12x370g\/#primaryimage","url":"https:\/\/anadolupet.com.tr\/wp-content\/uploads\/2026\/02\/625-608531.jpg","contentUrl":"https:\/\/anadolupet.com.tr\/wp-content\/uploads\/2026\/02\/625-608531.jpg","width":750,"height":750},{"@type":"BreadcrumbList","@id":"https:\/\/anadolupet.com.tr\/urun\/hills-sp-tavuklu-orta-irk-yavru-kopek-konservesi-12x370g\/#breadcrumb","itemListElement":[{"@type":"ListItem","position":1,"name":"Anasayfa","item":"https:\/\/anadolupet.com.tr\/"},{"@type":"ListItem","position":2,"name":"\u00dcr\u00fcnler","item":"https:\/\/anadolupet.com.tr\/urunler\/"},{"@type":"ListItem","position":3,"name":"Hill&#8217;s SP Tavuklu Orta Irk Yavru K\u00f6pek Konservesi 12X370G"}]},{"@type":"WebSite","@id":"https:\/\/anadolupet.com.tr\/#website","url":"https:\/\/anadolupet.com.tr\/","name":"Anadolu Pet Group","description":"We Stand Together for the Well-Being of Every Life","publisher":{"@id":"https:\/\/anadolupet.com.tr\/#organization"},"potentialAction":[{"@type":"SearchAction","target":{"@type":"EntryPoint","urlTemplate":"https:\/\/anadolupet.com.tr\/?s={search_term_string}"},"query-input":{"@type":"PropertyValueSpecification","valueRequired":true,"valueName":"search_term_string"}}],"inLanguage":"en-US"},{"@type":"Organization","@id":"https:\/\/anadolupet.com.tr\/#organization","name":"Anadolu Pet Group","alternateName":"Anadolu Pet","url":"https:\/\/anadolupet.com.tr\/","logo":{"@type":"ImageObject","inLanguage":"en-US","@id":"https:\/\/anadolupet.com.tr\/#\/schema\/logo\/image\/","url":"https:\/\/anadolupet.com.tr\/wp-content\/uploads\/2026\/03\/1614666743370.jpg","contentUrl":"https:\/\/anadolupet.com.tr\/wp-content\/uploads\/2026\/03\/1614666743370.jpg","width":800,"height":571,"caption":"Anadolu Pet Grup"},"image":{"@id":"https:\/\/anadolupet.com.tr\/#\/schema\/logo\/image\/"}}]}},"_links":{"self":[{"href":"https:\/\/anadolupet.com.tr\/en\/wp-json\/wp\/v2\/product\/45489","targetHints":{"allow":["GET"]}}],"collection":[{"href":"https:\/\/anadolupet.com.tr\/en\/wp-json\/wp\/v2\/product"}],"about":[{"href":"https:\/\/anadolupet.com.tr\/en\/wp-json\/wp\/v2\/types\/product"}],"replies":[{"embeddable":true,"href":"https:\/\/anadolupet.com.tr\/en\/wp-json\/wp\/v2\/comments?post=45489"}],"wp:featuredmedia":[{"embeddable":true,"href":"https:\/\/anadolupet.com.tr\/en\/wp-json\/wp\/v2\/media\/44298"}],"wp:attachment":[{"href":"https:\/\/anadolupet.com.tr\/en\/wp-json\/wp\/v2\/media?parent=45489"}],"wp:term":[{"taxonomy":"product_brand","embeddable":true,"href":"https:\/\/anadolupet.com.tr\/en\/wp-json\/wp\/v2\/product_brand?post=45489"},{"taxonomy":"product_cat","embeddable":true,"href":"https:\/\/anadolupet.com.tr\/en\/wp-json\/wp\/v2\/product_cat?post=45489"},{"taxonomy":"product_tag","embeddable":true,"href":"https:\/\/anadolupet.com.tr\/en\/wp-json\/wp\/v2\/product_tag?post=45489"}],"curies":[{"name":"wp","href":"https:\/\/api.w.org\/{rel}","templated":true}]}}