{"id":45490,"date":"2026-02-14T14:41:46","date_gmt":"2026-02-14T14:41:46","guid":{"rendered":"https:\/\/anadolupet.com.tr\/urun\/hills-sp-tavuklu-orta-irk-yetiskin-kopek-konserve-12x370g\/"},"modified":"2026-02-23T12:48:57","modified_gmt":"2026-02-23T12:48:57","slug":"hills-sp-tavuklu-orta-irk-yetiskin-kopek-konserve-12x370g","status":"publish","type":"product","link":"https:\/\/anadolupet.com.tr\/en\/urun\/hills-sp-tavuklu-orta-irk-yetiskin-kopek-konserve-12x370g\/","title":{"rendered":"Hill&#8217;s SP Tavuklu Orta Irk Yeti\u015fkin K\u00f6pek Konserve 12x370g"},"content":{"rendered":"","protected":false},"excerpt":{"rendered":"<p>Yeti\u015fkin k\u00f6pe\u011finize, ihtiya\u00e7 duydu\u011fu dengeli beslenmeyi de i\u00e7eren lezzetli bir ziyafet sunun. Tavuklu HILL&#8217;S SCIENCE PLAN Adult k\u00f6pek mamas\u0131, k\u00f6pe\u011finizin genel sa\u011fl\u0131\u011f\u0131 ve mutlulu\u011fu i\u00e7in tam ve dengeli bir beslenme sunan lezzetli bir ya\u015f mamad\u0131r. Y\u00fcksek kaliteli protein i\u00e7in m\u00fckemmel bir kaynak olan bu yeti\u015fkin k\u00f6pek konservesi, ger\u00e7ek Tavuk eti gibi kolay sindirilebilir malzemelerden haz\u0131rlan\u0131r. G\u00fc\u00e7l\u00fc antioksidanlarla ya\u015fam boyu sa\u011fl\u0131\u011f\u0131 destekler. SCIENCE PLAN&#8217;\u0131n yeni g\u00f6r\u00fcn\u00fcm\u00fcn\u00fc siz de seveceksiniz. Baz\u0131 \u00fcr\u00fcnlerimiz yeni isimlere ve yeni form\u00fclasyonlara sahiptir.<br \/>\n\u0130\u00c7\u0130NDEK\u0130LER: Et ve hayvan t\u00fcrevleri (tavuk 9%), tah\u0131llar, mineraller, s\u0131v\u0131 ve kat\u0131 ya\u011flar, bitkisel orjinli t\u00fcrevler.<br \/>\nKG BA\u015eINA KATKILAR: Besinsel katk\u0131lar: 3b103 (Demir) 10,0mg, 3b202 (\u0130yodin) 0,3mg, 3b405 (Bak\u0131r) 1,6mg, 3b502 (Manganez) 2,2mg, 3b603 (\u00c7inko) 25,7mg.<br \/>\nANAL\u0130T\u0130K B\u0130LE\u015eENLER: Protein 6,2%, Ya\u011f i\u00e7eri\u011fi 3,4%, Ham sel\u00fcloz 0,45%, Ham k\u00fcl 1,4%, Nem 77,0%, kg ba\u015f\u0131na: A Vitamini 20.427IU, D3 Vitamini 205IU.<br \/>\nBESLEME TAL\u0130MATI: B\u00fct\u00fcn besleme talimatlar\u0131 i\u00e7in l\u00fctfen ambalaja bak\u0131n\u0131z. Mama miktar\u0131n\u0131 ideal kiloyu koruyacak \u015fekilde ayarlay\u0131n\u0131z. E\u011fer emin de\u011filseniz, veteriner hekiminize sorunuz. Bu mamay\u0131 ilk defa m\u0131 kullan\u0131yorsunuz?Eski maman\u0131n miktar\u0131n\u0131 azaltt\u0131\u011f\u0131n\u0131z, yeni maman\u0131n ise miktar\u0131n\u0131 artt\u0131rd\u0131\u011f\u0131n\u0131z bir kar\u0131\u015f\u0131m haz\u0131rlayarak kademeli \u015fekilde 7 g\u00fcn sonunda tamamen yeni mamaya ge\u00e7i\u015f yap\u0131n\u0131z. Daima temiz ve taze su bulundurunuz! Evcil hayvan\u0131n\u0131z\u0131n beslenme ihtiya\u00e7lar\u0131 ya\u015fland\u0131k\u00e7a de\u011fi\u015febilir. Her muayenede veteriner hekiminize dan\u0131\u015f\u0131n\u0131z.<\/p>","protected":false},"featured_media":44297,"comment_status":"open","ping_status":"closed","template":"","meta":{"_acf_changed":false},"product_brand":[],"product_cat":[2464],"product_tag":[],"class_list":{"0":"post-45490","1":"product","2":"type-product","3":"status-publish","4":"has-post-thumbnail","6":"product_cat-yetiskin-kopek-mamalari","8":"first","9":"instock","10":"shipping-taxable","11":"product-type-simple"},"acf":[],"yoast_head":"<!-- This site is optimized with the Yoast SEO plugin v27.5 - https:\/\/yoast.com\/product\/yoast-seo-wordpress\/ -->\n<title>Hill&#039;s SP Tavuklu Orta Irk Yeti\u015fkin K\u00f6pek Konserve 12x370g - Anadolu Pet Grup<\/title>\n<meta name=\"robots\" content=\"index, follow, max-snippet:-1, max-image-preview:large, max-video-preview:-1\" \/>\n<link rel=\"canonical\" href=\"https:\/\/anadolupet.com.tr\/en\/product\/hills-sp-tavuklu-orta-irk-yetiskin-kopek-konserve-12x370g\/\" \/>\n<meta property=\"og:locale\" content=\"en_US\" \/>\n<meta property=\"og:type\" content=\"article\" \/>\n<meta property=\"og:title\" content=\"Hill&#039;s SP Tavuklu Orta Irk Yeti\u015fkin K\u00f6pek Konserve 12x370g - Anadolu Pet Grup\" \/>\n<meta property=\"og:description\" content=\"Yeti\u015fkin k\u00f6pe\u011finize, ihtiya\u00e7 duydu\u011fu dengeli beslenmeyi de i\u00e7eren lezzetli bir ziyafet sunun. Tavuklu HILL&#039;S SCIENCE PLAN Adult k\u00f6pek mamas\u0131, k\u00f6pe\u011finizin genel sa\u011fl\u0131\u011f\u0131 ve mutlulu\u011fu i\u00e7in tam ve dengeli bir beslenme sunan lezzetli bir ya\u015f mamad\u0131r. Y\u00fcksek kaliteli protein i\u00e7in m\u00fckemmel bir kaynak olan bu yeti\u015fkin k\u00f6pek konservesi, ger\u00e7ek Tavuk eti gibi kolay sindirilebilir malzemelerden haz\u0131rlan\u0131r. G\u00fc\u00e7l\u00fc antioksidanlarla ya\u015fam boyu sa\u011fl\u0131\u011f\u0131 destekler. SCIENCE PLAN&#039;\u0131n yeni g\u00f6r\u00fcn\u00fcm\u00fcn\u00fc siz de seveceksiniz. Baz\u0131 \u00fcr\u00fcnlerimiz yeni isimlere ve yeni form\u00fclasyonlara sahiptir. \u0130\u00c7\u0130NDEK\u0130LER: Et ve hayvan t\u00fcrevleri (tavuk 9%), tah\u0131llar, mineraller, s\u0131v\u0131 ve kat\u0131 ya\u011flar, bitkisel orjinli t\u00fcrevler. KG BA\u015eINA KATKILAR: Besinsel katk\u0131lar: 3b103 (Demir) 10,0mg, 3b202 (\u0130yodin) 0,3mg, 3b405 (Bak\u0131r) 1,6mg, 3b502 (Manganez) 2,2mg, 3b603 (\u00c7inko) 25,7mg. ANAL\u0130T\u0130K B\u0130LE\u015eENLER: Protein 6,2%, Ya\u011f i\u00e7eri\u011fi 3,4%, Ham sel\u00fcloz 0,45%, Ham k\u00fcl 1,4%, Nem 77,0%, kg ba\u015f\u0131na: A Vitamini 20.427IU, D3 Vitamini 205IU. BESLEME TAL\u0130MATI: B\u00fct\u00fcn besleme talimatlar\u0131 i\u00e7in l\u00fctfen ambalaja bak\u0131n\u0131z. Mama miktar\u0131n\u0131 ideal kiloyu koruyacak \u015fekilde ayarlay\u0131n\u0131z. E\u011fer emin de\u011filseniz, veteriner hekiminize sorunuz. Bu mamay\u0131 ilk defa m\u0131 kullan\u0131yorsunuz?Eski maman\u0131n miktar\u0131n\u0131 azaltt\u0131\u011f\u0131n\u0131z, yeni maman\u0131n ise miktar\u0131n\u0131 artt\u0131rd\u0131\u011f\u0131n\u0131z bir kar\u0131\u015f\u0131m haz\u0131rlayarak kademeli \u015fekilde 7 g\u00fcn sonunda tamamen yeni mamaya ge\u00e7i\u015f yap\u0131n\u0131z. Daima temiz ve taze su bulundurunuz! Evcil hayvan\u0131n\u0131z\u0131n beslenme ihtiya\u00e7lar\u0131 ya\u015fland\u0131k\u00e7a de\u011fi\u015febilir. Her muayenede veteriner hekiminize dan\u0131\u015f\u0131n\u0131z.\" \/>\n<meta property=\"og:url\" content=\"https:\/\/anadolupet.com.tr\/en\/product\/hills-sp-tavuklu-orta-irk-yetiskin-kopek-konserve-12x370g\/\" \/>\n<meta property=\"og:site_name\" content=\"Anadolu Pet Grup\" \/>\n<meta property=\"article:modified_time\" content=\"2026-02-23T12:48:57+00:00\" \/>\n<meta property=\"og:image\" content=\"https:\/\/anadolupet.com.tr\/wp-content\/uploads\/2026\/02\/625-608526.jpg\" \/>\n\t<meta property=\"og:image:width\" content=\"750\" \/>\n\t<meta property=\"og:image:height\" content=\"750\" \/>\n\t<meta property=\"og:image:type\" content=\"image\/jpeg\" \/>\n<meta name=\"twitter:card\" content=\"summary_large_image\" \/>\n<script type=\"application\/ld+json\" class=\"yoast-schema-graph\">{\"@context\":\"https:\\\/\\\/schema.org\",\"@graph\":[{\"@type\":\"WebPage\",\"@id\":\"https:\\\/\\\/anadolupet.com.tr\\\/urun\\\/hills-sp-tavuklu-orta-irk-yetiskin-kopek-konserve-12x370g\\\/\",\"url\":\"https:\\\/\\\/anadolupet.com.tr\\\/urun\\\/hills-sp-tavuklu-orta-irk-yetiskin-kopek-konserve-12x370g\\\/\",\"name\":\"Hill's SP Tavuklu Orta Irk Yeti\u015fkin K\u00f6pek Konserve 12x370g - Anadolu Pet Grup\",\"isPartOf\":{\"@id\":\"https:\\\/\\\/anadolupet.com.tr\\\/#website\"},\"primaryImageOfPage\":{\"@id\":\"https:\\\/\\\/anadolupet.com.tr\\\/urun\\\/hills-sp-tavuklu-orta-irk-yetiskin-kopek-konserve-12x370g\\\/#primaryimage\"},\"image\":{\"@id\":\"https:\\\/\\\/anadolupet.com.tr\\\/urun\\\/hills-sp-tavuklu-orta-irk-yetiskin-kopek-konserve-12x370g\\\/#primaryimage\"},\"thumbnailUrl\":\"https:\\\/\\\/anadolupet.com.tr\\\/wp-content\\\/uploads\\\/2026\\\/02\\\/625-608526.jpg\",\"datePublished\":\"2026-02-14T14:41:46+00:00\",\"dateModified\":\"2026-02-23T12:48:57+00:00\",\"breadcrumb\":{\"@id\":\"https:\\\/\\\/anadolupet.com.tr\\\/urun\\\/hills-sp-tavuklu-orta-irk-yetiskin-kopek-konserve-12x370g\\\/#breadcrumb\"},\"inLanguage\":\"en-US\",\"potentialAction\":[{\"@type\":\"ReadAction\",\"target\":[\"https:\\\/\\\/anadolupet.com.tr\\\/urun\\\/hills-sp-tavuklu-orta-irk-yetiskin-kopek-konserve-12x370g\\\/\"]}]},{\"@type\":\"ImageObject\",\"inLanguage\":\"en-US\",\"@id\":\"https:\\\/\\\/anadolupet.com.tr\\\/urun\\\/hills-sp-tavuklu-orta-irk-yetiskin-kopek-konserve-12x370g\\\/#primaryimage\",\"url\":\"https:\\\/\\\/anadolupet.com.tr\\\/wp-content\\\/uploads\\\/2026\\\/02\\\/625-608526.jpg\",\"contentUrl\":\"https:\\\/\\\/anadolupet.com.tr\\\/wp-content\\\/uploads\\\/2026\\\/02\\\/625-608526.jpg\",\"width\":750,\"height\":750},{\"@type\":\"BreadcrumbList\",\"@id\":\"https:\\\/\\\/anadolupet.com.tr\\\/urun\\\/hills-sp-tavuklu-orta-irk-yetiskin-kopek-konserve-12x370g\\\/#breadcrumb\",\"itemListElement\":[{\"@type\":\"ListItem\",\"position\":1,\"name\":\"Anasayfa\",\"item\":\"https:\\\/\\\/anadolupet.com.tr\\\/\"},{\"@type\":\"ListItem\",\"position\":2,\"name\":\"\u00dcr\u00fcnler\",\"item\":\"https:\\\/\\\/anadolupet.com.tr\\\/urunler\\\/\"},{\"@type\":\"ListItem\",\"position\":3,\"name\":\"Hill&#8217;s SP Tavuklu Orta Irk Yeti\u015fkin K\u00f6pek Konserve 12x370g\"}]},{\"@type\":\"WebSite\",\"@id\":\"https:\\\/\\\/anadolupet.com.tr\\\/#website\",\"url\":\"https:\\\/\\\/anadolupet.com.tr\\\/\",\"name\":\"Anadolu Pet Grup\",\"description\":\"Her Can\u0131n \u0130yi Ya\u015fam\u0131 \u0130\u00e7in Biraraday\u0131z\",\"publisher\":{\"@id\":\"https:\\\/\\\/anadolupet.com.tr\\\/#organization\"},\"potentialAction\":[{\"@type\":\"SearchAction\",\"target\":{\"@type\":\"EntryPoint\",\"urlTemplate\":\"https:\\\/\\\/anadolupet.com.tr\\\/?s={search_term_string}\"},\"query-input\":{\"@type\":\"PropertyValueSpecification\",\"valueRequired\":true,\"valueName\":\"search_term_string\"}}],\"inLanguage\":\"en-US\"},{\"@type\":\"Organization\",\"@id\":\"https:\\\/\\\/anadolupet.com.tr\\\/#organization\",\"name\":\"Anadolu Pet Grup\",\"alternateName\":\"Anadolu Pet\",\"url\":\"https:\\\/\\\/anadolupet.com.tr\\\/\",\"logo\":{\"@type\":\"ImageObject\",\"inLanguage\":\"en-US\",\"@id\":\"https:\\\/\\\/anadolupet.com.tr\\\/#\\\/schema\\\/logo\\\/image\\\/\",\"url\":\"https:\\\/\\\/anadolupet.com.tr\\\/wp-content\\\/uploads\\\/2026\\\/03\\\/1614666743370.jpg\",\"contentUrl\":\"https:\\\/\\\/anadolupet.com.tr\\\/wp-content\\\/uploads\\\/2026\\\/03\\\/1614666743370.jpg\",\"width\":800,\"height\":571,\"caption\":\"Anadolu Pet Grup\"},\"image\":{\"@id\":\"https:\\\/\\\/anadolupet.com.tr\\\/#\\\/schema\\\/logo\\\/image\\\/\"}}]}<\/script>\n<!-- \/ Yoast SEO plugin. -->","yoast_head_json":{"title":"Hill's SP Tavuklu Orta Irk Yeti\u015fkin K\u00f6pek Konserve 12x370g - Anadolu Pet Grup","robots":{"index":"index","follow":"follow","max-snippet":"max-snippet:-1","max-image-preview":"max-image-preview:large","max-video-preview":"max-video-preview:-1"},"canonical":"https:\/\/anadolupet.com.tr\/en\/product\/hills-sp-tavuklu-orta-irk-yetiskin-kopek-konserve-12x370g\/","og_locale":"en_US","og_type":"article","og_title":"Hill's SP Tavuklu Orta Irk Yeti\u015fkin K\u00f6pek Konserve 12x370g - Anadolu Pet Grup","og_description":"Yeti\u015fkin k\u00f6pe\u011finize, ihtiya\u00e7 duydu\u011fu dengeli beslenmeyi de i\u00e7eren lezzetli bir ziyafet sunun. Tavuklu HILL'S SCIENCE PLAN Adult k\u00f6pek mamas\u0131, k\u00f6pe\u011finizin genel sa\u011fl\u0131\u011f\u0131 ve mutlulu\u011fu i\u00e7in tam ve dengeli bir beslenme sunan lezzetli bir ya\u015f mamad\u0131r. Y\u00fcksek kaliteli protein i\u00e7in m\u00fckemmel bir kaynak olan bu yeti\u015fkin k\u00f6pek konservesi, ger\u00e7ek Tavuk eti gibi kolay sindirilebilir malzemelerden haz\u0131rlan\u0131r. G\u00fc\u00e7l\u00fc antioksidanlarla ya\u015fam boyu sa\u011fl\u0131\u011f\u0131 destekler. SCIENCE PLAN'\u0131n yeni g\u00f6r\u00fcn\u00fcm\u00fcn\u00fc siz de seveceksiniz. Baz\u0131 \u00fcr\u00fcnlerimiz yeni isimlere ve yeni form\u00fclasyonlara sahiptir. \u0130\u00c7\u0130NDEK\u0130LER: Et ve hayvan t\u00fcrevleri (tavuk 9%), tah\u0131llar, mineraller, s\u0131v\u0131 ve kat\u0131 ya\u011flar, bitkisel orjinli t\u00fcrevler. KG BA\u015eINA KATKILAR: Besinsel katk\u0131lar: 3b103 (Demir) 10,0mg, 3b202 (\u0130yodin) 0,3mg, 3b405 (Bak\u0131r) 1,6mg, 3b502 (Manganez) 2,2mg, 3b603 (\u00c7inko) 25,7mg. ANAL\u0130T\u0130K B\u0130LE\u015eENLER: Protein 6,2%, Ya\u011f i\u00e7eri\u011fi 3,4%, Ham sel\u00fcloz 0,45%, Ham k\u00fcl 1,4%, Nem 77,0%, kg ba\u015f\u0131na: A Vitamini 20.427IU, D3 Vitamini 205IU. BESLEME TAL\u0130MATI: B\u00fct\u00fcn besleme talimatlar\u0131 i\u00e7in l\u00fctfen ambalaja bak\u0131n\u0131z. Mama miktar\u0131n\u0131 ideal kiloyu koruyacak \u015fekilde ayarlay\u0131n\u0131z. E\u011fer emin de\u011filseniz, veteriner hekiminize sorunuz. Bu mamay\u0131 ilk defa m\u0131 kullan\u0131yorsunuz?Eski maman\u0131n miktar\u0131n\u0131 azaltt\u0131\u011f\u0131n\u0131z, yeni maman\u0131n ise miktar\u0131n\u0131 artt\u0131rd\u0131\u011f\u0131n\u0131z bir kar\u0131\u015f\u0131m haz\u0131rlayarak kademeli \u015fekilde 7 g\u00fcn sonunda tamamen yeni mamaya ge\u00e7i\u015f yap\u0131n\u0131z. Daima temiz ve taze su bulundurunuz! Evcil hayvan\u0131n\u0131z\u0131n beslenme ihtiya\u00e7lar\u0131 ya\u015fland\u0131k\u00e7a de\u011fi\u015febilir. Her muayenede veteriner hekiminize dan\u0131\u015f\u0131n\u0131z.","og_url":"https:\/\/anadolupet.com.tr\/en\/product\/hills-sp-tavuklu-orta-irk-yetiskin-kopek-konserve-12x370g\/","og_site_name":"Anadolu Pet Grup","article_modified_time":"2026-02-23T12:48:57+00:00","og_image":[{"width":750,"height":750,"url":"https:\/\/anadolupet.com.tr\/wp-content\/uploads\/2026\/02\/625-608526.jpg","type":"image\/jpeg"}],"twitter_card":"summary_large_image","schema":{"@context":"https:\/\/schema.org","@graph":[{"@type":"WebPage","@id":"https:\/\/anadolupet.com.tr\/urun\/hills-sp-tavuklu-orta-irk-yetiskin-kopek-konserve-12x370g\/","url":"https:\/\/anadolupet.com.tr\/urun\/hills-sp-tavuklu-orta-irk-yetiskin-kopek-konserve-12x370g\/","name":"Hill's SP Tavuklu Orta Irk Yeti\u015fkin K\u00f6pek Konserve 12x370g - Anadolu Pet Grup","isPartOf":{"@id":"https:\/\/anadolupet.com.tr\/#website"},"primaryImageOfPage":{"@id":"https:\/\/anadolupet.com.tr\/urun\/hills-sp-tavuklu-orta-irk-yetiskin-kopek-konserve-12x370g\/#primaryimage"},"image":{"@id":"https:\/\/anadolupet.com.tr\/urun\/hills-sp-tavuklu-orta-irk-yetiskin-kopek-konserve-12x370g\/#primaryimage"},"thumbnailUrl":"https:\/\/anadolupet.com.tr\/wp-content\/uploads\/2026\/02\/625-608526.jpg","datePublished":"2026-02-14T14:41:46+00:00","dateModified":"2026-02-23T12:48:57+00:00","breadcrumb":{"@id":"https:\/\/anadolupet.com.tr\/urun\/hills-sp-tavuklu-orta-irk-yetiskin-kopek-konserve-12x370g\/#breadcrumb"},"inLanguage":"en-US","potentialAction":[{"@type":"ReadAction","target":["https:\/\/anadolupet.com.tr\/urun\/hills-sp-tavuklu-orta-irk-yetiskin-kopek-konserve-12x370g\/"]}]},{"@type":"ImageObject","inLanguage":"en-US","@id":"https:\/\/anadolupet.com.tr\/urun\/hills-sp-tavuklu-orta-irk-yetiskin-kopek-konserve-12x370g\/#primaryimage","url":"https:\/\/anadolupet.com.tr\/wp-content\/uploads\/2026\/02\/625-608526.jpg","contentUrl":"https:\/\/anadolupet.com.tr\/wp-content\/uploads\/2026\/02\/625-608526.jpg","width":750,"height":750},{"@type":"BreadcrumbList","@id":"https:\/\/anadolupet.com.tr\/urun\/hills-sp-tavuklu-orta-irk-yetiskin-kopek-konserve-12x370g\/#breadcrumb","itemListElement":[{"@type":"ListItem","position":1,"name":"Anasayfa","item":"https:\/\/anadolupet.com.tr\/"},{"@type":"ListItem","position":2,"name":"\u00dcr\u00fcnler","item":"https:\/\/anadolupet.com.tr\/urunler\/"},{"@type":"ListItem","position":3,"name":"Hill&#8217;s SP Tavuklu Orta Irk Yeti\u015fkin K\u00f6pek Konserve 12x370g"}]},{"@type":"WebSite","@id":"https:\/\/anadolupet.com.tr\/#website","url":"https:\/\/anadolupet.com.tr\/","name":"Anadolu Pet Group","description":"We Stand Together for the Well-Being of Every Life","publisher":{"@id":"https:\/\/anadolupet.com.tr\/#organization"},"potentialAction":[{"@type":"SearchAction","target":{"@type":"EntryPoint","urlTemplate":"https:\/\/anadolupet.com.tr\/?s={search_term_string}"},"query-input":{"@type":"PropertyValueSpecification","valueRequired":true,"valueName":"search_term_string"}}],"inLanguage":"en-US"},{"@type":"Organization","@id":"https:\/\/anadolupet.com.tr\/#organization","name":"Anadolu Pet Group","alternateName":"Anadolu Pet","url":"https:\/\/anadolupet.com.tr\/","logo":{"@type":"ImageObject","inLanguage":"en-US","@id":"https:\/\/anadolupet.com.tr\/#\/schema\/logo\/image\/","url":"https:\/\/anadolupet.com.tr\/wp-content\/uploads\/2026\/03\/1614666743370.jpg","contentUrl":"https:\/\/anadolupet.com.tr\/wp-content\/uploads\/2026\/03\/1614666743370.jpg","width":800,"height":571,"caption":"Anadolu Pet Grup"},"image":{"@id":"https:\/\/anadolupet.com.tr\/#\/schema\/logo\/image\/"}}]}},"_links":{"self":[{"href":"https:\/\/anadolupet.com.tr\/en\/wp-json\/wp\/v2\/product\/45490","targetHints":{"allow":["GET"]}}],"collection":[{"href":"https:\/\/anadolupet.com.tr\/en\/wp-json\/wp\/v2\/product"}],"about":[{"href":"https:\/\/anadolupet.com.tr\/en\/wp-json\/wp\/v2\/types\/product"}],"replies":[{"embeddable":true,"href":"https:\/\/anadolupet.com.tr\/en\/wp-json\/wp\/v2\/comments?post=45490"}],"wp:featuredmedia":[{"embeddable":true,"href":"https:\/\/anadolupet.com.tr\/en\/wp-json\/wp\/v2\/media\/44297"}],"wp:attachment":[{"href":"https:\/\/anadolupet.com.tr\/en\/wp-json\/wp\/v2\/media?parent=45490"}],"wp:term":[{"taxonomy":"product_brand","embeddable":true,"href":"https:\/\/anadolupet.com.tr\/en\/wp-json\/wp\/v2\/product_brand?post=45490"},{"taxonomy":"product_cat","embeddable":true,"href":"https:\/\/anadolupet.com.tr\/en\/wp-json\/wp\/v2\/product_cat?post=45490"},{"taxonomy":"product_tag","embeddable":true,"href":"https:\/\/anadolupet.com.tr\/en\/wp-json\/wp\/v2\/product_tag?post=45490"}],"curies":[{"name":"wp","href":"https:\/\/api.w.org\/{rel}","templated":true}]}}