{"id":45492,"date":"2026-02-14T14:41:46","date_gmt":"2026-02-14T14:41:46","guid":{"rendered":"https:\/\/anadolupet.com.tr\/urun\/hills-sp-tavuklu-yavru-kedi-mamasi-3kg\/"},"modified":"2026-02-23T12:48:57","modified_gmt":"2026-02-23T12:48:57","slug":"hills-sp-tavuklu-yavru-kedi-mamasi-3kg","status":"publish","type":"product","link":"https:\/\/anadolupet.com.tr\/en\/urun\/hills-sp-tavuklu-yavru-kedi-mamasi-3kg\/","title":{"rendered":"Hill&#8217;s SP Tavuklu Yavru Kedi Mamas\u0131 3KG"},"content":{"rendered":"","protected":false},"excerpt":{"rendered":"<p>Minik yavru kedinizin aktif ya\u015fam tarz\u0131na ayak uydurabilmesini sa\u011flayacak kaliteli bir beslenmeye ihtiyac\u0131 vard\u0131r. Bu nedenle, HILL&#8217;S SCIENCE PLAN Kitten kuru mamalar\u0131n\u0131n, yavru kedilerin geli\u015fimsel ihtiya\u00e7lar\u0131n\u0131 kar\u015f\u0131layabilmek i\u00e7in \u00f6zenle form\u00fcle edilmesinin as\u0131l nedeni ya\u015famlar\u0131na en iyi \u015fekilde ba\u015flayabilmelerini ve t\u00fcm potansiyellerini a\u00e7\u0131\u011fa \u00e7\u0131karabilmelerini sa\u011flamakt\u0131r. Sa\u011fl\u0131kl\u0131 g\u00f6z ve beyin geli\u015fimi i\u00e7in bal\u0131k ya\u011f\u0131ndan elde edilmi\u015f DHA i\u00e7eren ve y\u00fcksek kaliteli malzemeler kullan\u0131larak \u00fcretilen bu kedi mamas\u0131 ayr\u0131ca, gen\u00e7 kedinizin kas geli\u015fimini destekleyecek y\u00fcksek kaliteli protein i\u00e7erir. Hassas mineral dengesine sahip yap\u0131s\u0131 sayesinde g\u00fc\u00e7l\u00fc kemik ve di\u015flerin olu\u015fumunu destekleyerek, yavrular\u0131n sa\u011fl\u0131kl\u0131 ve zinde kalmas\u0131n\u0131 sa\u011flar. HILL&#8217;S Science Plan&#8217;\u0131n yeni g\u00f6r\u00fcn\u00fcm\u00fcn\u00fc siz de seveceksiniz. Baz\u0131 Science Plan \u00fcr\u00fcnlerimiz art\u0131k yeni isimlere, yeni mama tanesi \u015fekillerine ve yeni form\u00fcllere sahiptir.<br \/>\n\u0130\u00c7\u0130NDEK\u0130LER: Tavuk ve hindi unu (tavuk %29; toplam k\u00fcmes hayvanlar\u0131 %45), m\u0131s\u0131r, hayvansal ya\u011f, hidrolize protein, mineraller, bal\u0131k ya\u011f\u0131 (1,3%), kurutulmu\u015f pancar k\u00fcspesi, keten tohumu, bitkisel ya\u011f, sel\u00fcloz.<br \/>\nKG BA\u015eINA KATKILAR: Besinsel katk\u0131lar: 3b103 (Demir) 63,5mg, 3b202 (\u0130yodin) 1,6mg, 3b405 (Bak\u0131r) 6,3mg, 3b502 (Manganez) 6,6mg, 3b603 (\u00c7inko) 111mg, 3b801 (Selenyum) 0,1mg; do\u011fal antioksidan ile.<br \/>\nANAL\u0130T\u0130K B\u0130LE\u015eENLER: Protein 38,6%, Ya\u011f i\u00e7eri\u011fi 23,5%, DHA 0,15%, Ham sel\u00fcloz 1,5%, Ham k\u00fcl 7,3%, Kalsiyum 1,3%, Fosfor 1,0%, Sodyum 0,48%, Potasyum 0,83%, Magnezyum 0,10%; kg ba\u015f\u0131na: A Vitamini 9.390IU, D3 Vitamini 798IU, E Vitamini 600mg, C Vitamini 90mg, Beta-karoten 1,5mg.<br \/>\nHill&#8217;s Science Plan KITTEN FOOD CHICKEN 3 haftal\u0131ktan 12 ayl\u0131k ya\u015fa kadarki yavru kediler ve gebe veya emziren kediler i\u00e7in tam dengeli evcil hayvan mamas\u0131d\u0131r.<br \/>\nBESLEME TAL\u0130MATI: Tam ve do\u011fru besleme talimatlar\u0131 i\u00e7in l\u00fctfen pakete bak\u0131n\u0131z. G\u00fcnl\u00fck mama miktar\u0131n\u0131, kedinizin ideal kilosunu koruyacak \u015fekilde ayarlay\u0131n\u0131z. E\u011fer emin de\u011fil iseniz, veteriner hekiminize dan\u0131\u015f\u0131n\u0131z. Bu mamay\u0131 ilk defa m\u0131 kullan\u0131yorsunuz? Eski mama ile yeni maman\u0131n bir kar\u0131\u015f\u0131m\u0131n\u0131 haz\u0131rlay\u0131n\u0131z ve eski maman\u0131n miktar\u0131n\u0131 kademeli olarak azaltarak 7 g\u00fcn sonunda yeni mamaya tamamen ge\u00e7i\u015f yap\u0131n\u0131z. Her zaman taze ve temiz su bulundurdu\u011funuzdan emin olunuz! Evcil hayvan\u0131n\u0131z\u0131n ihtiya\u00e7lar\u0131, o ya\u015fland\u0131k\u00e7a de\u011fi\u015fiklik g\u00f6sterebilir. Veteriner hekiminize her kontrolde sormay\u0131 ihmal etmeyiniz.<\/p>","protected":false},"featured_media":44136,"comment_status":"open","ping_status":"closed","template":"","meta":{"_acf_changed":false},"product_brand":[],"product_cat":[2441],"product_tag":[],"class_list":{"0":"post-45492","1":"product","2":"type-product","3":"status-publish","4":"has-post-thumbnail","6":"product_cat-yavru-kedi-mamalari","8":"first","9":"instock","10":"shipping-taxable","11":"product-type-simple"},"acf":[],"yoast_head":"<!-- This site is optimized with the Yoast SEO plugin v27.5 - https:\/\/yoast.com\/product\/yoast-seo-wordpress\/ -->\n<title>Hill&#039;s SP Tavuklu Yavru Kedi Mamas\u0131 3KG - Anadolu Pet Grup<\/title>\n<meta name=\"robots\" content=\"index, follow, max-snippet:-1, max-image-preview:large, max-video-preview:-1\" \/>\n<link rel=\"canonical\" href=\"https:\/\/anadolupet.com.tr\/en\/product\/hills-sp-tavuklu-yavru-kedi-mamasi-3kg\/\" \/>\n<meta property=\"og:locale\" content=\"en_US\" \/>\n<meta property=\"og:type\" content=\"article\" \/>\n<meta property=\"og:title\" content=\"Hill&#039;s SP Tavuklu Yavru Kedi Mamas\u0131 3KG - Anadolu Pet Grup\" \/>\n<meta property=\"og:description\" content=\"Minik yavru kedinizin aktif ya\u015fam tarz\u0131na ayak uydurabilmesini sa\u011flayacak kaliteli bir beslenmeye ihtiyac\u0131 vard\u0131r. Bu nedenle, HILL&#039;S SCIENCE PLAN Kitten kuru mamalar\u0131n\u0131n, yavru kedilerin geli\u015fimsel ihtiya\u00e7lar\u0131n\u0131 kar\u015f\u0131layabilmek i\u00e7in \u00f6zenle form\u00fcle edilmesinin as\u0131l nedeni ya\u015famlar\u0131na en iyi \u015fekilde ba\u015flayabilmelerini ve t\u00fcm potansiyellerini a\u00e7\u0131\u011fa \u00e7\u0131karabilmelerini sa\u011flamakt\u0131r. Sa\u011fl\u0131kl\u0131 g\u00f6z ve beyin geli\u015fimi i\u00e7in bal\u0131k ya\u011f\u0131ndan elde edilmi\u015f DHA i\u00e7eren ve y\u00fcksek kaliteli malzemeler kullan\u0131larak \u00fcretilen bu kedi mamas\u0131 ayr\u0131ca, gen\u00e7 kedinizin kas geli\u015fimini destekleyecek y\u00fcksek kaliteli protein i\u00e7erir. Hassas mineral dengesine sahip yap\u0131s\u0131 sayesinde g\u00fc\u00e7l\u00fc kemik ve di\u015flerin olu\u015fumunu destekleyerek, yavrular\u0131n sa\u011fl\u0131kl\u0131 ve zinde kalmas\u0131n\u0131 sa\u011flar. HILL&#039;S Science Plan&#039;\u0131n yeni g\u00f6r\u00fcn\u00fcm\u00fcn\u00fc siz de seveceksiniz. Baz\u0131 Science Plan \u00fcr\u00fcnlerimiz art\u0131k yeni isimlere, yeni mama tanesi \u015fekillerine ve yeni form\u00fcllere sahiptir. \u0130\u00c7\u0130NDEK\u0130LER: Tavuk ve hindi unu (tavuk %29; toplam k\u00fcmes hayvanlar\u0131 %45), m\u0131s\u0131r, hayvansal ya\u011f, hidrolize protein, mineraller, bal\u0131k ya\u011f\u0131 (1,3%), kurutulmu\u015f pancar k\u00fcspesi, keten tohumu, bitkisel ya\u011f, sel\u00fcloz. KG BA\u015eINA KATKILAR: Besinsel katk\u0131lar: 3b103 (Demir) 63,5mg, 3b202 (\u0130yodin) 1,6mg, 3b405 (Bak\u0131r) 6,3mg, 3b502 (Manganez) 6,6mg, 3b603 (\u00c7inko) 111mg, 3b801 (Selenyum) 0,1mg; do\u011fal antioksidan ile. ANAL\u0130T\u0130K B\u0130LE\u015eENLER: Protein 38,6%, Ya\u011f i\u00e7eri\u011fi 23,5%, DHA 0,15%, Ham sel\u00fcloz 1,5%, Ham k\u00fcl 7,3%, Kalsiyum 1,3%, Fosfor 1,0%, Sodyum 0,48%, Potasyum 0,83%, Magnezyum 0,10%; kg ba\u015f\u0131na: A Vitamini 9.390IU, D3 Vitamini 798IU, E Vitamini 600mg, C Vitamini 90mg, Beta-karoten 1,5mg. Hill&#039;s Science Plan KITTEN FOOD CHICKEN 3 haftal\u0131ktan 12 ayl\u0131k ya\u015fa kadarki yavru kediler ve gebe veya emziren kediler i\u00e7in tam dengeli evcil hayvan mamas\u0131d\u0131r. BESLEME TAL\u0130MATI: Tam ve do\u011fru besleme talimatlar\u0131 i\u00e7in l\u00fctfen pakete bak\u0131n\u0131z. G\u00fcnl\u00fck mama miktar\u0131n\u0131, kedinizin ideal kilosunu koruyacak \u015fekilde ayarlay\u0131n\u0131z. E\u011fer emin de\u011fil iseniz, veteriner hekiminize dan\u0131\u015f\u0131n\u0131z. Bu mamay\u0131 ilk defa m\u0131 kullan\u0131yorsunuz? Eski mama ile yeni maman\u0131n bir kar\u0131\u015f\u0131m\u0131n\u0131 haz\u0131rlay\u0131n\u0131z ve eski maman\u0131n miktar\u0131n\u0131 kademeli olarak azaltarak 7 g\u00fcn sonunda yeni mamaya tamamen ge\u00e7i\u015f yap\u0131n\u0131z. Her zaman taze ve temiz su bulundurdu\u011funuzdan emin olunuz! Evcil hayvan\u0131n\u0131z\u0131n ihtiya\u00e7lar\u0131, o ya\u015fland\u0131k\u00e7a de\u011fi\u015fiklik g\u00f6sterebilir. Veteriner hekiminize her kontrolde sormay\u0131 ihmal etmeyiniz.\" \/>\n<meta property=\"og:url\" content=\"https:\/\/anadolupet.com.tr\/en\/product\/hills-sp-tavuklu-yavru-kedi-mamasi-3kg\/\" \/>\n<meta property=\"og:site_name\" content=\"Anadolu Pet Grup\" \/>\n<meta property=\"article:modified_time\" content=\"2026-02-23T12:48:57+00:00\" \/>\n<meta property=\"og:image\" content=\"https:\/\/anadolupet.com.tr\/wp-content\/uploads\/2026\/02\/610-604049-HLL.jpg\" \/>\n\t<meta property=\"og:image:width\" content=\"750\" \/>\n\t<meta property=\"og:image:height\" content=\"750\" \/>\n\t<meta property=\"og:image:type\" content=\"image\/jpeg\" \/>\n<meta name=\"twitter:card\" content=\"summary_large_image\" \/>\n<script type=\"application\/ld+json\" class=\"yoast-schema-graph\">{\"@context\":\"https:\\\/\\\/schema.org\",\"@graph\":[{\"@type\":\"WebPage\",\"@id\":\"https:\\\/\\\/anadolupet.com.tr\\\/urun\\\/hills-sp-tavuklu-yavru-kedi-mamasi-3kg\\\/\",\"url\":\"https:\\\/\\\/anadolupet.com.tr\\\/urun\\\/hills-sp-tavuklu-yavru-kedi-mamasi-3kg\\\/\",\"name\":\"Hill's SP Tavuklu Yavru Kedi Mamas\u0131 3KG - Anadolu Pet Grup\",\"isPartOf\":{\"@id\":\"https:\\\/\\\/anadolupet.com.tr\\\/#website\"},\"primaryImageOfPage\":{\"@id\":\"https:\\\/\\\/anadolupet.com.tr\\\/urun\\\/hills-sp-tavuklu-yavru-kedi-mamasi-3kg\\\/#primaryimage\"},\"image\":{\"@id\":\"https:\\\/\\\/anadolupet.com.tr\\\/urun\\\/hills-sp-tavuklu-yavru-kedi-mamasi-3kg\\\/#primaryimage\"},\"thumbnailUrl\":\"https:\\\/\\\/anadolupet.com.tr\\\/wp-content\\\/uploads\\\/2026\\\/02\\\/610-604049-HLL.jpg\",\"datePublished\":\"2026-02-14T14:41:46+00:00\",\"dateModified\":\"2026-02-23T12:48:57+00:00\",\"breadcrumb\":{\"@id\":\"https:\\\/\\\/anadolupet.com.tr\\\/urun\\\/hills-sp-tavuklu-yavru-kedi-mamasi-3kg\\\/#breadcrumb\"},\"inLanguage\":\"en-US\",\"potentialAction\":[{\"@type\":\"ReadAction\",\"target\":[\"https:\\\/\\\/anadolupet.com.tr\\\/urun\\\/hills-sp-tavuklu-yavru-kedi-mamasi-3kg\\\/\"]}]},{\"@type\":\"ImageObject\",\"inLanguage\":\"en-US\",\"@id\":\"https:\\\/\\\/anadolupet.com.tr\\\/urun\\\/hills-sp-tavuklu-yavru-kedi-mamasi-3kg\\\/#primaryimage\",\"url\":\"https:\\\/\\\/anadolupet.com.tr\\\/wp-content\\\/uploads\\\/2026\\\/02\\\/610-604049-HLL.jpg\",\"contentUrl\":\"https:\\\/\\\/anadolupet.com.tr\\\/wp-content\\\/uploads\\\/2026\\\/02\\\/610-604049-HLL.jpg\",\"width\":750,\"height\":750},{\"@type\":\"BreadcrumbList\",\"@id\":\"https:\\\/\\\/anadolupet.com.tr\\\/urun\\\/hills-sp-tavuklu-yavru-kedi-mamasi-3kg\\\/#breadcrumb\",\"itemListElement\":[{\"@type\":\"ListItem\",\"position\":1,\"name\":\"Anasayfa\",\"item\":\"https:\\\/\\\/anadolupet.com.tr\\\/\"},{\"@type\":\"ListItem\",\"position\":2,\"name\":\"\u00dcr\u00fcnler\",\"item\":\"https:\\\/\\\/anadolupet.com.tr\\\/urunler\\\/\"},{\"@type\":\"ListItem\",\"position\":3,\"name\":\"Hill&#8217;s SP Tavuklu Yavru Kedi Mamas\u0131 3KG\"}]},{\"@type\":\"WebSite\",\"@id\":\"https:\\\/\\\/anadolupet.com.tr\\\/#website\",\"url\":\"https:\\\/\\\/anadolupet.com.tr\\\/\",\"name\":\"Anadolu Pet Grup\",\"description\":\"Her Can\u0131n \u0130yi Ya\u015fam\u0131 \u0130\u00e7in Biraraday\u0131z\",\"publisher\":{\"@id\":\"https:\\\/\\\/anadolupet.com.tr\\\/#organization\"},\"potentialAction\":[{\"@type\":\"SearchAction\",\"target\":{\"@type\":\"EntryPoint\",\"urlTemplate\":\"https:\\\/\\\/anadolupet.com.tr\\\/?s={search_term_string}\"},\"query-input\":{\"@type\":\"PropertyValueSpecification\",\"valueRequired\":true,\"valueName\":\"search_term_string\"}}],\"inLanguage\":\"en-US\"},{\"@type\":\"Organization\",\"@id\":\"https:\\\/\\\/anadolupet.com.tr\\\/#organization\",\"name\":\"Anadolu Pet Grup\",\"alternateName\":\"Anadolu Pet\",\"url\":\"https:\\\/\\\/anadolupet.com.tr\\\/\",\"logo\":{\"@type\":\"ImageObject\",\"inLanguage\":\"en-US\",\"@id\":\"https:\\\/\\\/anadolupet.com.tr\\\/#\\\/schema\\\/logo\\\/image\\\/\",\"url\":\"https:\\\/\\\/anadolupet.com.tr\\\/wp-content\\\/uploads\\\/2026\\\/03\\\/1614666743370.jpg\",\"contentUrl\":\"https:\\\/\\\/anadolupet.com.tr\\\/wp-content\\\/uploads\\\/2026\\\/03\\\/1614666743370.jpg\",\"width\":800,\"height\":571,\"caption\":\"Anadolu Pet Grup\"},\"image\":{\"@id\":\"https:\\\/\\\/anadolupet.com.tr\\\/#\\\/schema\\\/logo\\\/image\\\/\"}}]}<\/script>\n<!-- \/ Yoast SEO plugin. -->","yoast_head_json":{"title":"Hill's SP Tavuklu Yavru Kedi Mamas\u0131 3KG - Anadolu Pet Grup","robots":{"index":"index","follow":"follow","max-snippet":"max-snippet:-1","max-image-preview":"max-image-preview:large","max-video-preview":"max-video-preview:-1"},"canonical":"https:\/\/anadolupet.com.tr\/en\/product\/hills-sp-tavuklu-yavru-kedi-mamasi-3kg\/","og_locale":"en_US","og_type":"article","og_title":"Hill's SP Tavuklu Yavru Kedi Mamas\u0131 3KG - Anadolu Pet Grup","og_description":"Minik yavru kedinizin aktif ya\u015fam tarz\u0131na ayak uydurabilmesini sa\u011flayacak kaliteli bir beslenmeye ihtiyac\u0131 vard\u0131r. Bu nedenle, HILL'S SCIENCE PLAN Kitten kuru mamalar\u0131n\u0131n, yavru kedilerin geli\u015fimsel ihtiya\u00e7lar\u0131n\u0131 kar\u015f\u0131layabilmek i\u00e7in \u00f6zenle form\u00fcle edilmesinin as\u0131l nedeni ya\u015famlar\u0131na en iyi \u015fekilde ba\u015flayabilmelerini ve t\u00fcm potansiyellerini a\u00e7\u0131\u011fa \u00e7\u0131karabilmelerini sa\u011flamakt\u0131r. Sa\u011fl\u0131kl\u0131 g\u00f6z ve beyin geli\u015fimi i\u00e7in bal\u0131k ya\u011f\u0131ndan elde edilmi\u015f DHA i\u00e7eren ve y\u00fcksek kaliteli malzemeler kullan\u0131larak \u00fcretilen bu kedi mamas\u0131 ayr\u0131ca, gen\u00e7 kedinizin kas geli\u015fimini destekleyecek y\u00fcksek kaliteli protein i\u00e7erir. Hassas mineral dengesine sahip yap\u0131s\u0131 sayesinde g\u00fc\u00e7l\u00fc kemik ve di\u015flerin olu\u015fumunu destekleyerek, yavrular\u0131n sa\u011fl\u0131kl\u0131 ve zinde kalmas\u0131n\u0131 sa\u011flar. HILL'S Science Plan'\u0131n yeni g\u00f6r\u00fcn\u00fcm\u00fcn\u00fc siz de seveceksiniz. Baz\u0131 Science Plan \u00fcr\u00fcnlerimiz art\u0131k yeni isimlere, yeni mama tanesi \u015fekillerine ve yeni form\u00fcllere sahiptir. \u0130\u00c7\u0130NDEK\u0130LER: Tavuk ve hindi unu (tavuk %29; toplam k\u00fcmes hayvanlar\u0131 %45), m\u0131s\u0131r, hayvansal ya\u011f, hidrolize protein, mineraller, bal\u0131k ya\u011f\u0131 (1,3%), kurutulmu\u015f pancar k\u00fcspesi, keten tohumu, bitkisel ya\u011f, sel\u00fcloz. KG BA\u015eINA KATKILAR: Besinsel katk\u0131lar: 3b103 (Demir) 63,5mg, 3b202 (\u0130yodin) 1,6mg, 3b405 (Bak\u0131r) 6,3mg, 3b502 (Manganez) 6,6mg, 3b603 (\u00c7inko) 111mg, 3b801 (Selenyum) 0,1mg; do\u011fal antioksidan ile. ANAL\u0130T\u0130K B\u0130LE\u015eENLER: Protein 38,6%, Ya\u011f i\u00e7eri\u011fi 23,5%, DHA 0,15%, Ham sel\u00fcloz 1,5%, Ham k\u00fcl 7,3%, Kalsiyum 1,3%, Fosfor 1,0%, Sodyum 0,48%, Potasyum 0,83%, Magnezyum 0,10%; kg ba\u015f\u0131na: A Vitamini 9.390IU, D3 Vitamini 798IU, E Vitamini 600mg, C Vitamini 90mg, Beta-karoten 1,5mg. Hill's Science Plan KITTEN FOOD CHICKEN 3 haftal\u0131ktan 12 ayl\u0131k ya\u015fa kadarki yavru kediler ve gebe veya emziren kediler i\u00e7in tam dengeli evcil hayvan mamas\u0131d\u0131r. BESLEME TAL\u0130MATI: Tam ve do\u011fru besleme talimatlar\u0131 i\u00e7in l\u00fctfen pakete bak\u0131n\u0131z. G\u00fcnl\u00fck mama miktar\u0131n\u0131, kedinizin ideal kilosunu koruyacak \u015fekilde ayarlay\u0131n\u0131z. E\u011fer emin de\u011fil iseniz, veteriner hekiminize dan\u0131\u015f\u0131n\u0131z. Bu mamay\u0131 ilk defa m\u0131 kullan\u0131yorsunuz? Eski mama ile yeni maman\u0131n bir kar\u0131\u015f\u0131m\u0131n\u0131 haz\u0131rlay\u0131n\u0131z ve eski maman\u0131n miktar\u0131n\u0131 kademeli olarak azaltarak 7 g\u00fcn sonunda yeni mamaya tamamen ge\u00e7i\u015f yap\u0131n\u0131z. Her zaman taze ve temiz su bulundurdu\u011funuzdan emin olunuz! Evcil hayvan\u0131n\u0131z\u0131n ihtiya\u00e7lar\u0131, o ya\u015fland\u0131k\u00e7a de\u011fi\u015fiklik g\u00f6sterebilir. Veteriner hekiminize her kontrolde sormay\u0131 ihmal etmeyiniz.","og_url":"https:\/\/anadolupet.com.tr\/en\/product\/hills-sp-tavuklu-yavru-kedi-mamasi-3kg\/","og_site_name":"Anadolu Pet Grup","article_modified_time":"2026-02-23T12:48:57+00:00","og_image":[{"width":750,"height":750,"url":"https:\/\/anadolupet.com.tr\/wp-content\/uploads\/2026\/02\/610-604049-HLL.jpg","type":"image\/jpeg"}],"twitter_card":"summary_large_image","schema":{"@context":"https:\/\/schema.org","@graph":[{"@type":"WebPage","@id":"https:\/\/anadolupet.com.tr\/urun\/hills-sp-tavuklu-yavru-kedi-mamasi-3kg\/","url":"https:\/\/anadolupet.com.tr\/urun\/hills-sp-tavuklu-yavru-kedi-mamasi-3kg\/","name":"Hill's SP Tavuklu Yavru Kedi Mamas\u0131 3KG - Anadolu Pet Grup","isPartOf":{"@id":"https:\/\/anadolupet.com.tr\/#website"},"primaryImageOfPage":{"@id":"https:\/\/anadolupet.com.tr\/urun\/hills-sp-tavuklu-yavru-kedi-mamasi-3kg\/#primaryimage"},"image":{"@id":"https:\/\/anadolupet.com.tr\/urun\/hills-sp-tavuklu-yavru-kedi-mamasi-3kg\/#primaryimage"},"thumbnailUrl":"https:\/\/anadolupet.com.tr\/wp-content\/uploads\/2026\/02\/610-604049-HLL.jpg","datePublished":"2026-02-14T14:41:46+00:00","dateModified":"2026-02-23T12:48:57+00:00","breadcrumb":{"@id":"https:\/\/anadolupet.com.tr\/urun\/hills-sp-tavuklu-yavru-kedi-mamasi-3kg\/#breadcrumb"},"inLanguage":"en-US","potentialAction":[{"@type":"ReadAction","target":["https:\/\/anadolupet.com.tr\/urun\/hills-sp-tavuklu-yavru-kedi-mamasi-3kg\/"]}]},{"@type":"ImageObject","inLanguage":"en-US","@id":"https:\/\/anadolupet.com.tr\/urun\/hills-sp-tavuklu-yavru-kedi-mamasi-3kg\/#primaryimage","url":"https:\/\/anadolupet.com.tr\/wp-content\/uploads\/2026\/02\/610-604049-HLL.jpg","contentUrl":"https:\/\/anadolupet.com.tr\/wp-content\/uploads\/2026\/02\/610-604049-HLL.jpg","width":750,"height":750},{"@type":"BreadcrumbList","@id":"https:\/\/anadolupet.com.tr\/urun\/hills-sp-tavuklu-yavru-kedi-mamasi-3kg\/#breadcrumb","itemListElement":[{"@type":"ListItem","position":1,"name":"Anasayfa","item":"https:\/\/anadolupet.com.tr\/"},{"@type":"ListItem","position":2,"name":"\u00dcr\u00fcnler","item":"https:\/\/anadolupet.com.tr\/urunler\/"},{"@type":"ListItem","position":3,"name":"Hill&#8217;s SP Tavuklu Yavru Kedi Mamas\u0131 3KG"}]},{"@type":"WebSite","@id":"https:\/\/anadolupet.com.tr\/#website","url":"https:\/\/anadolupet.com.tr\/","name":"Anadolu Pet Group","description":"We Stand Together for the Well-Being of Every Life","publisher":{"@id":"https:\/\/anadolupet.com.tr\/#organization"},"potentialAction":[{"@type":"SearchAction","target":{"@type":"EntryPoint","urlTemplate":"https:\/\/anadolupet.com.tr\/?s={search_term_string}"},"query-input":{"@type":"PropertyValueSpecification","valueRequired":true,"valueName":"search_term_string"}}],"inLanguage":"en-US"},{"@type":"Organization","@id":"https:\/\/anadolupet.com.tr\/#organization","name":"Anadolu Pet Group","alternateName":"Anadolu Pet","url":"https:\/\/anadolupet.com.tr\/","logo":{"@type":"ImageObject","inLanguage":"en-US","@id":"https:\/\/anadolupet.com.tr\/#\/schema\/logo\/image\/","url":"https:\/\/anadolupet.com.tr\/wp-content\/uploads\/2026\/03\/1614666743370.jpg","contentUrl":"https:\/\/anadolupet.com.tr\/wp-content\/uploads\/2026\/03\/1614666743370.jpg","width":800,"height":571,"caption":"Anadolu Pet Grup"},"image":{"@id":"https:\/\/anadolupet.com.tr\/#\/schema\/logo\/image\/"}}]}},"_links":{"self":[{"href":"https:\/\/anadolupet.com.tr\/en\/wp-json\/wp\/v2\/product\/45492","targetHints":{"allow":["GET"]}}],"collection":[{"href":"https:\/\/anadolupet.com.tr\/en\/wp-json\/wp\/v2\/product"}],"about":[{"href":"https:\/\/anadolupet.com.tr\/en\/wp-json\/wp\/v2\/types\/product"}],"replies":[{"embeddable":true,"href":"https:\/\/anadolupet.com.tr\/en\/wp-json\/wp\/v2\/comments?post=45492"}],"wp:featuredmedia":[{"embeddable":true,"href":"https:\/\/anadolupet.com.tr\/en\/wp-json\/wp\/v2\/media\/44136"}],"wp:attachment":[{"href":"https:\/\/anadolupet.com.tr\/en\/wp-json\/wp\/v2\/media?parent=45492"}],"wp:term":[{"taxonomy":"product_brand","embeddable":true,"href":"https:\/\/anadolupet.com.tr\/en\/wp-json\/wp\/v2\/product_brand?post=45492"},{"taxonomy":"product_cat","embeddable":true,"href":"https:\/\/anadolupet.com.tr\/en\/wp-json\/wp\/v2\/product_cat?post=45492"},{"taxonomy":"product_tag","embeddable":true,"href":"https:\/\/anadolupet.com.tr\/en\/wp-json\/wp\/v2\/product_tag?post=45492"}],"curies":[{"name":"wp","href":"https:\/\/api.w.org\/{rel}","templated":true}]}}