{"id":45500,"date":"2026-02-14T14:41:47","date_gmt":"2026-02-14T14:41:47","guid":{"rendered":"https:\/\/anadolupet.com.tr\/urun\/hills-sp-tuy-yumagi-kontrolu-ve-mukemmel-tuyler-icin-tavuklu-yetiskin-kedi-mamasi-15kg\/"},"modified":"2026-02-23T12:48:58","modified_gmt":"2026-02-23T12:48:58","slug":"hills-sp-tuy-yumagi-kontrolu-ve-mukemmel-tuyler-icin-tavuklu-yetiskin-kedi-mamasi-15kg","status":"publish","type":"product","link":"https:\/\/anadolupet.com.tr\/en\/urun\/hills-sp-tuy-yumagi-kontrolu-ve-mukemmel-tuyler-icin-tavuklu-yetiskin-kedi-mamasi-15kg\/","title":{"rendered":"Hill&#8217;s SP T\u00fcy Yuma\u011f\u0131 Kontrol\u00fc ve M\u00fckemmel T\u00fcyler i\u00e7in Tavuklu Yeti\u015fkin Kedi Mamas\u0131 1,5KG"},"content":{"rendered":"","protected":false},"excerpt":{"rendered":"<p>Hill&#8217;s SCIENCE PLAN Hairball &#038; Perfect Coat Tavuklu Yeti\u015fkin Kedi Mamas\u0131, yeti\u015fkin kedilerde t\u00fcy yuma\u011f\u0131 olu\u015fumunun engellenmesine yard\u0131mc\u0131 olur ve t\u00fcylerinin g\u00fczelli\u011fini art\u0131r\u0131r. Hayati \u00f6neme sahip Omega-6&#8217;lardan bol miktarda i\u00e7eren bu mama, sa\u011fl\u0131kl\u0131 ve parlak deriyi ve k\u00fcrk\u00fc destekler. T\u00fcy yuma\u011f\u0131 \u00f6nleyici Geli\u015fmi\u015f Lif Teknolojimiz, t\u00fcy yumaklar\u0131n\u0131n ba\u011f\u0131rsaktan do\u011fal ge\u00e7i\u015fine yard\u0131mc\u0131 olarak bunlar\u0131 azalt\u0131r. Y\u00fcksek kaliteli protein ilave edilerek haz\u0131rlanan bu form\u00fcl, kedinizin genel sa\u011fl\u0131\u011f\u0131 i\u00e7in t\u00fcy yuma\u011f\u0131 kontrol\u00fc faydalar\u0131yla birlikte dengeli ve lezzetli bir \u00f6\u011f\u00fcn sa\u011flar.<br \/>\nHill&#8217;s SCIENCE PLAN kedi mamas\u0131, en iyi dostunuza m\u00fcmk\u00fcn olan en iyi ya\u015fam\u0131 sunmak i\u00e7in bilimin \u00f6nc\u00fcl\u00fck etti\u011fi %100 dengeli ve sa\u011fl\u0131kl\u0131 beslenmedir.<br \/>\n\u0130\u00c7\u0130NDEK\u0130LER: Tavuk ve hindi unu (tavuk %17; toplam k\u00fcmes hayvanlar\u0131 %26), m\u0131s\u0131r, m\u0131s\u0131r gl\u00fcten unu, k\u0131r\u0131k pirin\u00e7, hayvansal ya\u011f, sel\u00fcloz, bitkisel ya\u011f, mineraller, dijest, bezelye kepe\u011fi unu, bal\u0131k ya\u011f\u0131.<br \/>\nKG BA\u015eINA KATKI MADDELER\u0130: Besin katk\u0131 maddeleri: 3b103 (Demir) 57,7mg, 3b202 (\u0130yot) 1,4mg, 3b405 (Bak\u0131r) 5,7mg, 3b502 (Manganez) 6,0mg, 3b603 (\u00c7inko) 101mg, 3b801 (Selenyum) 0,1mg, do\u011fal anti-oksidan i\u00e7erir.<br \/>\nANAL\u0130T\u0130K B\u0130LE\u015eENLER: Protein %30,8, Ya\u011f i\u00e7eri\u011fi %18,5, Ham sel\u00fcloz %7,7, Ham k\u00fcl %4,9, Omega-6 ya\u011f asitleri %3,5, Kalsiyum %0,73, Fosfor %0,62, Sodyum %0,30, Potasyum %0,72, Magnezyum %0,06; kg ba\u015f\u0131na: Vitamin A 8.366IU, Vitamin D3 712IU, Vitamin E 845mg, Vitamin C 100mg, Beta-karoten 2,6mg.<br \/>\nHill&#8217;s Science Plan HAIRBALL &#038; PERFECT COAT TAVUKLU YET\u0130\u015eK\u0130N KED\u0130 MAMASI, 1 ya\u015f \u00fczeri yeti\u015fkin kediler i\u00e7in eksiksiz, tam bir evcil hayvan mamas\u0131d\u0131r.<br \/>\nFAYDALI \u0130PU\u00c7LARI<br \/>\n\u2022 Mama miktarlar\u0131n\u0131 ayarlarken ideal kiloyu korumay\u0131 g\u00f6z \u00f6n\u00fcnde bulundurun. Emin de\u011filseniz veterinerinize sorun.<br \/>\n\u2022 Bu mama yeni mi? 7 g\u00fcnl\u00fck bir s\u00fcre boyunca eski mama miktar\u0131n\u0131 bir kar\u0131\u015f\u0131m i\u00e7erisinde kademeli olarak azalt\u0131p yeni mamay\u0131 kademeli olarak art\u0131r\u0131n.<br \/>\n\u2022 Temiz ve taze suyu daima haz\u0131r bulundurun.<br \/>\n\u2022 Evcil hayvanlar\u0131n beslenme ihtiya\u00e7lar\u0131 ya\u015fland\u0131k\u00e7a de\u011fi\u015febilir. Her muayenede veterinerinize sorun.<br \/>\n\u2022 Bo\u011fulmay\u0131 \u00f6nlemek i\u00e7in, mama ambalaj\u0131n\u0131 evcil hayvanlar\u0131n ve \u00e7ocuklar\u0131n eri\u015femeyece\u011fi bir yerde saklay\u0131n.<\/p>","protected":false},"featured_media":44199,"comment_status":"open","ping_status":"closed","template":"","meta":{"_acf_changed":false},"product_brand":[],"product_cat":[2442],"product_tag":[],"class_list":{"0":"post-45500","1":"product","2":"type-product","3":"status-publish","4":"has-post-thumbnail","6":"product_cat-yetiskin-kedi-mamalari","8":"first","9":"instock","10":"shipping-taxable","11":"product-type-simple"},"acf":[],"yoast_head":"<!-- This site is optimized with the Yoast SEO plugin v27.4 - https:\/\/yoast.com\/product\/yoast-seo-wordpress\/ -->\n<title>Hill&#039;s SP T\u00fcy Yuma\u011f\u0131 Kontrol\u00fc ve M\u00fckemmel T\u00fcyler i\u00e7in Tavuklu Yeti\u015fkin Kedi Mamas\u0131 1,5KG - Anadolu Pet Grup<\/title>\n<meta name=\"robots\" content=\"index, follow, max-snippet:-1, max-image-preview:large, max-video-preview:-1\" \/>\n<link rel=\"canonical\" href=\"https:\/\/anadolupet.com.tr\/en\/product\/hills-sp-tuy-yumagi-kontrolu-ve-mukemmel-tuyler-icin-tavuklu-yetiskin-kedi-mamasi-15kg\/\" \/>\n<meta property=\"og:locale\" content=\"en_US\" \/>\n<meta property=\"og:type\" content=\"article\" \/>\n<meta property=\"og:title\" content=\"Hill&#039;s SP T\u00fcy Yuma\u011f\u0131 Kontrol\u00fc ve M\u00fckemmel T\u00fcyler i\u00e7in Tavuklu Yeti\u015fkin Kedi Mamas\u0131 1,5KG - Anadolu Pet Grup\" \/>\n<meta property=\"og:description\" content=\"Hill&#039;s SCIENCE PLAN Hairball &amp; Perfect Coat Tavuklu Yeti\u015fkin Kedi Mamas\u0131, yeti\u015fkin kedilerde t\u00fcy yuma\u011f\u0131 olu\u015fumunun engellenmesine yard\u0131mc\u0131 olur ve t\u00fcylerinin g\u00fczelli\u011fini art\u0131r\u0131r. Hayati \u00f6neme sahip Omega-6&#039;lardan bol miktarda i\u00e7eren bu mama, sa\u011fl\u0131kl\u0131 ve parlak deriyi ve k\u00fcrk\u00fc destekler. T\u00fcy yuma\u011f\u0131 \u00f6nleyici Geli\u015fmi\u015f Lif Teknolojimiz, t\u00fcy yumaklar\u0131n\u0131n ba\u011f\u0131rsaktan do\u011fal ge\u00e7i\u015fine yard\u0131mc\u0131 olarak bunlar\u0131 azalt\u0131r. Y\u00fcksek kaliteli protein ilave edilerek haz\u0131rlanan bu form\u00fcl, kedinizin genel sa\u011fl\u0131\u011f\u0131 i\u00e7in t\u00fcy yuma\u011f\u0131 kontrol\u00fc faydalar\u0131yla birlikte dengeli ve lezzetli bir \u00f6\u011f\u00fcn sa\u011flar. Hill&#039;s SCIENCE PLAN kedi mamas\u0131, en iyi dostunuza m\u00fcmk\u00fcn olan en iyi ya\u015fam\u0131 sunmak i\u00e7in bilimin \u00f6nc\u00fcl\u00fck etti\u011fi %100 dengeli ve sa\u011fl\u0131kl\u0131 beslenmedir. \u0130\u00c7\u0130NDEK\u0130LER: Tavuk ve hindi unu (tavuk %17; toplam k\u00fcmes hayvanlar\u0131 %26), m\u0131s\u0131r, m\u0131s\u0131r gl\u00fcten unu, k\u0131r\u0131k pirin\u00e7, hayvansal ya\u011f, sel\u00fcloz, bitkisel ya\u011f, mineraller, dijest, bezelye kepe\u011fi unu, bal\u0131k ya\u011f\u0131. KG BA\u015eINA KATKI MADDELER\u0130: Besin katk\u0131 maddeleri: 3b103 (Demir) 57,7mg, 3b202 (\u0130yot) 1,4mg, 3b405 (Bak\u0131r) 5,7mg, 3b502 (Manganez) 6,0mg, 3b603 (\u00c7inko) 101mg, 3b801 (Selenyum) 0,1mg, do\u011fal anti-oksidan i\u00e7erir. ANAL\u0130T\u0130K B\u0130LE\u015eENLER: Protein %30,8, Ya\u011f i\u00e7eri\u011fi %18,5, Ham sel\u00fcloz %7,7, Ham k\u00fcl %4,9, Omega-6 ya\u011f asitleri %3,5, Kalsiyum %0,73, Fosfor %0,62, Sodyum %0,30, Potasyum %0,72, Magnezyum %0,06; kg ba\u015f\u0131na: Vitamin A 8.366IU, Vitamin D3 712IU, Vitamin E 845mg, Vitamin C 100mg, Beta-karoten 2,6mg. Hill&#039;s Science Plan HAIRBALL &amp; PERFECT COAT TAVUKLU YET\u0130\u015eK\u0130N KED\u0130 MAMASI, 1 ya\u015f \u00fczeri yeti\u015fkin kediler i\u00e7in eksiksiz, tam bir evcil hayvan mamas\u0131d\u0131r. FAYDALI \u0130PU\u00c7LARI \u2022 Mama miktarlar\u0131n\u0131 ayarlarken ideal kiloyu korumay\u0131 g\u00f6z \u00f6n\u00fcnde bulundurun. Emin de\u011filseniz veterinerinize sorun. \u2022 Bu mama yeni mi? 7 g\u00fcnl\u00fck bir s\u00fcre boyunca eski mama miktar\u0131n\u0131 bir kar\u0131\u015f\u0131m i\u00e7erisinde kademeli olarak azalt\u0131p yeni mamay\u0131 kademeli olarak art\u0131r\u0131n. \u2022 Temiz ve taze suyu daima haz\u0131r bulundurun. \u2022 Evcil hayvanlar\u0131n beslenme ihtiya\u00e7lar\u0131 ya\u015fland\u0131k\u00e7a de\u011fi\u015febilir. Her muayenede veterinerinize sorun. \u2022 Bo\u011fulmay\u0131 \u00f6nlemek i\u00e7in, mama ambalaj\u0131n\u0131 evcil hayvanlar\u0131n ve \u00e7ocuklar\u0131n eri\u015femeyece\u011fi bir yerde saklay\u0131n.\" \/>\n<meta property=\"og:url\" content=\"https:\/\/anadolupet.com.tr\/en\/product\/hills-sp-tuy-yumagi-kontrolu-ve-mukemmel-tuyler-icin-tavuklu-yetiskin-kedi-mamasi-15kg\/\" \/>\n<meta property=\"og:site_name\" content=\"Anadolu Pet Grup\" \/>\n<meta property=\"article:modified_time\" content=\"2026-02-23T12:48:58+00:00\" \/>\n<meta property=\"og:image\" content=\"https:\/\/anadolupet.com.tr\/wp-content\/uploads\/2026\/02\/610-608547-BPR.jpg\" \/>\n\t<meta property=\"og:image:width\" content=\"750\" \/>\n\t<meta property=\"og:image:height\" content=\"750\" \/>\n\t<meta property=\"og:image:type\" content=\"image\/jpeg\" \/>\n<meta name=\"twitter:card\" content=\"summary_large_image\" \/>\n<script type=\"application\/ld+json\" class=\"yoast-schema-graph\">{\"@context\":\"https:\\\/\\\/schema.org\",\"@graph\":[{\"@type\":\"WebPage\",\"@id\":\"https:\\\/\\\/anadolupet.com.tr\\\/urun\\\/hills-sp-tuy-yumagi-kontrolu-ve-mukemmel-tuyler-icin-tavuklu-yetiskin-kedi-mamasi-15kg\\\/\",\"url\":\"https:\\\/\\\/anadolupet.com.tr\\\/urun\\\/hills-sp-tuy-yumagi-kontrolu-ve-mukemmel-tuyler-icin-tavuklu-yetiskin-kedi-mamasi-15kg\\\/\",\"name\":\"Hill's SP T\u00fcy Yuma\u011f\u0131 Kontrol\u00fc ve M\u00fckemmel T\u00fcyler i\u00e7in Tavuklu Yeti\u015fkin Kedi Mamas\u0131 1,5KG - Anadolu Pet Grup\",\"isPartOf\":{\"@id\":\"https:\\\/\\\/anadolupet.com.tr\\\/#website\"},\"primaryImageOfPage\":{\"@id\":\"https:\\\/\\\/anadolupet.com.tr\\\/urun\\\/hills-sp-tuy-yumagi-kontrolu-ve-mukemmel-tuyler-icin-tavuklu-yetiskin-kedi-mamasi-15kg\\\/#primaryimage\"},\"image\":{\"@id\":\"https:\\\/\\\/anadolupet.com.tr\\\/urun\\\/hills-sp-tuy-yumagi-kontrolu-ve-mukemmel-tuyler-icin-tavuklu-yetiskin-kedi-mamasi-15kg\\\/#primaryimage\"},\"thumbnailUrl\":\"https:\\\/\\\/anadolupet.com.tr\\\/wp-content\\\/uploads\\\/2026\\\/02\\\/610-608547-BPR.jpg\",\"datePublished\":\"2026-02-14T14:41:47+00:00\",\"dateModified\":\"2026-02-23T12:48:58+00:00\",\"breadcrumb\":{\"@id\":\"https:\\\/\\\/anadolupet.com.tr\\\/urun\\\/hills-sp-tuy-yumagi-kontrolu-ve-mukemmel-tuyler-icin-tavuklu-yetiskin-kedi-mamasi-15kg\\\/#breadcrumb\"},\"inLanguage\":\"en-US\",\"potentialAction\":[{\"@type\":\"ReadAction\",\"target\":[\"https:\\\/\\\/anadolupet.com.tr\\\/urun\\\/hills-sp-tuy-yumagi-kontrolu-ve-mukemmel-tuyler-icin-tavuklu-yetiskin-kedi-mamasi-15kg\\\/\"]}]},{\"@type\":\"ImageObject\",\"inLanguage\":\"en-US\",\"@id\":\"https:\\\/\\\/anadolupet.com.tr\\\/urun\\\/hills-sp-tuy-yumagi-kontrolu-ve-mukemmel-tuyler-icin-tavuklu-yetiskin-kedi-mamasi-15kg\\\/#primaryimage\",\"url\":\"https:\\\/\\\/anadolupet.com.tr\\\/wp-content\\\/uploads\\\/2026\\\/02\\\/610-608547-BPR.jpg\",\"contentUrl\":\"https:\\\/\\\/anadolupet.com.tr\\\/wp-content\\\/uploads\\\/2026\\\/02\\\/610-608547-BPR.jpg\",\"width\":750,\"height\":750},{\"@type\":\"BreadcrumbList\",\"@id\":\"https:\\\/\\\/anadolupet.com.tr\\\/urun\\\/hills-sp-tuy-yumagi-kontrolu-ve-mukemmel-tuyler-icin-tavuklu-yetiskin-kedi-mamasi-15kg\\\/#breadcrumb\",\"itemListElement\":[{\"@type\":\"ListItem\",\"position\":1,\"name\":\"Anasayfa\",\"item\":\"https:\\\/\\\/anadolupet.com.tr\\\/\"},{\"@type\":\"ListItem\",\"position\":2,\"name\":\"\u00dcr\u00fcnler\",\"item\":\"https:\\\/\\\/anadolupet.com.tr\\\/urunler\\\/\"},{\"@type\":\"ListItem\",\"position\":3,\"name\":\"Hill&#8217;s SP T\u00fcy Yuma\u011f\u0131 Kontrol\u00fc ve M\u00fckemmel T\u00fcyler i\u00e7in Tavuklu Yeti\u015fkin Kedi Mamas\u0131 1,5KG\"}]},{\"@type\":\"WebSite\",\"@id\":\"https:\\\/\\\/anadolupet.com.tr\\\/#website\",\"url\":\"https:\\\/\\\/anadolupet.com.tr\\\/\",\"name\":\"Anadolu Pet Grup\",\"description\":\"Her Can\u0131n \u0130yi Ya\u015fam\u0131 \u0130\u00e7in Biraraday\u0131z\",\"publisher\":{\"@id\":\"https:\\\/\\\/anadolupet.com.tr\\\/#organization\"},\"potentialAction\":[{\"@type\":\"SearchAction\",\"target\":{\"@type\":\"EntryPoint\",\"urlTemplate\":\"https:\\\/\\\/anadolupet.com.tr\\\/?s={search_term_string}\"},\"query-input\":{\"@type\":\"PropertyValueSpecification\",\"valueRequired\":true,\"valueName\":\"search_term_string\"}}],\"inLanguage\":\"en-US\"},{\"@type\":\"Organization\",\"@id\":\"https:\\\/\\\/anadolupet.com.tr\\\/#organization\",\"name\":\"Anadolu Pet Grup\",\"alternateName\":\"Anadolu Pet\",\"url\":\"https:\\\/\\\/anadolupet.com.tr\\\/\",\"logo\":{\"@type\":\"ImageObject\",\"inLanguage\":\"en-US\",\"@id\":\"https:\\\/\\\/anadolupet.com.tr\\\/#\\\/schema\\\/logo\\\/image\\\/\",\"url\":\"https:\\\/\\\/anadolupet.com.tr\\\/wp-content\\\/uploads\\\/2026\\\/03\\\/1614666743370.jpg\",\"contentUrl\":\"https:\\\/\\\/anadolupet.com.tr\\\/wp-content\\\/uploads\\\/2026\\\/03\\\/1614666743370.jpg\",\"width\":800,\"height\":571,\"caption\":\"Anadolu Pet Grup\"},\"image\":{\"@id\":\"https:\\\/\\\/anadolupet.com.tr\\\/#\\\/schema\\\/logo\\\/image\\\/\"}}]}<\/script>\n<!-- \/ Yoast SEO plugin. -->","yoast_head_json":{"title":"Hill's SP T\u00fcy Yuma\u011f\u0131 Kontrol\u00fc ve M\u00fckemmel T\u00fcyler i\u00e7in Tavuklu Yeti\u015fkin Kedi Mamas\u0131 1,5KG - Anadolu Pet Grup","robots":{"index":"index","follow":"follow","max-snippet":"max-snippet:-1","max-image-preview":"max-image-preview:large","max-video-preview":"max-video-preview:-1"},"canonical":"https:\/\/anadolupet.com.tr\/en\/product\/hills-sp-tuy-yumagi-kontrolu-ve-mukemmel-tuyler-icin-tavuklu-yetiskin-kedi-mamasi-15kg\/","og_locale":"en_US","og_type":"article","og_title":"Hill's SP T\u00fcy Yuma\u011f\u0131 Kontrol\u00fc ve M\u00fckemmel T\u00fcyler i\u00e7in Tavuklu Yeti\u015fkin Kedi Mamas\u0131 1,5KG - Anadolu Pet Grup","og_description":"Hill's SCIENCE PLAN Hairball & Perfect Coat Tavuklu Yeti\u015fkin Kedi Mamas\u0131, yeti\u015fkin kedilerde t\u00fcy yuma\u011f\u0131 olu\u015fumunun engellenmesine yard\u0131mc\u0131 olur ve t\u00fcylerinin g\u00fczelli\u011fini art\u0131r\u0131r. Hayati \u00f6neme sahip Omega-6'lardan bol miktarda i\u00e7eren bu mama, sa\u011fl\u0131kl\u0131 ve parlak deriyi ve k\u00fcrk\u00fc destekler. T\u00fcy yuma\u011f\u0131 \u00f6nleyici Geli\u015fmi\u015f Lif Teknolojimiz, t\u00fcy yumaklar\u0131n\u0131n ba\u011f\u0131rsaktan do\u011fal ge\u00e7i\u015fine yard\u0131mc\u0131 olarak bunlar\u0131 azalt\u0131r. Y\u00fcksek kaliteli protein ilave edilerek haz\u0131rlanan bu form\u00fcl, kedinizin genel sa\u011fl\u0131\u011f\u0131 i\u00e7in t\u00fcy yuma\u011f\u0131 kontrol\u00fc faydalar\u0131yla birlikte dengeli ve lezzetli bir \u00f6\u011f\u00fcn sa\u011flar. Hill's SCIENCE PLAN kedi mamas\u0131, en iyi dostunuza m\u00fcmk\u00fcn olan en iyi ya\u015fam\u0131 sunmak i\u00e7in bilimin \u00f6nc\u00fcl\u00fck etti\u011fi %100 dengeli ve sa\u011fl\u0131kl\u0131 beslenmedir. \u0130\u00c7\u0130NDEK\u0130LER: Tavuk ve hindi unu (tavuk %17; toplam k\u00fcmes hayvanlar\u0131 %26), m\u0131s\u0131r, m\u0131s\u0131r gl\u00fcten unu, k\u0131r\u0131k pirin\u00e7, hayvansal ya\u011f, sel\u00fcloz, bitkisel ya\u011f, mineraller, dijest, bezelye kepe\u011fi unu, bal\u0131k ya\u011f\u0131. KG BA\u015eINA KATKI MADDELER\u0130: Besin katk\u0131 maddeleri: 3b103 (Demir) 57,7mg, 3b202 (\u0130yot) 1,4mg, 3b405 (Bak\u0131r) 5,7mg, 3b502 (Manganez) 6,0mg, 3b603 (\u00c7inko) 101mg, 3b801 (Selenyum) 0,1mg, do\u011fal anti-oksidan i\u00e7erir. ANAL\u0130T\u0130K B\u0130LE\u015eENLER: Protein %30,8, Ya\u011f i\u00e7eri\u011fi %18,5, Ham sel\u00fcloz %7,7, Ham k\u00fcl %4,9, Omega-6 ya\u011f asitleri %3,5, Kalsiyum %0,73, Fosfor %0,62, Sodyum %0,30, Potasyum %0,72, Magnezyum %0,06; kg ba\u015f\u0131na: Vitamin A 8.366IU, Vitamin D3 712IU, Vitamin E 845mg, Vitamin C 100mg, Beta-karoten 2,6mg. Hill's Science Plan HAIRBALL & PERFECT COAT TAVUKLU YET\u0130\u015eK\u0130N KED\u0130 MAMASI, 1 ya\u015f \u00fczeri yeti\u015fkin kediler i\u00e7in eksiksiz, tam bir evcil hayvan mamas\u0131d\u0131r. FAYDALI \u0130PU\u00c7LARI \u2022 Mama miktarlar\u0131n\u0131 ayarlarken ideal kiloyu korumay\u0131 g\u00f6z \u00f6n\u00fcnde bulundurun. Emin de\u011filseniz veterinerinize sorun. \u2022 Bu mama yeni mi? 7 g\u00fcnl\u00fck bir s\u00fcre boyunca eski mama miktar\u0131n\u0131 bir kar\u0131\u015f\u0131m i\u00e7erisinde kademeli olarak azalt\u0131p yeni mamay\u0131 kademeli olarak art\u0131r\u0131n. \u2022 Temiz ve taze suyu daima haz\u0131r bulundurun. \u2022 Evcil hayvanlar\u0131n beslenme ihtiya\u00e7lar\u0131 ya\u015fland\u0131k\u00e7a de\u011fi\u015febilir. Her muayenede veterinerinize sorun. \u2022 Bo\u011fulmay\u0131 \u00f6nlemek i\u00e7in, mama ambalaj\u0131n\u0131 evcil hayvanlar\u0131n ve \u00e7ocuklar\u0131n eri\u015femeyece\u011fi bir yerde saklay\u0131n.","og_url":"https:\/\/anadolupet.com.tr\/en\/product\/hills-sp-tuy-yumagi-kontrolu-ve-mukemmel-tuyler-icin-tavuklu-yetiskin-kedi-mamasi-15kg\/","og_site_name":"Anadolu Pet Grup","article_modified_time":"2026-02-23T12:48:58+00:00","og_image":[{"width":750,"height":750,"url":"https:\/\/anadolupet.com.tr\/wp-content\/uploads\/2026\/02\/610-608547-BPR.jpg","type":"image\/jpeg"}],"twitter_card":"summary_large_image","schema":{"@context":"https:\/\/schema.org","@graph":[{"@type":"WebPage","@id":"https:\/\/anadolupet.com.tr\/urun\/hills-sp-tuy-yumagi-kontrolu-ve-mukemmel-tuyler-icin-tavuklu-yetiskin-kedi-mamasi-15kg\/","url":"https:\/\/anadolupet.com.tr\/urun\/hills-sp-tuy-yumagi-kontrolu-ve-mukemmel-tuyler-icin-tavuklu-yetiskin-kedi-mamasi-15kg\/","name":"Hill's SP T\u00fcy Yuma\u011f\u0131 Kontrol\u00fc ve M\u00fckemmel T\u00fcyler i\u00e7in Tavuklu Yeti\u015fkin Kedi Mamas\u0131 1,5KG - Anadolu Pet Grup","isPartOf":{"@id":"https:\/\/anadolupet.com.tr\/#website"},"primaryImageOfPage":{"@id":"https:\/\/anadolupet.com.tr\/urun\/hills-sp-tuy-yumagi-kontrolu-ve-mukemmel-tuyler-icin-tavuklu-yetiskin-kedi-mamasi-15kg\/#primaryimage"},"image":{"@id":"https:\/\/anadolupet.com.tr\/urun\/hills-sp-tuy-yumagi-kontrolu-ve-mukemmel-tuyler-icin-tavuklu-yetiskin-kedi-mamasi-15kg\/#primaryimage"},"thumbnailUrl":"https:\/\/anadolupet.com.tr\/wp-content\/uploads\/2026\/02\/610-608547-BPR.jpg","datePublished":"2026-02-14T14:41:47+00:00","dateModified":"2026-02-23T12:48:58+00:00","breadcrumb":{"@id":"https:\/\/anadolupet.com.tr\/urun\/hills-sp-tuy-yumagi-kontrolu-ve-mukemmel-tuyler-icin-tavuklu-yetiskin-kedi-mamasi-15kg\/#breadcrumb"},"inLanguage":"en-US","potentialAction":[{"@type":"ReadAction","target":["https:\/\/anadolupet.com.tr\/urun\/hills-sp-tuy-yumagi-kontrolu-ve-mukemmel-tuyler-icin-tavuklu-yetiskin-kedi-mamasi-15kg\/"]}]},{"@type":"ImageObject","inLanguage":"en-US","@id":"https:\/\/anadolupet.com.tr\/urun\/hills-sp-tuy-yumagi-kontrolu-ve-mukemmel-tuyler-icin-tavuklu-yetiskin-kedi-mamasi-15kg\/#primaryimage","url":"https:\/\/anadolupet.com.tr\/wp-content\/uploads\/2026\/02\/610-608547-BPR.jpg","contentUrl":"https:\/\/anadolupet.com.tr\/wp-content\/uploads\/2026\/02\/610-608547-BPR.jpg","width":750,"height":750},{"@type":"BreadcrumbList","@id":"https:\/\/anadolupet.com.tr\/urun\/hills-sp-tuy-yumagi-kontrolu-ve-mukemmel-tuyler-icin-tavuklu-yetiskin-kedi-mamasi-15kg\/#breadcrumb","itemListElement":[{"@type":"ListItem","position":1,"name":"Anasayfa","item":"https:\/\/anadolupet.com.tr\/"},{"@type":"ListItem","position":2,"name":"\u00dcr\u00fcnler","item":"https:\/\/anadolupet.com.tr\/urunler\/"},{"@type":"ListItem","position":3,"name":"Hill&#8217;s SP T\u00fcy Yuma\u011f\u0131 Kontrol\u00fc ve M\u00fckemmel T\u00fcyler i\u00e7in Tavuklu Yeti\u015fkin Kedi Mamas\u0131 1,5KG"}]},{"@type":"WebSite","@id":"https:\/\/anadolupet.com.tr\/#website","url":"https:\/\/anadolupet.com.tr\/","name":"Anadolu Pet Group","description":"We Stand Together for the Well-Being of Every Life","publisher":{"@id":"https:\/\/anadolupet.com.tr\/#organization"},"potentialAction":[{"@type":"SearchAction","target":{"@type":"EntryPoint","urlTemplate":"https:\/\/anadolupet.com.tr\/?s={search_term_string}"},"query-input":{"@type":"PropertyValueSpecification","valueRequired":true,"valueName":"search_term_string"}}],"inLanguage":"en-US"},{"@type":"Organization","@id":"https:\/\/anadolupet.com.tr\/#organization","name":"Anadolu Pet Group","alternateName":"Anadolu Pet","url":"https:\/\/anadolupet.com.tr\/","logo":{"@type":"ImageObject","inLanguage":"en-US","@id":"https:\/\/anadolupet.com.tr\/#\/schema\/logo\/image\/","url":"https:\/\/anadolupet.com.tr\/wp-content\/uploads\/2026\/03\/1614666743370.jpg","contentUrl":"https:\/\/anadolupet.com.tr\/wp-content\/uploads\/2026\/03\/1614666743370.jpg","width":800,"height":571,"caption":"Anadolu Pet Grup"},"image":{"@id":"https:\/\/anadolupet.com.tr\/#\/schema\/logo\/image\/"}}]}},"_links":{"self":[{"href":"https:\/\/anadolupet.com.tr\/en\/wp-json\/wp\/v2\/product\/45500","targetHints":{"allow":["GET"]}}],"collection":[{"href":"https:\/\/anadolupet.com.tr\/en\/wp-json\/wp\/v2\/product"}],"about":[{"href":"https:\/\/anadolupet.com.tr\/en\/wp-json\/wp\/v2\/types\/product"}],"replies":[{"embeddable":true,"href":"https:\/\/anadolupet.com.tr\/en\/wp-json\/wp\/v2\/comments?post=45500"}],"wp:featuredmedia":[{"embeddable":true,"href":"https:\/\/anadolupet.com.tr\/en\/wp-json\/wp\/v2\/media\/44199"}],"wp:attachment":[{"href":"https:\/\/anadolupet.com.tr\/en\/wp-json\/wp\/v2\/media?parent=45500"}],"wp:term":[{"taxonomy":"product_brand","embeddable":true,"href":"https:\/\/anadolupet.com.tr\/en\/wp-json\/wp\/v2\/product_brand?post=45500"},{"taxonomy":"product_cat","embeddable":true,"href":"https:\/\/anadolupet.com.tr\/en\/wp-json\/wp\/v2\/product_cat?post=45500"},{"taxonomy":"product_tag","embeddable":true,"href":"https:\/\/anadolupet.com.tr\/en\/wp-json\/wp\/v2\/product_tag?post=45500"}],"curies":[{"name":"wp","href":"https:\/\/api.w.org\/{rel}","templated":true}]}}