{"id":45501,"date":"2026-02-14T14:41:48","date_gmt":"2026-02-14T14:41:48","guid":{"rendered":"https:\/\/anadolupet.com.tr\/urun\/hills-sp-yavru-ve-anne-kediler-icin-tavuklu-hindili-yumusak-pure-konserve-24x85g\/"},"modified":"2026-02-23T12:48:58","modified_gmt":"2026-02-23T12:48:58","slug":"hills-sp-yavru-ve-anne-kediler-icin-tavuklu-hindili-yumusak-pure-konserve-24x85g","status":"publish","type":"product","link":"https:\/\/anadolupet.com.tr\/en\/urun\/hills-sp-yavru-ve-anne-kediler-icin-tavuklu-hindili-yumusak-pure-konserve-24x85g\/","title":{"rendered":"Hill&#8217;s SP Yavru ve Anne Kediler i\u00e7in Tavuklu &#038; Hindili Yumu\u015fak P\u00fcre Konserve 24x85G"},"content":{"rendered":"","protected":false},"excerpt":{"rendered":"<p>Hill&#8217;s Science Plan Kitten &#038; Mother Tender Mousse Tavuklu &#038; Hindili Kedi Konserve, kusursuz k\u0131vam\u0131yla yavru kediler ve hamile ya da emziren kediler i\u00e7in tam ve dengeli bir besindir. Ya\u015famlar\u0131n\u0131n ilk a\u015famas\u0131ndaki yavru kedilere ve emzirme d\u00f6nemindeki kedilere uygun miktarda enerji sa\u011flamak i\u00e7in besin i\u00e7eri\u011fi hassas bir \u015fekilde dengelenmi\u015ftir.<br \/>\nKullan\u0131m\u0131n\u0131n \u00d6nerildi\u011fi Durumlar<br \/>\nS\u00fctten kesilmi\u015f 1 ya\u015f\u0131na kadar yavru kediler ve hamile veya emziren kediler.<br \/>\nKullan\u0131m\u0131n\u0131n \u00d6nerilmedi\u011fi Durumlar<br \/>\nNormal enerji gereksinimlerinden daha y\u00fcksek olmad\u0131\u011f\u0131 s\u00fcrece yeti\u015fkin kediler i\u00e7in uzun s\u00fcreli kullan\u0131m.<br \/>\n\u0130\u00c7\u0130NDEK\u0130LER: Et ve hayvan t\u00fcrevleri (hindi 18%, tavuk 10%), tah\u0131llar, mineraller, s\u0131v\u0131 ve kat\u0131 ya\u011flar, \u00e7e\u015fitli \u015fekerler, bitkisel orjinli t\u00fcrevler, yumurta ve yumurta t\u00fcrevleri, tohumlar.<br \/>\nBESLEME TAL\u0130MATI: Mama miktarlar\u0131n\u0131 ayarlarken ideal kiloyu korumay\u0131 g\u00f6z \u00f6n\u00fcnde bulundurun. Emin de\u011filseniz veteriner hekiminize sorun. Bu mama yeni mi? 7 g\u00fcnl\u00fck bir s\u00fcre boyunca eski mama miktar\u0131n\u0131 bir kar\u0131\u015f\u0131m i\u00e7erisinde kademeli olarak azalt\u0131p yeni mamay\u0131 kademeli olarak art\u0131r\u0131n. Temiz ve taze suyu daima haz\u0131r bulundurun! Evcil hayvanlar\u0131n beslenme ihtiya\u00e7lar\u0131 ya\u015fland\u0131k\u00e7a de\u011fi\u015febilir. Her muayenede veteriner hekiminize sorun. Bo\u011fulmay\u0131 \u00f6nlemek i\u00e7in, mama ambalaj\u0131n\u0131 evcil hayvanlar\u0131n ve \u00e7ocuklar\u0131n eri\u015femeyece\u011fi bir yerde saklay\u0131n.<\/p>","protected":false},"featured_media":44237,"comment_status":"open","ping_status":"closed","template":"","meta":{"_acf_changed":false},"product_brand":[],"product_cat":[2464],"product_tag":[],"class_list":{"0":"post-45501","1":"product","2":"type-product","3":"status-publish","4":"has-post-thumbnail","6":"product_cat-yetiskin-kopek-mamalari","8":"first","9":"instock","10":"shipping-taxable","11":"product-type-simple"},"acf":[],"yoast_head":"<!-- This site is optimized with the Yoast SEO plugin v27.5 - https:\/\/yoast.com\/product\/yoast-seo-wordpress\/ -->\n<title>Hill&#039;s SP Yavru ve Anne Kediler i\u00e7in Tavuklu &amp; Hindili Yumu\u015fak P\u00fcre Konserve 24x85G - Anadolu Pet Grup<\/title>\n<meta name=\"robots\" content=\"index, follow, max-snippet:-1, max-image-preview:large, max-video-preview:-1\" \/>\n<link rel=\"canonical\" href=\"https:\/\/anadolupet.com.tr\/en\/product\/hills-sp-yavru-ve-anne-kediler-icin-tavuklu-hindili-yumusak-pure-konserve-24x85g\/\" \/>\n<meta property=\"og:locale\" content=\"en_US\" \/>\n<meta property=\"og:type\" content=\"article\" \/>\n<meta property=\"og:title\" content=\"Hill&#039;s SP Yavru ve Anne Kediler i\u00e7in Tavuklu &amp; Hindili Yumu\u015fak P\u00fcre Konserve 24x85G - Anadolu Pet Grup\" \/>\n<meta property=\"og:description\" content=\"Hill&#039;s Science Plan Kitten &amp; Mother Tender Mousse Tavuklu &amp; Hindili Kedi Konserve, kusursuz k\u0131vam\u0131yla yavru kediler ve hamile ya da emziren kediler i\u00e7in tam ve dengeli bir besindir. Ya\u015famlar\u0131n\u0131n ilk a\u015famas\u0131ndaki yavru kedilere ve emzirme d\u00f6nemindeki kedilere uygun miktarda enerji sa\u011flamak i\u00e7in besin i\u00e7eri\u011fi hassas bir \u015fekilde dengelenmi\u015ftir. Kullan\u0131m\u0131n\u0131n \u00d6nerildi\u011fi Durumlar S\u00fctten kesilmi\u015f 1 ya\u015f\u0131na kadar yavru kediler ve hamile veya emziren kediler. Kullan\u0131m\u0131n\u0131n \u00d6nerilmedi\u011fi Durumlar Normal enerji gereksinimlerinden daha y\u00fcksek olmad\u0131\u011f\u0131 s\u00fcrece yeti\u015fkin kediler i\u00e7in uzun s\u00fcreli kullan\u0131m. \u0130\u00c7\u0130NDEK\u0130LER: Et ve hayvan t\u00fcrevleri (hindi 18%, tavuk 10%), tah\u0131llar, mineraller, s\u0131v\u0131 ve kat\u0131 ya\u011flar, \u00e7e\u015fitli \u015fekerler, bitkisel orjinli t\u00fcrevler, yumurta ve yumurta t\u00fcrevleri, tohumlar. BESLEME TAL\u0130MATI: Mama miktarlar\u0131n\u0131 ayarlarken ideal kiloyu korumay\u0131 g\u00f6z \u00f6n\u00fcnde bulundurun. Emin de\u011filseniz veteriner hekiminize sorun. Bu mama yeni mi? 7 g\u00fcnl\u00fck bir s\u00fcre boyunca eski mama miktar\u0131n\u0131 bir kar\u0131\u015f\u0131m i\u00e7erisinde kademeli olarak azalt\u0131p yeni mamay\u0131 kademeli olarak art\u0131r\u0131n. Temiz ve taze suyu daima haz\u0131r bulundurun! Evcil hayvanlar\u0131n beslenme ihtiya\u00e7lar\u0131 ya\u015fland\u0131k\u00e7a de\u011fi\u015febilir. Her muayenede veteriner hekiminize sorun. Bo\u011fulmay\u0131 \u00f6nlemek i\u00e7in, mama ambalaj\u0131n\u0131 evcil hayvanlar\u0131n ve \u00e7ocuklar\u0131n eri\u015femeyece\u011fi bir yerde saklay\u0131n.\" \/>\n<meta property=\"og:url\" content=\"https:\/\/anadolupet.com.tr\/en\/product\/hills-sp-yavru-ve-anne-kediler-icin-tavuklu-hindili-yumusak-pure-konserve-24x85g\/\" \/>\n<meta property=\"og:site_name\" content=\"Anadolu Pet Grup\" \/>\n<meta property=\"article:modified_time\" content=\"2026-02-23T12:48:58+00:00\" \/>\n<meta property=\"og:image\" content=\"https:\/\/anadolupet.com.tr\/wp-content\/uploads\/2026\/02\/615-608528.jpg\" \/>\n\t<meta property=\"og:image:width\" content=\"750\" \/>\n\t<meta property=\"og:image:height\" content=\"750\" \/>\n\t<meta property=\"og:image:type\" content=\"image\/jpeg\" \/>\n<meta name=\"twitter:card\" content=\"summary_large_image\" \/>\n<script type=\"application\/ld+json\" class=\"yoast-schema-graph\">{\"@context\":\"https:\\\/\\\/schema.org\",\"@graph\":[{\"@type\":\"WebPage\",\"@id\":\"https:\\\/\\\/anadolupet.com.tr\\\/urun\\\/hills-sp-yavru-ve-anne-kediler-icin-tavuklu-hindili-yumusak-pure-konserve-24x85g\\\/\",\"url\":\"https:\\\/\\\/anadolupet.com.tr\\\/urun\\\/hills-sp-yavru-ve-anne-kediler-icin-tavuklu-hindili-yumusak-pure-konserve-24x85g\\\/\",\"name\":\"Hill's SP Yavru ve Anne Kediler i\u00e7in Tavuklu & Hindili Yumu\u015fak P\u00fcre Konserve 24x85G - Anadolu Pet Grup\",\"isPartOf\":{\"@id\":\"https:\\\/\\\/anadolupet.com.tr\\\/#website\"},\"primaryImageOfPage\":{\"@id\":\"https:\\\/\\\/anadolupet.com.tr\\\/urun\\\/hills-sp-yavru-ve-anne-kediler-icin-tavuklu-hindili-yumusak-pure-konserve-24x85g\\\/#primaryimage\"},\"image\":{\"@id\":\"https:\\\/\\\/anadolupet.com.tr\\\/urun\\\/hills-sp-yavru-ve-anne-kediler-icin-tavuklu-hindili-yumusak-pure-konserve-24x85g\\\/#primaryimage\"},\"thumbnailUrl\":\"https:\\\/\\\/anadolupet.com.tr\\\/wp-content\\\/uploads\\\/2026\\\/02\\\/615-608528.jpg\",\"datePublished\":\"2026-02-14T14:41:48+00:00\",\"dateModified\":\"2026-02-23T12:48:58+00:00\",\"breadcrumb\":{\"@id\":\"https:\\\/\\\/anadolupet.com.tr\\\/urun\\\/hills-sp-yavru-ve-anne-kediler-icin-tavuklu-hindili-yumusak-pure-konserve-24x85g\\\/#breadcrumb\"},\"inLanguage\":\"en-US\",\"potentialAction\":[{\"@type\":\"ReadAction\",\"target\":[\"https:\\\/\\\/anadolupet.com.tr\\\/urun\\\/hills-sp-yavru-ve-anne-kediler-icin-tavuklu-hindili-yumusak-pure-konserve-24x85g\\\/\"]}]},{\"@type\":\"ImageObject\",\"inLanguage\":\"en-US\",\"@id\":\"https:\\\/\\\/anadolupet.com.tr\\\/urun\\\/hills-sp-yavru-ve-anne-kediler-icin-tavuklu-hindili-yumusak-pure-konserve-24x85g\\\/#primaryimage\",\"url\":\"https:\\\/\\\/anadolupet.com.tr\\\/wp-content\\\/uploads\\\/2026\\\/02\\\/615-608528.jpg\",\"contentUrl\":\"https:\\\/\\\/anadolupet.com.tr\\\/wp-content\\\/uploads\\\/2026\\\/02\\\/615-608528.jpg\",\"width\":750,\"height\":750},{\"@type\":\"BreadcrumbList\",\"@id\":\"https:\\\/\\\/anadolupet.com.tr\\\/urun\\\/hills-sp-yavru-ve-anne-kediler-icin-tavuklu-hindili-yumusak-pure-konserve-24x85g\\\/#breadcrumb\",\"itemListElement\":[{\"@type\":\"ListItem\",\"position\":1,\"name\":\"Anasayfa\",\"item\":\"https:\\\/\\\/anadolupet.com.tr\\\/\"},{\"@type\":\"ListItem\",\"position\":2,\"name\":\"\u00dcr\u00fcnler\",\"item\":\"https:\\\/\\\/anadolupet.com.tr\\\/urunler\\\/\"},{\"@type\":\"ListItem\",\"position\":3,\"name\":\"Hill&#8217;s SP Yavru ve Anne Kediler i\u00e7in Tavuklu &#038; Hindili Yumu\u015fak P\u00fcre Konserve 24x85G\"}]},{\"@type\":\"WebSite\",\"@id\":\"https:\\\/\\\/anadolupet.com.tr\\\/#website\",\"url\":\"https:\\\/\\\/anadolupet.com.tr\\\/\",\"name\":\"Anadolu Pet Grup\",\"description\":\"Her Can\u0131n \u0130yi Ya\u015fam\u0131 \u0130\u00e7in Biraraday\u0131z\",\"publisher\":{\"@id\":\"https:\\\/\\\/anadolupet.com.tr\\\/#organization\"},\"potentialAction\":[{\"@type\":\"SearchAction\",\"target\":{\"@type\":\"EntryPoint\",\"urlTemplate\":\"https:\\\/\\\/anadolupet.com.tr\\\/?s={search_term_string}\"},\"query-input\":{\"@type\":\"PropertyValueSpecification\",\"valueRequired\":true,\"valueName\":\"search_term_string\"}}],\"inLanguage\":\"en-US\"},{\"@type\":\"Organization\",\"@id\":\"https:\\\/\\\/anadolupet.com.tr\\\/#organization\",\"name\":\"Anadolu Pet Grup\",\"alternateName\":\"Anadolu Pet\",\"url\":\"https:\\\/\\\/anadolupet.com.tr\\\/\",\"logo\":{\"@type\":\"ImageObject\",\"inLanguage\":\"en-US\",\"@id\":\"https:\\\/\\\/anadolupet.com.tr\\\/#\\\/schema\\\/logo\\\/image\\\/\",\"url\":\"https:\\\/\\\/anadolupet.com.tr\\\/wp-content\\\/uploads\\\/2026\\\/03\\\/1614666743370.jpg\",\"contentUrl\":\"https:\\\/\\\/anadolupet.com.tr\\\/wp-content\\\/uploads\\\/2026\\\/03\\\/1614666743370.jpg\",\"width\":800,\"height\":571,\"caption\":\"Anadolu Pet Grup\"},\"image\":{\"@id\":\"https:\\\/\\\/anadolupet.com.tr\\\/#\\\/schema\\\/logo\\\/image\\\/\"}}]}<\/script>\n<!-- \/ Yoast SEO plugin. -->","yoast_head_json":{"title":"Hill's SP Yavru ve Anne Kediler i\u00e7in Tavuklu & Hindili Yumu\u015fak P\u00fcre Konserve 24x85G - Anadolu Pet Grup","robots":{"index":"index","follow":"follow","max-snippet":"max-snippet:-1","max-image-preview":"max-image-preview:large","max-video-preview":"max-video-preview:-1"},"canonical":"https:\/\/anadolupet.com.tr\/en\/product\/hills-sp-yavru-ve-anne-kediler-icin-tavuklu-hindili-yumusak-pure-konserve-24x85g\/","og_locale":"en_US","og_type":"article","og_title":"Hill's SP Yavru ve Anne Kediler i\u00e7in Tavuklu & Hindili Yumu\u015fak P\u00fcre Konserve 24x85G - Anadolu Pet Grup","og_description":"Hill's Science Plan Kitten & Mother Tender Mousse Tavuklu & Hindili Kedi Konserve, kusursuz k\u0131vam\u0131yla yavru kediler ve hamile ya da emziren kediler i\u00e7in tam ve dengeli bir besindir. Ya\u015famlar\u0131n\u0131n ilk a\u015famas\u0131ndaki yavru kedilere ve emzirme d\u00f6nemindeki kedilere uygun miktarda enerji sa\u011flamak i\u00e7in besin i\u00e7eri\u011fi hassas bir \u015fekilde dengelenmi\u015ftir. Kullan\u0131m\u0131n\u0131n \u00d6nerildi\u011fi Durumlar S\u00fctten kesilmi\u015f 1 ya\u015f\u0131na kadar yavru kediler ve hamile veya emziren kediler. Kullan\u0131m\u0131n\u0131n \u00d6nerilmedi\u011fi Durumlar Normal enerji gereksinimlerinden daha y\u00fcksek olmad\u0131\u011f\u0131 s\u00fcrece yeti\u015fkin kediler i\u00e7in uzun s\u00fcreli kullan\u0131m. \u0130\u00c7\u0130NDEK\u0130LER: Et ve hayvan t\u00fcrevleri (hindi 18%, tavuk 10%), tah\u0131llar, mineraller, s\u0131v\u0131 ve kat\u0131 ya\u011flar, \u00e7e\u015fitli \u015fekerler, bitkisel orjinli t\u00fcrevler, yumurta ve yumurta t\u00fcrevleri, tohumlar. BESLEME TAL\u0130MATI: Mama miktarlar\u0131n\u0131 ayarlarken ideal kiloyu korumay\u0131 g\u00f6z \u00f6n\u00fcnde bulundurun. Emin de\u011filseniz veteriner hekiminize sorun. Bu mama yeni mi? 7 g\u00fcnl\u00fck bir s\u00fcre boyunca eski mama miktar\u0131n\u0131 bir kar\u0131\u015f\u0131m i\u00e7erisinde kademeli olarak azalt\u0131p yeni mamay\u0131 kademeli olarak art\u0131r\u0131n. Temiz ve taze suyu daima haz\u0131r bulundurun! Evcil hayvanlar\u0131n beslenme ihtiya\u00e7lar\u0131 ya\u015fland\u0131k\u00e7a de\u011fi\u015febilir. Her muayenede veteriner hekiminize sorun. Bo\u011fulmay\u0131 \u00f6nlemek i\u00e7in, mama ambalaj\u0131n\u0131 evcil hayvanlar\u0131n ve \u00e7ocuklar\u0131n eri\u015femeyece\u011fi bir yerde saklay\u0131n.","og_url":"https:\/\/anadolupet.com.tr\/en\/product\/hills-sp-yavru-ve-anne-kediler-icin-tavuklu-hindili-yumusak-pure-konserve-24x85g\/","og_site_name":"Anadolu Pet Grup","article_modified_time":"2026-02-23T12:48:58+00:00","og_image":[{"width":750,"height":750,"url":"https:\/\/anadolupet.com.tr\/wp-content\/uploads\/2026\/02\/615-608528.jpg","type":"image\/jpeg"}],"twitter_card":"summary_large_image","schema":{"@context":"https:\/\/schema.org","@graph":[{"@type":"WebPage","@id":"https:\/\/anadolupet.com.tr\/urun\/hills-sp-yavru-ve-anne-kediler-icin-tavuklu-hindili-yumusak-pure-konserve-24x85g\/","url":"https:\/\/anadolupet.com.tr\/urun\/hills-sp-yavru-ve-anne-kediler-icin-tavuklu-hindili-yumusak-pure-konserve-24x85g\/","name":"Hill's SP Yavru ve Anne Kediler i\u00e7in Tavuklu & Hindili Yumu\u015fak P\u00fcre Konserve 24x85G - Anadolu Pet Grup","isPartOf":{"@id":"https:\/\/anadolupet.com.tr\/#website"},"primaryImageOfPage":{"@id":"https:\/\/anadolupet.com.tr\/urun\/hills-sp-yavru-ve-anne-kediler-icin-tavuklu-hindili-yumusak-pure-konserve-24x85g\/#primaryimage"},"image":{"@id":"https:\/\/anadolupet.com.tr\/urun\/hills-sp-yavru-ve-anne-kediler-icin-tavuklu-hindili-yumusak-pure-konserve-24x85g\/#primaryimage"},"thumbnailUrl":"https:\/\/anadolupet.com.tr\/wp-content\/uploads\/2026\/02\/615-608528.jpg","datePublished":"2026-02-14T14:41:48+00:00","dateModified":"2026-02-23T12:48:58+00:00","breadcrumb":{"@id":"https:\/\/anadolupet.com.tr\/urun\/hills-sp-yavru-ve-anne-kediler-icin-tavuklu-hindili-yumusak-pure-konserve-24x85g\/#breadcrumb"},"inLanguage":"en-US","potentialAction":[{"@type":"ReadAction","target":["https:\/\/anadolupet.com.tr\/urun\/hills-sp-yavru-ve-anne-kediler-icin-tavuklu-hindili-yumusak-pure-konserve-24x85g\/"]}]},{"@type":"ImageObject","inLanguage":"en-US","@id":"https:\/\/anadolupet.com.tr\/urun\/hills-sp-yavru-ve-anne-kediler-icin-tavuklu-hindili-yumusak-pure-konserve-24x85g\/#primaryimage","url":"https:\/\/anadolupet.com.tr\/wp-content\/uploads\/2026\/02\/615-608528.jpg","contentUrl":"https:\/\/anadolupet.com.tr\/wp-content\/uploads\/2026\/02\/615-608528.jpg","width":750,"height":750},{"@type":"BreadcrumbList","@id":"https:\/\/anadolupet.com.tr\/urun\/hills-sp-yavru-ve-anne-kediler-icin-tavuklu-hindili-yumusak-pure-konserve-24x85g\/#breadcrumb","itemListElement":[{"@type":"ListItem","position":1,"name":"Anasayfa","item":"https:\/\/anadolupet.com.tr\/"},{"@type":"ListItem","position":2,"name":"\u00dcr\u00fcnler","item":"https:\/\/anadolupet.com.tr\/urunler\/"},{"@type":"ListItem","position":3,"name":"Hill&#8217;s SP Yavru ve Anne Kediler i\u00e7in Tavuklu &#038; Hindili Yumu\u015fak P\u00fcre Konserve 24x85G"}]},{"@type":"WebSite","@id":"https:\/\/anadolupet.com.tr\/#website","url":"https:\/\/anadolupet.com.tr\/","name":"Anadolu Pet Group","description":"We Stand Together for the Well-Being of Every Life","publisher":{"@id":"https:\/\/anadolupet.com.tr\/#organization"},"potentialAction":[{"@type":"SearchAction","target":{"@type":"EntryPoint","urlTemplate":"https:\/\/anadolupet.com.tr\/?s={search_term_string}"},"query-input":{"@type":"PropertyValueSpecification","valueRequired":true,"valueName":"search_term_string"}}],"inLanguage":"en-US"},{"@type":"Organization","@id":"https:\/\/anadolupet.com.tr\/#organization","name":"Anadolu Pet Group","alternateName":"Anadolu Pet","url":"https:\/\/anadolupet.com.tr\/","logo":{"@type":"ImageObject","inLanguage":"en-US","@id":"https:\/\/anadolupet.com.tr\/#\/schema\/logo\/image\/","url":"https:\/\/anadolupet.com.tr\/wp-content\/uploads\/2026\/03\/1614666743370.jpg","contentUrl":"https:\/\/anadolupet.com.tr\/wp-content\/uploads\/2026\/03\/1614666743370.jpg","width":800,"height":571,"caption":"Anadolu Pet Grup"},"image":{"@id":"https:\/\/anadolupet.com.tr\/#\/schema\/logo\/image\/"}}]}},"_links":{"self":[{"href":"https:\/\/anadolupet.com.tr\/en\/wp-json\/wp\/v2\/product\/45501","targetHints":{"allow":["GET"]}}],"collection":[{"href":"https:\/\/anadolupet.com.tr\/en\/wp-json\/wp\/v2\/product"}],"about":[{"href":"https:\/\/anadolupet.com.tr\/en\/wp-json\/wp\/v2\/types\/product"}],"replies":[{"embeddable":true,"href":"https:\/\/anadolupet.com.tr\/en\/wp-json\/wp\/v2\/comments?post=45501"}],"wp:featuredmedia":[{"embeddable":true,"href":"https:\/\/anadolupet.com.tr\/en\/wp-json\/wp\/v2\/media\/44237"}],"wp:attachment":[{"href":"https:\/\/anadolupet.com.tr\/en\/wp-json\/wp\/v2\/media?parent=45501"}],"wp:term":[{"taxonomy":"product_brand","embeddable":true,"href":"https:\/\/anadolupet.com.tr\/en\/wp-json\/wp\/v2\/product_brand?post=45501"},{"taxonomy":"product_cat","embeddable":true,"href":"https:\/\/anadolupet.com.tr\/en\/wp-json\/wp\/v2\/product_cat?post=45501"},{"taxonomy":"product_tag","embeddable":true,"href":"https:\/\/anadolupet.com.tr\/en\/wp-json\/wp\/v2\/product_tag?post=45501"}],"curies":[{"name":"wp","href":"https:\/\/api.w.org\/{rel}","templated":true}]}}