{"id":45503,"date":"2026-02-14T14:41:48","date_gmt":"2026-02-14T14:41:48","guid":{"rendered":"https:\/\/anadolupet.com.tr\/urun\/hills-ve-kuzulu-pirincli-kucuk-ve-mini-irk-yetiskin-kopek-mamasi-2kg\/"},"modified":"2026-02-23T12:48:58","modified_gmt":"2026-02-23T12:48:58","slug":"hills-ve-kuzulu-pirincli-kucuk-ve-mini-irk-yetiskin-kopek-mamasi-2kg","status":"publish","type":"product","link":"https:\/\/anadolupet.com.tr\/en\/urun\/hills-ve-kuzulu-pirincli-kucuk-ve-mini-irk-yetiskin-kopek-mamasi-2kg\/","title":{"rendered":"Hill&#8217;s VE Kuzulu &#038; Pirin\u00e7li K\u00fc\u00e7\u00fck ve Mini Irk Yeti\u015fkin K\u00f6pek Mamas\u0131 2KG"},"content":{"rendered":"","protected":false},"excerpt":{"rendered":"<p>Hill\u2019s VET ESSENTIALS MULTI-BENEFIT Yeti\u015fkin K\u00fc\u00e7\u00fck ve Mini Irk K\u00f6pekler i\u00e7in Kuzulu ve Pirin\u00e7li Kuru K\u00f6pek Mamas\u0131 birlikte daha mutlu ve sa\u011fl\u0131kl\u0131 g\u00fcnler i\u00e7in k\u00fc\u00e7\u00fck Irk k\u00f6pe\u011finizin Sindirim sistemi sa\u011fl\u0131\u011f\u0131n\u0131 destekleyen eksiksiz ve dengeli bir besindir. Yaln\u0131zca veterinerinizde sat\u0131lan Hill\u2019s VET ESSENTIALS MULTI-BENEFIT ile evcil hayvan\u0131n\u0131z\u0131n sa\u011fl\u0131\u011f\u0131n\u0131 iyile\u015ftirmeye yard\u0131mc\u0131 olmak i\u00e7in proaktif bir ad\u0131m at\u0131n.<br \/>\nEvcil hayvan\u0131n\u0131z\u0131n ya\u015fam\u0131n\u0131 d\u00f6n\u00fc\u015ft\u00fcrmeye yard\u0131mc\u0131 olan harika lezzetli mama. Size ba\u011fl\u0131 olduklar\u0131 i\u00e7in, onlara m\u00fcmk\u00fcn olan en iyi ve sa\u011fl\u0131kl\u0131 mamay\u0131 sa\u011flamaya \u00e7al\u0131\u015f\u0131yoruz. Hill&#8217;s VET ESSENTIALS, k\u00f6pe\u011finizin benzersiz sa\u011fl\u0131k ihtiya\u00e7lar\u0131n\u0131 kar\u015f\u0131layan bilim \u00f6ncelikli form\u00fcllerle, evcil hayvan\u0131n\u0131z\u0131n sa\u011fl\u0131\u011f\u0131n\u0131 basit tutman\u0131za yard\u0131mc\u0131 oluyor ve gelecekte ya\u015fanabilecek her yeni sorunun birlikte \u00fcstesinden gelme g\u00fcvenini sa\u011fl\u0131yor.<br \/>\nHerhangi bir yapay koruyucu i\u00e7ermez. Herhangi bir yapay renklendirici i\u00e7ermez. Herhangi bir yapay tatland\u0131r\u0131c\u0131 i\u00e7ermez.<br \/>\nK\u00d6PE\u011e\u0130N\u0130Z \u0130\u00c7\u0130N SEVG\u0130 \u0130LE \u00dcRET\u0130LEN \u00c7OK FAYDALI TAM BESLENME<br \/>\n\u00dcr\u00fcnlerimiz en kaliteli malzemelerle \u00fcretilmektedir. Bu malzemeler, safl\u0131k ve besin i\u00e7eri\u011fi konusundaki kat\u0131 kriterlerimizi kar\u015f\u0131lamal\u0131d\u0131r.<br \/>\nBar\u0131naklarda ya\u015fayan evcil hayvanlar\u0131n hayat\u0131nda bir fark yaratabilirsiniz. Sat\u0131n ald\u0131\u011f\u0131n\u0131z her bir Hill&#8217;s VET ESSENTIALS MULTI-BENEFIT mamayla, y\u0131l\u0131n 365 g\u00fcn\u00fc 100.000&#8217;den fazla evsiz hayvan\u0131n beslenmesine yard\u0131mc\u0131 olabilirsiniz. Daha fazlas\u0131n\u0131 https:\/\/www.hillspet.com\/shelter-program veya hillsfoodshelterlove.co.uk adresinden \u00f6\u011frenebilirsiniz.<br \/>\nHill&#8217;s VET ESSENTIALS MULTI-BENEFIT k\u00f6pek mamas\u0131, k\u00f6peklerin asla hay\u0131r diyemeyece\u011fi farkl\u0131 lezzetleri i\u00e7eren \u00e7e\u015fitli kuru ve \u0131slak mama formlar\u0131nda sunulmaktad\u0131r.<br \/>\n\u0130\u00c7\u0130NDEK\u0130LER: M\u0131s\u0131r, bu\u011fday, kuzu unu (%9), bira pirinci (%8), m\u0131s\u0131r gl\u00fcten unu, soya unu, hayvansal ya\u011f, dijest, bitkisel ya\u011f, keten tohumu, mineraller.<br \/>\nKG BA\u015eINA KATKI MADDELER\u0130: Besin katk\u0131 maddeleri: 3b103 (Demir) 87,9mg, 3b202 (\u0130yot) 2,2mg, 3b405 (Bak\u0131r) 8,7mg, 3b502 (Manganez) 9,1mg, 3b603 (\u00c7inko) 154mg, 3b801 (Selenyum) 0,2mg, do\u011fal anti-oksidan i\u00e7erir.<br \/>\nANAL\u0130T\u0130K B\u0130LE\u015eENLER: Protein %21,5, Ya\u011f i\u00e7eri\u011fi %14,2, Ham lif %1,6, Ham k\u00fcl %4,9, Omega-6 ya\u011f asitleri %3,6, Kalsiyum %0,79, Fosfor %0,64, Sodyum %0,28, Potasyum %0,64, Magnezyum %0,11; kg ba\u015f\u0131na: Vitamin A 8.480IU, Vitamin D3 700IU, Vitamin E 650mg, Vitamin C 90mg, Beta-karoten 1,5mg.<\/p>","protected":false},"featured_media":44427,"comment_status":"open","ping_status":"closed","template":"","meta":{"_acf_changed":false},"product_brand":[],"product_cat":[2464],"product_tag":[],"class_list":{"0":"post-45503","1":"product","2":"type-product","3":"status-publish","4":"has-post-thumbnail","6":"product_cat-yetiskin-kopek-mamalari","8":"first","9":"instock","10":"shipping-taxable","11":"product-type-simple"},"acf":[],"yoast_head":"<!-- This site is optimized with the Yoast SEO plugin v27.4 - https:\/\/yoast.com\/product\/yoast-seo-wordpress\/ -->\n<title>Hill&#039;s VE Kuzulu &amp; Pirin\u00e7li K\u00fc\u00e7\u00fck ve Mini Irk Yeti\u015fkin K\u00f6pek Mamas\u0131 2KG - Anadolu Pet Grup<\/title>\n<meta name=\"robots\" content=\"index, follow, max-snippet:-1, max-image-preview:large, max-video-preview:-1\" \/>\n<link rel=\"canonical\" href=\"https:\/\/anadolupet.com.tr\/en\/product\/hills-ve-kuzulu-pirincli-kucuk-ve-mini-irk-yetiskin-kopek-mamasi-2kg\/\" \/>\n<meta property=\"og:locale\" content=\"en_US\" \/>\n<meta property=\"og:type\" content=\"article\" \/>\n<meta property=\"og:title\" content=\"Hill&#039;s VE Kuzulu &amp; Pirin\u00e7li K\u00fc\u00e7\u00fck ve Mini Irk Yeti\u015fkin K\u00f6pek Mamas\u0131 2KG - Anadolu Pet Grup\" \/>\n<meta property=\"og:description\" content=\"Hill\u2019s VET ESSENTIALS MULTI-BENEFIT Yeti\u015fkin K\u00fc\u00e7\u00fck ve Mini Irk K\u00f6pekler i\u00e7in Kuzulu ve Pirin\u00e7li Kuru K\u00f6pek Mamas\u0131 birlikte daha mutlu ve sa\u011fl\u0131kl\u0131 g\u00fcnler i\u00e7in k\u00fc\u00e7\u00fck Irk k\u00f6pe\u011finizin Sindirim sistemi sa\u011fl\u0131\u011f\u0131n\u0131 destekleyen eksiksiz ve dengeli bir besindir. Yaln\u0131zca veterinerinizde sat\u0131lan Hill\u2019s VET ESSENTIALS MULTI-BENEFIT ile evcil hayvan\u0131n\u0131z\u0131n sa\u011fl\u0131\u011f\u0131n\u0131 iyile\u015ftirmeye yard\u0131mc\u0131 olmak i\u00e7in proaktif bir ad\u0131m at\u0131n. Evcil hayvan\u0131n\u0131z\u0131n ya\u015fam\u0131n\u0131 d\u00f6n\u00fc\u015ft\u00fcrmeye yard\u0131mc\u0131 olan harika lezzetli mama. Size ba\u011fl\u0131 olduklar\u0131 i\u00e7in, onlara m\u00fcmk\u00fcn olan en iyi ve sa\u011fl\u0131kl\u0131 mamay\u0131 sa\u011flamaya \u00e7al\u0131\u015f\u0131yoruz. Hill&#039;s VET ESSENTIALS, k\u00f6pe\u011finizin benzersiz sa\u011fl\u0131k ihtiya\u00e7lar\u0131n\u0131 kar\u015f\u0131layan bilim \u00f6ncelikli form\u00fcllerle, evcil hayvan\u0131n\u0131z\u0131n sa\u011fl\u0131\u011f\u0131n\u0131 basit tutman\u0131za yard\u0131mc\u0131 oluyor ve gelecekte ya\u015fanabilecek her yeni sorunun birlikte \u00fcstesinden gelme g\u00fcvenini sa\u011fl\u0131yor. Herhangi bir yapay koruyucu i\u00e7ermez. Herhangi bir yapay renklendirici i\u00e7ermez. Herhangi bir yapay tatland\u0131r\u0131c\u0131 i\u00e7ermez. K\u00d6PE\u011e\u0130N\u0130Z \u0130\u00c7\u0130N SEVG\u0130 \u0130LE \u00dcRET\u0130LEN \u00c7OK FAYDALI TAM BESLENME \u00dcr\u00fcnlerimiz en kaliteli malzemelerle \u00fcretilmektedir. Bu malzemeler, safl\u0131k ve besin i\u00e7eri\u011fi konusundaki kat\u0131 kriterlerimizi kar\u015f\u0131lamal\u0131d\u0131r. Bar\u0131naklarda ya\u015fayan evcil hayvanlar\u0131n hayat\u0131nda bir fark yaratabilirsiniz. Sat\u0131n ald\u0131\u011f\u0131n\u0131z her bir Hill&#039;s VET ESSENTIALS MULTI-BENEFIT mamayla, y\u0131l\u0131n 365 g\u00fcn\u00fc 100.000&#039;den fazla evsiz hayvan\u0131n beslenmesine yard\u0131mc\u0131 olabilirsiniz. Daha fazlas\u0131n\u0131 https:\/\/www.hillspet.com\/shelter-program veya hillsfoodshelterlove.co.uk adresinden \u00f6\u011frenebilirsiniz. Hill&#039;s VET ESSENTIALS MULTI-BENEFIT k\u00f6pek mamas\u0131, k\u00f6peklerin asla hay\u0131r diyemeyece\u011fi farkl\u0131 lezzetleri i\u00e7eren \u00e7e\u015fitli kuru ve \u0131slak mama formlar\u0131nda sunulmaktad\u0131r. \u0130\u00c7\u0130NDEK\u0130LER: M\u0131s\u0131r, bu\u011fday, kuzu unu (%9), bira pirinci (%8), m\u0131s\u0131r gl\u00fcten unu, soya unu, hayvansal ya\u011f, dijest, bitkisel ya\u011f, keten tohumu, mineraller. KG BA\u015eINA KATKI MADDELER\u0130: Besin katk\u0131 maddeleri: 3b103 (Demir) 87,9mg, 3b202 (\u0130yot) 2,2mg, 3b405 (Bak\u0131r) 8,7mg, 3b502 (Manganez) 9,1mg, 3b603 (\u00c7inko) 154mg, 3b801 (Selenyum) 0,2mg, do\u011fal anti-oksidan i\u00e7erir. ANAL\u0130T\u0130K B\u0130LE\u015eENLER: Protein %21,5, Ya\u011f i\u00e7eri\u011fi %14,2, Ham lif %1,6, Ham k\u00fcl %4,9, Omega-6 ya\u011f asitleri %3,6, Kalsiyum %0,79, Fosfor %0,64, Sodyum %0,28, Potasyum %0,64, Magnezyum %0,11; kg ba\u015f\u0131na: Vitamin A 8.480IU, Vitamin D3 700IU, Vitamin E 650mg, Vitamin C 90mg, Beta-karoten 1,5mg.\" \/>\n<meta property=\"og:url\" content=\"https:\/\/anadolupet.com.tr\/en\/product\/hills-ve-kuzulu-pirincli-kucuk-ve-mini-irk-yetiskin-kopek-mamasi-2kg\/\" \/>\n<meta property=\"og:site_name\" content=\"Anadolu Pet Grup\" \/>\n<meta property=\"article:modified_time\" content=\"2026-02-23T12:48:58+00:00\" \/>\n<meta property=\"og:image\" content=\"https:\/\/anadolupet.com.tr\/wp-content\/uploads\/2026\/02\/660-607490.jpg\" \/>\n\t<meta property=\"og:image:width\" content=\"750\" \/>\n\t<meta property=\"og:image:height\" content=\"750\" \/>\n\t<meta property=\"og:image:type\" content=\"image\/jpeg\" \/>\n<meta name=\"twitter:card\" content=\"summary_large_image\" \/>\n<script type=\"application\/ld+json\" class=\"yoast-schema-graph\">{\"@context\":\"https:\\\/\\\/schema.org\",\"@graph\":[{\"@type\":\"WebPage\",\"@id\":\"https:\\\/\\\/anadolupet.com.tr\\\/urun\\\/hills-ve-kuzulu-pirincli-kucuk-ve-mini-irk-yetiskin-kopek-mamasi-2kg\\\/\",\"url\":\"https:\\\/\\\/anadolupet.com.tr\\\/urun\\\/hills-ve-kuzulu-pirincli-kucuk-ve-mini-irk-yetiskin-kopek-mamasi-2kg\\\/\",\"name\":\"Hill's VE Kuzulu & Pirin\u00e7li K\u00fc\u00e7\u00fck ve Mini Irk Yeti\u015fkin K\u00f6pek Mamas\u0131 2KG - Anadolu Pet Grup\",\"isPartOf\":{\"@id\":\"https:\\\/\\\/anadolupet.com.tr\\\/#website\"},\"primaryImageOfPage\":{\"@id\":\"https:\\\/\\\/anadolupet.com.tr\\\/urun\\\/hills-ve-kuzulu-pirincli-kucuk-ve-mini-irk-yetiskin-kopek-mamasi-2kg\\\/#primaryimage\"},\"image\":{\"@id\":\"https:\\\/\\\/anadolupet.com.tr\\\/urun\\\/hills-ve-kuzulu-pirincli-kucuk-ve-mini-irk-yetiskin-kopek-mamasi-2kg\\\/#primaryimage\"},\"thumbnailUrl\":\"https:\\\/\\\/anadolupet.com.tr\\\/wp-content\\\/uploads\\\/2026\\\/02\\\/660-607490.jpg\",\"datePublished\":\"2026-02-14T14:41:48+00:00\",\"dateModified\":\"2026-02-23T12:48:58+00:00\",\"breadcrumb\":{\"@id\":\"https:\\\/\\\/anadolupet.com.tr\\\/urun\\\/hills-ve-kuzulu-pirincli-kucuk-ve-mini-irk-yetiskin-kopek-mamasi-2kg\\\/#breadcrumb\"},\"inLanguage\":\"en-US\",\"potentialAction\":[{\"@type\":\"ReadAction\",\"target\":[\"https:\\\/\\\/anadolupet.com.tr\\\/urun\\\/hills-ve-kuzulu-pirincli-kucuk-ve-mini-irk-yetiskin-kopek-mamasi-2kg\\\/\"]}]},{\"@type\":\"ImageObject\",\"inLanguage\":\"en-US\",\"@id\":\"https:\\\/\\\/anadolupet.com.tr\\\/urun\\\/hills-ve-kuzulu-pirincli-kucuk-ve-mini-irk-yetiskin-kopek-mamasi-2kg\\\/#primaryimage\",\"url\":\"https:\\\/\\\/anadolupet.com.tr\\\/wp-content\\\/uploads\\\/2026\\\/02\\\/660-607490.jpg\",\"contentUrl\":\"https:\\\/\\\/anadolupet.com.tr\\\/wp-content\\\/uploads\\\/2026\\\/02\\\/660-607490.jpg\",\"width\":750,\"height\":750},{\"@type\":\"BreadcrumbList\",\"@id\":\"https:\\\/\\\/anadolupet.com.tr\\\/urun\\\/hills-ve-kuzulu-pirincli-kucuk-ve-mini-irk-yetiskin-kopek-mamasi-2kg\\\/#breadcrumb\",\"itemListElement\":[{\"@type\":\"ListItem\",\"position\":1,\"name\":\"Anasayfa\",\"item\":\"https:\\\/\\\/anadolupet.com.tr\\\/\"},{\"@type\":\"ListItem\",\"position\":2,\"name\":\"\u00dcr\u00fcnler\",\"item\":\"https:\\\/\\\/anadolupet.com.tr\\\/urunler\\\/\"},{\"@type\":\"ListItem\",\"position\":3,\"name\":\"Hill&#8217;s VE Kuzulu &#038; Pirin\u00e7li K\u00fc\u00e7\u00fck ve Mini Irk Yeti\u015fkin K\u00f6pek Mamas\u0131 2KG\"}]},{\"@type\":\"WebSite\",\"@id\":\"https:\\\/\\\/anadolupet.com.tr\\\/#website\",\"url\":\"https:\\\/\\\/anadolupet.com.tr\\\/\",\"name\":\"Anadolu Pet Grup\",\"description\":\"Her Can\u0131n \u0130yi Ya\u015fam\u0131 \u0130\u00e7in Biraraday\u0131z\",\"publisher\":{\"@id\":\"https:\\\/\\\/anadolupet.com.tr\\\/#organization\"},\"potentialAction\":[{\"@type\":\"SearchAction\",\"target\":{\"@type\":\"EntryPoint\",\"urlTemplate\":\"https:\\\/\\\/anadolupet.com.tr\\\/?s={search_term_string}\"},\"query-input\":{\"@type\":\"PropertyValueSpecification\",\"valueRequired\":true,\"valueName\":\"search_term_string\"}}],\"inLanguage\":\"en-US\"},{\"@type\":\"Organization\",\"@id\":\"https:\\\/\\\/anadolupet.com.tr\\\/#organization\",\"name\":\"Anadolu Pet Grup\",\"alternateName\":\"Anadolu Pet\",\"url\":\"https:\\\/\\\/anadolupet.com.tr\\\/\",\"logo\":{\"@type\":\"ImageObject\",\"inLanguage\":\"en-US\",\"@id\":\"https:\\\/\\\/anadolupet.com.tr\\\/#\\\/schema\\\/logo\\\/image\\\/\",\"url\":\"https:\\\/\\\/anadolupet.com.tr\\\/wp-content\\\/uploads\\\/2026\\\/03\\\/1614666743370.jpg\",\"contentUrl\":\"https:\\\/\\\/anadolupet.com.tr\\\/wp-content\\\/uploads\\\/2026\\\/03\\\/1614666743370.jpg\",\"width\":800,\"height\":571,\"caption\":\"Anadolu Pet Grup\"},\"image\":{\"@id\":\"https:\\\/\\\/anadolupet.com.tr\\\/#\\\/schema\\\/logo\\\/image\\\/\"}}]}<\/script>\n<!-- \/ Yoast SEO plugin. -->","yoast_head_json":{"title":"Hill's VE Kuzulu & Pirin\u00e7li K\u00fc\u00e7\u00fck ve Mini Irk Yeti\u015fkin K\u00f6pek Mamas\u0131 2KG - Anadolu Pet Grup","robots":{"index":"index","follow":"follow","max-snippet":"max-snippet:-1","max-image-preview":"max-image-preview:large","max-video-preview":"max-video-preview:-1"},"canonical":"https:\/\/anadolupet.com.tr\/en\/product\/hills-ve-kuzulu-pirincli-kucuk-ve-mini-irk-yetiskin-kopek-mamasi-2kg\/","og_locale":"en_US","og_type":"article","og_title":"Hill's VE Kuzulu & Pirin\u00e7li K\u00fc\u00e7\u00fck ve Mini Irk Yeti\u015fkin K\u00f6pek Mamas\u0131 2KG - Anadolu Pet Grup","og_description":"Hill\u2019s VET ESSENTIALS MULTI-BENEFIT Yeti\u015fkin K\u00fc\u00e7\u00fck ve Mini Irk K\u00f6pekler i\u00e7in Kuzulu ve Pirin\u00e7li Kuru K\u00f6pek Mamas\u0131 birlikte daha mutlu ve sa\u011fl\u0131kl\u0131 g\u00fcnler i\u00e7in k\u00fc\u00e7\u00fck Irk k\u00f6pe\u011finizin Sindirim sistemi sa\u011fl\u0131\u011f\u0131n\u0131 destekleyen eksiksiz ve dengeli bir besindir. Yaln\u0131zca veterinerinizde sat\u0131lan Hill\u2019s VET ESSENTIALS MULTI-BENEFIT ile evcil hayvan\u0131n\u0131z\u0131n sa\u011fl\u0131\u011f\u0131n\u0131 iyile\u015ftirmeye yard\u0131mc\u0131 olmak i\u00e7in proaktif bir ad\u0131m at\u0131n. Evcil hayvan\u0131n\u0131z\u0131n ya\u015fam\u0131n\u0131 d\u00f6n\u00fc\u015ft\u00fcrmeye yard\u0131mc\u0131 olan harika lezzetli mama. Size ba\u011fl\u0131 olduklar\u0131 i\u00e7in, onlara m\u00fcmk\u00fcn olan en iyi ve sa\u011fl\u0131kl\u0131 mamay\u0131 sa\u011flamaya \u00e7al\u0131\u015f\u0131yoruz. Hill's VET ESSENTIALS, k\u00f6pe\u011finizin benzersiz sa\u011fl\u0131k ihtiya\u00e7lar\u0131n\u0131 kar\u015f\u0131layan bilim \u00f6ncelikli form\u00fcllerle, evcil hayvan\u0131n\u0131z\u0131n sa\u011fl\u0131\u011f\u0131n\u0131 basit tutman\u0131za yard\u0131mc\u0131 oluyor ve gelecekte ya\u015fanabilecek her yeni sorunun birlikte \u00fcstesinden gelme g\u00fcvenini sa\u011fl\u0131yor. Herhangi bir yapay koruyucu i\u00e7ermez. Herhangi bir yapay renklendirici i\u00e7ermez. Herhangi bir yapay tatland\u0131r\u0131c\u0131 i\u00e7ermez. K\u00d6PE\u011e\u0130N\u0130Z \u0130\u00c7\u0130N SEVG\u0130 \u0130LE \u00dcRET\u0130LEN \u00c7OK FAYDALI TAM BESLENME \u00dcr\u00fcnlerimiz en kaliteli malzemelerle \u00fcretilmektedir. Bu malzemeler, safl\u0131k ve besin i\u00e7eri\u011fi konusundaki kat\u0131 kriterlerimizi kar\u015f\u0131lamal\u0131d\u0131r. Bar\u0131naklarda ya\u015fayan evcil hayvanlar\u0131n hayat\u0131nda bir fark yaratabilirsiniz. Sat\u0131n ald\u0131\u011f\u0131n\u0131z her bir Hill's VET ESSENTIALS MULTI-BENEFIT mamayla, y\u0131l\u0131n 365 g\u00fcn\u00fc 100.000'den fazla evsiz hayvan\u0131n beslenmesine yard\u0131mc\u0131 olabilirsiniz. Daha fazlas\u0131n\u0131 https:\/\/www.hillspet.com\/shelter-program veya hillsfoodshelterlove.co.uk adresinden \u00f6\u011frenebilirsiniz. Hill's VET ESSENTIALS MULTI-BENEFIT k\u00f6pek mamas\u0131, k\u00f6peklerin asla hay\u0131r diyemeyece\u011fi farkl\u0131 lezzetleri i\u00e7eren \u00e7e\u015fitli kuru ve \u0131slak mama formlar\u0131nda sunulmaktad\u0131r. \u0130\u00c7\u0130NDEK\u0130LER: M\u0131s\u0131r, bu\u011fday, kuzu unu (%9), bira pirinci (%8), m\u0131s\u0131r gl\u00fcten unu, soya unu, hayvansal ya\u011f, dijest, bitkisel ya\u011f, keten tohumu, mineraller. KG BA\u015eINA KATKI MADDELER\u0130: Besin katk\u0131 maddeleri: 3b103 (Demir) 87,9mg, 3b202 (\u0130yot) 2,2mg, 3b405 (Bak\u0131r) 8,7mg, 3b502 (Manganez) 9,1mg, 3b603 (\u00c7inko) 154mg, 3b801 (Selenyum) 0,2mg, do\u011fal anti-oksidan i\u00e7erir. ANAL\u0130T\u0130K B\u0130LE\u015eENLER: Protein %21,5, Ya\u011f i\u00e7eri\u011fi %14,2, Ham lif %1,6, Ham k\u00fcl %4,9, Omega-6 ya\u011f asitleri %3,6, Kalsiyum %0,79, Fosfor %0,64, Sodyum %0,28, Potasyum %0,64, Magnezyum %0,11; kg ba\u015f\u0131na: Vitamin A 8.480IU, Vitamin D3 700IU, Vitamin E 650mg, Vitamin C 90mg, Beta-karoten 1,5mg.","og_url":"https:\/\/anadolupet.com.tr\/en\/product\/hills-ve-kuzulu-pirincli-kucuk-ve-mini-irk-yetiskin-kopek-mamasi-2kg\/","og_site_name":"Anadolu Pet Grup","article_modified_time":"2026-02-23T12:48:58+00:00","og_image":[{"width":750,"height":750,"url":"https:\/\/anadolupet.com.tr\/wp-content\/uploads\/2026\/02\/660-607490.jpg","type":"image\/jpeg"}],"twitter_card":"summary_large_image","schema":{"@context":"https:\/\/schema.org","@graph":[{"@type":"WebPage","@id":"https:\/\/anadolupet.com.tr\/urun\/hills-ve-kuzulu-pirincli-kucuk-ve-mini-irk-yetiskin-kopek-mamasi-2kg\/","url":"https:\/\/anadolupet.com.tr\/urun\/hills-ve-kuzulu-pirincli-kucuk-ve-mini-irk-yetiskin-kopek-mamasi-2kg\/","name":"Hill's VE Kuzulu & Pirin\u00e7li K\u00fc\u00e7\u00fck ve Mini Irk Yeti\u015fkin K\u00f6pek Mamas\u0131 2KG - Anadolu Pet Grup","isPartOf":{"@id":"https:\/\/anadolupet.com.tr\/#website"},"primaryImageOfPage":{"@id":"https:\/\/anadolupet.com.tr\/urun\/hills-ve-kuzulu-pirincli-kucuk-ve-mini-irk-yetiskin-kopek-mamasi-2kg\/#primaryimage"},"image":{"@id":"https:\/\/anadolupet.com.tr\/urun\/hills-ve-kuzulu-pirincli-kucuk-ve-mini-irk-yetiskin-kopek-mamasi-2kg\/#primaryimage"},"thumbnailUrl":"https:\/\/anadolupet.com.tr\/wp-content\/uploads\/2026\/02\/660-607490.jpg","datePublished":"2026-02-14T14:41:48+00:00","dateModified":"2026-02-23T12:48:58+00:00","breadcrumb":{"@id":"https:\/\/anadolupet.com.tr\/urun\/hills-ve-kuzulu-pirincli-kucuk-ve-mini-irk-yetiskin-kopek-mamasi-2kg\/#breadcrumb"},"inLanguage":"en-US","potentialAction":[{"@type":"ReadAction","target":["https:\/\/anadolupet.com.tr\/urun\/hills-ve-kuzulu-pirincli-kucuk-ve-mini-irk-yetiskin-kopek-mamasi-2kg\/"]}]},{"@type":"ImageObject","inLanguage":"en-US","@id":"https:\/\/anadolupet.com.tr\/urun\/hills-ve-kuzulu-pirincli-kucuk-ve-mini-irk-yetiskin-kopek-mamasi-2kg\/#primaryimage","url":"https:\/\/anadolupet.com.tr\/wp-content\/uploads\/2026\/02\/660-607490.jpg","contentUrl":"https:\/\/anadolupet.com.tr\/wp-content\/uploads\/2026\/02\/660-607490.jpg","width":750,"height":750},{"@type":"BreadcrumbList","@id":"https:\/\/anadolupet.com.tr\/urun\/hills-ve-kuzulu-pirincli-kucuk-ve-mini-irk-yetiskin-kopek-mamasi-2kg\/#breadcrumb","itemListElement":[{"@type":"ListItem","position":1,"name":"Anasayfa","item":"https:\/\/anadolupet.com.tr\/"},{"@type":"ListItem","position":2,"name":"\u00dcr\u00fcnler","item":"https:\/\/anadolupet.com.tr\/urunler\/"},{"@type":"ListItem","position":3,"name":"Hill&#8217;s VE Kuzulu &#038; Pirin\u00e7li K\u00fc\u00e7\u00fck ve Mini Irk Yeti\u015fkin K\u00f6pek Mamas\u0131 2KG"}]},{"@type":"WebSite","@id":"https:\/\/anadolupet.com.tr\/#website","url":"https:\/\/anadolupet.com.tr\/","name":"Anadolu Pet Group","description":"We Stand Together for the Well-Being of Every Life","publisher":{"@id":"https:\/\/anadolupet.com.tr\/#organization"},"potentialAction":[{"@type":"SearchAction","target":{"@type":"EntryPoint","urlTemplate":"https:\/\/anadolupet.com.tr\/?s={search_term_string}"},"query-input":{"@type":"PropertyValueSpecification","valueRequired":true,"valueName":"search_term_string"}}],"inLanguage":"en-US"},{"@type":"Organization","@id":"https:\/\/anadolupet.com.tr\/#organization","name":"Anadolu Pet Group","alternateName":"Anadolu Pet","url":"https:\/\/anadolupet.com.tr\/","logo":{"@type":"ImageObject","inLanguage":"en-US","@id":"https:\/\/anadolupet.com.tr\/#\/schema\/logo\/image\/","url":"https:\/\/anadolupet.com.tr\/wp-content\/uploads\/2026\/03\/1614666743370.jpg","contentUrl":"https:\/\/anadolupet.com.tr\/wp-content\/uploads\/2026\/03\/1614666743370.jpg","width":800,"height":571,"caption":"Anadolu Pet Grup"},"image":{"@id":"https:\/\/anadolupet.com.tr\/#\/schema\/logo\/image\/"}}]}},"_links":{"self":[{"href":"https:\/\/anadolupet.com.tr\/en\/wp-json\/wp\/v2\/product\/45503","targetHints":{"allow":["GET"]}}],"collection":[{"href":"https:\/\/anadolupet.com.tr\/en\/wp-json\/wp\/v2\/product"}],"about":[{"href":"https:\/\/anadolupet.com.tr\/en\/wp-json\/wp\/v2\/types\/product"}],"replies":[{"embeddable":true,"href":"https:\/\/anadolupet.com.tr\/en\/wp-json\/wp\/v2\/comments?post=45503"}],"wp:featuredmedia":[{"embeddable":true,"href":"https:\/\/anadolupet.com.tr\/en\/wp-json\/wp\/v2\/media\/44427"}],"wp:attachment":[{"href":"https:\/\/anadolupet.com.tr\/en\/wp-json\/wp\/v2\/media?parent=45503"}],"wp:term":[{"taxonomy":"product_brand","embeddable":true,"href":"https:\/\/anadolupet.com.tr\/en\/wp-json\/wp\/v2\/product_brand?post=45503"},{"taxonomy":"product_cat","embeddable":true,"href":"https:\/\/anadolupet.com.tr\/en\/wp-json\/wp\/v2\/product_cat?post=45503"},{"taxonomy":"product_tag","embeddable":true,"href":"https:\/\/anadolupet.com.tr\/en\/wp-json\/wp\/v2\/product_tag?post=45503"}],"curies":[{"name":"wp","href":"https:\/\/api.w.org\/{rel}","templated":true}]}}