{"id":45507,"date":"2026-02-14T14:41:48","date_gmt":"2026-02-14T14:41:48","guid":{"rendered":"https:\/\/anadolupet.com.tr\/urun\/hills-ve-tahilsiz-ton-balikli-ve-patatesli-orta-irk-yetiskin-kopek-mamasi-10kg\/"},"modified":"2026-02-23T12:48:58","modified_gmt":"2026-02-23T12:48:58","slug":"hills-ve-tahilsiz-ton-balikli-ve-patatesli-orta-irk-yetiskin-kopek-mamasi-10kg","status":"publish","type":"product","link":"https:\/\/anadolupet.com.tr\/en\/urun\/hills-ve-tahilsiz-ton-balikli-ve-patatesli-orta-irk-yetiskin-kopek-mamasi-10kg\/","title":{"rendered":"Hill&#8217;s VE Tah\u0131ls\u0131z Ton Bal\u0131kl\u0131 ve Patatesli Orta Irk Yeti\u015fkin K\u00f6pek Mamas\u0131 10KG"},"content":{"rendered":"","protected":false},"excerpt":{"rendered":"<p>Hill\u2019s VET ESSENTIALS MULTI-BENEFIT NO GRAIN Ton Bal\u0131kl\u0131 Yeti\u015fkin Orta Cins K\u00f6pek Mamas\u0131 birlikte ge\u00e7ecek mutlu ve sa\u011fl\u0131kl\u0131 g\u00fcnler i\u00e7in k\u00f6pe\u011finizin kalbini, mesanesini ve sindirim sa\u011fl\u0131\u011f\u0131n\u0131 desteklemek amac\u0131yla tah\u0131l i\u00e7ermeden form\u00fcle edilmi\u015f tam ve dengeli, \u00e7ok y\u00f6nl\u00fc bir mamad\u0131r. Yaln\u0131zca veterinerinizde sat\u0131lan Hill\u2019s VET ESSENTIALS MULTI-BENEFIT ile evcil hayvan\u0131n\u0131z\u0131n sa\u011fl\u0131\u011f\u0131n\u0131 iyile\u015ftirmeye yard\u0131mc\u0131 olmak i\u00e7in proaktif bir ad\u0131m at\u0131n.<br \/>\nEvcil hayvan\u0131n\u0131z\u0131n ya\u015fam\u0131n\u0131 d\u00f6n\u00fc\u015ft\u00fcrmeye yard\u0131mc\u0131 olan harika lezzetli mama. Size ba\u011fl\u0131 olduklar\u0131 i\u00e7in, onlara m\u00fcmk\u00fcn olan en iyi ve sa\u011fl\u0131kl\u0131 mamay\u0131 sa\u011flamaya \u00e7al\u0131\u015f\u0131yoruz. Hill&#8217;s VET ESSENTIALS, k\u00f6pe\u011finizin benzersiz sa\u011fl\u0131k ihtiya\u00e7lar\u0131n\u0131 kar\u015f\u0131layan bilim \u00f6ncelikli form\u00fcllerle, evcil hayvan\u0131n\u0131z\u0131n sa\u011fl\u0131\u011f\u0131n\u0131 basit tutman\u0131za yard\u0131mc\u0131 oluyor ve gelecekte ya\u015fanabilecek her yeni sorunun birlikte \u00fcstesinden gelme g\u00fcvenini sa\u011fl\u0131yor.<br \/>\nHerhangi bir yapay koruyucu i\u00e7ermez. Herhangi bir yapay renklendirici i\u00e7ermez. Herhangi bir yapay tatland\u0131r\u0131c\u0131 i\u00e7ermez.<br \/>\nK\u00d6PE\u011e\u0130N\u0130Z \u0130\u00c7\u0130N SEVG\u0130 \u0130LE \u00dcRET\u0130LEN \u00c7OK FAYDALI TAM BESLENME.<br \/>\n\u00dcr\u00fcnlerimiz en kaliteli malzemelerle \u00fcretilmektedir. Bu malzemeler, safl\u0131k ve besin i\u00e7eri\u011fi konusundaki kat\u0131 kriterlerimizi kar\u015f\u0131lamal\u0131d\u0131r.<br \/>\nHill&#8217;s VET ESSENTIALS MULTI-BENEFIT k\u00f6pek mamas\u0131, k\u00f6peklerin asla hay\u0131r diyemeyece\u011fi farkl\u0131 lezzetleri i\u00e7eren \u00e7e\u015fitli kuru ve \u0131slak mama formlar\u0131nda sunulmaktad\u0131r.<br \/>\nTon Bal\u0131kl\u0131 ve Patatesli<br \/>\nKG BA\u015eINA KATKI MADDELER\u0130: Besin katk\u0131 maddeleri: 3b103 (Demir) 78,1mg, 3b202 (\u0130yot) 1,9mg, 3b405 (Bak\u0131r) 7,7mg, 3b502 (Manganez) 8,1mg, 3b603 (\u00c7inko) 137mg, 3b801 (Selenyum) 0,2mg, do\u011fal anti-oksidan i\u00e7erir.<br \/>\nANAL\u0130T\u0130K B\u0130LE\u015eENLER: Protein %21,8, Ya\u011f i\u00e7eri\u011fi %15,7, Ham lif %2,8, Ham k\u00fcl %5,1, Omega-6 ya\u011f asitleri %2,6, Kalsiyum %0,91, Fosfor %0,69, Sodyum %0,27, Potasyum %0,75, Magnezyum %0,08; kg ba\u015f\u0131na: Vitamin A 8.650IU, Vitamin D3 730IU, Vitamin E 730mg, Vitamin C 115mg, Beta-karoten 1,5mg, Taurin 1.667mg.<br \/>\nHill&#8217;s VET ESSENTIALS Multi-Benefit No Grain Yeti\u015fkin Orta Irk Ton Bal\u0131kl\u0131 ve Patatesli K\u00f6pek Mamas\u0131, 1-6 ya\u015f aras\u0131 orta Irk yeti\u015fkin k\u00f6pekler i\u00e7in tah\u0131l i\u00e7ermeyen \u00e7ok faydal\u0131, komple bir evcil hayvan mamas\u0131d\u0131r. Enerji, protein, vitamin ve minerallerin beslenme a\u00e7\u0131s\u0131ndan hassas bir dengesini sa\u011flar.<br \/>\nFAYDALI \u0130PU\u00c7LARI:<br \/>\nMama miktarlar\u0131n\u0131 ayarlarken ideal kiloyu korumay\u0131 g\u00f6z \u00f6n\u00fcnde bulundurun. Emin de\u011filseniz veterinerinize sorun.<br \/>\nBu mama yeni mi? 7 g\u00fcnl\u00fck bir s\u00fcre boyunca eski mama miktar\u0131n\u0131 bir kar\u0131\u015f\u0131m i\u00e7erisinde kademeli olarak azalt\u0131p yeni mamay\u0131 kademeli olarak art\u0131r\u0131n.<br \/>\nTemiz ve taze suyu daima haz\u0131r bulundurun!<br \/>\nEvcil hayvan\u0131n\u0131z\u0131n beslenme ihtiya\u00e7lar\u0131 ya\u015fland\u0131k\u00e7a de\u011fi\u015febilir. Her muayenede veterinerinize sorun.<br \/>\nBo\u011fulmay\u0131 \u00f6nlemek i\u00e7in, mama paketini evcil hayvanlar\u0131n ve \u00e7ocuklar\u0131n eri\u015femeyece\u011fi bir yerde saklay\u0131n.<\/p>","protected":false},"featured_media":44425,"comment_status":"open","ping_status":"closed","template":"","meta":{"_acf_changed":false},"product_brand":[],"product_cat":[2464],"product_tag":[],"class_list":{"0":"post-45507","1":"product","2":"type-product","3":"status-publish","4":"has-post-thumbnail","6":"product_cat-yetiskin-kopek-mamalari","8":"first","9":"instock","10":"shipping-taxable","11":"product-type-simple"},"acf":[],"yoast_head":"<!-- This site is optimized with the Yoast SEO plugin v27.5 - https:\/\/yoast.com\/product\/yoast-seo-wordpress\/ -->\n<title>Hill&#039;s VE Tah\u0131ls\u0131z Ton Bal\u0131kl\u0131 ve Patatesli Orta Irk Yeti\u015fkin K\u00f6pek Mamas\u0131 10KG - Anadolu Pet Grup<\/title>\n<meta name=\"robots\" content=\"index, follow, max-snippet:-1, max-image-preview:large, max-video-preview:-1\" \/>\n<link rel=\"canonical\" href=\"https:\/\/anadolupet.com.tr\/en\/product\/hills-ve-tahilsiz-ton-balikli-ve-patatesli-orta-irk-yetiskin-kopek-mamasi-10kg\/\" \/>\n<meta property=\"og:locale\" content=\"en_US\" \/>\n<meta property=\"og:type\" content=\"article\" \/>\n<meta property=\"og:title\" content=\"Hill&#039;s VE Tah\u0131ls\u0131z Ton Bal\u0131kl\u0131 ve Patatesli Orta Irk Yeti\u015fkin K\u00f6pek Mamas\u0131 10KG - Anadolu Pet Grup\" \/>\n<meta property=\"og:description\" content=\"Hill\u2019s VET ESSENTIALS MULTI-BENEFIT NO GRAIN Ton Bal\u0131kl\u0131 Yeti\u015fkin Orta Cins K\u00f6pek Mamas\u0131 birlikte ge\u00e7ecek mutlu ve sa\u011fl\u0131kl\u0131 g\u00fcnler i\u00e7in k\u00f6pe\u011finizin kalbini, mesanesini ve sindirim sa\u011fl\u0131\u011f\u0131n\u0131 desteklemek amac\u0131yla tah\u0131l i\u00e7ermeden form\u00fcle edilmi\u015f tam ve dengeli, \u00e7ok y\u00f6nl\u00fc bir mamad\u0131r. Yaln\u0131zca veterinerinizde sat\u0131lan Hill\u2019s VET ESSENTIALS MULTI-BENEFIT ile evcil hayvan\u0131n\u0131z\u0131n sa\u011fl\u0131\u011f\u0131n\u0131 iyile\u015ftirmeye yard\u0131mc\u0131 olmak i\u00e7in proaktif bir ad\u0131m at\u0131n. Evcil hayvan\u0131n\u0131z\u0131n ya\u015fam\u0131n\u0131 d\u00f6n\u00fc\u015ft\u00fcrmeye yard\u0131mc\u0131 olan harika lezzetli mama. Size ba\u011fl\u0131 olduklar\u0131 i\u00e7in, onlara m\u00fcmk\u00fcn olan en iyi ve sa\u011fl\u0131kl\u0131 mamay\u0131 sa\u011flamaya \u00e7al\u0131\u015f\u0131yoruz. Hill&#039;s VET ESSENTIALS, k\u00f6pe\u011finizin benzersiz sa\u011fl\u0131k ihtiya\u00e7lar\u0131n\u0131 kar\u015f\u0131layan bilim \u00f6ncelikli form\u00fcllerle, evcil hayvan\u0131n\u0131z\u0131n sa\u011fl\u0131\u011f\u0131n\u0131 basit tutman\u0131za yard\u0131mc\u0131 oluyor ve gelecekte ya\u015fanabilecek her yeni sorunun birlikte \u00fcstesinden gelme g\u00fcvenini sa\u011fl\u0131yor. Herhangi bir yapay koruyucu i\u00e7ermez. Herhangi bir yapay renklendirici i\u00e7ermez. Herhangi bir yapay tatland\u0131r\u0131c\u0131 i\u00e7ermez. K\u00d6PE\u011e\u0130N\u0130Z \u0130\u00c7\u0130N SEVG\u0130 \u0130LE \u00dcRET\u0130LEN \u00c7OK FAYDALI TAM BESLENME. \u00dcr\u00fcnlerimiz en kaliteli malzemelerle \u00fcretilmektedir. Bu malzemeler, safl\u0131k ve besin i\u00e7eri\u011fi konusundaki kat\u0131 kriterlerimizi kar\u015f\u0131lamal\u0131d\u0131r. Hill&#039;s VET ESSENTIALS MULTI-BENEFIT k\u00f6pek mamas\u0131, k\u00f6peklerin asla hay\u0131r diyemeyece\u011fi farkl\u0131 lezzetleri i\u00e7eren \u00e7e\u015fitli kuru ve \u0131slak mama formlar\u0131nda sunulmaktad\u0131r. Ton Bal\u0131kl\u0131 ve Patatesli KG BA\u015eINA KATKI MADDELER\u0130: Besin katk\u0131 maddeleri: 3b103 (Demir) 78,1mg, 3b202 (\u0130yot) 1,9mg, 3b405 (Bak\u0131r) 7,7mg, 3b502 (Manganez) 8,1mg, 3b603 (\u00c7inko) 137mg, 3b801 (Selenyum) 0,2mg, do\u011fal anti-oksidan i\u00e7erir. ANAL\u0130T\u0130K B\u0130LE\u015eENLER: Protein %21,8, Ya\u011f i\u00e7eri\u011fi %15,7, Ham lif %2,8, Ham k\u00fcl %5,1, Omega-6 ya\u011f asitleri %2,6, Kalsiyum %0,91, Fosfor %0,69, Sodyum %0,27, Potasyum %0,75, Magnezyum %0,08; kg ba\u015f\u0131na: Vitamin A 8.650IU, Vitamin D3 730IU, Vitamin E 730mg, Vitamin C 115mg, Beta-karoten 1,5mg, Taurin 1.667mg. Hill&#039;s VET ESSENTIALS Multi-Benefit No Grain Yeti\u015fkin Orta Irk Ton Bal\u0131kl\u0131 ve Patatesli K\u00f6pek Mamas\u0131, 1-6 ya\u015f aras\u0131 orta Irk yeti\u015fkin k\u00f6pekler i\u00e7in tah\u0131l i\u00e7ermeyen \u00e7ok faydal\u0131, komple bir evcil hayvan mamas\u0131d\u0131r. Enerji, protein, vitamin ve minerallerin beslenme a\u00e7\u0131s\u0131ndan hassas bir dengesini sa\u011flar. FAYDALI \u0130PU\u00c7LARI: Mama miktarlar\u0131n\u0131 ayarlarken ideal kiloyu korumay\u0131 g\u00f6z \u00f6n\u00fcnde bulundurun. Emin de\u011filseniz veterinerinize sorun. Bu mama yeni mi? 7 g\u00fcnl\u00fck bir s\u00fcre boyunca eski mama miktar\u0131n\u0131 bir kar\u0131\u015f\u0131m i\u00e7erisinde kademeli olarak azalt\u0131p yeni mamay\u0131 kademeli olarak art\u0131r\u0131n. Temiz ve taze suyu daima haz\u0131r bulundurun! Evcil hayvan\u0131n\u0131z\u0131n beslenme ihtiya\u00e7lar\u0131 ya\u015fland\u0131k\u00e7a de\u011fi\u015febilir. Her muayenede veterinerinize sorun. Bo\u011fulmay\u0131 \u00f6nlemek i\u00e7in, mama paketini evcil hayvanlar\u0131n ve \u00e7ocuklar\u0131n eri\u015femeyece\u011fi bir yerde saklay\u0131n.\" \/>\n<meta property=\"og:url\" content=\"https:\/\/anadolupet.com.tr\/en\/product\/hills-ve-tahilsiz-ton-balikli-ve-patatesli-orta-irk-yetiskin-kopek-mamasi-10kg\/\" \/>\n<meta property=\"og:site_name\" content=\"Anadolu Pet Grup\" \/>\n<meta property=\"article:modified_time\" content=\"2026-02-23T12:48:58+00:00\" \/>\n<meta property=\"og:image\" content=\"https:\/\/anadolupet.com.tr\/wp-content\/uploads\/2026\/02\/660-607429.jpg\" \/>\n\t<meta property=\"og:image:width\" content=\"750\" \/>\n\t<meta property=\"og:image:height\" content=\"750\" \/>\n\t<meta property=\"og:image:type\" content=\"image\/jpeg\" \/>\n<meta name=\"twitter:card\" content=\"summary_large_image\" \/>\n<script type=\"application\/ld+json\" class=\"yoast-schema-graph\">{\"@context\":\"https:\\\/\\\/schema.org\",\"@graph\":[{\"@type\":\"WebPage\",\"@id\":\"https:\\\/\\\/anadolupet.com.tr\\\/urun\\\/hills-ve-tahilsiz-ton-balikli-ve-patatesli-orta-irk-yetiskin-kopek-mamasi-10kg\\\/\",\"url\":\"https:\\\/\\\/anadolupet.com.tr\\\/urun\\\/hills-ve-tahilsiz-ton-balikli-ve-patatesli-orta-irk-yetiskin-kopek-mamasi-10kg\\\/\",\"name\":\"Hill's VE Tah\u0131ls\u0131z Ton Bal\u0131kl\u0131 ve Patatesli Orta Irk Yeti\u015fkin K\u00f6pek Mamas\u0131 10KG - Anadolu Pet Grup\",\"isPartOf\":{\"@id\":\"https:\\\/\\\/anadolupet.com.tr\\\/#website\"},\"primaryImageOfPage\":{\"@id\":\"https:\\\/\\\/anadolupet.com.tr\\\/urun\\\/hills-ve-tahilsiz-ton-balikli-ve-patatesli-orta-irk-yetiskin-kopek-mamasi-10kg\\\/#primaryimage\"},\"image\":{\"@id\":\"https:\\\/\\\/anadolupet.com.tr\\\/urun\\\/hills-ve-tahilsiz-ton-balikli-ve-patatesli-orta-irk-yetiskin-kopek-mamasi-10kg\\\/#primaryimage\"},\"thumbnailUrl\":\"https:\\\/\\\/anadolupet.com.tr\\\/wp-content\\\/uploads\\\/2026\\\/02\\\/660-607429.jpg\",\"datePublished\":\"2026-02-14T14:41:48+00:00\",\"dateModified\":\"2026-02-23T12:48:58+00:00\",\"breadcrumb\":{\"@id\":\"https:\\\/\\\/anadolupet.com.tr\\\/urun\\\/hills-ve-tahilsiz-ton-balikli-ve-patatesli-orta-irk-yetiskin-kopek-mamasi-10kg\\\/#breadcrumb\"},\"inLanguage\":\"en-US\",\"potentialAction\":[{\"@type\":\"ReadAction\",\"target\":[\"https:\\\/\\\/anadolupet.com.tr\\\/urun\\\/hills-ve-tahilsiz-ton-balikli-ve-patatesli-orta-irk-yetiskin-kopek-mamasi-10kg\\\/\"]}]},{\"@type\":\"ImageObject\",\"inLanguage\":\"en-US\",\"@id\":\"https:\\\/\\\/anadolupet.com.tr\\\/urun\\\/hills-ve-tahilsiz-ton-balikli-ve-patatesli-orta-irk-yetiskin-kopek-mamasi-10kg\\\/#primaryimage\",\"url\":\"https:\\\/\\\/anadolupet.com.tr\\\/wp-content\\\/uploads\\\/2026\\\/02\\\/660-607429.jpg\",\"contentUrl\":\"https:\\\/\\\/anadolupet.com.tr\\\/wp-content\\\/uploads\\\/2026\\\/02\\\/660-607429.jpg\",\"width\":750,\"height\":750},{\"@type\":\"BreadcrumbList\",\"@id\":\"https:\\\/\\\/anadolupet.com.tr\\\/urun\\\/hills-ve-tahilsiz-ton-balikli-ve-patatesli-orta-irk-yetiskin-kopek-mamasi-10kg\\\/#breadcrumb\",\"itemListElement\":[{\"@type\":\"ListItem\",\"position\":1,\"name\":\"Anasayfa\",\"item\":\"https:\\\/\\\/anadolupet.com.tr\\\/\"},{\"@type\":\"ListItem\",\"position\":2,\"name\":\"\u00dcr\u00fcnler\",\"item\":\"https:\\\/\\\/anadolupet.com.tr\\\/urunler\\\/\"},{\"@type\":\"ListItem\",\"position\":3,\"name\":\"Hill&#8217;s VE Tah\u0131ls\u0131z Ton Bal\u0131kl\u0131 ve Patatesli Orta Irk Yeti\u015fkin K\u00f6pek Mamas\u0131 10KG\"}]},{\"@type\":\"WebSite\",\"@id\":\"https:\\\/\\\/anadolupet.com.tr\\\/#website\",\"url\":\"https:\\\/\\\/anadolupet.com.tr\\\/\",\"name\":\"Anadolu Pet Grup\",\"description\":\"Her Can\u0131n \u0130yi Ya\u015fam\u0131 \u0130\u00e7in Biraraday\u0131z\",\"publisher\":{\"@id\":\"https:\\\/\\\/anadolupet.com.tr\\\/#organization\"},\"potentialAction\":[{\"@type\":\"SearchAction\",\"target\":{\"@type\":\"EntryPoint\",\"urlTemplate\":\"https:\\\/\\\/anadolupet.com.tr\\\/?s={search_term_string}\"},\"query-input\":{\"@type\":\"PropertyValueSpecification\",\"valueRequired\":true,\"valueName\":\"search_term_string\"}}],\"inLanguage\":\"en-US\"},{\"@type\":\"Organization\",\"@id\":\"https:\\\/\\\/anadolupet.com.tr\\\/#organization\",\"name\":\"Anadolu Pet Grup\",\"alternateName\":\"Anadolu Pet\",\"url\":\"https:\\\/\\\/anadolupet.com.tr\\\/\",\"logo\":{\"@type\":\"ImageObject\",\"inLanguage\":\"en-US\",\"@id\":\"https:\\\/\\\/anadolupet.com.tr\\\/#\\\/schema\\\/logo\\\/image\\\/\",\"url\":\"https:\\\/\\\/anadolupet.com.tr\\\/wp-content\\\/uploads\\\/2026\\\/03\\\/1614666743370.jpg\",\"contentUrl\":\"https:\\\/\\\/anadolupet.com.tr\\\/wp-content\\\/uploads\\\/2026\\\/03\\\/1614666743370.jpg\",\"width\":800,\"height\":571,\"caption\":\"Anadolu Pet Grup\"},\"image\":{\"@id\":\"https:\\\/\\\/anadolupet.com.tr\\\/#\\\/schema\\\/logo\\\/image\\\/\"}}]}<\/script>\n<!-- \/ Yoast SEO plugin. -->","yoast_head_json":{"title":"Hill's VE Tah\u0131ls\u0131z Ton Bal\u0131kl\u0131 ve Patatesli Orta Irk Yeti\u015fkin K\u00f6pek Mamas\u0131 10KG - Anadolu Pet Grup","robots":{"index":"index","follow":"follow","max-snippet":"max-snippet:-1","max-image-preview":"max-image-preview:large","max-video-preview":"max-video-preview:-1"},"canonical":"https:\/\/anadolupet.com.tr\/en\/product\/hills-ve-tahilsiz-ton-balikli-ve-patatesli-orta-irk-yetiskin-kopek-mamasi-10kg\/","og_locale":"en_US","og_type":"article","og_title":"Hill's VE Tah\u0131ls\u0131z Ton Bal\u0131kl\u0131 ve Patatesli Orta Irk Yeti\u015fkin K\u00f6pek Mamas\u0131 10KG - Anadolu Pet Grup","og_description":"Hill\u2019s VET ESSENTIALS MULTI-BENEFIT NO GRAIN Ton Bal\u0131kl\u0131 Yeti\u015fkin Orta Cins K\u00f6pek Mamas\u0131 birlikte ge\u00e7ecek mutlu ve sa\u011fl\u0131kl\u0131 g\u00fcnler i\u00e7in k\u00f6pe\u011finizin kalbini, mesanesini ve sindirim sa\u011fl\u0131\u011f\u0131n\u0131 desteklemek amac\u0131yla tah\u0131l i\u00e7ermeden form\u00fcle edilmi\u015f tam ve dengeli, \u00e7ok y\u00f6nl\u00fc bir mamad\u0131r. Yaln\u0131zca veterinerinizde sat\u0131lan Hill\u2019s VET ESSENTIALS MULTI-BENEFIT ile evcil hayvan\u0131n\u0131z\u0131n sa\u011fl\u0131\u011f\u0131n\u0131 iyile\u015ftirmeye yard\u0131mc\u0131 olmak i\u00e7in proaktif bir ad\u0131m at\u0131n. Evcil hayvan\u0131n\u0131z\u0131n ya\u015fam\u0131n\u0131 d\u00f6n\u00fc\u015ft\u00fcrmeye yard\u0131mc\u0131 olan harika lezzetli mama. Size ba\u011fl\u0131 olduklar\u0131 i\u00e7in, onlara m\u00fcmk\u00fcn olan en iyi ve sa\u011fl\u0131kl\u0131 mamay\u0131 sa\u011flamaya \u00e7al\u0131\u015f\u0131yoruz. Hill's VET ESSENTIALS, k\u00f6pe\u011finizin benzersiz sa\u011fl\u0131k ihtiya\u00e7lar\u0131n\u0131 kar\u015f\u0131layan bilim \u00f6ncelikli form\u00fcllerle, evcil hayvan\u0131n\u0131z\u0131n sa\u011fl\u0131\u011f\u0131n\u0131 basit tutman\u0131za yard\u0131mc\u0131 oluyor ve gelecekte ya\u015fanabilecek her yeni sorunun birlikte \u00fcstesinden gelme g\u00fcvenini sa\u011fl\u0131yor. Herhangi bir yapay koruyucu i\u00e7ermez. Herhangi bir yapay renklendirici i\u00e7ermez. Herhangi bir yapay tatland\u0131r\u0131c\u0131 i\u00e7ermez. K\u00d6PE\u011e\u0130N\u0130Z \u0130\u00c7\u0130N SEVG\u0130 \u0130LE \u00dcRET\u0130LEN \u00c7OK FAYDALI TAM BESLENME. \u00dcr\u00fcnlerimiz en kaliteli malzemelerle \u00fcretilmektedir. Bu malzemeler, safl\u0131k ve besin i\u00e7eri\u011fi konusundaki kat\u0131 kriterlerimizi kar\u015f\u0131lamal\u0131d\u0131r. Hill's VET ESSENTIALS MULTI-BENEFIT k\u00f6pek mamas\u0131, k\u00f6peklerin asla hay\u0131r diyemeyece\u011fi farkl\u0131 lezzetleri i\u00e7eren \u00e7e\u015fitli kuru ve \u0131slak mama formlar\u0131nda sunulmaktad\u0131r. Ton Bal\u0131kl\u0131 ve Patatesli KG BA\u015eINA KATKI MADDELER\u0130: Besin katk\u0131 maddeleri: 3b103 (Demir) 78,1mg, 3b202 (\u0130yot) 1,9mg, 3b405 (Bak\u0131r) 7,7mg, 3b502 (Manganez) 8,1mg, 3b603 (\u00c7inko) 137mg, 3b801 (Selenyum) 0,2mg, do\u011fal anti-oksidan i\u00e7erir. ANAL\u0130T\u0130K B\u0130LE\u015eENLER: Protein %21,8, Ya\u011f i\u00e7eri\u011fi %15,7, Ham lif %2,8, Ham k\u00fcl %5,1, Omega-6 ya\u011f asitleri %2,6, Kalsiyum %0,91, Fosfor %0,69, Sodyum %0,27, Potasyum %0,75, Magnezyum %0,08; kg ba\u015f\u0131na: Vitamin A 8.650IU, Vitamin D3 730IU, Vitamin E 730mg, Vitamin C 115mg, Beta-karoten 1,5mg, Taurin 1.667mg. Hill's VET ESSENTIALS Multi-Benefit No Grain Yeti\u015fkin Orta Irk Ton Bal\u0131kl\u0131 ve Patatesli K\u00f6pek Mamas\u0131, 1-6 ya\u015f aras\u0131 orta Irk yeti\u015fkin k\u00f6pekler i\u00e7in tah\u0131l i\u00e7ermeyen \u00e7ok faydal\u0131, komple bir evcil hayvan mamas\u0131d\u0131r. Enerji, protein, vitamin ve minerallerin beslenme a\u00e7\u0131s\u0131ndan hassas bir dengesini sa\u011flar. FAYDALI \u0130PU\u00c7LARI: Mama miktarlar\u0131n\u0131 ayarlarken ideal kiloyu korumay\u0131 g\u00f6z \u00f6n\u00fcnde bulundurun. Emin de\u011filseniz veterinerinize sorun. Bu mama yeni mi? 7 g\u00fcnl\u00fck bir s\u00fcre boyunca eski mama miktar\u0131n\u0131 bir kar\u0131\u015f\u0131m i\u00e7erisinde kademeli olarak azalt\u0131p yeni mamay\u0131 kademeli olarak art\u0131r\u0131n. Temiz ve taze suyu daima haz\u0131r bulundurun! Evcil hayvan\u0131n\u0131z\u0131n beslenme ihtiya\u00e7lar\u0131 ya\u015fland\u0131k\u00e7a de\u011fi\u015febilir. Her muayenede veterinerinize sorun. Bo\u011fulmay\u0131 \u00f6nlemek i\u00e7in, mama paketini evcil hayvanlar\u0131n ve \u00e7ocuklar\u0131n eri\u015femeyece\u011fi bir yerde saklay\u0131n.","og_url":"https:\/\/anadolupet.com.tr\/en\/product\/hills-ve-tahilsiz-ton-balikli-ve-patatesli-orta-irk-yetiskin-kopek-mamasi-10kg\/","og_site_name":"Anadolu Pet Grup","article_modified_time":"2026-02-23T12:48:58+00:00","og_image":[{"width":750,"height":750,"url":"https:\/\/anadolupet.com.tr\/wp-content\/uploads\/2026\/02\/660-607429.jpg","type":"image\/jpeg"}],"twitter_card":"summary_large_image","schema":{"@context":"https:\/\/schema.org","@graph":[{"@type":"WebPage","@id":"https:\/\/anadolupet.com.tr\/urun\/hills-ve-tahilsiz-ton-balikli-ve-patatesli-orta-irk-yetiskin-kopek-mamasi-10kg\/","url":"https:\/\/anadolupet.com.tr\/urun\/hills-ve-tahilsiz-ton-balikli-ve-patatesli-orta-irk-yetiskin-kopek-mamasi-10kg\/","name":"Hill's VE Tah\u0131ls\u0131z Ton Bal\u0131kl\u0131 ve Patatesli Orta Irk Yeti\u015fkin K\u00f6pek Mamas\u0131 10KG - Anadolu Pet Grup","isPartOf":{"@id":"https:\/\/anadolupet.com.tr\/#website"},"primaryImageOfPage":{"@id":"https:\/\/anadolupet.com.tr\/urun\/hills-ve-tahilsiz-ton-balikli-ve-patatesli-orta-irk-yetiskin-kopek-mamasi-10kg\/#primaryimage"},"image":{"@id":"https:\/\/anadolupet.com.tr\/urun\/hills-ve-tahilsiz-ton-balikli-ve-patatesli-orta-irk-yetiskin-kopek-mamasi-10kg\/#primaryimage"},"thumbnailUrl":"https:\/\/anadolupet.com.tr\/wp-content\/uploads\/2026\/02\/660-607429.jpg","datePublished":"2026-02-14T14:41:48+00:00","dateModified":"2026-02-23T12:48:58+00:00","breadcrumb":{"@id":"https:\/\/anadolupet.com.tr\/urun\/hills-ve-tahilsiz-ton-balikli-ve-patatesli-orta-irk-yetiskin-kopek-mamasi-10kg\/#breadcrumb"},"inLanguage":"en-US","potentialAction":[{"@type":"ReadAction","target":["https:\/\/anadolupet.com.tr\/urun\/hills-ve-tahilsiz-ton-balikli-ve-patatesli-orta-irk-yetiskin-kopek-mamasi-10kg\/"]}]},{"@type":"ImageObject","inLanguage":"en-US","@id":"https:\/\/anadolupet.com.tr\/urun\/hills-ve-tahilsiz-ton-balikli-ve-patatesli-orta-irk-yetiskin-kopek-mamasi-10kg\/#primaryimage","url":"https:\/\/anadolupet.com.tr\/wp-content\/uploads\/2026\/02\/660-607429.jpg","contentUrl":"https:\/\/anadolupet.com.tr\/wp-content\/uploads\/2026\/02\/660-607429.jpg","width":750,"height":750},{"@type":"BreadcrumbList","@id":"https:\/\/anadolupet.com.tr\/urun\/hills-ve-tahilsiz-ton-balikli-ve-patatesli-orta-irk-yetiskin-kopek-mamasi-10kg\/#breadcrumb","itemListElement":[{"@type":"ListItem","position":1,"name":"Anasayfa","item":"https:\/\/anadolupet.com.tr\/"},{"@type":"ListItem","position":2,"name":"\u00dcr\u00fcnler","item":"https:\/\/anadolupet.com.tr\/urunler\/"},{"@type":"ListItem","position":3,"name":"Hill&#8217;s VE Tah\u0131ls\u0131z Ton Bal\u0131kl\u0131 ve Patatesli Orta Irk Yeti\u015fkin K\u00f6pek Mamas\u0131 10KG"}]},{"@type":"WebSite","@id":"https:\/\/anadolupet.com.tr\/#website","url":"https:\/\/anadolupet.com.tr\/","name":"Anadolu Pet Group","description":"We Stand Together for the Well-Being of Every Life","publisher":{"@id":"https:\/\/anadolupet.com.tr\/#organization"},"potentialAction":[{"@type":"SearchAction","target":{"@type":"EntryPoint","urlTemplate":"https:\/\/anadolupet.com.tr\/?s={search_term_string}"},"query-input":{"@type":"PropertyValueSpecification","valueRequired":true,"valueName":"search_term_string"}}],"inLanguage":"en-US"},{"@type":"Organization","@id":"https:\/\/anadolupet.com.tr\/#organization","name":"Anadolu Pet Group","alternateName":"Anadolu Pet","url":"https:\/\/anadolupet.com.tr\/","logo":{"@type":"ImageObject","inLanguage":"en-US","@id":"https:\/\/anadolupet.com.tr\/#\/schema\/logo\/image\/","url":"https:\/\/anadolupet.com.tr\/wp-content\/uploads\/2026\/03\/1614666743370.jpg","contentUrl":"https:\/\/anadolupet.com.tr\/wp-content\/uploads\/2026\/03\/1614666743370.jpg","width":800,"height":571,"caption":"Anadolu Pet Grup"},"image":{"@id":"https:\/\/anadolupet.com.tr\/#\/schema\/logo\/image\/"}}]}},"_links":{"self":[{"href":"https:\/\/anadolupet.com.tr\/en\/wp-json\/wp\/v2\/product\/45507","targetHints":{"allow":["GET"]}}],"collection":[{"href":"https:\/\/anadolupet.com.tr\/en\/wp-json\/wp\/v2\/product"}],"about":[{"href":"https:\/\/anadolupet.com.tr\/en\/wp-json\/wp\/v2\/types\/product"}],"replies":[{"embeddable":true,"href":"https:\/\/anadolupet.com.tr\/en\/wp-json\/wp\/v2\/comments?post=45507"}],"wp:featuredmedia":[{"embeddable":true,"href":"https:\/\/anadolupet.com.tr\/en\/wp-json\/wp\/v2\/media\/44425"}],"wp:attachment":[{"href":"https:\/\/anadolupet.com.tr\/en\/wp-json\/wp\/v2\/media?parent=45507"}],"wp:term":[{"taxonomy":"product_brand","embeddable":true,"href":"https:\/\/anadolupet.com.tr\/en\/wp-json\/wp\/v2\/product_brand?post=45507"},{"taxonomy":"product_cat","embeddable":true,"href":"https:\/\/anadolupet.com.tr\/en\/wp-json\/wp\/v2\/product_cat?post=45507"},{"taxonomy":"product_tag","embeddable":true,"href":"https:\/\/anadolupet.com.tr\/en\/wp-json\/wp\/v2\/product_tag?post=45507"}],"curies":[{"name":"wp","href":"https:\/\/api.w.org\/{rel}","templated":true}]}}