{"id":45509,"date":"2026-02-14T14:41:49","date_gmt":"2026-02-14T14:41:49","guid":{"rendered":"https:\/\/anadolupet.com.tr\/urun\/hills-ve-tavuklu-kisirlastirilmis-yasli-kedi-mamasi-1-5kg\/"},"modified":"2026-02-23T12:48:59","modified_gmt":"2026-02-23T12:48:59","slug":"hills-ve-tavuklu-kisirlastirilmis-yasli-kedi-mamasi-1-5kg","status":"publish","type":"product","link":"https:\/\/anadolupet.com.tr\/en\/urun\/hills-ve-tavuklu-kisirlastirilmis-yasli-kedi-mamasi-1-5kg\/","title":{"rendered":"Hill&#8217;s VE Tavuklu K\u0131s\u0131rla\u015ft\u0131r\u0131lm\u0131\u015f Ya\u015fl\u0131 Kedi Mamas\u0131 1.5KG"},"content":{"rendered":"","protected":false},"excerpt":{"rendered":"<p>Benzersiz Kilo Y\u00f6netimi teknolojisine sahip Hill&#8217;s VET ESSENTIALS MULTI-BENEFIT +WEIGHT Tavuklu Olgun Yeti\u015fkin +7 Kedi Mamas\u0131 ya\u015fl\u0131 kedinizin k\u0131s\u0131rla\u015ft\u0131rma sonras\u0131 birlikte daha uzun oyun s\u00fcreleri i\u00e7in sa\u011fl\u0131kl\u0131 ve formda kalmas\u0131na yard\u0131mc\u0131 olur. Yaln\u0131zca veterinerinizde sat\u0131lan Hill\u2019s VET ESSENTIALS MULTI-BENEFIT + WEIGHT ile evcil hayvan\u0131n\u0131z\u0131n sa\u011fl\u0131\u011f\u0131n\u0131 iyile\u015ftirmeye yard\u0131mc\u0131 olmak i\u00e7in proaktif bir ad\u0131m at\u0131n.<br \/>\nEvcil hayvan\u0131n\u0131z\u0131n ya\u015fam\u0131n\u0131 d\u00f6n\u00fc\u015ft\u00fcrmeye yard\u0131mc\u0131 olan harika lezzetli mama. Size ba\u011fl\u0131 olduklar\u0131 i\u00e7in, onlara m\u00fcmk\u00fcn olan en iyi ve sa\u011fl\u0131kl\u0131 mamay\u0131 sa\u011flamaya \u00e7al\u0131\u015f\u0131yoruz. Hill&#8217;s VET ESSENTIALS, kedinizin benzersiz sa\u011fl\u0131k ihtiya\u00e7lar\u0131n\u0131 kar\u015f\u0131layan bilim \u00f6ncelikli form\u00fcllerle, evcil hayvan\u0131n\u0131z\u0131n sa\u011fl\u0131\u011f\u0131n\u0131 basit tutman\u0131za yard\u0131mc\u0131 oluyor ve gelecekte ya\u015fanabilecek her yeni sorunun birlikte \u00fcstesinden gelme g\u00fcvenini sa\u011fl\u0131yor.<br \/>\nHerhangi bir yapay koruyucu i\u00e7ermez. Herhangi bir yapay renklendirici i\u00e7ermez. Herhangi bir yapay tatland\u0131r\u0131c\u0131 i\u00e7ermez.<br \/>\nKED\u0130N\u0130Z \u0130\u00c7\u0130N SEVG\u0130 \u0130LE \u00dcRET\u0130LEN \u00c7OK FAYDALI TAM BESLENME.<br \/>\n\u00dcr\u00fcnlerimiz en kaliteli malzemelerle \u00fcretilmektedir. Bu malzemeler, safl\u0131k ve besin i\u00e7eri\u011fi konusundaki kat\u0131 kriterlerimizi kar\u015f\u0131lamal\u0131d\u0131r.<br \/>\n\u0130\u00c7\u0130NDEK\u0130LER: K\u0131r\u0131k pirin\u00e7, tavuk ve hindi unu (tavuk %13; toplam k\u00fcmes hayvanlar\u0131 %21), m\u0131s\u0131r gl\u00fcten unu, sel\u00fcloz, bezelye proteini, kurutulmu\u015f domates p\u00fcresi, keten tohumu, hindistancevizi ya\u011f\u0131, mineraller, dijest, hayvansal ya\u011f, kurutulmu\u015f pancar k\u00fcspesi, bal\u0131k ya\u011f\u0131, bitkisel ya\u011f, kurutulmu\u015f havu\u00e7.<br \/>\nKG BA\u015eINA KATKI MADDELER\u0130: Besin katk\u0131 maddeleri: 3b103 (Demir) 74,1mg, 3b202 (\u0130yot) 3,2mg, 3b405 (Bak\u0131r) 8,7mg, 3b502 (Manganez) 7,7mg, 3b603 (\u00c7inko) 115mg, do\u011fal antioksidan.<br \/>\nANAL\u0130T\u0130K B\u0130LE\u015eENLER: Protein %36,5, Ya\u011f i\u00e7eri\u011fi %12,3, Ham lif %8,6, Ham k\u00fcl %5,4, Kalsiyum %0,80, Fosfor %0,62, Sodyum %0,28, Potasyum %0,80, Magnezyum %0,09; kg ba\u015f\u0131na: Vitamin A 9.346IU, Vitamin D3 730IU, Vitamin E 650mg, Vitamin C 100mg, Beta-karoten 1,5mg.<br \/>\nHill&#8217;s VET ESSENTIALS MULTI-BENEFIT +WEIGHT Tavuklu Olgun Yeti\u015fkin +7 Kedi Mamas\u0131, kilo alma e\u011filimi olan 7 ya\u015f \u00fczeri kediler i\u00e7in kullanabilece\u011finiz \u00e7ok faydal\u0131, komple bir evcil hayvan mamas\u0131d\u0131r. Enerji, protein, vitamin ve mineral a\u00e7\u0131s\u0131ndan hassas bir besin dengesi sa\u011flar ve kontroll\u00fc bir magnezyum seviyesine sahiptir.<\/p>","protected":false},"featured_media":44441,"comment_status":"open","ping_status":"closed","template":"","meta":{"_acf_changed":false},"product_brand":[],"product_cat":[2432],"product_tag":[],"class_list":{"0":"post-45509","1":"product","2":"type-product","3":"status-publish","4":"has-post-thumbnail","6":"product_cat-olgun-kedi-mamalari","8":"first","9":"instock","10":"shipping-taxable","11":"product-type-simple"},"acf":[],"yoast_head":"<!-- This site is optimized with the Yoast SEO plugin v27.5 - https:\/\/yoast.com\/product\/yoast-seo-wordpress\/ -->\n<title>Hill&#039;s VE Tavuklu K\u0131s\u0131rla\u015ft\u0131r\u0131lm\u0131\u015f Ya\u015fl\u0131 Kedi Mamas\u0131 1.5KG - Anadolu Pet Grup<\/title>\n<meta name=\"robots\" content=\"index, follow, max-snippet:-1, max-image-preview:large, max-video-preview:-1\" \/>\n<link rel=\"canonical\" href=\"https:\/\/anadolupet.com.tr\/en\/product\/hills-ve-tavuklu-kisirlastirilmis-yasli-kedi-mamasi-1-5kg\/\" \/>\n<meta property=\"og:locale\" content=\"en_US\" \/>\n<meta property=\"og:type\" content=\"article\" \/>\n<meta property=\"og:title\" content=\"Hill&#039;s VE Tavuklu K\u0131s\u0131rla\u015ft\u0131r\u0131lm\u0131\u015f Ya\u015fl\u0131 Kedi Mamas\u0131 1.5KG - Anadolu Pet Grup\" \/>\n<meta property=\"og:description\" content=\"Benzersiz Kilo Y\u00f6netimi teknolojisine sahip Hill&#039;s VET ESSENTIALS MULTI-BENEFIT +WEIGHT Tavuklu Olgun Yeti\u015fkin +7 Kedi Mamas\u0131 ya\u015fl\u0131 kedinizin k\u0131s\u0131rla\u015ft\u0131rma sonras\u0131 birlikte daha uzun oyun s\u00fcreleri i\u00e7in sa\u011fl\u0131kl\u0131 ve formda kalmas\u0131na yard\u0131mc\u0131 olur. Yaln\u0131zca veterinerinizde sat\u0131lan Hill\u2019s VET ESSENTIALS MULTI-BENEFIT + WEIGHT ile evcil hayvan\u0131n\u0131z\u0131n sa\u011fl\u0131\u011f\u0131n\u0131 iyile\u015ftirmeye yard\u0131mc\u0131 olmak i\u00e7in proaktif bir ad\u0131m at\u0131n. Evcil hayvan\u0131n\u0131z\u0131n ya\u015fam\u0131n\u0131 d\u00f6n\u00fc\u015ft\u00fcrmeye yard\u0131mc\u0131 olan harika lezzetli mama. Size ba\u011fl\u0131 olduklar\u0131 i\u00e7in, onlara m\u00fcmk\u00fcn olan en iyi ve sa\u011fl\u0131kl\u0131 mamay\u0131 sa\u011flamaya \u00e7al\u0131\u015f\u0131yoruz. Hill&#039;s VET ESSENTIALS, kedinizin benzersiz sa\u011fl\u0131k ihtiya\u00e7lar\u0131n\u0131 kar\u015f\u0131layan bilim \u00f6ncelikli form\u00fcllerle, evcil hayvan\u0131n\u0131z\u0131n sa\u011fl\u0131\u011f\u0131n\u0131 basit tutman\u0131za yard\u0131mc\u0131 oluyor ve gelecekte ya\u015fanabilecek her yeni sorunun birlikte \u00fcstesinden gelme g\u00fcvenini sa\u011fl\u0131yor. Herhangi bir yapay koruyucu i\u00e7ermez. Herhangi bir yapay renklendirici i\u00e7ermez. Herhangi bir yapay tatland\u0131r\u0131c\u0131 i\u00e7ermez. KED\u0130N\u0130Z \u0130\u00c7\u0130N SEVG\u0130 \u0130LE \u00dcRET\u0130LEN \u00c7OK FAYDALI TAM BESLENME. \u00dcr\u00fcnlerimiz en kaliteli malzemelerle \u00fcretilmektedir. Bu malzemeler, safl\u0131k ve besin i\u00e7eri\u011fi konusundaki kat\u0131 kriterlerimizi kar\u015f\u0131lamal\u0131d\u0131r. \u0130\u00c7\u0130NDEK\u0130LER: K\u0131r\u0131k pirin\u00e7, tavuk ve hindi unu (tavuk %13; toplam k\u00fcmes hayvanlar\u0131 %21), m\u0131s\u0131r gl\u00fcten unu, sel\u00fcloz, bezelye proteini, kurutulmu\u015f domates p\u00fcresi, keten tohumu, hindistancevizi ya\u011f\u0131, mineraller, dijest, hayvansal ya\u011f, kurutulmu\u015f pancar k\u00fcspesi, bal\u0131k ya\u011f\u0131, bitkisel ya\u011f, kurutulmu\u015f havu\u00e7. KG BA\u015eINA KATKI MADDELER\u0130: Besin katk\u0131 maddeleri: 3b103 (Demir) 74,1mg, 3b202 (\u0130yot) 3,2mg, 3b405 (Bak\u0131r) 8,7mg, 3b502 (Manganez) 7,7mg, 3b603 (\u00c7inko) 115mg, do\u011fal antioksidan. ANAL\u0130T\u0130K B\u0130LE\u015eENLER: Protein %36,5, Ya\u011f i\u00e7eri\u011fi %12,3, Ham lif %8,6, Ham k\u00fcl %5,4, Kalsiyum %0,80, Fosfor %0,62, Sodyum %0,28, Potasyum %0,80, Magnezyum %0,09; kg ba\u015f\u0131na: Vitamin A 9.346IU, Vitamin D3 730IU, Vitamin E 650mg, Vitamin C 100mg, Beta-karoten 1,5mg. Hill&#039;s VET ESSENTIALS MULTI-BENEFIT +WEIGHT Tavuklu Olgun Yeti\u015fkin +7 Kedi Mamas\u0131, kilo alma e\u011filimi olan 7 ya\u015f \u00fczeri kediler i\u00e7in kullanabilece\u011finiz \u00e7ok faydal\u0131, komple bir evcil hayvan mamas\u0131d\u0131r. Enerji, protein, vitamin ve mineral a\u00e7\u0131s\u0131ndan hassas bir besin dengesi sa\u011flar ve kontroll\u00fc bir magnezyum seviyesine sahiptir.\" \/>\n<meta property=\"og:url\" content=\"https:\/\/anadolupet.com.tr\/en\/product\/hills-ve-tavuklu-kisirlastirilmis-yasli-kedi-mamasi-1-5kg\/\" \/>\n<meta property=\"og:site_name\" content=\"Anadolu Pet Grup\" \/>\n<meta property=\"article:modified_time\" content=\"2026-02-23T12:48:59+00:00\" \/>\n<meta property=\"og:image\" content=\"https:\/\/anadolupet.com.tr\/wp-content\/uploads\/2026\/02\/665-607486.jpg\" \/>\n\t<meta property=\"og:image:width\" content=\"750\" \/>\n\t<meta property=\"og:image:height\" content=\"750\" \/>\n\t<meta property=\"og:image:type\" content=\"image\/jpeg\" \/>\n<meta name=\"twitter:card\" content=\"summary_large_image\" \/>\n<script type=\"application\/ld+json\" class=\"yoast-schema-graph\">{\"@context\":\"https:\\\/\\\/schema.org\",\"@graph\":[{\"@type\":\"WebPage\",\"@id\":\"https:\\\/\\\/anadolupet.com.tr\\\/urun\\\/hills-ve-tavuklu-kisirlastirilmis-yasli-kedi-mamasi-1-5kg\\\/\",\"url\":\"https:\\\/\\\/anadolupet.com.tr\\\/urun\\\/hills-ve-tavuklu-kisirlastirilmis-yasli-kedi-mamasi-1-5kg\\\/\",\"name\":\"Hill's VE Tavuklu K\u0131s\u0131rla\u015ft\u0131r\u0131lm\u0131\u015f Ya\u015fl\u0131 Kedi Mamas\u0131 1.5KG - Anadolu Pet Grup\",\"isPartOf\":{\"@id\":\"https:\\\/\\\/anadolupet.com.tr\\\/#website\"},\"primaryImageOfPage\":{\"@id\":\"https:\\\/\\\/anadolupet.com.tr\\\/urun\\\/hills-ve-tavuklu-kisirlastirilmis-yasli-kedi-mamasi-1-5kg\\\/#primaryimage\"},\"image\":{\"@id\":\"https:\\\/\\\/anadolupet.com.tr\\\/urun\\\/hills-ve-tavuklu-kisirlastirilmis-yasli-kedi-mamasi-1-5kg\\\/#primaryimage\"},\"thumbnailUrl\":\"https:\\\/\\\/anadolupet.com.tr\\\/wp-content\\\/uploads\\\/2026\\\/02\\\/665-607486.jpg\",\"datePublished\":\"2026-02-14T14:41:49+00:00\",\"dateModified\":\"2026-02-23T12:48:59+00:00\",\"breadcrumb\":{\"@id\":\"https:\\\/\\\/anadolupet.com.tr\\\/urun\\\/hills-ve-tavuklu-kisirlastirilmis-yasli-kedi-mamasi-1-5kg\\\/#breadcrumb\"},\"inLanguage\":\"en-US\",\"potentialAction\":[{\"@type\":\"ReadAction\",\"target\":[\"https:\\\/\\\/anadolupet.com.tr\\\/urun\\\/hills-ve-tavuklu-kisirlastirilmis-yasli-kedi-mamasi-1-5kg\\\/\"]}]},{\"@type\":\"ImageObject\",\"inLanguage\":\"en-US\",\"@id\":\"https:\\\/\\\/anadolupet.com.tr\\\/urun\\\/hills-ve-tavuklu-kisirlastirilmis-yasli-kedi-mamasi-1-5kg\\\/#primaryimage\",\"url\":\"https:\\\/\\\/anadolupet.com.tr\\\/wp-content\\\/uploads\\\/2026\\\/02\\\/665-607486.jpg\",\"contentUrl\":\"https:\\\/\\\/anadolupet.com.tr\\\/wp-content\\\/uploads\\\/2026\\\/02\\\/665-607486.jpg\",\"width\":750,\"height\":750},{\"@type\":\"BreadcrumbList\",\"@id\":\"https:\\\/\\\/anadolupet.com.tr\\\/urun\\\/hills-ve-tavuklu-kisirlastirilmis-yasli-kedi-mamasi-1-5kg\\\/#breadcrumb\",\"itemListElement\":[{\"@type\":\"ListItem\",\"position\":1,\"name\":\"Anasayfa\",\"item\":\"https:\\\/\\\/anadolupet.com.tr\\\/\"},{\"@type\":\"ListItem\",\"position\":2,\"name\":\"\u00dcr\u00fcnler\",\"item\":\"https:\\\/\\\/anadolupet.com.tr\\\/urunler\\\/\"},{\"@type\":\"ListItem\",\"position\":3,\"name\":\"Hill&#8217;s VE Tavuklu K\u0131s\u0131rla\u015ft\u0131r\u0131lm\u0131\u015f Ya\u015fl\u0131 Kedi Mamas\u0131 1.5KG\"}]},{\"@type\":\"WebSite\",\"@id\":\"https:\\\/\\\/anadolupet.com.tr\\\/#website\",\"url\":\"https:\\\/\\\/anadolupet.com.tr\\\/\",\"name\":\"Anadolu Pet Grup\",\"description\":\"Her Can\u0131n \u0130yi Ya\u015fam\u0131 \u0130\u00e7in Biraraday\u0131z\",\"publisher\":{\"@id\":\"https:\\\/\\\/anadolupet.com.tr\\\/#organization\"},\"potentialAction\":[{\"@type\":\"SearchAction\",\"target\":{\"@type\":\"EntryPoint\",\"urlTemplate\":\"https:\\\/\\\/anadolupet.com.tr\\\/?s={search_term_string}\"},\"query-input\":{\"@type\":\"PropertyValueSpecification\",\"valueRequired\":true,\"valueName\":\"search_term_string\"}}],\"inLanguage\":\"en-US\"},{\"@type\":\"Organization\",\"@id\":\"https:\\\/\\\/anadolupet.com.tr\\\/#organization\",\"name\":\"Anadolu Pet Grup\",\"alternateName\":\"Anadolu Pet\",\"url\":\"https:\\\/\\\/anadolupet.com.tr\\\/\",\"logo\":{\"@type\":\"ImageObject\",\"inLanguage\":\"en-US\",\"@id\":\"https:\\\/\\\/anadolupet.com.tr\\\/#\\\/schema\\\/logo\\\/image\\\/\",\"url\":\"https:\\\/\\\/anadolupet.com.tr\\\/wp-content\\\/uploads\\\/2026\\\/03\\\/1614666743370.jpg\",\"contentUrl\":\"https:\\\/\\\/anadolupet.com.tr\\\/wp-content\\\/uploads\\\/2026\\\/03\\\/1614666743370.jpg\",\"width\":800,\"height\":571,\"caption\":\"Anadolu Pet Grup\"},\"image\":{\"@id\":\"https:\\\/\\\/anadolupet.com.tr\\\/#\\\/schema\\\/logo\\\/image\\\/\"}}]}<\/script>\n<!-- \/ Yoast SEO plugin. -->","yoast_head_json":{"title":"Hill's VE Tavuklu K\u0131s\u0131rla\u015ft\u0131r\u0131lm\u0131\u015f Ya\u015fl\u0131 Kedi Mamas\u0131 1.5KG - Anadolu Pet Grup","robots":{"index":"index","follow":"follow","max-snippet":"max-snippet:-1","max-image-preview":"max-image-preview:large","max-video-preview":"max-video-preview:-1"},"canonical":"https:\/\/anadolupet.com.tr\/en\/product\/hills-ve-tavuklu-kisirlastirilmis-yasli-kedi-mamasi-1-5kg\/","og_locale":"en_US","og_type":"article","og_title":"Hill's VE Tavuklu K\u0131s\u0131rla\u015ft\u0131r\u0131lm\u0131\u015f Ya\u015fl\u0131 Kedi Mamas\u0131 1.5KG - Anadolu Pet Grup","og_description":"Benzersiz Kilo Y\u00f6netimi teknolojisine sahip Hill's VET ESSENTIALS MULTI-BENEFIT +WEIGHT Tavuklu Olgun Yeti\u015fkin +7 Kedi Mamas\u0131 ya\u015fl\u0131 kedinizin k\u0131s\u0131rla\u015ft\u0131rma sonras\u0131 birlikte daha uzun oyun s\u00fcreleri i\u00e7in sa\u011fl\u0131kl\u0131 ve formda kalmas\u0131na yard\u0131mc\u0131 olur. Yaln\u0131zca veterinerinizde sat\u0131lan Hill\u2019s VET ESSENTIALS MULTI-BENEFIT + WEIGHT ile evcil hayvan\u0131n\u0131z\u0131n sa\u011fl\u0131\u011f\u0131n\u0131 iyile\u015ftirmeye yard\u0131mc\u0131 olmak i\u00e7in proaktif bir ad\u0131m at\u0131n. Evcil hayvan\u0131n\u0131z\u0131n ya\u015fam\u0131n\u0131 d\u00f6n\u00fc\u015ft\u00fcrmeye yard\u0131mc\u0131 olan harika lezzetli mama. Size ba\u011fl\u0131 olduklar\u0131 i\u00e7in, onlara m\u00fcmk\u00fcn olan en iyi ve sa\u011fl\u0131kl\u0131 mamay\u0131 sa\u011flamaya \u00e7al\u0131\u015f\u0131yoruz. Hill's VET ESSENTIALS, kedinizin benzersiz sa\u011fl\u0131k ihtiya\u00e7lar\u0131n\u0131 kar\u015f\u0131layan bilim \u00f6ncelikli form\u00fcllerle, evcil hayvan\u0131n\u0131z\u0131n sa\u011fl\u0131\u011f\u0131n\u0131 basit tutman\u0131za yard\u0131mc\u0131 oluyor ve gelecekte ya\u015fanabilecek her yeni sorunun birlikte \u00fcstesinden gelme g\u00fcvenini sa\u011fl\u0131yor. Herhangi bir yapay koruyucu i\u00e7ermez. Herhangi bir yapay renklendirici i\u00e7ermez. Herhangi bir yapay tatland\u0131r\u0131c\u0131 i\u00e7ermez. KED\u0130N\u0130Z \u0130\u00c7\u0130N SEVG\u0130 \u0130LE \u00dcRET\u0130LEN \u00c7OK FAYDALI TAM BESLENME. \u00dcr\u00fcnlerimiz en kaliteli malzemelerle \u00fcretilmektedir. Bu malzemeler, safl\u0131k ve besin i\u00e7eri\u011fi konusundaki kat\u0131 kriterlerimizi kar\u015f\u0131lamal\u0131d\u0131r. \u0130\u00c7\u0130NDEK\u0130LER: K\u0131r\u0131k pirin\u00e7, tavuk ve hindi unu (tavuk %13; toplam k\u00fcmes hayvanlar\u0131 %21), m\u0131s\u0131r gl\u00fcten unu, sel\u00fcloz, bezelye proteini, kurutulmu\u015f domates p\u00fcresi, keten tohumu, hindistancevizi ya\u011f\u0131, mineraller, dijest, hayvansal ya\u011f, kurutulmu\u015f pancar k\u00fcspesi, bal\u0131k ya\u011f\u0131, bitkisel ya\u011f, kurutulmu\u015f havu\u00e7. KG BA\u015eINA KATKI MADDELER\u0130: Besin katk\u0131 maddeleri: 3b103 (Demir) 74,1mg, 3b202 (\u0130yot) 3,2mg, 3b405 (Bak\u0131r) 8,7mg, 3b502 (Manganez) 7,7mg, 3b603 (\u00c7inko) 115mg, do\u011fal antioksidan. ANAL\u0130T\u0130K B\u0130LE\u015eENLER: Protein %36,5, Ya\u011f i\u00e7eri\u011fi %12,3, Ham lif %8,6, Ham k\u00fcl %5,4, Kalsiyum %0,80, Fosfor %0,62, Sodyum %0,28, Potasyum %0,80, Magnezyum %0,09; kg ba\u015f\u0131na: Vitamin A 9.346IU, Vitamin D3 730IU, Vitamin E 650mg, Vitamin C 100mg, Beta-karoten 1,5mg. Hill's VET ESSENTIALS MULTI-BENEFIT +WEIGHT Tavuklu Olgun Yeti\u015fkin +7 Kedi Mamas\u0131, kilo alma e\u011filimi olan 7 ya\u015f \u00fczeri kediler i\u00e7in kullanabilece\u011finiz \u00e7ok faydal\u0131, komple bir evcil hayvan mamas\u0131d\u0131r. Enerji, protein, vitamin ve mineral a\u00e7\u0131s\u0131ndan hassas bir besin dengesi sa\u011flar ve kontroll\u00fc bir magnezyum seviyesine sahiptir.","og_url":"https:\/\/anadolupet.com.tr\/en\/product\/hills-ve-tavuklu-kisirlastirilmis-yasli-kedi-mamasi-1-5kg\/","og_site_name":"Anadolu Pet Grup","article_modified_time":"2026-02-23T12:48:59+00:00","og_image":[{"width":750,"height":750,"url":"https:\/\/anadolupet.com.tr\/wp-content\/uploads\/2026\/02\/665-607486.jpg","type":"image\/jpeg"}],"twitter_card":"summary_large_image","schema":{"@context":"https:\/\/schema.org","@graph":[{"@type":"WebPage","@id":"https:\/\/anadolupet.com.tr\/urun\/hills-ve-tavuklu-kisirlastirilmis-yasli-kedi-mamasi-1-5kg\/","url":"https:\/\/anadolupet.com.tr\/urun\/hills-ve-tavuklu-kisirlastirilmis-yasli-kedi-mamasi-1-5kg\/","name":"Hill's VE Tavuklu K\u0131s\u0131rla\u015ft\u0131r\u0131lm\u0131\u015f Ya\u015fl\u0131 Kedi Mamas\u0131 1.5KG - Anadolu Pet Grup","isPartOf":{"@id":"https:\/\/anadolupet.com.tr\/#website"},"primaryImageOfPage":{"@id":"https:\/\/anadolupet.com.tr\/urun\/hills-ve-tavuklu-kisirlastirilmis-yasli-kedi-mamasi-1-5kg\/#primaryimage"},"image":{"@id":"https:\/\/anadolupet.com.tr\/urun\/hills-ve-tavuklu-kisirlastirilmis-yasli-kedi-mamasi-1-5kg\/#primaryimage"},"thumbnailUrl":"https:\/\/anadolupet.com.tr\/wp-content\/uploads\/2026\/02\/665-607486.jpg","datePublished":"2026-02-14T14:41:49+00:00","dateModified":"2026-02-23T12:48:59+00:00","breadcrumb":{"@id":"https:\/\/anadolupet.com.tr\/urun\/hills-ve-tavuklu-kisirlastirilmis-yasli-kedi-mamasi-1-5kg\/#breadcrumb"},"inLanguage":"en-US","potentialAction":[{"@type":"ReadAction","target":["https:\/\/anadolupet.com.tr\/urun\/hills-ve-tavuklu-kisirlastirilmis-yasli-kedi-mamasi-1-5kg\/"]}]},{"@type":"ImageObject","inLanguage":"en-US","@id":"https:\/\/anadolupet.com.tr\/urun\/hills-ve-tavuklu-kisirlastirilmis-yasli-kedi-mamasi-1-5kg\/#primaryimage","url":"https:\/\/anadolupet.com.tr\/wp-content\/uploads\/2026\/02\/665-607486.jpg","contentUrl":"https:\/\/anadolupet.com.tr\/wp-content\/uploads\/2026\/02\/665-607486.jpg","width":750,"height":750},{"@type":"BreadcrumbList","@id":"https:\/\/anadolupet.com.tr\/urun\/hills-ve-tavuklu-kisirlastirilmis-yasli-kedi-mamasi-1-5kg\/#breadcrumb","itemListElement":[{"@type":"ListItem","position":1,"name":"Anasayfa","item":"https:\/\/anadolupet.com.tr\/"},{"@type":"ListItem","position":2,"name":"\u00dcr\u00fcnler","item":"https:\/\/anadolupet.com.tr\/urunler\/"},{"@type":"ListItem","position":3,"name":"Hill&#8217;s VE Tavuklu K\u0131s\u0131rla\u015ft\u0131r\u0131lm\u0131\u015f Ya\u015fl\u0131 Kedi Mamas\u0131 1.5KG"}]},{"@type":"WebSite","@id":"https:\/\/anadolupet.com.tr\/#website","url":"https:\/\/anadolupet.com.tr\/","name":"Anadolu Pet Group","description":"We Stand Together for the Well-Being of Every Life","publisher":{"@id":"https:\/\/anadolupet.com.tr\/#organization"},"potentialAction":[{"@type":"SearchAction","target":{"@type":"EntryPoint","urlTemplate":"https:\/\/anadolupet.com.tr\/?s={search_term_string}"},"query-input":{"@type":"PropertyValueSpecification","valueRequired":true,"valueName":"search_term_string"}}],"inLanguage":"en-US"},{"@type":"Organization","@id":"https:\/\/anadolupet.com.tr\/#organization","name":"Anadolu Pet Group","alternateName":"Anadolu Pet","url":"https:\/\/anadolupet.com.tr\/","logo":{"@type":"ImageObject","inLanguage":"en-US","@id":"https:\/\/anadolupet.com.tr\/#\/schema\/logo\/image\/","url":"https:\/\/anadolupet.com.tr\/wp-content\/uploads\/2026\/03\/1614666743370.jpg","contentUrl":"https:\/\/anadolupet.com.tr\/wp-content\/uploads\/2026\/03\/1614666743370.jpg","width":800,"height":571,"caption":"Anadolu Pet Grup"},"image":{"@id":"https:\/\/anadolupet.com.tr\/#\/schema\/logo\/image\/"}}]}},"_links":{"self":[{"href":"https:\/\/anadolupet.com.tr\/en\/wp-json\/wp\/v2\/product\/45509","targetHints":{"allow":["GET"]}}],"collection":[{"href":"https:\/\/anadolupet.com.tr\/en\/wp-json\/wp\/v2\/product"}],"about":[{"href":"https:\/\/anadolupet.com.tr\/en\/wp-json\/wp\/v2\/types\/product"}],"replies":[{"embeddable":true,"href":"https:\/\/anadolupet.com.tr\/en\/wp-json\/wp\/v2\/comments?post=45509"}],"wp:featuredmedia":[{"embeddable":true,"href":"https:\/\/anadolupet.com.tr\/en\/wp-json\/wp\/v2\/media\/44441"}],"wp:attachment":[{"href":"https:\/\/anadolupet.com.tr\/en\/wp-json\/wp\/v2\/media?parent=45509"}],"wp:term":[{"taxonomy":"product_brand","embeddable":true,"href":"https:\/\/anadolupet.com.tr\/en\/wp-json\/wp\/v2\/product_brand?post=45509"},{"taxonomy":"product_cat","embeddable":true,"href":"https:\/\/anadolupet.com.tr\/en\/wp-json\/wp\/v2\/product_cat?post=45509"},{"taxonomy":"product_tag","embeddable":true,"href":"https:\/\/anadolupet.com.tr\/en\/wp-json\/wp\/v2\/product_tag?post=45509"}],"curies":[{"name":"wp","href":"https:\/\/api.w.org\/{rel}","templated":true}]}}