{"id":45517,"date":"2026-02-14T14:41:49","date_gmt":"2026-02-14T14:41:49","guid":{"rendered":"https:\/\/anadolupet.com.tr\/urun\/hills-ve-tavuklu-yetiskin-kedi-mamasi-1-5kg\/"},"modified":"2026-02-23T12:48:59","modified_gmt":"2026-02-23T12:48:59","slug":"hills-ve-tavuklu-yetiskin-kedi-mamasi-1-5kg","status":"publish","type":"product","link":"https:\/\/anadolupet.com.tr\/en\/urun\/hills-ve-tavuklu-yetiskin-kedi-mamasi-1-5kg\/","title":{"rendered":"Hill&#8217;s VE Tavuklu Yeti\u015fkin Kedi Mamas\u0131 1.5KG"},"content":{"rendered":"","protected":false},"excerpt":{"rendered":"<p>Hill\u2019s VET ESSENTIALS MULTI-BENEFIT Tavuklu Yeti\u015fkin Kedi Mamas\u0131 kedilerde sa\u011fl\u0131kl\u0131 bir sindirimi destekleyen eksiksiz ve dengeli bir besindir, b\u00f6ylece sevgili dostunuzla daha fazla zaman ge\u00e7irmeye devam edebilirsiniz. Yaln\u0131zca veterinerinizde sat\u0131lan Hill\u2019s VET ESSENTIALS MULTI-BENEFIT ile evcil hayvan\u0131n\u0131z\u0131n sa\u011fl\u0131\u011f\u0131n\u0131 iyile\u015ftirmeye yard\u0131mc\u0131 olmak i\u00e7in proaktif bir ad\u0131m at\u0131n.<br \/>\nEvcil hayvan\u0131n\u0131z\u0131n ya\u015fam\u0131n\u0131 d\u00f6n\u00fc\u015ft\u00fcrmeye yard\u0131mc\u0131 olan harika lezzetli mama. Size ba\u011fl\u0131 olduklar\u0131 i\u00e7in, onlara m\u00fcmk\u00fcn olan en iyi ve sa\u011fl\u0131kl\u0131 mamay\u0131 sa\u011flamaya \u00e7al\u0131\u015f\u0131yoruz. Hill&#8217;s VET ESSENTIALS, kedinizin benzersiz sa\u011fl\u0131k ihtiya\u00e7lar\u0131n\u0131 kar\u015f\u0131layan bilim \u00f6ncelikli form\u00fcllerle, evcil hayvan\u0131n\u0131z\u0131n sa\u011fl\u0131\u011f\u0131n\u0131 basit tutman\u0131za yard\u0131mc\u0131 oluyor ve gelecekte ya\u015fanabilecek her yeni sorunun birlikte \u00fcstesinden gelme g\u00fcvenini sa\u011fl\u0131yor.<br \/>\nHerhangi bir yapay koruyucu i\u00e7ermez. Herhangi bir yapay renklendirici i\u00e7ermez. Herhangi bir yapay tatland\u0131r\u0131c\u0131 i\u00e7ermez.<br \/>\nKED\u0130N\u0130Z \u0130\u00c7\u0130N SEVG\u0130 \u0130LE \u00dcRET\u0130LEN \u00c7OK FAYDALI TAM BESLENME.<br \/>\n\u00dcr\u00fcnlerimiz en kaliteli malzemelerle \u00fcretilmektedir. Bu malzemeler, safl\u0131k ve besin i\u00e7eri\u011fi konusundaki kat\u0131 kriterlerimizi kar\u015f\u0131lamal\u0131d\u0131r.<br \/>\nHill&#8217;s VET ESSENTIALS MULTI-BENEFIT kedi mamas\u0131, kedilerin asla hay\u0131r diyemeyece\u011fi farkl\u0131 lezzetleri i\u00e7eren \u00e7e\u015fitli kuru ve \u0131slak mama formlar\u0131nda sunulmaktad\u0131r.<br \/>\n\u0130\u00c7\u0130NDEK\u0130LER: Tavuk ve hindi unu (tavuk %19; toplam k\u00fcmes hayvanlar\u0131 %30), m\u0131s\u0131r, hayvansal ya\u011f, sel\u00fcloz, m\u0131s\u0131r gl\u00fcten unu, bira pirinci, mineraller, dijest, bitkisel ya\u011f.<br \/>\nKG BA\u015eINA KATKI MADDELER\u0130: Besin katk\u0131 maddeleri: 3b103 (Demir) 57,6mg, 3b202 (\u0130yot) 1,4mg, 3b405 (Bak\u0131r) 5,7mg, 3b502 (Manganez) 6,0mg, 3b603 (\u00c7inko) 101mg, 3b801 (Selenyum) 0,1mg, do\u011fal anti-oksidan i\u00e7erir.<br \/>\nANAL\u0130T\u0130K B\u0130LE\u015eENLER: Protein %31,1, Ya\u011f i\u00e7eri\u011fi %19,3, Ham lif %7,4, Ham k\u00fcl %5,5, Omega-6 ya\u011f asitleri %3,4, Kalsiyum %0,89, Fosfor %0,67, Sodyum %0,36, Potasyum %0,77, Magnezyum %0,07; kg ba\u015f\u0131na: Vitamin A 6.900IU, Vitamin D3 569IU, Vitamin E 750mg, Vitamin C 100mg, Beta-karoten 1,5mg.<br \/>\nHill&#8217;s VET ESSENTIALS MULTI-BENEFIT Tavuklu Yeti\u015fkin Kedi Mamas\u0131, 1-6 ya\u015f aras\u0131 yeti\u015fkin kediler i\u00e7in \u00e7ok faydal\u0131, komple bir evcil hayvan mamas\u0131d\u0131r. Enerji, protein, vitamin ve minerallerin beslenme a\u00e7\u0131s\u0131ndan hassas bir dengesini sa\u011flar.<\/p>","protected":false},"featured_media":44440,"comment_status":"open","ping_status":"closed","template":"","meta":{"_acf_changed":false},"product_brand":[],"product_cat":[2442],"product_tag":[],"class_list":{"0":"post-45517","1":"product","2":"type-product","3":"status-publish","4":"has-post-thumbnail","6":"product_cat-yetiskin-kedi-mamalari","8":"first","9":"instock","10":"shipping-taxable","11":"product-type-simple"},"acf":[],"yoast_head":"<!-- This site is optimized with the Yoast SEO plugin v27.5 - https:\/\/yoast.com\/product\/yoast-seo-wordpress\/ -->\n<title>Hill&#039;s VE Tavuklu Yeti\u015fkin Kedi Mamas\u0131 1.5KG - Anadolu Pet Grup<\/title>\n<meta name=\"robots\" content=\"index, follow, max-snippet:-1, max-image-preview:large, max-video-preview:-1\" \/>\n<link rel=\"canonical\" href=\"https:\/\/anadolupet.com.tr\/en\/product\/hills-ve-tavuklu-yetiskin-kedi-mamasi-1-5kg\/\" \/>\n<meta property=\"og:locale\" content=\"en_US\" \/>\n<meta property=\"og:type\" content=\"article\" \/>\n<meta property=\"og:title\" content=\"Hill&#039;s VE Tavuklu Yeti\u015fkin Kedi Mamas\u0131 1.5KG - Anadolu Pet Grup\" \/>\n<meta property=\"og:description\" content=\"Hill\u2019s VET ESSENTIALS MULTI-BENEFIT Tavuklu Yeti\u015fkin Kedi Mamas\u0131 kedilerde sa\u011fl\u0131kl\u0131 bir sindirimi destekleyen eksiksiz ve dengeli bir besindir, b\u00f6ylece sevgili dostunuzla daha fazla zaman ge\u00e7irmeye devam edebilirsiniz. Yaln\u0131zca veterinerinizde sat\u0131lan Hill\u2019s VET ESSENTIALS MULTI-BENEFIT ile evcil hayvan\u0131n\u0131z\u0131n sa\u011fl\u0131\u011f\u0131n\u0131 iyile\u015ftirmeye yard\u0131mc\u0131 olmak i\u00e7in proaktif bir ad\u0131m at\u0131n. Evcil hayvan\u0131n\u0131z\u0131n ya\u015fam\u0131n\u0131 d\u00f6n\u00fc\u015ft\u00fcrmeye yard\u0131mc\u0131 olan harika lezzetli mama. Size ba\u011fl\u0131 olduklar\u0131 i\u00e7in, onlara m\u00fcmk\u00fcn olan en iyi ve sa\u011fl\u0131kl\u0131 mamay\u0131 sa\u011flamaya \u00e7al\u0131\u015f\u0131yoruz. Hill&#039;s VET ESSENTIALS, kedinizin benzersiz sa\u011fl\u0131k ihtiya\u00e7lar\u0131n\u0131 kar\u015f\u0131layan bilim \u00f6ncelikli form\u00fcllerle, evcil hayvan\u0131n\u0131z\u0131n sa\u011fl\u0131\u011f\u0131n\u0131 basit tutman\u0131za yard\u0131mc\u0131 oluyor ve gelecekte ya\u015fanabilecek her yeni sorunun birlikte \u00fcstesinden gelme g\u00fcvenini sa\u011fl\u0131yor. Herhangi bir yapay koruyucu i\u00e7ermez. Herhangi bir yapay renklendirici i\u00e7ermez. Herhangi bir yapay tatland\u0131r\u0131c\u0131 i\u00e7ermez. KED\u0130N\u0130Z \u0130\u00c7\u0130N SEVG\u0130 \u0130LE \u00dcRET\u0130LEN \u00c7OK FAYDALI TAM BESLENME. \u00dcr\u00fcnlerimiz en kaliteli malzemelerle \u00fcretilmektedir. Bu malzemeler, safl\u0131k ve besin i\u00e7eri\u011fi konusundaki kat\u0131 kriterlerimizi kar\u015f\u0131lamal\u0131d\u0131r. Hill&#039;s VET ESSENTIALS MULTI-BENEFIT kedi mamas\u0131, kedilerin asla hay\u0131r diyemeyece\u011fi farkl\u0131 lezzetleri i\u00e7eren \u00e7e\u015fitli kuru ve \u0131slak mama formlar\u0131nda sunulmaktad\u0131r. \u0130\u00c7\u0130NDEK\u0130LER: Tavuk ve hindi unu (tavuk %19; toplam k\u00fcmes hayvanlar\u0131 %30), m\u0131s\u0131r, hayvansal ya\u011f, sel\u00fcloz, m\u0131s\u0131r gl\u00fcten unu, bira pirinci, mineraller, dijest, bitkisel ya\u011f. KG BA\u015eINA KATKI MADDELER\u0130: Besin katk\u0131 maddeleri: 3b103 (Demir) 57,6mg, 3b202 (\u0130yot) 1,4mg, 3b405 (Bak\u0131r) 5,7mg, 3b502 (Manganez) 6,0mg, 3b603 (\u00c7inko) 101mg, 3b801 (Selenyum) 0,1mg, do\u011fal anti-oksidan i\u00e7erir. ANAL\u0130T\u0130K B\u0130LE\u015eENLER: Protein %31,1, Ya\u011f i\u00e7eri\u011fi %19,3, Ham lif %7,4, Ham k\u00fcl %5,5, Omega-6 ya\u011f asitleri %3,4, Kalsiyum %0,89, Fosfor %0,67, Sodyum %0,36, Potasyum %0,77, Magnezyum %0,07; kg ba\u015f\u0131na: Vitamin A 6.900IU, Vitamin D3 569IU, Vitamin E 750mg, Vitamin C 100mg, Beta-karoten 1,5mg. Hill&#039;s VET ESSENTIALS MULTI-BENEFIT Tavuklu Yeti\u015fkin Kedi Mamas\u0131, 1-6 ya\u015f aras\u0131 yeti\u015fkin kediler i\u00e7in \u00e7ok faydal\u0131, komple bir evcil hayvan mamas\u0131d\u0131r. Enerji, protein, vitamin ve minerallerin beslenme a\u00e7\u0131s\u0131ndan hassas bir dengesini sa\u011flar.\" \/>\n<meta property=\"og:url\" content=\"https:\/\/anadolupet.com.tr\/en\/product\/hills-ve-tavuklu-yetiskin-kedi-mamasi-1-5kg\/\" \/>\n<meta property=\"og:site_name\" content=\"Anadolu Pet Grup\" \/>\n<meta property=\"article:modified_time\" content=\"2026-02-23T12:48:59+00:00\" \/>\n<meta property=\"og:image\" content=\"https:\/\/anadolupet.com.tr\/wp-content\/uploads\/2026\/02\/665-607469.jpg\" \/>\n\t<meta property=\"og:image:width\" content=\"750\" \/>\n\t<meta property=\"og:image:height\" content=\"750\" \/>\n\t<meta property=\"og:image:type\" content=\"image\/jpeg\" \/>\n<meta name=\"twitter:card\" content=\"summary_large_image\" \/>\n<script type=\"application\/ld+json\" class=\"yoast-schema-graph\">{\"@context\":\"https:\\\/\\\/schema.org\",\"@graph\":[{\"@type\":\"WebPage\",\"@id\":\"https:\\\/\\\/anadolupet.com.tr\\\/urun\\\/hills-ve-tavuklu-yetiskin-kedi-mamasi-1-5kg\\\/\",\"url\":\"https:\\\/\\\/anadolupet.com.tr\\\/urun\\\/hills-ve-tavuklu-yetiskin-kedi-mamasi-1-5kg\\\/\",\"name\":\"Hill's VE Tavuklu Yeti\u015fkin Kedi Mamas\u0131 1.5KG - Anadolu Pet Grup\",\"isPartOf\":{\"@id\":\"https:\\\/\\\/anadolupet.com.tr\\\/#website\"},\"primaryImageOfPage\":{\"@id\":\"https:\\\/\\\/anadolupet.com.tr\\\/urun\\\/hills-ve-tavuklu-yetiskin-kedi-mamasi-1-5kg\\\/#primaryimage\"},\"image\":{\"@id\":\"https:\\\/\\\/anadolupet.com.tr\\\/urun\\\/hills-ve-tavuklu-yetiskin-kedi-mamasi-1-5kg\\\/#primaryimage\"},\"thumbnailUrl\":\"https:\\\/\\\/anadolupet.com.tr\\\/wp-content\\\/uploads\\\/2026\\\/02\\\/665-607469.jpg\",\"datePublished\":\"2026-02-14T14:41:49+00:00\",\"dateModified\":\"2026-02-23T12:48:59+00:00\",\"breadcrumb\":{\"@id\":\"https:\\\/\\\/anadolupet.com.tr\\\/urun\\\/hills-ve-tavuklu-yetiskin-kedi-mamasi-1-5kg\\\/#breadcrumb\"},\"inLanguage\":\"en-US\",\"potentialAction\":[{\"@type\":\"ReadAction\",\"target\":[\"https:\\\/\\\/anadolupet.com.tr\\\/urun\\\/hills-ve-tavuklu-yetiskin-kedi-mamasi-1-5kg\\\/\"]}]},{\"@type\":\"ImageObject\",\"inLanguage\":\"en-US\",\"@id\":\"https:\\\/\\\/anadolupet.com.tr\\\/urun\\\/hills-ve-tavuklu-yetiskin-kedi-mamasi-1-5kg\\\/#primaryimage\",\"url\":\"https:\\\/\\\/anadolupet.com.tr\\\/wp-content\\\/uploads\\\/2026\\\/02\\\/665-607469.jpg\",\"contentUrl\":\"https:\\\/\\\/anadolupet.com.tr\\\/wp-content\\\/uploads\\\/2026\\\/02\\\/665-607469.jpg\",\"width\":750,\"height\":750},{\"@type\":\"BreadcrumbList\",\"@id\":\"https:\\\/\\\/anadolupet.com.tr\\\/urun\\\/hills-ve-tavuklu-yetiskin-kedi-mamasi-1-5kg\\\/#breadcrumb\",\"itemListElement\":[{\"@type\":\"ListItem\",\"position\":1,\"name\":\"Anasayfa\",\"item\":\"https:\\\/\\\/anadolupet.com.tr\\\/\"},{\"@type\":\"ListItem\",\"position\":2,\"name\":\"\u00dcr\u00fcnler\",\"item\":\"https:\\\/\\\/anadolupet.com.tr\\\/urunler\\\/\"},{\"@type\":\"ListItem\",\"position\":3,\"name\":\"Hill&#8217;s VE Tavuklu Yeti\u015fkin Kedi Mamas\u0131 1.5KG\"}]},{\"@type\":\"WebSite\",\"@id\":\"https:\\\/\\\/anadolupet.com.tr\\\/#website\",\"url\":\"https:\\\/\\\/anadolupet.com.tr\\\/\",\"name\":\"Anadolu Pet Grup\",\"description\":\"Her Can\u0131n \u0130yi Ya\u015fam\u0131 \u0130\u00e7in Biraraday\u0131z\",\"publisher\":{\"@id\":\"https:\\\/\\\/anadolupet.com.tr\\\/#organization\"},\"potentialAction\":[{\"@type\":\"SearchAction\",\"target\":{\"@type\":\"EntryPoint\",\"urlTemplate\":\"https:\\\/\\\/anadolupet.com.tr\\\/?s={search_term_string}\"},\"query-input\":{\"@type\":\"PropertyValueSpecification\",\"valueRequired\":true,\"valueName\":\"search_term_string\"}}],\"inLanguage\":\"en-US\"},{\"@type\":\"Organization\",\"@id\":\"https:\\\/\\\/anadolupet.com.tr\\\/#organization\",\"name\":\"Anadolu Pet Grup\",\"alternateName\":\"Anadolu Pet\",\"url\":\"https:\\\/\\\/anadolupet.com.tr\\\/\",\"logo\":{\"@type\":\"ImageObject\",\"inLanguage\":\"en-US\",\"@id\":\"https:\\\/\\\/anadolupet.com.tr\\\/#\\\/schema\\\/logo\\\/image\\\/\",\"url\":\"https:\\\/\\\/anadolupet.com.tr\\\/wp-content\\\/uploads\\\/2026\\\/03\\\/1614666743370.jpg\",\"contentUrl\":\"https:\\\/\\\/anadolupet.com.tr\\\/wp-content\\\/uploads\\\/2026\\\/03\\\/1614666743370.jpg\",\"width\":800,\"height\":571,\"caption\":\"Anadolu Pet Grup\"},\"image\":{\"@id\":\"https:\\\/\\\/anadolupet.com.tr\\\/#\\\/schema\\\/logo\\\/image\\\/\"}}]}<\/script>\n<!-- \/ Yoast SEO plugin. -->","yoast_head_json":{"title":"Hill's VE Tavuklu Yeti\u015fkin Kedi Mamas\u0131 1.5KG - Anadolu Pet Grup","robots":{"index":"index","follow":"follow","max-snippet":"max-snippet:-1","max-image-preview":"max-image-preview:large","max-video-preview":"max-video-preview:-1"},"canonical":"https:\/\/anadolupet.com.tr\/en\/product\/hills-ve-tavuklu-yetiskin-kedi-mamasi-1-5kg\/","og_locale":"en_US","og_type":"article","og_title":"Hill's VE Tavuklu Yeti\u015fkin Kedi Mamas\u0131 1.5KG - Anadolu Pet Grup","og_description":"Hill\u2019s VET ESSENTIALS MULTI-BENEFIT Tavuklu Yeti\u015fkin Kedi Mamas\u0131 kedilerde sa\u011fl\u0131kl\u0131 bir sindirimi destekleyen eksiksiz ve dengeli bir besindir, b\u00f6ylece sevgili dostunuzla daha fazla zaman ge\u00e7irmeye devam edebilirsiniz. Yaln\u0131zca veterinerinizde sat\u0131lan Hill\u2019s VET ESSENTIALS MULTI-BENEFIT ile evcil hayvan\u0131n\u0131z\u0131n sa\u011fl\u0131\u011f\u0131n\u0131 iyile\u015ftirmeye yard\u0131mc\u0131 olmak i\u00e7in proaktif bir ad\u0131m at\u0131n. Evcil hayvan\u0131n\u0131z\u0131n ya\u015fam\u0131n\u0131 d\u00f6n\u00fc\u015ft\u00fcrmeye yard\u0131mc\u0131 olan harika lezzetli mama. Size ba\u011fl\u0131 olduklar\u0131 i\u00e7in, onlara m\u00fcmk\u00fcn olan en iyi ve sa\u011fl\u0131kl\u0131 mamay\u0131 sa\u011flamaya \u00e7al\u0131\u015f\u0131yoruz. Hill's VET ESSENTIALS, kedinizin benzersiz sa\u011fl\u0131k ihtiya\u00e7lar\u0131n\u0131 kar\u015f\u0131layan bilim \u00f6ncelikli form\u00fcllerle, evcil hayvan\u0131n\u0131z\u0131n sa\u011fl\u0131\u011f\u0131n\u0131 basit tutman\u0131za yard\u0131mc\u0131 oluyor ve gelecekte ya\u015fanabilecek her yeni sorunun birlikte \u00fcstesinden gelme g\u00fcvenini sa\u011fl\u0131yor. Herhangi bir yapay koruyucu i\u00e7ermez. Herhangi bir yapay renklendirici i\u00e7ermez. Herhangi bir yapay tatland\u0131r\u0131c\u0131 i\u00e7ermez. KED\u0130N\u0130Z \u0130\u00c7\u0130N SEVG\u0130 \u0130LE \u00dcRET\u0130LEN \u00c7OK FAYDALI TAM BESLENME. \u00dcr\u00fcnlerimiz en kaliteli malzemelerle \u00fcretilmektedir. Bu malzemeler, safl\u0131k ve besin i\u00e7eri\u011fi konusundaki kat\u0131 kriterlerimizi kar\u015f\u0131lamal\u0131d\u0131r. Hill's VET ESSENTIALS MULTI-BENEFIT kedi mamas\u0131, kedilerin asla hay\u0131r diyemeyece\u011fi farkl\u0131 lezzetleri i\u00e7eren \u00e7e\u015fitli kuru ve \u0131slak mama formlar\u0131nda sunulmaktad\u0131r. \u0130\u00c7\u0130NDEK\u0130LER: Tavuk ve hindi unu (tavuk %19; toplam k\u00fcmes hayvanlar\u0131 %30), m\u0131s\u0131r, hayvansal ya\u011f, sel\u00fcloz, m\u0131s\u0131r gl\u00fcten unu, bira pirinci, mineraller, dijest, bitkisel ya\u011f. KG BA\u015eINA KATKI MADDELER\u0130: Besin katk\u0131 maddeleri: 3b103 (Demir) 57,6mg, 3b202 (\u0130yot) 1,4mg, 3b405 (Bak\u0131r) 5,7mg, 3b502 (Manganez) 6,0mg, 3b603 (\u00c7inko) 101mg, 3b801 (Selenyum) 0,1mg, do\u011fal anti-oksidan i\u00e7erir. ANAL\u0130T\u0130K B\u0130LE\u015eENLER: Protein %31,1, Ya\u011f i\u00e7eri\u011fi %19,3, Ham lif %7,4, Ham k\u00fcl %5,5, Omega-6 ya\u011f asitleri %3,4, Kalsiyum %0,89, Fosfor %0,67, Sodyum %0,36, Potasyum %0,77, Magnezyum %0,07; kg ba\u015f\u0131na: Vitamin A 6.900IU, Vitamin D3 569IU, Vitamin E 750mg, Vitamin C 100mg, Beta-karoten 1,5mg. Hill's VET ESSENTIALS MULTI-BENEFIT Tavuklu Yeti\u015fkin Kedi Mamas\u0131, 1-6 ya\u015f aras\u0131 yeti\u015fkin kediler i\u00e7in \u00e7ok faydal\u0131, komple bir evcil hayvan mamas\u0131d\u0131r. Enerji, protein, vitamin ve minerallerin beslenme a\u00e7\u0131s\u0131ndan hassas bir dengesini sa\u011flar.","og_url":"https:\/\/anadolupet.com.tr\/en\/product\/hills-ve-tavuklu-yetiskin-kedi-mamasi-1-5kg\/","og_site_name":"Anadolu Pet Grup","article_modified_time":"2026-02-23T12:48:59+00:00","og_image":[{"width":750,"height":750,"url":"https:\/\/anadolupet.com.tr\/wp-content\/uploads\/2026\/02\/665-607469.jpg","type":"image\/jpeg"}],"twitter_card":"summary_large_image","schema":{"@context":"https:\/\/schema.org","@graph":[{"@type":"WebPage","@id":"https:\/\/anadolupet.com.tr\/urun\/hills-ve-tavuklu-yetiskin-kedi-mamasi-1-5kg\/","url":"https:\/\/anadolupet.com.tr\/urun\/hills-ve-tavuklu-yetiskin-kedi-mamasi-1-5kg\/","name":"Hill's VE Tavuklu Yeti\u015fkin Kedi Mamas\u0131 1.5KG - Anadolu Pet Grup","isPartOf":{"@id":"https:\/\/anadolupet.com.tr\/#website"},"primaryImageOfPage":{"@id":"https:\/\/anadolupet.com.tr\/urun\/hills-ve-tavuklu-yetiskin-kedi-mamasi-1-5kg\/#primaryimage"},"image":{"@id":"https:\/\/anadolupet.com.tr\/urun\/hills-ve-tavuklu-yetiskin-kedi-mamasi-1-5kg\/#primaryimage"},"thumbnailUrl":"https:\/\/anadolupet.com.tr\/wp-content\/uploads\/2026\/02\/665-607469.jpg","datePublished":"2026-02-14T14:41:49+00:00","dateModified":"2026-02-23T12:48:59+00:00","breadcrumb":{"@id":"https:\/\/anadolupet.com.tr\/urun\/hills-ve-tavuklu-yetiskin-kedi-mamasi-1-5kg\/#breadcrumb"},"inLanguage":"en-US","potentialAction":[{"@type":"ReadAction","target":["https:\/\/anadolupet.com.tr\/urun\/hills-ve-tavuklu-yetiskin-kedi-mamasi-1-5kg\/"]}]},{"@type":"ImageObject","inLanguage":"en-US","@id":"https:\/\/anadolupet.com.tr\/urun\/hills-ve-tavuklu-yetiskin-kedi-mamasi-1-5kg\/#primaryimage","url":"https:\/\/anadolupet.com.tr\/wp-content\/uploads\/2026\/02\/665-607469.jpg","contentUrl":"https:\/\/anadolupet.com.tr\/wp-content\/uploads\/2026\/02\/665-607469.jpg","width":750,"height":750},{"@type":"BreadcrumbList","@id":"https:\/\/anadolupet.com.tr\/urun\/hills-ve-tavuklu-yetiskin-kedi-mamasi-1-5kg\/#breadcrumb","itemListElement":[{"@type":"ListItem","position":1,"name":"Anasayfa","item":"https:\/\/anadolupet.com.tr\/"},{"@type":"ListItem","position":2,"name":"\u00dcr\u00fcnler","item":"https:\/\/anadolupet.com.tr\/urunler\/"},{"@type":"ListItem","position":3,"name":"Hill&#8217;s VE Tavuklu Yeti\u015fkin Kedi Mamas\u0131 1.5KG"}]},{"@type":"WebSite","@id":"https:\/\/anadolupet.com.tr\/#website","url":"https:\/\/anadolupet.com.tr\/","name":"Anadolu Pet Group","description":"We Stand Together for the Well-Being of Every Life","publisher":{"@id":"https:\/\/anadolupet.com.tr\/#organization"},"potentialAction":[{"@type":"SearchAction","target":{"@type":"EntryPoint","urlTemplate":"https:\/\/anadolupet.com.tr\/?s={search_term_string}"},"query-input":{"@type":"PropertyValueSpecification","valueRequired":true,"valueName":"search_term_string"}}],"inLanguage":"en-US"},{"@type":"Organization","@id":"https:\/\/anadolupet.com.tr\/#organization","name":"Anadolu Pet Group","alternateName":"Anadolu Pet","url":"https:\/\/anadolupet.com.tr\/","logo":{"@type":"ImageObject","inLanguage":"en-US","@id":"https:\/\/anadolupet.com.tr\/#\/schema\/logo\/image\/","url":"https:\/\/anadolupet.com.tr\/wp-content\/uploads\/2026\/03\/1614666743370.jpg","contentUrl":"https:\/\/anadolupet.com.tr\/wp-content\/uploads\/2026\/03\/1614666743370.jpg","width":800,"height":571,"caption":"Anadolu Pet Grup"},"image":{"@id":"https:\/\/anadolupet.com.tr\/#\/schema\/logo\/image\/"}}]}},"_links":{"self":[{"href":"https:\/\/anadolupet.com.tr\/en\/wp-json\/wp\/v2\/product\/45517","targetHints":{"allow":["GET"]}}],"collection":[{"href":"https:\/\/anadolupet.com.tr\/en\/wp-json\/wp\/v2\/product"}],"about":[{"href":"https:\/\/anadolupet.com.tr\/en\/wp-json\/wp\/v2\/types\/product"}],"replies":[{"embeddable":true,"href":"https:\/\/anadolupet.com.tr\/en\/wp-json\/wp\/v2\/comments?post=45517"}],"wp:featuredmedia":[{"embeddable":true,"href":"https:\/\/anadolupet.com.tr\/en\/wp-json\/wp\/v2\/media\/44440"}],"wp:attachment":[{"href":"https:\/\/anadolupet.com.tr\/en\/wp-json\/wp\/v2\/media?parent=45517"}],"wp:term":[{"taxonomy":"product_brand","embeddable":true,"href":"https:\/\/anadolupet.com.tr\/en\/wp-json\/wp\/v2\/product_brand?post=45517"},{"taxonomy":"product_cat","embeddable":true,"href":"https:\/\/anadolupet.com.tr\/en\/wp-json\/wp\/v2\/product_cat?post=45517"},{"taxonomy":"product_tag","embeddable":true,"href":"https:\/\/anadolupet.com.tr\/en\/wp-json\/wp\/v2\/product_tag?post=45517"}],"curies":[{"name":"wp","href":"https:\/\/api.w.org\/{rel}","templated":true}]}}