{"id":45530,"date":"2026-02-14T14:41:51","date_gmt":"2026-02-14T14:41:51","guid":{"rendered":"https:\/\/anadolupet.com.tr\/urun\/kong-airdog-pati-seklinde-sesli-kopek-oyuncagi-m\/"},"modified":"2026-02-23T12:49:00","modified_gmt":"2026-02-23T12:49:00","slug":"kong-airdog-pati-seklinde-sesli-kopek-oyuncagi-m","status":"publish","type":"product","link":"https:\/\/anadolupet.com.tr\/en\/urun\/kong-airdog-pati-seklinde-sesli-kopek-oyuncagi-m\/","title":{"rendered":"KONG AirDog Pati \u015eeklinde Sesli K\u00f6pek Oyunca\u011f\u0131 M"},"content":{"rendered":"","protected":false},"excerpt":{"rendered":"<p>KONG AirDog Paw, tenis topu dokusu ile g\u0131c\u0131rt\u0131l\u0131 oyuncak \u00f6zelli\u011fini bir araya getiren, pen\u00e7e formunda tasarlanm\u0131\u015f fonksiyonel bir k\u00f6pek oyunca\u011f\u0131d\u0131r. Tahmin edilemez s\u0131\u00e7rama hareketleri sayesinde k\u00f6peklerin oyun i\u00e7g\u00fcd\u00fcs\u00fcn\u00fc destekler; uzun s\u00fcreli ve aktif kullan\u0131m sunar.<br \/>\nA\u015f\u0131nd\u0131r\u0131c\u0131 olmayan \u00f6zel ke\u00e7e malzemesi, di\u015f ve di\u015f etlerine zarar vermeden g\u00fcvenli bir oyun deneyimi sa\u011flar. G\u0131c\u0131rt\u0131l\u0131 yap\u0131s\u0131, k\u00f6pe\u011fin oyunca\u011fa olan ilgisini art\u0131rarak tekrar eden oyun davran\u0131\u015f\u0131n\u0131 te\u015fvik eder.<br \/>\nFarkl\u0131 boyut se\u00e7enekleriyle geni\u015f bir \u0131rk ve ya\u015f grubuna hitap eder; pet shoplar, veteriner klinikleri ve profesyonel sat\u0131\u015f kanallar\u0131 i\u00e7in ideal bir \u00fcr\u00fcnd\u00fcr.<\/p>","protected":false},"featured_media":43721,"comment_status":"open","ping_status":"closed","template":"","meta":{"_acf_changed":false},"product_brand":[],"product_cat":[3835],"product_tag":[],"class_list":{"0":"post-45530","1":"product","2":"type-product","3":"status-publish","4":"has-post-thumbnail","6":"product_cat-oyuncaklari","8":"first","9":"instock","10":"shipping-taxable","11":"product-type-simple"},"acf":[],"yoast_head":"<!-- This site is optimized with the Yoast SEO plugin v27.5 - https:\/\/yoast.com\/product\/yoast-seo-wordpress\/ -->\n<title>KONG AirDog Pati \u015eeklinde Sesli K\u00f6pek Oyunca\u011f\u0131 M - Anadolu Pet Grup<\/title>\n<meta name=\"robots\" content=\"index, follow, max-snippet:-1, max-image-preview:large, max-video-preview:-1\" \/>\n<link rel=\"canonical\" href=\"https:\/\/anadolupet.com.tr\/en\/product\/kong-airdog-pati-seklinde-sesli-kopek-oyuncagi-m\/\" \/>\n<meta property=\"og:locale\" content=\"en_US\" \/>\n<meta property=\"og:type\" content=\"article\" \/>\n<meta property=\"og:title\" content=\"KONG AirDog Pati \u015eeklinde Sesli K\u00f6pek Oyunca\u011f\u0131 M - Anadolu Pet Grup\" \/>\n<meta property=\"og:description\" content=\"KONG AirDog Paw, tenis topu dokusu ile g\u0131c\u0131rt\u0131l\u0131 oyuncak \u00f6zelli\u011fini bir araya getiren, pen\u00e7e formunda tasarlanm\u0131\u015f fonksiyonel bir k\u00f6pek oyunca\u011f\u0131d\u0131r. Tahmin edilemez s\u0131\u00e7rama hareketleri sayesinde k\u00f6peklerin oyun i\u00e7g\u00fcd\u00fcs\u00fcn\u00fc destekler; uzun s\u00fcreli ve aktif kullan\u0131m sunar. A\u015f\u0131nd\u0131r\u0131c\u0131 olmayan \u00f6zel ke\u00e7e malzemesi, di\u015f ve di\u015f etlerine zarar vermeden g\u00fcvenli bir oyun deneyimi sa\u011flar. G\u0131c\u0131rt\u0131l\u0131 yap\u0131s\u0131, k\u00f6pe\u011fin oyunca\u011fa olan ilgisini art\u0131rarak tekrar eden oyun davran\u0131\u015f\u0131n\u0131 te\u015fvik eder. Farkl\u0131 boyut se\u00e7enekleriyle geni\u015f bir \u0131rk ve ya\u015f grubuna hitap eder; pet shoplar, veteriner klinikleri ve profesyonel sat\u0131\u015f kanallar\u0131 i\u00e7in ideal bir \u00fcr\u00fcnd\u00fcr.\" \/>\n<meta property=\"og:url\" content=\"https:\/\/anadolupet.com.tr\/en\/product\/kong-airdog-pati-seklinde-sesli-kopek-oyuncagi-m\/\" \/>\n<meta property=\"og:site_name\" content=\"Anadolu Pet Grup\" \/>\n<meta property=\"article:modified_time\" content=\"2026-02-23T12:49:00+00:00\" \/>\n<meta property=\"og:image\" content=\"https:\/\/anadolupet.com.tr\/wp-content\/uploads\/2026\/02\/390-ASQ22E_2.jpg\" \/>\n\t<meta property=\"og:image:width\" content=\"750\" \/>\n\t<meta property=\"og:image:height\" content=\"750\" \/>\n\t<meta property=\"og:image:type\" content=\"image\/jpeg\" \/>\n<meta name=\"twitter:card\" content=\"summary_large_image\" \/>\n<script type=\"application\/ld+json\" class=\"yoast-schema-graph\">{\"@context\":\"https:\\\/\\\/schema.org\",\"@graph\":[{\"@type\":\"WebPage\",\"@id\":\"https:\\\/\\\/anadolupet.com.tr\\\/urun\\\/kong-airdog-pati-seklinde-sesli-kopek-oyuncagi-m\\\/\",\"url\":\"https:\\\/\\\/anadolupet.com.tr\\\/urun\\\/kong-airdog-pati-seklinde-sesli-kopek-oyuncagi-m\\\/\",\"name\":\"KONG AirDog Pati \u015eeklinde Sesli K\u00f6pek Oyunca\u011f\u0131 M - Anadolu Pet Grup\",\"isPartOf\":{\"@id\":\"https:\\\/\\\/anadolupet.com.tr\\\/#website\"},\"primaryImageOfPage\":{\"@id\":\"https:\\\/\\\/anadolupet.com.tr\\\/urun\\\/kong-airdog-pati-seklinde-sesli-kopek-oyuncagi-m\\\/#primaryimage\"},\"image\":{\"@id\":\"https:\\\/\\\/anadolupet.com.tr\\\/urun\\\/kong-airdog-pati-seklinde-sesli-kopek-oyuncagi-m\\\/#primaryimage\"},\"thumbnailUrl\":\"https:\\\/\\\/anadolupet.com.tr\\\/wp-content\\\/uploads\\\/2026\\\/02\\\/390-ASQ22E_2.jpg\",\"datePublished\":\"2026-02-14T14:41:51+00:00\",\"dateModified\":\"2026-02-23T12:49:00+00:00\",\"breadcrumb\":{\"@id\":\"https:\\\/\\\/anadolupet.com.tr\\\/urun\\\/kong-airdog-pati-seklinde-sesli-kopek-oyuncagi-m\\\/#breadcrumb\"},\"inLanguage\":\"en-US\",\"potentialAction\":[{\"@type\":\"ReadAction\",\"target\":[\"https:\\\/\\\/anadolupet.com.tr\\\/urun\\\/kong-airdog-pati-seklinde-sesli-kopek-oyuncagi-m\\\/\"]}]},{\"@type\":\"ImageObject\",\"inLanguage\":\"en-US\",\"@id\":\"https:\\\/\\\/anadolupet.com.tr\\\/urun\\\/kong-airdog-pati-seklinde-sesli-kopek-oyuncagi-m\\\/#primaryimage\",\"url\":\"https:\\\/\\\/anadolupet.com.tr\\\/wp-content\\\/uploads\\\/2026\\\/02\\\/390-ASQ22E_2.jpg\",\"contentUrl\":\"https:\\\/\\\/anadolupet.com.tr\\\/wp-content\\\/uploads\\\/2026\\\/02\\\/390-ASQ22E_2.jpg\",\"width\":750,\"height\":750},{\"@type\":\"BreadcrumbList\",\"@id\":\"https:\\\/\\\/anadolupet.com.tr\\\/urun\\\/kong-airdog-pati-seklinde-sesli-kopek-oyuncagi-m\\\/#breadcrumb\",\"itemListElement\":[{\"@type\":\"ListItem\",\"position\":1,\"name\":\"Anasayfa\",\"item\":\"https:\\\/\\\/anadolupet.com.tr\\\/\"},{\"@type\":\"ListItem\",\"position\":2,\"name\":\"\u00dcr\u00fcnler\",\"item\":\"https:\\\/\\\/anadolupet.com.tr\\\/urunler\\\/\"},{\"@type\":\"ListItem\",\"position\":3,\"name\":\"KONG AirDog Pati \u015eeklinde Sesli K\u00f6pek Oyunca\u011f\u0131 M\"}]},{\"@type\":\"WebSite\",\"@id\":\"https:\\\/\\\/anadolupet.com.tr\\\/#website\",\"url\":\"https:\\\/\\\/anadolupet.com.tr\\\/\",\"name\":\"Anadolu Pet Grup\",\"description\":\"Her Can\u0131n \u0130yi Ya\u015fam\u0131 \u0130\u00e7in Biraraday\u0131z\",\"publisher\":{\"@id\":\"https:\\\/\\\/anadolupet.com.tr\\\/#organization\"},\"potentialAction\":[{\"@type\":\"SearchAction\",\"target\":{\"@type\":\"EntryPoint\",\"urlTemplate\":\"https:\\\/\\\/anadolupet.com.tr\\\/?s={search_term_string}\"},\"query-input\":{\"@type\":\"PropertyValueSpecification\",\"valueRequired\":true,\"valueName\":\"search_term_string\"}}],\"inLanguage\":\"en-US\"},{\"@type\":\"Organization\",\"@id\":\"https:\\\/\\\/anadolupet.com.tr\\\/#organization\",\"name\":\"Anadolu Pet Grup\",\"alternateName\":\"Anadolu Pet\",\"url\":\"https:\\\/\\\/anadolupet.com.tr\\\/\",\"logo\":{\"@type\":\"ImageObject\",\"inLanguage\":\"en-US\",\"@id\":\"https:\\\/\\\/anadolupet.com.tr\\\/#\\\/schema\\\/logo\\\/image\\\/\",\"url\":\"https:\\\/\\\/anadolupet.com.tr\\\/wp-content\\\/uploads\\\/2026\\\/03\\\/1614666743370.jpg\",\"contentUrl\":\"https:\\\/\\\/anadolupet.com.tr\\\/wp-content\\\/uploads\\\/2026\\\/03\\\/1614666743370.jpg\",\"width\":800,\"height\":571,\"caption\":\"Anadolu Pet Grup\"},\"image\":{\"@id\":\"https:\\\/\\\/anadolupet.com.tr\\\/#\\\/schema\\\/logo\\\/image\\\/\"}}]}<\/script>\n<!-- \/ Yoast SEO plugin. -->","yoast_head_json":{"title":"KONG AirDog Pati \u015eeklinde Sesli K\u00f6pek Oyunca\u011f\u0131 M - Anadolu Pet Grup","robots":{"index":"index","follow":"follow","max-snippet":"max-snippet:-1","max-image-preview":"max-image-preview:large","max-video-preview":"max-video-preview:-1"},"canonical":"https:\/\/anadolupet.com.tr\/en\/product\/kong-airdog-pati-seklinde-sesli-kopek-oyuncagi-m\/","og_locale":"en_US","og_type":"article","og_title":"KONG AirDog Pati \u015eeklinde Sesli K\u00f6pek Oyunca\u011f\u0131 M - Anadolu Pet Grup","og_description":"KONG AirDog Paw, tenis topu dokusu ile g\u0131c\u0131rt\u0131l\u0131 oyuncak \u00f6zelli\u011fini bir araya getiren, pen\u00e7e formunda tasarlanm\u0131\u015f fonksiyonel bir k\u00f6pek oyunca\u011f\u0131d\u0131r. Tahmin edilemez s\u0131\u00e7rama hareketleri sayesinde k\u00f6peklerin oyun i\u00e7g\u00fcd\u00fcs\u00fcn\u00fc destekler; uzun s\u00fcreli ve aktif kullan\u0131m sunar. A\u015f\u0131nd\u0131r\u0131c\u0131 olmayan \u00f6zel ke\u00e7e malzemesi, di\u015f ve di\u015f etlerine zarar vermeden g\u00fcvenli bir oyun deneyimi sa\u011flar. G\u0131c\u0131rt\u0131l\u0131 yap\u0131s\u0131, k\u00f6pe\u011fin oyunca\u011fa olan ilgisini art\u0131rarak tekrar eden oyun davran\u0131\u015f\u0131n\u0131 te\u015fvik eder. Farkl\u0131 boyut se\u00e7enekleriyle geni\u015f bir \u0131rk ve ya\u015f grubuna hitap eder; pet shoplar, veteriner klinikleri ve profesyonel sat\u0131\u015f kanallar\u0131 i\u00e7in ideal bir \u00fcr\u00fcnd\u00fcr.","og_url":"https:\/\/anadolupet.com.tr\/en\/product\/kong-airdog-pati-seklinde-sesli-kopek-oyuncagi-m\/","og_site_name":"Anadolu Pet Grup","article_modified_time":"2026-02-23T12:49:00+00:00","og_image":[{"width":750,"height":750,"url":"https:\/\/anadolupet.com.tr\/wp-content\/uploads\/2026\/02\/390-ASQ22E_2.jpg","type":"image\/jpeg"}],"twitter_card":"summary_large_image","schema":{"@context":"https:\/\/schema.org","@graph":[{"@type":"WebPage","@id":"https:\/\/anadolupet.com.tr\/urun\/kong-airdog-pati-seklinde-sesli-kopek-oyuncagi-m\/","url":"https:\/\/anadolupet.com.tr\/urun\/kong-airdog-pati-seklinde-sesli-kopek-oyuncagi-m\/","name":"KONG AirDog Pati \u015eeklinde Sesli K\u00f6pek Oyunca\u011f\u0131 M - Anadolu Pet Grup","isPartOf":{"@id":"https:\/\/anadolupet.com.tr\/#website"},"primaryImageOfPage":{"@id":"https:\/\/anadolupet.com.tr\/urun\/kong-airdog-pati-seklinde-sesli-kopek-oyuncagi-m\/#primaryimage"},"image":{"@id":"https:\/\/anadolupet.com.tr\/urun\/kong-airdog-pati-seklinde-sesli-kopek-oyuncagi-m\/#primaryimage"},"thumbnailUrl":"https:\/\/anadolupet.com.tr\/wp-content\/uploads\/2026\/02\/390-ASQ22E_2.jpg","datePublished":"2026-02-14T14:41:51+00:00","dateModified":"2026-02-23T12:49:00+00:00","breadcrumb":{"@id":"https:\/\/anadolupet.com.tr\/urun\/kong-airdog-pati-seklinde-sesli-kopek-oyuncagi-m\/#breadcrumb"},"inLanguage":"en-US","potentialAction":[{"@type":"ReadAction","target":["https:\/\/anadolupet.com.tr\/urun\/kong-airdog-pati-seklinde-sesli-kopek-oyuncagi-m\/"]}]},{"@type":"ImageObject","inLanguage":"en-US","@id":"https:\/\/anadolupet.com.tr\/urun\/kong-airdog-pati-seklinde-sesli-kopek-oyuncagi-m\/#primaryimage","url":"https:\/\/anadolupet.com.tr\/wp-content\/uploads\/2026\/02\/390-ASQ22E_2.jpg","contentUrl":"https:\/\/anadolupet.com.tr\/wp-content\/uploads\/2026\/02\/390-ASQ22E_2.jpg","width":750,"height":750},{"@type":"BreadcrumbList","@id":"https:\/\/anadolupet.com.tr\/urun\/kong-airdog-pati-seklinde-sesli-kopek-oyuncagi-m\/#breadcrumb","itemListElement":[{"@type":"ListItem","position":1,"name":"Anasayfa","item":"https:\/\/anadolupet.com.tr\/"},{"@type":"ListItem","position":2,"name":"\u00dcr\u00fcnler","item":"https:\/\/anadolupet.com.tr\/urunler\/"},{"@type":"ListItem","position":3,"name":"KONG AirDog Pati \u015eeklinde Sesli K\u00f6pek Oyunca\u011f\u0131 M"}]},{"@type":"WebSite","@id":"https:\/\/anadolupet.com.tr\/#website","url":"https:\/\/anadolupet.com.tr\/","name":"Anadolu Pet Group","description":"We Stand Together for the Well-Being of Every Life","publisher":{"@id":"https:\/\/anadolupet.com.tr\/#organization"},"potentialAction":[{"@type":"SearchAction","target":{"@type":"EntryPoint","urlTemplate":"https:\/\/anadolupet.com.tr\/?s={search_term_string}"},"query-input":{"@type":"PropertyValueSpecification","valueRequired":true,"valueName":"search_term_string"}}],"inLanguage":"en-US"},{"@type":"Organization","@id":"https:\/\/anadolupet.com.tr\/#organization","name":"Anadolu Pet Group","alternateName":"Anadolu Pet","url":"https:\/\/anadolupet.com.tr\/","logo":{"@type":"ImageObject","inLanguage":"en-US","@id":"https:\/\/anadolupet.com.tr\/#\/schema\/logo\/image\/","url":"https:\/\/anadolupet.com.tr\/wp-content\/uploads\/2026\/03\/1614666743370.jpg","contentUrl":"https:\/\/anadolupet.com.tr\/wp-content\/uploads\/2026\/03\/1614666743370.jpg","width":800,"height":571,"caption":"Anadolu Pet Grup"},"image":{"@id":"https:\/\/anadolupet.com.tr\/#\/schema\/logo\/image\/"}}]}},"_links":{"self":[{"href":"https:\/\/anadolupet.com.tr\/en\/wp-json\/wp\/v2\/product\/45530","targetHints":{"allow":["GET"]}}],"collection":[{"href":"https:\/\/anadolupet.com.tr\/en\/wp-json\/wp\/v2\/product"}],"about":[{"href":"https:\/\/anadolupet.com.tr\/en\/wp-json\/wp\/v2\/types\/product"}],"replies":[{"embeddable":true,"href":"https:\/\/anadolupet.com.tr\/en\/wp-json\/wp\/v2\/comments?post=45530"}],"wp:featuredmedia":[{"embeddable":true,"href":"https:\/\/anadolupet.com.tr\/en\/wp-json\/wp\/v2\/media\/43721"}],"wp:attachment":[{"href":"https:\/\/anadolupet.com.tr\/en\/wp-json\/wp\/v2\/media?parent=45530"}],"wp:term":[{"taxonomy":"product_brand","embeddable":true,"href":"https:\/\/anadolupet.com.tr\/en\/wp-json\/wp\/v2\/product_brand?post=45530"},{"taxonomy":"product_cat","embeddable":true,"href":"https:\/\/anadolupet.com.tr\/en\/wp-json\/wp\/v2\/product_cat?post=45530"},{"taxonomy":"product_tag","embeddable":true,"href":"https:\/\/anadolupet.com.tr\/en\/wp-json\/wp\/v2\/product_tag?post=45530"}],"curies":[{"name":"wp","href":"https:\/\/api.w.org\/{rel}","templated":true}]}}