{"id":45531,"date":"2026-02-14T14:41:51","date_gmt":"2026-02-14T14:41:51","guid":{"rendered":"https:\/\/anadolupet.com.tr\/urun\/kong-airdog-yumru-top-seklinde-sesli-kopek-oyuncagi-xs-s\/"},"modified":"2026-02-23T12:49:00","modified_gmt":"2026-02-23T12:49:00","slug":"kong-airdog-yumru-top-seklinde-sesli-kopek-oyuncagi-xs-s","status":"publish","type":"product","link":"https:\/\/anadolupet.com.tr\/en\/urun\/kong-airdog-yumru-top-seklinde-sesli-kopek-oyuncagi-xs-s\/","title":{"rendered":"KONG AirDog Yumru Top \u015eeklinde Sesli K\u00f6pek Oyunca\u011f\u0131 XS\/S"},"content":{"rendered":"","protected":false},"excerpt":{"rendered":"<p>KONG AirDog Knobby Ball, tut-getir oyunlar\u0131 i\u00e7in \u00f6zel olarak tasarlanm\u0131\u015f, dayan\u0131kl\u0131 ve dikkat \u00e7ekici bir k\u00f6pek oyunca\u011f\u0131d\u0131r. Tenis topu dokusu ile g\u0131c\u0131rt\u0131l\u0131 oyuncak yap\u0131s\u0131n\u0131 bir araya getiren bu \u00fcr\u00fcn, benzersiz y\u00fczey formu sayesinde \u00f6ng\u00f6r\u00fclemez s\u0131\u00e7rama hareketleri olu\u015fturur. Bu \u00f6zellik, k\u00f6peklerin avlanma ve kovalamaya dayal\u0131 do\u011fal i\u00e7g\u00fcd\u00fclerini destekleyerek oyunu daha uzun ve aktif h\u00e2le getirir.<br \/>\nA\u015f\u0131nd\u0131r\u0131c\u0131 olmayan y\u00fcksek kaliteli KONG Tenis malzemesi, di\u015f ve di\u015f etlerine zarar vermeden g\u00fcvenli kullan\u0131m sunar; d\u00fczenli oyun s\u0131ras\u0131nda a\u011f\u0131z sa\u011fl\u0131\u011f\u0131n\u0131n korunmas\u0131na katk\u0131 sa\u011flar. Topun i\u00e7 k\u0131sm\u0131nda yer alan g\u0131c\u0131rt\u0131 mekanizmas\u0131, k\u00f6pe\u011fin ilgisini canl\u0131 tutar ve tekrar eden oyun davran\u0131\u015f\u0131n\u0131 te\u015fvik eder.<br \/>\nParlak sar\u0131 ve mor renkleri sayesinde hem i\u00e7 hem d\u0131\u015f mek\u00e2n kullan\u0131mlar\u0131nda kolay fark edilir; \u00f6zellikle a\u00e7\u0131k alan oyunlar\u0131nda \u00fcr\u00fcn\u00fc h\u0131zl\u0131ca bulmay\u0131 m\u00fcmk\u00fcn k\u0131lar. Dayan\u0131kl\u0131 yap\u0131s\u0131, uzun s\u00fcreli geri alma ve aktif oyun ihtiya\u00e7lar\u0131 i\u00e7in uygundur.<\/p>","protected":false},"featured_media":43722,"comment_status":"open","ping_status":"closed","template":"","meta":{"_acf_changed":false},"product_brand":[],"product_cat":[3835],"product_tag":[],"class_list":{"0":"post-45531","1":"product","2":"type-product","3":"status-publish","4":"has-post-thumbnail","6":"product_cat-oyuncaklari","8":"first","9":"instock","10":"shipping-taxable","11":"product-type-simple"},"acf":[],"yoast_head":"<!-- This site is optimized with the Yoast SEO plugin v27.5 - https:\/\/yoast.com\/product\/yoast-seo-wordpress\/ -->\n<title>KONG AirDog Yumru Top \u015eeklinde Sesli K\u00f6pek Oyunca\u011f\u0131 XS\/S - Anadolu Pet Grup<\/title>\n<meta name=\"robots\" content=\"index, follow, max-snippet:-1, max-image-preview:large, max-video-preview:-1\" \/>\n<link rel=\"canonical\" href=\"https:\/\/anadolupet.com.tr\/en\/product\/kong-airdog-yumru-top-seklinde-sesli-kopek-oyuncagi-xs-s\/\" \/>\n<meta property=\"og:locale\" content=\"en_US\" \/>\n<meta property=\"og:type\" content=\"article\" \/>\n<meta property=\"og:title\" content=\"KONG AirDog Yumru Top \u015eeklinde Sesli K\u00f6pek Oyunca\u011f\u0131 XS\/S - Anadolu Pet Grup\" \/>\n<meta property=\"og:description\" content=\"KONG AirDog Knobby Ball, tut-getir oyunlar\u0131 i\u00e7in \u00f6zel olarak tasarlanm\u0131\u015f, dayan\u0131kl\u0131 ve dikkat \u00e7ekici bir k\u00f6pek oyunca\u011f\u0131d\u0131r. Tenis topu dokusu ile g\u0131c\u0131rt\u0131l\u0131 oyuncak yap\u0131s\u0131n\u0131 bir araya getiren bu \u00fcr\u00fcn, benzersiz y\u00fczey formu sayesinde \u00f6ng\u00f6r\u00fclemez s\u0131\u00e7rama hareketleri olu\u015fturur. Bu \u00f6zellik, k\u00f6peklerin avlanma ve kovalamaya dayal\u0131 do\u011fal i\u00e7g\u00fcd\u00fclerini destekleyerek oyunu daha uzun ve aktif h\u00e2le getirir. A\u015f\u0131nd\u0131r\u0131c\u0131 olmayan y\u00fcksek kaliteli KONG Tenis malzemesi, di\u015f ve di\u015f etlerine zarar vermeden g\u00fcvenli kullan\u0131m sunar; d\u00fczenli oyun s\u0131ras\u0131nda a\u011f\u0131z sa\u011fl\u0131\u011f\u0131n\u0131n korunmas\u0131na katk\u0131 sa\u011flar. Topun i\u00e7 k\u0131sm\u0131nda yer alan g\u0131c\u0131rt\u0131 mekanizmas\u0131, k\u00f6pe\u011fin ilgisini canl\u0131 tutar ve tekrar eden oyun davran\u0131\u015f\u0131n\u0131 te\u015fvik eder. Parlak sar\u0131 ve mor renkleri sayesinde hem i\u00e7 hem d\u0131\u015f mek\u00e2n kullan\u0131mlar\u0131nda kolay fark edilir; \u00f6zellikle a\u00e7\u0131k alan oyunlar\u0131nda \u00fcr\u00fcn\u00fc h\u0131zl\u0131ca bulmay\u0131 m\u00fcmk\u00fcn k\u0131lar. Dayan\u0131kl\u0131 yap\u0131s\u0131, uzun s\u00fcreli geri alma ve aktif oyun ihtiya\u00e7lar\u0131 i\u00e7in uygundur.\" \/>\n<meta property=\"og:url\" content=\"https:\/\/anadolupet.com.tr\/en\/product\/kong-airdog-yumru-top-seklinde-sesli-kopek-oyuncagi-xs-s\/\" \/>\n<meta property=\"og:site_name\" content=\"Anadolu Pet Grup\" \/>\n<meta property=\"article:modified_time\" content=\"2026-02-23T12:49:00+00:00\" \/>\n<meta property=\"og:image\" content=\"https:\/\/anadolupet.com.tr\/wp-content\/uploads\/2026\/02\/390-ASQ31E.jpg\" \/>\n\t<meta property=\"og:image:width\" content=\"750\" \/>\n\t<meta property=\"og:image:height\" content=\"750\" \/>\n\t<meta property=\"og:image:type\" content=\"image\/jpeg\" \/>\n<meta name=\"twitter:card\" content=\"summary_large_image\" \/>\n<script type=\"application\/ld+json\" class=\"yoast-schema-graph\">{\"@context\":\"https:\\\/\\\/schema.org\",\"@graph\":[{\"@type\":\"WebPage\",\"@id\":\"https:\\\/\\\/anadolupet.com.tr\\\/urun\\\/kong-airdog-yumru-top-seklinde-sesli-kopek-oyuncagi-xs-s\\\/\",\"url\":\"https:\\\/\\\/anadolupet.com.tr\\\/urun\\\/kong-airdog-yumru-top-seklinde-sesli-kopek-oyuncagi-xs-s\\\/\",\"name\":\"KONG AirDog Yumru Top \u015eeklinde Sesli K\u00f6pek Oyunca\u011f\u0131 XS\\\/S - Anadolu Pet Grup\",\"isPartOf\":{\"@id\":\"https:\\\/\\\/anadolupet.com.tr\\\/#website\"},\"primaryImageOfPage\":{\"@id\":\"https:\\\/\\\/anadolupet.com.tr\\\/urun\\\/kong-airdog-yumru-top-seklinde-sesli-kopek-oyuncagi-xs-s\\\/#primaryimage\"},\"image\":{\"@id\":\"https:\\\/\\\/anadolupet.com.tr\\\/urun\\\/kong-airdog-yumru-top-seklinde-sesli-kopek-oyuncagi-xs-s\\\/#primaryimage\"},\"thumbnailUrl\":\"https:\\\/\\\/anadolupet.com.tr\\\/wp-content\\\/uploads\\\/2026\\\/02\\\/390-ASQ31E.jpg\",\"datePublished\":\"2026-02-14T14:41:51+00:00\",\"dateModified\":\"2026-02-23T12:49:00+00:00\",\"breadcrumb\":{\"@id\":\"https:\\\/\\\/anadolupet.com.tr\\\/urun\\\/kong-airdog-yumru-top-seklinde-sesli-kopek-oyuncagi-xs-s\\\/#breadcrumb\"},\"inLanguage\":\"en-US\",\"potentialAction\":[{\"@type\":\"ReadAction\",\"target\":[\"https:\\\/\\\/anadolupet.com.tr\\\/urun\\\/kong-airdog-yumru-top-seklinde-sesli-kopek-oyuncagi-xs-s\\\/\"]}]},{\"@type\":\"ImageObject\",\"inLanguage\":\"en-US\",\"@id\":\"https:\\\/\\\/anadolupet.com.tr\\\/urun\\\/kong-airdog-yumru-top-seklinde-sesli-kopek-oyuncagi-xs-s\\\/#primaryimage\",\"url\":\"https:\\\/\\\/anadolupet.com.tr\\\/wp-content\\\/uploads\\\/2026\\\/02\\\/390-ASQ31E.jpg\",\"contentUrl\":\"https:\\\/\\\/anadolupet.com.tr\\\/wp-content\\\/uploads\\\/2026\\\/02\\\/390-ASQ31E.jpg\",\"width\":750,\"height\":750},{\"@type\":\"BreadcrumbList\",\"@id\":\"https:\\\/\\\/anadolupet.com.tr\\\/urun\\\/kong-airdog-yumru-top-seklinde-sesli-kopek-oyuncagi-xs-s\\\/#breadcrumb\",\"itemListElement\":[{\"@type\":\"ListItem\",\"position\":1,\"name\":\"Anasayfa\",\"item\":\"https:\\\/\\\/anadolupet.com.tr\\\/\"},{\"@type\":\"ListItem\",\"position\":2,\"name\":\"\u00dcr\u00fcnler\",\"item\":\"https:\\\/\\\/anadolupet.com.tr\\\/urunler\\\/\"},{\"@type\":\"ListItem\",\"position\":3,\"name\":\"KONG AirDog Yumru Top \u015eeklinde Sesli K\u00f6pek Oyunca\u011f\u0131 XS\\\/S\"}]},{\"@type\":\"WebSite\",\"@id\":\"https:\\\/\\\/anadolupet.com.tr\\\/#website\",\"url\":\"https:\\\/\\\/anadolupet.com.tr\\\/\",\"name\":\"Anadolu Pet Grup\",\"description\":\"Her Can\u0131n \u0130yi Ya\u015fam\u0131 \u0130\u00e7in Biraraday\u0131z\",\"publisher\":{\"@id\":\"https:\\\/\\\/anadolupet.com.tr\\\/#organization\"},\"potentialAction\":[{\"@type\":\"SearchAction\",\"target\":{\"@type\":\"EntryPoint\",\"urlTemplate\":\"https:\\\/\\\/anadolupet.com.tr\\\/?s={search_term_string}\"},\"query-input\":{\"@type\":\"PropertyValueSpecification\",\"valueRequired\":true,\"valueName\":\"search_term_string\"}}],\"inLanguage\":\"en-US\"},{\"@type\":\"Organization\",\"@id\":\"https:\\\/\\\/anadolupet.com.tr\\\/#organization\",\"name\":\"Anadolu Pet Grup\",\"alternateName\":\"Anadolu Pet\",\"url\":\"https:\\\/\\\/anadolupet.com.tr\\\/\",\"logo\":{\"@type\":\"ImageObject\",\"inLanguage\":\"en-US\",\"@id\":\"https:\\\/\\\/anadolupet.com.tr\\\/#\\\/schema\\\/logo\\\/image\\\/\",\"url\":\"https:\\\/\\\/anadolupet.com.tr\\\/wp-content\\\/uploads\\\/2026\\\/03\\\/1614666743370.jpg\",\"contentUrl\":\"https:\\\/\\\/anadolupet.com.tr\\\/wp-content\\\/uploads\\\/2026\\\/03\\\/1614666743370.jpg\",\"width\":800,\"height\":571,\"caption\":\"Anadolu Pet Grup\"},\"image\":{\"@id\":\"https:\\\/\\\/anadolupet.com.tr\\\/#\\\/schema\\\/logo\\\/image\\\/\"}}]}<\/script>\n<!-- \/ Yoast SEO plugin. -->","yoast_head_json":{"title":"KONG AirDog Yumru Top \u015eeklinde Sesli K\u00f6pek Oyunca\u011f\u0131 XS\/S - Anadolu Pet Grup","robots":{"index":"index","follow":"follow","max-snippet":"max-snippet:-1","max-image-preview":"max-image-preview:large","max-video-preview":"max-video-preview:-1"},"canonical":"https:\/\/anadolupet.com.tr\/en\/product\/kong-airdog-yumru-top-seklinde-sesli-kopek-oyuncagi-xs-s\/","og_locale":"en_US","og_type":"article","og_title":"KONG AirDog Yumru Top \u015eeklinde Sesli K\u00f6pek Oyunca\u011f\u0131 XS\/S - Anadolu Pet Grup","og_description":"KONG AirDog Knobby Ball, tut-getir oyunlar\u0131 i\u00e7in \u00f6zel olarak tasarlanm\u0131\u015f, dayan\u0131kl\u0131 ve dikkat \u00e7ekici bir k\u00f6pek oyunca\u011f\u0131d\u0131r. Tenis topu dokusu ile g\u0131c\u0131rt\u0131l\u0131 oyuncak yap\u0131s\u0131n\u0131 bir araya getiren bu \u00fcr\u00fcn, benzersiz y\u00fczey formu sayesinde \u00f6ng\u00f6r\u00fclemez s\u0131\u00e7rama hareketleri olu\u015fturur. Bu \u00f6zellik, k\u00f6peklerin avlanma ve kovalamaya dayal\u0131 do\u011fal i\u00e7g\u00fcd\u00fclerini destekleyerek oyunu daha uzun ve aktif h\u00e2le getirir. A\u015f\u0131nd\u0131r\u0131c\u0131 olmayan y\u00fcksek kaliteli KONG Tenis malzemesi, di\u015f ve di\u015f etlerine zarar vermeden g\u00fcvenli kullan\u0131m sunar; d\u00fczenli oyun s\u0131ras\u0131nda a\u011f\u0131z sa\u011fl\u0131\u011f\u0131n\u0131n korunmas\u0131na katk\u0131 sa\u011flar. Topun i\u00e7 k\u0131sm\u0131nda yer alan g\u0131c\u0131rt\u0131 mekanizmas\u0131, k\u00f6pe\u011fin ilgisini canl\u0131 tutar ve tekrar eden oyun davran\u0131\u015f\u0131n\u0131 te\u015fvik eder. Parlak sar\u0131 ve mor renkleri sayesinde hem i\u00e7 hem d\u0131\u015f mek\u00e2n kullan\u0131mlar\u0131nda kolay fark edilir; \u00f6zellikle a\u00e7\u0131k alan oyunlar\u0131nda \u00fcr\u00fcn\u00fc h\u0131zl\u0131ca bulmay\u0131 m\u00fcmk\u00fcn k\u0131lar. Dayan\u0131kl\u0131 yap\u0131s\u0131, uzun s\u00fcreli geri alma ve aktif oyun ihtiya\u00e7lar\u0131 i\u00e7in uygundur.","og_url":"https:\/\/anadolupet.com.tr\/en\/product\/kong-airdog-yumru-top-seklinde-sesli-kopek-oyuncagi-xs-s\/","og_site_name":"Anadolu Pet Grup","article_modified_time":"2026-02-23T12:49:00+00:00","og_image":[{"width":750,"height":750,"url":"https:\/\/anadolupet.com.tr\/wp-content\/uploads\/2026\/02\/390-ASQ31E.jpg","type":"image\/jpeg"}],"twitter_card":"summary_large_image","schema":{"@context":"https:\/\/schema.org","@graph":[{"@type":"WebPage","@id":"https:\/\/anadolupet.com.tr\/urun\/kong-airdog-yumru-top-seklinde-sesli-kopek-oyuncagi-xs-s\/","url":"https:\/\/anadolupet.com.tr\/urun\/kong-airdog-yumru-top-seklinde-sesli-kopek-oyuncagi-xs-s\/","name":"KONG AirDog Yumru Top \u015eeklinde Sesli K\u00f6pek Oyunca\u011f\u0131 XS\/S - Anadolu Pet Grup","isPartOf":{"@id":"https:\/\/anadolupet.com.tr\/#website"},"primaryImageOfPage":{"@id":"https:\/\/anadolupet.com.tr\/urun\/kong-airdog-yumru-top-seklinde-sesli-kopek-oyuncagi-xs-s\/#primaryimage"},"image":{"@id":"https:\/\/anadolupet.com.tr\/urun\/kong-airdog-yumru-top-seklinde-sesli-kopek-oyuncagi-xs-s\/#primaryimage"},"thumbnailUrl":"https:\/\/anadolupet.com.tr\/wp-content\/uploads\/2026\/02\/390-ASQ31E.jpg","datePublished":"2026-02-14T14:41:51+00:00","dateModified":"2026-02-23T12:49:00+00:00","breadcrumb":{"@id":"https:\/\/anadolupet.com.tr\/urun\/kong-airdog-yumru-top-seklinde-sesli-kopek-oyuncagi-xs-s\/#breadcrumb"},"inLanguage":"en-US","potentialAction":[{"@type":"ReadAction","target":["https:\/\/anadolupet.com.tr\/urun\/kong-airdog-yumru-top-seklinde-sesli-kopek-oyuncagi-xs-s\/"]}]},{"@type":"ImageObject","inLanguage":"en-US","@id":"https:\/\/anadolupet.com.tr\/urun\/kong-airdog-yumru-top-seklinde-sesli-kopek-oyuncagi-xs-s\/#primaryimage","url":"https:\/\/anadolupet.com.tr\/wp-content\/uploads\/2026\/02\/390-ASQ31E.jpg","contentUrl":"https:\/\/anadolupet.com.tr\/wp-content\/uploads\/2026\/02\/390-ASQ31E.jpg","width":750,"height":750},{"@type":"BreadcrumbList","@id":"https:\/\/anadolupet.com.tr\/urun\/kong-airdog-yumru-top-seklinde-sesli-kopek-oyuncagi-xs-s\/#breadcrumb","itemListElement":[{"@type":"ListItem","position":1,"name":"Anasayfa","item":"https:\/\/anadolupet.com.tr\/"},{"@type":"ListItem","position":2,"name":"\u00dcr\u00fcnler","item":"https:\/\/anadolupet.com.tr\/urunler\/"},{"@type":"ListItem","position":3,"name":"KONG AirDog Yumru Top \u015eeklinde Sesli K\u00f6pek Oyunca\u011f\u0131 XS\/S"}]},{"@type":"WebSite","@id":"https:\/\/anadolupet.com.tr\/#website","url":"https:\/\/anadolupet.com.tr\/","name":"Anadolu Pet Group","description":"We Stand Together for the Well-Being of Every Life","publisher":{"@id":"https:\/\/anadolupet.com.tr\/#organization"},"potentialAction":[{"@type":"SearchAction","target":{"@type":"EntryPoint","urlTemplate":"https:\/\/anadolupet.com.tr\/?s={search_term_string}"},"query-input":{"@type":"PropertyValueSpecification","valueRequired":true,"valueName":"search_term_string"}}],"inLanguage":"en-US"},{"@type":"Organization","@id":"https:\/\/anadolupet.com.tr\/#organization","name":"Anadolu Pet Group","alternateName":"Anadolu Pet","url":"https:\/\/anadolupet.com.tr\/","logo":{"@type":"ImageObject","inLanguage":"en-US","@id":"https:\/\/anadolupet.com.tr\/#\/schema\/logo\/image\/","url":"https:\/\/anadolupet.com.tr\/wp-content\/uploads\/2026\/03\/1614666743370.jpg","contentUrl":"https:\/\/anadolupet.com.tr\/wp-content\/uploads\/2026\/03\/1614666743370.jpg","width":800,"height":571,"caption":"Anadolu Pet Grup"},"image":{"@id":"https:\/\/anadolupet.com.tr\/#\/schema\/logo\/image\/"}}]}},"_links":{"self":[{"href":"https:\/\/anadolupet.com.tr\/en\/wp-json\/wp\/v2\/product\/45531","targetHints":{"allow":["GET"]}}],"collection":[{"href":"https:\/\/anadolupet.com.tr\/en\/wp-json\/wp\/v2\/product"}],"about":[{"href":"https:\/\/anadolupet.com.tr\/en\/wp-json\/wp\/v2\/types\/product"}],"replies":[{"embeddable":true,"href":"https:\/\/anadolupet.com.tr\/en\/wp-json\/wp\/v2\/comments?post=45531"}],"wp:featuredmedia":[{"embeddable":true,"href":"https:\/\/anadolupet.com.tr\/en\/wp-json\/wp\/v2\/media\/43722"}],"wp:attachment":[{"href":"https:\/\/anadolupet.com.tr\/en\/wp-json\/wp\/v2\/media?parent=45531"}],"wp:term":[{"taxonomy":"product_brand","embeddable":true,"href":"https:\/\/anadolupet.com.tr\/en\/wp-json\/wp\/v2\/product_brand?post=45531"},{"taxonomy":"product_cat","embeddable":true,"href":"https:\/\/anadolupet.com.tr\/en\/wp-json\/wp\/v2\/product_cat?post=45531"},{"taxonomy":"product_tag","embeddable":true,"href":"https:\/\/anadolupet.com.tr\/en\/wp-json\/wp\/v2\/product_tag?post=45531"}],"curies":[{"name":"wp","href":"https:\/\/api.w.org\/{rel}","templated":true}]}}