{"id":45532,"date":"2026-02-14T14:41:51","date_gmt":"2026-02-14T14:41:51","guid":{"rendered":"https:\/\/anadolupet.com.tr\/urun\/kong-airdog-yuvarlak-sekilde-sesli-kopek-oyuncagi-m-l\/"},"modified":"2026-02-23T12:49:00","modified_gmt":"2026-02-23T12:49:00","slug":"kong-airdog-yuvarlak-sekilde-sesli-kopek-oyuncagi-m-l","status":"publish","type":"product","link":"https:\/\/anadolupet.com.tr\/en\/urun\/kong-airdog-yuvarlak-sekilde-sesli-kopek-oyuncagi-m-l\/","title":{"rendered":"KONG AirDog Yuvarlak \u015eekilde Sesli K\u00f6pek Oyunca\u011f\u0131 M\/L"},"content":{"rendered":"","protected":false},"excerpt":{"rendered":"<p>KONG AirDog Donut \u015eeklinde K\u00f6pek Oyunca\u011f\u0131 Medium, Donut \u015fekliyle dikkat \u00e7eken bu k\u00f6pek oyunca\u011f\u0131, getirme oyunlar\u0131n\u0131za ekstra e\u011flence katmak i\u00e7in tasarlanm\u0131\u015ft\u0131r. Son kalite tenis topu malzemelerinden \u00fcretilmi\u015f olup, dayan\u0131kl\u0131 yap\u0131s\u0131yla k\u00f6pe\u011finizin di\u015f darbelerine kar\u015f\u0131 uzun s\u00fcre dayan\u0131r. , Oyunca\u011f\u0131n \u00e7\u0131kard\u0131\u011f\u0131 ses ve hareketler, k\u00f6pe\u011finizin ilgisini s\u00fcrekli olarak canl\u0131 tutarak oyuna olan motivasyonunu art\u0131r\u0131r. Orta boy (12 cm) \u00f6l\u00e7\u00fclerinde olan bu oyuncak, orta \u0131rk k\u00f6pekler i\u00e7in olduk\u00e7a idealdir. Ekstra bir \u00f6neri olarak, k\u00f6pe\u011finiz oyunca\u011f\u0131 kulland\u0131ktan sonra oyunca\u011f\u0131n kald\u0131r\u0131lmas\u0131, k\u00f6pe\u011finizin bir sonraki oyun seans\u0131nda daha heyecanl\u0131 ve istekli olmas\u0131n\u0131 sa\u011flar.<\/p>","protected":false},"featured_media":43719,"comment_status":"open","ping_status":"closed","template":"","meta":{"_acf_changed":false},"product_brand":[],"product_cat":[3835],"product_tag":[],"class_list":{"0":"post-45532","1":"product","2":"type-product","3":"status-publish","4":"has-post-thumbnail","6":"product_cat-oyuncaklari","8":"first","9":"instock","10":"shipping-taxable","11":"product-type-simple"},"acf":[],"yoast_head":"<!-- This site is optimized with the Yoast SEO plugin v27.5 - https:\/\/yoast.com\/product\/yoast-seo-wordpress\/ -->\n<title>KONG AirDog Yuvarlak \u015eekilde Sesli K\u00f6pek Oyunca\u011f\u0131 M\/L - Anadolu Pet Grup<\/title>\n<meta name=\"robots\" content=\"index, follow, max-snippet:-1, max-image-preview:large, max-video-preview:-1\" \/>\n<link rel=\"canonical\" href=\"https:\/\/anadolupet.com.tr\/en\/product\/kong-airdog-yuvarlak-sekilde-sesli-kopek-oyuncagi-m-l\/\" \/>\n<meta property=\"og:locale\" content=\"en_US\" \/>\n<meta property=\"og:type\" content=\"article\" \/>\n<meta property=\"og:title\" content=\"KONG AirDog Yuvarlak \u015eekilde Sesli K\u00f6pek Oyunca\u011f\u0131 M\/L - Anadolu Pet Grup\" \/>\n<meta property=\"og:description\" content=\"KONG AirDog Donut \u015eeklinde K\u00f6pek Oyunca\u011f\u0131 Medium, Donut \u015fekliyle dikkat \u00e7eken bu k\u00f6pek oyunca\u011f\u0131, getirme oyunlar\u0131n\u0131za ekstra e\u011flence katmak i\u00e7in tasarlanm\u0131\u015ft\u0131r. Son kalite tenis topu malzemelerinden \u00fcretilmi\u015f olup, dayan\u0131kl\u0131 yap\u0131s\u0131yla k\u00f6pe\u011finizin di\u015f darbelerine kar\u015f\u0131 uzun s\u00fcre dayan\u0131r. , Oyunca\u011f\u0131n \u00e7\u0131kard\u0131\u011f\u0131 ses ve hareketler, k\u00f6pe\u011finizin ilgisini s\u00fcrekli olarak canl\u0131 tutarak oyuna olan motivasyonunu art\u0131r\u0131r. Orta boy (12 cm) \u00f6l\u00e7\u00fclerinde olan bu oyuncak, orta \u0131rk k\u00f6pekler i\u00e7in olduk\u00e7a idealdir. Ekstra bir \u00f6neri olarak, k\u00f6pe\u011finiz oyunca\u011f\u0131 kulland\u0131ktan sonra oyunca\u011f\u0131n kald\u0131r\u0131lmas\u0131, k\u00f6pe\u011finizin bir sonraki oyun seans\u0131nda daha heyecanl\u0131 ve istekli olmas\u0131n\u0131 sa\u011flar.\" \/>\n<meta property=\"og:url\" content=\"https:\/\/anadolupet.com.tr\/en\/product\/kong-airdog-yuvarlak-sekilde-sesli-kopek-oyuncagi-m-l\/\" \/>\n<meta property=\"og:site_name\" content=\"Anadolu Pet Grup\" \/>\n<meta property=\"article:modified_time\" content=\"2026-02-23T12:49:00+00:00\" \/>\n<meta property=\"og:image\" content=\"https:\/\/anadolupet.com.tr\/wp-content\/uploads\/2026\/02\/390-ASQ13E.jpg\" \/>\n\t<meta property=\"og:image:width\" content=\"750\" \/>\n\t<meta property=\"og:image:height\" content=\"750\" \/>\n\t<meta property=\"og:image:type\" content=\"image\/jpeg\" \/>\n<meta name=\"twitter:card\" content=\"summary_large_image\" \/>\n<script type=\"application\/ld+json\" class=\"yoast-schema-graph\">{\"@context\":\"https:\\\/\\\/schema.org\",\"@graph\":[{\"@type\":\"WebPage\",\"@id\":\"https:\\\/\\\/anadolupet.com.tr\\\/urun\\\/kong-airdog-yuvarlak-sekilde-sesli-kopek-oyuncagi-m-l\\\/\",\"url\":\"https:\\\/\\\/anadolupet.com.tr\\\/urun\\\/kong-airdog-yuvarlak-sekilde-sesli-kopek-oyuncagi-m-l\\\/\",\"name\":\"KONG AirDog Yuvarlak \u015eekilde Sesli K\u00f6pek Oyunca\u011f\u0131 M\\\/L - Anadolu Pet Grup\",\"isPartOf\":{\"@id\":\"https:\\\/\\\/anadolupet.com.tr\\\/#website\"},\"primaryImageOfPage\":{\"@id\":\"https:\\\/\\\/anadolupet.com.tr\\\/urun\\\/kong-airdog-yuvarlak-sekilde-sesli-kopek-oyuncagi-m-l\\\/#primaryimage\"},\"image\":{\"@id\":\"https:\\\/\\\/anadolupet.com.tr\\\/urun\\\/kong-airdog-yuvarlak-sekilde-sesli-kopek-oyuncagi-m-l\\\/#primaryimage\"},\"thumbnailUrl\":\"https:\\\/\\\/anadolupet.com.tr\\\/wp-content\\\/uploads\\\/2026\\\/02\\\/390-ASQ13E.jpg\",\"datePublished\":\"2026-02-14T14:41:51+00:00\",\"dateModified\":\"2026-02-23T12:49:00+00:00\",\"breadcrumb\":{\"@id\":\"https:\\\/\\\/anadolupet.com.tr\\\/urun\\\/kong-airdog-yuvarlak-sekilde-sesli-kopek-oyuncagi-m-l\\\/#breadcrumb\"},\"inLanguage\":\"en-US\",\"potentialAction\":[{\"@type\":\"ReadAction\",\"target\":[\"https:\\\/\\\/anadolupet.com.tr\\\/urun\\\/kong-airdog-yuvarlak-sekilde-sesli-kopek-oyuncagi-m-l\\\/\"]}]},{\"@type\":\"ImageObject\",\"inLanguage\":\"en-US\",\"@id\":\"https:\\\/\\\/anadolupet.com.tr\\\/urun\\\/kong-airdog-yuvarlak-sekilde-sesli-kopek-oyuncagi-m-l\\\/#primaryimage\",\"url\":\"https:\\\/\\\/anadolupet.com.tr\\\/wp-content\\\/uploads\\\/2026\\\/02\\\/390-ASQ13E.jpg\",\"contentUrl\":\"https:\\\/\\\/anadolupet.com.tr\\\/wp-content\\\/uploads\\\/2026\\\/02\\\/390-ASQ13E.jpg\",\"width\":750,\"height\":750},{\"@type\":\"BreadcrumbList\",\"@id\":\"https:\\\/\\\/anadolupet.com.tr\\\/urun\\\/kong-airdog-yuvarlak-sekilde-sesli-kopek-oyuncagi-m-l\\\/#breadcrumb\",\"itemListElement\":[{\"@type\":\"ListItem\",\"position\":1,\"name\":\"Anasayfa\",\"item\":\"https:\\\/\\\/anadolupet.com.tr\\\/\"},{\"@type\":\"ListItem\",\"position\":2,\"name\":\"\u00dcr\u00fcnler\",\"item\":\"https:\\\/\\\/anadolupet.com.tr\\\/urunler\\\/\"},{\"@type\":\"ListItem\",\"position\":3,\"name\":\"KONG AirDog Yuvarlak \u015eekilde Sesli K\u00f6pek Oyunca\u011f\u0131 M\\\/L\"}]},{\"@type\":\"WebSite\",\"@id\":\"https:\\\/\\\/anadolupet.com.tr\\\/#website\",\"url\":\"https:\\\/\\\/anadolupet.com.tr\\\/\",\"name\":\"Anadolu Pet Grup\",\"description\":\"Her Can\u0131n \u0130yi Ya\u015fam\u0131 \u0130\u00e7in Biraraday\u0131z\",\"publisher\":{\"@id\":\"https:\\\/\\\/anadolupet.com.tr\\\/#organization\"},\"potentialAction\":[{\"@type\":\"SearchAction\",\"target\":{\"@type\":\"EntryPoint\",\"urlTemplate\":\"https:\\\/\\\/anadolupet.com.tr\\\/?s={search_term_string}\"},\"query-input\":{\"@type\":\"PropertyValueSpecification\",\"valueRequired\":true,\"valueName\":\"search_term_string\"}}],\"inLanguage\":\"en-US\"},{\"@type\":\"Organization\",\"@id\":\"https:\\\/\\\/anadolupet.com.tr\\\/#organization\",\"name\":\"Anadolu Pet Grup\",\"alternateName\":\"Anadolu Pet\",\"url\":\"https:\\\/\\\/anadolupet.com.tr\\\/\",\"logo\":{\"@type\":\"ImageObject\",\"inLanguage\":\"en-US\",\"@id\":\"https:\\\/\\\/anadolupet.com.tr\\\/#\\\/schema\\\/logo\\\/image\\\/\",\"url\":\"https:\\\/\\\/anadolupet.com.tr\\\/wp-content\\\/uploads\\\/2026\\\/03\\\/1614666743370.jpg\",\"contentUrl\":\"https:\\\/\\\/anadolupet.com.tr\\\/wp-content\\\/uploads\\\/2026\\\/03\\\/1614666743370.jpg\",\"width\":800,\"height\":571,\"caption\":\"Anadolu Pet Grup\"},\"image\":{\"@id\":\"https:\\\/\\\/anadolupet.com.tr\\\/#\\\/schema\\\/logo\\\/image\\\/\"}}]}<\/script>\n<!-- \/ Yoast SEO plugin. -->","yoast_head_json":{"title":"KONG AirDog Yuvarlak \u015eekilde Sesli K\u00f6pek Oyunca\u011f\u0131 M\/L - Anadolu Pet Grup","robots":{"index":"index","follow":"follow","max-snippet":"max-snippet:-1","max-image-preview":"max-image-preview:large","max-video-preview":"max-video-preview:-1"},"canonical":"https:\/\/anadolupet.com.tr\/en\/product\/kong-airdog-yuvarlak-sekilde-sesli-kopek-oyuncagi-m-l\/","og_locale":"en_US","og_type":"article","og_title":"KONG AirDog Yuvarlak \u015eekilde Sesli K\u00f6pek Oyunca\u011f\u0131 M\/L - Anadolu Pet Grup","og_description":"KONG AirDog Donut \u015eeklinde K\u00f6pek Oyunca\u011f\u0131 Medium, Donut \u015fekliyle dikkat \u00e7eken bu k\u00f6pek oyunca\u011f\u0131, getirme oyunlar\u0131n\u0131za ekstra e\u011flence katmak i\u00e7in tasarlanm\u0131\u015ft\u0131r. Son kalite tenis topu malzemelerinden \u00fcretilmi\u015f olup, dayan\u0131kl\u0131 yap\u0131s\u0131yla k\u00f6pe\u011finizin di\u015f darbelerine kar\u015f\u0131 uzun s\u00fcre dayan\u0131r. , Oyunca\u011f\u0131n \u00e7\u0131kard\u0131\u011f\u0131 ses ve hareketler, k\u00f6pe\u011finizin ilgisini s\u00fcrekli olarak canl\u0131 tutarak oyuna olan motivasyonunu art\u0131r\u0131r. Orta boy (12 cm) \u00f6l\u00e7\u00fclerinde olan bu oyuncak, orta \u0131rk k\u00f6pekler i\u00e7in olduk\u00e7a idealdir. Ekstra bir \u00f6neri olarak, k\u00f6pe\u011finiz oyunca\u011f\u0131 kulland\u0131ktan sonra oyunca\u011f\u0131n kald\u0131r\u0131lmas\u0131, k\u00f6pe\u011finizin bir sonraki oyun seans\u0131nda daha heyecanl\u0131 ve istekli olmas\u0131n\u0131 sa\u011flar.","og_url":"https:\/\/anadolupet.com.tr\/en\/product\/kong-airdog-yuvarlak-sekilde-sesli-kopek-oyuncagi-m-l\/","og_site_name":"Anadolu Pet Grup","article_modified_time":"2026-02-23T12:49:00+00:00","og_image":[{"width":750,"height":750,"url":"https:\/\/anadolupet.com.tr\/wp-content\/uploads\/2026\/02\/390-ASQ13E.jpg","type":"image\/jpeg"}],"twitter_card":"summary_large_image","schema":{"@context":"https:\/\/schema.org","@graph":[{"@type":"WebPage","@id":"https:\/\/anadolupet.com.tr\/urun\/kong-airdog-yuvarlak-sekilde-sesli-kopek-oyuncagi-m-l\/","url":"https:\/\/anadolupet.com.tr\/urun\/kong-airdog-yuvarlak-sekilde-sesli-kopek-oyuncagi-m-l\/","name":"KONG AirDog Yuvarlak \u015eekilde Sesli K\u00f6pek Oyunca\u011f\u0131 M\/L - Anadolu Pet Grup","isPartOf":{"@id":"https:\/\/anadolupet.com.tr\/#website"},"primaryImageOfPage":{"@id":"https:\/\/anadolupet.com.tr\/urun\/kong-airdog-yuvarlak-sekilde-sesli-kopek-oyuncagi-m-l\/#primaryimage"},"image":{"@id":"https:\/\/anadolupet.com.tr\/urun\/kong-airdog-yuvarlak-sekilde-sesli-kopek-oyuncagi-m-l\/#primaryimage"},"thumbnailUrl":"https:\/\/anadolupet.com.tr\/wp-content\/uploads\/2026\/02\/390-ASQ13E.jpg","datePublished":"2026-02-14T14:41:51+00:00","dateModified":"2026-02-23T12:49:00+00:00","breadcrumb":{"@id":"https:\/\/anadolupet.com.tr\/urun\/kong-airdog-yuvarlak-sekilde-sesli-kopek-oyuncagi-m-l\/#breadcrumb"},"inLanguage":"en-US","potentialAction":[{"@type":"ReadAction","target":["https:\/\/anadolupet.com.tr\/urun\/kong-airdog-yuvarlak-sekilde-sesli-kopek-oyuncagi-m-l\/"]}]},{"@type":"ImageObject","inLanguage":"en-US","@id":"https:\/\/anadolupet.com.tr\/urun\/kong-airdog-yuvarlak-sekilde-sesli-kopek-oyuncagi-m-l\/#primaryimage","url":"https:\/\/anadolupet.com.tr\/wp-content\/uploads\/2026\/02\/390-ASQ13E.jpg","contentUrl":"https:\/\/anadolupet.com.tr\/wp-content\/uploads\/2026\/02\/390-ASQ13E.jpg","width":750,"height":750},{"@type":"BreadcrumbList","@id":"https:\/\/anadolupet.com.tr\/urun\/kong-airdog-yuvarlak-sekilde-sesli-kopek-oyuncagi-m-l\/#breadcrumb","itemListElement":[{"@type":"ListItem","position":1,"name":"Anasayfa","item":"https:\/\/anadolupet.com.tr\/"},{"@type":"ListItem","position":2,"name":"\u00dcr\u00fcnler","item":"https:\/\/anadolupet.com.tr\/urunler\/"},{"@type":"ListItem","position":3,"name":"KONG AirDog Yuvarlak \u015eekilde Sesli K\u00f6pek Oyunca\u011f\u0131 M\/L"}]},{"@type":"WebSite","@id":"https:\/\/anadolupet.com.tr\/#website","url":"https:\/\/anadolupet.com.tr\/","name":"Anadolu Pet Group","description":"We Stand Together for the Well-Being of Every Life","publisher":{"@id":"https:\/\/anadolupet.com.tr\/#organization"},"potentialAction":[{"@type":"SearchAction","target":{"@type":"EntryPoint","urlTemplate":"https:\/\/anadolupet.com.tr\/?s={search_term_string}"},"query-input":{"@type":"PropertyValueSpecification","valueRequired":true,"valueName":"search_term_string"}}],"inLanguage":"en-US"},{"@type":"Organization","@id":"https:\/\/anadolupet.com.tr\/#organization","name":"Anadolu Pet Group","alternateName":"Anadolu Pet","url":"https:\/\/anadolupet.com.tr\/","logo":{"@type":"ImageObject","inLanguage":"en-US","@id":"https:\/\/anadolupet.com.tr\/#\/schema\/logo\/image\/","url":"https:\/\/anadolupet.com.tr\/wp-content\/uploads\/2026\/03\/1614666743370.jpg","contentUrl":"https:\/\/anadolupet.com.tr\/wp-content\/uploads\/2026\/03\/1614666743370.jpg","width":800,"height":571,"caption":"Anadolu Pet Grup"},"image":{"@id":"https:\/\/anadolupet.com.tr\/#\/schema\/logo\/image\/"}}]}},"_links":{"self":[{"href":"https:\/\/anadolupet.com.tr\/en\/wp-json\/wp\/v2\/product\/45532","targetHints":{"allow":["GET"]}}],"collection":[{"href":"https:\/\/anadolupet.com.tr\/en\/wp-json\/wp\/v2\/product"}],"about":[{"href":"https:\/\/anadolupet.com.tr\/en\/wp-json\/wp\/v2\/types\/product"}],"replies":[{"embeddable":true,"href":"https:\/\/anadolupet.com.tr\/en\/wp-json\/wp\/v2\/comments?post=45532"}],"wp:featuredmedia":[{"embeddable":true,"href":"https:\/\/anadolupet.com.tr\/en\/wp-json\/wp\/v2\/media\/43719"}],"wp:attachment":[{"href":"https:\/\/anadolupet.com.tr\/en\/wp-json\/wp\/v2\/media?parent=45532"}],"wp:term":[{"taxonomy":"product_brand","embeddable":true,"href":"https:\/\/anadolupet.com.tr\/en\/wp-json\/wp\/v2\/product_brand?post=45532"},{"taxonomy":"product_cat","embeddable":true,"href":"https:\/\/anadolupet.com.tr\/en\/wp-json\/wp\/v2\/product_cat?post=45532"},{"taxonomy":"product_tag","embeddable":true,"href":"https:\/\/anadolupet.com.tr\/en\/wp-json\/wp\/v2\/product_tag?post=45532"}],"curies":[{"name":"wp","href":"https:\/\/api.w.org\/{rel}","templated":true}]}}