{"id":45533,"date":"2026-02-14T14:41:52","date_gmt":"2026-02-14T14:41:52","guid":{"rendered":"https:\/\/anadolupet.com.tr\/urun\/kong-bamboo-feeder-kopekler-icin-dambil-seklinde-odul-mamasi-dagitma-oyuncagi-m\/"},"modified":"2026-02-23T12:49:01","modified_gmt":"2026-02-23T12:49:01","slug":"kong-bamboo-feeder-kopekler-icin-dambil-seklinde-odul-mamasi-dagitma-oyuncagi-m","status":"publish","type":"product","link":"https:\/\/anadolupet.com.tr\/en\/urun\/kong-bamboo-feeder-kopekler-icin-dambil-seklinde-odul-mamasi-dagitma-oyuncagi-m\/","title":{"rendered":"KONG Bamboo Feeder K\u00f6pekler i\u00e7in Damb\u0131l \u015eeklinde \u00d6d\u00fcl Mamas\u0131 Da\u011f\u0131tma Oyunca\u011f\u0131 M"},"content":{"rendered":"","protected":false},"excerpt":{"rendered":"<p>KONG Bamboo k\u00f6pe\u011finizin hem zihinsel hem de fiziksel olarak aktif kalmas\u0131n\u0131 sa\u011flayan interaktif bir oyuncakt\u0131r. A\u00e7\u0131l\u0131p i\u00e7ine mama veya \u00f6d\u00fcl mamas\u0131 dolduruldu\u011funda, tahmin edilemez \u015fekilde yiyecekleri d\u0131\u015far\u0131 \u00e7\u0131kararak k\u00f6pe\u011finizin ilgisini uzun s\u00fcre canl\u0131 tutar. Bu \u00f6zellik sayesinde \u00f6\u011f\u00fcnlerde mama kab\u0131 yerine kullan\u0131labilir, yeme h\u0131z\u0131n\u0131 yava\u015flat\u0131r ve kilo kontrol\u00fcne yard\u0131mc\u0131 olur. Bambudan \u00fcretilmi\u015f dayan\u0131kl\u0131 malzemesi sessiz oyun deneyimi sunar, b\u00f6ylece ev i\u00e7inde daha huzurlu bir ortam sa\u011flar.<\/p>","protected":false},"featured_media":43856,"comment_status":"open","ping_status":"closed","template":"","meta":{"_acf_changed":false},"product_brand":[],"product_cat":[3835],"product_tag":[],"class_list":{"0":"post-45533","1":"product","2":"type-product","3":"status-publish","4":"has-post-thumbnail","6":"product_cat-oyuncaklari","8":"first","9":"instock","10":"shipping-taxable","11":"product-type-simple"},"acf":[],"yoast_head":"<!-- This site is optimized with the Yoast SEO plugin v27.5 - https:\/\/yoast.com\/product\/yoast-seo-wordpress\/ -->\n<title>KONG Bamboo Feeder K\u00f6pekler i\u00e7in Damb\u0131l \u015eeklinde \u00d6d\u00fcl Mamas\u0131 Da\u011f\u0131tma Oyunca\u011f\u0131 M - Anadolu Pet Grup<\/title>\n<meta name=\"robots\" content=\"index, follow, max-snippet:-1, max-image-preview:large, max-video-preview:-1\" \/>\n<link rel=\"canonical\" href=\"https:\/\/anadolupet.com.tr\/en\/product\/kong-bamboo-feeder-kopekler-icin-dambil-seklinde-odul-mamasi-dagitma-oyuncagi-m\/\" \/>\n<meta property=\"og:locale\" content=\"en_US\" \/>\n<meta property=\"og:type\" content=\"article\" \/>\n<meta property=\"og:title\" content=\"KONG Bamboo Feeder K\u00f6pekler i\u00e7in Damb\u0131l \u015eeklinde \u00d6d\u00fcl Mamas\u0131 Da\u011f\u0131tma Oyunca\u011f\u0131 M - Anadolu Pet Grup\" \/>\n<meta property=\"og:description\" content=\"KONG Bamboo k\u00f6pe\u011finizin hem zihinsel hem de fiziksel olarak aktif kalmas\u0131n\u0131 sa\u011flayan interaktif bir oyuncakt\u0131r. A\u00e7\u0131l\u0131p i\u00e7ine mama veya \u00f6d\u00fcl mamas\u0131 dolduruldu\u011funda, tahmin edilemez \u015fekilde yiyecekleri d\u0131\u015far\u0131 \u00e7\u0131kararak k\u00f6pe\u011finizin ilgisini uzun s\u00fcre canl\u0131 tutar. Bu \u00f6zellik sayesinde \u00f6\u011f\u00fcnlerde mama kab\u0131 yerine kullan\u0131labilir, yeme h\u0131z\u0131n\u0131 yava\u015flat\u0131r ve kilo kontrol\u00fcne yard\u0131mc\u0131 olur. Bambudan \u00fcretilmi\u015f dayan\u0131kl\u0131 malzemesi sessiz oyun deneyimi sunar, b\u00f6ylece ev i\u00e7inde daha huzurlu bir ortam sa\u011flar.\" \/>\n<meta property=\"og:url\" content=\"https:\/\/anadolupet.com.tr\/en\/product\/kong-bamboo-feeder-kopekler-icin-dambil-seklinde-odul-mamasi-dagitma-oyuncagi-m\/\" \/>\n<meta property=\"og:site_name\" content=\"Anadolu Pet Grup\" \/>\n<meta property=\"article:modified_time\" content=\"2026-02-23T12:49:01+00:00\" \/>\n<meta property=\"og:image\" content=\"https:\/\/anadolupet.com.tr\/wp-content\/uploads\/2026\/02\/390-PTB22E.jpg\" \/>\n\t<meta property=\"og:image:width\" content=\"750\" \/>\n\t<meta property=\"og:image:height\" content=\"750\" \/>\n\t<meta property=\"og:image:type\" content=\"image\/jpeg\" \/>\n<meta name=\"twitter:card\" content=\"summary_large_image\" \/>\n<script type=\"application\/ld+json\" class=\"yoast-schema-graph\">{\"@context\":\"https:\\\/\\\/schema.org\",\"@graph\":[{\"@type\":\"WebPage\",\"@id\":\"https:\\\/\\\/anadolupet.com.tr\\\/urun\\\/kong-bamboo-feeder-kopekler-icin-dambil-seklinde-odul-mamasi-dagitma-oyuncagi-m\\\/\",\"url\":\"https:\\\/\\\/anadolupet.com.tr\\\/urun\\\/kong-bamboo-feeder-kopekler-icin-dambil-seklinde-odul-mamasi-dagitma-oyuncagi-m\\\/\",\"name\":\"KONG Bamboo Feeder K\u00f6pekler i\u00e7in Damb\u0131l \u015eeklinde \u00d6d\u00fcl Mamas\u0131 Da\u011f\u0131tma Oyunca\u011f\u0131 M - Anadolu Pet Grup\",\"isPartOf\":{\"@id\":\"https:\\\/\\\/anadolupet.com.tr\\\/#website\"},\"primaryImageOfPage\":{\"@id\":\"https:\\\/\\\/anadolupet.com.tr\\\/urun\\\/kong-bamboo-feeder-kopekler-icin-dambil-seklinde-odul-mamasi-dagitma-oyuncagi-m\\\/#primaryimage\"},\"image\":{\"@id\":\"https:\\\/\\\/anadolupet.com.tr\\\/urun\\\/kong-bamboo-feeder-kopekler-icin-dambil-seklinde-odul-mamasi-dagitma-oyuncagi-m\\\/#primaryimage\"},\"thumbnailUrl\":\"https:\\\/\\\/anadolupet.com.tr\\\/wp-content\\\/uploads\\\/2026\\\/02\\\/390-PTB22E.jpg\",\"datePublished\":\"2026-02-14T14:41:52+00:00\",\"dateModified\":\"2026-02-23T12:49:01+00:00\",\"breadcrumb\":{\"@id\":\"https:\\\/\\\/anadolupet.com.tr\\\/urun\\\/kong-bamboo-feeder-kopekler-icin-dambil-seklinde-odul-mamasi-dagitma-oyuncagi-m\\\/#breadcrumb\"},\"inLanguage\":\"en-US\",\"potentialAction\":[{\"@type\":\"ReadAction\",\"target\":[\"https:\\\/\\\/anadolupet.com.tr\\\/urun\\\/kong-bamboo-feeder-kopekler-icin-dambil-seklinde-odul-mamasi-dagitma-oyuncagi-m\\\/\"]}]},{\"@type\":\"ImageObject\",\"inLanguage\":\"en-US\",\"@id\":\"https:\\\/\\\/anadolupet.com.tr\\\/urun\\\/kong-bamboo-feeder-kopekler-icin-dambil-seklinde-odul-mamasi-dagitma-oyuncagi-m\\\/#primaryimage\",\"url\":\"https:\\\/\\\/anadolupet.com.tr\\\/wp-content\\\/uploads\\\/2026\\\/02\\\/390-PTB22E.jpg\",\"contentUrl\":\"https:\\\/\\\/anadolupet.com.tr\\\/wp-content\\\/uploads\\\/2026\\\/02\\\/390-PTB22E.jpg\",\"width\":750,\"height\":750},{\"@type\":\"BreadcrumbList\",\"@id\":\"https:\\\/\\\/anadolupet.com.tr\\\/urun\\\/kong-bamboo-feeder-kopekler-icin-dambil-seklinde-odul-mamasi-dagitma-oyuncagi-m\\\/#breadcrumb\",\"itemListElement\":[{\"@type\":\"ListItem\",\"position\":1,\"name\":\"Anasayfa\",\"item\":\"https:\\\/\\\/anadolupet.com.tr\\\/\"},{\"@type\":\"ListItem\",\"position\":2,\"name\":\"\u00dcr\u00fcnler\",\"item\":\"https:\\\/\\\/anadolupet.com.tr\\\/urunler\\\/\"},{\"@type\":\"ListItem\",\"position\":3,\"name\":\"KONG Bamboo Feeder K\u00f6pekler i\u00e7in Damb\u0131l \u015eeklinde \u00d6d\u00fcl Mamas\u0131 Da\u011f\u0131tma Oyunca\u011f\u0131 M\"}]},{\"@type\":\"WebSite\",\"@id\":\"https:\\\/\\\/anadolupet.com.tr\\\/#website\",\"url\":\"https:\\\/\\\/anadolupet.com.tr\\\/\",\"name\":\"Anadolu Pet Grup\",\"description\":\"Her Can\u0131n \u0130yi Ya\u015fam\u0131 \u0130\u00e7in Biraraday\u0131z\",\"publisher\":{\"@id\":\"https:\\\/\\\/anadolupet.com.tr\\\/#organization\"},\"potentialAction\":[{\"@type\":\"SearchAction\",\"target\":{\"@type\":\"EntryPoint\",\"urlTemplate\":\"https:\\\/\\\/anadolupet.com.tr\\\/?s={search_term_string}\"},\"query-input\":{\"@type\":\"PropertyValueSpecification\",\"valueRequired\":true,\"valueName\":\"search_term_string\"}}],\"inLanguage\":\"en-US\"},{\"@type\":\"Organization\",\"@id\":\"https:\\\/\\\/anadolupet.com.tr\\\/#organization\",\"name\":\"Anadolu Pet Grup\",\"alternateName\":\"Anadolu Pet\",\"url\":\"https:\\\/\\\/anadolupet.com.tr\\\/\",\"logo\":{\"@type\":\"ImageObject\",\"inLanguage\":\"en-US\",\"@id\":\"https:\\\/\\\/anadolupet.com.tr\\\/#\\\/schema\\\/logo\\\/image\\\/\",\"url\":\"https:\\\/\\\/anadolupet.com.tr\\\/wp-content\\\/uploads\\\/2026\\\/03\\\/1614666743370.jpg\",\"contentUrl\":\"https:\\\/\\\/anadolupet.com.tr\\\/wp-content\\\/uploads\\\/2026\\\/03\\\/1614666743370.jpg\",\"width\":800,\"height\":571,\"caption\":\"Anadolu Pet Grup\"},\"image\":{\"@id\":\"https:\\\/\\\/anadolupet.com.tr\\\/#\\\/schema\\\/logo\\\/image\\\/\"}}]}<\/script>\n<!-- \/ Yoast SEO plugin. -->","yoast_head_json":{"title":"KONG Bamboo Feeder K\u00f6pekler i\u00e7in Damb\u0131l \u015eeklinde \u00d6d\u00fcl Mamas\u0131 Da\u011f\u0131tma Oyunca\u011f\u0131 M - Anadolu Pet Grup","robots":{"index":"index","follow":"follow","max-snippet":"max-snippet:-1","max-image-preview":"max-image-preview:large","max-video-preview":"max-video-preview:-1"},"canonical":"https:\/\/anadolupet.com.tr\/en\/product\/kong-bamboo-feeder-kopekler-icin-dambil-seklinde-odul-mamasi-dagitma-oyuncagi-m\/","og_locale":"en_US","og_type":"article","og_title":"KONG Bamboo Feeder K\u00f6pekler i\u00e7in Damb\u0131l \u015eeklinde \u00d6d\u00fcl Mamas\u0131 Da\u011f\u0131tma Oyunca\u011f\u0131 M - Anadolu Pet Grup","og_description":"KONG Bamboo k\u00f6pe\u011finizin hem zihinsel hem de fiziksel olarak aktif kalmas\u0131n\u0131 sa\u011flayan interaktif bir oyuncakt\u0131r. A\u00e7\u0131l\u0131p i\u00e7ine mama veya \u00f6d\u00fcl mamas\u0131 dolduruldu\u011funda, tahmin edilemez \u015fekilde yiyecekleri d\u0131\u015far\u0131 \u00e7\u0131kararak k\u00f6pe\u011finizin ilgisini uzun s\u00fcre canl\u0131 tutar. Bu \u00f6zellik sayesinde \u00f6\u011f\u00fcnlerde mama kab\u0131 yerine kullan\u0131labilir, yeme h\u0131z\u0131n\u0131 yava\u015flat\u0131r ve kilo kontrol\u00fcne yard\u0131mc\u0131 olur. Bambudan \u00fcretilmi\u015f dayan\u0131kl\u0131 malzemesi sessiz oyun deneyimi sunar, b\u00f6ylece ev i\u00e7inde daha huzurlu bir ortam sa\u011flar.","og_url":"https:\/\/anadolupet.com.tr\/en\/product\/kong-bamboo-feeder-kopekler-icin-dambil-seklinde-odul-mamasi-dagitma-oyuncagi-m\/","og_site_name":"Anadolu Pet Grup","article_modified_time":"2026-02-23T12:49:01+00:00","og_image":[{"width":750,"height":750,"url":"https:\/\/anadolupet.com.tr\/wp-content\/uploads\/2026\/02\/390-PTB22E.jpg","type":"image\/jpeg"}],"twitter_card":"summary_large_image","schema":{"@context":"https:\/\/schema.org","@graph":[{"@type":"WebPage","@id":"https:\/\/anadolupet.com.tr\/urun\/kong-bamboo-feeder-kopekler-icin-dambil-seklinde-odul-mamasi-dagitma-oyuncagi-m\/","url":"https:\/\/anadolupet.com.tr\/urun\/kong-bamboo-feeder-kopekler-icin-dambil-seklinde-odul-mamasi-dagitma-oyuncagi-m\/","name":"KONG Bamboo Feeder K\u00f6pekler i\u00e7in Damb\u0131l \u015eeklinde \u00d6d\u00fcl Mamas\u0131 Da\u011f\u0131tma Oyunca\u011f\u0131 M - Anadolu Pet Grup","isPartOf":{"@id":"https:\/\/anadolupet.com.tr\/#website"},"primaryImageOfPage":{"@id":"https:\/\/anadolupet.com.tr\/urun\/kong-bamboo-feeder-kopekler-icin-dambil-seklinde-odul-mamasi-dagitma-oyuncagi-m\/#primaryimage"},"image":{"@id":"https:\/\/anadolupet.com.tr\/urun\/kong-bamboo-feeder-kopekler-icin-dambil-seklinde-odul-mamasi-dagitma-oyuncagi-m\/#primaryimage"},"thumbnailUrl":"https:\/\/anadolupet.com.tr\/wp-content\/uploads\/2026\/02\/390-PTB22E.jpg","datePublished":"2026-02-14T14:41:52+00:00","dateModified":"2026-02-23T12:49:01+00:00","breadcrumb":{"@id":"https:\/\/anadolupet.com.tr\/urun\/kong-bamboo-feeder-kopekler-icin-dambil-seklinde-odul-mamasi-dagitma-oyuncagi-m\/#breadcrumb"},"inLanguage":"en-US","potentialAction":[{"@type":"ReadAction","target":["https:\/\/anadolupet.com.tr\/urun\/kong-bamboo-feeder-kopekler-icin-dambil-seklinde-odul-mamasi-dagitma-oyuncagi-m\/"]}]},{"@type":"ImageObject","inLanguage":"en-US","@id":"https:\/\/anadolupet.com.tr\/urun\/kong-bamboo-feeder-kopekler-icin-dambil-seklinde-odul-mamasi-dagitma-oyuncagi-m\/#primaryimage","url":"https:\/\/anadolupet.com.tr\/wp-content\/uploads\/2026\/02\/390-PTB22E.jpg","contentUrl":"https:\/\/anadolupet.com.tr\/wp-content\/uploads\/2026\/02\/390-PTB22E.jpg","width":750,"height":750},{"@type":"BreadcrumbList","@id":"https:\/\/anadolupet.com.tr\/urun\/kong-bamboo-feeder-kopekler-icin-dambil-seklinde-odul-mamasi-dagitma-oyuncagi-m\/#breadcrumb","itemListElement":[{"@type":"ListItem","position":1,"name":"Anasayfa","item":"https:\/\/anadolupet.com.tr\/"},{"@type":"ListItem","position":2,"name":"\u00dcr\u00fcnler","item":"https:\/\/anadolupet.com.tr\/urunler\/"},{"@type":"ListItem","position":3,"name":"KONG Bamboo Feeder K\u00f6pekler i\u00e7in Damb\u0131l \u015eeklinde \u00d6d\u00fcl Mamas\u0131 Da\u011f\u0131tma Oyunca\u011f\u0131 M"}]},{"@type":"WebSite","@id":"https:\/\/anadolupet.com.tr\/#website","url":"https:\/\/anadolupet.com.tr\/","name":"Anadolu Pet Group","description":"We Stand Together for the Well-Being of Every Life","publisher":{"@id":"https:\/\/anadolupet.com.tr\/#organization"},"potentialAction":[{"@type":"SearchAction","target":{"@type":"EntryPoint","urlTemplate":"https:\/\/anadolupet.com.tr\/?s={search_term_string}"},"query-input":{"@type":"PropertyValueSpecification","valueRequired":true,"valueName":"search_term_string"}}],"inLanguage":"en-US"},{"@type":"Organization","@id":"https:\/\/anadolupet.com.tr\/#organization","name":"Anadolu Pet Group","alternateName":"Anadolu Pet","url":"https:\/\/anadolupet.com.tr\/","logo":{"@type":"ImageObject","inLanguage":"en-US","@id":"https:\/\/anadolupet.com.tr\/#\/schema\/logo\/image\/","url":"https:\/\/anadolupet.com.tr\/wp-content\/uploads\/2026\/03\/1614666743370.jpg","contentUrl":"https:\/\/anadolupet.com.tr\/wp-content\/uploads\/2026\/03\/1614666743370.jpg","width":800,"height":571,"caption":"Anadolu Pet Grup"},"image":{"@id":"https:\/\/anadolupet.com.tr\/#\/schema\/logo\/image\/"}}]}},"_links":{"self":[{"href":"https:\/\/anadolupet.com.tr\/en\/wp-json\/wp\/v2\/product\/45533","targetHints":{"allow":["GET"]}}],"collection":[{"href":"https:\/\/anadolupet.com.tr\/en\/wp-json\/wp\/v2\/product"}],"about":[{"href":"https:\/\/anadolupet.com.tr\/en\/wp-json\/wp\/v2\/types\/product"}],"replies":[{"embeddable":true,"href":"https:\/\/anadolupet.com.tr\/en\/wp-json\/wp\/v2\/comments?post=45533"}],"wp:featuredmedia":[{"embeddable":true,"href":"https:\/\/anadolupet.com.tr\/en\/wp-json\/wp\/v2\/media\/43856"}],"wp:attachment":[{"href":"https:\/\/anadolupet.com.tr\/en\/wp-json\/wp\/v2\/media?parent=45533"}],"wp:term":[{"taxonomy":"product_brand","embeddable":true,"href":"https:\/\/anadolupet.com.tr\/en\/wp-json\/wp\/v2\/product_brand?post=45533"},{"taxonomy":"product_cat","embeddable":true,"href":"https:\/\/anadolupet.com.tr\/en\/wp-json\/wp\/v2\/product_cat?post=45533"},{"taxonomy":"product_tag","embeddable":true,"href":"https:\/\/anadolupet.com.tr\/en\/wp-json\/wp\/v2\/product_tag?post=45533"}],"curies":[{"name":"wp","href":"https:\/\/api.w.org\/{rel}","templated":true}]}}