{"id":45538,"date":"2026-02-14T14:41:53","date_gmt":"2026-02-14T14:41:53","guid":{"rendered":"https:\/\/anadolupet.com.tr\/urun\/kong-chewstix-agac-dali-seklinde-kopek-oyuncagi-m\/"},"modified":"2026-02-23T12:49:01","modified_gmt":"2026-02-23T12:49:01","slug":"kong-chewstix-agac-dali-seklinde-kopek-oyuncagi-m","status":"publish","type":"product","link":"https:\/\/anadolupet.com.tr\/en\/urun\/kong-chewstix-agac-dali-seklinde-kopek-oyuncagi-m\/","title":{"rendered":"KONG ChewStix A\u011fa\u00e7 Dal\u0131 \u015eeklinde K\u00f6pek Oyunca\u011f\u0131 M"},"content":{"rendered":"","protected":false},"excerpt":{"rendered":"<p>KONG ChewStix A\u011fa\u00e7 Dal\u0131 \u015eeklinde K\u00f6pek Oyunca\u011f\u0131, k\u00f6peklerin do\u011fal \u00e7i\u011fneme i\u00e7g\u00fcd\u00fcs\u00fcn\u00fc g\u00fcvenli ve kontroll\u00fc \u015fekilde y\u00f6nlendirmek \u00fczere geli\u015ftirilmi\u015f, dayan\u0131kl\u0131 bir \u00e7i\u011fneme oyunca\u011f\u0131d\u0131r. Ger\u00e7ek\u00e7i a\u011fa\u00e7 dal\u0131 formu ve do\u011fal odun dokusunu taklit eden yap\u0131s\u0131, k\u00f6pe\u011fin ilgisini y\u00fcksek seviyede tutarken elastik g\u00f6vdesi sayesinde a\u011f\u0131zda rahat kavrama sa\u011flar.<br \/>\n\u00d6zel KONG kau\u00e7uk form\u00fcl\u00fc, oyunca\u011f\u0131n par\u00e7alanmas\u0131n\u0131 ve k\u0131ym\u0131kla\u015fmas\u0131n\u0131 \u00f6nler; bu sayede ger\u00e7ek dallara k\u0131yasla \u00e7ok daha g\u00fcvenli bir \u00e7i\u011fneme alternatifi sunar. P\u00fct\u00fcrl\u00fc y\u00fczey yap\u0131s\u0131, \u00e7i\u011fneme s\u0131ras\u0131nda di\u015flerde mekanik temizlik etkisi yaratarak plak ve tartar olu\u015fumunun azalmas\u0131na yard\u0131mc\u0131 olur. Ayn\u0131 zamanda esnek yap\u0131s\u0131 sayesinde at\u2013getir oyunlar\u0131nda s\u0131\u00e7rama hareketleri olu\u015fturarak fiziksel aktiviteyi destekler.<\/p>","protected":false},"featured_media":43854,"comment_status":"open","ping_status":"closed","template":"","meta":{"_acf_changed":false},"product_brand":[],"product_cat":[3835],"product_tag":[],"class_list":{"0":"post-45538","1":"product","2":"type-product","3":"status-publish","4":"has-post-thumbnail","6":"product_cat-oyuncaklari","8":"first","9":"instock","10":"shipping-taxable","11":"product-type-simple"},"acf":[],"yoast_head":"<!-- This site is optimized with the Yoast SEO plugin v27.5 - https:\/\/yoast.com\/product\/yoast-seo-wordpress\/ -->\n<title>KONG ChewStix A\u011fa\u00e7 Dal\u0131 \u015eeklinde K\u00f6pek Oyunca\u011f\u0131 M - Anadolu Pet Grup<\/title>\n<meta name=\"robots\" content=\"index, follow, max-snippet:-1, max-image-preview:large, max-video-preview:-1\" \/>\n<link rel=\"canonical\" href=\"https:\/\/anadolupet.com.tr\/en\/product\/kong-chewstix-agac-dali-seklinde-kopek-oyuncagi-m\/\" \/>\n<meta property=\"og:locale\" content=\"en_US\" \/>\n<meta property=\"og:type\" content=\"article\" \/>\n<meta property=\"og:title\" content=\"KONG ChewStix A\u011fa\u00e7 Dal\u0131 \u015eeklinde K\u00f6pek Oyunca\u011f\u0131 M - Anadolu Pet Grup\" \/>\n<meta property=\"og:description\" content=\"KONG ChewStix A\u011fa\u00e7 Dal\u0131 \u015eeklinde K\u00f6pek Oyunca\u011f\u0131, k\u00f6peklerin do\u011fal \u00e7i\u011fneme i\u00e7g\u00fcd\u00fcs\u00fcn\u00fc g\u00fcvenli ve kontroll\u00fc \u015fekilde y\u00f6nlendirmek \u00fczere geli\u015ftirilmi\u015f, dayan\u0131kl\u0131 bir \u00e7i\u011fneme oyunca\u011f\u0131d\u0131r. Ger\u00e7ek\u00e7i a\u011fa\u00e7 dal\u0131 formu ve do\u011fal odun dokusunu taklit eden yap\u0131s\u0131, k\u00f6pe\u011fin ilgisini y\u00fcksek seviyede tutarken elastik g\u00f6vdesi sayesinde a\u011f\u0131zda rahat kavrama sa\u011flar. \u00d6zel KONG kau\u00e7uk form\u00fcl\u00fc, oyunca\u011f\u0131n par\u00e7alanmas\u0131n\u0131 ve k\u0131ym\u0131kla\u015fmas\u0131n\u0131 \u00f6nler; bu sayede ger\u00e7ek dallara k\u0131yasla \u00e7ok daha g\u00fcvenli bir \u00e7i\u011fneme alternatifi sunar. P\u00fct\u00fcrl\u00fc y\u00fczey yap\u0131s\u0131, \u00e7i\u011fneme s\u0131ras\u0131nda di\u015flerde mekanik temizlik etkisi yaratarak plak ve tartar olu\u015fumunun azalmas\u0131na yard\u0131mc\u0131 olur. Ayn\u0131 zamanda esnek yap\u0131s\u0131 sayesinde at\u2013getir oyunlar\u0131nda s\u0131\u00e7rama hareketleri olu\u015fturarak fiziksel aktiviteyi destekler.\" \/>\n<meta property=\"og:url\" content=\"https:\/\/anadolupet.com.tr\/en\/product\/kong-chewstix-agac-dali-seklinde-kopek-oyuncagi-m\/\" \/>\n<meta property=\"og:site_name\" content=\"Anadolu Pet Grup\" \/>\n<meta property=\"article:modified_time\" content=\"2026-02-23T12:49:01+00:00\" \/>\n<meta property=\"og:image\" content=\"https:\/\/anadolupet.com.tr\/wp-content\/uploads\/2026\/02\/390-PSW22E_2.jpg\" \/>\n\t<meta property=\"og:image:width\" content=\"750\" \/>\n\t<meta property=\"og:image:height\" content=\"750\" \/>\n\t<meta property=\"og:image:type\" content=\"image\/jpeg\" \/>\n<meta name=\"twitter:card\" content=\"summary_large_image\" \/>\n<script type=\"application\/ld+json\" class=\"yoast-schema-graph\">{\"@context\":\"https:\\\/\\\/schema.org\",\"@graph\":[{\"@type\":\"WebPage\",\"@id\":\"https:\\\/\\\/anadolupet.com.tr\\\/urun\\\/kong-chewstix-agac-dali-seklinde-kopek-oyuncagi-m\\\/\",\"url\":\"https:\\\/\\\/anadolupet.com.tr\\\/urun\\\/kong-chewstix-agac-dali-seklinde-kopek-oyuncagi-m\\\/\",\"name\":\"KONG ChewStix A\u011fa\u00e7 Dal\u0131 \u015eeklinde K\u00f6pek Oyunca\u011f\u0131 M - Anadolu Pet Grup\",\"isPartOf\":{\"@id\":\"https:\\\/\\\/anadolupet.com.tr\\\/#website\"},\"primaryImageOfPage\":{\"@id\":\"https:\\\/\\\/anadolupet.com.tr\\\/urun\\\/kong-chewstix-agac-dali-seklinde-kopek-oyuncagi-m\\\/#primaryimage\"},\"image\":{\"@id\":\"https:\\\/\\\/anadolupet.com.tr\\\/urun\\\/kong-chewstix-agac-dali-seklinde-kopek-oyuncagi-m\\\/#primaryimage\"},\"thumbnailUrl\":\"https:\\\/\\\/anadolupet.com.tr\\\/wp-content\\\/uploads\\\/2026\\\/02\\\/390-PSW22E_2.jpg\",\"datePublished\":\"2026-02-14T14:41:53+00:00\",\"dateModified\":\"2026-02-23T12:49:01+00:00\",\"breadcrumb\":{\"@id\":\"https:\\\/\\\/anadolupet.com.tr\\\/urun\\\/kong-chewstix-agac-dali-seklinde-kopek-oyuncagi-m\\\/#breadcrumb\"},\"inLanguage\":\"en-US\",\"potentialAction\":[{\"@type\":\"ReadAction\",\"target\":[\"https:\\\/\\\/anadolupet.com.tr\\\/urun\\\/kong-chewstix-agac-dali-seklinde-kopek-oyuncagi-m\\\/\"]}]},{\"@type\":\"ImageObject\",\"inLanguage\":\"en-US\",\"@id\":\"https:\\\/\\\/anadolupet.com.tr\\\/urun\\\/kong-chewstix-agac-dali-seklinde-kopek-oyuncagi-m\\\/#primaryimage\",\"url\":\"https:\\\/\\\/anadolupet.com.tr\\\/wp-content\\\/uploads\\\/2026\\\/02\\\/390-PSW22E_2.jpg\",\"contentUrl\":\"https:\\\/\\\/anadolupet.com.tr\\\/wp-content\\\/uploads\\\/2026\\\/02\\\/390-PSW22E_2.jpg\",\"width\":750,\"height\":750},{\"@type\":\"BreadcrumbList\",\"@id\":\"https:\\\/\\\/anadolupet.com.tr\\\/urun\\\/kong-chewstix-agac-dali-seklinde-kopek-oyuncagi-m\\\/#breadcrumb\",\"itemListElement\":[{\"@type\":\"ListItem\",\"position\":1,\"name\":\"Anasayfa\",\"item\":\"https:\\\/\\\/anadolupet.com.tr\\\/\"},{\"@type\":\"ListItem\",\"position\":2,\"name\":\"\u00dcr\u00fcnler\",\"item\":\"https:\\\/\\\/anadolupet.com.tr\\\/urunler\\\/\"},{\"@type\":\"ListItem\",\"position\":3,\"name\":\"KONG ChewStix A\u011fa\u00e7 Dal\u0131 \u015eeklinde K\u00f6pek Oyunca\u011f\u0131 M\"}]},{\"@type\":\"WebSite\",\"@id\":\"https:\\\/\\\/anadolupet.com.tr\\\/#website\",\"url\":\"https:\\\/\\\/anadolupet.com.tr\\\/\",\"name\":\"Anadolu Pet Grup\",\"description\":\"Her Can\u0131n \u0130yi Ya\u015fam\u0131 \u0130\u00e7in Biraraday\u0131z\",\"publisher\":{\"@id\":\"https:\\\/\\\/anadolupet.com.tr\\\/#organization\"},\"potentialAction\":[{\"@type\":\"SearchAction\",\"target\":{\"@type\":\"EntryPoint\",\"urlTemplate\":\"https:\\\/\\\/anadolupet.com.tr\\\/?s={search_term_string}\"},\"query-input\":{\"@type\":\"PropertyValueSpecification\",\"valueRequired\":true,\"valueName\":\"search_term_string\"}}],\"inLanguage\":\"en-US\"},{\"@type\":\"Organization\",\"@id\":\"https:\\\/\\\/anadolupet.com.tr\\\/#organization\",\"name\":\"Anadolu Pet Grup\",\"alternateName\":\"Anadolu Pet\",\"url\":\"https:\\\/\\\/anadolupet.com.tr\\\/\",\"logo\":{\"@type\":\"ImageObject\",\"inLanguage\":\"en-US\",\"@id\":\"https:\\\/\\\/anadolupet.com.tr\\\/#\\\/schema\\\/logo\\\/image\\\/\",\"url\":\"https:\\\/\\\/anadolupet.com.tr\\\/wp-content\\\/uploads\\\/2026\\\/03\\\/1614666743370.jpg\",\"contentUrl\":\"https:\\\/\\\/anadolupet.com.tr\\\/wp-content\\\/uploads\\\/2026\\\/03\\\/1614666743370.jpg\",\"width\":800,\"height\":571,\"caption\":\"Anadolu Pet Grup\"},\"image\":{\"@id\":\"https:\\\/\\\/anadolupet.com.tr\\\/#\\\/schema\\\/logo\\\/image\\\/\"}}]}<\/script>\n<!-- \/ Yoast SEO plugin. -->","yoast_head_json":{"title":"KONG ChewStix A\u011fa\u00e7 Dal\u0131 \u015eeklinde K\u00f6pek Oyunca\u011f\u0131 M - Anadolu Pet Grup","robots":{"index":"index","follow":"follow","max-snippet":"max-snippet:-1","max-image-preview":"max-image-preview:large","max-video-preview":"max-video-preview:-1"},"canonical":"https:\/\/anadolupet.com.tr\/en\/product\/kong-chewstix-agac-dali-seklinde-kopek-oyuncagi-m\/","og_locale":"en_US","og_type":"article","og_title":"KONG ChewStix A\u011fa\u00e7 Dal\u0131 \u015eeklinde K\u00f6pek Oyunca\u011f\u0131 M - Anadolu Pet Grup","og_description":"KONG ChewStix A\u011fa\u00e7 Dal\u0131 \u015eeklinde K\u00f6pek Oyunca\u011f\u0131, k\u00f6peklerin do\u011fal \u00e7i\u011fneme i\u00e7g\u00fcd\u00fcs\u00fcn\u00fc g\u00fcvenli ve kontroll\u00fc \u015fekilde y\u00f6nlendirmek \u00fczere geli\u015ftirilmi\u015f, dayan\u0131kl\u0131 bir \u00e7i\u011fneme oyunca\u011f\u0131d\u0131r. Ger\u00e7ek\u00e7i a\u011fa\u00e7 dal\u0131 formu ve do\u011fal odun dokusunu taklit eden yap\u0131s\u0131, k\u00f6pe\u011fin ilgisini y\u00fcksek seviyede tutarken elastik g\u00f6vdesi sayesinde a\u011f\u0131zda rahat kavrama sa\u011flar. \u00d6zel KONG kau\u00e7uk form\u00fcl\u00fc, oyunca\u011f\u0131n par\u00e7alanmas\u0131n\u0131 ve k\u0131ym\u0131kla\u015fmas\u0131n\u0131 \u00f6nler; bu sayede ger\u00e7ek dallara k\u0131yasla \u00e7ok daha g\u00fcvenli bir \u00e7i\u011fneme alternatifi sunar. P\u00fct\u00fcrl\u00fc y\u00fczey yap\u0131s\u0131, \u00e7i\u011fneme s\u0131ras\u0131nda di\u015flerde mekanik temizlik etkisi yaratarak plak ve tartar olu\u015fumunun azalmas\u0131na yard\u0131mc\u0131 olur. Ayn\u0131 zamanda esnek yap\u0131s\u0131 sayesinde at\u2013getir oyunlar\u0131nda s\u0131\u00e7rama hareketleri olu\u015fturarak fiziksel aktiviteyi destekler.","og_url":"https:\/\/anadolupet.com.tr\/en\/product\/kong-chewstix-agac-dali-seklinde-kopek-oyuncagi-m\/","og_site_name":"Anadolu Pet Grup","article_modified_time":"2026-02-23T12:49:01+00:00","og_image":[{"width":750,"height":750,"url":"https:\/\/anadolupet.com.tr\/wp-content\/uploads\/2026\/02\/390-PSW22E_2.jpg","type":"image\/jpeg"}],"twitter_card":"summary_large_image","schema":{"@context":"https:\/\/schema.org","@graph":[{"@type":"WebPage","@id":"https:\/\/anadolupet.com.tr\/urun\/kong-chewstix-agac-dali-seklinde-kopek-oyuncagi-m\/","url":"https:\/\/anadolupet.com.tr\/urun\/kong-chewstix-agac-dali-seklinde-kopek-oyuncagi-m\/","name":"KONG ChewStix A\u011fa\u00e7 Dal\u0131 \u015eeklinde K\u00f6pek Oyunca\u011f\u0131 M - Anadolu Pet Grup","isPartOf":{"@id":"https:\/\/anadolupet.com.tr\/#website"},"primaryImageOfPage":{"@id":"https:\/\/anadolupet.com.tr\/urun\/kong-chewstix-agac-dali-seklinde-kopek-oyuncagi-m\/#primaryimage"},"image":{"@id":"https:\/\/anadolupet.com.tr\/urun\/kong-chewstix-agac-dali-seklinde-kopek-oyuncagi-m\/#primaryimage"},"thumbnailUrl":"https:\/\/anadolupet.com.tr\/wp-content\/uploads\/2026\/02\/390-PSW22E_2.jpg","datePublished":"2026-02-14T14:41:53+00:00","dateModified":"2026-02-23T12:49:01+00:00","breadcrumb":{"@id":"https:\/\/anadolupet.com.tr\/urun\/kong-chewstix-agac-dali-seklinde-kopek-oyuncagi-m\/#breadcrumb"},"inLanguage":"en-US","potentialAction":[{"@type":"ReadAction","target":["https:\/\/anadolupet.com.tr\/urun\/kong-chewstix-agac-dali-seklinde-kopek-oyuncagi-m\/"]}]},{"@type":"ImageObject","inLanguage":"en-US","@id":"https:\/\/anadolupet.com.tr\/urun\/kong-chewstix-agac-dali-seklinde-kopek-oyuncagi-m\/#primaryimage","url":"https:\/\/anadolupet.com.tr\/wp-content\/uploads\/2026\/02\/390-PSW22E_2.jpg","contentUrl":"https:\/\/anadolupet.com.tr\/wp-content\/uploads\/2026\/02\/390-PSW22E_2.jpg","width":750,"height":750},{"@type":"BreadcrumbList","@id":"https:\/\/anadolupet.com.tr\/urun\/kong-chewstix-agac-dali-seklinde-kopek-oyuncagi-m\/#breadcrumb","itemListElement":[{"@type":"ListItem","position":1,"name":"Anasayfa","item":"https:\/\/anadolupet.com.tr\/"},{"@type":"ListItem","position":2,"name":"\u00dcr\u00fcnler","item":"https:\/\/anadolupet.com.tr\/urunler\/"},{"@type":"ListItem","position":3,"name":"KONG ChewStix A\u011fa\u00e7 Dal\u0131 \u015eeklinde K\u00f6pek Oyunca\u011f\u0131 M"}]},{"@type":"WebSite","@id":"https:\/\/anadolupet.com.tr\/#website","url":"https:\/\/anadolupet.com.tr\/","name":"Anadolu Pet Group","description":"We Stand Together for the Well-Being of Every Life","publisher":{"@id":"https:\/\/anadolupet.com.tr\/#organization"},"potentialAction":[{"@type":"SearchAction","target":{"@type":"EntryPoint","urlTemplate":"https:\/\/anadolupet.com.tr\/?s={search_term_string}"},"query-input":{"@type":"PropertyValueSpecification","valueRequired":true,"valueName":"search_term_string"}}],"inLanguage":"en-US"},{"@type":"Organization","@id":"https:\/\/anadolupet.com.tr\/#organization","name":"Anadolu Pet Group","alternateName":"Anadolu Pet","url":"https:\/\/anadolupet.com.tr\/","logo":{"@type":"ImageObject","inLanguage":"en-US","@id":"https:\/\/anadolupet.com.tr\/#\/schema\/logo\/image\/","url":"https:\/\/anadolupet.com.tr\/wp-content\/uploads\/2026\/03\/1614666743370.jpg","contentUrl":"https:\/\/anadolupet.com.tr\/wp-content\/uploads\/2026\/03\/1614666743370.jpg","width":800,"height":571,"caption":"Anadolu Pet Grup"},"image":{"@id":"https:\/\/anadolupet.com.tr\/#\/schema\/logo\/image\/"}}]}},"_links":{"self":[{"href":"https:\/\/anadolupet.com.tr\/en\/wp-json\/wp\/v2\/product\/45538","targetHints":{"allow":["GET"]}}],"collection":[{"href":"https:\/\/anadolupet.com.tr\/en\/wp-json\/wp\/v2\/product"}],"about":[{"href":"https:\/\/anadolupet.com.tr\/en\/wp-json\/wp\/v2\/types\/product"}],"replies":[{"embeddable":true,"href":"https:\/\/anadolupet.com.tr\/en\/wp-json\/wp\/v2\/comments?post=45538"}],"wp:featuredmedia":[{"embeddable":true,"href":"https:\/\/anadolupet.com.tr\/en\/wp-json\/wp\/v2\/media\/43854"}],"wp:attachment":[{"href":"https:\/\/anadolupet.com.tr\/en\/wp-json\/wp\/v2\/media?parent=45538"}],"wp:term":[{"taxonomy":"product_brand","embeddable":true,"href":"https:\/\/anadolupet.com.tr\/en\/wp-json\/wp\/v2\/product_brand?post=45538"},{"taxonomy":"product_cat","embeddable":true,"href":"https:\/\/anadolupet.com.tr\/en\/wp-json\/wp\/v2\/product_cat?post=45538"},{"taxonomy":"product_tag","embeddable":true,"href":"https:\/\/anadolupet.com.tr\/en\/wp-json\/wp\/v2\/product_tag?post=45538"}],"curies":[{"name":"wp","href":"https:\/\/api.w.org\/{rel}","templated":true}]}}