{"id":45539,"date":"2026-02-14T14:41:53","date_gmt":"2026-02-14T14:41:53","guid":{"rendered":"https:\/\/anadolupet.com.tr\/urun\/kong-classic-kopekler-icin-cok-amacli-isirma-oyuncagi-l\/"},"modified":"2026-02-23T12:49:01","modified_gmt":"2026-02-23T12:49:01","slug":"kong-classic-kopekler-icin-cok-amacli-isirma-oyuncagi-l","status":"publish","type":"product","link":"https:\/\/anadolupet.com.tr\/en\/urun\/kong-classic-kopekler-icin-cok-amacli-isirma-oyuncagi-l\/","title":{"rendered":"KONG Classic K\u00f6pekler i\u00e7in \u00c7ok Ama\u00e7l\u0131 Is\u0131rma Oyunca\u011f\u0131 L"},"content":{"rendered":"","protected":false},"excerpt":{"rendered":"<p>KONG Classic, k\u00f6pek oyuncaklar\u0131n\u0131n alt\u0131n standard\u0131 olarak kabul edilir ve k\u0131rk y\u0131l\u0131 a\u015fk\u0131n s\u00fcredir d\u00fcnyan\u0131n d\u00f6rt bir yan\u0131ndaki k\u00f6peklerin vazge\u00e7ilmezi olmu\u015ftur. K\u00f6peklerin i\u00e7g\u00fcd\u00fcsel ihtiya\u00e7lar\u0131n\u0131 kar\u015f\u0131lamaya yard\u0131mc\u0131 olarak zenginle\u015ftirme sunar. KONG Classic\u2019in benzersiz, tamamen do\u011fal k\u0131rm\u0131z\u0131 kau\u00e7uk form\u00fcl\u00fc son derece dayan\u0131kl\u0131d\u0131r ve d\u00fczensiz z\u0131plama \u00f6zelli\u011fi sayesinde \u00e7i\u011fnemeyi seven k\u00f6pekler i\u00e7in idealdir. Ayn\u0131 zamanda k\u00f6peklerin oyun oynama ihtiyac\u0131n\u0131 da kar\u015f\u0131lar. Oyun s\u00fcresini uzatmak ister misiniz?\u0130\u00e7ini leziz mama par\u00e7alar\u0131yla doldurun. \u00dczerine biraz f\u0131st\u0131k ezmesi ekleyerek daha cazip hale getirin. E\u011flenceyi art\u0131rmak i\u00e7in KONG Snacks ile doldurun ve KONG Easy Treat ile tamamlay\u0131n.<\/p>","protected":false},"featured_media":43886,"comment_status":"open","ping_status":"closed","template":"","meta":{"_acf_changed":false},"product_brand":[],"product_cat":[3835],"product_tag":[],"class_list":{"0":"post-45539","1":"product","2":"type-product","3":"status-publish","4":"has-post-thumbnail","6":"product_cat-oyuncaklari","8":"first","9":"instock","10":"shipping-taxable","11":"product-type-simple"},"acf":[],"yoast_head":"<!-- This site is optimized with the Yoast SEO plugin v27.5 - https:\/\/yoast.com\/product\/yoast-seo-wordpress\/ -->\n<title>KONG Classic K\u00f6pekler i\u00e7in \u00c7ok Ama\u00e7l\u0131 Is\u0131rma Oyunca\u011f\u0131 L - Anadolu Pet Grup<\/title>\n<meta name=\"robots\" content=\"index, follow, max-snippet:-1, max-image-preview:large, max-video-preview:-1\" \/>\n<link rel=\"canonical\" href=\"https:\/\/anadolupet.com.tr\/en\/product\/kong-classic-kopekler-icin-cok-amacli-isirma-oyuncagi-l\/\" \/>\n<meta property=\"og:locale\" content=\"en_US\" \/>\n<meta property=\"og:type\" content=\"article\" \/>\n<meta property=\"og:title\" content=\"KONG Classic K\u00f6pekler i\u00e7in \u00c7ok Ama\u00e7l\u0131 Is\u0131rma Oyunca\u011f\u0131 L - Anadolu Pet Grup\" \/>\n<meta property=\"og:description\" content=\"KONG Classic, k\u00f6pek oyuncaklar\u0131n\u0131n alt\u0131n standard\u0131 olarak kabul edilir ve k\u0131rk y\u0131l\u0131 a\u015fk\u0131n s\u00fcredir d\u00fcnyan\u0131n d\u00f6rt bir yan\u0131ndaki k\u00f6peklerin vazge\u00e7ilmezi olmu\u015ftur. K\u00f6peklerin i\u00e7g\u00fcd\u00fcsel ihtiya\u00e7lar\u0131n\u0131 kar\u015f\u0131lamaya yard\u0131mc\u0131 olarak zenginle\u015ftirme sunar. KONG Classic\u2019in benzersiz, tamamen do\u011fal k\u0131rm\u0131z\u0131 kau\u00e7uk form\u00fcl\u00fc son derece dayan\u0131kl\u0131d\u0131r ve d\u00fczensiz z\u0131plama \u00f6zelli\u011fi sayesinde \u00e7i\u011fnemeyi seven k\u00f6pekler i\u00e7in idealdir. Ayn\u0131 zamanda k\u00f6peklerin oyun oynama ihtiyac\u0131n\u0131 da kar\u015f\u0131lar. Oyun s\u00fcresini uzatmak ister misiniz?\u0130\u00e7ini leziz mama par\u00e7alar\u0131yla doldurun. \u00dczerine biraz f\u0131st\u0131k ezmesi ekleyerek daha cazip hale getirin. E\u011flenceyi art\u0131rmak i\u00e7in KONG Snacks ile doldurun ve KONG Easy Treat ile tamamlay\u0131n.\" \/>\n<meta property=\"og:url\" content=\"https:\/\/anadolupet.com.tr\/en\/product\/kong-classic-kopekler-icin-cok-amacli-isirma-oyuncagi-l\/\" \/>\n<meta property=\"og:site_name\" content=\"Anadolu Pet Grup\" \/>\n<meta property=\"article:modified_time\" content=\"2026-02-23T12:49:01+00:00\" \/>\n<meta property=\"og:image\" content=\"https:\/\/anadolupet.com.tr\/wp-content\/uploads\/2026\/02\/390-T1E_2.jpg\" \/>\n\t<meta property=\"og:image:width\" content=\"750\" \/>\n\t<meta property=\"og:image:height\" content=\"750\" \/>\n\t<meta property=\"og:image:type\" content=\"image\/jpeg\" \/>\n<meta name=\"twitter:card\" content=\"summary_large_image\" \/>\n<script type=\"application\/ld+json\" class=\"yoast-schema-graph\">{\"@context\":\"https:\\\/\\\/schema.org\",\"@graph\":[{\"@type\":\"WebPage\",\"@id\":\"https:\\\/\\\/anadolupet.com.tr\\\/urun\\\/kong-classic-kopekler-icin-cok-amacli-isirma-oyuncagi-l\\\/\",\"url\":\"https:\\\/\\\/anadolupet.com.tr\\\/urun\\\/kong-classic-kopekler-icin-cok-amacli-isirma-oyuncagi-l\\\/\",\"name\":\"KONG Classic K\u00f6pekler i\u00e7in \u00c7ok Ama\u00e7l\u0131 Is\u0131rma Oyunca\u011f\u0131 L - Anadolu Pet Grup\",\"isPartOf\":{\"@id\":\"https:\\\/\\\/anadolupet.com.tr\\\/#website\"},\"primaryImageOfPage\":{\"@id\":\"https:\\\/\\\/anadolupet.com.tr\\\/urun\\\/kong-classic-kopekler-icin-cok-amacli-isirma-oyuncagi-l\\\/#primaryimage\"},\"image\":{\"@id\":\"https:\\\/\\\/anadolupet.com.tr\\\/urun\\\/kong-classic-kopekler-icin-cok-amacli-isirma-oyuncagi-l\\\/#primaryimage\"},\"thumbnailUrl\":\"https:\\\/\\\/anadolupet.com.tr\\\/wp-content\\\/uploads\\\/2026\\\/02\\\/390-T1E_2.jpg\",\"datePublished\":\"2026-02-14T14:41:53+00:00\",\"dateModified\":\"2026-02-23T12:49:01+00:00\",\"breadcrumb\":{\"@id\":\"https:\\\/\\\/anadolupet.com.tr\\\/urun\\\/kong-classic-kopekler-icin-cok-amacli-isirma-oyuncagi-l\\\/#breadcrumb\"},\"inLanguage\":\"en-US\",\"potentialAction\":[{\"@type\":\"ReadAction\",\"target\":[\"https:\\\/\\\/anadolupet.com.tr\\\/urun\\\/kong-classic-kopekler-icin-cok-amacli-isirma-oyuncagi-l\\\/\"]}]},{\"@type\":\"ImageObject\",\"inLanguage\":\"en-US\",\"@id\":\"https:\\\/\\\/anadolupet.com.tr\\\/urun\\\/kong-classic-kopekler-icin-cok-amacli-isirma-oyuncagi-l\\\/#primaryimage\",\"url\":\"https:\\\/\\\/anadolupet.com.tr\\\/wp-content\\\/uploads\\\/2026\\\/02\\\/390-T1E_2.jpg\",\"contentUrl\":\"https:\\\/\\\/anadolupet.com.tr\\\/wp-content\\\/uploads\\\/2026\\\/02\\\/390-T1E_2.jpg\",\"width\":750,\"height\":750},{\"@type\":\"BreadcrumbList\",\"@id\":\"https:\\\/\\\/anadolupet.com.tr\\\/urun\\\/kong-classic-kopekler-icin-cok-amacli-isirma-oyuncagi-l\\\/#breadcrumb\",\"itemListElement\":[{\"@type\":\"ListItem\",\"position\":1,\"name\":\"Anasayfa\",\"item\":\"https:\\\/\\\/anadolupet.com.tr\\\/\"},{\"@type\":\"ListItem\",\"position\":2,\"name\":\"\u00dcr\u00fcnler\",\"item\":\"https:\\\/\\\/anadolupet.com.tr\\\/urunler\\\/\"},{\"@type\":\"ListItem\",\"position\":3,\"name\":\"KONG Classic K\u00f6pekler i\u00e7in \u00c7ok Ama\u00e7l\u0131 Is\u0131rma Oyunca\u011f\u0131 L\"}]},{\"@type\":\"WebSite\",\"@id\":\"https:\\\/\\\/anadolupet.com.tr\\\/#website\",\"url\":\"https:\\\/\\\/anadolupet.com.tr\\\/\",\"name\":\"Anadolu Pet Grup\",\"description\":\"Her Can\u0131n \u0130yi Ya\u015fam\u0131 \u0130\u00e7in Biraraday\u0131z\",\"publisher\":{\"@id\":\"https:\\\/\\\/anadolupet.com.tr\\\/#organization\"},\"potentialAction\":[{\"@type\":\"SearchAction\",\"target\":{\"@type\":\"EntryPoint\",\"urlTemplate\":\"https:\\\/\\\/anadolupet.com.tr\\\/?s={search_term_string}\"},\"query-input\":{\"@type\":\"PropertyValueSpecification\",\"valueRequired\":true,\"valueName\":\"search_term_string\"}}],\"inLanguage\":\"en-US\"},{\"@type\":\"Organization\",\"@id\":\"https:\\\/\\\/anadolupet.com.tr\\\/#organization\",\"name\":\"Anadolu Pet Grup\",\"alternateName\":\"Anadolu Pet\",\"url\":\"https:\\\/\\\/anadolupet.com.tr\\\/\",\"logo\":{\"@type\":\"ImageObject\",\"inLanguage\":\"en-US\",\"@id\":\"https:\\\/\\\/anadolupet.com.tr\\\/#\\\/schema\\\/logo\\\/image\\\/\",\"url\":\"https:\\\/\\\/anadolupet.com.tr\\\/wp-content\\\/uploads\\\/2026\\\/03\\\/1614666743370.jpg\",\"contentUrl\":\"https:\\\/\\\/anadolupet.com.tr\\\/wp-content\\\/uploads\\\/2026\\\/03\\\/1614666743370.jpg\",\"width\":800,\"height\":571,\"caption\":\"Anadolu Pet Grup\"},\"image\":{\"@id\":\"https:\\\/\\\/anadolupet.com.tr\\\/#\\\/schema\\\/logo\\\/image\\\/\"}}]}<\/script>\n<!-- \/ Yoast SEO plugin. -->","yoast_head_json":{"title":"KONG Classic K\u00f6pekler i\u00e7in \u00c7ok Ama\u00e7l\u0131 Is\u0131rma Oyunca\u011f\u0131 L - Anadolu Pet Grup","robots":{"index":"index","follow":"follow","max-snippet":"max-snippet:-1","max-image-preview":"max-image-preview:large","max-video-preview":"max-video-preview:-1"},"canonical":"https:\/\/anadolupet.com.tr\/en\/product\/kong-classic-kopekler-icin-cok-amacli-isirma-oyuncagi-l\/","og_locale":"en_US","og_type":"article","og_title":"KONG Classic K\u00f6pekler i\u00e7in \u00c7ok Ama\u00e7l\u0131 Is\u0131rma Oyunca\u011f\u0131 L - Anadolu Pet Grup","og_description":"KONG Classic, k\u00f6pek oyuncaklar\u0131n\u0131n alt\u0131n standard\u0131 olarak kabul edilir ve k\u0131rk y\u0131l\u0131 a\u015fk\u0131n s\u00fcredir d\u00fcnyan\u0131n d\u00f6rt bir yan\u0131ndaki k\u00f6peklerin vazge\u00e7ilmezi olmu\u015ftur. K\u00f6peklerin i\u00e7g\u00fcd\u00fcsel ihtiya\u00e7lar\u0131n\u0131 kar\u015f\u0131lamaya yard\u0131mc\u0131 olarak zenginle\u015ftirme sunar. KONG Classic\u2019in benzersiz, tamamen do\u011fal k\u0131rm\u0131z\u0131 kau\u00e7uk form\u00fcl\u00fc son derece dayan\u0131kl\u0131d\u0131r ve d\u00fczensiz z\u0131plama \u00f6zelli\u011fi sayesinde \u00e7i\u011fnemeyi seven k\u00f6pekler i\u00e7in idealdir. Ayn\u0131 zamanda k\u00f6peklerin oyun oynama ihtiyac\u0131n\u0131 da kar\u015f\u0131lar. Oyun s\u00fcresini uzatmak ister misiniz?\u0130\u00e7ini leziz mama par\u00e7alar\u0131yla doldurun. \u00dczerine biraz f\u0131st\u0131k ezmesi ekleyerek daha cazip hale getirin. E\u011flenceyi art\u0131rmak i\u00e7in KONG Snacks ile doldurun ve KONG Easy Treat ile tamamlay\u0131n.","og_url":"https:\/\/anadolupet.com.tr\/en\/product\/kong-classic-kopekler-icin-cok-amacli-isirma-oyuncagi-l\/","og_site_name":"Anadolu Pet Grup","article_modified_time":"2026-02-23T12:49:01+00:00","og_image":[{"width":750,"height":750,"url":"https:\/\/anadolupet.com.tr\/wp-content\/uploads\/2026\/02\/390-T1E_2.jpg","type":"image\/jpeg"}],"twitter_card":"summary_large_image","schema":{"@context":"https:\/\/schema.org","@graph":[{"@type":"WebPage","@id":"https:\/\/anadolupet.com.tr\/urun\/kong-classic-kopekler-icin-cok-amacli-isirma-oyuncagi-l\/","url":"https:\/\/anadolupet.com.tr\/urun\/kong-classic-kopekler-icin-cok-amacli-isirma-oyuncagi-l\/","name":"KONG Classic K\u00f6pekler i\u00e7in \u00c7ok Ama\u00e7l\u0131 Is\u0131rma Oyunca\u011f\u0131 L - Anadolu Pet Grup","isPartOf":{"@id":"https:\/\/anadolupet.com.tr\/#website"},"primaryImageOfPage":{"@id":"https:\/\/anadolupet.com.tr\/urun\/kong-classic-kopekler-icin-cok-amacli-isirma-oyuncagi-l\/#primaryimage"},"image":{"@id":"https:\/\/anadolupet.com.tr\/urun\/kong-classic-kopekler-icin-cok-amacli-isirma-oyuncagi-l\/#primaryimage"},"thumbnailUrl":"https:\/\/anadolupet.com.tr\/wp-content\/uploads\/2026\/02\/390-T1E_2.jpg","datePublished":"2026-02-14T14:41:53+00:00","dateModified":"2026-02-23T12:49:01+00:00","breadcrumb":{"@id":"https:\/\/anadolupet.com.tr\/urun\/kong-classic-kopekler-icin-cok-amacli-isirma-oyuncagi-l\/#breadcrumb"},"inLanguage":"en-US","potentialAction":[{"@type":"ReadAction","target":["https:\/\/anadolupet.com.tr\/urun\/kong-classic-kopekler-icin-cok-amacli-isirma-oyuncagi-l\/"]}]},{"@type":"ImageObject","inLanguage":"en-US","@id":"https:\/\/anadolupet.com.tr\/urun\/kong-classic-kopekler-icin-cok-amacli-isirma-oyuncagi-l\/#primaryimage","url":"https:\/\/anadolupet.com.tr\/wp-content\/uploads\/2026\/02\/390-T1E_2.jpg","contentUrl":"https:\/\/anadolupet.com.tr\/wp-content\/uploads\/2026\/02\/390-T1E_2.jpg","width":750,"height":750},{"@type":"BreadcrumbList","@id":"https:\/\/anadolupet.com.tr\/urun\/kong-classic-kopekler-icin-cok-amacli-isirma-oyuncagi-l\/#breadcrumb","itemListElement":[{"@type":"ListItem","position":1,"name":"Anasayfa","item":"https:\/\/anadolupet.com.tr\/"},{"@type":"ListItem","position":2,"name":"\u00dcr\u00fcnler","item":"https:\/\/anadolupet.com.tr\/urunler\/"},{"@type":"ListItem","position":3,"name":"KONG Classic K\u00f6pekler i\u00e7in \u00c7ok Ama\u00e7l\u0131 Is\u0131rma Oyunca\u011f\u0131 L"}]},{"@type":"WebSite","@id":"https:\/\/anadolupet.com.tr\/#website","url":"https:\/\/anadolupet.com.tr\/","name":"Anadolu Pet Group","description":"We Stand Together for the Well-Being of Every Life","publisher":{"@id":"https:\/\/anadolupet.com.tr\/#organization"},"potentialAction":[{"@type":"SearchAction","target":{"@type":"EntryPoint","urlTemplate":"https:\/\/anadolupet.com.tr\/?s={search_term_string}"},"query-input":{"@type":"PropertyValueSpecification","valueRequired":true,"valueName":"search_term_string"}}],"inLanguage":"en-US"},{"@type":"Organization","@id":"https:\/\/anadolupet.com.tr\/#organization","name":"Anadolu Pet Group","alternateName":"Anadolu Pet","url":"https:\/\/anadolupet.com.tr\/","logo":{"@type":"ImageObject","inLanguage":"en-US","@id":"https:\/\/anadolupet.com.tr\/#\/schema\/logo\/image\/","url":"https:\/\/anadolupet.com.tr\/wp-content\/uploads\/2026\/03\/1614666743370.jpg","contentUrl":"https:\/\/anadolupet.com.tr\/wp-content\/uploads\/2026\/03\/1614666743370.jpg","width":800,"height":571,"caption":"Anadolu Pet Grup"},"image":{"@id":"https:\/\/anadolupet.com.tr\/#\/schema\/logo\/image\/"}}]}},"_links":{"self":[{"href":"https:\/\/anadolupet.com.tr\/en\/wp-json\/wp\/v2\/product\/45539","targetHints":{"allow":["GET"]}}],"collection":[{"href":"https:\/\/anadolupet.com.tr\/en\/wp-json\/wp\/v2\/product"}],"about":[{"href":"https:\/\/anadolupet.com.tr\/en\/wp-json\/wp\/v2\/types\/product"}],"replies":[{"embeddable":true,"href":"https:\/\/anadolupet.com.tr\/en\/wp-json\/wp\/v2\/comments?post=45539"}],"wp:featuredmedia":[{"embeddable":true,"href":"https:\/\/anadolupet.com.tr\/en\/wp-json\/wp\/v2\/media\/43886"}],"wp:attachment":[{"href":"https:\/\/anadolupet.com.tr\/en\/wp-json\/wp\/v2\/media?parent=45539"}],"wp:term":[{"taxonomy":"product_brand","embeddable":true,"href":"https:\/\/anadolupet.com.tr\/en\/wp-json\/wp\/v2\/product_brand?post=45539"},{"taxonomy":"product_cat","embeddable":true,"href":"https:\/\/anadolupet.com.tr\/en\/wp-json\/wp\/v2\/product_cat?post=45539"},{"taxonomy":"product_tag","embeddable":true,"href":"https:\/\/anadolupet.com.tr\/en\/wp-json\/wp\/v2\/product_tag?post=45539"}],"curies":[{"name":"wp","href":"https:\/\/api.w.org\/{rel}","templated":true}]}}