{"id":45545,"date":"2026-02-14T14:41:53","date_gmt":"2026-02-14T14:41:53","guid":{"rendered":"https:\/\/anadolupet.com.tr\/urun\/kong-classic-kucuk-hayvanlar-icin-isirma-oyuncagi-s\/"},"modified":"2026-02-23T12:49:01","modified_gmt":"2026-02-23T12:49:01","slug":"kong-classic-kucuk-hayvanlar-icin-isirma-oyuncagi-s","status":"publish","type":"product","link":"https:\/\/anadolupet.com.tr\/en\/urun\/kong-classic-kucuk-hayvanlar-icin-isirma-oyuncagi-s\/","title":{"rendered":"KONG Classic K\u00fc\u00e7\u00fck Hayvanlar i\u00e7in Is\u0131rma Oyunca\u011f\u0131 S"},"content":{"rendered":"","protected":false},"excerpt":{"rendered":"<p>K\u00fc\u00e7\u00fck dostlar\u0131 unutmay\u0131n! ABD\u2019de \u00fcretilen KONG\u00ae Small Animal, do\u011fal kau\u00e7uktan yap\u0131lm\u0131\u015ft\u0131r ve kafes arkada\u015f\u0131n\u0131z i\u00e7in m\u00fckemmel bir oyun arkada\u015f\u0131d\u0131r. Di\u015f ve di\u015f etlerini temizlemeye yard\u0131mc\u0131 olurken ku\u015flar, fareler, gelincikler ve di\u011fer k\u00fc\u00e7\u00fck hayvanlar\u0131n s\u0131k\u0131lmas\u0131n\u0131 \u00f6nler. \u00c7i\u011fnemek, yuvarlamak ve doldurmak i\u00e7in e\u011flenceli bir oyuncakt\u0131r. \u0130\u00e7ine yiyecek veya \u00f6d\u00fcl mamalar\u0131 doldurularak oyun s\u00fcresi uzat\u0131labilir.<\/p>","protected":false},"featured_media":43751,"comment_status":"open","ping_status":"closed","template":"","meta":{"_acf_changed":false},"product_brand":[],"product_cat":[3835],"product_tag":[],"class_list":{"0":"post-45545","1":"product","2":"type-product","3":"status-publish","4":"has-post-thumbnail","6":"product_cat-oyuncaklari","8":"first","9":"instock","10":"shipping-taxable","11":"product-type-simple"},"acf":[],"yoast_head":"<!-- This site is optimized with the Yoast SEO plugin v27.5 - https:\/\/yoast.com\/product\/yoast-seo-wordpress\/ -->\n<title>KONG Classic K\u00fc\u00e7\u00fck Hayvanlar i\u00e7in Is\u0131rma Oyunca\u011f\u0131 S - Anadolu Pet Grup<\/title>\n<meta name=\"robots\" content=\"index, follow, max-snippet:-1, max-image-preview:large, max-video-preview:-1\" \/>\n<link rel=\"canonical\" href=\"https:\/\/anadolupet.com.tr\/en\/product\/kong-classic-kucuk-hayvanlar-icin-isirma-oyuncagi-s\/\" \/>\n<meta property=\"og:locale\" content=\"en_US\" \/>\n<meta property=\"og:type\" content=\"article\" \/>\n<meta property=\"og:title\" content=\"KONG Classic K\u00fc\u00e7\u00fck Hayvanlar i\u00e7in Is\u0131rma Oyunca\u011f\u0131 S - Anadolu Pet Grup\" \/>\n<meta property=\"og:description\" content=\"K\u00fc\u00e7\u00fck dostlar\u0131 unutmay\u0131n! ABD\u2019de \u00fcretilen KONG\u00ae Small Animal, do\u011fal kau\u00e7uktan yap\u0131lm\u0131\u015ft\u0131r ve kafes arkada\u015f\u0131n\u0131z i\u00e7in m\u00fckemmel bir oyun arkada\u015f\u0131d\u0131r. Di\u015f ve di\u015f etlerini temizlemeye yard\u0131mc\u0131 olurken ku\u015flar, fareler, gelincikler ve di\u011fer k\u00fc\u00e7\u00fck hayvanlar\u0131n s\u0131k\u0131lmas\u0131n\u0131 \u00f6nler. \u00c7i\u011fnemek, yuvarlamak ve doldurmak i\u00e7in e\u011flenceli bir oyuncakt\u0131r. \u0130\u00e7ine yiyecek veya \u00f6d\u00fcl mamalar\u0131 doldurularak oyun s\u00fcresi uzat\u0131labilir.\" \/>\n<meta property=\"og:url\" content=\"https:\/\/anadolupet.com.tr\/en\/product\/kong-classic-kucuk-hayvanlar-icin-isirma-oyuncagi-s\/\" \/>\n<meta property=\"og:site_name\" content=\"Anadolu Pet Grup\" \/>\n<meta property=\"article:modified_time\" content=\"2026-02-23T12:49:01+00:00\" \/>\n<meta property=\"og:image\" content=\"https:\/\/anadolupet.com.tr\/wp-content\/uploads\/2026\/02\/390-FK3E.jpg\" \/>\n\t<meta property=\"og:image:width\" content=\"750\" \/>\n\t<meta property=\"og:image:height\" content=\"750\" \/>\n\t<meta property=\"og:image:type\" content=\"image\/jpeg\" \/>\n<meta name=\"twitter:card\" content=\"summary_large_image\" \/>\n<script type=\"application\/ld+json\" class=\"yoast-schema-graph\">{\"@context\":\"https:\\\/\\\/schema.org\",\"@graph\":[{\"@type\":\"WebPage\",\"@id\":\"https:\\\/\\\/anadolupet.com.tr\\\/urun\\\/kong-classic-kucuk-hayvanlar-icin-isirma-oyuncagi-s\\\/\",\"url\":\"https:\\\/\\\/anadolupet.com.tr\\\/urun\\\/kong-classic-kucuk-hayvanlar-icin-isirma-oyuncagi-s\\\/\",\"name\":\"KONG Classic K\u00fc\u00e7\u00fck Hayvanlar i\u00e7in Is\u0131rma Oyunca\u011f\u0131 S - Anadolu Pet Grup\",\"isPartOf\":{\"@id\":\"https:\\\/\\\/anadolupet.com.tr\\\/#website\"},\"primaryImageOfPage\":{\"@id\":\"https:\\\/\\\/anadolupet.com.tr\\\/urun\\\/kong-classic-kucuk-hayvanlar-icin-isirma-oyuncagi-s\\\/#primaryimage\"},\"image\":{\"@id\":\"https:\\\/\\\/anadolupet.com.tr\\\/urun\\\/kong-classic-kucuk-hayvanlar-icin-isirma-oyuncagi-s\\\/#primaryimage\"},\"thumbnailUrl\":\"https:\\\/\\\/anadolupet.com.tr\\\/wp-content\\\/uploads\\\/2026\\\/02\\\/390-FK3E.jpg\",\"datePublished\":\"2026-02-14T14:41:53+00:00\",\"dateModified\":\"2026-02-23T12:49:01+00:00\",\"breadcrumb\":{\"@id\":\"https:\\\/\\\/anadolupet.com.tr\\\/urun\\\/kong-classic-kucuk-hayvanlar-icin-isirma-oyuncagi-s\\\/#breadcrumb\"},\"inLanguage\":\"en-US\",\"potentialAction\":[{\"@type\":\"ReadAction\",\"target\":[\"https:\\\/\\\/anadolupet.com.tr\\\/urun\\\/kong-classic-kucuk-hayvanlar-icin-isirma-oyuncagi-s\\\/\"]}]},{\"@type\":\"ImageObject\",\"inLanguage\":\"en-US\",\"@id\":\"https:\\\/\\\/anadolupet.com.tr\\\/urun\\\/kong-classic-kucuk-hayvanlar-icin-isirma-oyuncagi-s\\\/#primaryimage\",\"url\":\"https:\\\/\\\/anadolupet.com.tr\\\/wp-content\\\/uploads\\\/2026\\\/02\\\/390-FK3E.jpg\",\"contentUrl\":\"https:\\\/\\\/anadolupet.com.tr\\\/wp-content\\\/uploads\\\/2026\\\/02\\\/390-FK3E.jpg\",\"width\":750,\"height\":750},{\"@type\":\"BreadcrumbList\",\"@id\":\"https:\\\/\\\/anadolupet.com.tr\\\/urun\\\/kong-classic-kucuk-hayvanlar-icin-isirma-oyuncagi-s\\\/#breadcrumb\",\"itemListElement\":[{\"@type\":\"ListItem\",\"position\":1,\"name\":\"Anasayfa\",\"item\":\"https:\\\/\\\/anadolupet.com.tr\\\/\"},{\"@type\":\"ListItem\",\"position\":2,\"name\":\"\u00dcr\u00fcnler\",\"item\":\"https:\\\/\\\/anadolupet.com.tr\\\/urunler\\\/\"},{\"@type\":\"ListItem\",\"position\":3,\"name\":\"KONG Classic K\u00fc\u00e7\u00fck Hayvanlar i\u00e7in Is\u0131rma Oyunca\u011f\u0131 S\"}]},{\"@type\":\"WebSite\",\"@id\":\"https:\\\/\\\/anadolupet.com.tr\\\/#website\",\"url\":\"https:\\\/\\\/anadolupet.com.tr\\\/\",\"name\":\"Anadolu Pet Grup\",\"description\":\"Her Can\u0131n \u0130yi Ya\u015fam\u0131 \u0130\u00e7in Biraraday\u0131z\",\"publisher\":{\"@id\":\"https:\\\/\\\/anadolupet.com.tr\\\/#organization\"},\"potentialAction\":[{\"@type\":\"SearchAction\",\"target\":{\"@type\":\"EntryPoint\",\"urlTemplate\":\"https:\\\/\\\/anadolupet.com.tr\\\/?s={search_term_string}\"},\"query-input\":{\"@type\":\"PropertyValueSpecification\",\"valueRequired\":true,\"valueName\":\"search_term_string\"}}],\"inLanguage\":\"en-US\"},{\"@type\":\"Organization\",\"@id\":\"https:\\\/\\\/anadolupet.com.tr\\\/#organization\",\"name\":\"Anadolu Pet Grup\",\"alternateName\":\"Anadolu Pet\",\"url\":\"https:\\\/\\\/anadolupet.com.tr\\\/\",\"logo\":{\"@type\":\"ImageObject\",\"inLanguage\":\"en-US\",\"@id\":\"https:\\\/\\\/anadolupet.com.tr\\\/#\\\/schema\\\/logo\\\/image\\\/\",\"url\":\"https:\\\/\\\/anadolupet.com.tr\\\/wp-content\\\/uploads\\\/2026\\\/03\\\/1614666743370.jpg\",\"contentUrl\":\"https:\\\/\\\/anadolupet.com.tr\\\/wp-content\\\/uploads\\\/2026\\\/03\\\/1614666743370.jpg\",\"width\":800,\"height\":571,\"caption\":\"Anadolu Pet Grup\"},\"image\":{\"@id\":\"https:\\\/\\\/anadolupet.com.tr\\\/#\\\/schema\\\/logo\\\/image\\\/\"}}]}<\/script>\n<!-- \/ Yoast SEO plugin. -->","yoast_head_json":{"title":"KONG Classic K\u00fc\u00e7\u00fck Hayvanlar i\u00e7in Is\u0131rma Oyunca\u011f\u0131 S - Anadolu Pet Grup","robots":{"index":"index","follow":"follow","max-snippet":"max-snippet:-1","max-image-preview":"max-image-preview:large","max-video-preview":"max-video-preview:-1"},"canonical":"https:\/\/anadolupet.com.tr\/en\/product\/kong-classic-kucuk-hayvanlar-icin-isirma-oyuncagi-s\/","og_locale":"en_US","og_type":"article","og_title":"KONG Classic K\u00fc\u00e7\u00fck Hayvanlar i\u00e7in Is\u0131rma Oyunca\u011f\u0131 S - Anadolu Pet Grup","og_description":"K\u00fc\u00e7\u00fck dostlar\u0131 unutmay\u0131n! ABD\u2019de \u00fcretilen KONG\u00ae Small Animal, do\u011fal kau\u00e7uktan yap\u0131lm\u0131\u015ft\u0131r ve kafes arkada\u015f\u0131n\u0131z i\u00e7in m\u00fckemmel bir oyun arkada\u015f\u0131d\u0131r. Di\u015f ve di\u015f etlerini temizlemeye yard\u0131mc\u0131 olurken ku\u015flar, fareler, gelincikler ve di\u011fer k\u00fc\u00e7\u00fck hayvanlar\u0131n s\u0131k\u0131lmas\u0131n\u0131 \u00f6nler. \u00c7i\u011fnemek, yuvarlamak ve doldurmak i\u00e7in e\u011flenceli bir oyuncakt\u0131r. \u0130\u00e7ine yiyecek veya \u00f6d\u00fcl mamalar\u0131 doldurularak oyun s\u00fcresi uzat\u0131labilir.","og_url":"https:\/\/anadolupet.com.tr\/en\/product\/kong-classic-kucuk-hayvanlar-icin-isirma-oyuncagi-s\/","og_site_name":"Anadolu Pet Grup","article_modified_time":"2026-02-23T12:49:01+00:00","og_image":[{"width":750,"height":750,"url":"https:\/\/anadolupet.com.tr\/wp-content\/uploads\/2026\/02\/390-FK3E.jpg","type":"image\/jpeg"}],"twitter_card":"summary_large_image","schema":{"@context":"https:\/\/schema.org","@graph":[{"@type":"WebPage","@id":"https:\/\/anadolupet.com.tr\/urun\/kong-classic-kucuk-hayvanlar-icin-isirma-oyuncagi-s\/","url":"https:\/\/anadolupet.com.tr\/urun\/kong-classic-kucuk-hayvanlar-icin-isirma-oyuncagi-s\/","name":"KONG Classic K\u00fc\u00e7\u00fck Hayvanlar i\u00e7in Is\u0131rma Oyunca\u011f\u0131 S - Anadolu Pet Grup","isPartOf":{"@id":"https:\/\/anadolupet.com.tr\/#website"},"primaryImageOfPage":{"@id":"https:\/\/anadolupet.com.tr\/urun\/kong-classic-kucuk-hayvanlar-icin-isirma-oyuncagi-s\/#primaryimage"},"image":{"@id":"https:\/\/anadolupet.com.tr\/urun\/kong-classic-kucuk-hayvanlar-icin-isirma-oyuncagi-s\/#primaryimage"},"thumbnailUrl":"https:\/\/anadolupet.com.tr\/wp-content\/uploads\/2026\/02\/390-FK3E.jpg","datePublished":"2026-02-14T14:41:53+00:00","dateModified":"2026-02-23T12:49:01+00:00","breadcrumb":{"@id":"https:\/\/anadolupet.com.tr\/urun\/kong-classic-kucuk-hayvanlar-icin-isirma-oyuncagi-s\/#breadcrumb"},"inLanguage":"en-US","potentialAction":[{"@type":"ReadAction","target":["https:\/\/anadolupet.com.tr\/urun\/kong-classic-kucuk-hayvanlar-icin-isirma-oyuncagi-s\/"]}]},{"@type":"ImageObject","inLanguage":"en-US","@id":"https:\/\/anadolupet.com.tr\/urun\/kong-classic-kucuk-hayvanlar-icin-isirma-oyuncagi-s\/#primaryimage","url":"https:\/\/anadolupet.com.tr\/wp-content\/uploads\/2026\/02\/390-FK3E.jpg","contentUrl":"https:\/\/anadolupet.com.tr\/wp-content\/uploads\/2026\/02\/390-FK3E.jpg","width":750,"height":750},{"@type":"BreadcrumbList","@id":"https:\/\/anadolupet.com.tr\/urun\/kong-classic-kucuk-hayvanlar-icin-isirma-oyuncagi-s\/#breadcrumb","itemListElement":[{"@type":"ListItem","position":1,"name":"Anasayfa","item":"https:\/\/anadolupet.com.tr\/"},{"@type":"ListItem","position":2,"name":"\u00dcr\u00fcnler","item":"https:\/\/anadolupet.com.tr\/urunler\/"},{"@type":"ListItem","position":3,"name":"KONG Classic K\u00fc\u00e7\u00fck Hayvanlar i\u00e7in Is\u0131rma Oyunca\u011f\u0131 S"}]},{"@type":"WebSite","@id":"https:\/\/anadolupet.com.tr\/#website","url":"https:\/\/anadolupet.com.tr\/","name":"Anadolu Pet Group","description":"We Stand Together for the Well-Being of Every Life","publisher":{"@id":"https:\/\/anadolupet.com.tr\/#organization"},"potentialAction":[{"@type":"SearchAction","target":{"@type":"EntryPoint","urlTemplate":"https:\/\/anadolupet.com.tr\/?s={search_term_string}"},"query-input":{"@type":"PropertyValueSpecification","valueRequired":true,"valueName":"search_term_string"}}],"inLanguage":"en-US"},{"@type":"Organization","@id":"https:\/\/anadolupet.com.tr\/#organization","name":"Anadolu Pet Group","alternateName":"Anadolu Pet","url":"https:\/\/anadolupet.com.tr\/","logo":{"@type":"ImageObject","inLanguage":"en-US","@id":"https:\/\/anadolupet.com.tr\/#\/schema\/logo\/image\/","url":"https:\/\/anadolupet.com.tr\/wp-content\/uploads\/2026\/03\/1614666743370.jpg","contentUrl":"https:\/\/anadolupet.com.tr\/wp-content\/uploads\/2026\/03\/1614666743370.jpg","width":800,"height":571,"caption":"Anadolu Pet Grup"},"image":{"@id":"https:\/\/anadolupet.com.tr\/#\/schema\/logo\/image\/"}}]}},"_links":{"self":[{"href":"https:\/\/anadolupet.com.tr\/en\/wp-json\/wp\/v2\/product\/45545","targetHints":{"allow":["GET"]}}],"collection":[{"href":"https:\/\/anadolupet.com.tr\/en\/wp-json\/wp\/v2\/product"}],"about":[{"href":"https:\/\/anadolupet.com.tr\/en\/wp-json\/wp\/v2\/types\/product"}],"replies":[{"embeddable":true,"href":"https:\/\/anadolupet.com.tr\/en\/wp-json\/wp\/v2\/comments?post=45545"}],"wp:featuredmedia":[{"embeddable":true,"href":"https:\/\/anadolupet.com.tr\/en\/wp-json\/wp\/v2\/media\/43751"}],"wp:attachment":[{"href":"https:\/\/anadolupet.com.tr\/en\/wp-json\/wp\/v2\/media?parent=45545"}],"wp:term":[{"taxonomy":"product_brand","embeddable":true,"href":"https:\/\/anadolupet.com.tr\/en\/wp-json\/wp\/v2\/product_brand?post=45545"},{"taxonomy":"product_cat","embeddable":true,"href":"https:\/\/anadolupet.com.tr\/en\/wp-json\/wp\/v2\/product_cat?post=45545"},{"taxonomy":"product_tag","embeddable":true,"href":"https:\/\/anadolupet.com.tr\/en\/wp-json\/wp\/v2\/product_tag?post=45545"}],"curies":[{"name":"wp","href":"https:\/\/api.w.org\/{rel}","templated":true}]}}