{"id":45546,"date":"2026-02-14T14:41:53","date_gmt":"2026-02-14T14:41:53","guid":{"rendered":"https:\/\/anadolupet.com.tr\/urun\/kong-comfort-jumbo-bird-flamingo-seklinde-pelus-kopek-oyuncagi-xl\/"},"modified":"2026-02-23T12:49:02","modified_gmt":"2026-02-23T12:49:02","slug":"kong-comfort-jumbo-bird-flamingo-seklinde-pelus-kopek-oyuncagi-xl","status":"publish","type":"product","link":"https:\/\/anadolupet.com.tr\/en\/urun\/kong-comfort-jumbo-bird-flamingo-seklinde-pelus-kopek-oyuncagi-xl\/","title":{"rendered":"KONG Comfort Jumbo Bird Flamingo \u015eeklinde Pelu\u015f K\u00f6pek Oyunca\u011f\u0131 XL"},"content":{"rendered":"","protected":false},"excerpt":{"rendered":"<p>KONG Comfort Jumbo Bird, devasa boyutu ve uzun, sallanan g\u00f6vdesiyle k\u00f6pe\u011finizin sallama i\u00e7g\u00fcd\u00fclerini tatmin eden e\u011flenceli bir oyuncakt\u0131r. Ba\u015f ve g\u00f6vdesindeki ses aparat\u0131 (squeaker) sayesinde oyun s\u0131ras\u0131nda daha fazla etkile\u015fim sa\u011flar. Uzun ve yumu\u015fak pelu\u015f yap\u0131s\u0131 ise oyun sonras\u0131 dinlenme zamanlar\u0131nda k\u00f6pe\u011finiz i\u00e7in rahatlat\u0131c\u0131 bir sar\u0131lma arkada\u015f\u0131 olur.<\/p>","protected":false},"featured_media":43861,"comment_status":"open","ping_status":"closed","template":"","meta":{"_acf_changed":false},"product_brand":[],"product_cat":[3835],"product_tag":[],"class_list":{"0":"post-45546","1":"product","2":"type-product","3":"status-publish","4":"has-post-thumbnail","6":"product_cat-oyuncaklari","8":"first","9":"instock","10":"shipping-taxable","11":"product-type-simple"},"acf":[],"yoast_head":"<!-- This site is optimized with the Yoast SEO plugin v27.5 - https:\/\/yoast.com\/product\/yoast-seo-wordpress\/ -->\n<title>KONG Comfort Jumbo Bird Flamingo \u015eeklinde Pelu\u015f K\u00f6pek Oyunca\u011f\u0131 XL - Anadolu Pet Grup<\/title>\n<meta name=\"robots\" content=\"index, follow, max-snippet:-1, max-image-preview:large, max-video-preview:-1\" \/>\n<link rel=\"canonical\" href=\"https:\/\/anadolupet.com.tr\/en\/product\/kong-comfort-jumbo-bird-flamingo-seklinde-pelus-kopek-oyuncagi-xl\/\" \/>\n<meta property=\"og:locale\" content=\"en_US\" \/>\n<meta property=\"og:type\" content=\"article\" \/>\n<meta property=\"og:title\" content=\"KONG Comfort Jumbo Bird Flamingo \u015eeklinde Pelu\u015f K\u00f6pek Oyunca\u011f\u0131 XL - Anadolu Pet Grup\" \/>\n<meta property=\"og:description\" content=\"KONG Comfort Jumbo Bird, devasa boyutu ve uzun, sallanan g\u00f6vdesiyle k\u00f6pe\u011finizin sallama i\u00e7g\u00fcd\u00fclerini tatmin eden e\u011flenceli bir oyuncakt\u0131r. Ba\u015f ve g\u00f6vdesindeki ses aparat\u0131 (squeaker) sayesinde oyun s\u0131ras\u0131nda daha fazla etkile\u015fim sa\u011flar. Uzun ve yumu\u015fak pelu\u015f yap\u0131s\u0131 ise oyun sonras\u0131 dinlenme zamanlar\u0131nda k\u00f6pe\u011finiz i\u00e7in rahatlat\u0131c\u0131 bir sar\u0131lma arkada\u015f\u0131 olur.\" \/>\n<meta property=\"og:url\" content=\"https:\/\/anadolupet.com.tr\/en\/product\/kong-comfort-jumbo-bird-flamingo-seklinde-pelus-kopek-oyuncagi-xl\/\" \/>\n<meta property=\"og:site_name\" content=\"Anadolu Pet Grup\" \/>\n<meta property=\"article:modified_time\" content=\"2026-02-23T12:49:02+00:00\" \/>\n<meta property=\"og:image\" content=\"https:\/\/anadolupet.com.tr\/wp-content\/uploads\/2026\/02\/390-RJBXE.jpg\" \/>\n\t<meta property=\"og:image:width\" content=\"750\" \/>\n\t<meta property=\"og:image:height\" content=\"750\" \/>\n\t<meta property=\"og:image:type\" content=\"image\/jpeg\" \/>\n<meta name=\"twitter:card\" content=\"summary_large_image\" \/>\n<script type=\"application\/ld+json\" class=\"yoast-schema-graph\">{\"@context\":\"https:\\\/\\\/schema.org\",\"@graph\":[{\"@type\":\"WebPage\",\"@id\":\"https:\\\/\\\/anadolupet.com.tr\\\/urun\\\/kong-comfort-jumbo-bird-flamingo-seklinde-pelus-kopek-oyuncagi-xl\\\/\",\"url\":\"https:\\\/\\\/anadolupet.com.tr\\\/urun\\\/kong-comfort-jumbo-bird-flamingo-seklinde-pelus-kopek-oyuncagi-xl\\\/\",\"name\":\"KONG Comfort Jumbo Bird Flamingo \u015eeklinde Pelu\u015f K\u00f6pek Oyunca\u011f\u0131 XL - Anadolu Pet Grup\",\"isPartOf\":{\"@id\":\"https:\\\/\\\/anadolupet.com.tr\\\/#website\"},\"primaryImageOfPage\":{\"@id\":\"https:\\\/\\\/anadolupet.com.tr\\\/urun\\\/kong-comfort-jumbo-bird-flamingo-seklinde-pelus-kopek-oyuncagi-xl\\\/#primaryimage\"},\"image\":{\"@id\":\"https:\\\/\\\/anadolupet.com.tr\\\/urun\\\/kong-comfort-jumbo-bird-flamingo-seklinde-pelus-kopek-oyuncagi-xl\\\/#primaryimage\"},\"thumbnailUrl\":\"https:\\\/\\\/anadolupet.com.tr\\\/wp-content\\\/uploads\\\/2026\\\/02\\\/390-RJBXE.jpg\",\"datePublished\":\"2026-02-14T14:41:53+00:00\",\"dateModified\":\"2026-02-23T12:49:02+00:00\",\"breadcrumb\":{\"@id\":\"https:\\\/\\\/anadolupet.com.tr\\\/urun\\\/kong-comfort-jumbo-bird-flamingo-seklinde-pelus-kopek-oyuncagi-xl\\\/#breadcrumb\"},\"inLanguage\":\"en-US\",\"potentialAction\":[{\"@type\":\"ReadAction\",\"target\":[\"https:\\\/\\\/anadolupet.com.tr\\\/urun\\\/kong-comfort-jumbo-bird-flamingo-seklinde-pelus-kopek-oyuncagi-xl\\\/\"]}]},{\"@type\":\"ImageObject\",\"inLanguage\":\"en-US\",\"@id\":\"https:\\\/\\\/anadolupet.com.tr\\\/urun\\\/kong-comfort-jumbo-bird-flamingo-seklinde-pelus-kopek-oyuncagi-xl\\\/#primaryimage\",\"url\":\"https:\\\/\\\/anadolupet.com.tr\\\/wp-content\\\/uploads\\\/2026\\\/02\\\/390-RJBXE.jpg\",\"contentUrl\":\"https:\\\/\\\/anadolupet.com.tr\\\/wp-content\\\/uploads\\\/2026\\\/02\\\/390-RJBXE.jpg\",\"width\":750,\"height\":750},{\"@type\":\"BreadcrumbList\",\"@id\":\"https:\\\/\\\/anadolupet.com.tr\\\/urun\\\/kong-comfort-jumbo-bird-flamingo-seklinde-pelus-kopek-oyuncagi-xl\\\/#breadcrumb\",\"itemListElement\":[{\"@type\":\"ListItem\",\"position\":1,\"name\":\"Anasayfa\",\"item\":\"https:\\\/\\\/anadolupet.com.tr\\\/\"},{\"@type\":\"ListItem\",\"position\":2,\"name\":\"\u00dcr\u00fcnler\",\"item\":\"https:\\\/\\\/anadolupet.com.tr\\\/urunler\\\/\"},{\"@type\":\"ListItem\",\"position\":3,\"name\":\"KONG Comfort Jumbo Bird Flamingo \u015eeklinde Pelu\u015f K\u00f6pek Oyunca\u011f\u0131 XL\"}]},{\"@type\":\"WebSite\",\"@id\":\"https:\\\/\\\/anadolupet.com.tr\\\/#website\",\"url\":\"https:\\\/\\\/anadolupet.com.tr\\\/\",\"name\":\"Anadolu Pet Grup\",\"description\":\"Her Can\u0131n \u0130yi Ya\u015fam\u0131 \u0130\u00e7in Biraraday\u0131z\",\"publisher\":{\"@id\":\"https:\\\/\\\/anadolupet.com.tr\\\/#organization\"},\"potentialAction\":[{\"@type\":\"SearchAction\",\"target\":{\"@type\":\"EntryPoint\",\"urlTemplate\":\"https:\\\/\\\/anadolupet.com.tr\\\/?s={search_term_string}\"},\"query-input\":{\"@type\":\"PropertyValueSpecification\",\"valueRequired\":true,\"valueName\":\"search_term_string\"}}],\"inLanguage\":\"en-US\"},{\"@type\":\"Organization\",\"@id\":\"https:\\\/\\\/anadolupet.com.tr\\\/#organization\",\"name\":\"Anadolu Pet Grup\",\"alternateName\":\"Anadolu Pet\",\"url\":\"https:\\\/\\\/anadolupet.com.tr\\\/\",\"logo\":{\"@type\":\"ImageObject\",\"inLanguage\":\"en-US\",\"@id\":\"https:\\\/\\\/anadolupet.com.tr\\\/#\\\/schema\\\/logo\\\/image\\\/\",\"url\":\"https:\\\/\\\/anadolupet.com.tr\\\/wp-content\\\/uploads\\\/2026\\\/03\\\/1614666743370.jpg\",\"contentUrl\":\"https:\\\/\\\/anadolupet.com.tr\\\/wp-content\\\/uploads\\\/2026\\\/03\\\/1614666743370.jpg\",\"width\":800,\"height\":571,\"caption\":\"Anadolu Pet Grup\"},\"image\":{\"@id\":\"https:\\\/\\\/anadolupet.com.tr\\\/#\\\/schema\\\/logo\\\/image\\\/\"}}]}<\/script>\n<!-- \/ Yoast SEO plugin. -->","yoast_head_json":{"title":"KONG Comfort Jumbo Bird Flamingo \u015eeklinde Pelu\u015f K\u00f6pek Oyunca\u011f\u0131 XL - Anadolu Pet Grup","robots":{"index":"index","follow":"follow","max-snippet":"max-snippet:-1","max-image-preview":"max-image-preview:large","max-video-preview":"max-video-preview:-1"},"canonical":"https:\/\/anadolupet.com.tr\/en\/product\/kong-comfort-jumbo-bird-flamingo-seklinde-pelus-kopek-oyuncagi-xl\/","og_locale":"en_US","og_type":"article","og_title":"KONG Comfort Jumbo Bird Flamingo \u015eeklinde Pelu\u015f K\u00f6pek Oyunca\u011f\u0131 XL - Anadolu Pet Grup","og_description":"KONG Comfort Jumbo Bird, devasa boyutu ve uzun, sallanan g\u00f6vdesiyle k\u00f6pe\u011finizin sallama i\u00e7g\u00fcd\u00fclerini tatmin eden e\u011flenceli bir oyuncakt\u0131r. Ba\u015f ve g\u00f6vdesindeki ses aparat\u0131 (squeaker) sayesinde oyun s\u0131ras\u0131nda daha fazla etkile\u015fim sa\u011flar. Uzun ve yumu\u015fak pelu\u015f yap\u0131s\u0131 ise oyun sonras\u0131 dinlenme zamanlar\u0131nda k\u00f6pe\u011finiz i\u00e7in rahatlat\u0131c\u0131 bir sar\u0131lma arkada\u015f\u0131 olur.","og_url":"https:\/\/anadolupet.com.tr\/en\/product\/kong-comfort-jumbo-bird-flamingo-seklinde-pelus-kopek-oyuncagi-xl\/","og_site_name":"Anadolu Pet Grup","article_modified_time":"2026-02-23T12:49:02+00:00","og_image":[{"width":750,"height":750,"url":"https:\/\/anadolupet.com.tr\/wp-content\/uploads\/2026\/02\/390-RJBXE.jpg","type":"image\/jpeg"}],"twitter_card":"summary_large_image","schema":{"@context":"https:\/\/schema.org","@graph":[{"@type":"WebPage","@id":"https:\/\/anadolupet.com.tr\/urun\/kong-comfort-jumbo-bird-flamingo-seklinde-pelus-kopek-oyuncagi-xl\/","url":"https:\/\/anadolupet.com.tr\/urun\/kong-comfort-jumbo-bird-flamingo-seklinde-pelus-kopek-oyuncagi-xl\/","name":"KONG Comfort Jumbo Bird Flamingo \u015eeklinde Pelu\u015f K\u00f6pek Oyunca\u011f\u0131 XL - Anadolu Pet Grup","isPartOf":{"@id":"https:\/\/anadolupet.com.tr\/#website"},"primaryImageOfPage":{"@id":"https:\/\/anadolupet.com.tr\/urun\/kong-comfort-jumbo-bird-flamingo-seklinde-pelus-kopek-oyuncagi-xl\/#primaryimage"},"image":{"@id":"https:\/\/anadolupet.com.tr\/urun\/kong-comfort-jumbo-bird-flamingo-seklinde-pelus-kopek-oyuncagi-xl\/#primaryimage"},"thumbnailUrl":"https:\/\/anadolupet.com.tr\/wp-content\/uploads\/2026\/02\/390-RJBXE.jpg","datePublished":"2026-02-14T14:41:53+00:00","dateModified":"2026-02-23T12:49:02+00:00","breadcrumb":{"@id":"https:\/\/anadolupet.com.tr\/urun\/kong-comfort-jumbo-bird-flamingo-seklinde-pelus-kopek-oyuncagi-xl\/#breadcrumb"},"inLanguage":"en-US","potentialAction":[{"@type":"ReadAction","target":["https:\/\/anadolupet.com.tr\/urun\/kong-comfort-jumbo-bird-flamingo-seklinde-pelus-kopek-oyuncagi-xl\/"]}]},{"@type":"ImageObject","inLanguage":"en-US","@id":"https:\/\/anadolupet.com.tr\/urun\/kong-comfort-jumbo-bird-flamingo-seklinde-pelus-kopek-oyuncagi-xl\/#primaryimage","url":"https:\/\/anadolupet.com.tr\/wp-content\/uploads\/2026\/02\/390-RJBXE.jpg","contentUrl":"https:\/\/anadolupet.com.tr\/wp-content\/uploads\/2026\/02\/390-RJBXE.jpg","width":750,"height":750},{"@type":"BreadcrumbList","@id":"https:\/\/anadolupet.com.tr\/urun\/kong-comfort-jumbo-bird-flamingo-seklinde-pelus-kopek-oyuncagi-xl\/#breadcrumb","itemListElement":[{"@type":"ListItem","position":1,"name":"Anasayfa","item":"https:\/\/anadolupet.com.tr\/"},{"@type":"ListItem","position":2,"name":"\u00dcr\u00fcnler","item":"https:\/\/anadolupet.com.tr\/urunler\/"},{"@type":"ListItem","position":3,"name":"KONG Comfort Jumbo Bird Flamingo \u015eeklinde Pelu\u015f K\u00f6pek Oyunca\u011f\u0131 XL"}]},{"@type":"WebSite","@id":"https:\/\/anadolupet.com.tr\/#website","url":"https:\/\/anadolupet.com.tr\/","name":"Anadolu Pet Group","description":"We Stand Together for the Well-Being of Every Life","publisher":{"@id":"https:\/\/anadolupet.com.tr\/#organization"},"potentialAction":[{"@type":"SearchAction","target":{"@type":"EntryPoint","urlTemplate":"https:\/\/anadolupet.com.tr\/?s={search_term_string}"},"query-input":{"@type":"PropertyValueSpecification","valueRequired":true,"valueName":"search_term_string"}}],"inLanguage":"en-US"},{"@type":"Organization","@id":"https:\/\/anadolupet.com.tr\/#organization","name":"Anadolu Pet Group","alternateName":"Anadolu Pet","url":"https:\/\/anadolupet.com.tr\/","logo":{"@type":"ImageObject","inLanguage":"en-US","@id":"https:\/\/anadolupet.com.tr\/#\/schema\/logo\/image\/","url":"https:\/\/anadolupet.com.tr\/wp-content\/uploads\/2026\/03\/1614666743370.jpg","contentUrl":"https:\/\/anadolupet.com.tr\/wp-content\/uploads\/2026\/03\/1614666743370.jpg","width":800,"height":571,"caption":"Anadolu Pet Grup"},"image":{"@id":"https:\/\/anadolupet.com.tr\/#\/schema\/logo\/image\/"}}]}},"_links":{"self":[{"href":"https:\/\/anadolupet.com.tr\/en\/wp-json\/wp\/v2\/product\/45546","targetHints":{"allow":["GET"]}}],"collection":[{"href":"https:\/\/anadolupet.com.tr\/en\/wp-json\/wp\/v2\/product"}],"about":[{"href":"https:\/\/anadolupet.com.tr\/en\/wp-json\/wp\/v2\/types\/product"}],"replies":[{"embeddable":true,"href":"https:\/\/anadolupet.com.tr\/en\/wp-json\/wp\/v2\/comments?post=45546"}],"wp:featuredmedia":[{"embeddable":true,"href":"https:\/\/anadolupet.com.tr\/en\/wp-json\/wp\/v2\/media\/43861"}],"wp:attachment":[{"href":"https:\/\/anadolupet.com.tr\/en\/wp-json\/wp\/v2\/media?parent=45546"}],"wp:term":[{"taxonomy":"product_brand","embeddable":true,"href":"https:\/\/anadolupet.com.tr\/en\/wp-json\/wp\/v2\/product_brand?post=45546"},{"taxonomy":"product_cat","embeddable":true,"href":"https:\/\/anadolupet.com.tr\/en\/wp-json\/wp\/v2\/product_cat?post=45546"},{"taxonomy":"product_tag","embeddable":true,"href":"https:\/\/anadolupet.com.tr\/en\/wp-json\/wp\/v2\/product_tag?post=45546"}],"curies":[{"name":"wp","href":"https:\/\/api.w.org\/{rel}","templated":true}]}}