{"id":45549,"date":"2026-02-14T14:41:54","date_gmt":"2026-02-14T14:41:54","guid":{"rendered":"https:\/\/anadolupet.com.tr\/urun\/kong-comfort-pups-boss-kopek-seklinde-pelus-kopek-oyuncagi-s\/"},"modified":"2026-02-23T12:49:02","modified_gmt":"2026-02-23T12:49:02","slug":"kong-comfort-pups-boss-kopek-seklinde-pelus-kopek-oyuncagi-s","status":"publish","type":"product","link":"https:\/\/anadolupet.com.tr\/en\/urun\/kong-comfort-pups-boss-kopek-seklinde-pelus-kopek-oyuncagi-s\/","title":{"rendered":"KONG Comfort Pups Boss K\u00f6pek \u015eeklinde Pelu\u015f K\u00f6pek Oyunca\u011f\u0131 S"},"content":{"rendered":"","protected":false},"excerpt":{"rendered":"<p>KONG Comfort Pups k\u00f6pe\u011finiz i\u00e7in hem sar\u0131lmaya hem de e\u011flenceli oyunlara uygun sevimli bir oyuncakt\u0131r. S\u00fcper yumu\u015fak pelu\u015f k\u00fcrk\u00fc ve sallanan g\u00f6vdesi sayesinde k\u00f6pe\u011finiz i\u00e7in ideal bir oyun ve uyku arkada\u015f\u0131d\u0131r. Oyunca\u011f\u0131n pelu\u015f ambalaj\u0131 bile ba\u015fl\u0131 ba\u015f\u0131na bir oyuncak olarak kullan\u0131labilir, yani k\u00f6pe\u011finiz i\u00e7in 2 oyuncak bir arada! Daha az dolgu malzemesi sayesinde daha az da\u011f\u0131n\u0131kl\u0131k yarat\u0131r. Entegre ses aparat\u0131 (squeaker) ve h\u0131\u015f\u0131rt\u0131l\u0131 kulaklar k\u00f6pe\u011finizin do\u011fal i\u00e7g\u00fcd\u00fclerini harekete ge\u00e7irerek uzun s\u00fcreli oyun keyfi sunar. Sallanan g\u00f6vdesi ise sallama oyunlar\u0131n\u0131 daha tatmin edici hale getirir.<\/p>","protected":false},"featured_media":43860,"comment_status":"open","ping_status":"closed","template":"","meta":{"_acf_changed":false},"product_brand":[],"product_cat":[3835],"product_tag":[],"class_list":{"0":"post-45549","1":"product","2":"type-product","3":"status-publish","4":"has-post-thumbnail","6":"product_cat-oyuncaklari","8":"first","9":"instock","10":"shipping-taxable","11":"product-type-simple"},"acf":[],"yoast_head":"<!-- This site is optimized with the Yoast SEO plugin v27.5 - https:\/\/yoast.com\/product\/yoast-seo-wordpress\/ -->\n<title>KONG Comfort Pups Boss K\u00f6pek \u015eeklinde Pelu\u015f K\u00f6pek Oyunca\u011f\u0131 S - Anadolu Pet Grup<\/title>\n<meta name=\"robots\" content=\"index, follow, max-snippet:-1, max-image-preview:large, max-video-preview:-1\" \/>\n<link rel=\"canonical\" href=\"https:\/\/anadolupet.com.tr\/en\/product\/kong-comfort-pups-boss-kopek-seklinde-pelus-kopek-oyuncagi-s\/\" \/>\n<meta property=\"og:locale\" content=\"en_US\" \/>\n<meta property=\"og:type\" content=\"article\" \/>\n<meta property=\"og:title\" content=\"KONG Comfort Pups Boss K\u00f6pek \u015eeklinde Pelu\u015f K\u00f6pek Oyunca\u011f\u0131 S - Anadolu Pet Grup\" \/>\n<meta property=\"og:description\" content=\"KONG Comfort Pups k\u00f6pe\u011finiz i\u00e7in hem sar\u0131lmaya hem de e\u011flenceli oyunlara uygun sevimli bir oyuncakt\u0131r. S\u00fcper yumu\u015fak pelu\u015f k\u00fcrk\u00fc ve sallanan g\u00f6vdesi sayesinde k\u00f6pe\u011finiz i\u00e7in ideal bir oyun ve uyku arkada\u015f\u0131d\u0131r. Oyunca\u011f\u0131n pelu\u015f ambalaj\u0131 bile ba\u015fl\u0131 ba\u015f\u0131na bir oyuncak olarak kullan\u0131labilir, yani k\u00f6pe\u011finiz i\u00e7in 2 oyuncak bir arada! Daha az dolgu malzemesi sayesinde daha az da\u011f\u0131n\u0131kl\u0131k yarat\u0131r. Entegre ses aparat\u0131 (squeaker) ve h\u0131\u015f\u0131rt\u0131l\u0131 kulaklar k\u00f6pe\u011finizin do\u011fal i\u00e7g\u00fcd\u00fclerini harekete ge\u00e7irerek uzun s\u00fcreli oyun keyfi sunar. Sallanan g\u00f6vdesi ise sallama oyunlar\u0131n\u0131 daha tatmin edici hale getirir.\" \/>\n<meta property=\"og:url\" content=\"https:\/\/anadolupet.com.tr\/en\/product\/kong-comfort-pups-boss-kopek-seklinde-pelus-kopek-oyuncagi-s\/\" \/>\n<meta property=\"og:site_name\" content=\"Anadolu Pet Grup\" \/>\n<meta property=\"article:modified_time\" content=\"2026-02-23T12:49:02+00:00\" \/>\n<meta property=\"og:image\" content=\"https:\/\/anadolupet.com.tr\/wp-content\/uploads\/2026\/02\/390-RCP34E.jpg\" \/>\n\t<meta property=\"og:image:width\" content=\"750\" \/>\n\t<meta property=\"og:image:height\" content=\"750\" \/>\n\t<meta property=\"og:image:type\" content=\"image\/jpeg\" \/>\n<meta name=\"twitter:card\" content=\"summary_large_image\" \/>\n<script type=\"application\/ld+json\" class=\"yoast-schema-graph\">{\"@context\":\"https:\\\/\\\/schema.org\",\"@graph\":[{\"@type\":\"WebPage\",\"@id\":\"https:\\\/\\\/anadolupet.com.tr\\\/urun\\\/kong-comfort-pups-boss-kopek-seklinde-pelus-kopek-oyuncagi-s\\\/\",\"url\":\"https:\\\/\\\/anadolupet.com.tr\\\/urun\\\/kong-comfort-pups-boss-kopek-seklinde-pelus-kopek-oyuncagi-s\\\/\",\"name\":\"KONG Comfort Pups Boss K\u00f6pek \u015eeklinde Pelu\u015f K\u00f6pek Oyunca\u011f\u0131 S - Anadolu Pet Grup\",\"isPartOf\":{\"@id\":\"https:\\\/\\\/anadolupet.com.tr\\\/#website\"},\"primaryImageOfPage\":{\"@id\":\"https:\\\/\\\/anadolupet.com.tr\\\/urun\\\/kong-comfort-pups-boss-kopek-seklinde-pelus-kopek-oyuncagi-s\\\/#primaryimage\"},\"image\":{\"@id\":\"https:\\\/\\\/anadolupet.com.tr\\\/urun\\\/kong-comfort-pups-boss-kopek-seklinde-pelus-kopek-oyuncagi-s\\\/#primaryimage\"},\"thumbnailUrl\":\"https:\\\/\\\/anadolupet.com.tr\\\/wp-content\\\/uploads\\\/2026\\\/02\\\/390-RCP34E.jpg\",\"datePublished\":\"2026-02-14T14:41:54+00:00\",\"dateModified\":\"2026-02-23T12:49:02+00:00\",\"breadcrumb\":{\"@id\":\"https:\\\/\\\/anadolupet.com.tr\\\/urun\\\/kong-comfort-pups-boss-kopek-seklinde-pelus-kopek-oyuncagi-s\\\/#breadcrumb\"},\"inLanguage\":\"en-US\",\"potentialAction\":[{\"@type\":\"ReadAction\",\"target\":[\"https:\\\/\\\/anadolupet.com.tr\\\/urun\\\/kong-comfort-pups-boss-kopek-seklinde-pelus-kopek-oyuncagi-s\\\/\"]}]},{\"@type\":\"ImageObject\",\"inLanguage\":\"en-US\",\"@id\":\"https:\\\/\\\/anadolupet.com.tr\\\/urun\\\/kong-comfort-pups-boss-kopek-seklinde-pelus-kopek-oyuncagi-s\\\/#primaryimage\",\"url\":\"https:\\\/\\\/anadolupet.com.tr\\\/wp-content\\\/uploads\\\/2026\\\/02\\\/390-RCP34E.jpg\",\"contentUrl\":\"https:\\\/\\\/anadolupet.com.tr\\\/wp-content\\\/uploads\\\/2026\\\/02\\\/390-RCP34E.jpg\",\"width\":750,\"height\":750},{\"@type\":\"BreadcrumbList\",\"@id\":\"https:\\\/\\\/anadolupet.com.tr\\\/urun\\\/kong-comfort-pups-boss-kopek-seklinde-pelus-kopek-oyuncagi-s\\\/#breadcrumb\",\"itemListElement\":[{\"@type\":\"ListItem\",\"position\":1,\"name\":\"Anasayfa\",\"item\":\"https:\\\/\\\/anadolupet.com.tr\\\/\"},{\"@type\":\"ListItem\",\"position\":2,\"name\":\"\u00dcr\u00fcnler\",\"item\":\"https:\\\/\\\/anadolupet.com.tr\\\/urunler\\\/\"},{\"@type\":\"ListItem\",\"position\":3,\"name\":\"KONG Comfort Pups Boss K\u00f6pek \u015eeklinde Pelu\u015f K\u00f6pek Oyunca\u011f\u0131 S\"}]},{\"@type\":\"WebSite\",\"@id\":\"https:\\\/\\\/anadolupet.com.tr\\\/#website\",\"url\":\"https:\\\/\\\/anadolupet.com.tr\\\/\",\"name\":\"Anadolu Pet Grup\",\"description\":\"Her Can\u0131n \u0130yi Ya\u015fam\u0131 \u0130\u00e7in Biraraday\u0131z\",\"publisher\":{\"@id\":\"https:\\\/\\\/anadolupet.com.tr\\\/#organization\"},\"potentialAction\":[{\"@type\":\"SearchAction\",\"target\":{\"@type\":\"EntryPoint\",\"urlTemplate\":\"https:\\\/\\\/anadolupet.com.tr\\\/?s={search_term_string}\"},\"query-input\":{\"@type\":\"PropertyValueSpecification\",\"valueRequired\":true,\"valueName\":\"search_term_string\"}}],\"inLanguage\":\"en-US\"},{\"@type\":\"Organization\",\"@id\":\"https:\\\/\\\/anadolupet.com.tr\\\/#organization\",\"name\":\"Anadolu Pet Grup\",\"alternateName\":\"Anadolu Pet\",\"url\":\"https:\\\/\\\/anadolupet.com.tr\\\/\",\"logo\":{\"@type\":\"ImageObject\",\"inLanguage\":\"en-US\",\"@id\":\"https:\\\/\\\/anadolupet.com.tr\\\/#\\\/schema\\\/logo\\\/image\\\/\",\"url\":\"https:\\\/\\\/anadolupet.com.tr\\\/wp-content\\\/uploads\\\/2026\\\/03\\\/1614666743370.jpg\",\"contentUrl\":\"https:\\\/\\\/anadolupet.com.tr\\\/wp-content\\\/uploads\\\/2026\\\/03\\\/1614666743370.jpg\",\"width\":800,\"height\":571,\"caption\":\"Anadolu Pet Grup\"},\"image\":{\"@id\":\"https:\\\/\\\/anadolupet.com.tr\\\/#\\\/schema\\\/logo\\\/image\\\/\"}}]}<\/script>\n<!-- \/ Yoast SEO plugin. -->","yoast_head_json":{"title":"KONG Comfort Pups Boss K\u00f6pek \u015eeklinde Pelu\u015f K\u00f6pek Oyunca\u011f\u0131 S - Anadolu Pet Grup","robots":{"index":"index","follow":"follow","max-snippet":"max-snippet:-1","max-image-preview":"max-image-preview:large","max-video-preview":"max-video-preview:-1"},"canonical":"https:\/\/anadolupet.com.tr\/en\/product\/kong-comfort-pups-boss-kopek-seklinde-pelus-kopek-oyuncagi-s\/","og_locale":"en_US","og_type":"article","og_title":"KONG Comfort Pups Boss K\u00f6pek \u015eeklinde Pelu\u015f K\u00f6pek Oyunca\u011f\u0131 S - Anadolu Pet Grup","og_description":"KONG Comfort Pups k\u00f6pe\u011finiz i\u00e7in hem sar\u0131lmaya hem de e\u011flenceli oyunlara uygun sevimli bir oyuncakt\u0131r. S\u00fcper yumu\u015fak pelu\u015f k\u00fcrk\u00fc ve sallanan g\u00f6vdesi sayesinde k\u00f6pe\u011finiz i\u00e7in ideal bir oyun ve uyku arkada\u015f\u0131d\u0131r. Oyunca\u011f\u0131n pelu\u015f ambalaj\u0131 bile ba\u015fl\u0131 ba\u015f\u0131na bir oyuncak olarak kullan\u0131labilir, yani k\u00f6pe\u011finiz i\u00e7in 2 oyuncak bir arada! Daha az dolgu malzemesi sayesinde daha az da\u011f\u0131n\u0131kl\u0131k yarat\u0131r. Entegre ses aparat\u0131 (squeaker) ve h\u0131\u015f\u0131rt\u0131l\u0131 kulaklar k\u00f6pe\u011finizin do\u011fal i\u00e7g\u00fcd\u00fclerini harekete ge\u00e7irerek uzun s\u00fcreli oyun keyfi sunar. Sallanan g\u00f6vdesi ise sallama oyunlar\u0131n\u0131 daha tatmin edici hale getirir.","og_url":"https:\/\/anadolupet.com.tr\/en\/product\/kong-comfort-pups-boss-kopek-seklinde-pelus-kopek-oyuncagi-s\/","og_site_name":"Anadolu Pet Grup","article_modified_time":"2026-02-23T12:49:02+00:00","og_image":[{"width":750,"height":750,"url":"https:\/\/anadolupet.com.tr\/wp-content\/uploads\/2026\/02\/390-RCP34E.jpg","type":"image\/jpeg"}],"twitter_card":"summary_large_image","schema":{"@context":"https:\/\/schema.org","@graph":[{"@type":"WebPage","@id":"https:\/\/anadolupet.com.tr\/urun\/kong-comfort-pups-boss-kopek-seklinde-pelus-kopek-oyuncagi-s\/","url":"https:\/\/anadolupet.com.tr\/urun\/kong-comfort-pups-boss-kopek-seklinde-pelus-kopek-oyuncagi-s\/","name":"KONG Comfort Pups Boss K\u00f6pek \u015eeklinde Pelu\u015f K\u00f6pek Oyunca\u011f\u0131 S - Anadolu Pet Grup","isPartOf":{"@id":"https:\/\/anadolupet.com.tr\/#website"},"primaryImageOfPage":{"@id":"https:\/\/anadolupet.com.tr\/urun\/kong-comfort-pups-boss-kopek-seklinde-pelus-kopek-oyuncagi-s\/#primaryimage"},"image":{"@id":"https:\/\/anadolupet.com.tr\/urun\/kong-comfort-pups-boss-kopek-seklinde-pelus-kopek-oyuncagi-s\/#primaryimage"},"thumbnailUrl":"https:\/\/anadolupet.com.tr\/wp-content\/uploads\/2026\/02\/390-RCP34E.jpg","datePublished":"2026-02-14T14:41:54+00:00","dateModified":"2026-02-23T12:49:02+00:00","breadcrumb":{"@id":"https:\/\/anadolupet.com.tr\/urun\/kong-comfort-pups-boss-kopek-seklinde-pelus-kopek-oyuncagi-s\/#breadcrumb"},"inLanguage":"en-US","potentialAction":[{"@type":"ReadAction","target":["https:\/\/anadolupet.com.tr\/urun\/kong-comfort-pups-boss-kopek-seklinde-pelus-kopek-oyuncagi-s\/"]}]},{"@type":"ImageObject","inLanguage":"en-US","@id":"https:\/\/anadolupet.com.tr\/urun\/kong-comfort-pups-boss-kopek-seklinde-pelus-kopek-oyuncagi-s\/#primaryimage","url":"https:\/\/anadolupet.com.tr\/wp-content\/uploads\/2026\/02\/390-RCP34E.jpg","contentUrl":"https:\/\/anadolupet.com.tr\/wp-content\/uploads\/2026\/02\/390-RCP34E.jpg","width":750,"height":750},{"@type":"BreadcrumbList","@id":"https:\/\/anadolupet.com.tr\/urun\/kong-comfort-pups-boss-kopek-seklinde-pelus-kopek-oyuncagi-s\/#breadcrumb","itemListElement":[{"@type":"ListItem","position":1,"name":"Anasayfa","item":"https:\/\/anadolupet.com.tr\/"},{"@type":"ListItem","position":2,"name":"\u00dcr\u00fcnler","item":"https:\/\/anadolupet.com.tr\/urunler\/"},{"@type":"ListItem","position":3,"name":"KONG Comfort Pups Boss K\u00f6pek \u015eeklinde Pelu\u015f K\u00f6pek Oyunca\u011f\u0131 S"}]},{"@type":"WebSite","@id":"https:\/\/anadolupet.com.tr\/#website","url":"https:\/\/anadolupet.com.tr\/","name":"Anadolu Pet Group","description":"We Stand Together for the Well-Being of Every Life","publisher":{"@id":"https:\/\/anadolupet.com.tr\/#organization"},"potentialAction":[{"@type":"SearchAction","target":{"@type":"EntryPoint","urlTemplate":"https:\/\/anadolupet.com.tr\/?s={search_term_string}"},"query-input":{"@type":"PropertyValueSpecification","valueRequired":true,"valueName":"search_term_string"}}],"inLanguage":"en-US"},{"@type":"Organization","@id":"https:\/\/anadolupet.com.tr\/#organization","name":"Anadolu Pet Group","alternateName":"Anadolu Pet","url":"https:\/\/anadolupet.com.tr\/","logo":{"@type":"ImageObject","inLanguage":"en-US","@id":"https:\/\/anadolupet.com.tr\/#\/schema\/logo\/image\/","url":"https:\/\/anadolupet.com.tr\/wp-content\/uploads\/2026\/03\/1614666743370.jpg","contentUrl":"https:\/\/anadolupet.com.tr\/wp-content\/uploads\/2026\/03\/1614666743370.jpg","width":800,"height":571,"caption":"Anadolu Pet Grup"},"image":{"@id":"https:\/\/anadolupet.com.tr\/#\/schema\/logo\/image\/"}}]}},"_links":{"self":[{"href":"https:\/\/anadolupet.com.tr\/en\/wp-json\/wp\/v2\/product\/45549","targetHints":{"allow":["GET"]}}],"collection":[{"href":"https:\/\/anadolupet.com.tr\/en\/wp-json\/wp\/v2\/product"}],"about":[{"href":"https:\/\/anadolupet.com.tr\/en\/wp-json\/wp\/v2\/types\/product"}],"replies":[{"embeddable":true,"href":"https:\/\/anadolupet.com.tr\/en\/wp-json\/wp\/v2\/comments?post=45549"}],"wp:featuredmedia":[{"embeddable":true,"href":"https:\/\/anadolupet.com.tr\/en\/wp-json\/wp\/v2\/media\/43860"}],"wp:attachment":[{"href":"https:\/\/anadolupet.com.tr\/en\/wp-json\/wp\/v2\/media?parent=45549"}],"wp:term":[{"taxonomy":"product_brand","embeddable":true,"href":"https:\/\/anadolupet.com.tr\/en\/wp-json\/wp\/v2\/product_brand?post=45549"},{"taxonomy":"product_cat","embeddable":true,"href":"https:\/\/anadolupet.com.tr\/en\/wp-json\/wp\/v2\/product_cat?post=45549"},{"taxonomy":"product_tag","embeddable":true,"href":"https:\/\/anadolupet.com.tr\/en\/wp-json\/wp\/v2\/product_tag?post=45549"}],"curies":[{"name":"wp","href":"https:\/\/api.w.org\/{rel}","templated":true}]}}