{"id":45563,"date":"2026-02-14T14:41:56","date_gmt":"2026-02-14T14:41:56","guid":{"rendered":"https:\/\/anadolupet.com.tr\/urun\/kong-dental-dis-temizligi-saglayan-kopek-oyuncagi-l\/"},"modified":"2026-02-23T12:49:03","modified_gmt":"2026-02-23T12:49:03","slug":"kong-dental-dis-temizligi-saglayan-kopek-oyuncagi-l","status":"publish","type":"product","link":"https:\/\/anadolupet.com.tr\/en\/urun\/kong-dental-dis-temizligi-saglayan-kopek-oyuncagi-l\/","title":{"rendered":"KONG Dental Di\u015f Temizli\u011fi Sa\u011flayan K\u00f6pek Oyunca\u011f\u0131 L"},"content":{"rendered":"","protected":false},"excerpt":{"rendered":"<p>KONG\u00ae Dental kau\u00e7uk k\u00f6pek oyunca\u011f\u0131, k\u00f6pe\u011finizin di\u015f ve di\u015f etlerini temizlerken ayn\u0131 zamanda \u00e7i\u011fneme ihtiyac\u0131n\u0131 kar\u015f\u0131lamak i\u00e7in tasarlanm\u0131\u015ft\u0131r. KONG Classic\u2019in \u00f6zel do\u011fal k\u0131rm\u0131z\u0131 kau\u00e7uk form\u00fcl\u00fc ile \u00fcretilmi\u015f olup, \u00fczerindeki oluklar di\u015flerin temizlenmesine yard\u0131mc\u0131 olur. Oyunca\u011f\u0131n i\u00e7ini ve oluklar\u0131n\u0131 k\u00f6pe\u011finizin en sevdi\u011fi \u00f6d\u00fcllerle doldurarak oyun keyfini art\u0131rabilirsiniz. \u00c7i\u011fneme s\u00fcresini uzatmak i\u00e7in KONG Snacks\u2122 ile doldurabilir ve \u00fczerine biraz KONG Easy Treat\u2122 ekleyebilirsiniz.<\/p>","protected":false},"featured_media":43739,"comment_status":"open","ping_status":"closed","template":"","meta":{"_acf_changed":false},"product_brand":[],"product_cat":[3835],"product_tag":[],"class_list":{"0":"post-45563","1":"product","2":"type-product","3":"status-publish","4":"has-post-thumbnail","6":"product_cat-oyuncaklari","8":"first","9":"instock","10":"shipping-taxable","11":"product-type-simple"},"acf":[],"yoast_head":"<!-- This site is optimized with the Yoast SEO plugin v27.5 - https:\/\/yoast.com\/product\/yoast-seo-wordpress\/ -->\n<title>KONG Dental Di\u015f Temizli\u011fi Sa\u011flayan K\u00f6pek Oyunca\u011f\u0131 L - Anadolu Pet Grup<\/title>\n<meta name=\"robots\" content=\"index, follow, max-snippet:-1, max-image-preview:large, max-video-preview:-1\" \/>\n<link rel=\"canonical\" href=\"https:\/\/anadolupet.com.tr\/en\/product\/kong-dental-dis-temizligi-saglayan-kopek-oyuncagi-l\/\" \/>\n<meta property=\"og:locale\" content=\"en_US\" \/>\n<meta property=\"og:type\" content=\"article\" \/>\n<meta property=\"og:title\" content=\"KONG Dental Di\u015f Temizli\u011fi Sa\u011flayan K\u00f6pek Oyunca\u011f\u0131 L - Anadolu Pet Grup\" \/>\n<meta property=\"og:description\" content=\"KONG\u00ae Dental kau\u00e7uk k\u00f6pek oyunca\u011f\u0131, k\u00f6pe\u011finizin di\u015f ve di\u015f etlerini temizlerken ayn\u0131 zamanda \u00e7i\u011fneme ihtiyac\u0131n\u0131 kar\u015f\u0131lamak i\u00e7in tasarlanm\u0131\u015ft\u0131r. KONG Classic\u2019in \u00f6zel do\u011fal k\u0131rm\u0131z\u0131 kau\u00e7uk form\u00fcl\u00fc ile \u00fcretilmi\u015f olup, \u00fczerindeki oluklar di\u015flerin temizlenmesine yard\u0131mc\u0131 olur. Oyunca\u011f\u0131n i\u00e7ini ve oluklar\u0131n\u0131 k\u00f6pe\u011finizin en sevdi\u011fi \u00f6d\u00fcllerle doldurarak oyun keyfini art\u0131rabilirsiniz. \u00c7i\u011fneme s\u00fcresini uzatmak i\u00e7in KONG Snacks\u2122 ile doldurabilir ve \u00fczerine biraz KONG Easy Treat\u2122 ekleyebilirsiniz.\" \/>\n<meta property=\"og:url\" content=\"https:\/\/anadolupet.com.tr\/en\/product\/kong-dental-dis-temizligi-saglayan-kopek-oyuncagi-l\/\" \/>\n<meta property=\"og:site_name\" content=\"Anadolu Pet Grup\" \/>\n<meta property=\"article:modified_time\" content=\"2026-02-23T12:49:03+00:00\" \/>\n<meta property=\"og:image\" content=\"https:\/\/anadolupet.com.tr\/wp-content\/uploads\/2026\/02\/390-DK1_2.jpg\" \/>\n\t<meta property=\"og:image:width\" content=\"750\" \/>\n\t<meta property=\"og:image:height\" content=\"750\" \/>\n\t<meta property=\"og:image:type\" content=\"image\/jpeg\" \/>\n<meta name=\"twitter:card\" content=\"summary_large_image\" \/>\n<script type=\"application\/ld+json\" class=\"yoast-schema-graph\">{\"@context\":\"https:\\\/\\\/schema.org\",\"@graph\":[{\"@type\":\"WebPage\",\"@id\":\"https:\\\/\\\/anadolupet.com.tr\\\/urun\\\/kong-dental-dis-temizligi-saglayan-kopek-oyuncagi-l\\\/\",\"url\":\"https:\\\/\\\/anadolupet.com.tr\\\/urun\\\/kong-dental-dis-temizligi-saglayan-kopek-oyuncagi-l\\\/\",\"name\":\"KONG Dental Di\u015f Temizli\u011fi Sa\u011flayan K\u00f6pek Oyunca\u011f\u0131 L - Anadolu Pet Grup\",\"isPartOf\":{\"@id\":\"https:\\\/\\\/anadolupet.com.tr\\\/#website\"},\"primaryImageOfPage\":{\"@id\":\"https:\\\/\\\/anadolupet.com.tr\\\/urun\\\/kong-dental-dis-temizligi-saglayan-kopek-oyuncagi-l\\\/#primaryimage\"},\"image\":{\"@id\":\"https:\\\/\\\/anadolupet.com.tr\\\/urun\\\/kong-dental-dis-temizligi-saglayan-kopek-oyuncagi-l\\\/#primaryimage\"},\"thumbnailUrl\":\"https:\\\/\\\/anadolupet.com.tr\\\/wp-content\\\/uploads\\\/2026\\\/02\\\/390-DK1_2.jpg\",\"datePublished\":\"2026-02-14T14:41:56+00:00\",\"dateModified\":\"2026-02-23T12:49:03+00:00\",\"breadcrumb\":{\"@id\":\"https:\\\/\\\/anadolupet.com.tr\\\/urun\\\/kong-dental-dis-temizligi-saglayan-kopek-oyuncagi-l\\\/#breadcrumb\"},\"inLanguage\":\"en-US\",\"potentialAction\":[{\"@type\":\"ReadAction\",\"target\":[\"https:\\\/\\\/anadolupet.com.tr\\\/urun\\\/kong-dental-dis-temizligi-saglayan-kopek-oyuncagi-l\\\/\"]}]},{\"@type\":\"ImageObject\",\"inLanguage\":\"en-US\",\"@id\":\"https:\\\/\\\/anadolupet.com.tr\\\/urun\\\/kong-dental-dis-temizligi-saglayan-kopek-oyuncagi-l\\\/#primaryimage\",\"url\":\"https:\\\/\\\/anadolupet.com.tr\\\/wp-content\\\/uploads\\\/2026\\\/02\\\/390-DK1_2.jpg\",\"contentUrl\":\"https:\\\/\\\/anadolupet.com.tr\\\/wp-content\\\/uploads\\\/2026\\\/02\\\/390-DK1_2.jpg\",\"width\":750,\"height\":750},{\"@type\":\"BreadcrumbList\",\"@id\":\"https:\\\/\\\/anadolupet.com.tr\\\/urun\\\/kong-dental-dis-temizligi-saglayan-kopek-oyuncagi-l\\\/#breadcrumb\",\"itemListElement\":[{\"@type\":\"ListItem\",\"position\":1,\"name\":\"Anasayfa\",\"item\":\"https:\\\/\\\/anadolupet.com.tr\\\/\"},{\"@type\":\"ListItem\",\"position\":2,\"name\":\"\u00dcr\u00fcnler\",\"item\":\"https:\\\/\\\/anadolupet.com.tr\\\/urunler\\\/\"},{\"@type\":\"ListItem\",\"position\":3,\"name\":\"KONG Dental Di\u015f Temizli\u011fi Sa\u011flayan K\u00f6pek Oyunca\u011f\u0131 L\"}]},{\"@type\":\"WebSite\",\"@id\":\"https:\\\/\\\/anadolupet.com.tr\\\/#website\",\"url\":\"https:\\\/\\\/anadolupet.com.tr\\\/\",\"name\":\"Anadolu Pet Grup\",\"description\":\"Her Can\u0131n \u0130yi Ya\u015fam\u0131 \u0130\u00e7in Biraraday\u0131z\",\"publisher\":{\"@id\":\"https:\\\/\\\/anadolupet.com.tr\\\/#organization\"},\"potentialAction\":[{\"@type\":\"SearchAction\",\"target\":{\"@type\":\"EntryPoint\",\"urlTemplate\":\"https:\\\/\\\/anadolupet.com.tr\\\/?s={search_term_string}\"},\"query-input\":{\"@type\":\"PropertyValueSpecification\",\"valueRequired\":true,\"valueName\":\"search_term_string\"}}],\"inLanguage\":\"en-US\"},{\"@type\":\"Organization\",\"@id\":\"https:\\\/\\\/anadolupet.com.tr\\\/#organization\",\"name\":\"Anadolu Pet Grup\",\"alternateName\":\"Anadolu Pet\",\"url\":\"https:\\\/\\\/anadolupet.com.tr\\\/\",\"logo\":{\"@type\":\"ImageObject\",\"inLanguage\":\"en-US\",\"@id\":\"https:\\\/\\\/anadolupet.com.tr\\\/#\\\/schema\\\/logo\\\/image\\\/\",\"url\":\"https:\\\/\\\/anadolupet.com.tr\\\/wp-content\\\/uploads\\\/2026\\\/03\\\/1614666743370.jpg\",\"contentUrl\":\"https:\\\/\\\/anadolupet.com.tr\\\/wp-content\\\/uploads\\\/2026\\\/03\\\/1614666743370.jpg\",\"width\":800,\"height\":571,\"caption\":\"Anadolu Pet Grup\"},\"image\":{\"@id\":\"https:\\\/\\\/anadolupet.com.tr\\\/#\\\/schema\\\/logo\\\/image\\\/\"}}]}<\/script>\n<!-- \/ Yoast SEO plugin. -->","yoast_head_json":{"title":"KONG Dental Di\u015f Temizli\u011fi Sa\u011flayan K\u00f6pek Oyunca\u011f\u0131 L - Anadolu Pet Grup","robots":{"index":"index","follow":"follow","max-snippet":"max-snippet:-1","max-image-preview":"max-image-preview:large","max-video-preview":"max-video-preview:-1"},"canonical":"https:\/\/anadolupet.com.tr\/en\/product\/kong-dental-dis-temizligi-saglayan-kopek-oyuncagi-l\/","og_locale":"en_US","og_type":"article","og_title":"KONG Dental Di\u015f Temizli\u011fi Sa\u011flayan K\u00f6pek Oyunca\u011f\u0131 L - Anadolu Pet Grup","og_description":"KONG\u00ae Dental kau\u00e7uk k\u00f6pek oyunca\u011f\u0131, k\u00f6pe\u011finizin di\u015f ve di\u015f etlerini temizlerken ayn\u0131 zamanda \u00e7i\u011fneme ihtiyac\u0131n\u0131 kar\u015f\u0131lamak i\u00e7in tasarlanm\u0131\u015ft\u0131r. KONG Classic\u2019in \u00f6zel do\u011fal k\u0131rm\u0131z\u0131 kau\u00e7uk form\u00fcl\u00fc ile \u00fcretilmi\u015f olup, \u00fczerindeki oluklar di\u015flerin temizlenmesine yard\u0131mc\u0131 olur. Oyunca\u011f\u0131n i\u00e7ini ve oluklar\u0131n\u0131 k\u00f6pe\u011finizin en sevdi\u011fi \u00f6d\u00fcllerle doldurarak oyun keyfini art\u0131rabilirsiniz. \u00c7i\u011fneme s\u00fcresini uzatmak i\u00e7in KONG Snacks\u2122 ile doldurabilir ve \u00fczerine biraz KONG Easy Treat\u2122 ekleyebilirsiniz.","og_url":"https:\/\/anadolupet.com.tr\/en\/product\/kong-dental-dis-temizligi-saglayan-kopek-oyuncagi-l\/","og_site_name":"Anadolu Pet Grup","article_modified_time":"2026-02-23T12:49:03+00:00","og_image":[{"width":750,"height":750,"url":"https:\/\/anadolupet.com.tr\/wp-content\/uploads\/2026\/02\/390-DK1_2.jpg","type":"image\/jpeg"}],"twitter_card":"summary_large_image","schema":{"@context":"https:\/\/schema.org","@graph":[{"@type":"WebPage","@id":"https:\/\/anadolupet.com.tr\/urun\/kong-dental-dis-temizligi-saglayan-kopek-oyuncagi-l\/","url":"https:\/\/anadolupet.com.tr\/urun\/kong-dental-dis-temizligi-saglayan-kopek-oyuncagi-l\/","name":"KONG Dental Di\u015f Temizli\u011fi Sa\u011flayan K\u00f6pek Oyunca\u011f\u0131 L - Anadolu Pet Grup","isPartOf":{"@id":"https:\/\/anadolupet.com.tr\/#website"},"primaryImageOfPage":{"@id":"https:\/\/anadolupet.com.tr\/urun\/kong-dental-dis-temizligi-saglayan-kopek-oyuncagi-l\/#primaryimage"},"image":{"@id":"https:\/\/anadolupet.com.tr\/urun\/kong-dental-dis-temizligi-saglayan-kopek-oyuncagi-l\/#primaryimage"},"thumbnailUrl":"https:\/\/anadolupet.com.tr\/wp-content\/uploads\/2026\/02\/390-DK1_2.jpg","datePublished":"2026-02-14T14:41:56+00:00","dateModified":"2026-02-23T12:49:03+00:00","breadcrumb":{"@id":"https:\/\/anadolupet.com.tr\/urun\/kong-dental-dis-temizligi-saglayan-kopek-oyuncagi-l\/#breadcrumb"},"inLanguage":"en-US","potentialAction":[{"@type":"ReadAction","target":["https:\/\/anadolupet.com.tr\/urun\/kong-dental-dis-temizligi-saglayan-kopek-oyuncagi-l\/"]}]},{"@type":"ImageObject","inLanguage":"en-US","@id":"https:\/\/anadolupet.com.tr\/urun\/kong-dental-dis-temizligi-saglayan-kopek-oyuncagi-l\/#primaryimage","url":"https:\/\/anadolupet.com.tr\/wp-content\/uploads\/2026\/02\/390-DK1_2.jpg","contentUrl":"https:\/\/anadolupet.com.tr\/wp-content\/uploads\/2026\/02\/390-DK1_2.jpg","width":750,"height":750},{"@type":"BreadcrumbList","@id":"https:\/\/anadolupet.com.tr\/urun\/kong-dental-dis-temizligi-saglayan-kopek-oyuncagi-l\/#breadcrumb","itemListElement":[{"@type":"ListItem","position":1,"name":"Anasayfa","item":"https:\/\/anadolupet.com.tr\/"},{"@type":"ListItem","position":2,"name":"\u00dcr\u00fcnler","item":"https:\/\/anadolupet.com.tr\/urunler\/"},{"@type":"ListItem","position":3,"name":"KONG Dental Di\u015f Temizli\u011fi Sa\u011flayan K\u00f6pek Oyunca\u011f\u0131 L"}]},{"@type":"WebSite","@id":"https:\/\/anadolupet.com.tr\/#website","url":"https:\/\/anadolupet.com.tr\/","name":"Anadolu Pet Group","description":"We Stand Together for the Well-Being of Every Life","publisher":{"@id":"https:\/\/anadolupet.com.tr\/#organization"},"potentialAction":[{"@type":"SearchAction","target":{"@type":"EntryPoint","urlTemplate":"https:\/\/anadolupet.com.tr\/?s={search_term_string}"},"query-input":{"@type":"PropertyValueSpecification","valueRequired":true,"valueName":"search_term_string"}}],"inLanguage":"en-US"},{"@type":"Organization","@id":"https:\/\/anadolupet.com.tr\/#organization","name":"Anadolu Pet Group","alternateName":"Anadolu Pet","url":"https:\/\/anadolupet.com.tr\/","logo":{"@type":"ImageObject","inLanguage":"en-US","@id":"https:\/\/anadolupet.com.tr\/#\/schema\/logo\/image\/","url":"https:\/\/anadolupet.com.tr\/wp-content\/uploads\/2026\/03\/1614666743370.jpg","contentUrl":"https:\/\/anadolupet.com.tr\/wp-content\/uploads\/2026\/03\/1614666743370.jpg","width":800,"height":571,"caption":"Anadolu Pet Grup"},"image":{"@id":"https:\/\/anadolupet.com.tr\/#\/schema\/logo\/image\/"}}]}},"_links":{"self":[{"href":"https:\/\/anadolupet.com.tr\/en\/wp-json\/wp\/v2\/product\/45563","targetHints":{"allow":["GET"]}}],"collection":[{"href":"https:\/\/anadolupet.com.tr\/en\/wp-json\/wp\/v2\/product"}],"about":[{"href":"https:\/\/anadolupet.com.tr\/en\/wp-json\/wp\/v2\/types\/product"}],"replies":[{"embeddable":true,"href":"https:\/\/anadolupet.com.tr\/en\/wp-json\/wp\/v2\/comments?post=45563"}],"wp:featuredmedia":[{"embeddable":true,"href":"https:\/\/anadolupet.com.tr\/en\/wp-json\/wp\/v2\/media\/43739"}],"wp:attachment":[{"href":"https:\/\/anadolupet.com.tr\/en\/wp-json\/wp\/v2\/media?parent=45563"}],"wp:term":[{"taxonomy":"product_brand","embeddable":true,"href":"https:\/\/anadolupet.com.tr\/en\/wp-json\/wp\/v2\/product_brand?post=45563"},{"taxonomy":"product_cat","embeddable":true,"href":"https:\/\/anadolupet.com.tr\/en\/wp-json\/wp\/v2\/product_cat?post=45563"},{"taxonomy":"product_tag","embeddable":true,"href":"https:\/\/anadolupet.com.tr\/en\/wp-json\/wp\/v2\/product_tag?post=45563"}],"curies":[{"name":"wp","href":"https:\/\/api.w.org\/{rel}","templated":true}]}}