{"id":45571,"date":"2026-02-14T14:41:57","date_gmt":"2026-02-14T14:41:57","guid":{"rendered":"https:\/\/anadolupet.com.tr\/urun\/kong-extreme-coklu-top-seklinde-kopek-oyuncagi-ultra-sert-l\/"},"modified":"2026-02-23T12:49:04","modified_gmt":"2026-02-23T12:49:04","slug":"kong-extreme-coklu-top-seklinde-kopek-oyuncagi-ultra-sert-l","status":"publish","type":"product","link":"https:\/\/anadolupet.com.tr\/en\/urun\/kong-extreme-coklu-top-seklinde-kopek-oyuncagi-ultra-sert-l\/","title":{"rendered":"KONG Extreme \u00c7oklu Top \u015eeklinde K\u00f6pek Oyunca\u011f\u0131 Ultra Sert L"},"content":{"rendered":"","protected":false},"excerpt":{"rendered":"<p>KONG\u00ae Extreme Goodie Ribbon, k\u00f6pe\u011finizin do\u011fal \u00e7i\u011fneme i\u00e7g\u00fcd\u00fcs\u00fcn\u00fc tatmin ederken uzun s\u00fcreli oyun keyfi sunar. Dayan\u0131kl\u0131 KONG Extreme kau\u00e7uk ile \u00fcretilmi\u015f benzersiz kemik \u015fekli, k\u00f6pe\u011finizin \u00e7i\u011fneme ihtiyac\u0131n\u0131 kar\u015f\u0131lar ve \u00f6d\u00fcllendirir. Oyunca\u011f\u0131n d\u00f6rt ayr\u0131 b\u00f6lmesi \u00f6d\u00fcl mamalar\u0131yla doldurulabilir. \u0130\u00e7 k\u0131s\u0131mdaki Goodie Gripper\u2122 oluklar\u0131, mamalar\u0131 \u00e7\u0131karmay\u0131 k\u00f6pe\u011finiz i\u00e7in zihinsel a\u00e7\u0131dan e\u011flenceli bir bulmacaya d\u00f6n\u00fc\u015ft\u00fcr\u00fcr. KONG Easy Treat\u2122, KONG Snacks\u2122 veya k\u00f6pe\u011finizin en sevdi\u011fi mama ile doldurmak i\u00e7in idealdir.<\/p>","protected":false},"featured_media":43745,"comment_status":"open","ping_status":"closed","template":"","meta":{"_acf_changed":false},"product_brand":[],"product_cat":[3835],"product_tag":[],"class_list":{"0":"post-45571","1":"product","2":"type-product","3":"status-publish","4":"has-post-thumbnail","6":"product_cat-oyuncaklari","8":"first","9":"instock","10":"shipping-taxable","11":"product-type-simple"},"acf":[],"yoast_head":"<!-- This site is optimized with the Yoast SEO plugin v27.5 - https:\/\/yoast.com\/product\/yoast-seo-wordpress\/ -->\n<title>KONG Extreme \u00c7oklu Top \u015eeklinde K\u00f6pek Oyunca\u011f\u0131 Ultra Sert L - Anadolu Pet Grup<\/title>\n<meta name=\"robots\" content=\"index, follow, max-snippet:-1, max-image-preview:large, max-video-preview:-1\" \/>\n<link rel=\"canonical\" href=\"https:\/\/anadolupet.com.tr\/en\/product\/kong-extreme-coklu-top-seklinde-kopek-oyuncagi-ultra-sert-l\/\" \/>\n<meta property=\"og:locale\" content=\"en_US\" \/>\n<meta property=\"og:type\" content=\"article\" \/>\n<meta property=\"og:title\" content=\"KONG Extreme \u00c7oklu Top \u015eeklinde K\u00f6pek Oyunca\u011f\u0131 Ultra Sert L - Anadolu Pet Grup\" \/>\n<meta property=\"og:description\" content=\"KONG\u00ae Extreme Goodie Ribbon, k\u00f6pe\u011finizin do\u011fal \u00e7i\u011fneme i\u00e7g\u00fcd\u00fcs\u00fcn\u00fc tatmin ederken uzun s\u00fcreli oyun keyfi sunar. Dayan\u0131kl\u0131 KONG Extreme kau\u00e7uk ile \u00fcretilmi\u015f benzersiz kemik \u015fekli, k\u00f6pe\u011finizin \u00e7i\u011fneme ihtiyac\u0131n\u0131 kar\u015f\u0131lar ve \u00f6d\u00fcllendirir. Oyunca\u011f\u0131n d\u00f6rt ayr\u0131 b\u00f6lmesi \u00f6d\u00fcl mamalar\u0131yla doldurulabilir. \u0130\u00e7 k\u0131s\u0131mdaki Goodie Gripper\u2122 oluklar\u0131, mamalar\u0131 \u00e7\u0131karmay\u0131 k\u00f6pe\u011finiz i\u00e7in zihinsel a\u00e7\u0131dan e\u011flenceli bir bulmacaya d\u00f6n\u00fc\u015ft\u00fcr\u00fcr. KONG Easy Treat\u2122, KONG Snacks\u2122 veya k\u00f6pe\u011finizin en sevdi\u011fi mama ile doldurmak i\u00e7in idealdir.\" \/>\n<meta property=\"og:url\" content=\"https:\/\/anadolupet.com.tr\/en\/product\/kong-extreme-coklu-top-seklinde-kopek-oyuncagi-ultra-sert-l\/\" \/>\n<meta property=\"og:site_name\" content=\"Anadolu Pet Grup\" \/>\n<meta property=\"article:modified_time\" content=\"2026-02-23T12:49:04+00:00\" \/>\n<meta property=\"og:image\" content=\"https:\/\/anadolupet.com.tr\/wp-content\/uploads\/2026\/02\/390-EGS1E.jpg\" \/>\n\t<meta property=\"og:image:width\" content=\"750\" \/>\n\t<meta property=\"og:image:height\" content=\"750\" \/>\n\t<meta property=\"og:image:type\" content=\"image\/jpeg\" \/>\n<meta name=\"twitter:card\" content=\"summary_large_image\" \/>\n<script type=\"application\/ld+json\" class=\"yoast-schema-graph\">{\"@context\":\"https:\\\/\\\/schema.org\",\"@graph\":[{\"@type\":\"WebPage\",\"@id\":\"https:\\\/\\\/anadolupet.com.tr\\\/urun\\\/kong-extreme-coklu-top-seklinde-kopek-oyuncagi-ultra-sert-l\\\/\",\"url\":\"https:\\\/\\\/anadolupet.com.tr\\\/urun\\\/kong-extreme-coklu-top-seklinde-kopek-oyuncagi-ultra-sert-l\\\/\",\"name\":\"KONG Extreme \u00c7oklu Top \u015eeklinde K\u00f6pek Oyunca\u011f\u0131 Ultra Sert L - Anadolu Pet Grup\",\"isPartOf\":{\"@id\":\"https:\\\/\\\/anadolupet.com.tr\\\/#website\"},\"primaryImageOfPage\":{\"@id\":\"https:\\\/\\\/anadolupet.com.tr\\\/urun\\\/kong-extreme-coklu-top-seklinde-kopek-oyuncagi-ultra-sert-l\\\/#primaryimage\"},\"image\":{\"@id\":\"https:\\\/\\\/anadolupet.com.tr\\\/urun\\\/kong-extreme-coklu-top-seklinde-kopek-oyuncagi-ultra-sert-l\\\/#primaryimage\"},\"thumbnailUrl\":\"https:\\\/\\\/anadolupet.com.tr\\\/wp-content\\\/uploads\\\/2026\\\/02\\\/390-EGS1E.jpg\",\"datePublished\":\"2026-02-14T14:41:57+00:00\",\"dateModified\":\"2026-02-23T12:49:04+00:00\",\"breadcrumb\":{\"@id\":\"https:\\\/\\\/anadolupet.com.tr\\\/urun\\\/kong-extreme-coklu-top-seklinde-kopek-oyuncagi-ultra-sert-l\\\/#breadcrumb\"},\"inLanguage\":\"en-US\",\"potentialAction\":[{\"@type\":\"ReadAction\",\"target\":[\"https:\\\/\\\/anadolupet.com.tr\\\/urun\\\/kong-extreme-coklu-top-seklinde-kopek-oyuncagi-ultra-sert-l\\\/\"]}]},{\"@type\":\"ImageObject\",\"inLanguage\":\"en-US\",\"@id\":\"https:\\\/\\\/anadolupet.com.tr\\\/urun\\\/kong-extreme-coklu-top-seklinde-kopek-oyuncagi-ultra-sert-l\\\/#primaryimage\",\"url\":\"https:\\\/\\\/anadolupet.com.tr\\\/wp-content\\\/uploads\\\/2026\\\/02\\\/390-EGS1E.jpg\",\"contentUrl\":\"https:\\\/\\\/anadolupet.com.tr\\\/wp-content\\\/uploads\\\/2026\\\/02\\\/390-EGS1E.jpg\",\"width\":750,\"height\":750},{\"@type\":\"BreadcrumbList\",\"@id\":\"https:\\\/\\\/anadolupet.com.tr\\\/urun\\\/kong-extreme-coklu-top-seklinde-kopek-oyuncagi-ultra-sert-l\\\/#breadcrumb\",\"itemListElement\":[{\"@type\":\"ListItem\",\"position\":1,\"name\":\"Anasayfa\",\"item\":\"https:\\\/\\\/anadolupet.com.tr\\\/\"},{\"@type\":\"ListItem\",\"position\":2,\"name\":\"\u00dcr\u00fcnler\",\"item\":\"https:\\\/\\\/anadolupet.com.tr\\\/urunler\\\/\"},{\"@type\":\"ListItem\",\"position\":3,\"name\":\"KONG Extreme \u00c7oklu Top \u015eeklinde K\u00f6pek Oyunca\u011f\u0131 Ultra Sert L\"}]},{\"@type\":\"WebSite\",\"@id\":\"https:\\\/\\\/anadolupet.com.tr\\\/#website\",\"url\":\"https:\\\/\\\/anadolupet.com.tr\\\/\",\"name\":\"Anadolu Pet Grup\",\"description\":\"Her Can\u0131n \u0130yi Ya\u015fam\u0131 \u0130\u00e7in Biraraday\u0131z\",\"publisher\":{\"@id\":\"https:\\\/\\\/anadolupet.com.tr\\\/#organization\"},\"potentialAction\":[{\"@type\":\"SearchAction\",\"target\":{\"@type\":\"EntryPoint\",\"urlTemplate\":\"https:\\\/\\\/anadolupet.com.tr\\\/?s={search_term_string}\"},\"query-input\":{\"@type\":\"PropertyValueSpecification\",\"valueRequired\":true,\"valueName\":\"search_term_string\"}}],\"inLanguage\":\"en-US\"},{\"@type\":\"Organization\",\"@id\":\"https:\\\/\\\/anadolupet.com.tr\\\/#organization\",\"name\":\"Anadolu Pet Grup\",\"alternateName\":\"Anadolu Pet\",\"url\":\"https:\\\/\\\/anadolupet.com.tr\\\/\",\"logo\":{\"@type\":\"ImageObject\",\"inLanguage\":\"en-US\",\"@id\":\"https:\\\/\\\/anadolupet.com.tr\\\/#\\\/schema\\\/logo\\\/image\\\/\",\"url\":\"https:\\\/\\\/anadolupet.com.tr\\\/wp-content\\\/uploads\\\/2026\\\/03\\\/1614666743370.jpg\",\"contentUrl\":\"https:\\\/\\\/anadolupet.com.tr\\\/wp-content\\\/uploads\\\/2026\\\/03\\\/1614666743370.jpg\",\"width\":800,\"height\":571,\"caption\":\"Anadolu Pet Grup\"},\"image\":{\"@id\":\"https:\\\/\\\/anadolupet.com.tr\\\/#\\\/schema\\\/logo\\\/image\\\/\"}}]}<\/script>\n<!-- \/ Yoast SEO plugin. -->","yoast_head_json":{"title":"KONG Extreme \u00c7oklu Top \u015eeklinde K\u00f6pek Oyunca\u011f\u0131 Ultra Sert L - Anadolu Pet Grup","robots":{"index":"index","follow":"follow","max-snippet":"max-snippet:-1","max-image-preview":"max-image-preview:large","max-video-preview":"max-video-preview:-1"},"canonical":"https:\/\/anadolupet.com.tr\/en\/product\/kong-extreme-coklu-top-seklinde-kopek-oyuncagi-ultra-sert-l\/","og_locale":"en_US","og_type":"article","og_title":"KONG Extreme \u00c7oklu Top \u015eeklinde K\u00f6pek Oyunca\u011f\u0131 Ultra Sert L - Anadolu Pet Grup","og_description":"KONG\u00ae Extreme Goodie Ribbon, k\u00f6pe\u011finizin do\u011fal \u00e7i\u011fneme i\u00e7g\u00fcd\u00fcs\u00fcn\u00fc tatmin ederken uzun s\u00fcreli oyun keyfi sunar. Dayan\u0131kl\u0131 KONG Extreme kau\u00e7uk ile \u00fcretilmi\u015f benzersiz kemik \u015fekli, k\u00f6pe\u011finizin \u00e7i\u011fneme ihtiyac\u0131n\u0131 kar\u015f\u0131lar ve \u00f6d\u00fcllendirir. Oyunca\u011f\u0131n d\u00f6rt ayr\u0131 b\u00f6lmesi \u00f6d\u00fcl mamalar\u0131yla doldurulabilir. \u0130\u00e7 k\u0131s\u0131mdaki Goodie Gripper\u2122 oluklar\u0131, mamalar\u0131 \u00e7\u0131karmay\u0131 k\u00f6pe\u011finiz i\u00e7in zihinsel a\u00e7\u0131dan e\u011flenceli bir bulmacaya d\u00f6n\u00fc\u015ft\u00fcr\u00fcr. KONG Easy Treat\u2122, KONG Snacks\u2122 veya k\u00f6pe\u011finizin en sevdi\u011fi mama ile doldurmak i\u00e7in idealdir.","og_url":"https:\/\/anadolupet.com.tr\/en\/product\/kong-extreme-coklu-top-seklinde-kopek-oyuncagi-ultra-sert-l\/","og_site_name":"Anadolu Pet Grup","article_modified_time":"2026-02-23T12:49:04+00:00","og_image":[{"width":750,"height":750,"url":"https:\/\/anadolupet.com.tr\/wp-content\/uploads\/2026\/02\/390-EGS1E.jpg","type":"image\/jpeg"}],"twitter_card":"summary_large_image","schema":{"@context":"https:\/\/schema.org","@graph":[{"@type":"WebPage","@id":"https:\/\/anadolupet.com.tr\/urun\/kong-extreme-coklu-top-seklinde-kopek-oyuncagi-ultra-sert-l\/","url":"https:\/\/anadolupet.com.tr\/urun\/kong-extreme-coklu-top-seklinde-kopek-oyuncagi-ultra-sert-l\/","name":"KONG Extreme \u00c7oklu Top \u015eeklinde K\u00f6pek Oyunca\u011f\u0131 Ultra Sert L - Anadolu Pet Grup","isPartOf":{"@id":"https:\/\/anadolupet.com.tr\/#website"},"primaryImageOfPage":{"@id":"https:\/\/anadolupet.com.tr\/urun\/kong-extreme-coklu-top-seklinde-kopek-oyuncagi-ultra-sert-l\/#primaryimage"},"image":{"@id":"https:\/\/anadolupet.com.tr\/urun\/kong-extreme-coklu-top-seklinde-kopek-oyuncagi-ultra-sert-l\/#primaryimage"},"thumbnailUrl":"https:\/\/anadolupet.com.tr\/wp-content\/uploads\/2026\/02\/390-EGS1E.jpg","datePublished":"2026-02-14T14:41:57+00:00","dateModified":"2026-02-23T12:49:04+00:00","breadcrumb":{"@id":"https:\/\/anadolupet.com.tr\/urun\/kong-extreme-coklu-top-seklinde-kopek-oyuncagi-ultra-sert-l\/#breadcrumb"},"inLanguage":"en-US","potentialAction":[{"@type":"ReadAction","target":["https:\/\/anadolupet.com.tr\/urun\/kong-extreme-coklu-top-seklinde-kopek-oyuncagi-ultra-sert-l\/"]}]},{"@type":"ImageObject","inLanguage":"en-US","@id":"https:\/\/anadolupet.com.tr\/urun\/kong-extreme-coklu-top-seklinde-kopek-oyuncagi-ultra-sert-l\/#primaryimage","url":"https:\/\/anadolupet.com.tr\/wp-content\/uploads\/2026\/02\/390-EGS1E.jpg","contentUrl":"https:\/\/anadolupet.com.tr\/wp-content\/uploads\/2026\/02\/390-EGS1E.jpg","width":750,"height":750},{"@type":"BreadcrumbList","@id":"https:\/\/anadolupet.com.tr\/urun\/kong-extreme-coklu-top-seklinde-kopek-oyuncagi-ultra-sert-l\/#breadcrumb","itemListElement":[{"@type":"ListItem","position":1,"name":"Anasayfa","item":"https:\/\/anadolupet.com.tr\/"},{"@type":"ListItem","position":2,"name":"\u00dcr\u00fcnler","item":"https:\/\/anadolupet.com.tr\/urunler\/"},{"@type":"ListItem","position":3,"name":"KONG Extreme \u00c7oklu Top \u015eeklinde K\u00f6pek Oyunca\u011f\u0131 Ultra Sert L"}]},{"@type":"WebSite","@id":"https:\/\/anadolupet.com.tr\/#website","url":"https:\/\/anadolupet.com.tr\/","name":"Anadolu Pet Group","description":"We Stand Together for the Well-Being of Every Life","publisher":{"@id":"https:\/\/anadolupet.com.tr\/#organization"},"potentialAction":[{"@type":"SearchAction","target":{"@type":"EntryPoint","urlTemplate":"https:\/\/anadolupet.com.tr\/?s={search_term_string}"},"query-input":{"@type":"PropertyValueSpecification","valueRequired":true,"valueName":"search_term_string"}}],"inLanguage":"en-US"},{"@type":"Organization","@id":"https:\/\/anadolupet.com.tr\/#organization","name":"Anadolu Pet Group","alternateName":"Anadolu Pet","url":"https:\/\/anadolupet.com.tr\/","logo":{"@type":"ImageObject","inLanguage":"en-US","@id":"https:\/\/anadolupet.com.tr\/#\/schema\/logo\/image\/","url":"https:\/\/anadolupet.com.tr\/wp-content\/uploads\/2026\/03\/1614666743370.jpg","contentUrl":"https:\/\/anadolupet.com.tr\/wp-content\/uploads\/2026\/03\/1614666743370.jpg","width":800,"height":571,"caption":"Anadolu Pet Grup"},"image":{"@id":"https:\/\/anadolupet.com.tr\/#\/schema\/logo\/image\/"}}]}},"_links":{"self":[{"href":"https:\/\/anadolupet.com.tr\/en\/wp-json\/wp\/v2\/product\/45571","targetHints":{"allow":["GET"]}}],"collection":[{"href":"https:\/\/anadolupet.com.tr\/en\/wp-json\/wp\/v2\/product"}],"about":[{"href":"https:\/\/anadolupet.com.tr\/en\/wp-json\/wp\/v2\/types\/product"}],"replies":[{"embeddable":true,"href":"https:\/\/anadolupet.com.tr\/en\/wp-json\/wp\/v2\/comments?post=45571"}],"wp:featuredmedia":[{"embeddable":true,"href":"https:\/\/anadolupet.com.tr\/en\/wp-json\/wp\/v2\/media\/43745"}],"wp:attachment":[{"href":"https:\/\/anadolupet.com.tr\/en\/wp-json\/wp\/v2\/media?parent=45571"}],"wp:term":[{"taxonomy":"product_brand","embeddable":true,"href":"https:\/\/anadolupet.com.tr\/en\/wp-json\/wp\/v2\/product_brand?post=45571"},{"taxonomy":"product_cat","embeddable":true,"href":"https:\/\/anadolupet.com.tr\/en\/wp-json\/wp\/v2\/product_cat?post=45571"},{"taxonomy":"product_tag","embeddable":true,"href":"https:\/\/anadolupet.com.tr\/en\/wp-json\/wp\/v2\/product_tag?post=45571"}],"curies":[{"name":"wp","href":"https:\/\/api.w.org\/{rel}","templated":true}]}}