{"id":45586,"date":"2026-02-14T14:41:58","date_gmt":"2026-02-14T14:41:58","guid":{"rendered":"https:\/\/anadolupet.com.tr\/urun\/kong-extreme-top-seklinde-sesli-ve-ip-sallantili-kopek-oyuncagi-ultra-sert-l\/"},"modified":"2026-02-23T12:49:05","modified_gmt":"2026-02-23T12:49:05","slug":"kong-extreme-top-seklinde-sesli-ve-ip-sallantili-kopek-oyuncagi-ultra-sert-l","status":"publish","type":"product","link":"https:\/\/anadolupet.com.tr\/en\/urun\/kong-extreme-top-seklinde-sesli-ve-ip-sallantili-kopek-oyuncagi-ultra-sert-l\/","title":{"rendered":"KONG Extreme Top \u015eeklinde Sesli ve \u0130p Sallant\u0131l\u0131 K\u00f6pek Oyunca\u011f\u0131 Ultra Sert L"},"content":{"rendered":"","protected":false},"excerpt":{"rendered":"<p>KONG\u00ae Extreme Ball with Rope, k\u00f6pe\u011finizin getirme ve \u00e7eki\u015f oyunlar\u0131na uzun s\u00fcreli \u00e7e\u015fitlilik katar. KONG Extreme siyah kau\u00e7uk ile \u00fcretilmi\u015f top, dayan\u0131kl\u0131l\u0131\u011f\u0131 sayesinde uzun s\u00fcreli etkile\u015fimli oyunlara uygundur. %100 pamuk halat ise k\u00f6pe\u011finizin \u00e7i\u011fneme davran\u0131\u015f\u0131n\u0131 \u00f6d\u00fcllendirirken di\u015f ve di\u015f etlerini masaj etkisiyle temizlemeye yard\u0131mc\u0131 olur. Bu kombinasyon, k\u00f6pe\u011finiz i\u00e7in hem zihinsel hem de fiziksel a\u00e7\u0131dan zenginle\u015ftirici oyun deneyimi sunar.<\/p>","protected":false},"featured_media":43744,"comment_status":"open","ping_status":"closed","template":"","meta":{"_acf_changed":false},"product_brand":[],"product_cat":[3835],"product_tag":[],"class_list":{"0":"post-45586","1":"product","2":"type-product","3":"status-publish","4":"has-post-thumbnail","6":"product_cat-oyuncaklari","8":"first","9":"instock","10":"shipping-taxable","11":"product-type-simple"},"acf":[],"yoast_head":"<!-- This site is optimized with the Yoast SEO plugin v27.5 - https:\/\/yoast.com\/product\/yoast-seo-wordpress\/ -->\n<title>KONG Extreme Top \u015eeklinde Sesli ve \u0130p Sallant\u0131l\u0131 K\u00f6pek Oyunca\u011f\u0131 Ultra Sert L - Anadolu Pet Grup<\/title>\n<meta name=\"robots\" content=\"index, follow, max-snippet:-1, max-image-preview:large, max-video-preview:-1\" \/>\n<link rel=\"canonical\" href=\"https:\/\/anadolupet.com.tr\/en\/product\/kong-extreme-top-seklinde-sesli-ve-ip-sallantili-kopek-oyuncagi-ultra-sert-l\/\" \/>\n<meta property=\"og:locale\" content=\"en_US\" \/>\n<meta property=\"og:type\" content=\"article\" \/>\n<meta property=\"og:title\" content=\"KONG Extreme Top \u015eeklinde Sesli ve \u0130p Sallant\u0131l\u0131 K\u00f6pek Oyunca\u011f\u0131 Ultra Sert L - Anadolu Pet Grup\" \/>\n<meta property=\"og:description\" content=\"KONG\u00ae Extreme Ball with Rope, k\u00f6pe\u011finizin getirme ve \u00e7eki\u015f oyunlar\u0131na uzun s\u00fcreli \u00e7e\u015fitlilik katar. KONG Extreme siyah kau\u00e7uk ile \u00fcretilmi\u015f top, dayan\u0131kl\u0131l\u0131\u011f\u0131 sayesinde uzun s\u00fcreli etkile\u015fimli oyunlara uygundur. %100 pamuk halat ise k\u00f6pe\u011finizin \u00e7i\u011fneme davran\u0131\u015f\u0131n\u0131 \u00f6d\u00fcllendirirken di\u015f ve di\u015f etlerini masaj etkisiyle temizlemeye yard\u0131mc\u0131 olur. Bu kombinasyon, k\u00f6pe\u011finiz i\u00e7in hem zihinsel hem de fiziksel a\u00e7\u0131dan zenginle\u015ftirici oyun deneyimi sunar.\" \/>\n<meta property=\"og:url\" content=\"https:\/\/anadolupet.com.tr\/en\/product\/kong-extreme-top-seklinde-sesli-ve-ip-sallantili-kopek-oyuncagi-ultra-sert-l\/\" \/>\n<meta property=\"og:site_name\" content=\"Anadolu Pet Grup\" \/>\n<meta property=\"article:modified_time\" content=\"2026-02-23T12:49:05+00:00\" \/>\n<meta property=\"og:image\" content=\"https:\/\/anadolupet.com.tr\/wp-content\/uploads\/2026\/02\/390-EB12E_2.jpg\" \/>\n\t<meta property=\"og:image:width\" content=\"750\" \/>\n\t<meta property=\"og:image:height\" content=\"750\" \/>\n\t<meta property=\"og:image:type\" content=\"image\/jpeg\" \/>\n<meta name=\"twitter:card\" content=\"summary_large_image\" \/>\n<script type=\"application\/ld+json\" class=\"yoast-schema-graph\">{\"@context\":\"https:\\\/\\\/schema.org\",\"@graph\":[{\"@type\":\"WebPage\",\"@id\":\"https:\\\/\\\/anadolupet.com.tr\\\/urun\\\/kong-extreme-top-seklinde-sesli-ve-ip-sallantili-kopek-oyuncagi-ultra-sert-l\\\/\",\"url\":\"https:\\\/\\\/anadolupet.com.tr\\\/urun\\\/kong-extreme-top-seklinde-sesli-ve-ip-sallantili-kopek-oyuncagi-ultra-sert-l\\\/\",\"name\":\"KONG Extreme Top \u015eeklinde Sesli ve \u0130p Sallant\u0131l\u0131 K\u00f6pek Oyunca\u011f\u0131 Ultra Sert L - Anadolu Pet Grup\",\"isPartOf\":{\"@id\":\"https:\\\/\\\/anadolupet.com.tr\\\/#website\"},\"primaryImageOfPage\":{\"@id\":\"https:\\\/\\\/anadolupet.com.tr\\\/urun\\\/kong-extreme-top-seklinde-sesli-ve-ip-sallantili-kopek-oyuncagi-ultra-sert-l\\\/#primaryimage\"},\"image\":{\"@id\":\"https:\\\/\\\/anadolupet.com.tr\\\/urun\\\/kong-extreme-top-seklinde-sesli-ve-ip-sallantili-kopek-oyuncagi-ultra-sert-l\\\/#primaryimage\"},\"thumbnailUrl\":\"https:\\\/\\\/anadolupet.com.tr\\\/wp-content\\\/uploads\\\/2026\\\/02\\\/390-EB12E_2.jpg\",\"datePublished\":\"2026-02-14T14:41:58+00:00\",\"dateModified\":\"2026-02-23T12:49:05+00:00\",\"breadcrumb\":{\"@id\":\"https:\\\/\\\/anadolupet.com.tr\\\/urun\\\/kong-extreme-top-seklinde-sesli-ve-ip-sallantili-kopek-oyuncagi-ultra-sert-l\\\/#breadcrumb\"},\"inLanguage\":\"en-US\",\"potentialAction\":[{\"@type\":\"ReadAction\",\"target\":[\"https:\\\/\\\/anadolupet.com.tr\\\/urun\\\/kong-extreme-top-seklinde-sesli-ve-ip-sallantili-kopek-oyuncagi-ultra-sert-l\\\/\"]}]},{\"@type\":\"ImageObject\",\"inLanguage\":\"en-US\",\"@id\":\"https:\\\/\\\/anadolupet.com.tr\\\/urun\\\/kong-extreme-top-seklinde-sesli-ve-ip-sallantili-kopek-oyuncagi-ultra-sert-l\\\/#primaryimage\",\"url\":\"https:\\\/\\\/anadolupet.com.tr\\\/wp-content\\\/uploads\\\/2026\\\/02\\\/390-EB12E_2.jpg\",\"contentUrl\":\"https:\\\/\\\/anadolupet.com.tr\\\/wp-content\\\/uploads\\\/2026\\\/02\\\/390-EB12E_2.jpg\",\"width\":750,\"height\":750},{\"@type\":\"BreadcrumbList\",\"@id\":\"https:\\\/\\\/anadolupet.com.tr\\\/urun\\\/kong-extreme-top-seklinde-sesli-ve-ip-sallantili-kopek-oyuncagi-ultra-sert-l\\\/#breadcrumb\",\"itemListElement\":[{\"@type\":\"ListItem\",\"position\":1,\"name\":\"Anasayfa\",\"item\":\"https:\\\/\\\/anadolupet.com.tr\\\/\"},{\"@type\":\"ListItem\",\"position\":2,\"name\":\"\u00dcr\u00fcnler\",\"item\":\"https:\\\/\\\/anadolupet.com.tr\\\/urunler\\\/\"},{\"@type\":\"ListItem\",\"position\":3,\"name\":\"KONG Extreme Top \u015eeklinde Sesli ve \u0130p Sallant\u0131l\u0131 K\u00f6pek Oyunca\u011f\u0131 Ultra Sert L\"}]},{\"@type\":\"WebSite\",\"@id\":\"https:\\\/\\\/anadolupet.com.tr\\\/#website\",\"url\":\"https:\\\/\\\/anadolupet.com.tr\\\/\",\"name\":\"Anadolu Pet Grup\",\"description\":\"Her Can\u0131n \u0130yi Ya\u015fam\u0131 \u0130\u00e7in Biraraday\u0131z\",\"publisher\":{\"@id\":\"https:\\\/\\\/anadolupet.com.tr\\\/#organization\"},\"potentialAction\":[{\"@type\":\"SearchAction\",\"target\":{\"@type\":\"EntryPoint\",\"urlTemplate\":\"https:\\\/\\\/anadolupet.com.tr\\\/?s={search_term_string}\"},\"query-input\":{\"@type\":\"PropertyValueSpecification\",\"valueRequired\":true,\"valueName\":\"search_term_string\"}}],\"inLanguage\":\"en-US\"},{\"@type\":\"Organization\",\"@id\":\"https:\\\/\\\/anadolupet.com.tr\\\/#organization\",\"name\":\"Anadolu Pet Grup\",\"alternateName\":\"Anadolu Pet\",\"url\":\"https:\\\/\\\/anadolupet.com.tr\\\/\",\"logo\":{\"@type\":\"ImageObject\",\"inLanguage\":\"en-US\",\"@id\":\"https:\\\/\\\/anadolupet.com.tr\\\/#\\\/schema\\\/logo\\\/image\\\/\",\"url\":\"https:\\\/\\\/anadolupet.com.tr\\\/wp-content\\\/uploads\\\/2026\\\/03\\\/1614666743370.jpg\",\"contentUrl\":\"https:\\\/\\\/anadolupet.com.tr\\\/wp-content\\\/uploads\\\/2026\\\/03\\\/1614666743370.jpg\",\"width\":800,\"height\":571,\"caption\":\"Anadolu Pet Grup\"},\"image\":{\"@id\":\"https:\\\/\\\/anadolupet.com.tr\\\/#\\\/schema\\\/logo\\\/image\\\/\"}}]}<\/script>\n<!-- \/ Yoast SEO plugin. -->","yoast_head_json":{"title":"KONG Extreme Top \u015eeklinde Sesli ve \u0130p Sallant\u0131l\u0131 K\u00f6pek Oyunca\u011f\u0131 Ultra Sert L - Anadolu Pet Grup","robots":{"index":"index","follow":"follow","max-snippet":"max-snippet:-1","max-image-preview":"max-image-preview:large","max-video-preview":"max-video-preview:-1"},"canonical":"https:\/\/anadolupet.com.tr\/en\/product\/kong-extreme-top-seklinde-sesli-ve-ip-sallantili-kopek-oyuncagi-ultra-sert-l\/","og_locale":"en_US","og_type":"article","og_title":"KONG Extreme Top \u015eeklinde Sesli ve \u0130p Sallant\u0131l\u0131 K\u00f6pek Oyunca\u011f\u0131 Ultra Sert L - Anadolu Pet Grup","og_description":"KONG\u00ae Extreme Ball with Rope, k\u00f6pe\u011finizin getirme ve \u00e7eki\u015f oyunlar\u0131na uzun s\u00fcreli \u00e7e\u015fitlilik katar. KONG Extreme siyah kau\u00e7uk ile \u00fcretilmi\u015f top, dayan\u0131kl\u0131l\u0131\u011f\u0131 sayesinde uzun s\u00fcreli etkile\u015fimli oyunlara uygundur. %100 pamuk halat ise k\u00f6pe\u011finizin \u00e7i\u011fneme davran\u0131\u015f\u0131n\u0131 \u00f6d\u00fcllendirirken di\u015f ve di\u015f etlerini masaj etkisiyle temizlemeye yard\u0131mc\u0131 olur. Bu kombinasyon, k\u00f6pe\u011finiz i\u00e7in hem zihinsel hem de fiziksel a\u00e7\u0131dan zenginle\u015ftirici oyun deneyimi sunar.","og_url":"https:\/\/anadolupet.com.tr\/en\/product\/kong-extreme-top-seklinde-sesli-ve-ip-sallantili-kopek-oyuncagi-ultra-sert-l\/","og_site_name":"Anadolu Pet Grup","article_modified_time":"2026-02-23T12:49:05+00:00","og_image":[{"width":750,"height":750,"url":"https:\/\/anadolupet.com.tr\/wp-content\/uploads\/2026\/02\/390-EB12E_2.jpg","type":"image\/jpeg"}],"twitter_card":"summary_large_image","schema":{"@context":"https:\/\/schema.org","@graph":[{"@type":"WebPage","@id":"https:\/\/anadolupet.com.tr\/urun\/kong-extreme-top-seklinde-sesli-ve-ip-sallantili-kopek-oyuncagi-ultra-sert-l\/","url":"https:\/\/anadolupet.com.tr\/urun\/kong-extreme-top-seklinde-sesli-ve-ip-sallantili-kopek-oyuncagi-ultra-sert-l\/","name":"KONG Extreme Top \u015eeklinde Sesli ve \u0130p Sallant\u0131l\u0131 K\u00f6pek Oyunca\u011f\u0131 Ultra Sert L - Anadolu Pet Grup","isPartOf":{"@id":"https:\/\/anadolupet.com.tr\/#website"},"primaryImageOfPage":{"@id":"https:\/\/anadolupet.com.tr\/urun\/kong-extreme-top-seklinde-sesli-ve-ip-sallantili-kopek-oyuncagi-ultra-sert-l\/#primaryimage"},"image":{"@id":"https:\/\/anadolupet.com.tr\/urun\/kong-extreme-top-seklinde-sesli-ve-ip-sallantili-kopek-oyuncagi-ultra-sert-l\/#primaryimage"},"thumbnailUrl":"https:\/\/anadolupet.com.tr\/wp-content\/uploads\/2026\/02\/390-EB12E_2.jpg","datePublished":"2026-02-14T14:41:58+00:00","dateModified":"2026-02-23T12:49:05+00:00","breadcrumb":{"@id":"https:\/\/anadolupet.com.tr\/urun\/kong-extreme-top-seklinde-sesli-ve-ip-sallantili-kopek-oyuncagi-ultra-sert-l\/#breadcrumb"},"inLanguage":"en-US","potentialAction":[{"@type":"ReadAction","target":["https:\/\/anadolupet.com.tr\/urun\/kong-extreme-top-seklinde-sesli-ve-ip-sallantili-kopek-oyuncagi-ultra-sert-l\/"]}]},{"@type":"ImageObject","inLanguage":"en-US","@id":"https:\/\/anadolupet.com.tr\/urun\/kong-extreme-top-seklinde-sesli-ve-ip-sallantili-kopek-oyuncagi-ultra-sert-l\/#primaryimage","url":"https:\/\/anadolupet.com.tr\/wp-content\/uploads\/2026\/02\/390-EB12E_2.jpg","contentUrl":"https:\/\/anadolupet.com.tr\/wp-content\/uploads\/2026\/02\/390-EB12E_2.jpg","width":750,"height":750},{"@type":"BreadcrumbList","@id":"https:\/\/anadolupet.com.tr\/urun\/kong-extreme-top-seklinde-sesli-ve-ip-sallantili-kopek-oyuncagi-ultra-sert-l\/#breadcrumb","itemListElement":[{"@type":"ListItem","position":1,"name":"Anasayfa","item":"https:\/\/anadolupet.com.tr\/"},{"@type":"ListItem","position":2,"name":"\u00dcr\u00fcnler","item":"https:\/\/anadolupet.com.tr\/urunler\/"},{"@type":"ListItem","position":3,"name":"KONG Extreme Top \u015eeklinde Sesli ve \u0130p Sallant\u0131l\u0131 K\u00f6pek Oyunca\u011f\u0131 Ultra Sert L"}]},{"@type":"WebSite","@id":"https:\/\/anadolupet.com.tr\/#website","url":"https:\/\/anadolupet.com.tr\/","name":"Anadolu Pet Group","description":"We Stand Together for the Well-Being of Every Life","publisher":{"@id":"https:\/\/anadolupet.com.tr\/#organization"},"potentialAction":[{"@type":"SearchAction","target":{"@type":"EntryPoint","urlTemplate":"https:\/\/anadolupet.com.tr\/?s={search_term_string}"},"query-input":{"@type":"PropertyValueSpecification","valueRequired":true,"valueName":"search_term_string"}}],"inLanguage":"en-US"},{"@type":"Organization","@id":"https:\/\/anadolupet.com.tr\/#organization","name":"Anadolu Pet Group","alternateName":"Anadolu Pet","url":"https:\/\/anadolupet.com.tr\/","logo":{"@type":"ImageObject","inLanguage":"en-US","@id":"https:\/\/anadolupet.com.tr\/#\/schema\/logo\/image\/","url":"https:\/\/anadolupet.com.tr\/wp-content\/uploads\/2026\/03\/1614666743370.jpg","contentUrl":"https:\/\/anadolupet.com.tr\/wp-content\/uploads\/2026\/03\/1614666743370.jpg","width":800,"height":571,"caption":"Anadolu Pet Grup"},"image":{"@id":"https:\/\/anadolupet.com.tr\/#\/schema\/logo\/image\/"}}]}},"_links":{"self":[{"href":"https:\/\/anadolupet.com.tr\/en\/wp-json\/wp\/v2\/product\/45586","targetHints":{"allow":["GET"]}}],"collection":[{"href":"https:\/\/anadolupet.com.tr\/en\/wp-json\/wp\/v2\/product"}],"about":[{"href":"https:\/\/anadolupet.com.tr\/en\/wp-json\/wp\/v2\/types\/product"}],"replies":[{"embeddable":true,"href":"https:\/\/anadolupet.com.tr\/en\/wp-json\/wp\/v2\/comments?post=45586"}],"wp:featuredmedia":[{"embeddable":true,"href":"https:\/\/anadolupet.com.tr\/en\/wp-json\/wp\/v2\/media\/43744"}],"wp:attachment":[{"href":"https:\/\/anadolupet.com.tr\/en\/wp-json\/wp\/v2\/media?parent=45586"}],"wp:term":[{"taxonomy":"product_brand","embeddable":true,"href":"https:\/\/anadolupet.com.tr\/en\/wp-json\/wp\/v2\/product_brand?post=45586"},{"taxonomy":"product_cat","embeddable":true,"href":"https:\/\/anadolupet.com.tr\/en\/wp-json\/wp\/v2\/product_cat?post=45586"},{"taxonomy":"product_tag","embeddable":true,"href":"https:\/\/anadolupet.com.tr\/en\/wp-json\/wp\/v2\/product_tag?post=45586"}],"curies":[{"name":"wp","href":"https:\/\/api.w.org\/{rel}","templated":true}]}}