{"id":45587,"date":"2026-02-14T14:41:59","date_gmt":"2026-02-14T14:41:59","guid":{"rendered":"https:\/\/anadolupet.com.tr\/urun\/kong-extreme-yuzuk-seklinde-kopek-oyuncagi-ultra-sert-xl\/"},"modified":"2026-02-23T12:49:06","modified_gmt":"2026-02-23T12:49:06","slug":"kong-extreme-yuzuk-seklinde-kopek-oyuncagi-ultra-sert-xl","status":"publish","type":"product","link":"https:\/\/anadolupet.com.tr\/en\/urun\/kong-extreme-yuzuk-seklinde-kopek-oyuncagi-ultra-sert-xl\/","title":{"rendered":"KONG Extreme Y\u00fcz\u00fck \u015eeklinde K\u00f6pek Oyunca\u011f\u0131 Ultra Sert XL"},"content":{"rendered":"","protected":false},"excerpt":{"rendered":"<p>KONG\u00ae Ring, k\u00f6pe\u011finizin do\u011fal \u00e7i\u011fneme i\u00e7g\u00fcd\u00fcs\u00fcn\u00fc tatmin ederken uzun s\u00fcreli oyun ve zenginle\u015ftirme deneyimi sunar. KONG\u2019un do\u011fal kau\u00e7uk form\u00fcl\u00fc ile \u00fcretilmi\u015f bu dayan\u0131kl\u0131 halka, ekstra \u00e7\u0131k\u0131nt\u0131lar\u0131 sayesinde k\u00f6pe\u011finize keyifli bir \u00e7i\u011fneme deneyimi ya\u015fat\u0131r. Ayn\u0131 zamanda di\u015f ve di\u015f etlerinin sa\u011fl\u0131\u011f\u0131n\u0131 destekler. Uzun s\u00fcreli \u00e7i\u011fneme seanslar\u0131 i\u00e7in m\u00fckemmel bir se\u00e7imdir.<\/p>","protected":false},"featured_media":43750,"comment_status":"open","ping_status":"closed","template":"","meta":{"_acf_changed":false},"product_brand":[],"product_cat":[3835],"product_tag":[],"class_list":{"0":"post-45587","1":"product","2":"type-product","3":"status-publish","4":"has-post-thumbnail","6":"product_cat-oyuncaklari","8":"first","9":"instock","10":"shipping-taxable","11":"product-type-simple"},"acf":[],"yoast_head":"<!-- This site is optimized with the Yoast SEO plugin v27.4 - https:\/\/yoast.com\/product\/yoast-seo-wordpress\/ -->\n<title>KONG Extreme Y\u00fcz\u00fck \u015eeklinde K\u00f6pek Oyunca\u011f\u0131 Ultra Sert XL - Anadolu Pet Grup<\/title>\n<meta name=\"robots\" content=\"index, follow, max-snippet:-1, max-image-preview:large, max-video-preview:-1\" \/>\n<link rel=\"canonical\" href=\"https:\/\/anadolupet.com.tr\/en\/product\/kong-extreme-yuzuk-seklinde-kopek-oyuncagi-ultra-sert-xl\/\" \/>\n<meta property=\"og:locale\" content=\"en_US\" \/>\n<meta property=\"og:type\" content=\"article\" \/>\n<meta property=\"og:title\" content=\"KONG Extreme Y\u00fcz\u00fck \u015eeklinde K\u00f6pek Oyunca\u011f\u0131 Ultra Sert XL - Anadolu Pet Grup\" \/>\n<meta property=\"og:description\" content=\"KONG\u00ae Ring, k\u00f6pe\u011finizin do\u011fal \u00e7i\u011fneme i\u00e7g\u00fcd\u00fcs\u00fcn\u00fc tatmin ederken uzun s\u00fcreli oyun ve zenginle\u015ftirme deneyimi sunar. KONG\u2019un do\u011fal kau\u00e7uk form\u00fcl\u00fc ile \u00fcretilmi\u015f bu dayan\u0131kl\u0131 halka, ekstra \u00e7\u0131k\u0131nt\u0131lar\u0131 sayesinde k\u00f6pe\u011finize keyifli bir \u00e7i\u011fneme deneyimi ya\u015fat\u0131r. Ayn\u0131 zamanda di\u015f ve di\u015f etlerinin sa\u011fl\u0131\u011f\u0131n\u0131 destekler. Uzun s\u00fcreli \u00e7i\u011fneme seanslar\u0131 i\u00e7in m\u00fckemmel bir se\u00e7imdir.\" \/>\n<meta property=\"og:url\" content=\"https:\/\/anadolupet.com.tr\/en\/product\/kong-extreme-yuzuk-seklinde-kopek-oyuncagi-ultra-sert-xl\/\" \/>\n<meta property=\"og:site_name\" content=\"Anadolu Pet Grup\" \/>\n<meta property=\"article:modified_time\" content=\"2026-02-23T12:49:06+00:00\" \/>\n<meta property=\"og:image\" content=\"https:\/\/anadolupet.com.tr\/wp-content\/uploads\/2026\/02\/390-EMXE_2.jpg\" \/>\n\t<meta property=\"og:image:width\" content=\"750\" \/>\n\t<meta property=\"og:image:height\" content=\"750\" \/>\n\t<meta property=\"og:image:type\" content=\"image\/jpeg\" \/>\n<meta name=\"twitter:card\" content=\"summary_large_image\" \/>\n<script type=\"application\/ld+json\" class=\"yoast-schema-graph\">{\"@context\":\"https:\\\/\\\/schema.org\",\"@graph\":[{\"@type\":\"WebPage\",\"@id\":\"https:\\\/\\\/anadolupet.com.tr\\\/urun\\\/kong-extreme-yuzuk-seklinde-kopek-oyuncagi-ultra-sert-xl\\\/\",\"url\":\"https:\\\/\\\/anadolupet.com.tr\\\/urun\\\/kong-extreme-yuzuk-seklinde-kopek-oyuncagi-ultra-sert-xl\\\/\",\"name\":\"KONG Extreme Y\u00fcz\u00fck \u015eeklinde K\u00f6pek Oyunca\u011f\u0131 Ultra Sert XL - Anadolu Pet Grup\",\"isPartOf\":{\"@id\":\"https:\\\/\\\/anadolupet.com.tr\\\/#website\"},\"primaryImageOfPage\":{\"@id\":\"https:\\\/\\\/anadolupet.com.tr\\\/urun\\\/kong-extreme-yuzuk-seklinde-kopek-oyuncagi-ultra-sert-xl\\\/#primaryimage\"},\"image\":{\"@id\":\"https:\\\/\\\/anadolupet.com.tr\\\/urun\\\/kong-extreme-yuzuk-seklinde-kopek-oyuncagi-ultra-sert-xl\\\/#primaryimage\"},\"thumbnailUrl\":\"https:\\\/\\\/anadolupet.com.tr\\\/wp-content\\\/uploads\\\/2026\\\/02\\\/390-EMXE_2.jpg\",\"datePublished\":\"2026-02-14T14:41:59+00:00\",\"dateModified\":\"2026-02-23T12:49:06+00:00\",\"breadcrumb\":{\"@id\":\"https:\\\/\\\/anadolupet.com.tr\\\/urun\\\/kong-extreme-yuzuk-seklinde-kopek-oyuncagi-ultra-sert-xl\\\/#breadcrumb\"},\"inLanguage\":\"en-US\",\"potentialAction\":[{\"@type\":\"ReadAction\",\"target\":[\"https:\\\/\\\/anadolupet.com.tr\\\/urun\\\/kong-extreme-yuzuk-seklinde-kopek-oyuncagi-ultra-sert-xl\\\/\"]}]},{\"@type\":\"ImageObject\",\"inLanguage\":\"en-US\",\"@id\":\"https:\\\/\\\/anadolupet.com.tr\\\/urun\\\/kong-extreme-yuzuk-seklinde-kopek-oyuncagi-ultra-sert-xl\\\/#primaryimage\",\"url\":\"https:\\\/\\\/anadolupet.com.tr\\\/wp-content\\\/uploads\\\/2026\\\/02\\\/390-EMXE_2.jpg\",\"contentUrl\":\"https:\\\/\\\/anadolupet.com.tr\\\/wp-content\\\/uploads\\\/2026\\\/02\\\/390-EMXE_2.jpg\",\"width\":750,\"height\":750},{\"@type\":\"BreadcrumbList\",\"@id\":\"https:\\\/\\\/anadolupet.com.tr\\\/urun\\\/kong-extreme-yuzuk-seklinde-kopek-oyuncagi-ultra-sert-xl\\\/#breadcrumb\",\"itemListElement\":[{\"@type\":\"ListItem\",\"position\":1,\"name\":\"Anasayfa\",\"item\":\"https:\\\/\\\/anadolupet.com.tr\\\/\"},{\"@type\":\"ListItem\",\"position\":2,\"name\":\"\u00dcr\u00fcnler\",\"item\":\"https:\\\/\\\/anadolupet.com.tr\\\/urunler\\\/\"},{\"@type\":\"ListItem\",\"position\":3,\"name\":\"KONG Extreme Y\u00fcz\u00fck \u015eeklinde K\u00f6pek Oyunca\u011f\u0131 Ultra Sert XL\"}]},{\"@type\":\"WebSite\",\"@id\":\"https:\\\/\\\/anadolupet.com.tr\\\/#website\",\"url\":\"https:\\\/\\\/anadolupet.com.tr\\\/\",\"name\":\"Anadolu Pet Grup\",\"description\":\"Her Can\u0131n \u0130yi Ya\u015fam\u0131 \u0130\u00e7in Biraraday\u0131z\",\"publisher\":{\"@id\":\"https:\\\/\\\/anadolupet.com.tr\\\/#organization\"},\"potentialAction\":[{\"@type\":\"SearchAction\",\"target\":{\"@type\":\"EntryPoint\",\"urlTemplate\":\"https:\\\/\\\/anadolupet.com.tr\\\/?s={search_term_string}\"},\"query-input\":{\"@type\":\"PropertyValueSpecification\",\"valueRequired\":true,\"valueName\":\"search_term_string\"}}],\"inLanguage\":\"en-US\"},{\"@type\":\"Organization\",\"@id\":\"https:\\\/\\\/anadolupet.com.tr\\\/#organization\",\"name\":\"Anadolu Pet Grup\",\"alternateName\":\"Anadolu Pet\",\"url\":\"https:\\\/\\\/anadolupet.com.tr\\\/\",\"logo\":{\"@type\":\"ImageObject\",\"inLanguage\":\"en-US\",\"@id\":\"https:\\\/\\\/anadolupet.com.tr\\\/#\\\/schema\\\/logo\\\/image\\\/\",\"url\":\"https:\\\/\\\/anadolupet.com.tr\\\/wp-content\\\/uploads\\\/2026\\\/03\\\/1614666743370.jpg\",\"contentUrl\":\"https:\\\/\\\/anadolupet.com.tr\\\/wp-content\\\/uploads\\\/2026\\\/03\\\/1614666743370.jpg\",\"width\":800,\"height\":571,\"caption\":\"Anadolu Pet Grup\"},\"image\":{\"@id\":\"https:\\\/\\\/anadolupet.com.tr\\\/#\\\/schema\\\/logo\\\/image\\\/\"}}]}<\/script>\n<!-- \/ Yoast SEO plugin. -->","yoast_head_json":{"title":"KONG Extreme Y\u00fcz\u00fck \u015eeklinde K\u00f6pek Oyunca\u011f\u0131 Ultra Sert XL - Anadolu Pet Grup","robots":{"index":"index","follow":"follow","max-snippet":"max-snippet:-1","max-image-preview":"max-image-preview:large","max-video-preview":"max-video-preview:-1"},"canonical":"https:\/\/anadolupet.com.tr\/en\/product\/kong-extreme-yuzuk-seklinde-kopek-oyuncagi-ultra-sert-xl\/","og_locale":"en_US","og_type":"article","og_title":"KONG Extreme Y\u00fcz\u00fck \u015eeklinde K\u00f6pek Oyunca\u011f\u0131 Ultra Sert XL - Anadolu Pet Grup","og_description":"KONG\u00ae Ring, k\u00f6pe\u011finizin do\u011fal \u00e7i\u011fneme i\u00e7g\u00fcd\u00fcs\u00fcn\u00fc tatmin ederken uzun s\u00fcreli oyun ve zenginle\u015ftirme deneyimi sunar. KONG\u2019un do\u011fal kau\u00e7uk form\u00fcl\u00fc ile \u00fcretilmi\u015f bu dayan\u0131kl\u0131 halka, ekstra \u00e7\u0131k\u0131nt\u0131lar\u0131 sayesinde k\u00f6pe\u011finize keyifli bir \u00e7i\u011fneme deneyimi ya\u015fat\u0131r. Ayn\u0131 zamanda di\u015f ve di\u015f etlerinin sa\u011fl\u0131\u011f\u0131n\u0131 destekler. Uzun s\u00fcreli \u00e7i\u011fneme seanslar\u0131 i\u00e7in m\u00fckemmel bir se\u00e7imdir.","og_url":"https:\/\/anadolupet.com.tr\/en\/product\/kong-extreme-yuzuk-seklinde-kopek-oyuncagi-ultra-sert-xl\/","og_site_name":"Anadolu Pet Grup","article_modified_time":"2026-02-23T12:49:06+00:00","og_image":[{"width":750,"height":750,"url":"https:\/\/anadolupet.com.tr\/wp-content\/uploads\/2026\/02\/390-EMXE_2.jpg","type":"image\/jpeg"}],"twitter_card":"summary_large_image","schema":{"@context":"https:\/\/schema.org","@graph":[{"@type":"WebPage","@id":"https:\/\/anadolupet.com.tr\/urun\/kong-extreme-yuzuk-seklinde-kopek-oyuncagi-ultra-sert-xl\/","url":"https:\/\/anadolupet.com.tr\/urun\/kong-extreme-yuzuk-seklinde-kopek-oyuncagi-ultra-sert-xl\/","name":"KONG Extreme Y\u00fcz\u00fck \u015eeklinde K\u00f6pek Oyunca\u011f\u0131 Ultra Sert XL - Anadolu Pet Grup","isPartOf":{"@id":"https:\/\/anadolupet.com.tr\/#website"},"primaryImageOfPage":{"@id":"https:\/\/anadolupet.com.tr\/urun\/kong-extreme-yuzuk-seklinde-kopek-oyuncagi-ultra-sert-xl\/#primaryimage"},"image":{"@id":"https:\/\/anadolupet.com.tr\/urun\/kong-extreme-yuzuk-seklinde-kopek-oyuncagi-ultra-sert-xl\/#primaryimage"},"thumbnailUrl":"https:\/\/anadolupet.com.tr\/wp-content\/uploads\/2026\/02\/390-EMXE_2.jpg","datePublished":"2026-02-14T14:41:59+00:00","dateModified":"2026-02-23T12:49:06+00:00","breadcrumb":{"@id":"https:\/\/anadolupet.com.tr\/urun\/kong-extreme-yuzuk-seklinde-kopek-oyuncagi-ultra-sert-xl\/#breadcrumb"},"inLanguage":"en-US","potentialAction":[{"@type":"ReadAction","target":["https:\/\/anadolupet.com.tr\/urun\/kong-extreme-yuzuk-seklinde-kopek-oyuncagi-ultra-sert-xl\/"]}]},{"@type":"ImageObject","inLanguage":"en-US","@id":"https:\/\/anadolupet.com.tr\/urun\/kong-extreme-yuzuk-seklinde-kopek-oyuncagi-ultra-sert-xl\/#primaryimage","url":"https:\/\/anadolupet.com.tr\/wp-content\/uploads\/2026\/02\/390-EMXE_2.jpg","contentUrl":"https:\/\/anadolupet.com.tr\/wp-content\/uploads\/2026\/02\/390-EMXE_2.jpg","width":750,"height":750},{"@type":"BreadcrumbList","@id":"https:\/\/anadolupet.com.tr\/urun\/kong-extreme-yuzuk-seklinde-kopek-oyuncagi-ultra-sert-xl\/#breadcrumb","itemListElement":[{"@type":"ListItem","position":1,"name":"Anasayfa","item":"https:\/\/anadolupet.com.tr\/"},{"@type":"ListItem","position":2,"name":"\u00dcr\u00fcnler","item":"https:\/\/anadolupet.com.tr\/urunler\/"},{"@type":"ListItem","position":3,"name":"KONG Extreme Y\u00fcz\u00fck \u015eeklinde K\u00f6pek Oyunca\u011f\u0131 Ultra Sert XL"}]},{"@type":"WebSite","@id":"https:\/\/anadolupet.com.tr\/#website","url":"https:\/\/anadolupet.com.tr\/","name":"Anadolu Pet Group","description":"We Stand Together for the Well-Being of Every Life","publisher":{"@id":"https:\/\/anadolupet.com.tr\/#organization"},"potentialAction":[{"@type":"SearchAction","target":{"@type":"EntryPoint","urlTemplate":"https:\/\/anadolupet.com.tr\/?s={search_term_string}"},"query-input":{"@type":"PropertyValueSpecification","valueRequired":true,"valueName":"search_term_string"}}],"inLanguage":"en-US"},{"@type":"Organization","@id":"https:\/\/anadolupet.com.tr\/#organization","name":"Anadolu Pet Group","alternateName":"Anadolu Pet","url":"https:\/\/anadolupet.com.tr\/","logo":{"@type":"ImageObject","inLanguage":"en-US","@id":"https:\/\/anadolupet.com.tr\/#\/schema\/logo\/image\/","url":"https:\/\/anadolupet.com.tr\/wp-content\/uploads\/2026\/03\/1614666743370.jpg","contentUrl":"https:\/\/anadolupet.com.tr\/wp-content\/uploads\/2026\/03\/1614666743370.jpg","width":800,"height":571,"caption":"Anadolu Pet Grup"},"image":{"@id":"https:\/\/anadolupet.com.tr\/#\/schema\/logo\/image\/"}}]}},"_links":{"self":[{"href":"https:\/\/anadolupet.com.tr\/en\/wp-json\/wp\/v2\/product\/45587","targetHints":{"allow":["GET"]}}],"collection":[{"href":"https:\/\/anadolupet.com.tr\/en\/wp-json\/wp\/v2\/product"}],"about":[{"href":"https:\/\/anadolupet.com.tr\/en\/wp-json\/wp\/v2\/types\/product"}],"replies":[{"embeddable":true,"href":"https:\/\/anadolupet.com.tr\/en\/wp-json\/wp\/v2\/comments?post=45587"}],"wp:featuredmedia":[{"embeddable":true,"href":"https:\/\/anadolupet.com.tr\/en\/wp-json\/wp\/v2\/media\/43750"}],"wp:attachment":[{"href":"https:\/\/anadolupet.com.tr\/en\/wp-json\/wp\/v2\/media?parent=45587"}],"wp:term":[{"taxonomy":"product_brand","embeddable":true,"href":"https:\/\/anadolupet.com.tr\/en\/wp-json\/wp\/v2\/product_brand?post=45587"},{"taxonomy":"product_cat","embeddable":true,"href":"https:\/\/anadolupet.com.tr\/en\/wp-json\/wp\/v2\/product_cat?post=45587"},{"taxonomy":"product_tag","embeddable":true,"href":"https:\/\/anadolupet.com.tr\/en\/wp-json\/wp\/v2\/product_tag?post=45587"}],"curies":[{"name":"wp","href":"https:\/\/api.w.org\/{rel}","templated":true}]}}