{"id":45596,"date":"2026-02-14T14:42:00","date_gmt":"2026-02-14T14:42:00","guid":{"rendered":"https:\/\/anadolupet.com.tr\/urun\/kong-goodie-ribbon-coklu-top-seklinde-kopek-oyuncagi-m\/"},"modified":"2026-02-23T12:49:06","modified_gmt":"2026-02-23T12:49:06","slug":"kong-goodie-ribbon-coklu-top-seklinde-kopek-oyuncagi-m","status":"publish","type":"product","link":"https:\/\/anadolupet.com.tr\/en\/urun\/kong-goodie-ribbon-coklu-top-seklinde-kopek-oyuncagi-m\/","title":{"rendered":"KONG Goodie Ribbon \u00c7oklu Top \u015eeklinde K\u00f6pek Oyunca\u011f\u0131 M"},"content":{"rendered":"","protected":false},"excerpt":{"rendered":"<p>\u00c7i\u011fneme hazinesi! KONG Goodie Ribbon\u2019\u0131n d\u00f6rt b\u00f6lmesini \u00f6d\u00fcllerle doldurun; i\u00e7indeki Goodie Gripper\u2122 \u00e7\u0131k\u0131nt\u0131lar\u0131, lokmalar\u0131 \u00e7\u0131karmay\u0131 k\u00f6pekler i\u00e7in zihinsel a\u00e7\u0131dan zorlay\u0131c\u0131 bir bulmacaya d\u00f6n\u00fc\u015ft\u00fcr\u00fcr. Dayan\u0131kl\u0131 KONG Classic Rubber do\u011fal \u00e7i\u011fneme i\u00e7g\u00fcd\u00fclerini tatmin ederken k\u00f6pe\u011finizi uzun s\u00fcre oyuna ba\u011fl\u0131 tutan sa\u011flam bir \u00e7\u00f6z\u00fcm sunar. KONG Easy Treat, KONG Snacks veya k\u00f6pe\u011finizin en sevdi\u011fi mamayla doldurmak i\u00e7in idealdir.<\/p>","protected":false},"featured_media":43896,"comment_status":"open","ping_status":"closed","template":"","meta":{"_acf_changed":false},"product_brand":[],"product_cat":[3835],"product_tag":[],"class_list":{"0":"post-45596","1":"product","2":"type-product","3":"status-publish","4":"has-post-thumbnail","6":"product_cat-oyuncaklari","8":"first","9":"instock","10":"shipping-taxable","11":"product-type-simple"},"acf":[],"yoast_head":"<!-- This site is optimized with the Yoast SEO plugin v27.5 - https:\/\/yoast.com\/product\/yoast-seo-wordpress\/ -->\n<title>KONG Goodie Ribbon \u00c7oklu Top \u015eeklinde K\u00f6pek Oyunca\u011f\u0131 M - Anadolu Pet Grup<\/title>\n<meta name=\"robots\" content=\"index, follow, max-snippet:-1, max-image-preview:large, max-video-preview:-1\" \/>\n<link rel=\"canonical\" href=\"https:\/\/anadolupet.com.tr\/en\/product\/kong-goodie-ribbon-coklu-top-seklinde-kopek-oyuncagi-m\/\" \/>\n<meta property=\"og:locale\" content=\"en_US\" \/>\n<meta property=\"og:type\" content=\"article\" \/>\n<meta property=\"og:title\" content=\"KONG Goodie Ribbon \u00c7oklu Top \u015eeklinde K\u00f6pek Oyunca\u011f\u0131 M - Anadolu Pet Grup\" \/>\n<meta property=\"og:description\" content=\"\u00c7i\u011fneme hazinesi! KONG Goodie Ribbon\u2019\u0131n d\u00f6rt b\u00f6lmesini \u00f6d\u00fcllerle doldurun; i\u00e7indeki Goodie Gripper\u2122 \u00e7\u0131k\u0131nt\u0131lar\u0131, lokmalar\u0131 \u00e7\u0131karmay\u0131 k\u00f6pekler i\u00e7in zihinsel a\u00e7\u0131dan zorlay\u0131c\u0131 bir bulmacaya d\u00f6n\u00fc\u015ft\u00fcr\u00fcr. Dayan\u0131kl\u0131 KONG Classic Rubber do\u011fal \u00e7i\u011fneme i\u00e7g\u00fcd\u00fclerini tatmin ederken k\u00f6pe\u011finizi uzun s\u00fcre oyuna ba\u011fl\u0131 tutan sa\u011flam bir \u00e7\u00f6z\u00fcm sunar. KONG Easy Treat, KONG Snacks veya k\u00f6pe\u011finizin en sevdi\u011fi mamayla doldurmak i\u00e7in idealdir.\" \/>\n<meta property=\"og:url\" content=\"https:\/\/anadolupet.com.tr\/en\/product\/kong-goodie-ribbon-coklu-top-seklinde-kopek-oyuncagi-m\/\" \/>\n<meta property=\"og:site_name\" content=\"Anadolu Pet Grup\" \/>\n<meta property=\"article:modified_time\" content=\"2026-02-23T12:49:06+00:00\" \/>\n<meta property=\"og:image\" content=\"https:\/\/anadolupet.com.tr\/wp-content\/uploads\/2026\/02\/390-TGS2E.jpg\" \/>\n\t<meta property=\"og:image:width\" content=\"750\" \/>\n\t<meta property=\"og:image:height\" content=\"750\" \/>\n\t<meta property=\"og:image:type\" content=\"image\/jpeg\" \/>\n<meta name=\"twitter:card\" content=\"summary_large_image\" \/>\n<script type=\"application\/ld+json\" class=\"yoast-schema-graph\">{\"@context\":\"https:\\\/\\\/schema.org\",\"@graph\":[{\"@type\":\"WebPage\",\"@id\":\"https:\\\/\\\/anadolupet.com.tr\\\/urun\\\/kong-goodie-ribbon-coklu-top-seklinde-kopek-oyuncagi-m\\\/\",\"url\":\"https:\\\/\\\/anadolupet.com.tr\\\/urun\\\/kong-goodie-ribbon-coklu-top-seklinde-kopek-oyuncagi-m\\\/\",\"name\":\"KONG Goodie Ribbon \u00c7oklu Top \u015eeklinde K\u00f6pek Oyunca\u011f\u0131 M - Anadolu Pet Grup\",\"isPartOf\":{\"@id\":\"https:\\\/\\\/anadolupet.com.tr\\\/#website\"},\"primaryImageOfPage\":{\"@id\":\"https:\\\/\\\/anadolupet.com.tr\\\/urun\\\/kong-goodie-ribbon-coklu-top-seklinde-kopek-oyuncagi-m\\\/#primaryimage\"},\"image\":{\"@id\":\"https:\\\/\\\/anadolupet.com.tr\\\/urun\\\/kong-goodie-ribbon-coklu-top-seklinde-kopek-oyuncagi-m\\\/#primaryimage\"},\"thumbnailUrl\":\"https:\\\/\\\/anadolupet.com.tr\\\/wp-content\\\/uploads\\\/2026\\\/02\\\/390-TGS2E.jpg\",\"datePublished\":\"2026-02-14T14:42:00+00:00\",\"dateModified\":\"2026-02-23T12:49:06+00:00\",\"breadcrumb\":{\"@id\":\"https:\\\/\\\/anadolupet.com.tr\\\/urun\\\/kong-goodie-ribbon-coklu-top-seklinde-kopek-oyuncagi-m\\\/#breadcrumb\"},\"inLanguage\":\"en-US\",\"potentialAction\":[{\"@type\":\"ReadAction\",\"target\":[\"https:\\\/\\\/anadolupet.com.tr\\\/urun\\\/kong-goodie-ribbon-coklu-top-seklinde-kopek-oyuncagi-m\\\/\"]}]},{\"@type\":\"ImageObject\",\"inLanguage\":\"en-US\",\"@id\":\"https:\\\/\\\/anadolupet.com.tr\\\/urun\\\/kong-goodie-ribbon-coklu-top-seklinde-kopek-oyuncagi-m\\\/#primaryimage\",\"url\":\"https:\\\/\\\/anadolupet.com.tr\\\/wp-content\\\/uploads\\\/2026\\\/02\\\/390-TGS2E.jpg\",\"contentUrl\":\"https:\\\/\\\/anadolupet.com.tr\\\/wp-content\\\/uploads\\\/2026\\\/02\\\/390-TGS2E.jpg\",\"width\":750,\"height\":750},{\"@type\":\"BreadcrumbList\",\"@id\":\"https:\\\/\\\/anadolupet.com.tr\\\/urun\\\/kong-goodie-ribbon-coklu-top-seklinde-kopek-oyuncagi-m\\\/#breadcrumb\",\"itemListElement\":[{\"@type\":\"ListItem\",\"position\":1,\"name\":\"Anasayfa\",\"item\":\"https:\\\/\\\/anadolupet.com.tr\\\/\"},{\"@type\":\"ListItem\",\"position\":2,\"name\":\"\u00dcr\u00fcnler\",\"item\":\"https:\\\/\\\/anadolupet.com.tr\\\/urunler\\\/\"},{\"@type\":\"ListItem\",\"position\":3,\"name\":\"KONG Goodie Ribbon \u00c7oklu Top \u015eeklinde K\u00f6pek Oyunca\u011f\u0131 M\"}]},{\"@type\":\"WebSite\",\"@id\":\"https:\\\/\\\/anadolupet.com.tr\\\/#website\",\"url\":\"https:\\\/\\\/anadolupet.com.tr\\\/\",\"name\":\"Anadolu Pet Grup\",\"description\":\"Her Can\u0131n \u0130yi Ya\u015fam\u0131 \u0130\u00e7in Biraraday\u0131z\",\"publisher\":{\"@id\":\"https:\\\/\\\/anadolupet.com.tr\\\/#organization\"},\"potentialAction\":[{\"@type\":\"SearchAction\",\"target\":{\"@type\":\"EntryPoint\",\"urlTemplate\":\"https:\\\/\\\/anadolupet.com.tr\\\/?s={search_term_string}\"},\"query-input\":{\"@type\":\"PropertyValueSpecification\",\"valueRequired\":true,\"valueName\":\"search_term_string\"}}],\"inLanguage\":\"en-US\"},{\"@type\":\"Organization\",\"@id\":\"https:\\\/\\\/anadolupet.com.tr\\\/#organization\",\"name\":\"Anadolu Pet Grup\",\"alternateName\":\"Anadolu Pet\",\"url\":\"https:\\\/\\\/anadolupet.com.tr\\\/\",\"logo\":{\"@type\":\"ImageObject\",\"inLanguage\":\"en-US\",\"@id\":\"https:\\\/\\\/anadolupet.com.tr\\\/#\\\/schema\\\/logo\\\/image\\\/\",\"url\":\"https:\\\/\\\/anadolupet.com.tr\\\/wp-content\\\/uploads\\\/2026\\\/03\\\/1614666743370.jpg\",\"contentUrl\":\"https:\\\/\\\/anadolupet.com.tr\\\/wp-content\\\/uploads\\\/2026\\\/03\\\/1614666743370.jpg\",\"width\":800,\"height\":571,\"caption\":\"Anadolu Pet Grup\"},\"image\":{\"@id\":\"https:\\\/\\\/anadolupet.com.tr\\\/#\\\/schema\\\/logo\\\/image\\\/\"}}]}<\/script>\n<!-- \/ Yoast SEO plugin. -->","yoast_head_json":{"title":"KONG Goodie Ribbon \u00c7oklu Top \u015eeklinde K\u00f6pek Oyunca\u011f\u0131 M - Anadolu Pet Grup","robots":{"index":"index","follow":"follow","max-snippet":"max-snippet:-1","max-image-preview":"max-image-preview:large","max-video-preview":"max-video-preview:-1"},"canonical":"https:\/\/anadolupet.com.tr\/en\/product\/kong-goodie-ribbon-coklu-top-seklinde-kopek-oyuncagi-m\/","og_locale":"en_US","og_type":"article","og_title":"KONG Goodie Ribbon \u00c7oklu Top \u015eeklinde K\u00f6pek Oyunca\u011f\u0131 M - Anadolu Pet Grup","og_description":"\u00c7i\u011fneme hazinesi! KONG Goodie Ribbon\u2019\u0131n d\u00f6rt b\u00f6lmesini \u00f6d\u00fcllerle doldurun; i\u00e7indeki Goodie Gripper\u2122 \u00e7\u0131k\u0131nt\u0131lar\u0131, lokmalar\u0131 \u00e7\u0131karmay\u0131 k\u00f6pekler i\u00e7in zihinsel a\u00e7\u0131dan zorlay\u0131c\u0131 bir bulmacaya d\u00f6n\u00fc\u015ft\u00fcr\u00fcr. Dayan\u0131kl\u0131 KONG Classic Rubber do\u011fal \u00e7i\u011fneme i\u00e7g\u00fcd\u00fclerini tatmin ederken k\u00f6pe\u011finizi uzun s\u00fcre oyuna ba\u011fl\u0131 tutan sa\u011flam bir \u00e7\u00f6z\u00fcm sunar. KONG Easy Treat, KONG Snacks veya k\u00f6pe\u011finizin en sevdi\u011fi mamayla doldurmak i\u00e7in idealdir.","og_url":"https:\/\/anadolupet.com.tr\/en\/product\/kong-goodie-ribbon-coklu-top-seklinde-kopek-oyuncagi-m\/","og_site_name":"Anadolu Pet Grup","article_modified_time":"2026-02-23T12:49:06+00:00","og_image":[{"width":750,"height":750,"url":"https:\/\/anadolupet.com.tr\/wp-content\/uploads\/2026\/02\/390-TGS2E.jpg","type":"image\/jpeg"}],"twitter_card":"summary_large_image","schema":{"@context":"https:\/\/schema.org","@graph":[{"@type":"WebPage","@id":"https:\/\/anadolupet.com.tr\/urun\/kong-goodie-ribbon-coklu-top-seklinde-kopek-oyuncagi-m\/","url":"https:\/\/anadolupet.com.tr\/urun\/kong-goodie-ribbon-coklu-top-seklinde-kopek-oyuncagi-m\/","name":"KONG Goodie Ribbon \u00c7oklu Top \u015eeklinde K\u00f6pek Oyunca\u011f\u0131 M - Anadolu Pet Grup","isPartOf":{"@id":"https:\/\/anadolupet.com.tr\/#website"},"primaryImageOfPage":{"@id":"https:\/\/anadolupet.com.tr\/urun\/kong-goodie-ribbon-coklu-top-seklinde-kopek-oyuncagi-m\/#primaryimage"},"image":{"@id":"https:\/\/anadolupet.com.tr\/urun\/kong-goodie-ribbon-coklu-top-seklinde-kopek-oyuncagi-m\/#primaryimage"},"thumbnailUrl":"https:\/\/anadolupet.com.tr\/wp-content\/uploads\/2026\/02\/390-TGS2E.jpg","datePublished":"2026-02-14T14:42:00+00:00","dateModified":"2026-02-23T12:49:06+00:00","breadcrumb":{"@id":"https:\/\/anadolupet.com.tr\/urun\/kong-goodie-ribbon-coklu-top-seklinde-kopek-oyuncagi-m\/#breadcrumb"},"inLanguage":"en-US","potentialAction":[{"@type":"ReadAction","target":["https:\/\/anadolupet.com.tr\/urun\/kong-goodie-ribbon-coklu-top-seklinde-kopek-oyuncagi-m\/"]}]},{"@type":"ImageObject","inLanguage":"en-US","@id":"https:\/\/anadolupet.com.tr\/urun\/kong-goodie-ribbon-coklu-top-seklinde-kopek-oyuncagi-m\/#primaryimage","url":"https:\/\/anadolupet.com.tr\/wp-content\/uploads\/2026\/02\/390-TGS2E.jpg","contentUrl":"https:\/\/anadolupet.com.tr\/wp-content\/uploads\/2026\/02\/390-TGS2E.jpg","width":750,"height":750},{"@type":"BreadcrumbList","@id":"https:\/\/anadolupet.com.tr\/urun\/kong-goodie-ribbon-coklu-top-seklinde-kopek-oyuncagi-m\/#breadcrumb","itemListElement":[{"@type":"ListItem","position":1,"name":"Anasayfa","item":"https:\/\/anadolupet.com.tr\/"},{"@type":"ListItem","position":2,"name":"\u00dcr\u00fcnler","item":"https:\/\/anadolupet.com.tr\/urunler\/"},{"@type":"ListItem","position":3,"name":"KONG Goodie Ribbon \u00c7oklu Top \u015eeklinde K\u00f6pek Oyunca\u011f\u0131 M"}]},{"@type":"WebSite","@id":"https:\/\/anadolupet.com.tr\/#website","url":"https:\/\/anadolupet.com.tr\/","name":"Anadolu Pet Group","description":"We Stand Together for the Well-Being of Every Life","publisher":{"@id":"https:\/\/anadolupet.com.tr\/#organization"},"potentialAction":[{"@type":"SearchAction","target":{"@type":"EntryPoint","urlTemplate":"https:\/\/anadolupet.com.tr\/?s={search_term_string}"},"query-input":{"@type":"PropertyValueSpecification","valueRequired":true,"valueName":"search_term_string"}}],"inLanguage":"en-US"},{"@type":"Organization","@id":"https:\/\/anadolupet.com.tr\/#organization","name":"Anadolu Pet Group","alternateName":"Anadolu Pet","url":"https:\/\/anadolupet.com.tr\/","logo":{"@type":"ImageObject","inLanguage":"en-US","@id":"https:\/\/anadolupet.com.tr\/#\/schema\/logo\/image\/","url":"https:\/\/anadolupet.com.tr\/wp-content\/uploads\/2026\/03\/1614666743370.jpg","contentUrl":"https:\/\/anadolupet.com.tr\/wp-content\/uploads\/2026\/03\/1614666743370.jpg","width":800,"height":571,"caption":"Anadolu Pet Grup"},"image":{"@id":"https:\/\/anadolupet.com.tr\/#\/schema\/logo\/image\/"}}]}},"_links":{"self":[{"href":"https:\/\/anadolupet.com.tr\/en\/wp-json\/wp\/v2\/product\/45596","targetHints":{"allow":["GET"]}}],"collection":[{"href":"https:\/\/anadolupet.com.tr\/en\/wp-json\/wp\/v2\/product"}],"about":[{"href":"https:\/\/anadolupet.com.tr\/en\/wp-json\/wp\/v2\/types\/product"}],"replies":[{"embeddable":true,"href":"https:\/\/anadolupet.com.tr\/en\/wp-json\/wp\/v2\/comments?post=45596"}],"wp:featuredmedia":[{"embeddable":true,"href":"https:\/\/anadolupet.com.tr\/en\/wp-json\/wp\/v2\/media\/43896"}],"wp:attachment":[{"href":"https:\/\/anadolupet.com.tr\/en\/wp-json\/wp\/v2\/media?parent=45596"}],"wp:term":[{"taxonomy":"product_brand","embeddable":true,"href":"https:\/\/anadolupet.com.tr\/en\/wp-json\/wp\/v2\/product_brand?post=45596"},{"taxonomy":"product_cat","embeddable":true,"href":"https:\/\/anadolupet.com.tr\/en\/wp-json\/wp\/v2\/product_cat?post=45596"},{"taxonomy":"product_tag","embeddable":true,"href":"https:\/\/anadolupet.com.tr\/en\/wp-json\/wp\/v2\/product_tag?post=45596"}],"curies":[{"name":"wp","href":"https:\/\/api.w.org\/{rel}","templated":true}]}}