{"id":45604,"date":"2026-02-14T14:42:01","date_gmt":"2026-02-14T14:42:01","guid":{"rendered":"https:\/\/anadolupet.com.tr\/urun\/kong-jumpn-jack-kopekler-icin-cok-amacli-isirma-oyuncagi-l\/"},"modified":"2026-02-23T12:49:07","modified_gmt":"2026-02-23T12:49:07","slug":"kong-jumpn-jack-kopekler-icin-cok-amacli-isirma-oyuncagi-l","status":"publish","type":"product","link":"https:\/\/anadolupet.com.tr\/en\/urun\/kong-jumpn-jack-kopekler-icin-cok-amacli-isirma-oyuncagi-l\/","title":{"rendered":"KONG Jump&#8217;N Jack K\u00f6pekler i\u00e7in \u00c7ok Ama\u00e7l\u0131 Is\u0131rma Oyunca\u011f\u0131 L"},"content":{"rendered":"","protected":false},"excerpt":{"rendered":"<p>K\u00f6pe\u011finiz \u00e7i\u011fneme seanslar\u0131nda en iyisini hak ediyor! KONG\u00ae Jump&#8217;N Jack, benzersiz tasar\u0131m\u0131 ve e\u011flenceli z\u0131plama hareketiyle k\u00f6pe\u011finizin vazge\u00e7ilmez oyunca\u011f\u0131 olacak. Patentli Denta-Ridges\u2122 yap\u0131s\u0131, plak olu\u015fumunu azaltmaya yard\u0131mc\u0131 olurken di\u015f ve di\u015f etlerini nazik\u00e7e temizler ve bak\u0131m sa\u011flar. Bu oluklar\u0131 \u00f6d\u00fcl mamalar\u0131, macun veya f\u0131st\u0131k ezmesi ile doldurarak oyun s\u00fcresini uzatabilir ve k\u00f6pe\u011finizin \u00e7i\u011fneme i\u00e7g\u00fcd\u00fcs\u00fcn\u00fc tatmin edebilirsiniz. Dayan\u0131kl\u0131 yap\u0131s\u0131 en g\u00fc\u00e7l\u00fc \u00e7i\u011fneyicilere bile kar\u015f\u0131 koyar.<\/p>","protected":false},"featured_media":43772,"comment_status":"open","ping_status":"closed","template":"","meta":{"_acf_changed":false},"product_brand":[],"product_cat":[3835],"product_tag":[],"class_list":{"0":"post-45604","1":"product","2":"type-product","3":"status-publish","4":"has-post-thumbnail","6":"product_cat-oyuncaklari","8":"first","9":"instock","10":"shipping-taxable","11":"product-type-simple"},"acf":[],"yoast_head":"<!-- This site is optimized with the Yoast SEO plugin v27.5 - https:\/\/yoast.com\/product\/yoast-seo-wordpress\/ -->\n<title>KONG Jump&#039;N Jack K\u00f6pekler i\u00e7in \u00c7ok Ama\u00e7l\u0131 Is\u0131rma Oyunca\u011f\u0131 L - Anadolu Pet Grup<\/title>\n<meta name=\"robots\" content=\"index, follow, max-snippet:-1, max-image-preview:large, max-video-preview:-1\" \/>\n<link rel=\"canonical\" href=\"https:\/\/anadolupet.com.tr\/en\/product\/kong-jumpn-jack-kopekler-icin-cok-amacli-isirma-oyuncagi-l\/\" \/>\n<meta property=\"og:locale\" content=\"en_US\" \/>\n<meta property=\"og:type\" content=\"article\" \/>\n<meta property=\"og:title\" content=\"KONG Jump&#039;N Jack K\u00f6pekler i\u00e7in \u00c7ok Ama\u00e7l\u0131 Is\u0131rma Oyunca\u011f\u0131 L - Anadolu Pet Grup\" \/>\n<meta property=\"og:description\" content=\"K\u00f6pe\u011finiz \u00e7i\u011fneme seanslar\u0131nda en iyisini hak ediyor! KONG\u00ae Jump&#039;N Jack, benzersiz tasar\u0131m\u0131 ve e\u011flenceli z\u0131plama hareketiyle k\u00f6pe\u011finizin vazge\u00e7ilmez oyunca\u011f\u0131 olacak. Patentli Denta-Ridges\u2122 yap\u0131s\u0131, plak olu\u015fumunu azaltmaya yard\u0131mc\u0131 olurken di\u015f ve di\u015f etlerini nazik\u00e7e temizler ve bak\u0131m sa\u011flar. Bu oluklar\u0131 \u00f6d\u00fcl mamalar\u0131, macun veya f\u0131st\u0131k ezmesi ile doldurarak oyun s\u00fcresini uzatabilir ve k\u00f6pe\u011finizin \u00e7i\u011fneme i\u00e7g\u00fcd\u00fcs\u00fcn\u00fc tatmin edebilirsiniz. Dayan\u0131kl\u0131 yap\u0131s\u0131 en g\u00fc\u00e7l\u00fc \u00e7i\u011fneyicilere bile kar\u015f\u0131 koyar.\" \/>\n<meta property=\"og:url\" content=\"https:\/\/anadolupet.com.tr\/en\/product\/kong-jumpn-jack-kopekler-icin-cok-amacli-isirma-oyuncagi-l\/\" \/>\n<meta property=\"og:site_name\" content=\"Anadolu Pet Grup\" \/>\n<meta property=\"article:modified_time\" content=\"2026-02-23T12:49:07+00:00\" \/>\n<meta property=\"og:image\" content=\"https:\/\/anadolupet.com.tr\/wp-content\/uploads\/2026\/02\/390-KJ1E.jpg\" \/>\n\t<meta property=\"og:image:width\" content=\"750\" \/>\n\t<meta property=\"og:image:height\" content=\"750\" \/>\n\t<meta property=\"og:image:type\" content=\"image\/jpeg\" \/>\n<meta name=\"twitter:card\" content=\"summary_large_image\" \/>\n<script type=\"application\/ld+json\" class=\"yoast-schema-graph\">{\"@context\":\"https:\\\/\\\/schema.org\",\"@graph\":[{\"@type\":\"WebPage\",\"@id\":\"https:\\\/\\\/anadolupet.com.tr\\\/urun\\\/kong-jumpn-jack-kopekler-icin-cok-amacli-isirma-oyuncagi-l\\\/\",\"url\":\"https:\\\/\\\/anadolupet.com.tr\\\/urun\\\/kong-jumpn-jack-kopekler-icin-cok-amacli-isirma-oyuncagi-l\\\/\",\"name\":\"KONG Jump'N Jack K\u00f6pekler i\u00e7in \u00c7ok Ama\u00e7l\u0131 Is\u0131rma Oyunca\u011f\u0131 L - Anadolu Pet Grup\",\"isPartOf\":{\"@id\":\"https:\\\/\\\/anadolupet.com.tr\\\/#website\"},\"primaryImageOfPage\":{\"@id\":\"https:\\\/\\\/anadolupet.com.tr\\\/urun\\\/kong-jumpn-jack-kopekler-icin-cok-amacli-isirma-oyuncagi-l\\\/#primaryimage\"},\"image\":{\"@id\":\"https:\\\/\\\/anadolupet.com.tr\\\/urun\\\/kong-jumpn-jack-kopekler-icin-cok-amacli-isirma-oyuncagi-l\\\/#primaryimage\"},\"thumbnailUrl\":\"https:\\\/\\\/anadolupet.com.tr\\\/wp-content\\\/uploads\\\/2026\\\/02\\\/390-KJ1E.jpg\",\"datePublished\":\"2026-02-14T14:42:01+00:00\",\"dateModified\":\"2026-02-23T12:49:07+00:00\",\"breadcrumb\":{\"@id\":\"https:\\\/\\\/anadolupet.com.tr\\\/urun\\\/kong-jumpn-jack-kopekler-icin-cok-amacli-isirma-oyuncagi-l\\\/#breadcrumb\"},\"inLanguage\":\"en-US\",\"potentialAction\":[{\"@type\":\"ReadAction\",\"target\":[\"https:\\\/\\\/anadolupet.com.tr\\\/urun\\\/kong-jumpn-jack-kopekler-icin-cok-amacli-isirma-oyuncagi-l\\\/\"]}]},{\"@type\":\"ImageObject\",\"inLanguage\":\"en-US\",\"@id\":\"https:\\\/\\\/anadolupet.com.tr\\\/urun\\\/kong-jumpn-jack-kopekler-icin-cok-amacli-isirma-oyuncagi-l\\\/#primaryimage\",\"url\":\"https:\\\/\\\/anadolupet.com.tr\\\/wp-content\\\/uploads\\\/2026\\\/02\\\/390-KJ1E.jpg\",\"contentUrl\":\"https:\\\/\\\/anadolupet.com.tr\\\/wp-content\\\/uploads\\\/2026\\\/02\\\/390-KJ1E.jpg\",\"width\":750,\"height\":750},{\"@type\":\"BreadcrumbList\",\"@id\":\"https:\\\/\\\/anadolupet.com.tr\\\/urun\\\/kong-jumpn-jack-kopekler-icin-cok-amacli-isirma-oyuncagi-l\\\/#breadcrumb\",\"itemListElement\":[{\"@type\":\"ListItem\",\"position\":1,\"name\":\"Anasayfa\",\"item\":\"https:\\\/\\\/anadolupet.com.tr\\\/\"},{\"@type\":\"ListItem\",\"position\":2,\"name\":\"\u00dcr\u00fcnler\",\"item\":\"https:\\\/\\\/anadolupet.com.tr\\\/urunler\\\/\"},{\"@type\":\"ListItem\",\"position\":3,\"name\":\"KONG Jump&#8217;N Jack K\u00f6pekler i\u00e7in \u00c7ok Ama\u00e7l\u0131 Is\u0131rma Oyunca\u011f\u0131 L\"}]},{\"@type\":\"WebSite\",\"@id\":\"https:\\\/\\\/anadolupet.com.tr\\\/#website\",\"url\":\"https:\\\/\\\/anadolupet.com.tr\\\/\",\"name\":\"Anadolu Pet Grup\",\"description\":\"Her Can\u0131n \u0130yi Ya\u015fam\u0131 \u0130\u00e7in Biraraday\u0131z\",\"publisher\":{\"@id\":\"https:\\\/\\\/anadolupet.com.tr\\\/#organization\"},\"potentialAction\":[{\"@type\":\"SearchAction\",\"target\":{\"@type\":\"EntryPoint\",\"urlTemplate\":\"https:\\\/\\\/anadolupet.com.tr\\\/?s={search_term_string}\"},\"query-input\":{\"@type\":\"PropertyValueSpecification\",\"valueRequired\":true,\"valueName\":\"search_term_string\"}}],\"inLanguage\":\"en-US\"},{\"@type\":\"Organization\",\"@id\":\"https:\\\/\\\/anadolupet.com.tr\\\/#organization\",\"name\":\"Anadolu Pet Grup\",\"alternateName\":\"Anadolu Pet\",\"url\":\"https:\\\/\\\/anadolupet.com.tr\\\/\",\"logo\":{\"@type\":\"ImageObject\",\"inLanguage\":\"en-US\",\"@id\":\"https:\\\/\\\/anadolupet.com.tr\\\/#\\\/schema\\\/logo\\\/image\\\/\",\"url\":\"https:\\\/\\\/anadolupet.com.tr\\\/wp-content\\\/uploads\\\/2026\\\/03\\\/1614666743370.jpg\",\"contentUrl\":\"https:\\\/\\\/anadolupet.com.tr\\\/wp-content\\\/uploads\\\/2026\\\/03\\\/1614666743370.jpg\",\"width\":800,\"height\":571,\"caption\":\"Anadolu Pet Grup\"},\"image\":{\"@id\":\"https:\\\/\\\/anadolupet.com.tr\\\/#\\\/schema\\\/logo\\\/image\\\/\"}}]}<\/script>\n<!-- \/ Yoast SEO plugin. -->","yoast_head_json":{"title":"KONG Jump'N Jack K\u00f6pekler i\u00e7in \u00c7ok Ama\u00e7l\u0131 Is\u0131rma Oyunca\u011f\u0131 L - Anadolu Pet Grup","robots":{"index":"index","follow":"follow","max-snippet":"max-snippet:-1","max-image-preview":"max-image-preview:large","max-video-preview":"max-video-preview:-1"},"canonical":"https:\/\/anadolupet.com.tr\/en\/product\/kong-jumpn-jack-kopekler-icin-cok-amacli-isirma-oyuncagi-l\/","og_locale":"en_US","og_type":"article","og_title":"KONG Jump'N Jack K\u00f6pekler i\u00e7in \u00c7ok Ama\u00e7l\u0131 Is\u0131rma Oyunca\u011f\u0131 L - Anadolu Pet Grup","og_description":"K\u00f6pe\u011finiz \u00e7i\u011fneme seanslar\u0131nda en iyisini hak ediyor! KONG\u00ae Jump'N Jack, benzersiz tasar\u0131m\u0131 ve e\u011flenceli z\u0131plama hareketiyle k\u00f6pe\u011finizin vazge\u00e7ilmez oyunca\u011f\u0131 olacak. Patentli Denta-Ridges\u2122 yap\u0131s\u0131, plak olu\u015fumunu azaltmaya yard\u0131mc\u0131 olurken di\u015f ve di\u015f etlerini nazik\u00e7e temizler ve bak\u0131m sa\u011flar. Bu oluklar\u0131 \u00f6d\u00fcl mamalar\u0131, macun veya f\u0131st\u0131k ezmesi ile doldurarak oyun s\u00fcresini uzatabilir ve k\u00f6pe\u011finizin \u00e7i\u011fneme i\u00e7g\u00fcd\u00fcs\u00fcn\u00fc tatmin edebilirsiniz. Dayan\u0131kl\u0131 yap\u0131s\u0131 en g\u00fc\u00e7l\u00fc \u00e7i\u011fneyicilere bile kar\u015f\u0131 koyar.","og_url":"https:\/\/anadolupet.com.tr\/en\/product\/kong-jumpn-jack-kopekler-icin-cok-amacli-isirma-oyuncagi-l\/","og_site_name":"Anadolu Pet Grup","article_modified_time":"2026-02-23T12:49:07+00:00","og_image":[{"width":750,"height":750,"url":"https:\/\/anadolupet.com.tr\/wp-content\/uploads\/2026\/02\/390-KJ1E.jpg","type":"image\/jpeg"}],"twitter_card":"summary_large_image","schema":{"@context":"https:\/\/schema.org","@graph":[{"@type":"WebPage","@id":"https:\/\/anadolupet.com.tr\/urun\/kong-jumpn-jack-kopekler-icin-cok-amacli-isirma-oyuncagi-l\/","url":"https:\/\/anadolupet.com.tr\/urun\/kong-jumpn-jack-kopekler-icin-cok-amacli-isirma-oyuncagi-l\/","name":"KONG Jump'N Jack K\u00f6pekler i\u00e7in \u00c7ok Ama\u00e7l\u0131 Is\u0131rma Oyunca\u011f\u0131 L - Anadolu Pet Grup","isPartOf":{"@id":"https:\/\/anadolupet.com.tr\/#website"},"primaryImageOfPage":{"@id":"https:\/\/anadolupet.com.tr\/urun\/kong-jumpn-jack-kopekler-icin-cok-amacli-isirma-oyuncagi-l\/#primaryimage"},"image":{"@id":"https:\/\/anadolupet.com.tr\/urun\/kong-jumpn-jack-kopekler-icin-cok-amacli-isirma-oyuncagi-l\/#primaryimage"},"thumbnailUrl":"https:\/\/anadolupet.com.tr\/wp-content\/uploads\/2026\/02\/390-KJ1E.jpg","datePublished":"2026-02-14T14:42:01+00:00","dateModified":"2026-02-23T12:49:07+00:00","breadcrumb":{"@id":"https:\/\/anadolupet.com.tr\/urun\/kong-jumpn-jack-kopekler-icin-cok-amacli-isirma-oyuncagi-l\/#breadcrumb"},"inLanguage":"en-US","potentialAction":[{"@type":"ReadAction","target":["https:\/\/anadolupet.com.tr\/urun\/kong-jumpn-jack-kopekler-icin-cok-amacli-isirma-oyuncagi-l\/"]}]},{"@type":"ImageObject","inLanguage":"en-US","@id":"https:\/\/anadolupet.com.tr\/urun\/kong-jumpn-jack-kopekler-icin-cok-amacli-isirma-oyuncagi-l\/#primaryimage","url":"https:\/\/anadolupet.com.tr\/wp-content\/uploads\/2026\/02\/390-KJ1E.jpg","contentUrl":"https:\/\/anadolupet.com.tr\/wp-content\/uploads\/2026\/02\/390-KJ1E.jpg","width":750,"height":750},{"@type":"BreadcrumbList","@id":"https:\/\/anadolupet.com.tr\/urun\/kong-jumpn-jack-kopekler-icin-cok-amacli-isirma-oyuncagi-l\/#breadcrumb","itemListElement":[{"@type":"ListItem","position":1,"name":"Anasayfa","item":"https:\/\/anadolupet.com.tr\/"},{"@type":"ListItem","position":2,"name":"\u00dcr\u00fcnler","item":"https:\/\/anadolupet.com.tr\/urunler\/"},{"@type":"ListItem","position":3,"name":"KONG Jump&#8217;N Jack K\u00f6pekler i\u00e7in \u00c7ok Ama\u00e7l\u0131 Is\u0131rma Oyunca\u011f\u0131 L"}]},{"@type":"WebSite","@id":"https:\/\/anadolupet.com.tr\/#website","url":"https:\/\/anadolupet.com.tr\/","name":"Anadolu Pet Group","description":"We Stand Together for the Well-Being of Every Life","publisher":{"@id":"https:\/\/anadolupet.com.tr\/#organization"},"potentialAction":[{"@type":"SearchAction","target":{"@type":"EntryPoint","urlTemplate":"https:\/\/anadolupet.com.tr\/?s={search_term_string}"},"query-input":{"@type":"PropertyValueSpecification","valueRequired":true,"valueName":"search_term_string"}}],"inLanguage":"en-US"},{"@type":"Organization","@id":"https:\/\/anadolupet.com.tr\/#organization","name":"Anadolu Pet Group","alternateName":"Anadolu Pet","url":"https:\/\/anadolupet.com.tr\/","logo":{"@type":"ImageObject","inLanguage":"en-US","@id":"https:\/\/anadolupet.com.tr\/#\/schema\/logo\/image\/","url":"https:\/\/anadolupet.com.tr\/wp-content\/uploads\/2026\/03\/1614666743370.jpg","contentUrl":"https:\/\/anadolupet.com.tr\/wp-content\/uploads\/2026\/03\/1614666743370.jpg","width":800,"height":571,"caption":"Anadolu Pet Grup"},"image":{"@id":"https:\/\/anadolupet.com.tr\/#\/schema\/logo\/image\/"}}]}},"_links":{"self":[{"href":"https:\/\/anadolupet.com.tr\/en\/wp-json\/wp\/v2\/product\/45604","targetHints":{"allow":["GET"]}}],"collection":[{"href":"https:\/\/anadolupet.com.tr\/en\/wp-json\/wp\/v2\/product"}],"about":[{"href":"https:\/\/anadolupet.com.tr\/en\/wp-json\/wp\/v2\/types\/product"}],"replies":[{"embeddable":true,"href":"https:\/\/anadolupet.com.tr\/en\/wp-json\/wp\/v2\/comments?post=45604"}],"wp:featuredmedia":[{"embeddable":true,"href":"https:\/\/anadolupet.com.tr\/en\/wp-json\/wp\/v2\/media\/43772"}],"wp:attachment":[{"href":"https:\/\/anadolupet.com.tr\/en\/wp-json\/wp\/v2\/media?parent=45604"}],"wp:term":[{"taxonomy":"product_brand","embeddable":true,"href":"https:\/\/anadolupet.com.tr\/en\/wp-json\/wp\/v2\/product_brand?post=45604"},{"taxonomy":"product_cat","embeddable":true,"href":"https:\/\/anadolupet.com.tr\/en\/wp-json\/wp\/v2\/product_cat?post=45604"},{"taxonomy":"product_tag","embeddable":true,"href":"https:\/\/anadolupet.com.tr\/en\/wp-json\/wp\/v2\/product_tag?post=45604"}],"curies":[{"name":"wp","href":"https:\/\/api.w.org\/{rel}","templated":true}]}}